{"id":14575,"date":"2026-01-05T16:41:31","date_gmt":"2026-01-05T14:41:31","guid":{"rendered":"https:\/\/mekulo.com\/se\/produkt\/medicinmatare-for-sallskapsdjur-8-st\/"},"modified":"2026-01-05T23:34:19","modified_gmt":"2026-01-05T21:34:19","slug":"medicinmatare-for-sallskapsdjur-8-st","status":"publish","type":"product","link":"https:\/\/mekulo.com\/se\/produkt\/medicinmatare-for-sallskapsdjur-8-st\/","title":{"rendered":"Medicinmatare f\u00f6r s\u00e4llskapsdjur (8 st)"},"content":{"rendered":"<p style=\"text-align: center;\" data-start=\"0\" data-end=\"61\"><strong data-start=\"0\" data-end=\"61\">Ge ditt husdjur medicin p\u00e5 ett s\u00e4kert och stressfritt s\u00e4tt p\u00e5 n\u00e5gra sekunder.<\/strong><span style=\"font-size: 16px; font-style: normal; font-weight: 400;\">\ud83d\udc3e\u00a0<\/span><img fetchpriority=\"high\" decoding=\"async\" class=\" wp-image-46724 aligncenter\" src=\"https:\/\/keluvo.com\/template\/wp-content\/uploads\/sites\/5\/2025\/12\/210d28ebba83ca071e00149939f69e9975cbc1e7.webp\" alt=\"\" width=\"500\" height=\"500\" \/><\/p>\n<h2 style=\"text-align: center;\" data-start=\"578\" data-end=\"597\">\u2b50 Huvudf\u00f6rdelar<\/h2>\n<p data-start=\"600\" data-end=\"656\">\ud83d\udc8a Noggrann leverans av piller &#8211; Inget spottande eller kv\u00e4vning.<\/p>\n<p data-start=\"659\" data-end=\"716\">\ud83e\uddfc Silikonspets av livsmedelskvalitet &#8211; Mjuk, s\u00e4ker och skonsam.<\/p>\n<p data-start=\"719\" data-end=\"771\">\ud83d\udc36 F\u00f6r hundar och katter &#8211; L\u00e4mplig f\u00f6r sm\u00e5 husdjur.<\/p>\n<p data-start=\"774\" data-end=\"829\">\u270b Enhandsanv\u00e4ndning &#8211; Enkel kolv med finger\u00f6glor.<\/p>\n<p data-start=\"832\" data-end=\"883\">\ud83c\udf92 B\u00e4rbar storlek &#8211; Perfekt f\u00f6r hemmet eller resan.<\/p>\n<p data-start=\"832\" data-end=\"883\"><img decoding=\"async\" class=\" wp-image-46723 aligncenter\" src=\"https:\/\/keluvo.com\/template\/wp-content\/uploads\/sites\/5\/2025\/12\/b57b975998097e831226be8619107f0eb54d8a3a.webp\" alt=\"\" width=\"500\" height=\"500\" \/><\/p>\n<h2 style=\"text-align: center;\" data-start=\"890\" data-end=\"907\">\ud83d\udd27 Hur man anv\u00e4nder<\/h2>\n<p data-start=\"908\" data-end=\"934\"><strong data-start=\"908\" data-end=\"934\">F\u00f6r piller eller kapslar:<\/strong><\/p>\n<ol data-start=\"935\" data-end=\"1104\">\n<li data-start=\"935\" data-end=\"985\">\n<p data-start=\"938\" data-end=\"985\">Dra en liten m\u00e4ngd vatten i mataren.<\/p>\n<\/li>\n<li data-start=\"986\" data-end=\"1019\">\n<p data-start=\"989\" data-end=\"1019\">Placera pillret i spetsen.<\/p>\n<\/li>\n<li data-start=\"1020\" data-end=\"1054\">\n<p data-start=\"1023\" data-end=\"1054\">\u00d6ppna f\u00f6rsiktigt ditt husdjurs mun.<\/p>\n<\/li>\n<li data-start=\"1055\" data-end=\"1104\">\n<p data-start=\"1058\" data-end=\"1104\">Sikta mot halsen och tryck p\u00e5 kolven.<\/p>\n<\/li>\n<\/ol>\n<p data-start=\"1106\" data-end=\"1130\"><strong data-start=\"1106\" data-end=\"1130\">F\u00f6r flytande medicin:<\/strong><\/p>\n<ol data-start=\"1131\" data-end=\"1267\">\n<li data-start=\"1131\" data-end=\"1173\">\n<p data-start=\"1134\" data-end=\"1173\">Fyll mataren med flytande medicin.<\/p>\n<\/li>\n<li data-start=\"1174\" data-end=\"1217\">\n<p data-start=\"1177\" data-end=\"1217\">\u00d6ppna ditt husdjurs mun och h\u00e5ll f\u00f6rsiktigt.<\/p>\n<\/li>\n<li data-start=\"1218\" data-end=\"1267\">\n<p data-start=\"1221\" data-end=\"1267\">Sikta mot halsen och tryck p\u00e5 kolven.<\/p>\n<\/li>\n<\/ol>\n<h2 style=\"text-align: center;\" data-start=\"1274\" data-end=\"1296\">\ud83d\udccf Produktdetaljer<\/h2>\n<ul data-start=\"1297\" data-end=\"1537\">\n<li data-start=\"1335\" data-end=\"1378\">\n<p data-start=\"1337\" data-end=\"1378\">Material: Plast + silikon av livsmedelskvalitet<\/p>\n<\/li>\n<li data-start=\"1379\" data-end=\"1419\">\n<p data-start=\"1381\" data-end=\"1419\">Storlek: 15 cm x 6 cm<\/p>\n<\/li>\n<li data-start=\"1449\" data-end=\"1480\">\n<p data-start=\"1451\" data-end=\"1480\">L\u00e4mplig f\u00f6r: Hundar och katter<\/p>\n<\/li>\n<li data-start=\"1481\" data-end=\"1537\">\n<p data-start=\"1483\" data-end=\"1537\">Anv\u00e4ndningsomr\u00e5den: Piller, kapslar, pulver, v\u00e4tskor, vatten, mj\u00f6lk<\/p>\n<\/li>\n<\/ul>\n<h2 style=\"text-align: center;\" data-start=\"1544\" data-end=\"1567\">\ud83d\udce6 F\u00f6rpackningen inneh\u00e5ller<\/h2>\n<ul data-start=\"1568\" data-end=\"1593\" data-is-last-node=\"\" data-is-only-node=\"\">\n<li data-start=\"1568\" data-end=\"1593\" data-is-last-node=\"\">\n<p data-start=\"1570\" data-end=\"1593\" data-is-last-node=\"\">8x medicinmatare f\u00f6r husdjur.<\/p>\n<\/li>\n<\/ul>\n","protected":false},"excerpt":{"rendered":"<p style=\"text-align: left;\" data-start=\"63\" data-end=\"297\">Med denna medicinmatare f\u00f6r husdjur kan du snabbt ge piller eller flytande medicin utan att skada ditt husdjur eller riskera fingerbitar. Den mjuka silikonspetsen och den enkla kolvdesignen g\u00f6r det lugnt, s\u00e4kert och enkelt f\u00f6r b\u00e5de husdjur och \u00e4gare att ge medicin. Den h\u00e4r mataren placerar medicinen direkt d\u00e4r den ska, s\u00e5 att ditt husdjur inte kan spotta ut den. Den fungerar f\u00f6r hundar och katter och st\u00f6der piller, kapslar, pulver och v\u00e4tskor, vilket g\u00f6r den till ett m\u00e5ste f\u00f6r alla husdjurs\u00e4gare.<\/p>\n<p data-start=\"63\" data-end=\"297\">\n","protected":false},"featured_media":14571,"comment_status":"open","ping_status":"closed","template":"","meta":{"site-sidebar-layout":"default","site-content-layout":"","ast-site-content-layout":"default","site-content-style":"default","site-sidebar-style":"default","ast-global-header-display":"","ast-banner-title-visibility":"","ast-main-header-display":"","ast-hfb-above-header-display":"","ast-hfb-below-header-display":"","ast-hfb-mobile-header-display":"","site-post-title":"","ast-breadcrumbs-content":"","ast-featured-img":"","footer-sml-layout":"","theme-transparent-header-meta":"default","adv-header-id-meta":"","stick-header-meta":"","header-above-stick-meta":"","header-main-stick-meta":"","header-below-stick-meta":"","astra-migrate-meta-layouts":"set","ast-page-background-enabled":"default","ast-page-background-meta":{"desktop":{"background-color":"var(--ast-global-color-5)","background-image":"","background-repeat":"repeat","background-position":"center center","background-size":"auto","background-attachment":"scroll","background-type":"","background-media":"","overlay-type":"","overlay-color":"","overlay-opacity":"","overlay-gradient":""},"tablet":{"background-color":"","background-image":"","background-repeat":"repeat","background-position":"center center","background-size":"auto","background-attachment":"scroll","background-type":"","background-media":"","overlay-type":"","overlay-color":"","overlay-opacity":"","overlay-gradient":""},"mobile":{"background-color":"","background-image":"","background-repeat":"repeat","background-position":"center center","background-size":"auto","background-attachment":"scroll","background-type":"","background-media":"","overlay-type":"","overlay-color":"","overlay-opacity":"","overlay-gradient":""}},"ast-content-background-meta":{"desktop":{"background-color":"var(--ast-global-color-4)","background-image":"","background-repeat":"repeat","background-position":"center center","background-size":"auto","background-attachment":"scroll","background-type":"","background-media":"","overlay-type":"","overlay-color":"","overlay-opacity":"","overlay-gradient":""},"tablet":{"background-color":"var(--ast-global-color-4)","background-image":"","background-repeat":"repeat","background-position":"center center","background-size":"auto","background-attachment":"scroll","background-type":"","background-media":"","overlay-type":"","overlay-color":"","overlay-opacity":"","overlay-gradient":""},"mobile":{"background-color":"var(--ast-global-color-4)","background-image":"","background-repeat":"repeat","background-position":"center center","background-size":"auto","background-attachment":"scroll","background-type":"","background-media":"","overlay-type":"","overlay-color":"","overlay-opacity":"","overlay-gradient":""}}},"product_brand":[],"product_cat":[169],"product_tag":[],"class_list":{"0":"post-14575","1":"product","2":"type-product","3":"status-publish","4":"has-post-thumbnail","6":"product_cat-husdjursprodukter","7":"pa_62146_0p4jbkl4-bla","8":"pa_62146_0p4jbkl4-gron","9":"pa_62146_0p4jbkl4-rod","10":"desktop-align-left","11":"tablet-align-left","12":"mobile-align-left","14":"first","15":"instock","16":"shipping-taxable","17":"purchasable","18":"product-type-variable"},"yoast_head":"<!-- This site is optimized with the Yoast SEO plugin v26.6 - https:\/\/yoast.com\/wordpress\/plugins\/seo\/ -->\n<title>Medicinmatare f\u00f6r s\u00e4llskapsdjur (8 st) - Mekulo SE<\/title>\n<meta name=\"robots\" content=\"index, follow, max-snippet:-1, max-image-preview:large, max-video-preview:-1\" \/>\n<link rel=\"canonical\" href=\"https:\/\/mekulo.com\/se\/produkt\/medicinmatare-for-sallskapsdjur-8-st\/\" \/>\n<meta property=\"og:locale\" content=\"sv_SE\" \/>\n<meta property=\"og:type\" content=\"article\" \/>\n<meta property=\"og:title\" content=\"Medicinmatare f\u00f6r s\u00e4llskapsdjur (8 st) - Mekulo SE\" \/>\n<meta property=\"og:description\" content=\"Med denna medicinmatare f\u00f6r husdjur kan du snabbt ge piller eller flytande medicin utan att skada ditt husdjur eller riskera fingerbitar. Den mjuka silikonspetsen och den enkla kolvdesignen g\u00f6r det lugnt, s\u00e4kert och enkelt f\u00f6r b\u00e5de husdjur och \u00e4gare att ge medicin. Den h\u00e4r mataren placerar medicinen direkt d\u00e4r den ska, s\u00e5 att ditt husdjur inte kan spotta ut den. Den fungerar f\u00f6r hundar och katter och st\u00f6der piller, kapslar, pulver och v\u00e4tskor, vilket g\u00f6r den till ett m\u00e5ste f\u00f6r alla husdjurs\u00e4gare.\" \/>\n<meta property=\"og:url\" content=\"https:\/\/mekulo.com\/se\/produkt\/medicinmatare-for-sallskapsdjur-8-st\/\" \/>\n<meta property=\"og:site_name\" content=\"Mekulo SE\" \/>\n<meta property=\"article:modified_time\" content=\"2026-01-05T21:34:19+00:00\" \/>\n<meta property=\"og:image\" content=\"https:\/\/mekulo.com\/se\/wp-content\/uploads\/sites\/11\/2026\/01\/gcpkmda-1.jpg\" \/>\n\t<meta property=\"og:image:width\" content=\"1080\" \/>\n\t<meta property=\"og:image:height\" content=\"1080\" \/>\n\t<meta property=\"og:image:type\" content=\"image\/jpeg\" \/>\n<meta name=\"twitter:card\" content=\"summary_large_image\" \/>\n<meta name=\"twitter:label1\" content=\"Ber\u00e4knad l\u00e4stid\" \/>\n\t<meta name=\"twitter:data1\" content=\"2 minuter\" \/>\n<script type=\"application\/ld+json\" class=\"yoast-schema-graph\">{\"@context\":\"https:\/\/schema.org\",\"@graph\":[{\"@type\":\"WebPage\",\"@id\":\"https:\/\/mekulo.com\/se\/produkt\/medicinmatare-for-sallskapsdjur-8-st\/\",\"url\":\"https:\/\/mekulo.com\/se\/produkt\/medicinmatare-for-sallskapsdjur-8-st\/\",\"name\":\"Medicinmatare f\u00f6r s\u00e4llskapsdjur (8 st) - Mekulo SE\",\"isPartOf\":{\"@id\":\"https:\/\/mekulo.com\/se\/#website\"},\"primaryImageOfPage\":{\"@id\":\"https:\/\/mekulo.com\/se\/produkt\/medicinmatare-for-sallskapsdjur-8-st\/#primaryimage\"},\"image\":{\"@id\":\"https:\/\/mekulo.com\/se\/produkt\/medicinmatare-for-sallskapsdjur-8-st\/#primaryimage\"},\"thumbnailUrl\":\"https:\/\/mekulo.com\/se\/wp-content\/uploads\/sites\/11\/2026\/01\/gcpkmda-1.jpg\",\"datePublished\":\"2026-01-05T14:41:31+00:00\",\"dateModified\":\"2026-01-05T21:34:19+00:00\",\"breadcrumb\":{\"@id\":\"https:\/\/mekulo.com\/se\/produkt\/medicinmatare-for-sallskapsdjur-8-st\/#breadcrumb\"},\"inLanguage\":\"sv-SE\",\"potentialAction\":[{\"@type\":\"ReadAction\",\"target\":[\"https:\/\/mekulo.com\/se\/produkt\/medicinmatare-for-sallskapsdjur-8-st\/\"]}]},{\"@type\":\"ImageObject\",\"inLanguage\":\"sv-SE\",\"@id\":\"https:\/\/mekulo.com\/se\/produkt\/medicinmatare-for-sallskapsdjur-8-st\/#primaryimage\",\"url\":\"https:\/\/mekulo.com\/se\/wp-content\/uploads\/sites\/11\/2026\/01\/gcpkmda-1.jpg\",\"contentUrl\":\"https:\/\/mekulo.com\/se\/wp-content\/uploads\/sites\/11\/2026\/01\/gcpkmda-1.jpg\",\"width\":1080,\"height\":1080},{\"@type\":\"BreadcrumbList\",\"@id\":\"https:\/\/mekulo.com\/se\/produkt\/medicinmatare-for-sallskapsdjur-8-st\/#breadcrumb\",\"itemListElement\":[{\"@type\":\"ListItem\",\"position\":1,\"name\":\"Home\",\"item\":\"https:\/\/mekulo.com\/se\/\"},{\"@type\":\"ListItem\",\"position\":2,\"name\":\"Butik\",\"item\":\"https:\/\/mekulo.com\/se\/butik\/\"},{\"@type\":\"ListItem\",\"position\":3,\"name\":\"Medicinmatare f\u00f6r s\u00e4llskapsdjur (8 st)\"}]},{\"@type\":\"WebSite\",\"@id\":\"https:\/\/mekulo.com\/se\/#website\",\"url\":\"https:\/\/mekulo.com\/se\/\",\"name\":\"Mekulo SE\",\"description\":\"\",\"publisher\":{\"@id\":\"https:\/\/mekulo.com\/se\/#organization\"},\"potentialAction\":[{\"@type\":\"SearchAction\",\"target\":{\"@type\":\"EntryPoint\",\"urlTemplate\":\"https:\/\/mekulo.com\/se\/?s={search_term_string}\"},\"query-input\":{\"@type\":\"PropertyValueSpecification\",\"valueRequired\":true,\"valueName\":\"search_term_string\"}}],\"inLanguage\":\"sv-SE\"},{\"@type\":\"Organization\",\"@id\":\"https:\/\/mekulo.com\/se\/#organization\",\"name\":\"Mekulo\",\"url\":\"https:\/\/mekulo.com\/se\/\",\"logo\":{\"@type\":\"ImageObject\",\"inLanguage\":\"sv-SE\",\"@id\":\"https:\/\/mekulo.com\/se\/#\/schema\/logo\/image\/\",\"url\":\"https:\/\/mekulo.com\/se\/wp-content\/uploads\/sites\/11\/2025\/12\/favicon_mekulo.png\",\"contentUrl\":\"https:\/\/mekulo.com\/se\/wp-content\/uploads\/sites\/11\/2025\/12\/favicon_mekulo.png\",\"width\":50,\"height\":50,\"caption\":\"Mekulo\"},\"image\":{\"@id\":\"https:\/\/mekulo.com\/se\/#\/schema\/logo\/image\/\"}}]}<\/script>\n<!-- \/ Yoast SEO plugin. -->","yoast_head_json":{"title":"Medicinmatare f\u00f6r s\u00e4llskapsdjur (8 st) - Mekulo SE","robots":{"index":"index","follow":"follow","max-snippet":"max-snippet:-1","max-image-preview":"max-image-preview:large","max-video-preview":"max-video-preview:-1"},"canonical":"https:\/\/mekulo.com\/se\/produkt\/medicinmatare-for-sallskapsdjur-8-st\/","og_locale":"sv_SE","og_type":"article","og_title":"Medicinmatare f\u00f6r s\u00e4llskapsdjur (8 st) - Mekulo SE","og_description":"Med denna medicinmatare f\u00f6r husdjur kan du snabbt ge piller eller flytande medicin utan att skada ditt husdjur eller riskera fingerbitar. Den mjuka silikonspetsen och den enkla kolvdesignen g\u00f6r det lugnt, s\u00e4kert och enkelt f\u00f6r b\u00e5de husdjur och \u00e4gare att ge medicin. Den h\u00e4r mataren placerar medicinen direkt d\u00e4r den ska, s\u00e5 att ditt husdjur inte kan spotta ut den. Den fungerar f\u00f6r hundar och katter och st\u00f6der piller, kapslar, pulver och v\u00e4tskor, vilket g\u00f6r den till ett m\u00e5ste f\u00f6r alla husdjurs\u00e4gare.","og_url":"https:\/\/mekulo.com\/se\/produkt\/medicinmatare-for-sallskapsdjur-8-st\/","og_site_name":"Mekulo SE","article_modified_time":"2026-01-05T21:34:19+00:00","og_image":[{"width":1080,"height":1080,"url":"https:\/\/mekulo.com\/se\/wp-content\/uploads\/sites\/11\/2026\/01\/gcpkmda-1.jpg","type":"image\/jpeg"}],"twitter_card":"summary_large_image","twitter_misc":{"Ber\u00e4knad l\u00e4stid":"2 minuter"},"schema":{"@context":"https:\/\/schema.org","@graph":[{"@type":"WebPage","@id":"https:\/\/mekulo.com\/se\/produkt\/medicinmatare-for-sallskapsdjur-8-st\/","url":"https:\/\/mekulo.com\/se\/produkt\/medicinmatare-for-sallskapsdjur-8-st\/","name":"Medicinmatare f\u00f6r s\u00e4llskapsdjur (8 st) - Mekulo SE","isPartOf":{"@id":"https:\/\/mekulo.com\/se\/#website"},"primaryImageOfPage":{"@id":"https:\/\/mekulo.com\/se\/produkt\/medicinmatare-for-sallskapsdjur-8-st\/#primaryimage"},"image":{"@id":"https:\/\/mekulo.com\/se\/produkt\/medicinmatare-for-sallskapsdjur-8-st\/#primaryimage"},"thumbnailUrl":"https:\/\/mekulo.com\/se\/wp-content\/uploads\/sites\/11\/2026\/01\/gcpkmda-1.jpg","datePublished":"2026-01-05T14:41:31+00:00","dateModified":"2026-01-05T21:34:19+00:00","breadcrumb":{"@id":"https:\/\/mekulo.com\/se\/produkt\/medicinmatare-for-sallskapsdjur-8-st\/#breadcrumb"},"inLanguage":"sv-SE","potentialAction":[{"@type":"ReadAction","target":["https:\/\/mekulo.com\/se\/produkt\/medicinmatare-for-sallskapsdjur-8-st\/"]}]},{"@type":"ImageObject","inLanguage":"sv-SE","@id":"https:\/\/mekulo.com\/se\/produkt\/medicinmatare-for-sallskapsdjur-8-st\/#primaryimage","url":"https:\/\/mekulo.com\/se\/wp-content\/uploads\/sites\/11\/2026\/01\/gcpkmda-1.jpg","contentUrl":"https:\/\/mekulo.com\/se\/wp-content\/uploads\/sites\/11\/2026\/01\/gcpkmda-1.jpg","width":1080,"height":1080},{"@type":"BreadcrumbList","@id":"https:\/\/mekulo.com\/se\/produkt\/medicinmatare-for-sallskapsdjur-8-st\/#breadcrumb","itemListElement":[{"@type":"ListItem","position":1,"name":"Home","item":"https:\/\/mekulo.com\/se\/"},{"@type":"ListItem","position":2,"name":"Butik","item":"https:\/\/mekulo.com\/se\/butik\/"},{"@type":"ListItem","position":3,"name":"Medicinmatare f\u00f6r s\u00e4llskapsdjur (8 st)"}]},{"@type":"WebSite","@id":"https:\/\/mekulo.com\/se\/#website","url":"https:\/\/mekulo.com\/se\/","name":"Mekulo SE","description":"","publisher":{"@id":"https:\/\/mekulo.com\/se\/#organization"},"potentialAction":[{"@type":"SearchAction","target":{"@type":"EntryPoint","urlTemplate":"https:\/\/mekulo.com\/se\/?s={search_term_string}"},"query-input":{"@type":"PropertyValueSpecification","valueRequired":true,"valueName":"search_term_string"}}],"inLanguage":"sv-SE"},{"@type":"Organization","@id":"https:\/\/mekulo.com\/se\/#organization","name":"Mekulo","url":"https:\/\/mekulo.com\/se\/","logo":{"@type":"ImageObject","inLanguage":"sv-SE","@id":"https:\/\/mekulo.com\/se\/#\/schema\/logo\/image\/","url":"https:\/\/mekulo.com\/se\/wp-content\/uploads\/sites\/11\/2025\/12\/favicon_mekulo.png","contentUrl":"https:\/\/mekulo.com\/se\/wp-content\/uploads\/sites\/11\/2025\/12\/favicon_mekulo.png","width":50,"height":50,"caption":"Mekulo"},"image":{"@id":"https:\/\/mekulo.com\/se\/#\/schema\/logo\/image\/"}}]}},"_links":{"self":[{"href":"https:\/\/mekulo.com\/se\/wp-json\/wp\/v2\/product\/14575","targetHints":{"allow":["GET"]}}],"collection":[{"href":"https:\/\/mekulo.com\/se\/wp-json\/wp\/v2\/product"}],"about":[{"href":"https:\/\/mekulo.com\/se\/wp-json\/wp\/v2\/types\/product"}],"replies":[{"embeddable":true,"href":"https:\/\/mekulo.com\/se\/wp-json\/wp\/v2\/comments?post=14575"}],"wp:featuredmedia":[{"embeddable":true,"href":"https:\/\/mekulo.com\/se\/wp-json\/wp\/v2\/media\/14571"}],"wp:attachment":[{"href":"https:\/\/mekulo.com\/se\/wp-json\/wp\/v2\/media?parent=14575"}],"wp:term":[{"taxonomy":"product_brand","embeddable":true,"href":"https:\/\/mekulo.com\/se\/wp-json\/wp\/v2\/product_brand?post=14575"},{"taxonomy":"product_cat","embeddable":true,"href":"https:\/\/mekulo.com\/se\/wp-json\/wp\/v2\/product_cat?post=14575"},{"taxonomy":"product_tag","embeddable":true,"href":"https:\/\/mekulo.com\/se\/wp-json\/wp\/v2\/product_tag?post=14575"}],"curies":[{"name":"wp","href":"https:\/\/api.w.org\/{rel}","templated":true}]}}