{"id":14560,"date":"2026-01-05T16:38:42","date_gmt":"2026-01-05T14:38:42","guid":{"rendered":"https:\/\/mekulo.com\/se\/produkt\/dekorativ-led-lampa-med-stearinljus\/"},"modified":"2026-01-05T23:33:16","modified_gmt":"2026-01-05T21:33:16","slug":"dekorativ-led-lampa-med-stearinljus","status":"publish","type":"product","link":"https:\/\/mekulo.com\/se\/produkt\/dekorativ-led-lampa-med-stearinljus\/","title":{"rendered":"Dekorativ LED-lampa med stearinljus"},"content":{"rendered":"<div class=\"elementor-element elementor-element-5fb6eda2 elementor-widget elementor-widget-heading\" data-id=\"5fb6eda2\" data-element_type=\"widget\" data-widget_type=\"heading.default\">\n<div class=\"elementor-widget-container\">\n<h2 class=\"elementor-heading-title elementor-size-default\" style=\"text-align: center;\"><strong><img decoding=\"async\" class=\"emoji alignnone\" role=\"img\" src=\"https:\/\/s.w.org\/images\/core\/emoji\/17.0.2\/svg\/1f525.svg\" alt=\"\ud83d\udd25\" \/> Skapa En Levande Atmosf\u00e4r \u2013 Utan Brandrisk<\/strong><\/h2>\n<\/div>\n<\/div>\n<div class=\"elementor-element elementor-element-4f09241c elementor-widget elementor-widget-text-editor\" data-id=\"4f09241c\" data-element_type=\"widget\" data-widget_type=\"text-editor.default\">\n<div style=\"text-align: center;\"><img fetchpriority=\"high\" decoding=\"async\" class=\"alignnone wp-image-47544\" src=\"https:\/\/keluvo.com\/template\/wp-content\/uploads\/sites\/5\/2025\/12\/4-36.jpg.webp\" alt=\"\" width=\"546\" height=\"546\" \/><\/div>\n<h2><\/h2>\n<div>\n<h2 class=\"elementor-element elementor-element-1a24c4d5 elementor-widget elementor-widget-heading\" style=\"text-align: center;\" data-id=\"1a24c4d5\" data-element_type=\"widget\" data-widget_type=\"heading.default\"><img decoding=\"async\" class=\"emoji\" role=\"img\" src=\"https:\/\/s.w.org\/images\/core\/emoji\/17.0.2\/svg\/1f50b.svg\" alt=\"\ud83d\udd0b\" \/>\u00a0<strong>Ladda, Luta Dig Tillbaka &amp; Njut<\/strong><\/h2>\n<h2><\/h2>\n<div class=\"elementor-element elementor-element-388f957 elementor-widget elementor-widget-text-editor\" data-id=\"388f957\" data-element_type=\"widget\" data-widget_type=\"text-editor.default\">\n<div class=\"elementor-widget-container\">\n<p style=\"text-align: center;\">Gl\u00f6m eng\u00e5ngsbatterier och st\u00e4ndiga byten. De h\u00e4r uppladdningsbara v\u00e4rmeljusen laddas enkelt via USB och lyser upp till 30 timmar per laddning. Med fj\u00e4rrkontroll och timer (4h\/8h) t\u00e4nds och sl\u00e4cks ljusen automatiskt \u2013 s\u00e5 att du alltid kommer hem till ett v\u00e4lkomnande ljus.<br \/>\nEtt sj\u00e4lvklart val f\u00f6r middagar, fester, br\u00f6llop, semestrar, restauranger eller som en smart vardagslyx.<\/p>\n<h2><\/h2>\n<p style=\"text-align: center;\"><img decoding=\"async\" class=\"alignnone wp-image-47543\" src=\"https:\/\/keluvo.com\/template\/wp-content\/uploads\/sites\/5\/2025\/12\/8-21.jpg.webp\" alt=\"\" width=\"485\" height=\"485\" \/><\/p>\n<div class=\"elementor-element elementor-element-403be18c elementor-widget elementor-widget-heading\" style=\"text-align: center;\" data-id=\"403be18c\" data-element_type=\"widget\" data-widget_type=\"heading.default\">\n<div class=\"elementor-widget-container\">\n<h2 class=\"elementor-heading-title elementor-size-default\"><img decoding=\"async\" class=\"emoji\" role=\"img\" src=\"https:\/\/s.w.org\/images\/core\/emoji\/17.0.2\/svg\/1f4cb.svg\" alt=\"\ud83d\udccb\" \/> Specifikationer<\/h2>\n<\/div>\n<\/div>\n<div class=\"elementor-element elementor-element-70edbfce elementor-widget elementor-widget-text-editor\" style=\"text-align: center;\" data-id=\"70edbfce\" data-element_type=\"widget\" data-widget_type=\"text-editor.default\">\n<div class=\"elementor-widget-container\">\n<ul>\n<li style=\"text-align: left;\">Typ: Uppladdningsbara LED-v\u00e4rmeljus (flaml\u00f6sa)<\/li>\n<li style=\"text-align: left;\">Ljus: Varmt fladdrande ljus eller fast ljus<\/li>\n<li style=\"text-align: left;\">Batteri: Inbyggt 120 mAh litiumbatteri<\/li>\n<li style=\"text-align: left;\">Driftstid: Upp till 30 h (flimmer), ca 24 h (fast ljus)<\/li>\n<li style=\"text-align: left;\">Laddningstid: ca 6 timmar (USB)<\/li>\n<li style=\"text-align: left;\">Timer: 4 h\/8 h (via fj\u00e4rrkontroll)<\/li>\n<li style=\"text-align: left;\">Storlek: \u00d8 4 cm | H\u00f6jd 2\u20134.7 cm<\/li>\n<li style=\"text-align: left;\">Passar till: De flesta ljusstakar &amp; lyktor<\/li>\n<li style=\"text-align: left;\">Anv\u00e4ndningsomr\u00e5de: Hem, br\u00f6llop, fest, jul, Halloween, restaurang, s\u00e4kerhetsljus<\/li>\n<li style=\"text-align: left;\">F\u00f6rpackning: 4-pack, 6-pack, 12-pack<\/li>\n<li style=\"text-align: left;\"><img decoding=\"async\" class=\"emoji\" role=\"img\" src=\"https:\/\/s.w.org\/images\/core\/emoji\/17.0.2\/svg\/1f4a1.svg\" alt=\"\ud83d\udca1\" \/>\u00a0Tips: Perfekt present till dig som \u00e4lskar inredning, dukning och mys &#8211; eller till dig som vill ha en atmosf\u00e4r utan kompromisser.<\/li>\n<\/ul>\n<\/div>\n<\/div>\n<section class=\"elementor-section elementor-inner-section elementor-element elementor-element-39a98d96 elementor-section-boxed elementor-section-height-default elementor-section-height-default\" data-id=\"39a98d96\" data-element_type=\"section\">\n<div class=\"elementor-container elementor-column-gap-default\">\n<div class=\"elementor-column elementor-col-100 elementor-inner-column elementor-element elementor-element-6d63db4c\" data-id=\"6d63db4c\" data-element_type=\"column\"><img decoding=\"async\" class=\"alignnone wp-image-47542 aligncenter\" src=\"https:\/\/keluvo.com\/template\/wp-content\/uploads\/sites\/5\/2025\/12\/6-30.jpg.webp\" alt=\"\" width=\"482\" height=\"482\" \/><\/div>\n<\/div>\n<\/section>\n<\/div>\n<\/div>\n<\/div>\n<\/div>\n","protected":false},"excerpt":{"rendered":"<p>Njut av ett varmt, realistiskt fladdrande sken som ser ut som riktiga stearinljus &#8211; men utan r\u00f6k, sm\u00e4lt vax eller oro. Den 3D-formade veken ger ett ljus som passar lika bra till middagsbordet, f\u00f6nstret, br\u00f6llopet, h\u00f6sten &amp; juldekorationen eller mysiga kv\u00e4llar hemma. Perfekt f\u00f6r dig som vill ha en riktig atmosf\u00e4r, men p\u00e5 ett s\u00e4kert s\u00e4tt &#8211; s\u00e4rskilt i hem med barn, husdjur eller mycket textilier.<\/p>\n","protected":false},"featured_media":14556,"comment_status":"open","ping_status":"closed","template":"","meta":{"site-sidebar-layout":"default","site-content-layout":"","ast-site-content-layout":"default","site-content-style":"default","site-sidebar-style":"default","ast-global-header-display":"","ast-banner-title-visibility":"","ast-main-header-display":"","ast-hfb-above-header-display":"","ast-hfb-below-header-display":"","ast-hfb-mobile-header-display":"","site-post-title":"","ast-breadcrumbs-content":"","ast-featured-img":"","footer-sml-layout":"","theme-transparent-header-meta":"default","adv-header-id-meta":"","stick-header-meta":"","header-above-stick-meta":"","header-main-stick-meta":"","header-below-stick-meta":"","astra-migrate-meta-layouts":"set","ast-page-background-enabled":"default","ast-page-background-meta":{"desktop":{"background-color":"var(--ast-global-color-5)","background-image":"","background-repeat":"repeat","background-position":"center center","background-size":"auto","background-attachment":"scroll","background-type":"","background-media":"","overlay-type":"","overlay-color":"","overlay-opacity":"","overlay-gradient":""},"tablet":{"background-color":"","background-image":"","background-repeat":"repeat","background-position":"center center","background-size":"auto","background-attachment":"scroll","background-type":"","background-media":"","overlay-type":"","overlay-color":"","overlay-opacity":"","overlay-gradient":""},"mobile":{"background-color":"","background-image":"","background-repeat":"repeat","background-position":"center center","background-size":"auto","background-attachment":"scroll","background-type":"","background-media":"","overlay-type":"","overlay-color":"","overlay-opacity":"","overlay-gradient":""}},"ast-content-background-meta":{"desktop":{"background-color":"var(--ast-global-color-4)","background-image":"","background-repeat":"repeat","background-position":"center center","background-size":"auto","background-attachment":"scroll","background-type":"","background-media":"","overlay-type":"","overlay-color":"","overlay-opacity":"","overlay-gradient":""},"tablet":{"background-color":"var(--ast-global-color-4)","background-image":"","background-repeat":"repeat","background-position":"center center","background-size":"auto","background-attachment":"scroll","background-type":"","background-media":"","overlay-type":"","overlay-color":"","overlay-opacity":"","overlay-gradient":""},"mobile":{"background-color":"var(--ast-global-color-4)","background-image":"","background-repeat":"repeat","background-position":"center center","background-size":"auto","background-attachment":"scroll","background-type":"","background-media":"","overlay-type":"","overlay-color":"","overlay-opacity":"","overlay-gradient":""}}},"product_brand":[],"product_cat":[15],"product_tag":[],"class_list":{"0":"post-14560","1":"product","2":"type-product","3":"status-publish","4":"has-post-thumbnail","6":"product_cat-uncategorized","7":"pa_68730_dsc1je5t-12-pack","8":"pa_68730_dsc1je5t-4-pack","9":"pa_68730_dsc1je5t-6-pack","10":"desktop-align-left","11":"tablet-align-left","12":"mobile-align-left","14":"first","15":"instock","16":"shipping-taxable","17":"purchasable","18":"product-type-variable"},"yoast_head":"<!-- This site is optimized with the Yoast SEO plugin v26.6 - https:\/\/yoast.com\/wordpress\/plugins\/seo\/ -->\n<title>Dekorativ LED-lampa med stearinljus - Mekulo SE<\/title>\n<meta name=\"robots\" content=\"index, follow, max-snippet:-1, max-image-preview:large, max-video-preview:-1\" \/>\n<link rel=\"canonical\" href=\"https:\/\/mekulo.com\/se\/produkt\/dekorativ-led-lampa-med-stearinljus\/\" \/>\n<meta property=\"og:locale\" content=\"sv_SE\" \/>\n<meta property=\"og:type\" content=\"article\" \/>\n<meta property=\"og:title\" content=\"Dekorativ LED-lampa med stearinljus - Mekulo SE\" \/>\n<meta property=\"og:description\" content=\"Njut av ett varmt, realistiskt fladdrande sken som ser ut som riktiga stearinljus - men utan r\u00f6k, sm\u00e4lt vax eller oro. Den 3D-formade veken ger ett ljus som passar lika bra till middagsbordet, f\u00f6nstret, br\u00f6llopet, h\u00f6sten &amp; juldekorationen eller mysiga kv\u00e4llar hemma. Perfekt f\u00f6r dig som vill ha en riktig atmosf\u00e4r, men p\u00e5 ett s\u00e4kert s\u00e4tt - s\u00e4rskilt i hem med barn, husdjur eller mycket textilier.\" \/>\n<meta property=\"og:url\" content=\"https:\/\/mekulo.com\/se\/produkt\/dekorativ-led-lampa-med-stearinljus\/\" \/>\n<meta property=\"og:site_name\" content=\"Mekulo SE\" \/>\n<meta property=\"article:modified_time\" content=\"2026-01-05T21:33:16+00:00\" \/>\n<meta property=\"og:image\" content=\"https:\/\/mekulo.com\/se\/wp-content\/uploads\/sites\/11\/2026\/01\/mknvax6-1.webp\" \/>\n\t<meta property=\"og:image:width\" content=\"679\" \/>\n\t<meta property=\"og:image:height\" content=\"679\" \/>\n\t<meta property=\"og:image:type\" content=\"image\/webp\" \/>\n<meta name=\"twitter:card\" content=\"summary_large_image\" \/>\n<meta name=\"twitter:label1\" content=\"Ber\u00e4knad l\u00e4stid\" \/>\n\t<meta name=\"twitter:data1\" content=\"3 minuter\" \/>\n<script type=\"application\/ld+json\" class=\"yoast-schema-graph\">{\"@context\":\"https:\/\/schema.org\",\"@graph\":[{\"@type\":\"WebPage\",\"@id\":\"https:\/\/mekulo.com\/se\/produkt\/dekorativ-led-lampa-med-stearinljus\/\",\"url\":\"https:\/\/mekulo.com\/se\/produkt\/dekorativ-led-lampa-med-stearinljus\/\",\"name\":\"Dekorativ LED-lampa med stearinljus - Mekulo SE\",\"isPartOf\":{\"@id\":\"https:\/\/mekulo.com\/se\/#website\"},\"primaryImageOfPage\":{\"@id\":\"https:\/\/mekulo.com\/se\/produkt\/dekorativ-led-lampa-med-stearinljus\/#primaryimage\"},\"image\":{\"@id\":\"https:\/\/mekulo.com\/se\/produkt\/dekorativ-led-lampa-med-stearinljus\/#primaryimage\"},\"thumbnailUrl\":\"https:\/\/mekulo.com\/se\/wp-content\/uploads\/sites\/11\/2026\/01\/mknvax6-1.webp\",\"datePublished\":\"2026-01-05T14:38:42+00:00\",\"dateModified\":\"2026-01-05T21:33:16+00:00\",\"breadcrumb\":{\"@id\":\"https:\/\/mekulo.com\/se\/produkt\/dekorativ-led-lampa-med-stearinljus\/#breadcrumb\"},\"inLanguage\":\"sv-SE\",\"potentialAction\":[{\"@type\":\"ReadAction\",\"target\":[\"https:\/\/mekulo.com\/se\/produkt\/dekorativ-led-lampa-med-stearinljus\/\"]}]},{\"@type\":\"ImageObject\",\"inLanguage\":\"sv-SE\",\"@id\":\"https:\/\/mekulo.com\/se\/produkt\/dekorativ-led-lampa-med-stearinljus\/#primaryimage\",\"url\":\"https:\/\/mekulo.com\/se\/wp-content\/uploads\/sites\/11\/2026\/01\/mknvax6-1.webp\",\"contentUrl\":\"https:\/\/mekulo.com\/se\/wp-content\/uploads\/sites\/11\/2026\/01\/mknvax6-1.webp\",\"width\":679,\"height\":679},{\"@type\":\"BreadcrumbList\",\"@id\":\"https:\/\/mekulo.com\/se\/produkt\/dekorativ-led-lampa-med-stearinljus\/#breadcrumb\",\"itemListElement\":[{\"@type\":\"ListItem\",\"position\":1,\"name\":\"Home\",\"item\":\"https:\/\/mekulo.com\/se\/\"},{\"@type\":\"ListItem\",\"position\":2,\"name\":\"Butik\",\"item\":\"https:\/\/mekulo.com\/se\/butik\/\"},{\"@type\":\"ListItem\",\"position\":3,\"name\":\"Dekorativ LED-lampa med stearinljus\"}]},{\"@type\":\"WebSite\",\"@id\":\"https:\/\/mekulo.com\/se\/#website\",\"url\":\"https:\/\/mekulo.com\/se\/\",\"name\":\"Mekulo SE\",\"description\":\"\",\"publisher\":{\"@id\":\"https:\/\/mekulo.com\/se\/#organization\"},\"potentialAction\":[{\"@type\":\"SearchAction\",\"target\":{\"@type\":\"EntryPoint\",\"urlTemplate\":\"https:\/\/mekulo.com\/se\/?s={search_term_string}\"},\"query-input\":{\"@type\":\"PropertyValueSpecification\",\"valueRequired\":true,\"valueName\":\"search_term_string\"}}],\"inLanguage\":\"sv-SE\"},{\"@type\":\"Organization\",\"@id\":\"https:\/\/mekulo.com\/se\/#organization\",\"name\":\"Mekulo\",\"url\":\"https:\/\/mekulo.com\/se\/\",\"logo\":{\"@type\":\"ImageObject\",\"inLanguage\":\"sv-SE\",\"@id\":\"https:\/\/mekulo.com\/se\/#\/schema\/logo\/image\/\",\"url\":\"https:\/\/mekulo.com\/se\/wp-content\/uploads\/sites\/11\/2025\/12\/favicon_mekulo.png\",\"contentUrl\":\"https:\/\/mekulo.com\/se\/wp-content\/uploads\/sites\/11\/2025\/12\/favicon_mekulo.png\",\"width\":50,\"height\":50,\"caption\":\"Mekulo\"},\"image\":{\"@id\":\"https:\/\/mekulo.com\/se\/#\/schema\/logo\/image\/\"}}]}<\/script>\n<!-- \/ Yoast SEO plugin. -->","yoast_head_json":{"title":"Dekorativ LED-lampa med stearinljus - Mekulo SE","robots":{"index":"index","follow":"follow","max-snippet":"max-snippet:-1","max-image-preview":"max-image-preview:large","max-video-preview":"max-video-preview:-1"},"canonical":"https:\/\/mekulo.com\/se\/produkt\/dekorativ-led-lampa-med-stearinljus\/","og_locale":"sv_SE","og_type":"article","og_title":"Dekorativ LED-lampa med stearinljus - Mekulo SE","og_description":"Njut av ett varmt, realistiskt fladdrande sken som ser ut som riktiga stearinljus - men utan r\u00f6k, sm\u00e4lt vax eller oro. Den 3D-formade veken ger ett ljus som passar lika bra till middagsbordet, f\u00f6nstret, br\u00f6llopet, h\u00f6sten &amp; juldekorationen eller mysiga kv\u00e4llar hemma. Perfekt f\u00f6r dig som vill ha en riktig atmosf\u00e4r, men p\u00e5 ett s\u00e4kert s\u00e4tt - s\u00e4rskilt i hem med barn, husdjur eller mycket textilier.","og_url":"https:\/\/mekulo.com\/se\/produkt\/dekorativ-led-lampa-med-stearinljus\/","og_site_name":"Mekulo SE","article_modified_time":"2026-01-05T21:33:16+00:00","og_image":[{"width":679,"height":679,"url":"https:\/\/mekulo.com\/se\/wp-content\/uploads\/sites\/11\/2026\/01\/mknvax6-1.webp","type":"image\/webp"}],"twitter_card":"summary_large_image","twitter_misc":{"Ber\u00e4knad l\u00e4stid":"3 minuter"},"schema":{"@context":"https:\/\/schema.org","@graph":[{"@type":"WebPage","@id":"https:\/\/mekulo.com\/se\/produkt\/dekorativ-led-lampa-med-stearinljus\/","url":"https:\/\/mekulo.com\/se\/produkt\/dekorativ-led-lampa-med-stearinljus\/","name":"Dekorativ LED-lampa med stearinljus - Mekulo SE","isPartOf":{"@id":"https:\/\/mekulo.com\/se\/#website"},"primaryImageOfPage":{"@id":"https:\/\/mekulo.com\/se\/produkt\/dekorativ-led-lampa-med-stearinljus\/#primaryimage"},"image":{"@id":"https:\/\/mekulo.com\/se\/produkt\/dekorativ-led-lampa-med-stearinljus\/#primaryimage"},"thumbnailUrl":"https:\/\/mekulo.com\/se\/wp-content\/uploads\/sites\/11\/2026\/01\/mknvax6-1.webp","datePublished":"2026-01-05T14:38:42+00:00","dateModified":"2026-01-05T21:33:16+00:00","breadcrumb":{"@id":"https:\/\/mekulo.com\/se\/produkt\/dekorativ-led-lampa-med-stearinljus\/#breadcrumb"},"inLanguage":"sv-SE","potentialAction":[{"@type":"ReadAction","target":["https:\/\/mekulo.com\/se\/produkt\/dekorativ-led-lampa-med-stearinljus\/"]}]},{"@type":"ImageObject","inLanguage":"sv-SE","@id":"https:\/\/mekulo.com\/se\/produkt\/dekorativ-led-lampa-med-stearinljus\/#primaryimage","url":"https:\/\/mekulo.com\/se\/wp-content\/uploads\/sites\/11\/2026\/01\/mknvax6-1.webp","contentUrl":"https:\/\/mekulo.com\/se\/wp-content\/uploads\/sites\/11\/2026\/01\/mknvax6-1.webp","width":679,"height":679},{"@type":"BreadcrumbList","@id":"https:\/\/mekulo.com\/se\/produkt\/dekorativ-led-lampa-med-stearinljus\/#breadcrumb","itemListElement":[{"@type":"ListItem","position":1,"name":"Home","item":"https:\/\/mekulo.com\/se\/"},{"@type":"ListItem","position":2,"name":"Butik","item":"https:\/\/mekulo.com\/se\/butik\/"},{"@type":"ListItem","position":3,"name":"Dekorativ LED-lampa med stearinljus"}]},{"@type":"WebSite","@id":"https:\/\/mekulo.com\/se\/#website","url":"https:\/\/mekulo.com\/se\/","name":"Mekulo SE","description":"","publisher":{"@id":"https:\/\/mekulo.com\/se\/#organization"},"potentialAction":[{"@type":"SearchAction","target":{"@type":"EntryPoint","urlTemplate":"https:\/\/mekulo.com\/se\/?s={search_term_string}"},"query-input":{"@type":"PropertyValueSpecification","valueRequired":true,"valueName":"search_term_string"}}],"inLanguage":"sv-SE"},{"@type":"Organization","@id":"https:\/\/mekulo.com\/se\/#organization","name":"Mekulo","url":"https:\/\/mekulo.com\/se\/","logo":{"@type":"ImageObject","inLanguage":"sv-SE","@id":"https:\/\/mekulo.com\/se\/#\/schema\/logo\/image\/","url":"https:\/\/mekulo.com\/se\/wp-content\/uploads\/sites\/11\/2025\/12\/favicon_mekulo.png","contentUrl":"https:\/\/mekulo.com\/se\/wp-content\/uploads\/sites\/11\/2025\/12\/favicon_mekulo.png","width":50,"height":50,"caption":"Mekulo"},"image":{"@id":"https:\/\/mekulo.com\/se\/#\/schema\/logo\/image\/"}}]}},"_links":{"self":[{"href":"https:\/\/mekulo.com\/se\/wp-json\/wp\/v2\/product\/14560","targetHints":{"allow":["GET"]}}],"collection":[{"href":"https:\/\/mekulo.com\/se\/wp-json\/wp\/v2\/product"}],"about":[{"href":"https:\/\/mekulo.com\/se\/wp-json\/wp\/v2\/types\/product"}],"replies":[{"embeddable":true,"href":"https:\/\/mekulo.com\/se\/wp-json\/wp\/v2\/comments?post=14560"}],"wp:featuredmedia":[{"embeddable":true,"href":"https:\/\/mekulo.com\/se\/wp-json\/wp\/v2\/media\/14556"}],"wp:attachment":[{"href":"https:\/\/mekulo.com\/se\/wp-json\/wp\/v2\/media?parent=14560"}],"wp:term":[{"taxonomy":"product_brand","embeddable":true,"href":"https:\/\/mekulo.com\/se\/wp-json\/wp\/v2\/product_brand?post=14560"},{"taxonomy":"product_cat","embeddable":true,"href":"https:\/\/mekulo.com\/se\/wp-json\/wp\/v2\/product_cat?post=14560"},{"taxonomy":"product_tag","embeddable":true,"href":"https:\/\/mekulo.com\/se\/wp-json\/wp\/v2\/product_tag?post=14560"}],"curies":[{"name":"wp","href":"https:\/\/api.w.org\/{rel}","templated":true}]}}