{"id":14536,"date":"2026-01-05T16:35:38","date_gmt":"2026-01-05T14:35:38","guid":{"rendered":"https:\/\/mekulo.com\/se\/produkt\/elektrisk-vinoppnare\/"},"modified":"2026-01-05T16:35:38","modified_gmt":"2026-01-05T14:35:38","slug":"elektrisk-vinoppnare","status":"publish","type":"product","link":"https:\/\/mekulo.com\/se\/produkt\/elektrisk-vinoppnare\/","title":{"rendered":"Elektrisk vin\u00f6ppnare"},"content":{"rendered":"<p><img decoding=\"async\" class=\"size-full wp-image-24335 aligncenter\" src=\"https:\/\/keluvo.com\/template\/wp-content\/uploads\/sites\/5\/2024\/11\/06183-ezgif.com-video-to-webp-converter.webp\" alt=\"\" \/><\/p>\n<h2 style=\"text-align: center\">\u2728Huvudf\u00f6rdelar<\/h2>\n<p>\u2705 <strong>Enkel Korkborttagning Med Ett Tryck<\/strong><\/p>\n<p>Tryck bara p\u00e5 en knapp f\u00f6r att korka upp din flaska p\u00e5 n\u00e5gra sekunder, s\u00e5 att du kan njuta av ditt vin utan kr\u00e5ngel.<\/p>\n<p>\ud83c\udf77 <strong>Beh\u00e5ll Vinets Smak<\/strong><\/p>\n<p>Vakuumproppen avl\u00e4gsnar luft f\u00f6r att bevara vinets arom och smak i flera dagar.<\/p>\n<p>\ud83d\udca6 <strong>H\u00e4ll Utan Kladd<\/strong><\/p>\n<p>Luftaren g\u00f6r att du kan servera vin smidigt och utan kladd, vilket g\u00f6r varje glas njutbart.<\/p>\n<p>\u2728 <strong>Modern Och Elegant Design<\/strong><\/p>\n<p>Den h\u00e4r elektriska vin\u00f6ppnaren \u00e4r b\u00e5de anv\u00e4ndbar och en snygg detalj f\u00f6r ditt k\u00f6k eller din bar.<\/p>\n<p>\ud83e\udd42<strong> Mycket Enkel Att Anv\u00e4nda<\/strong><\/p>\n<p>St\u00e4ll bara p\u00e5 plats, tryck och h\u00e4ll! Den avkorkar p\u00e5 n\u00e5gra sekunder, h\u00e4ller l\u00e4tt och vakuumf\u00f6rseglingen h\u00e5ller vinet fr\u00e4scht &#8211; inget kr\u00e5ngel!<\/p>\n<p><img decoding=\"async\" class=\"size-full wp-image-24334 aligncenter\" src=\"https:\/\/keluvo.com\/template\/wp-content\/uploads\/sites\/5\/2024\/11\/VINOCORK24716__74e74905__ff3682bd.webp\" alt=\"\" \/><\/p>\n<h2 style=\"text-align: center\">\ud83d\udccfProduktspecifikationer<\/h2>\n<ul>\n<li>Material: Rostfritt st\u00e5l<\/li>\n<li>Vikt: 360 g<\/li>\n<li>Batterier beh\u00f6vs: 4 x AA-batterier (ing\u00e5r ej)<\/li>\n<\/ul>\n<h2 style=\"text-align: center\">\ud83d\udce6Paketet Inneh\u00e5ller<\/h2>\n<ul>\n<li>1x kapsyl\u00f6ppnare<\/li>\n<li>1x foliesk\u00e4rare<\/li>\n<li>1x luftad h\u00e4llare<\/li>\n<li>1x vakuumpropp<\/li>\n<li>1x f\u00f6rvaringsst\u00e4ll.<\/li>\n<\/ul>\n","protected":false},"excerpt":{"rendered":"<p>\u2705 Vin\u00f6ppnare med en knapptryckning<br \/>\n\ud83c\udf77 Vakuumpropp h\u00e5ller vinet fr\u00e4scht i flera dagar<br \/>\n\ud83d\udca6 Enkelt att h\u00e4lla utan spill<br \/>\n\u2728 Snyggt tillskott till alla barer<br \/>\n\ud83c\udf81 Perfekt present till vinentusiaster<\/p>\n","protected":false},"featured_media":14532,"comment_status":"open","ping_status":"closed","template":"","meta":{"site-sidebar-layout":"default","site-content-layout":"","ast-site-content-layout":"default","site-content-style":"default","site-sidebar-style":"default","ast-global-header-display":"","ast-banner-title-visibility":"","ast-main-header-display":"","ast-hfb-above-header-display":"","ast-hfb-below-header-display":"","ast-hfb-mobile-header-display":"","site-post-title":"","ast-breadcrumbs-content":"","ast-featured-img":"","footer-sml-layout":"","theme-transparent-header-meta":"default","adv-header-id-meta":"","stick-header-meta":"","header-above-stick-meta":"","header-main-stick-meta":"","header-below-stick-meta":"","astra-migrate-meta-layouts":"set","ast-page-background-enabled":"default","ast-page-background-meta":{"desktop":{"background-color":"var(--ast-global-color-5)","background-image":"","background-repeat":"repeat","background-position":"center center","background-size":"auto","background-attachment":"scroll","background-type":"","background-media":"","overlay-type":"","overlay-color":"","overlay-opacity":"","overlay-gradient":""},"tablet":{"background-color":"","background-image":"","background-repeat":"repeat","background-position":"center center","background-size":"auto","background-attachment":"scroll","background-type":"","background-media":"","overlay-type":"","overlay-color":"","overlay-opacity":"","overlay-gradient":""},"mobile":{"background-color":"","background-image":"","background-repeat":"repeat","background-position":"center center","background-size":"auto","background-attachment":"scroll","background-type":"","background-media":"","overlay-type":"","overlay-color":"","overlay-opacity":"","overlay-gradient":""}},"ast-content-background-meta":{"desktop":{"background-color":"var(--ast-global-color-4)","background-image":"","background-repeat":"repeat","background-position":"center center","background-size":"auto","background-attachment":"scroll","background-type":"","background-media":"","overlay-type":"","overlay-color":"","overlay-opacity":"","overlay-gradient":""},"tablet":{"background-color":"var(--ast-global-color-4)","background-image":"","background-repeat":"repeat","background-position":"center center","background-size":"auto","background-attachment":"scroll","background-type":"","background-media":"","overlay-type":"","overlay-color":"","overlay-opacity":"","overlay-gradient":""},"mobile":{"background-color":"var(--ast-global-color-4)","background-image":"","background-repeat":"repeat","background-position":"center center","background-size":"auto","background-attachment":"scroll","background-type":"","background-media":"","overlay-type":"","overlay-color":"","overlay-opacity":"","overlay-gradient":""}}},"product_brand":[],"product_cat":[171],"product_tag":[],"class_list":{"0":"post-14536","1":"product","2":"type-product","3":"status-publish","4":"has-post-thumbnail","6":"product_cat-verktyg","7":"desktop-align-left","8":"tablet-align-left","9":"mobile-align-left","11":"first","12":"instock","13":"shipping-taxable","14":"purchasable","15":"product-type-simple"},"yoast_head":"<!-- This site is optimized with the Yoast SEO plugin v26.6 - https:\/\/yoast.com\/wordpress\/plugins\/seo\/ -->\n<title>Elektrisk vin\u00f6ppnare - Mekulo SE<\/title>\n<meta name=\"robots\" content=\"index, follow, max-snippet:-1, max-image-preview:large, max-video-preview:-1\" \/>\n<link rel=\"canonical\" href=\"https:\/\/mekulo.com\/se\/produkt\/elektrisk-vinoppnare\/\" \/>\n<meta property=\"og:locale\" content=\"sv_SE\" \/>\n<meta property=\"og:type\" content=\"article\" \/>\n<meta property=\"og:title\" content=\"Elektrisk vin\u00f6ppnare - Mekulo SE\" \/>\n<meta property=\"og:description\" content=\"\u2705 Vin\u00f6ppnare med en knapptryckning \ud83c\udf77 Vakuumpropp h\u00e5ller vinet fr\u00e4scht i flera dagar \ud83d\udca6 Enkelt att h\u00e4lla utan spill \u2728 Snyggt tillskott till alla barer \ud83c\udf81 Perfekt present till vinentusiaster\" \/>\n<meta property=\"og:url\" content=\"https:\/\/mekulo.com\/se\/produkt\/elektrisk-vinoppnare\/\" \/>\n<meta property=\"og:site_name\" content=\"Mekulo SE\" \/>\n<meta property=\"og:image\" content=\"https:\/\/mekulo.com\/se\/wp-content\/uploads\/sites\/11\/2026\/01\/eqfgq0d-1.webp\" \/>\n\t<meta property=\"og:image:width\" content=\"500\" \/>\n\t<meta property=\"og:image:height\" content=\"500\" \/>\n\t<meta property=\"og:image:type\" content=\"image\/webp\" \/>\n<meta name=\"twitter:card\" content=\"summary_large_image\" \/>\n<meta name=\"twitter:label1\" content=\"Ber\u00e4knad l\u00e4stid\" \/>\n\t<meta name=\"twitter:data1\" content=\"2 minuter\" \/>\n<script type=\"application\/ld+json\" class=\"yoast-schema-graph\">{\"@context\":\"https:\/\/schema.org\",\"@graph\":[{\"@type\":\"WebPage\",\"@id\":\"https:\/\/mekulo.com\/se\/produkt\/elektrisk-vinoppnare\/\",\"url\":\"https:\/\/mekulo.com\/se\/produkt\/elektrisk-vinoppnare\/\",\"name\":\"Elektrisk vin\u00f6ppnare - Mekulo SE\",\"isPartOf\":{\"@id\":\"https:\/\/mekulo.com\/se\/#website\"},\"primaryImageOfPage\":{\"@id\":\"https:\/\/mekulo.com\/se\/produkt\/elektrisk-vinoppnare\/#primaryimage\"},\"image\":{\"@id\":\"https:\/\/mekulo.com\/se\/produkt\/elektrisk-vinoppnare\/#primaryimage\"},\"thumbnailUrl\":\"https:\/\/mekulo.com\/se\/wp-content\/uploads\/sites\/11\/2026\/01\/eqfgq0d-1.webp\",\"datePublished\":\"2026-01-05T14:35:38+00:00\",\"breadcrumb\":{\"@id\":\"https:\/\/mekulo.com\/se\/produkt\/elektrisk-vinoppnare\/#breadcrumb\"},\"inLanguage\":\"sv-SE\",\"potentialAction\":[{\"@type\":\"ReadAction\",\"target\":[\"https:\/\/mekulo.com\/se\/produkt\/elektrisk-vinoppnare\/\"]}]},{\"@type\":\"ImageObject\",\"inLanguage\":\"sv-SE\",\"@id\":\"https:\/\/mekulo.com\/se\/produkt\/elektrisk-vinoppnare\/#primaryimage\",\"url\":\"https:\/\/mekulo.com\/se\/wp-content\/uploads\/sites\/11\/2026\/01\/eqfgq0d-1.webp\",\"contentUrl\":\"https:\/\/mekulo.com\/se\/wp-content\/uploads\/sites\/11\/2026\/01\/eqfgq0d-1.webp\",\"width\":500,\"height\":500},{\"@type\":\"BreadcrumbList\",\"@id\":\"https:\/\/mekulo.com\/se\/produkt\/elektrisk-vinoppnare\/#breadcrumb\",\"itemListElement\":[{\"@type\":\"ListItem\",\"position\":1,\"name\":\"Home\",\"item\":\"https:\/\/mekulo.com\/se\/\"},{\"@type\":\"ListItem\",\"position\":2,\"name\":\"Butik\",\"item\":\"https:\/\/mekulo.com\/se\/butik\/\"},{\"@type\":\"ListItem\",\"position\":3,\"name\":\"Elektrisk vin\u00f6ppnare\"}]},{\"@type\":\"WebSite\",\"@id\":\"https:\/\/mekulo.com\/se\/#website\",\"url\":\"https:\/\/mekulo.com\/se\/\",\"name\":\"Mekulo SE\",\"description\":\"\",\"publisher\":{\"@id\":\"https:\/\/mekulo.com\/se\/#organization\"},\"potentialAction\":[{\"@type\":\"SearchAction\",\"target\":{\"@type\":\"EntryPoint\",\"urlTemplate\":\"https:\/\/mekulo.com\/se\/?s={search_term_string}\"},\"query-input\":{\"@type\":\"PropertyValueSpecification\",\"valueRequired\":true,\"valueName\":\"search_term_string\"}}],\"inLanguage\":\"sv-SE\"},{\"@type\":\"Organization\",\"@id\":\"https:\/\/mekulo.com\/se\/#organization\",\"name\":\"Mekulo\",\"url\":\"https:\/\/mekulo.com\/se\/\",\"logo\":{\"@type\":\"ImageObject\",\"inLanguage\":\"sv-SE\",\"@id\":\"https:\/\/mekulo.com\/se\/#\/schema\/logo\/image\/\",\"url\":\"https:\/\/mekulo.com\/se\/wp-content\/uploads\/sites\/11\/2025\/12\/favicon_mekulo.png\",\"contentUrl\":\"https:\/\/mekulo.com\/se\/wp-content\/uploads\/sites\/11\/2025\/12\/favicon_mekulo.png\",\"width\":50,\"height\":50,\"caption\":\"Mekulo\"},\"image\":{\"@id\":\"https:\/\/mekulo.com\/se\/#\/schema\/logo\/image\/\"}}]}<\/script>\n<!-- \/ Yoast SEO plugin. -->","yoast_head_json":{"title":"Elektrisk vin\u00f6ppnare - Mekulo SE","robots":{"index":"index","follow":"follow","max-snippet":"max-snippet:-1","max-image-preview":"max-image-preview:large","max-video-preview":"max-video-preview:-1"},"canonical":"https:\/\/mekulo.com\/se\/produkt\/elektrisk-vinoppnare\/","og_locale":"sv_SE","og_type":"article","og_title":"Elektrisk vin\u00f6ppnare - Mekulo SE","og_description":"\u2705 Vin\u00f6ppnare med en knapptryckning \ud83c\udf77 Vakuumpropp h\u00e5ller vinet fr\u00e4scht i flera dagar \ud83d\udca6 Enkelt att h\u00e4lla utan spill \u2728 Snyggt tillskott till alla barer \ud83c\udf81 Perfekt present till vinentusiaster","og_url":"https:\/\/mekulo.com\/se\/produkt\/elektrisk-vinoppnare\/","og_site_name":"Mekulo SE","og_image":[{"width":500,"height":500,"url":"https:\/\/mekulo.com\/se\/wp-content\/uploads\/sites\/11\/2026\/01\/eqfgq0d-1.webp","type":"image\/webp"}],"twitter_card":"summary_large_image","twitter_misc":{"Ber\u00e4knad l\u00e4stid":"2 minuter"},"schema":{"@context":"https:\/\/schema.org","@graph":[{"@type":"WebPage","@id":"https:\/\/mekulo.com\/se\/produkt\/elektrisk-vinoppnare\/","url":"https:\/\/mekulo.com\/se\/produkt\/elektrisk-vinoppnare\/","name":"Elektrisk vin\u00f6ppnare - Mekulo SE","isPartOf":{"@id":"https:\/\/mekulo.com\/se\/#website"},"primaryImageOfPage":{"@id":"https:\/\/mekulo.com\/se\/produkt\/elektrisk-vinoppnare\/#primaryimage"},"image":{"@id":"https:\/\/mekulo.com\/se\/produkt\/elektrisk-vinoppnare\/#primaryimage"},"thumbnailUrl":"https:\/\/mekulo.com\/se\/wp-content\/uploads\/sites\/11\/2026\/01\/eqfgq0d-1.webp","datePublished":"2026-01-05T14:35:38+00:00","breadcrumb":{"@id":"https:\/\/mekulo.com\/se\/produkt\/elektrisk-vinoppnare\/#breadcrumb"},"inLanguage":"sv-SE","potentialAction":[{"@type":"ReadAction","target":["https:\/\/mekulo.com\/se\/produkt\/elektrisk-vinoppnare\/"]}]},{"@type":"ImageObject","inLanguage":"sv-SE","@id":"https:\/\/mekulo.com\/se\/produkt\/elektrisk-vinoppnare\/#primaryimage","url":"https:\/\/mekulo.com\/se\/wp-content\/uploads\/sites\/11\/2026\/01\/eqfgq0d-1.webp","contentUrl":"https:\/\/mekulo.com\/se\/wp-content\/uploads\/sites\/11\/2026\/01\/eqfgq0d-1.webp","width":500,"height":500},{"@type":"BreadcrumbList","@id":"https:\/\/mekulo.com\/se\/produkt\/elektrisk-vinoppnare\/#breadcrumb","itemListElement":[{"@type":"ListItem","position":1,"name":"Home","item":"https:\/\/mekulo.com\/se\/"},{"@type":"ListItem","position":2,"name":"Butik","item":"https:\/\/mekulo.com\/se\/butik\/"},{"@type":"ListItem","position":3,"name":"Elektrisk vin\u00f6ppnare"}]},{"@type":"WebSite","@id":"https:\/\/mekulo.com\/se\/#website","url":"https:\/\/mekulo.com\/se\/","name":"Mekulo SE","description":"","publisher":{"@id":"https:\/\/mekulo.com\/se\/#organization"},"potentialAction":[{"@type":"SearchAction","target":{"@type":"EntryPoint","urlTemplate":"https:\/\/mekulo.com\/se\/?s={search_term_string}"},"query-input":{"@type":"PropertyValueSpecification","valueRequired":true,"valueName":"search_term_string"}}],"inLanguage":"sv-SE"},{"@type":"Organization","@id":"https:\/\/mekulo.com\/se\/#organization","name":"Mekulo","url":"https:\/\/mekulo.com\/se\/","logo":{"@type":"ImageObject","inLanguage":"sv-SE","@id":"https:\/\/mekulo.com\/se\/#\/schema\/logo\/image\/","url":"https:\/\/mekulo.com\/se\/wp-content\/uploads\/sites\/11\/2025\/12\/favicon_mekulo.png","contentUrl":"https:\/\/mekulo.com\/se\/wp-content\/uploads\/sites\/11\/2025\/12\/favicon_mekulo.png","width":50,"height":50,"caption":"Mekulo"},"image":{"@id":"https:\/\/mekulo.com\/se\/#\/schema\/logo\/image\/"}}]}},"_links":{"self":[{"href":"https:\/\/mekulo.com\/se\/wp-json\/wp\/v2\/product\/14536","targetHints":{"allow":["GET"]}}],"collection":[{"href":"https:\/\/mekulo.com\/se\/wp-json\/wp\/v2\/product"}],"about":[{"href":"https:\/\/mekulo.com\/se\/wp-json\/wp\/v2\/types\/product"}],"replies":[{"embeddable":true,"href":"https:\/\/mekulo.com\/se\/wp-json\/wp\/v2\/comments?post=14536"}],"wp:featuredmedia":[{"embeddable":true,"href":"https:\/\/mekulo.com\/se\/wp-json\/wp\/v2\/media\/14532"}],"wp:attachment":[{"href":"https:\/\/mekulo.com\/se\/wp-json\/wp\/v2\/media?parent=14536"}],"wp:term":[{"taxonomy":"product_brand","embeddable":true,"href":"https:\/\/mekulo.com\/se\/wp-json\/wp\/v2\/product_brand?post=14536"},{"taxonomy":"product_cat","embeddable":true,"href":"https:\/\/mekulo.com\/se\/wp-json\/wp\/v2\/product_cat?post=14536"},{"taxonomy":"product_tag","embeddable":true,"href":"https:\/\/mekulo.com\/se\/wp-json\/wp\/v2\/product_tag?post=14536"}],"curies":[{"name":"wp","href":"https:\/\/api.w.org\/{rel}","templated":true}]}}