{"id":14515,"date":"2026-01-05T16:31:52","date_gmt":"2026-01-05T14:31:52","guid":{"rendered":"https:\/\/mekulo.com\/se\/produkt\/slipande-skarpare-for-borrkronor\/"},"modified":"2026-01-05T16:32:13","modified_gmt":"2026-01-05T14:32:13","slug":"slipande-skarpare-for-borrkronor","status":"publish","type":"product","link":"https:\/\/mekulo.com\/se\/produkt\/slipande-skarpare-for-borrkronor\/","title":{"rendered":"Slipande sk\u00e4rpare f\u00f6r borrkronor"},"content":{"rendered":"<div class=\"flex max-w-full flex-col grow\">\n<div class=\"min-h-8 text-message relative flex w-full flex-col items-end gap-2 text-start break-words whitespace-normal [.text-message+&amp;]:mt-1\" dir=\"auto\" data-message-author-role=\"assistant\" data-message-id=\"e7ad2938-0782-4be8-9474-e98242152b14\" data-message-model-slug=\"gpt-5-2\">\n<div class=\"flex w-full flex-col gap-1 empty:hidden first:pt-[1px]\">\n<div class=\"markdown prose dark:prose-invert w-full break-words light markdown-new-styling\">\n<p style=\"text-align: center\" data-start=\"0\" data-end=\"67\"><strong data-start=\"0\" data-end=\"67\">Slipa Sl\u00f6a Borr Snabbt Och F\u00e5 Dem Att Fungera Som Nya Igen. \u2699\ufe0f<\/strong><\/p>\n<p data-start=\"69\" data-end=\"349\"><img fetchpriority=\"high\" decoding=\"async\" class=\"size-full wp-image-45994 aligncenter\" src=\"https:\/\/keluvo.com\/template\/wp-content\/uploads\/sites\/5\/2025\/12\/102217-ezgif.com-video-to-webp-converter-3.webp\" alt=\"\" width=\"500\" height=\"500\" \/><\/p>\n<h2 style=\"text-align: center\" data-start=\"625\" data-end=\"644\">\u2b50 Huvudf\u00f6rdelar<\/h2>\n<p data-start=\"647\" data-end=\"709\">\ud83e\ude9b \u00c5terst\u00e4ller sl\u00f6a borrkronor \u2013 G\u00f6r gamla borrkronor vassa igen.<\/p>\n<p data-start=\"712\" data-end=\"774\">\u2699\ufe0f Flera vinkelsp\u00e5r \u2013 Passar olika borrkronestorlekar.<\/p>\n<p data-start=\"777\" data-end=\"826\">\ud83d\udd29 L\u00e4tt att anv\u00e4nda \u2013 Inga specialkunskaper kr\u00e4vs.<\/p>\n<p data-start=\"829\" data-end=\"898\">\ud83e\uddf0 Bred kompatibilitet \u2013 Fungerar med HSS, legering, kobolt och mer.<\/p>\n<p data-start=\"901\" data-end=\"968\">\ud83d\udcb0 Kostnadsbesparande l\u00f6sning \u2013 Minskar behovet av nya borrkronor.<\/p>\n<p data-start=\"901\" data-end=\"968\"><img decoding=\"async\" class=\"size-full wp-image-45995 aligncenter\" src=\"https:\/\/keluvo.com\/template\/wp-content\/uploads\/sites\/5\/2025\/12\/102216-ezgif.com-video-to-webp-converter-3.webp\" alt=\"\" width=\"500\" height=\"667\" \/><\/p>\n<h2 style=\"text-align: center\" data-start=\"970\" data-end=\"987\">\ud83e\udde9 Hur Man Anv\u00e4nder<\/h2>\n<ol data-start=\"988\" data-end=\"1223\">\n<li data-start=\"988\" data-end=\"1045\">\n<p data-start=\"991\" data-end=\"1045\">F\u00e4st slipsk\u00e4rpet p\u00e5 din vinkelslip.<\/p>\n<\/li>\n<li data-start=\"1046\" data-end=\"1099\">\n<p data-start=\"1049\" data-end=\"1099\">V\u00e4lj r\u00e4tt sp\u00e5r f\u00f6r din borrkronestorlek.<\/p>\n<\/li>\n<li data-start=\"1100\" data-end=\"1141\">\n<p data-start=\"1103\" data-end=\"1141\">F\u00f6r in borrkronan i guiden.<\/p>\n<\/li>\n<li data-start=\"1142\" data-end=\"1180\">\n<p data-start=\"1145\" data-end=\"1180\">Slipa f\u00f6rsiktigt i den guidade vinkeln.<\/p>\n<\/li>\n<li data-start=\"1181\" data-end=\"1223\">\n<p data-start=\"1184\" data-end=\"1223\">Kontrollera sk\u00e4rpan och upprepa vid behov.<\/p>\n<\/li>\n<\/ol>\n<h2 style=\"text-align: center\" data-start=\"1225\" data-end=\"1247\">\ud83d\udccf Produktdetaljer<\/h2>\n<ul data-start=\"1248\" data-end=\"1434\">\n<li data-start=\"1296\" data-end=\"1313\">\n<p data-start=\"1298\" data-end=\"1313\">Material: ABS<\/p>\n<\/li>\n<li data-start=\"1314\" data-end=\"1349\">\n<p data-start=\"1316\" data-end=\"1349\">Compatibla verktyg: Vinkelslip<\/p>\n<\/li>\n<li data-start=\"1350\" data-end=\"1415\">\n<p data-start=\"1352\" data-end=\"1415\">L\u00e4mplig f\u00f6r: HSS, h\u00e5rd legering, kobolt och liknande borrkronor<\/p>\n<\/li>\n<li data-start=\"1416\" data-end=\"1434\">\n<p data-start=\"1418\" data-end=\"1434\">Storlek: 12,5 x 11,5 cm<\/p>\n<\/li>\n<li data-start=\"1416\" data-end=\"1434\">Tio h\u00e5lspositionsmodell: 3, 4, 5, 6, 7, 8, 9, 10, 11, 12 mm<\/li>\n<\/ul>\n<h2 style=\"text-align: center\" data-start=\"1436\" data-end=\"1459\">\ud83d\udce6 Paketet Inneh\u00e5ller<\/h2>\n<ul data-start=\"1460\" data-end=\"1494\" data-is-last-node=\"\" data-is-only-node=\"\">\n<li data-start=\"1460\" data-end=\"1494\" data-is-last-node=\"\">\n<p data-start=\"1462\" data-end=\"1494\" data-is-last-node=\"\">1, 2x borrkroneslip.<\/p>\n<\/li>\n<\/ul>\n<\/div>\n<\/div>\n<\/div>\n<\/div>\n","protected":false},"excerpt":{"rendered":"<p>Med den h\u00e4r borrkroneslipmaskinen kan du snabbt \u00e5terst\u00e4lla slitna borrkronor utan att beh\u00f6va k\u00f6pa nya. Det l\u00e4ttanv\u00e4nda sliptillbeh\u00f6ret passar p\u00e5 din vinkelslip och g\u00f6r att du kan slipa olika borrkronestorlekar med r\u00e4tt vinkel f\u00f6r renare och snabbare borrning.<\/p>\n","protected":false},"featured_media":14511,"comment_status":"open","ping_status":"closed","template":"","meta":{"site-sidebar-layout":"default","site-content-layout":"","ast-site-content-layout":"default","site-content-style":"default","site-sidebar-style":"default","ast-global-header-display":"","ast-banner-title-visibility":"","ast-main-header-display":"","ast-hfb-above-header-display":"","ast-hfb-below-header-display":"","ast-hfb-mobile-header-display":"","site-post-title":"","ast-breadcrumbs-content":"","ast-featured-img":"","footer-sml-layout":"","theme-transparent-header-meta":"default","adv-header-id-meta":"","stick-header-meta":"","header-above-stick-meta":"","header-main-stick-meta":"","header-below-stick-meta":"","astra-migrate-meta-layouts":"set","ast-page-background-enabled":"default","ast-page-background-meta":{"desktop":{"background-color":"var(--ast-global-color-5)","background-image":"","background-repeat":"repeat","background-position":"center center","background-size":"auto","background-attachment":"scroll","background-type":"","background-media":"","overlay-type":"","overlay-color":"","overlay-opacity":"","overlay-gradient":""},"tablet":{"background-color":"","background-image":"","background-repeat":"repeat","background-position":"center center","background-size":"auto","background-attachment":"scroll","background-type":"","background-media":"","overlay-type":"","overlay-color":"","overlay-opacity":"","overlay-gradient":""},"mobile":{"background-color":"","background-image":"","background-repeat":"repeat","background-position":"center center","background-size":"auto","background-attachment":"scroll","background-type":"","background-media":"","overlay-type":"","overlay-color":"","overlay-opacity":"","overlay-gradient":""}},"ast-content-background-meta":{"desktop":{"background-color":"var(--ast-global-color-4)","background-image":"","background-repeat":"repeat","background-position":"center center","background-size":"auto","background-attachment":"scroll","background-type":"","background-media":"","overlay-type":"","overlay-color":"","overlay-opacity":"","overlay-gradient":""},"tablet":{"background-color":"var(--ast-global-color-4)","background-image":"","background-repeat":"repeat","background-position":"center center","background-size":"auto","background-attachment":"scroll","background-type":"","background-media":"","overlay-type":"","overlay-color":"","overlay-opacity":"","overlay-gradient":""},"mobile":{"background-color":"var(--ast-global-color-4)","background-image":"","background-repeat":"repeat","background-position":"center center","background-size":"auto","background-attachment":"scroll","background-type":"","background-media":"","overlay-type":"","overlay-color":"","overlay-opacity":"","overlay-gradient":""}}},"product_brand":[],"product_cat":[171],"product_tag":[],"class_list":{"0":"post-14515","1":"product","2":"type-product","3":"status-publish","4":"has-post-thumbnail","6":"product_cat-verktyg","7":"pa_60176_spksuuo9-bla","8":"pa_60176_spksuuo9-rod","9":"pa_60176_spksuuo9-svart","10":"pa_60176_vh9hec0g-1-st","11":"pa_60176_vh9hec0g-2-st","12":"desktop-align-left","13":"tablet-align-left","14":"mobile-align-left","16":"first","17":"instock","18":"shipping-taxable","19":"purchasable","20":"product-type-variable","21":"has-default-attributes"},"yoast_head":"<!-- This site is optimized with the Yoast SEO plugin v26.6 - https:\/\/yoast.com\/wordpress\/plugins\/seo\/ -->\n<title>Slipande sk\u00e4rpare f\u00f6r borrkronor - Mekulo SE<\/title>\n<meta name=\"robots\" content=\"index, follow, max-snippet:-1, max-image-preview:large, max-video-preview:-1\" \/>\n<link rel=\"canonical\" href=\"https:\/\/mekulo.com\/se\/produkt\/slipande-skarpare-for-borrkronor\/\" \/>\n<meta property=\"og:locale\" content=\"sv_SE\" \/>\n<meta property=\"og:type\" content=\"article\" \/>\n<meta property=\"og:title\" content=\"Slipande sk\u00e4rpare f\u00f6r borrkronor - Mekulo SE\" \/>\n<meta property=\"og:description\" content=\"Med den h\u00e4r borrkroneslipmaskinen kan du snabbt \u00e5terst\u00e4lla slitna borrkronor utan att beh\u00f6va k\u00f6pa nya. Det l\u00e4ttanv\u00e4nda sliptillbeh\u00f6ret passar p\u00e5 din vinkelslip och g\u00f6r att du kan slipa olika borrkronestorlekar med r\u00e4tt vinkel f\u00f6r renare och snabbare borrning.\" \/>\n<meta property=\"og:url\" content=\"https:\/\/mekulo.com\/se\/produkt\/slipande-skarpare-for-borrkronor\/\" \/>\n<meta property=\"og:site_name\" content=\"Mekulo SE\" \/>\n<meta property=\"article:modified_time\" content=\"2026-01-05T14:32:13+00:00\" \/>\n<meta property=\"og:image\" content=\"https:\/\/mekulo.com\/se\/wp-content\/uploads\/sites\/11\/2026\/01\/rm5q01c-1.jpg\" \/>\n\t<meta property=\"og:image:width\" content=\"1080\" \/>\n\t<meta property=\"og:image:height\" content=\"1080\" \/>\n\t<meta property=\"og:image:type\" content=\"image\/jpeg\" \/>\n<meta name=\"twitter:card\" content=\"summary_large_image\" \/>\n<meta name=\"twitter:label1\" content=\"Ber\u00e4knad l\u00e4stid\" \/>\n\t<meta name=\"twitter:data1\" content=\"2 minuter\" \/>\n<script type=\"application\/ld+json\" class=\"yoast-schema-graph\">{\"@context\":\"https:\/\/schema.org\",\"@graph\":[{\"@type\":\"WebPage\",\"@id\":\"https:\/\/mekulo.com\/se\/produkt\/slipande-skarpare-for-borrkronor\/\",\"url\":\"https:\/\/mekulo.com\/se\/produkt\/slipande-skarpare-for-borrkronor\/\",\"name\":\"Slipande sk\u00e4rpare f\u00f6r borrkronor - Mekulo SE\",\"isPartOf\":{\"@id\":\"https:\/\/mekulo.com\/se\/#website\"},\"primaryImageOfPage\":{\"@id\":\"https:\/\/mekulo.com\/se\/produkt\/slipande-skarpare-for-borrkronor\/#primaryimage\"},\"image\":{\"@id\":\"https:\/\/mekulo.com\/se\/produkt\/slipande-skarpare-for-borrkronor\/#primaryimage\"},\"thumbnailUrl\":\"https:\/\/mekulo.com\/se\/wp-content\/uploads\/sites\/11\/2026\/01\/rm5q01c-1.jpg\",\"datePublished\":\"2026-01-05T14:31:52+00:00\",\"dateModified\":\"2026-01-05T14:32:13+00:00\",\"breadcrumb\":{\"@id\":\"https:\/\/mekulo.com\/se\/produkt\/slipande-skarpare-for-borrkronor\/#breadcrumb\"},\"inLanguage\":\"sv-SE\",\"potentialAction\":[{\"@type\":\"ReadAction\",\"target\":[\"https:\/\/mekulo.com\/se\/produkt\/slipande-skarpare-for-borrkronor\/\"]}]},{\"@type\":\"ImageObject\",\"inLanguage\":\"sv-SE\",\"@id\":\"https:\/\/mekulo.com\/se\/produkt\/slipande-skarpare-for-borrkronor\/#primaryimage\",\"url\":\"https:\/\/mekulo.com\/se\/wp-content\/uploads\/sites\/11\/2026\/01\/rm5q01c-1.jpg\",\"contentUrl\":\"https:\/\/mekulo.com\/se\/wp-content\/uploads\/sites\/11\/2026\/01\/rm5q01c-1.jpg\",\"width\":1080,\"height\":1080},{\"@type\":\"BreadcrumbList\",\"@id\":\"https:\/\/mekulo.com\/se\/produkt\/slipande-skarpare-for-borrkronor\/#breadcrumb\",\"itemListElement\":[{\"@type\":\"ListItem\",\"position\":1,\"name\":\"Home\",\"item\":\"https:\/\/mekulo.com\/se\/\"},{\"@type\":\"ListItem\",\"position\":2,\"name\":\"Butik\",\"item\":\"https:\/\/mekulo.com\/se\/butik\/\"},{\"@type\":\"ListItem\",\"position\":3,\"name\":\"Slipande sk\u00e4rpare f\u00f6r borrkronor\"}]},{\"@type\":\"WebSite\",\"@id\":\"https:\/\/mekulo.com\/se\/#website\",\"url\":\"https:\/\/mekulo.com\/se\/\",\"name\":\"Mekulo SE\",\"description\":\"\",\"publisher\":{\"@id\":\"https:\/\/mekulo.com\/se\/#organization\"},\"potentialAction\":[{\"@type\":\"SearchAction\",\"target\":{\"@type\":\"EntryPoint\",\"urlTemplate\":\"https:\/\/mekulo.com\/se\/?s={search_term_string}\"},\"query-input\":{\"@type\":\"PropertyValueSpecification\",\"valueRequired\":true,\"valueName\":\"search_term_string\"}}],\"inLanguage\":\"sv-SE\"},{\"@type\":\"Organization\",\"@id\":\"https:\/\/mekulo.com\/se\/#organization\",\"name\":\"Mekulo\",\"url\":\"https:\/\/mekulo.com\/se\/\",\"logo\":{\"@type\":\"ImageObject\",\"inLanguage\":\"sv-SE\",\"@id\":\"https:\/\/mekulo.com\/se\/#\/schema\/logo\/image\/\",\"url\":\"https:\/\/mekulo.com\/se\/wp-content\/uploads\/sites\/11\/2025\/12\/favicon_mekulo.png\",\"contentUrl\":\"https:\/\/mekulo.com\/se\/wp-content\/uploads\/sites\/11\/2025\/12\/favicon_mekulo.png\",\"width\":50,\"height\":50,\"caption\":\"Mekulo\"},\"image\":{\"@id\":\"https:\/\/mekulo.com\/se\/#\/schema\/logo\/image\/\"}}]}<\/script>\n<!-- \/ Yoast SEO plugin. -->","yoast_head_json":{"title":"Slipande sk\u00e4rpare f\u00f6r borrkronor - Mekulo SE","robots":{"index":"index","follow":"follow","max-snippet":"max-snippet:-1","max-image-preview":"max-image-preview:large","max-video-preview":"max-video-preview:-1"},"canonical":"https:\/\/mekulo.com\/se\/produkt\/slipande-skarpare-for-borrkronor\/","og_locale":"sv_SE","og_type":"article","og_title":"Slipande sk\u00e4rpare f\u00f6r borrkronor - Mekulo SE","og_description":"Med den h\u00e4r borrkroneslipmaskinen kan du snabbt \u00e5terst\u00e4lla slitna borrkronor utan att beh\u00f6va k\u00f6pa nya. Det l\u00e4ttanv\u00e4nda sliptillbeh\u00f6ret passar p\u00e5 din vinkelslip och g\u00f6r att du kan slipa olika borrkronestorlekar med r\u00e4tt vinkel f\u00f6r renare och snabbare borrning.","og_url":"https:\/\/mekulo.com\/se\/produkt\/slipande-skarpare-for-borrkronor\/","og_site_name":"Mekulo SE","article_modified_time":"2026-01-05T14:32:13+00:00","og_image":[{"width":1080,"height":1080,"url":"https:\/\/mekulo.com\/se\/wp-content\/uploads\/sites\/11\/2026\/01\/rm5q01c-1.jpg","type":"image\/jpeg"}],"twitter_card":"summary_large_image","twitter_misc":{"Ber\u00e4knad l\u00e4stid":"2 minuter"},"schema":{"@context":"https:\/\/schema.org","@graph":[{"@type":"WebPage","@id":"https:\/\/mekulo.com\/se\/produkt\/slipande-skarpare-for-borrkronor\/","url":"https:\/\/mekulo.com\/se\/produkt\/slipande-skarpare-for-borrkronor\/","name":"Slipande sk\u00e4rpare f\u00f6r borrkronor - Mekulo SE","isPartOf":{"@id":"https:\/\/mekulo.com\/se\/#website"},"primaryImageOfPage":{"@id":"https:\/\/mekulo.com\/se\/produkt\/slipande-skarpare-for-borrkronor\/#primaryimage"},"image":{"@id":"https:\/\/mekulo.com\/se\/produkt\/slipande-skarpare-for-borrkronor\/#primaryimage"},"thumbnailUrl":"https:\/\/mekulo.com\/se\/wp-content\/uploads\/sites\/11\/2026\/01\/rm5q01c-1.jpg","datePublished":"2026-01-05T14:31:52+00:00","dateModified":"2026-01-05T14:32:13+00:00","breadcrumb":{"@id":"https:\/\/mekulo.com\/se\/produkt\/slipande-skarpare-for-borrkronor\/#breadcrumb"},"inLanguage":"sv-SE","potentialAction":[{"@type":"ReadAction","target":["https:\/\/mekulo.com\/se\/produkt\/slipande-skarpare-for-borrkronor\/"]}]},{"@type":"ImageObject","inLanguage":"sv-SE","@id":"https:\/\/mekulo.com\/se\/produkt\/slipande-skarpare-for-borrkronor\/#primaryimage","url":"https:\/\/mekulo.com\/se\/wp-content\/uploads\/sites\/11\/2026\/01\/rm5q01c-1.jpg","contentUrl":"https:\/\/mekulo.com\/se\/wp-content\/uploads\/sites\/11\/2026\/01\/rm5q01c-1.jpg","width":1080,"height":1080},{"@type":"BreadcrumbList","@id":"https:\/\/mekulo.com\/se\/produkt\/slipande-skarpare-for-borrkronor\/#breadcrumb","itemListElement":[{"@type":"ListItem","position":1,"name":"Home","item":"https:\/\/mekulo.com\/se\/"},{"@type":"ListItem","position":2,"name":"Butik","item":"https:\/\/mekulo.com\/se\/butik\/"},{"@type":"ListItem","position":3,"name":"Slipande sk\u00e4rpare f\u00f6r borrkronor"}]},{"@type":"WebSite","@id":"https:\/\/mekulo.com\/se\/#website","url":"https:\/\/mekulo.com\/se\/","name":"Mekulo SE","description":"","publisher":{"@id":"https:\/\/mekulo.com\/se\/#organization"},"potentialAction":[{"@type":"SearchAction","target":{"@type":"EntryPoint","urlTemplate":"https:\/\/mekulo.com\/se\/?s={search_term_string}"},"query-input":{"@type":"PropertyValueSpecification","valueRequired":true,"valueName":"search_term_string"}}],"inLanguage":"sv-SE"},{"@type":"Organization","@id":"https:\/\/mekulo.com\/se\/#organization","name":"Mekulo","url":"https:\/\/mekulo.com\/se\/","logo":{"@type":"ImageObject","inLanguage":"sv-SE","@id":"https:\/\/mekulo.com\/se\/#\/schema\/logo\/image\/","url":"https:\/\/mekulo.com\/se\/wp-content\/uploads\/sites\/11\/2025\/12\/favicon_mekulo.png","contentUrl":"https:\/\/mekulo.com\/se\/wp-content\/uploads\/sites\/11\/2025\/12\/favicon_mekulo.png","width":50,"height":50,"caption":"Mekulo"},"image":{"@id":"https:\/\/mekulo.com\/se\/#\/schema\/logo\/image\/"}}]}},"_links":{"self":[{"href":"https:\/\/mekulo.com\/se\/wp-json\/wp\/v2\/product\/14515","targetHints":{"allow":["GET"]}}],"collection":[{"href":"https:\/\/mekulo.com\/se\/wp-json\/wp\/v2\/product"}],"about":[{"href":"https:\/\/mekulo.com\/se\/wp-json\/wp\/v2\/types\/product"}],"replies":[{"embeddable":true,"href":"https:\/\/mekulo.com\/se\/wp-json\/wp\/v2\/comments?post=14515"}],"wp:featuredmedia":[{"embeddable":true,"href":"https:\/\/mekulo.com\/se\/wp-json\/wp\/v2\/media\/14511"}],"wp:attachment":[{"href":"https:\/\/mekulo.com\/se\/wp-json\/wp\/v2\/media?parent=14515"}],"wp:term":[{"taxonomy":"product_brand","embeddable":true,"href":"https:\/\/mekulo.com\/se\/wp-json\/wp\/v2\/product_brand?post=14515"},{"taxonomy":"product_cat","embeddable":true,"href":"https:\/\/mekulo.com\/se\/wp-json\/wp\/v2\/product_cat?post=14515"},{"taxonomy":"product_tag","embeddable":true,"href":"https:\/\/mekulo.com\/se\/wp-json\/wp\/v2\/product_tag?post=14515"}],"curies":[{"name":"wp","href":"https:\/\/api.w.org\/{rel}","templated":true}]}}