{"id":14490,"date":"2026-01-05T16:29:39","date_gmt":"2026-01-05T14:29:39","guid":{"rendered":"https:\/\/mekulo.com\/se\/produkt\/interaktiv-leksak-med-sjungande-fagel\/"},"modified":"2026-01-22T17:49:58","modified_gmt":"2026-01-22T15:49:58","slug":"interaktiv-leksak-med-sjungande-fagel","status":"publish","type":"product","link":"https:\/\/mekulo.com\/se\/produkt\/interaktiv-leksak-med-sjungande-fagel\/","title":{"rendered":"Interaktiv leksak med sjungande f\u00e5gel"},"content":{"rendered":"<article class=\"text-token-text-primary w-full focus:outline-none [--shadow-height:45px] has-data-writing-block:pointer-events-none has-data-writing-block:-mt-(--shadow-height) has-data-writing-block:pt-(--shadow-height) [&amp;:has([data-writing-block])&gt;*]:pointer-events-auto scroll-mt-[calc(var(--header-height)+min(200px,max(70px,20svh)))]\" dir=\"auto\" data-turn-id=\"a56809bd-7a88-4348-8409-b518ba7c191d\" data-testid=\"conversation-turn-206\" data-scroll-anchor=\"false\" data-turn=\"assistant\">\n<div class=\"text-base my-auto mx-auto [--thread-content-margin:--spacing(4)] @w-sm\/main:[--thread-content-margin:--spacing(6)] @w-lg\/main:[--thread-content-margin:--spacing(16)] px-(--thread-content-margin)\">\n<div class=\"[--thread-content-max-width:40rem] @w-lg\/main:[--thread-content-max-width:48rem] mx-auto max-w-(--thread-content-max-width) flex-1 group\/turn-messages focus-visible:outline-hidden relative flex w-full min-w-0 flex-col agent-turn\">\n<div class=\"flex max-w-full flex-col grow\">\n<div class=\"min-h-8 text-message relative flex w-full flex-col items-end gap-2 text-start break-words whitespace-normal [.text-message+&amp;]:mt-1\" dir=\"auto\" data-message-author-role=\"assistant\" data-message-id=\"a56809bd-7a88-4348-8409-b518ba7c191d\" data-message-model-slug=\"gpt-5-2\">\n<div class=\"flex w-full flex-col gap-1 empty:hidden first:pt-[1px]\">\n<div class=\"markdown prose dark:prose-invert w-full break-words light markdown-new-styling\">\n<p style=\"text-align: center;\" data-start=\"0\" data-end=\"64\"><strong data-start=\"0\" data-end=\"64\">V\u00e4ck Ljud, R\u00f6relse Och Gl\u00e4dje Till Liv Med En Enkel Klapp.<\/strong><span style=\"font-size: 16px; font-style: normal; font-weight: 400;\">\ud83c\udfb5<\/span><\/p>\n<p style=\"text-align: center;\" data-start=\"66\" data-end=\"268\">Den h\u00e4r interaktiva sjungande f\u00e5gelleksaken reagerar p\u00e5 ljud och vaknar omedelbart till liv med realistiska r\u00f6relser och glada f\u00e5gels\u00e5nger. Det \u00e4r en rolig dekoration och engagerande leksak som underh\u00e5ller b\u00e5de barn och vuxna. Den animerade f\u00e5geln reagerar p\u00e5 klappar eller ljud i n\u00e4rheten genom att r\u00f6ra p\u00e5 huvudet, n\u00e4bben, vingarna och kroppen samtidigt som den sjunger klara, melodiska f\u00e5gell\u00e4ten. Dess realistiska design och lekfulla r\u00f6relser g\u00f6r den perfekt f\u00f6r skrivbord, hyllor eller lekplatser.<\/p>\n<p data-start=\"66\" data-end=\"268\"><img fetchpriority=\"high\" decoding=\"async\" class=\"size-full wp-image-46826 aligncenter\" src=\"https:\/\/keluvo.com\/template\/wp-content\/uploads\/sites\/5\/2025\/12\/122111-ezgif.com-video-to-webp-converter.webp\" alt=\"\" width=\"500\" height=\"500\" \/><\/p>\n<h2 style=\"text-align: center;\" data-start=\"563\" data-end=\"583\">Huvudf\u00f6rdelar \ud83d\udcab<\/h2>\n<p data-start=\"586\" data-end=\"639\">\ud83d\udc4f Ljudaktiverad &#8211; reagerar p\u00e5 klappar och r\u00f6ster.<\/p>\n<p data-start=\"642\" data-end=\"714\">\ud83d\udc26 Realistisk r\u00f6relse &#8211; huvud, vingar, n\u00e4bb och kropp r\u00f6r sig naturligt.<\/p>\n<p data-start=\"717\" data-end=\"776\">\ud83c\udfb6 Klara f\u00e5gelljud &#8211; behagliga och verklighetstrogna melodier.<\/p>\n<p data-start=\"779\" data-end=\"847\">\ud83e\udde0 Stimulerar sinnena &#8211; St\u00f6djer utvecklingen av syn och h\u00f6rsel.<\/p>\n<p data-start=\"850\" data-end=\"915\">\ud83c\udf81 Bra presentid\u00e9 &#8211; Roligt f\u00f6r barn, familjer och dekoration.<\/p>\n<p data-start=\"850\" data-end=\"915\"><img decoding=\"async\" class=\"size-full wp-image-46821 aligncenter\" src=\"https:\/\/keluvo.com\/template\/wp-content\/uploads\/sites\/5\/2025\/12\/122110-ezgif.com-video-to-webp-converter.webp\" alt=\"\" width=\"500\" height=\"500\" \/><\/p>\n<h2 style=\"text-align: center;\" data-start=\"922\" data-end=\"939\">Hur Man Anv\u00e4nder \ud83d\udccc<\/h2>\n<ol data-start=\"940\" data-end=\"1118\">\n<li data-start=\"940\" data-end=\"977\">\n<p data-start=\"943\" data-end=\"977\">Placera leksaken p\u00e5 en plan yta.<\/p>\n<\/li>\n<li data-start=\"978\" data-end=\"1022\">\n<p data-start=\"981\" data-end=\"1022\">G\u00f6r ett ljud eller klappa h\u00e4nderna i n\u00e4rheten.<\/p>\n<\/li>\n<li data-start=\"1023\" data-end=\"1071\">\n<p data-start=\"1026\" data-end=\"1071\">Se f\u00e5geln r\u00f6ra sig och sjunga automatiskt.<\/p>\n<\/li>\n<li data-start=\"1072\" data-end=\"1118\">\n<p data-start=\"1075\" data-end=\"1118\">Njut av f\u00f6rest\u00e4llningen och upprepa n\u00e4r som helst.<\/p>\n<\/li>\n<\/ol>\n<h2 style=\"text-align: center;\" data-start=\"1125\" data-end=\"1147\">Produktdetaljer \ud83d\udccf<\/h2>\n<ul data-start=\"1148\" data-end=\"1480\">\n<li data-start=\"1195\" data-end=\"1225\">\n<p data-start=\"1197\" data-end=\"1225\">Style: Rolig simuleringsf\u00e5gel<\/p>\n<\/li>\n<li data-start=\"1226\" data-end=\"1251\">\n<p data-start=\"1228\" data-end=\"1251\">Material: ABS-plast<\/p>\n<\/li>\n<li data-start=\"1252\" data-end=\"1291\">\n<p data-start=\"1254\" data-end=\"1291\">Aktivering: Ljud \/ r\u00f6staktiverad<\/p>\n<\/li>\n<li data-start=\"1292\" data-end=\"1328\">\n<p data-start=\"1294\" data-end=\"1328\">Anv\u00e4ndning: Dekoration, interaktiv leksak<\/p>\n<\/li>\n<li data-start=\"1329\" data-end=\"1434\">\n<p data-start=\"1331\" data-end=\"1346\">Storleksalternativ: beror p\u00e5 vald modell<\/p>\n<\/li>\n<li data-start=\"1329\" data-end=\"1434\">Str\u00f6m: batterimodell (ing\u00e5r ej)<\/li>\n<\/ul>\n<h2 style=\"text-align: center;\" data-start=\"1487\" data-end=\"1510\">I paketet ing\u00e5r \ud83d\udce6<\/h2>\n<ul data-start=\"1511\" data-end=\"1565\" data-is-last-node=\"\" data-is-only-node=\"\">\n<li data-start=\"1511\" data-end=\"1565\" data-is-last-node=\"\">\n<p data-start=\"1513\" data-end=\"1565\" data-is-last-node=\"\">1x interaktiv f\u00e5gels\u00e5ngleksak.<\/p>\n<\/li>\n<\/ul>\n<\/div>\n<\/div>\n<\/div>\n<\/div>\n<\/div>\n<\/div>\n<\/article>\n","protected":false},"excerpt":{"rendered":"<p>V\u00e4ck Ljud, R\u00f6relse Och Gl\u00e4dje Till Liv Med En Enkel Klapp.\ud83c\udfb5 Den h\u00e4r interaktiva sjungande f\u00e5gelleksaken reagerar p\u00e5 ljud och [&hellip;]<\/p>\n","protected":false},"featured_media":14486,"comment_status":"open","ping_status":"closed","template":"","meta":{"site-sidebar-layout":"default","site-content-layout":"","ast-site-content-layout":"default","site-content-style":"default","site-sidebar-style":"default","ast-global-header-display":"","ast-banner-title-visibility":"","ast-main-header-display":"","ast-hfb-above-header-display":"","ast-hfb-below-header-display":"","ast-hfb-mobile-header-display":"","site-post-title":"","ast-breadcrumbs-content":"","ast-featured-img":"","footer-sml-layout":"","theme-transparent-header-meta":"default","adv-header-id-meta":"","stick-header-meta":"","header-above-stick-meta":"","header-main-stick-meta":"","header-below-stick-meta":"","astra-migrate-meta-layouts":"set","ast-page-background-enabled":"default","ast-page-background-meta":{"desktop":{"background-color":"var(--ast-global-color-5)","background-image":"","background-repeat":"repeat","background-position":"center center","background-size":"auto","background-attachment":"scroll","background-type":"","background-media":"","overlay-type":"","overlay-color":"","overlay-opacity":"","overlay-gradient":""},"tablet":{"background-color":"","background-image":"","background-repeat":"repeat","background-position":"center center","background-size":"auto","background-attachment":"scroll","background-type":"","background-media":"","overlay-type":"","overlay-color":"","overlay-opacity":"","overlay-gradient":""},"mobile":{"background-color":"","background-image":"","background-repeat":"repeat","background-position":"center center","background-size":"auto","background-attachment":"scroll","background-type":"","background-media":"","overlay-type":"","overlay-color":"","overlay-opacity":"","overlay-gradient":""}},"ast-content-background-meta":{"desktop":{"background-color":"var(--ast-global-color-4)","background-image":"","background-repeat":"repeat","background-position":"center center","background-size":"auto","background-attachment":"scroll","background-type":"","background-media":"","overlay-type":"","overlay-color":"","overlay-opacity":"","overlay-gradient":""},"tablet":{"background-color":"var(--ast-global-color-4)","background-image":"","background-repeat":"repeat","background-position":"center center","background-size":"auto","background-attachment":"scroll","background-type":"","background-media":"","overlay-type":"","overlay-color":"","overlay-opacity":"","overlay-gradient":""},"mobile":{"background-color":"var(--ast-global-color-4)","background-image":"","background-repeat":"repeat","background-position":"center center","background-size":"auto","background-attachment":"scroll","background-type":"","background-media":"","overlay-type":"","overlay-color":"","overlay-opacity":"","overlay-gradient":""}}},"product_brand":[],"product_cat":[172],"product_tag":[],"class_list":{"0":"post-14490","1":"product","2":"type-product","3":"status-publish","4":"has-post-thumbnail","6":"product_cat-leksaker-barn-och-babyprodukter","7":"pa_62349_zoypxm54-a","8":"pa_62349_zoypxm54-b","9":"pa_62349_zoypxm54-c","10":"pa_62349_zoypxm54-d","11":"pa_62349_zoypxm54-e","12":"pa_62349_zoypxm54-f","13":"pa_62349_zoypxm54-g","14":"pa_62349_zoypxm54-h","15":"desktop-align-left","16":"tablet-align-left","17":"mobile-align-left","19":"first","20":"instock","21":"shipping-taxable","22":"purchasable","23":"product-type-variable"},"yoast_head":"<!-- This site is optimized with the Yoast SEO plugin v26.6 - https:\/\/yoast.com\/wordpress\/plugins\/seo\/ -->\n<title>Interaktiv leksak med sjungande f\u00e5gel - Mekulo SE<\/title>\n<meta name=\"robots\" content=\"index, follow, max-snippet:-1, max-image-preview:large, max-video-preview:-1\" \/>\n<link rel=\"canonical\" href=\"https:\/\/mekulo.com\/se\/produkt\/interaktiv-leksak-med-sjungande-fagel\/\" \/>\n<meta property=\"og:locale\" content=\"sv_SE\" \/>\n<meta property=\"og:type\" content=\"article\" \/>\n<meta property=\"og:title\" content=\"Interaktiv leksak med sjungande f\u00e5gel - Mekulo SE\" \/>\n<meta property=\"og:description\" content=\"V\u00e4ck Ljud, R\u00f6relse Och Gl\u00e4dje Till Liv Med En Enkel Klapp.\ud83c\udfb5 Den h\u00e4r interaktiva sjungande f\u00e5gelleksaken reagerar p\u00e5 ljud och [&hellip;]\" \/>\n<meta property=\"og:url\" content=\"https:\/\/mekulo.com\/se\/produkt\/interaktiv-leksak-med-sjungande-fagel\/\" \/>\n<meta property=\"og:site_name\" content=\"Mekulo SE\" \/>\n<meta property=\"article:modified_time\" content=\"2026-01-22T15:49:58+00:00\" \/>\n<meta property=\"og:image\" content=\"https:\/\/mekulo.com\/se\/wp-content\/uploads\/sites\/11\/2026\/01\/0o7pr9c-1.webp\" \/>\n\t<meta property=\"og:image:width\" content=\"800\" \/>\n\t<meta property=\"og:image:height\" content=\"800\" \/>\n\t<meta property=\"og:image:type\" content=\"image\/webp\" \/>\n<meta name=\"twitter:card\" content=\"summary_large_image\" \/>\n<meta name=\"twitter:label1\" content=\"Ber\u00e4knad l\u00e4stid\" \/>\n\t<meta name=\"twitter:data1\" content=\"2 minuter\" \/>\n<script type=\"application\/ld+json\" class=\"yoast-schema-graph\">{\"@context\":\"https:\/\/schema.org\",\"@graph\":[{\"@type\":\"WebPage\",\"@id\":\"https:\/\/mekulo.com\/se\/produkt\/interaktiv-leksak-med-sjungande-fagel\/\",\"url\":\"https:\/\/mekulo.com\/se\/produkt\/interaktiv-leksak-med-sjungande-fagel\/\",\"name\":\"Interaktiv leksak med sjungande f\u00e5gel - Mekulo SE\",\"isPartOf\":{\"@id\":\"https:\/\/mekulo.com\/se\/#website\"},\"primaryImageOfPage\":{\"@id\":\"https:\/\/mekulo.com\/se\/produkt\/interaktiv-leksak-med-sjungande-fagel\/#primaryimage\"},\"image\":{\"@id\":\"https:\/\/mekulo.com\/se\/produkt\/interaktiv-leksak-med-sjungande-fagel\/#primaryimage\"},\"thumbnailUrl\":\"https:\/\/mekulo.com\/se\/wp-content\/uploads\/sites\/11\/2026\/01\/0o7pr9c-1.webp\",\"datePublished\":\"2026-01-05T14:29:39+00:00\",\"dateModified\":\"2026-01-22T15:49:58+00:00\",\"breadcrumb\":{\"@id\":\"https:\/\/mekulo.com\/se\/produkt\/interaktiv-leksak-med-sjungande-fagel\/#breadcrumb\"},\"inLanguage\":\"sv-SE\",\"potentialAction\":[{\"@type\":\"ReadAction\",\"target\":[\"https:\/\/mekulo.com\/se\/produkt\/interaktiv-leksak-med-sjungande-fagel\/\"]}]},{\"@type\":\"ImageObject\",\"inLanguage\":\"sv-SE\",\"@id\":\"https:\/\/mekulo.com\/se\/produkt\/interaktiv-leksak-med-sjungande-fagel\/#primaryimage\",\"url\":\"https:\/\/mekulo.com\/se\/wp-content\/uploads\/sites\/11\/2026\/01\/0o7pr9c-1.webp\",\"contentUrl\":\"https:\/\/mekulo.com\/se\/wp-content\/uploads\/sites\/11\/2026\/01\/0o7pr9c-1.webp\",\"width\":800,\"height\":800},{\"@type\":\"BreadcrumbList\",\"@id\":\"https:\/\/mekulo.com\/se\/produkt\/interaktiv-leksak-med-sjungande-fagel\/#breadcrumb\",\"itemListElement\":[{\"@type\":\"ListItem\",\"position\":1,\"name\":\"Home\",\"item\":\"https:\/\/mekulo.com\/se\/\"},{\"@type\":\"ListItem\",\"position\":2,\"name\":\"Butik\",\"item\":\"https:\/\/mekulo.com\/se\/butik\/\"},{\"@type\":\"ListItem\",\"position\":3,\"name\":\"Interaktiv leksak med sjungande f\u00e5gel\"}]},{\"@type\":\"WebSite\",\"@id\":\"https:\/\/mekulo.com\/se\/#website\",\"url\":\"https:\/\/mekulo.com\/se\/\",\"name\":\"Mekulo SE\",\"description\":\"\",\"publisher\":{\"@id\":\"https:\/\/mekulo.com\/se\/#organization\"},\"potentialAction\":[{\"@type\":\"SearchAction\",\"target\":{\"@type\":\"EntryPoint\",\"urlTemplate\":\"https:\/\/mekulo.com\/se\/?s={search_term_string}\"},\"query-input\":{\"@type\":\"PropertyValueSpecification\",\"valueRequired\":true,\"valueName\":\"search_term_string\"}}],\"inLanguage\":\"sv-SE\"},{\"@type\":\"Organization\",\"@id\":\"https:\/\/mekulo.com\/se\/#organization\",\"name\":\"Mekulo\",\"url\":\"https:\/\/mekulo.com\/se\/\",\"logo\":{\"@type\":\"ImageObject\",\"inLanguage\":\"sv-SE\",\"@id\":\"https:\/\/mekulo.com\/se\/#\/schema\/logo\/image\/\",\"url\":\"https:\/\/mekulo.com\/se\/wp-content\/uploads\/sites\/11\/2025\/12\/favicon_mekulo.png\",\"contentUrl\":\"https:\/\/mekulo.com\/se\/wp-content\/uploads\/sites\/11\/2025\/12\/favicon_mekulo.png\",\"width\":50,\"height\":50,\"caption\":\"Mekulo\"},\"image\":{\"@id\":\"https:\/\/mekulo.com\/se\/#\/schema\/logo\/image\/\"}}]}<\/script>\n<!-- \/ Yoast SEO plugin. -->","yoast_head_json":{"title":"Interaktiv leksak med sjungande f\u00e5gel - Mekulo SE","robots":{"index":"index","follow":"follow","max-snippet":"max-snippet:-1","max-image-preview":"max-image-preview:large","max-video-preview":"max-video-preview:-1"},"canonical":"https:\/\/mekulo.com\/se\/produkt\/interaktiv-leksak-med-sjungande-fagel\/","og_locale":"sv_SE","og_type":"article","og_title":"Interaktiv leksak med sjungande f\u00e5gel - Mekulo SE","og_description":"V\u00e4ck Ljud, R\u00f6relse Och Gl\u00e4dje Till Liv Med En Enkel Klapp.\ud83c\udfb5 Den h\u00e4r interaktiva sjungande f\u00e5gelleksaken reagerar p\u00e5 ljud och [&hellip;]","og_url":"https:\/\/mekulo.com\/se\/produkt\/interaktiv-leksak-med-sjungande-fagel\/","og_site_name":"Mekulo SE","article_modified_time":"2026-01-22T15:49:58+00:00","og_image":[{"width":800,"height":800,"url":"https:\/\/mekulo.com\/se\/wp-content\/uploads\/sites\/11\/2026\/01\/0o7pr9c-1.webp","type":"image\/webp"}],"twitter_card":"summary_large_image","twitter_misc":{"Ber\u00e4knad l\u00e4stid":"2 minuter"},"schema":{"@context":"https:\/\/schema.org","@graph":[{"@type":"WebPage","@id":"https:\/\/mekulo.com\/se\/produkt\/interaktiv-leksak-med-sjungande-fagel\/","url":"https:\/\/mekulo.com\/se\/produkt\/interaktiv-leksak-med-sjungande-fagel\/","name":"Interaktiv leksak med sjungande f\u00e5gel - Mekulo SE","isPartOf":{"@id":"https:\/\/mekulo.com\/se\/#website"},"primaryImageOfPage":{"@id":"https:\/\/mekulo.com\/se\/produkt\/interaktiv-leksak-med-sjungande-fagel\/#primaryimage"},"image":{"@id":"https:\/\/mekulo.com\/se\/produkt\/interaktiv-leksak-med-sjungande-fagel\/#primaryimage"},"thumbnailUrl":"https:\/\/mekulo.com\/se\/wp-content\/uploads\/sites\/11\/2026\/01\/0o7pr9c-1.webp","datePublished":"2026-01-05T14:29:39+00:00","dateModified":"2026-01-22T15:49:58+00:00","breadcrumb":{"@id":"https:\/\/mekulo.com\/se\/produkt\/interaktiv-leksak-med-sjungande-fagel\/#breadcrumb"},"inLanguage":"sv-SE","potentialAction":[{"@type":"ReadAction","target":["https:\/\/mekulo.com\/se\/produkt\/interaktiv-leksak-med-sjungande-fagel\/"]}]},{"@type":"ImageObject","inLanguage":"sv-SE","@id":"https:\/\/mekulo.com\/se\/produkt\/interaktiv-leksak-med-sjungande-fagel\/#primaryimage","url":"https:\/\/mekulo.com\/se\/wp-content\/uploads\/sites\/11\/2026\/01\/0o7pr9c-1.webp","contentUrl":"https:\/\/mekulo.com\/se\/wp-content\/uploads\/sites\/11\/2026\/01\/0o7pr9c-1.webp","width":800,"height":800},{"@type":"BreadcrumbList","@id":"https:\/\/mekulo.com\/se\/produkt\/interaktiv-leksak-med-sjungande-fagel\/#breadcrumb","itemListElement":[{"@type":"ListItem","position":1,"name":"Home","item":"https:\/\/mekulo.com\/se\/"},{"@type":"ListItem","position":2,"name":"Butik","item":"https:\/\/mekulo.com\/se\/butik\/"},{"@type":"ListItem","position":3,"name":"Interaktiv leksak med sjungande f\u00e5gel"}]},{"@type":"WebSite","@id":"https:\/\/mekulo.com\/se\/#website","url":"https:\/\/mekulo.com\/se\/","name":"Mekulo SE","description":"","publisher":{"@id":"https:\/\/mekulo.com\/se\/#organization"},"potentialAction":[{"@type":"SearchAction","target":{"@type":"EntryPoint","urlTemplate":"https:\/\/mekulo.com\/se\/?s={search_term_string}"},"query-input":{"@type":"PropertyValueSpecification","valueRequired":true,"valueName":"search_term_string"}}],"inLanguage":"sv-SE"},{"@type":"Organization","@id":"https:\/\/mekulo.com\/se\/#organization","name":"Mekulo","url":"https:\/\/mekulo.com\/se\/","logo":{"@type":"ImageObject","inLanguage":"sv-SE","@id":"https:\/\/mekulo.com\/se\/#\/schema\/logo\/image\/","url":"https:\/\/mekulo.com\/se\/wp-content\/uploads\/sites\/11\/2025\/12\/favicon_mekulo.png","contentUrl":"https:\/\/mekulo.com\/se\/wp-content\/uploads\/sites\/11\/2025\/12\/favicon_mekulo.png","width":50,"height":50,"caption":"Mekulo"},"image":{"@id":"https:\/\/mekulo.com\/se\/#\/schema\/logo\/image\/"}}]}},"_links":{"self":[{"href":"https:\/\/mekulo.com\/se\/wp-json\/wp\/v2\/product\/14490","targetHints":{"allow":["GET"]}}],"collection":[{"href":"https:\/\/mekulo.com\/se\/wp-json\/wp\/v2\/product"}],"about":[{"href":"https:\/\/mekulo.com\/se\/wp-json\/wp\/v2\/types\/product"}],"replies":[{"embeddable":true,"href":"https:\/\/mekulo.com\/se\/wp-json\/wp\/v2\/comments?post=14490"}],"wp:featuredmedia":[{"embeddable":true,"href":"https:\/\/mekulo.com\/se\/wp-json\/wp\/v2\/media\/14486"}],"wp:attachment":[{"href":"https:\/\/mekulo.com\/se\/wp-json\/wp\/v2\/media?parent=14490"}],"wp:term":[{"taxonomy":"product_brand","embeddable":true,"href":"https:\/\/mekulo.com\/se\/wp-json\/wp\/v2\/product_brand?post=14490"},{"taxonomy":"product_cat","embeddable":true,"href":"https:\/\/mekulo.com\/se\/wp-json\/wp\/v2\/product_cat?post=14490"},{"taxonomy":"product_tag","embeddable":true,"href":"https:\/\/mekulo.com\/se\/wp-json\/wp\/v2\/product_tag?post=14490"}],"curies":[{"name":"wp","href":"https:\/\/api.w.org\/{rel}","templated":true}]}}