{"id":14414,"date":"2026-01-05T16:17:09","date_gmt":"2026-01-05T14:17:09","guid":{"rendered":"https:\/\/mekulo.com\/se\/produkt\/kottbullemaskin-i-rostfritt-stal\/"},"modified":"2026-01-05T21:22:46","modified_gmt":"2026-01-05T19:22:46","slug":"kottbullemaskin-i-rostfritt-stal","status":"publish","type":"product","link":"https:\/\/mekulo.com\/se\/produkt\/kottbullemaskin-i-rostfritt-stal\/","title":{"rendered":"K\u00f6ttbullemaskin i rostfritt st\u00e5l"},"content":{"rendered":"<p style=\"text-align: center;\" data-start=\"0\" data-end=\"49\"><strong data-start=\"0\" data-end=\"49\">G\u00f6r Perfekta K\u00f6ttbullar Snabbt Och Enkelt. \ud83e\udd69<\/strong><\/p>\n<p data-start=\"51\" data-end=\"221\"><img fetchpriority=\"high\" decoding=\"async\" class=\"size-full wp-image-44639 aligncenter\" src=\"https:\/\/keluvo.com\/template\/wp-content\/uploads\/sites\/5\/2025\/12\/102222-ezgif.com-video-to-webp-converter.webp\" alt=\"\" width=\"500\" height=\"500\" \/><\/p>\n<h2 style=\"text-align: center;\" data-start=\"223\" data-end=\"242\">\u2705 Huvudf\u00f6rdelar<\/h2>\n<p data-start=\"245\" data-end=\"320\">\ud83e\udd69 Non-stick rostfritt st\u00e5l &#8211; k\u00f6tt fastnar inte och rost bildas inte<\/p>\n<p data-start=\"323\" data-end=\"384\">\u23f1 Tidsbesparande design &#8211; forma flera k\u00f6ttbullar p\u00e5 en g\u00e5ng<\/p>\n<p data-start=\"387\" data-end=\"445\">\ud83e\uddfc L\u00e4tt att reng\u00f6ra &#8211; sk\u00f6lj bara med vatten efter anv\u00e4ndning<\/p>\n<p data-start=\"448\" data-end=\"510\">\ud83d\udce6 Kompakt &amp; l\u00e4ttvikt &#8211; l\u00e4tt att f\u00f6rvara utan att st\u00f6ka till<\/p>\n<p data-start=\"513\" data-end=\"589\">\ud83e\udd50 Verktyg f\u00f6r flera \u00e4ndam\u00e5l &#8211; perfekt f\u00f6r k\u00f6ttbullar, br\u00f6dbullar och bakverk<\/p>\n<p data-start=\"513\" data-end=\"589\"><img decoding=\"async\" class=\"size-full wp-image-44640 aligncenter\" src=\"https:\/\/keluvo.com\/template\/wp-content\/uploads\/sites\/5\/2025\/12\/102221-ezgif.com-video-to-webp-converter.webp\" alt=\"\" width=\"500\" height=\"500\" \/><\/p>\n<h2 style=\"text-align: center;\" data-start=\"591\" data-end=\"608\">\ud83d\udcdd Hur man anv\u00e4nder<\/h2>\n<ol data-start=\"609\" data-end=\"790\">\n<li data-start=\"609\" data-end=\"652\">\n<p data-start=\"612\" data-end=\"652\">Placera k\u00f6ttblandningen \u00f6ver h\u00e5len.<\/p>\n<\/li>\n<li data-start=\"653\" data-end=\"699\">\n<p data-start=\"656\" data-end=\"699\">Tryck f\u00f6rsiktigt f\u00f6r att forma j\u00e4mnt formade bollar.<\/p>\n<\/li>\n<li data-start=\"700\" data-end=\"745\">\n<p data-start=\"703\" data-end=\"745\">Sl\u00e4pp och ta bort de formade k\u00f6ttbullarna.<\/p>\n<\/li>\n<li data-start=\"746\" data-end=\"790\">\n<p data-start=\"749\" data-end=\"790\">Sk\u00f6lj med vatten efter anv\u00e4ndning och l\u00e5t torka.<\/p>\n<\/li>\n<\/ol>\n<h2 style=\"text-align: center;\" data-start=\"792\" data-end=\"814\">\ud83d\udccf Produktdetaljer<\/h2>\n<ul data-start=\"815\" data-end=\"1063\">\n<li data-start=\"815\" data-end=\"855\">\n<p data-start=\"817\" data-end=\"855\">Material: H\u00f6gkvalitativt rostfritt st\u00e5l<\/p>\n<\/li>\n<li data-start=\"856\" data-end=\"975\">\n<p data-start=\"858\" data-end=\"874\">Stilalternativ:<\/p>\n<ul data-start=\"877\" data-end=\"975\">\n<li data-start=\"877\" data-end=\"926\">\n<p data-start=\"879\" data-end=\"926\">6 h\u00e5l &#8211; ca 11,3 x 11,3 x 6,5 cm, 125 g<\/p>\n<\/li>\n<li data-start=\"929\" data-end=\"975\">\n<p data-start=\"931\" data-end=\"975\">12 h\u00e5l &#8211; ca 14 x 14 x 8,5 cm, 200 g<\/p>\n<\/li>\n<\/ul>\n<\/li>\n<li data-start=\"976\" data-end=\"1011\">\n<p data-start=\"978\" data-end=\"1011\">Typ: Manuell, handpressad form<\/p>\n<\/li>\n<li data-start=\"1012\" data-end=\"1063\">\n<p data-start=\"1014\" data-end=\"1063\">Anv\u00e4ndning: K\u00f6ttbullar, br\u00f6dbullar, bakverk med mera<\/p>\n<\/li>\n<\/ul>\n<h2 style=\"text-align: center;\" data-start=\"1065\" data-end=\"1088\">\ud83d\udce6 F\u00f6rpackningen inneh\u00e5ller<\/h2>\n<ul data-start=\"1089\" data-end=\"1152\" data-is-last-node=\"\" data-is-only-node=\"\">\n<li data-start=\"1089\" data-end=\"1152\" data-is-last-node=\"\">\n<p data-start=\"1091\" data-end=\"1152\" data-is-last-node=\"\">1x k\u00f6ttbulleform i rostfritt st\u00e5l (6-h\u00e5ls eller 12-h\u00e5ls alternativ).<\/p>\n<\/li>\n<\/ul>\n","protected":false},"excerpt":{"rendered":"<p>Med den h\u00e4r k\u00f6ttbullemaskinen i rostfritt st\u00e5l kan du forma j\u00e4mna, runda k\u00f6ttbullar p\u00e5 n\u00e5gra sekunder. Det sparar tid, h\u00e5ller dina h\u00e4nder rena och ger dig konsekventa resultat varje g\u00e5ng.<\/p>\n","protected":false},"featured_media":14410,"comment_status":"open","ping_status":"closed","template":"","meta":{"site-sidebar-layout":"default","site-content-layout":"","ast-site-content-layout":"default","site-content-style":"default","site-sidebar-style":"default","ast-global-header-display":"","ast-banner-title-visibility":"","ast-main-header-display":"","ast-hfb-above-header-display":"","ast-hfb-below-header-display":"","ast-hfb-mobile-header-display":"","site-post-title":"","ast-breadcrumbs-content":"","ast-featured-img":"","footer-sml-layout":"","theme-transparent-header-meta":"default","adv-header-id-meta":"","stick-header-meta":"","header-above-stick-meta":"","header-main-stick-meta":"","header-below-stick-meta":"","astra-migrate-meta-layouts":"set","ast-page-background-enabled":"default","ast-page-background-meta":{"desktop":{"background-color":"var(--ast-global-color-5)","background-image":"","background-repeat":"repeat","background-position":"center center","background-size":"auto","background-attachment":"scroll","background-type":"","background-media":"","overlay-type":"","overlay-color":"","overlay-opacity":"","overlay-gradient":""},"tablet":{"background-color":"","background-image":"","background-repeat":"repeat","background-position":"center center","background-size":"auto","background-attachment":"scroll","background-type":"","background-media":"","overlay-type":"","overlay-color":"","overlay-opacity":"","overlay-gradient":""},"mobile":{"background-color":"","background-image":"","background-repeat":"repeat","background-position":"center center","background-size":"auto","background-attachment":"scroll","background-type":"","background-media":"","overlay-type":"","overlay-color":"","overlay-opacity":"","overlay-gradient":""}},"ast-content-background-meta":{"desktop":{"background-color":"var(--ast-global-color-4)","background-image":"","background-repeat":"repeat","background-position":"center center","background-size":"auto","background-attachment":"scroll","background-type":"","background-media":"","overlay-type":"","overlay-color":"","overlay-opacity":"","overlay-gradient":""},"tablet":{"background-color":"var(--ast-global-color-4)","background-image":"","background-repeat":"repeat","background-position":"center center","background-size":"auto","background-attachment":"scroll","background-type":"","background-media":"","overlay-type":"","overlay-color":"","overlay-opacity":"","overlay-gradient":""},"mobile":{"background-color":"var(--ast-global-color-4)","background-image":"","background-repeat":"repeat","background-position":"center center","background-size":"auto","background-attachment":"scroll","background-type":"","background-media":"","overlay-type":"","overlay-color":"","overlay-opacity":"","overlay-gradient":""}}},"product_brand":[],"product_cat":[168],"product_tag":[],"class_list":{"0":"post-14414","1":"product","2":"type-product","3":"status-publish","4":"has-post-thumbnail","6":"product_cat-hushallsartiklar","7":"pa_56614_uxfd97nr-12-hal","8":"pa_56614_uxfd97nr-6-hal","9":"desktop-align-left","10":"tablet-align-left","11":"mobile-align-left","13":"first","14":"instock","15":"shipping-taxable","16":"purchasable","17":"product-type-variable"},"yoast_head":"<!-- This site is optimized with the Yoast SEO plugin v26.6 - https:\/\/yoast.com\/wordpress\/plugins\/seo\/ -->\n<title>K\u00f6ttbullemaskin i rostfritt st\u00e5l - Mekulo SE<\/title>\n<meta name=\"robots\" content=\"index, follow, max-snippet:-1, max-image-preview:large, max-video-preview:-1\" \/>\n<link rel=\"canonical\" href=\"https:\/\/mekulo.com\/se\/produkt\/kottbullemaskin-i-rostfritt-stal\/\" \/>\n<meta property=\"og:locale\" content=\"sv_SE\" \/>\n<meta property=\"og:type\" content=\"article\" \/>\n<meta property=\"og:title\" content=\"K\u00f6ttbullemaskin i rostfritt st\u00e5l - Mekulo SE\" \/>\n<meta property=\"og:description\" content=\"Med den h\u00e4r k\u00f6ttbullemaskinen i rostfritt st\u00e5l kan du forma j\u00e4mna, runda k\u00f6ttbullar p\u00e5 n\u00e5gra sekunder. Det sparar tid, h\u00e5ller dina h\u00e4nder rena och ger dig konsekventa resultat varje g\u00e5ng.\" \/>\n<meta property=\"og:url\" content=\"https:\/\/mekulo.com\/se\/produkt\/kottbullemaskin-i-rostfritt-stal\/\" \/>\n<meta property=\"og:site_name\" content=\"Mekulo SE\" \/>\n<meta property=\"article:modified_time\" content=\"2026-01-05T19:22:46+00:00\" \/>\n<meta property=\"og:image\" content=\"https:\/\/mekulo.com\/se\/wp-content\/uploads\/sites\/11\/2026\/01\/vgwa97k-1.jpg\" \/>\n\t<meta property=\"og:image:width\" content=\"960\" \/>\n\t<meta property=\"og:image:height\" content=\"960\" \/>\n\t<meta property=\"og:image:type\" content=\"image\/jpeg\" \/>\n<meta name=\"twitter:card\" content=\"summary_large_image\" \/>\n<meta name=\"twitter:label1\" content=\"Ber\u00e4knad l\u00e4stid\" \/>\n\t<meta name=\"twitter:data1\" content=\"2 minuter\" \/>\n<script type=\"application\/ld+json\" class=\"yoast-schema-graph\">{\"@context\":\"https:\/\/schema.org\",\"@graph\":[{\"@type\":\"WebPage\",\"@id\":\"https:\/\/mekulo.com\/se\/produkt\/kottbullemaskin-i-rostfritt-stal\/\",\"url\":\"https:\/\/mekulo.com\/se\/produkt\/kottbullemaskin-i-rostfritt-stal\/\",\"name\":\"K\u00f6ttbullemaskin i rostfritt st\u00e5l - Mekulo SE\",\"isPartOf\":{\"@id\":\"https:\/\/mekulo.com\/se\/#website\"},\"primaryImageOfPage\":{\"@id\":\"https:\/\/mekulo.com\/se\/produkt\/kottbullemaskin-i-rostfritt-stal\/#primaryimage\"},\"image\":{\"@id\":\"https:\/\/mekulo.com\/se\/produkt\/kottbullemaskin-i-rostfritt-stal\/#primaryimage\"},\"thumbnailUrl\":\"https:\/\/mekulo.com\/se\/wp-content\/uploads\/sites\/11\/2026\/01\/vgwa97k-1.jpg\",\"datePublished\":\"2026-01-05T14:17:09+00:00\",\"dateModified\":\"2026-01-05T19:22:46+00:00\",\"breadcrumb\":{\"@id\":\"https:\/\/mekulo.com\/se\/produkt\/kottbullemaskin-i-rostfritt-stal\/#breadcrumb\"},\"inLanguage\":\"sv-SE\",\"potentialAction\":[{\"@type\":\"ReadAction\",\"target\":[\"https:\/\/mekulo.com\/se\/produkt\/kottbullemaskin-i-rostfritt-stal\/\"]}]},{\"@type\":\"ImageObject\",\"inLanguage\":\"sv-SE\",\"@id\":\"https:\/\/mekulo.com\/se\/produkt\/kottbullemaskin-i-rostfritt-stal\/#primaryimage\",\"url\":\"https:\/\/mekulo.com\/se\/wp-content\/uploads\/sites\/11\/2026\/01\/vgwa97k-1.jpg\",\"contentUrl\":\"https:\/\/mekulo.com\/se\/wp-content\/uploads\/sites\/11\/2026\/01\/vgwa97k-1.jpg\",\"width\":960,\"height\":960},{\"@type\":\"BreadcrumbList\",\"@id\":\"https:\/\/mekulo.com\/se\/produkt\/kottbullemaskin-i-rostfritt-stal\/#breadcrumb\",\"itemListElement\":[{\"@type\":\"ListItem\",\"position\":1,\"name\":\"Home\",\"item\":\"https:\/\/mekulo.com\/se\/\"},{\"@type\":\"ListItem\",\"position\":2,\"name\":\"Butik\",\"item\":\"https:\/\/mekulo.com\/se\/butik\/\"},{\"@type\":\"ListItem\",\"position\":3,\"name\":\"K\u00f6ttbullemaskin i rostfritt st\u00e5l\"}]},{\"@type\":\"WebSite\",\"@id\":\"https:\/\/mekulo.com\/se\/#website\",\"url\":\"https:\/\/mekulo.com\/se\/\",\"name\":\"Mekulo SE\",\"description\":\"\",\"publisher\":{\"@id\":\"https:\/\/mekulo.com\/se\/#organization\"},\"potentialAction\":[{\"@type\":\"SearchAction\",\"target\":{\"@type\":\"EntryPoint\",\"urlTemplate\":\"https:\/\/mekulo.com\/se\/?s={search_term_string}\"},\"query-input\":{\"@type\":\"PropertyValueSpecification\",\"valueRequired\":true,\"valueName\":\"search_term_string\"}}],\"inLanguage\":\"sv-SE\"},{\"@type\":\"Organization\",\"@id\":\"https:\/\/mekulo.com\/se\/#organization\",\"name\":\"Mekulo\",\"url\":\"https:\/\/mekulo.com\/se\/\",\"logo\":{\"@type\":\"ImageObject\",\"inLanguage\":\"sv-SE\",\"@id\":\"https:\/\/mekulo.com\/se\/#\/schema\/logo\/image\/\",\"url\":\"https:\/\/mekulo.com\/se\/wp-content\/uploads\/sites\/11\/2025\/12\/favicon_mekulo.png\",\"contentUrl\":\"https:\/\/mekulo.com\/se\/wp-content\/uploads\/sites\/11\/2025\/12\/favicon_mekulo.png\",\"width\":50,\"height\":50,\"caption\":\"Mekulo\"},\"image\":{\"@id\":\"https:\/\/mekulo.com\/se\/#\/schema\/logo\/image\/\"}}]}<\/script>\n<!-- \/ Yoast SEO plugin. -->","yoast_head_json":{"title":"K\u00f6ttbullemaskin i rostfritt st\u00e5l - Mekulo SE","robots":{"index":"index","follow":"follow","max-snippet":"max-snippet:-1","max-image-preview":"max-image-preview:large","max-video-preview":"max-video-preview:-1"},"canonical":"https:\/\/mekulo.com\/se\/produkt\/kottbullemaskin-i-rostfritt-stal\/","og_locale":"sv_SE","og_type":"article","og_title":"K\u00f6ttbullemaskin i rostfritt st\u00e5l - Mekulo SE","og_description":"Med den h\u00e4r k\u00f6ttbullemaskinen i rostfritt st\u00e5l kan du forma j\u00e4mna, runda k\u00f6ttbullar p\u00e5 n\u00e5gra sekunder. Det sparar tid, h\u00e5ller dina h\u00e4nder rena och ger dig konsekventa resultat varje g\u00e5ng.","og_url":"https:\/\/mekulo.com\/se\/produkt\/kottbullemaskin-i-rostfritt-stal\/","og_site_name":"Mekulo SE","article_modified_time":"2026-01-05T19:22:46+00:00","og_image":[{"width":960,"height":960,"url":"https:\/\/mekulo.com\/se\/wp-content\/uploads\/sites\/11\/2026\/01\/vgwa97k-1.jpg","type":"image\/jpeg"}],"twitter_card":"summary_large_image","twitter_misc":{"Ber\u00e4knad l\u00e4stid":"2 minuter"},"schema":{"@context":"https:\/\/schema.org","@graph":[{"@type":"WebPage","@id":"https:\/\/mekulo.com\/se\/produkt\/kottbullemaskin-i-rostfritt-stal\/","url":"https:\/\/mekulo.com\/se\/produkt\/kottbullemaskin-i-rostfritt-stal\/","name":"K\u00f6ttbullemaskin i rostfritt st\u00e5l - Mekulo SE","isPartOf":{"@id":"https:\/\/mekulo.com\/se\/#website"},"primaryImageOfPage":{"@id":"https:\/\/mekulo.com\/se\/produkt\/kottbullemaskin-i-rostfritt-stal\/#primaryimage"},"image":{"@id":"https:\/\/mekulo.com\/se\/produkt\/kottbullemaskin-i-rostfritt-stal\/#primaryimage"},"thumbnailUrl":"https:\/\/mekulo.com\/se\/wp-content\/uploads\/sites\/11\/2026\/01\/vgwa97k-1.jpg","datePublished":"2026-01-05T14:17:09+00:00","dateModified":"2026-01-05T19:22:46+00:00","breadcrumb":{"@id":"https:\/\/mekulo.com\/se\/produkt\/kottbullemaskin-i-rostfritt-stal\/#breadcrumb"},"inLanguage":"sv-SE","potentialAction":[{"@type":"ReadAction","target":["https:\/\/mekulo.com\/se\/produkt\/kottbullemaskin-i-rostfritt-stal\/"]}]},{"@type":"ImageObject","inLanguage":"sv-SE","@id":"https:\/\/mekulo.com\/se\/produkt\/kottbullemaskin-i-rostfritt-stal\/#primaryimage","url":"https:\/\/mekulo.com\/se\/wp-content\/uploads\/sites\/11\/2026\/01\/vgwa97k-1.jpg","contentUrl":"https:\/\/mekulo.com\/se\/wp-content\/uploads\/sites\/11\/2026\/01\/vgwa97k-1.jpg","width":960,"height":960},{"@type":"BreadcrumbList","@id":"https:\/\/mekulo.com\/se\/produkt\/kottbullemaskin-i-rostfritt-stal\/#breadcrumb","itemListElement":[{"@type":"ListItem","position":1,"name":"Home","item":"https:\/\/mekulo.com\/se\/"},{"@type":"ListItem","position":2,"name":"Butik","item":"https:\/\/mekulo.com\/se\/butik\/"},{"@type":"ListItem","position":3,"name":"K\u00f6ttbullemaskin i rostfritt st\u00e5l"}]},{"@type":"WebSite","@id":"https:\/\/mekulo.com\/se\/#website","url":"https:\/\/mekulo.com\/se\/","name":"Mekulo SE","description":"","publisher":{"@id":"https:\/\/mekulo.com\/se\/#organization"},"potentialAction":[{"@type":"SearchAction","target":{"@type":"EntryPoint","urlTemplate":"https:\/\/mekulo.com\/se\/?s={search_term_string}"},"query-input":{"@type":"PropertyValueSpecification","valueRequired":true,"valueName":"search_term_string"}}],"inLanguage":"sv-SE"},{"@type":"Organization","@id":"https:\/\/mekulo.com\/se\/#organization","name":"Mekulo","url":"https:\/\/mekulo.com\/se\/","logo":{"@type":"ImageObject","inLanguage":"sv-SE","@id":"https:\/\/mekulo.com\/se\/#\/schema\/logo\/image\/","url":"https:\/\/mekulo.com\/se\/wp-content\/uploads\/sites\/11\/2025\/12\/favicon_mekulo.png","contentUrl":"https:\/\/mekulo.com\/se\/wp-content\/uploads\/sites\/11\/2025\/12\/favicon_mekulo.png","width":50,"height":50,"caption":"Mekulo"},"image":{"@id":"https:\/\/mekulo.com\/se\/#\/schema\/logo\/image\/"}}]}},"_links":{"self":[{"href":"https:\/\/mekulo.com\/se\/wp-json\/wp\/v2\/product\/14414","targetHints":{"allow":["GET"]}}],"collection":[{"href":"https:\/\/mekulo.com\/se\/wp-json\/wp\/v2\/product"}],"about":[{"href":"https:\/\/mekulo.com\/se\/wp-json\/wp\/v2\/types\/product"}],"replies":[{"embeddable":true,"href":"https:\/\/mekulo.com\/se\/wp-json\/wp\/v2\/comments?post=14414"}],"wp:featuredmedia":[{"embeddable":true,"href":"https:\/\/mekulo.com\/se\/wp-json\/wp\/v2\/media\/14410"}],"wp:attachment":[{"href":"https:\/\/mekulo.com\/se\/wp-json\/wp\/v2\/media?parent=14414"}],"wp:term":[{"taxonomy":"product_brand","embeddable":true,"href":"https:\/\/mekulo.com\/se\/wp-json\/wp\/v2\/product_brand?post=14414"},{"taxonomy":"product_cat","embeddable":true,"href":"https:\/\/mekulo.com\/se\/wp-json\/wp\/v2\/product_cat?post=14414"},{"taxonomy":"product_tag","embeddable":true,"href":"https:\/\/mekulo.com\/se\/wp-json\/wp\/v2\/product_tag?post=14414"}],"curies":[{"name":"wp","href":"https:\/\/api.w.org\/{rel}","templated":true}]}}