{"id":14324,"date":"2026-01-05T16:06:48","date_gmt":"2026-01-05T14:06:48","guid":{"rendered":"https:\/\/mekulo.com\/se\/produkt\/propp-for-konservering-av-vin\/"},"modified":"2026-01-05T21:04:57","modified_gmt":"2026-01-05T19:04:57","slug":"propp-for-konservering-av-vin","status":"publish","type":"product","link":"https:\/\/mekulo.com\/se\/produkt\/propp-for-konservering-av-vin\/","title":{"rendered":"Propp f\u00f6r konservering av vin"},"content":{"rendered":"<div class=\"flex max-w-full flex-col grow\">\n<div class=\"min-h-8 text-message relative flex w-full flex-col items-end gap-2 text-start break-words whitespace-normal [.text-message+&amp;]:mt-1\" dir=\"auto\" data-message-author-role=\"assistant\" data-message-id=\"bf27680e-e173-431f-936f-e3bbe93cad8d\" data-message-model-slug=\"gpt-5-2\">\n<div class=\"flex w-full flex-col gap-1 empty:hidden first:pt-[1px]\">\n<div class=\"markdown prose dark:prose-invert w-full break-words light markdown-new-styling\">\n<p style=\"text-align: center;\" data-start=\"0\" data-end=\"65\"><strong data-start=\"0\" data-end=\"65\">F\u00f6rsegla ditt vin och h\u00e4ll upp det smidigt med en enkel vridning.<\/strong><span style=\"font-size: 16px; font-style: normal; font-weight: 400;\">\ud83c\udf77\u00a0<\/span><\/p>\n<p style=\"text-align: center;\" data-start=\"67\" data-end=\"274\">Den h\u00e4r vinproppen \u00e4r ett smart 2-i-1-verktyg som fungerar som b\u00e5de en t\u00e4t vinpropp och en elegant vinh\u00e4llare. Den h\u00e5ller ditt vin fr\u00e4scht l\u00e4ngre och l\u00e5ter dig h\u00e4lla rent utan droppar eller spill. Den h\u00e4r kronbladsformade korken f\u00f6rseglar flaskan n\u00e4r den \u00e4r st\u00e4ngd f\u00f6r att bevara smak och arom. N\u00e4r den vrids upp f\u00f6rvandlas den till en smidig h\u00e4llare som f\u00f6rb\u00e4ttrar luftfl\u00f6det och f\u00f6rb\u00e4ttrar smakupplevelsen.<\/p>\n<p data-start=\"67\" data-end=\"274\"><img fetchpriority=\"high\" decoding=\"async\" class=\"size-full wp-image-46778 aligncenter\" src=\"https:\/\/keluvo.com\/template\/wp-content\/uploads\/sites\/5\/2025\/12\/12218-ezgif.com-video-to-webp-converter.webp\" alt=\"\" width=\"500\" height=\"500\" \/><\/p>\n<h2 style=\"text-align: center;\" data-start=\"514\" data-end=\"533\">\u2b50 Huvudf\u00f6rdelar<\/h2>\n<p data-start=\"536\" data-end=\"591\">\ud83c\udf7e 2-i-1-design &#8211; propp och h\u00e4llare i ett verktyg.<\/p>\n<p data-start=\"594\" data-end=\"651\">\ud83d\udca7 Inga droppar eller st\u00e4nk &#8211; Ren och elegant h\u00e4llning.<\/p>\n<p data-start=\"654\" data-end=\"715\">\ud83c\udf38 Petalformat luftfl\u00f6de &#8211; F\u00f6rb\u00e4ttrar vinets smak och arom.<\/p>\n<p data-start=\"718\" data-end=\"781\">\ud83d\udee1\ufe0f Material av livsmedelskvalitet &#8211; S\u00e4ker, giftfri och luktfri.<\/p>\n<p data-start=\"784\" data-end=\"842\">\ud83d\udd04 Universell passform &#8211; Fungerar med de flesta vinflaskstorlekar.<\/p>\n<p data-start=\"784\" data-end=\"842\"><img decoding=\"async\" class=\"size-full wp-image-46777 aligncenter\" src=\"https:\/\/keluvo.com\/template\/wp-content\/uploads\/sites\/5\/2025\/12\/12219-ezgif.com-video-to-webp-converter.webp\" alt=\"\" width=\"500\" height=\"500\" \/><\/p>\n<h2 style=\"text-align: center;\" data-start=\"849\" data-end=\"866\">\ud83e\udde9 Hur man anv\u00e4nder<\/h2>\n<ol data-start=\"867\" data-end=\"1073\">\n<li data-start=\"867\" data-end=\"924\">\n<p data-start=\"870\" data-end=\"924\">Inf\u00f6r silikon\u00e4nden ordentligt i vinflaskan.<\/p>\n<\/li>\n<li data-start=\"925\" data-end=\"978\">\n<p data-start=\"928\" data-end=\"978\">Vrid f\u00f6r att st\u00e4nga f\u00f6r luftt\u00e4t f\u00f6rsegling och f\u00f6rvaring.<\/p>\n<\/li>\n<li data-start=\"979\" data-end=\"1017\">\n<p data-start=\"982\" data-end=\"1017\">Vrid f\u00f6r att \u00f6ppna n\u00e4r du \u00e4r redo att h\u00e4lla.<\/p>\n<\/li>\n<li data-start=\"1018\" data-end=\"1073\">\n<p data-start=\"1021\" data-end=\"1073\">Luta flaskan och h\u00e4ll smidigt i ditt glas.<\/p>\n<\/li>\n<\/ol>\n<h2 style=\"text-align: center;\" data-start=\"1080\" data-end=\"1102\">\ud83d\udccf Produktdetaljer<\/h2>\n<ul data-start=\"1103\" data-end=\"1317\">\n<li data-start=\"1147\" data-end=\"1187\">\n<p data-start=\"1149\" data-end=\"1187\">Funktion: Vinpropp + vinh\u00e4llare<\/p>\n<\/li>\n<li data-start=\"1188\" data-end=\"1227\">\n<p data-start=\"1190\" data-end=\"1227\">Material: ABS + silikon av livsmedelskvalitet<\/p>\n<\/li>\n<li data-start=\"1228\" data-end=\"1244\">\n<p data-start=\"1230\" data-end=\"1244\">F\u00e4rg: Svart<\/p>\n<\/li>\n<li data-start=\"1245\" data-end=\"1265\">\n<p data-start=\"1247\" data-end=\"1265\">Storlek: 94 x 54 mm<\/p>\n<\/li>\n<li data-start=\"1266\" data-end=\"1317\">\n<p data-start=\"1268\" data-end=\"1317\">Design: Petalformat t\u00e4tnings- och h\u00e4llsystem<\/p>\n<\/li>\n<\/ul>\n<h2 style=\"text-align: center;\" data-start=\"1324\" data-end=\"1347\">\ud83d\udce6 Paketet inneh\u00e5ller<\/h2>\n<ul data-start=\"1348\" data-end=\"1452\" data-is-last-node=\"\" data-is-only-node=\"\">\n<li data-start=\"1348\" data-end=\"1388\">\n<p data-start=\"1350\" data-end=\"1388\">1, 2x vinskyddspropp.<\/p>\n<\/li>\n<\/ul>\n<\/div>\n<\/div>\n<\/div>\n<\/div>\n","protected":false},"excerpt":{"rendered":"<div class=\"flex flex-col text-sm pb-25\">\n<article class=\"text-token-text-primary w-full focus:outline-none [--shadow-height:45px] has-data-writing-block:pointer-events-none has-data-writing-block:-mt-(--shadow-height) has-data-writing-block:pt-(--shadow-height) [&amp;:has([data-writing-block])&gt;*]:pointer-events-auto scroll-mt-[calc(var(--header-height)+min(200px,max(70px,20svh)))]\" dir=\"auto\" data-turn-id=\"request-6953fc99-4988-8330-83cb-2284431b2ad2-4\" data-testid=\"conversation-turn-14\" data-scroll-anchor=\"true\" data-turn=\"assistant\">\n<div class=\"text-base my-auto mx-auto pb-10 [--thread-content-margin:--spacing(4)] @w-sm\/main:[--thread-content-margin:--spacing(6)] @w-lg\/main:[--thread-content-margin:--spacing(16)] px-(--thread-content-margin)\">\n<div class=\"[--thread-content-max-width:40rem] @w-lg\/main:[--thread-content-max-width:48rem] mx-auto max-w-(--thread-content-max-width) flex-1 group\/turn-messages focus-visible:outline-hidden relative flex w-full min-w-0 flex-col agent-turn\">\n<div class=\"flex max-w-full flex-col grow\">\n<div class=\"min-h-8 text-message relative flex w-full flex-col items-end gap-2 text-start break-words whitespace-normal [.text-message+&amp;]:mt-1\" dir=\"auto\" data-message-author-role=\"assistant\" data-message-id=\"3de70f9c-a9ab-4d01-b5c6-397a36a3c62f\" data-message-model-slug=\"gpt-5-2\">\n<div class=\"flex w-full flex-col gap-1 empty:hidden first:pt-[1px]\">\n<div class=\"markdown prose dark:prose-invert w-full break-words light markdown-new-styling\">\n<p data-start=\"0\" data-end=\"273\" data-is-last-node=\"\" data-is-only-node=\"\">En 2-i-1-propp f\u00f6r konservering av vin som f\u00f6rseglar flaskan och fungerar som en smidig h\u00e4llare. Den h\u00e5ller vinet fr\u00e4scht l\u00e4ngre, f\u00f6rhindrar dropp och spill och f\u00f6rb\u00e4ttrar h\u00e4llkontrollen. Tillverkad av livsmedelsklassade material, passar de flesta vinflaskor och g\u00f6r serveringen renare och enklare.<\/p>\n<\/div>\n<\/div>\n<\/div>\n<\/div>\n<div class=\"z-0 flex min-h-[46px] justify-start\"><\/div>\n<div class=\"mt-3 w-full empty:hidden\">\n<div class=\"text-center\"><\/div>\n<\/div>\n<\/div>\n<\/div>\n<\/article>\n<\/div>\n<div class=\"pointer-events-none h-px w-px absolute bottom-0\" aria-hidden=\"true\" data-edge=\"true\"><\/div>\n","protected":false},"featured_media":14320,"comment_status":"open","ping_status":"closed","template":"","meta":{"site-sidebar-layout":"default","site-content-layout":"","ast-site-content-layout":"default","site-content-style":"default","site-sidebar-style":"default","ast-global-header-display":"","ast-banner-title-visibility":"","ast-main-header-display":"","ast-hfb-above-header-display":"","ast-hfb-below-header-display":"","ast-hfb-mobile-header-display":"","site-post-title":"","ast-breadcrumbs-content":"","ast-featured-img":"","footer-sml-layout":"","theme-transparent-header-meta":"default","adv-header-id-meta":"","stick-header-meta":"","header-above-stick-meta":"","header-main-stick-meta":"","header-below-stick-meta":"","astra-migrate-meta-layouts":"set","ast-page-background-enabled":"default","ast-page-background-meta":{"desktop":{"background-color":"var(--ast-global-color-5)","background-image":"","background-repeat":"repeat","background-position":"center center","background-size":"auto","background-attachment":"scroll","background-type":"","background-media":"","overlay-type":"","overlay-color":"","overlay-opacity":"","overlay-gradient":""},"tablet":{"background-color":"","background-image":"","background-repeat":"repeat","background-position":"center center","background-size":"auto","background-attachment":"scroll","background-type":"","background-media":"","overlay-type":"","overlay-color":"","overlay-opacity":"","overlay-gradient":""},"mobile":{"background-color":"","background-image":"","background-repeat":"repeat","background-position":"center center","background-size":"auto","background-attachment":"scroll","background-type":"","background-media":"","overlay-type":"","overlay-color":"","overlay-opacity":"","overlay-gradient":""}},"ast-content-background-meta":{"desktop":{"background-color":"var(--ast-global-color-4)","background-image":"","background-repeat":"repeat","background-position":"center center","background-size":"auto","background-attachment":"scroll","background-type":"","background-media":"","overlay-type":"","overlay-color":"","overlay-opacity":"","overlay-gradient":""},"tablet":{"background-color":"var(--ast-global-color-4)","background-image":"","background-repeat":"repeat","background-position":"center center","background-size":"auto","background-attachment":"scroll","background-type":"","background-media":"","overlay-type":"","overlay-color":"","overlay-opacity":"","overlay-gradient":""},"mobile":{"background-color":"var(--ast-global-color-4)","background-image":"","background-repeat":"repeat","background-position":"center center","background-size":"auto","background-attachment":"scroll","background-type":"","background-media":"","overlay-type":"","overlay-color":"","overlay-opacity":"","overlay-gradient":""}}},"product_brand":[],"product_cat":[15],"product_tag":[],"class_list":{"0":"post-14324","1":"product","2":"type-product","3":"status-publish","4":"has-post-thumbnail","6":"product_cat-uncategorized","7":"pa_62221_2ep1i0z0-1-st","8":"pa_62221_2ep1i0z0-2-st","9":"desktop-align-left","10":"tablet-align-left","11":"mobile-align-left","13":"first","14":"instock","15":"shipping-taxable","16":"purchasable","17":"product-type-variable"},"yoast_head":"<!-- This site is optimized with the Yoast SEO plugin v26.6 - https:\/\/yoast.com\/wordpress\/plugins\/seo\/ -->\n<title>Propp f\u00f6r konservering av vin - Mekulo SE<\/title>\n<meta name=\"robots\" content=\"index, follow, max-snippet:-1, max-image-preview:large, max-video-preview:-1\" \/>\n<link rel=\"canonical\" href=\"https:\/\/mekulo.com\/se\/produkt\/propp-for-konservering-av-vin\/\" \/>\n<meta property=\"og:locale\" content=\"sv_SE\" \/>\n<meta property=\"og:type\" content=\"article\" \/>\n<meta property=\"og:title\" content=\"Propp f\u00f6r konservering av vin - Mekulo SE\" \/>\n<meta property=\"og:description\" content=\"En 2-i-1-propp f\u00f6r konservering av vin som f\u00f6rseglar flaskan och fungerar som en smidig h\u00e4llare. Den h\u00e5ller vinet fr\u00e4scht l\u00e4ngre, f\u00f6rhindrar dropp och spill och f\u00f6rb\u00e4ttrar h\u00e4llkontrollen. Tillverkad av livsmedelsklassade material, passar de flesta vinflaskor och g\u00f6r serveringen renare och enklare.\" \/>\n<meta property=\"og:url\" content=\"https:\/\/mekulo.com\/se\/produkt\/propp-for-konservering-av-vin\/\" \/>\n<meta property=\"og:site_name\" content=\"Mekulo SE\" \/>\n<meta property=\"article:modified_time\" content=\"2026-01-05T19:04:57+00:00\" \/>\n<meta property=\"og:image\" content=\"https:\/\/mekulo.com\/se\/wp-content\/uploads\/sites\/11\/2026\/01\/q1eo66r-1.jpg\" \/>\n\t<meta property=\"og:image:width\" content=\"1080\" \/>\n\t<meta property=\"og:image:height\" content=\"1080\" \/>\n\t<meta property=\"og:image:type\" content=\"image\/jpeg\" \/>\n<meta name=\"twitter:card\" content=\"summary_large_image\" \/>\n<meta name=\"twitter:label1\" content=\"Ber\u00e4knad l\u00e4stid\" \/>\n\t<meta name=\"twitter:data1\" content=\"2 minuter\" \/>\n<script type=\"application\/ld+json\" class=\"yoast-schema-graph\">{\"@context\":\"https:\/\/schema.org\",\"@graph\":[{\"@type\":\"WebPage\",\"@id\":\"https:\/\/mekulo.com\/se\/produkt\/propp-for-konservering-av-vin\/\",\"url\":\"https:\/\/mekulo.com\/se\/produkt\/propp-for-konservering-av-vin\/\",\"name\":\"Propp f\u00f6r konservering av vin - Mekulo SE\",\"isPartOf\":{\"@id\":\"https:\/\/mekulo.com\/se\/#website\"},\"primaryImageOfPage\":{\"@id\":\"https:\/\/mekulo.com\/se\/produkt\/propp-for-konservering-av-vin\/#primaryimage\"},\"image\":{\"@id\":\"https:\/\/mekulo.com\/se\/produkt\/propp-for-konservering-av-vin\/#primaryimage\"},\"thumbnailUrl\":\"https:\/\/mekulo.com\/se\/wp-content\/uploads\/sites\/11\/2026\/01\/q1eo66r-1.jpg\",\"datePublished\":\"2026-01-05T14:06:48+00:00\",\"dateModified\":\"2026-01-05T19:04:57+00:00\",\"breadcrumb\":{\"@id\":\"https:\/\/mekulo.com\/se\/produkt\/propp-for-konservering-av-vin\/#breadcrumb\"},\"inLanguage\":\"sv-SE\",\"potentialAction\":[{\"@type\":\"ReadAction\",\"target\":[\"https:\/\/mekulo.com\/se\/produkt\/propp-for-konservering-av-vin\/\"]}]},{\"@type\":\"ImageObject\",\"inLanguage\":\"sv-SE\",\"@id\":\"https:\/\/mekulo.com\/se\/produkt\/propp-for-konservering-av-vin\/#primaryimage\",\"url\":\"https:\/\/mekulo.com\/se\/wp-content\/uploads\/sites\/11\/2026\/01\/q1eo66r-1.jpg\",\"contentUrl\":\"https:\/\/mekulo.com\/se\/wp-content\/uploads\/sites\/11\/2026\/01\/q1eo66r-1.jpg\",\"width\":1080,\"height\":1080},{\"@type\":\"BreadcrumbList\",\"@id\":\"https:\/\/mekulo.com\/se\/produkt\/propp-for-konservering-av-vin\/#breadcrumb\",\"itemListElement\":[{\"@type\":\"ListItem\",\"position\":1,\"name\":\"Home\",\"item\":\"https:\/\/mekulo.com\/se\/\"},{\"@type\":\"ListItem\",\"position\":2,\"name\":\"Butik\",\"item\":\"https:\/\/mekulo.com\/se\/butik\/\"},{\"@type\":\"ListItem\",\"position\":3,\"name\":\"Propp f\u00f6r konservering av vin\"}]},{\"@type\":\"WebSite\",\"@id\":\"https:\/\/mekulo.com\/se\/#website\",\"url\":\"https:\/\/mekulo.com\/se\/\",\"name\":\"Mekulo SE\",\"description\":\"\",\"publisher\":{\"@id\":\"https:\/\/mekulo.com\/se\/#organization\"},\"potentialAction\":[{\"@type\":\"SearchAction\",\"target\":{\"@type\":\"EntryPoint\",\"urlTemplate\":\"https:\/\/mekulo.com\/se\/?s={search_term_string}\"},\"query-input\":{\"@type\":\"PropertyValueSpecification\",\"valueRequired\":true,\"valueName\":\"search_term_string\"}}],\"inLanguage\":\"sv-SE\"},{\"@type\":\"Organization\",\"@id\":\"https:\/\/mekulo.com\/se\/#organization\",\"name\":\"Mekulo\",\"url\":\"https:\/\/mekulo.com\/se\/\",\"logo\":{\"@type\":\"ImageObject\",\"inLanguage\":\"sv-SE\",\"@id\":\"https:\/\/mekulo.com\/se\/#\/schema\/logo\/image\/\",\"url\":\"https:\/\/mekulo.com\/se\/wp-content\/uploads\/sites\/11\/2025\/12\/favicon_mekulo.png\",\"contentUrl\":\"https:\/\/mekulo.com\/se\/wp-content\/uploads\/sites\/11\/2025\/12\/favicon_mekulo.png\",\"width\":50,\"height\":50,\"caption\":\"Mekulo\"},\"image\":{\"@id\":\"https:\/\/mekulo.com\/se\/#\/schema\/logo\/image\/\"}}]}<\/script>\n<!-- \/ Yoast SEO plugin. -->","yoast_head_json":{"title":"Propp f\u00f6r konservering av vin - Mekulo SE","robots":{"index":"index","follow":"follow","max-snippet":"max-snippet:-1","max-image-preview":"max-image-preview:large","max-video-preview":"max-video-preview:-1"},"canonical":"https:\/\/mekulo.com\/se\/produkt\/propp-for-konservering-av-vin\/","og_locale":"sv_SE","og_type":"article","og_title":"Propp f\u00f6r konservering av vin - Mekulo SE","og_description":"En 2-i-1-propp f\u00f6r konservering av vin som f\u00f6rseglar flaskan och fungerar som en smidig h\u00e4llare. Den h\u00e5ller vinet fr\u00e4scht l\u00e4ngre, f\u00f6rhindrar dropp och spill och f\u00f6rb\u00e4ttrar h\u00e4llkontrollen. Tillverkad av livsmedelsklassade material, passar de flesta vinflaskor och g\u00f6r serveringen renare och enklare.","og_url":"https:\/\/mekulo.com\/se\/produkt\/propp-for-konservering-av-vin\/","og_site_name":"Mekulo SE","article_modified_time":"2026-01-05T19:04:57+00:00","og_image":[{"width":1080,"height":1080,"url":"https:\/\/mekulo.com\/se\/wp-content\/uploads\/sites\/11\/2026\/01\/q1eo66r-1.jpg","type":"image\/jpeg"}],"twitter_card":"summary_large_image","twitter_misc":{"Ber\u00e4knad l\u00e4stid":"2 minuter"},"schema":{"@context":"https:\/\/schema.org","@graph":[{"@type":"WebPage","@id":"https:\/\/mekulo.com\/se\/produkt\/propp-for-konservering-av-vin\/","url":"https:\/\/mekulo.com\/se\/produkt\/propp-for-konservering-av-vin\/","name":"Propp f\u00f6r konservering av vin - Mekulo SE","isPartOf":{"@id":"https:\/\/mekulo.com\/se\/#website"},"primaryImageOfPage":{"@id":"https:\/\/mekulo.com\/se\/produkt\/propp-for-konservering-av-vin\/#primaryimage"},"image":{"@id":"https:\/\/mekulo.com\/se\/produkt\/propp-for-konservering-av-vin\/#primaryimage"},"thumbnailUrl":"https:\/\/mekulo.com\/se\/wp-content\/uploads\/sites\/11\/2026\/01\/q1eo66r-1.jpg","datePublished":"2026-01-05T14:06:48+00:00","dateModified":"2026-01-05T19:04:57+00:00","breadcrumb":{"@id":"https:\/\/mekulo.com\/se\/produkt\/propp-for-konservering-av-vin\/#breadcrumb"},"inLanguage":"sv-SE","potentialAction":[{"@type":"ReadAction","target":["https:\/\/mekulo.com\/se\/produkt\/propp-for-konservering-av-vin\/"]}]},{"@type":"ImageObject","inLanguage":"sv-SE","@id":"https:\/\/mekulo.com\/se\/produkt\/propp-for-konservering-av-vin\/#primaryimage","url":"https:\/\/mekulo.com\/se\/wp-content\/uploads\/sites\/11\/2026\/01\/q1eo66r-1.jpg","contentUrl":"https:\/\/mekulo.com\/se\/wp-content\/uploads\/sites\/11\/2026\/01\/q1eo66r-1.jpg","width":1080,"height":1080},{"@type":"BreadcrumbList","@id":"https:\/\/mekulo.com\/se\/produkt\/propp-for-konservering-av-vin\/#breadcrumb","itemListElement":[{"@type":"ListItem","position":1,"name":"Home","item":"https:\/\/mekulo.com\/se\/"},{"@type":"ListItem","position":2,"name":"Butik","item":"https:\/\/mekulo.com\/se\/butik\/"},{"@type":"ListItem","position":3,"name":"Propp f\u00f6r konservering av vin"}]},{"@type":"WebSite","@id":"https:\/\/mekulo.com\/se\/#website","url":"https:\/\/mekulo.com\/se\/","name":"Mekulo SE","description":"","publisher":{"@id":"https:\/\/mekulo.com\/se\/#organization"},"potentialAction":[{"@type":"SearchAction","target":{"@type":"EntryPoint","urlTemplate":"https:\/\/mekulo.com\/se\/?s={search_term_string}"},"query-input":{"@type":"PropertyValueSpecification","valueRequired":true,"valueName":"search_term_string"}}],"inLanguage":"sv-SE"},{"@type":"Organization","@id":"https:\/\/mekulo.com\/se\/#organization","name":"Mekulo","url":"https:\/\/mekulo.com\/se\/","logo":{"@type":"ImageObject","inLanguage":"sv-SE","@id":"https:\/\/mekulo.com\/se\/#\/schema\/logo\/image\/","url":"https:\/\/mekulo.com\/se\/wp-content\/uploads\/sites\/11\/2025\/12\/favicon_mekulo.png","contentUrl":"https:\/\/mekulo.com\/se\/wp-content\/uploads\/sites\/11\/2025\/12\/favicon_mekulo.png","width":50,"height":50,"caption":"Mekulo"},"image":{"@id":"https:\/\/mekulo.com\/se\/#\/schema\/logo\/image\/"}}]}},"_links":{"self":[{"href":"https:\/\/mekulo.com\/se\/wp-json\/wp\/v2\/product\/14324","targetHints":{"allow":["GET"]}}],"collection":[{"href":"https:\/\/mekulo.com\/se\/wp-json\/wp\/v2\/product"}],"about":[{"href":"https:\/\/mekulo.com\/se\/wp-json\/wp\/v2\/types\/product"}],"replies":[{"embeddable":true,"href":"https:\/\/mekulo.com\/se\/wp-json\/wp\/v2\/comments?post=14324"}],"wp:featuredmedia":[{"embeddable":true,"href":"https:\/\/mekulo.com\/se\/wp-json\/wp\/v2\/media\/14320"}],"wp:attachment":[{"href":"https:\/\/mekulo.com\/se\/wp-json\/wp\/v2\/media?parent=14324"}],"wp:term":[{"taxonomy":"product_brand","embeddable":true,"href":"https:\/\/mekulo.com\/se\/wp-json\/wp\/v2\/product_brand?post=14324"},{"taxonomy":"product_cat","embeddable":true,"href":"https:\/\/mekulo.com\/se\/wp-json\/wp\/v2\/product_cat?post=14324"},{"taxonomy":"product_tag","embeddable":true,"href":"https:\/\/mekulo.com\/se\/wp-json\/wp\/v2\/product_tag?post=14324"}],"curies":[{"name":"wp","href":"https:\/\/api.w.org\/{rel}","templated":true}]}}