{"id":14000,"date":"2026-01-05T11:56:50","date_gmt":"2026-01-05T09:56:50","guid":{"rendered":"https:\/\/mekulo.com\/se\/produkt\/orhangen-2\/"},"modified":"2026-01-05T21:38:01","modified_gmt":"2026-01-05T19:38:01","slug":"orhangen-2","status":"publish","type":"product","link":"https:\/\/mekulo.com\/se\/produkt\/orhangen-2\/","title":{"rendered":"\u00d6rh\u00e4ngen"},"content":{"rendered":"<p style=\"text-align: center;\" data-start=\"103\" data-end=\"164\"><strong data-start=\"103\" data-end=\"164\">Kanalisera Kraften Fr\u00e5n De Nordiska Gudarna Med Varje Anv\u00e4ndning. \u26a1\ud83d\udee1\ufe0f<\/strong><\/p>\n<p data-start=\"166\" data-end=\"408\"><img decoding=\"async\" class=\"size-full wp-image-27021 aligncenter\" src=\"https:\/\/keluvo.com\/template\/wp-content\/uploads\/sites\/5\/2025\/07\/07029-ezgif.com-video-to-webp-converter-1.webp\" alt=\"\" \/><\/p>\n<h2 style=\"text-align: center;\" data-start=\"410\" data-end=\"431\">Huvudf\u00f6rdelar \ud83d\udcab<\/h2>\n<p data-start=\"434\" data-end=\"488\">\u2728 I\u00f6gonfallande design med nordiska runor f\u00f6r ett kraftfullt utseende<\/p>\n<p data-start=\"491\" data-end=\"555\">\ud83d\udcaa Tillverkad av h\u00f6gkvalitativt rostfritt st\u00e5l &#8211; ingen missf\u00e4rgning eller blekning<\/p>\n<p data-start=\"558\" data-end=\"606\">\ud83c\udf0a Vattent\u00e5lig och s\u00e4ker f\u00f6r k\u00e4nslig hud<\/p>\n<p data-start=\"609\" data-end=\"689\">\ud83c\udf81 Perfekt present till historie\u00e4lskare, mytologifans eller alla som lever boldly<\/p>\n<p data-start=\"692\" data-end=\"729\">\ud83e\uddd4\u200d\u2642\ufe0f Passar b\u00e5de m\u00e4n och kvinnor<\/p>\n<p data-start=\"692\" data-end=\"729\"><img decoding=\"async\" class=\"size-full wp-image-27015 aligncenter\" src=\"https:\/\/keluvo.com\/template\/wp-content\/uploads\/sites\/5\/2025\/07\/GAYGmnMWfIOO1tgPBMlW-1.jpg\" alt=\"\" \/><\/p>\n<h2 style=\"text-align: center;\" data-start=\"731\" data-end=\"754\">Produktdetaljer \ud83d\udccf<\/h2>\n<ul data-start=\"755\" data-end=\"913\">\n<li data-start=\"755\" data-end=\"784\">\n<p data-start=\"757\" data-end=\"784\">Material: 316L rostfritt st\u00e5l\/<span class=\"text-only\" data-eleid=\"3\">925 Sterling Silver<\/span><\/p>\n<\/li>\n<li data-start=\"785\" data-end=\"803\">\n<p data-start=\"787\" data-end=\"803\">Diameter: 12mm\/10mm<\/p>\n<\/li>\n<li data-start=\"804\" data-end=\"844\">\n<p data-start=\"806\" data-end=\"844\">Finish: Polerad guldf\u00e4rgad eller silverf\u00e4rgad<\/p>\n<\/li>\n<li data-start=\"845\" data-end=\"876\">\n<p data-start=\"847\" data-end=\"876\">L\u00e5sning: S\u00e4kert g\u00e5ngj\u00e4rnsl\u00e5s<\/p>\n<\/li>\n<\/ul>\n<h2 style=\"text-align: center;\" data-start=\"915\" data-end=\"939\">F\u00f6rpackningen inneh\u00e5ller \ud83d\udce6<\/h2>\n<ul data-start=\"940\" data-end=\"1021\">\n<li data-start=\"940\" data-end=\"980\">\n<p data-start=\"942\" data-end=\"980\">1x par Viking runor \u00f6rh\u00e4ngen.<\/p>\n<\/li>\n<\/ul>\n","protected":false},"excerpt":{"rendered":"<p>Dessa \u00f6rh\u00e4ngen med vikingarunor \u00e4r inte bara accessoarer &#8211; de \u00e4r ett uttryck f\u00f6r styrka, arv och en dj\u00e4rv personlig stil. Med ur\u00e5ldriga runor graverade i polerat guldf\u00e4rgat eller silverf\u00e4rgat st\u00e5l \u00e4r de byggda f\u00f6r att f\u00e5 folk att v\u00e4nda p\u00e5 huvudet och skapa samtal.<\/p>\n","protected":false},"featured_media":13996,"comment_status":"open","ping_status":"closed","template":"","meta":{"site-sidebar-layout":"default","site-content-layout":"","ast-site-content-layout":"default","site-content-style":"default","site-sidebar-style":"default","ast-global-header-display":"","ast-banner-title-visibility":"","ast-main-header-display":"","ast-hfb-above-header-display":"","ast-hfb-below-header-display":"","ast-hfb-mobile-header-display":"","site-post-title":"","ast-breadcrumbs-content":"","ast-featured-img":"","footer-sml-layout":"","theme-transparent-header-meta":"default","adv-header-id-meta":"","stick-header-meta":"","header-above-stick-meta":"","header-main-stick-meta":"","header-below-stick-meta":"","astra-migrate-meta-layouts":"set","ast-page-background-enabled":"default","ast-page-background-meta":{"desktop":{"background-color":"var(--ast-global-color-5)","background-image":"","background-repeat":"repeat","background-position":"center center","background-size":"auto","background-attachment":"scroll","background-type":"","background-media":"","overlay-type":"","overlay-color":"","overlay-opacity":"","overlay-gradient":""},"tablet":{"background-color":"","background-image":"","background-repeat":"repeat","background-position":"center center","background-size":"auto","background-attachment":"scroll","background-type":"","background-media":"","overlay-type":"","overlay-color":"","overlay-opacity":"","overlay-gradient":""},"mobile":{"background-color":"","background-image":"","background-repeat":"repeat","background-position":"center center","background-size":"auto","background-attachment":"scroll","background-type":"","background-media":"","overlay-type":"","overlay-color":"","overlay-opacity":"","overlay-gradient":""}},"ast-content-background-meta":{"desktop":{"background-color":"var(--ast-global-color-4)","background-image":"","background-repeat":"repeat","background-position":"center center","background-size":"auto","background-attachment":"scroll","background-type":"","background-media":"","overlay-type":"","overlay-color":"","overlay-opacity":"","overlay-gradient":""},"tablet":{"background-color":"var(--ast-global-color-4)","background-image":"","background-repeat":"repeat","background-position":"center center","background-size":"auto","background-attachment":"scroll","background-type":"","background-media":"","overlay-type":"","overlay-color":"","overlay-opacity":"","overlay-gradient":""},"mobile":{"background-color":"var(--ast-global-color-4)","background-image":"","background-repeat":"repeat","background-position":"center center","background-size":"auto","background-attachment":"scroll","background-type":"","background-media":"","overlay-type":"","overlay-color":"","overlay-opacity":"","overlay-gradient":""}}},"product_brand":[],"product_cat":[165],"product_tag":[],"class_list":{"0":"post-14000","1":"product","2":"type-product","3":"status-publish","4":"has-post-thumbnail","6":"product_cat-skor-accessoarer","7":"pa_34585_6ugne9ko-hexagon","8":"pa_34585_6ugne9ko-hoop","9":"pa_34585_6ugne9ko-triangel","10":"pa_34585_u7xonvxg-stal","11":"pa_34585_u7xonvxg-svart","12":"desktop-align-left","13":"tablet-align-left","14":"mobile-align-left","16":"first","17":"instock","18":"shipping-taxable","19":"purchasable","20":"product-type-variable","21":"has-default-attributes"},"yoast_head":"<!-- This site is optimized with the Yoast SEO plugin v26.6 - https:\/\/yoast.com\/wordpress\/plugins\/seo\/ -->\n<title>\u00d6rh\u00e4ngen - Mekulo SE<\/title>\n<meta name=\"robots\" content=\"index, follow, max-snippet:-1, max-image-preview:large, max-video-preview:-1\" \/>\n<link rel=\"canonical\" href=\"https:\/\/mekulo.com\/se\/produkt\/orhangen-2\/\" \/>\n<meta property=\"og:locale\" content=\"en_US\" \/>\n<meta property=\"og:type\" content=\"article\" \/>\n<meta property=\"og:title\" content=\"\u00d6rh\u00e4ngen - Mekulo SE\" \/>\n<meta property=\"og:description\" content=\"Dessa \u00f6rh\u00e4ngen med vikingarunor \u00e4r inte bara accessoarer - de \u00e4r ett uttryck f\u00f6r styrka, arv och en dj\u00e4rv personlig stil. Med ur\u00e5ldriga runor graverade i polerat guldf\u00e4rgat eller silverf\u00e4rgat st\u00e5l \u00e4r de byggda f\u00f6r att f\u00e5 folk att v\u00e4nda p\u00e5 huvudet och skapa samtal.\" \/>\n<meta property=\"og:url\" content=\"https:\/\/mekulo.com\/se\/produkt\/orhangen-2\/\" \/>\n<meta property=\"og:site_name\" content=\"Mekulo SE\" \/>\n<meta property=\"article:modified_time\" content=\"2026-01-05T19:38:01+00:00\" \/>\n<meta property=\"og:image\" content=\"https:\/\/mekulo.com\/se\/wp-content\/uploads\/sites\/11\/2026\/01\/skuojhf-1.jpg\" \/>\n\t<meta property=\"og:image:width\" content=\"1080\" \/>\n\t<meta property=\"og:image:height\" content=\"1080\" \/>\n\t<meta property=\"og:image:type\" content=\"image\/jpeg\" \/>\n<meta name=\"twitter:card\" content=\"summary_large_image\" \/>\n<meta name=\"twitter:label1\" content=\"Est. reading time\" \/>\n\t<meta name=\"twitter:data1\" content=\"2 minutes\" \/>\n<script type=\"application\/ld+json\" class=\"yoast-schema-graph\">{\"@context\":\"https:\/\/schema.org\",\"@graph\":[{\"@type\":\"WebPage\",\"@id\":\"https:\/\/mekulo.com\/se\/produkt\/orhangen-2\/\",\"url\":\"https:\/\/mekulo.com\/se\/produkt\/orhangen-2\/\",\"name\":\"\u00d6rh\u00e4ngen - Mekulo SE\",\"isPartOf\":{\"@id\":\"https:\/\/mekulo.com\/se\/#website\"},\"primaryImageOfPage\":{\"@id\":\"https:\/\/mekulo.com\/se\/produkt\/orhangen-2\/#primaryimage\"},\"image\":{\"@id\":\"https:\/\/mekulo.com\/se\/produkt\/orhangen-2\/#primaryimage\"},\"thumbnailUrl\":\"https:\/\/mekulo.com\/se\/wp-content\/uploads\/sites\/11\/2026\/01\/skuojhf-1.jpg\",\"datePublished\":\"2026-01-05T09:56:50+00:00\",\"dateModified\":\"2026-01-05T19:38:01+00:00\",\"breadcrumb\":{\"@id\":\"https:\/\/mekulo.com\/se\/produkt\/orhangen-2\/#breadcrumb\"},\"inLanguage\":\"en-US\",\"potentialAction\":[{\"@type\":\"ReadAction\",\"target\":[\"https:\/\/mekulo.com\/se\/produkt\/orhangen-2\/\"]}]},{\"@type\":\"ImageObject\",\"inLanguage\":\"en-US\",\"@id\":\"https:\/\/mekulo.com\/se\/produkt\/orhangen-2\/#primaryimage\",\"url\":\"https:\/\/mekulo.com\/se\/wp-content\/uploads\/sites\/11\/2026\/01\/skuojhf-1.jpg\",\"contentUrl\":\"https:\/\/mekulo.com\/se\/wp-content\/uploads\/sites\/11\/2026\/01\/skuojhf-1.jpg\",\"width\":1080,\"height\":1080},{\"@type\":\"BreadcrumbList\",\"@id\":\"https:\/\/mekulo.com\/se\/produkt\/orhangen-2\/#breadcrumb\",\"itemListElement\":[{\"@type\":\"ListItem\",\"position\":1,\"name\":\"Home\",\"item\":\"https:\/\/mekulo.com\/se\/\"},{\"@type\":\"ListItem\",\"position\":2,\"name\":\"Butik\",\"item\":\"https:\/\/mekulo.com\/se\/butik\/\"},{\"@type\":\"ListItem\",\"position\":3,\"name\":\"\u00d6rh\u00e4ngen\"}]},{\"@type\":\"WebSite\",\"@id\":\"https:\/\/mekulo.com\/se\/#website\",\"url\":\"https:\/\/mekulo.com\/se\/\",\"name\":\"Mekulo SE\",\"description\":\"\",\"publisher\":{\"@id\":\"https:\/\/mekulo.com\/se\/#organization\"},\"potentialAction\":[{\"@type\":\"SearchAction\",\"target\":{\"@type\":\"EntryPoint\",\"urlTemplate\":\"https:\/\/mekulo.com\/se\/?s={search_term_string}\"},\"query-input\":{\"@type\":\"PropertyValueSpecification\",\"valueRequired\":true,\"valueName\":\"search_term_string\"}}],\"inLanguage\":\"en-US\"},{\"@type\":\"Organization\",\"@id\":\"https:\/\/mekulo.com\/se\/#organization\",\"name\":\"Mekulo\",\"url\":\"https:\/\/mekulo.com\/se\/\",\"logo\":{\"@type\":\"ImageObject\",\"inLanguage\":\"en-US\",\"@id\":\"https:\/\/mekulo.com\/se\/#\/schema\/logo\/image\/\",\"url\":\"https:\/\/mekulo.com\/se\/wp-content\/uploads\/sites\/11\/2025\/12\/favicon_mekulo.png\",\"contentUrl\":\"https:\/\/mekulo.com\/se\/wp-content\/uploads\/sites\/11\/2025\/12\/favicon_mekulo.png\",\"width\":50,\"height\":50,\"caption\":\"Mekulo\"},\"image\":{\"@id\":\"https:\/\/mekulo.com\/se\/#\/schema\/logo\/image\/\"}}]}<\/script>\n<!-- \/ Yoast SEO plugin. -->","yoast_head_json":{"title":"\u00d6rh\u00e4ngen - Mekulo SE","robots":{"index":"index","follow":"follow","max-snippet":"max-snippet:-1","max-image-preview":"max-image-preview:large","max-video-preview":"max-video-preview:-1"},"canonical":"https:\/\/mekulo.com\/se\/produkt\/orhangen-2\/","og_locale":"en_US","og_type":"article","og_title":"\u00d6rh\u00e4ngen - Mekulo SE","og_description":"Dessa \u00f6rh\u00e4ngen med vikingarunor \u00e4r inte bara accessoarer - de \u00e4r ett uttryck f\u00f6r styrka, arv och en dj\u00e4rv personlig stil. Med ur\u00e5ldriga runor graverade i polerat guldf\u00e4rgat eller silverf\u00e4rgat st\u00e5l \u00e4r de byggda f\u00f6r att f\u00e5 folk att v\u00e4nda p\u00e5 huvudet och skapa samtal.","og_url":"https:\/\/mekulo.com\/se\/produkt\/orhangen-2\/","og_site_name":"Mekulo SE","article_modified_time":"2026-01-05T19:38:01+00:00","og_image":[{"width":1080,"height":1080,"url":"https:\/\/mekulo.com\/se\/wp-content\/uploads\/sites\/11\/2026\/01\/skuojhf-1.jpg","type":"image\/jpeg"}],"twitter_card":"summary_large_image","twitter_misc":{"Est. reading time":"2 minutes"},"schema":{"@context":"https:\/\/schema.org","@graph":[{"@type":"WebPage","@id":"https:\/\/mekulo.com\/se\/produkt\/orhangen-2\/","url":"https:\/\/mekulo.com\/se\/produkt\/orhangen-2\/","name":"\u00d6rh\u00e4ngen - Mekulo SE","isPartOf":{"@id":"https:\/\/mekulo.com\/se\/#website"},"primaryImageOfPage":{"@id":"https:\/\/mekulo.com\/se\/produkt\/orhangen-2\/#primaryimage"},"image":{"@id":"https:\/\/mekulo.com\/se\/produkt\/orhangen-2\/#primaryimage"},"thumbnailUrl":"https:\/\/mekulo.com\/se\/wp-content\/uploads\/sites\/11\/2026\/01\/skuojhf-1.jpg","datePublished":"2026-01-05T09:56:50+00:00","dateModified":"2026-01-05T19:38:01+00:00","breadcrumb":{"@id":"https:\/\/mekulo.com\/se\/produkt\/orhangen-2\/#breadcrumb"},"inLanguage":"en-US","potentialAction":[{"@type":"ReadAction","target":["https:\/\/mekulo.com\/se\/produkt\/orhangen-2\/"]}]},{"@type":"ImageObject","inLanguage":"en-US","@id":"https:\/\/mekulo.com\/se\/produkt\/orhangen-2\/#primaryimage","url":"https:\/\/mekulo.com\/se\/wp-content\/uploads\/sites\/11\/2026\/01\/skuojhf-1.jpg","contentUrl":"https:\/\/mekulo.com\/se\/wp-content\/uploads\/sites\/11\/2026\/01\/skuojhf-1.jpg","width":1080,"height":1080},{"@type":"BreadcrumbList","@id":"https:\/\/mekulo.com\/se\/produkt\/orhangen-2\/#breadcrumb","itemListElement":[{"@type":"ListItem","position":1,"name":"Home","item":"https:\/\/mekulo.com\/se\/"},{"@type":"ListItem","position":2,"name":"Butik","item":"https:\/\/mekulo.com\/se\/butik\/"},{"@type":"ListItem","position":3,"name":"\u00d6rh\u00e4ngen"}]},{"@type":"WebSite","@id":"https:\/\/mekulo.com\/se\/#website","url":"https:\/\/mekulo.com\/se\/","name":"Mekulo SE","description":"","publisher":{"@id":"https:\/\/mekulo.com\/se\/#organization"},"potentialAction":[{"@type":"SearchAction","target":{"@type":"EntryPoint","urlTemplate":"https:\/\/mekulo.com\/se\/?s={search_term_string}"},"query-input":{"@type":"PropertyValueSpecification","valueRequired":true,"valueName":"search_term_string"}}],"inLanguage":"en-US"},{"@type":"Organization","@id":"https:\/\/mekulo.com\/se\/#organization","name":"Mekulo","url":"https:\/\/mekulo.com\/se\/","logo":{"@type":"ImageObject","inLanguage":"en-US","@id":"https:\/\/mekulo.com\/se\/#\/schema\/logo\/image\/","url":"https:\/\/mekulo.com\/se\/wp-content\/uploads\/sites\/11\/2025\/12\/favicon_mekulo.png","contentUrl":"https:\/\/mekulo.com\/se\/wp-content\/uploads\/sites\/11\/2025\/12\/favicon_mekulo.png","width":50,"height":50,"caption":"Mekulo"},"image":{"@id":"https:\/\/mekulo.com\/se\/#\/schema\/logo\/image\/"}}]}},"_links":{"self":[{"href":"https:\/\/mekulo.com\/se\/wp-json\/wp\/v2\/product\/14000","targetHints":{"allow":["GET"]}}],"collection":[{"href":"https:\/\/mekulo.com\/se\/wp-json\/wp\/v2\/product"}],"about":[{"href":"https:\/\/mekulo.com\/se\/wp-json\/wp\/v2\/types\/product"}],"replies":[{"embeddable":true,"href":"https:\/\/mekulo.com\/se\/wp-json\/wp\/v2\/comments?post=14000"}],"wp:featuredmedia":[{"embeddable":true,"href":"https:\/\/mekulo.com\/se\/wp-json\/wp\/v2\/media\/13996"}],"wp:attachment":[{"href":"https:\/\/mekulo.com\/se\/wp-json\/wp\/v2\/media?parent=14000"}],"wp:term":[{"taxonomy":"product_brand","embeddable":true,"href":"https:\/\/mekulo.com\/se\/wp-json\/wp\/v2\/product_brand?post=14000"},{"taxonomy":"product_cat","embeddable":true,"href":"https:\/\/mekulo.com\/se\/wp-json\/wp\/v2\/product_cat?post=14000"},{"taxonomy":"product_tag","embeddable":true,"href":"https:\/\/mekulo.com\/se\/wp-json\/wp\/v2\/product_tag?post=14000"}],"curies":[{"name":"wp","href":"https:\/\/api.w.org\/{rel}","templated":true}]}}