{"id":13959,"date":"2026-01-05T11:53:56","date_gmt":"2026-01-05T09:53:56","guid":{"rendered":"https:\/\/mekulo.com\/se\/produkt\/orhangen\/"},"modified":"2026-01-22T17:50:00","modified_gmt":"2026-01-22T15:50:00","slug":"orhangen","status":"publish","type":"product","link":"https:\/\/mekulo.com\/se\/produkt\/orhangen\/","title":{"rendered":"\u00d6rh\u00e4ngen"},"content":{"rendered":"<p style=\"text-align: center;\" data-start=\"116\" data-end=\"167\"><strong>F\u00e5 Utseendet Av Dubbla Piercingar Med Bara En!\ud83d\udc42<\/strong><\/p>\n<p data-start=\"169\" data-end=\"302\"><img decoding=\"async\" class=\"size-full wp-image-24322 aligncenter\" src=\"https:\/\/keluvo.com\/template\/wp-content\/uploads\/sites\/5\/2024\/11\/06182-ezgif.com-video-to-webp-converter.webp\" alt=\"\" \/><\/p>\n<h2 style=\"text-align: center;\" data-start=\"560\" data-end=\"582\">\ud83c\udf1f Huvudf\u00f6rdelar<\/h2>\n<p data-start=\"585\" data-end=\"655\">\u2728 Dubbel ringillusion\u00a0&#8211; Ser ut som tv\u00e5 piercingar med bara en.<\/p>\n<p data-start=\"658\" data-end=\"734\">\ud83d\udca7 Vattent\u00e4t &amp; H\u00e5llbar &#8211; Tillverkad av rostfritt st\u00e5l och byggd f\u00f6r att h\u00e5lla.<\/p>\n<p data-start=\"737\" data-end=\"809\">\ud83e\udde1 Bekv\u00e4m F\u00f6r K\u00e4nsliga \u00d6ron &#8211; Nickelfri och hudv\u00e4nlig.<\/p>\n<p data-start=\"812\" data-end=\"873\">\ud83d\udc8e Gnistrande CZ-Inl\u00e4gg &#8211; ger en ljus, glamor\u00f6s glans.<\/p>\n<p data-start=\"812\" data-end=\"873\"><img decoding=\"async\" class=\"size-full wp-image-24321 aligncenter\" src=\"https:\/\/keluvo.com\/template\/wp-content\/uploads\/sites\/5\/2024\/11\/ea04a8ba-dcc6-4166-a642-b1b88f0528dc.webp\" alt=\"\" \/><\/p>\n<h2 style=\"text-align: center;\" data-start=\"947\" data-end=\"966\">\ud83d\udd27 Hur man anv\u00e4nder<\/h2>\n<ol data-start=\"967\" data-end=\"1109\">\n<li data-start=\"967\" data-end=\"1013\">Slida \u00f6rh\u00e4nget i en enkel piercing.<\/li>\n<li data-start=\"967\" data-end=\"1013\">Justera hoops s\u00e5 att b\u00e5da sitter naturligt p\u00e5 loben.<\/li>\n<li data-start=\"1014\" data-end=\"1071\">\n<p data-start=\"1017\" data-end=\"1071\">Kombinera med vilken outfit som helst &#8211; dag som natt!<\/p>\n<\/li>\n<\/ol>\n<h2 style=\"text-align: center;\" data-start=\"1116\" data-end=\"1140\">\ud83d\udccf Produktdetaljer<\/h2>\n<ul data-start=\"1141\" data-end=\"1388\">\n<li data-start=\"1141\" data-end=\"1205\">\n<p data-start=\"1143\" data-end=\"1205\">Material: Rostfritt st\u00e5l med silver &amp; 14K guldpl\u00e4tering<\/p>\n<\/li>\n<li data-start=\"1206\" data-end=\"1253\">\n<p data-start=\"1208\" data-end=\"1253\">Design: Dubbel ring f\u00f6r enkel piercing<\/p>\n<\/li>\n<li data-start=\"1295\" data-end=\"1336\">\n<p data-start=\"1297\" data-end=\"1336\">Stil: Minimalistisk, trendig, n\u00e4tt<\/p>\n<\/li>\n<li data-start=\"1337\" data-end=\"1388\">\n<p data-start=\"1339\" data-end=\"1388\">Hypoallergenisk: Ja &#8211; s\u00e4kert f\u00f6r k\u00e4nsliga \u00f6ron<\/p>\n<\/li>\n<\/ul>\n<h2 style=\"text-align: center;\" data-start=\"1395\" data-end=\"1420\">\ud83d\udce6 F\u00f6rpackningen inneh\u00e5ller<\/h2>\n<ul data-start=\"1421\" data-end=\"1495\">\n<li data-start=\"1421\" data-end=\"1465\">\n<p data-start=\"1423\" data-end=\"1465\">1x par illusions\u00f6rh\u00e4ngen med dubbla ringar.<\/p>\n<\/li>\n<\/ul>\n","protected":false},"excerpt":{"rendered":"<p>De h\u00e4r snygga \u00f6rh\u00e4ngena ger en illusion av flera piercingar samtidigt som de bara beh\u00f6ver en &#8211; perfekt f\u00f6r en dj\u00e4rv look utan extra sm\u00e4rta. De h\u00e4r dubbla \u00f6rh\u00e4ngena \u00e4r tillverkade av h\u00f6gkvalitativt rostfritt st\u00e5l och pl\u00e4terade i silver och 14K guld, \u00e4r skonsamma mot k\u00e4nsliga \u00f6ron och lyser starkt med inl\u00e4gg av cubic zirconia. Deras minimalistiska och eleganta design passar alla outfits &#8211; fr\u00e5n avslappnad till elegant.<\/p>\n","protected":false},"featured_media":13955,"comment_status":"open","ping_status":"closed","template":"","meta":{"site-sidebar-layout":"default","site-content-layout":"","ast-site-content-layout":"default","site-content-style":"default","site-sidebar-style":"default","ast-global-header-display":"","ast-banner-title-visibility":"","ast-main-header-display":"","ast-hfb-above-header-display":"","ast-hfb-below-header-display":"","ast-hfb-mobile-header-display":"","site-post-title":"","ast-breadcrumbs-content":"","ast-featured-img":"","footer-sml-layout":"","theme-transparent-header-meta":"default","adv-header-id-meta":"","stick-header-meta":"","header-above-stick-meta":"","header-main-stick-meta":"","header-below-stick-meta":"","astra-migrate-meta-layouts":"set","ast-page-background-enabled":"default","ast-page-background-meta":{"desktop":{"background-color":"var(--ast-global-color-5)","background-image":"","background-repeat":"repeat","background-position":"center center","background-size":"auto","background-attachment":"scroll","background-type":"","background-media":"","overlay-type":"","overlay-color":"","overlay-opacity":"","overlay-gradient":""},"tablet":{"background-color":"","background-image":"","background-repeat":"repeat","background-position":"center center","background-size":"auto","background-attachment":"scroll","background-type":"","background-media":"","overlay-type":"","overlay-color":"","overlay-opacity":"","overlay-gradient":""},"mobile":{"background-color":"","background-image":"","background-repeat":"repeat","background-position":"center center","background-size":"auto","background-attachment":"scroll","background-type":"","background-media":"","overlay-type":"","overlay-color":"","overlay-opacity":"","overlay-gradient":""}},"ast-content-background-meta":{"desktop":{"background-color":"var(--ast-global-color-4)","background-image":"","background-repeat":"repeat","background-position":"center center","background-size":"auto","background-attachment":"scroll","background-type":"","background-media":"","overlay-type":"","overlay-color":"","overlay-opacity":"","overlay-gradient":""},"tablet":{"background-color":"var(--ast-global-color-4)","background-image":"","background-repeat":"repeat","background-position":"center center","background-size":"auto","background-attachment":"scroll","background-type":"","background-media":"","overlay-type":"","overlay-color":"","overlay-opacity":"","overlay-gradient":""},"mobile":{"background-color":"var(--ast-global-color-4)","background-image":"","background-repeat":"repeat","background-position":"center center","background-size":"auto","background-attachment":"scroll","background-type":"","background-media":"","overlay-type":"","overlay-color":"","overlay-opacity":"","overlay-gradient":""}}},"product_brand":[],"product_cat":[164,165],"product_tag":[],"class_list":{"0":"post-13959","1":"product","2":"type-product","3":"status-publish","4":"has-post-thumbnail","6":"product_cat-klader-for-kvinnor","7":"product_cat-skor-accessoarer","8":"pa_15948_c3twi3s9-guld","9":"pa_15948_c3twi3s9-silver","10":"desktop-align-left","11":"tablet-align-left","12":"mobile-align-left","14":"first","15":"instock","16":"shipping-taxable","17":"purchasable","18":"product-type-variable"},"yoast_head":"<!-- This site is optimized with the Yoast SEO plugin v26.6 - https:\/\/yoast.com\/wordpress\/plugins\/seo\/ -->\n<title>\u00d6rh\u00e4ngen - Mekulo SE<\/title>\n<meta name=\"robots\" content=\"index, follow, max-snippet:-1, max-image-preview:large, max-video-preview:-1\" \/>\n<link rel=\"canonical\" href=\"https:\/\/mekulo.com\/se\/produkt\/orhangen\/\" \/>\n<meta property=\"og:locale\" content=\"sv_SE\" \/>\n<meta property=\"og:type\" content=\"article\" \/>\n<meta property=\"og:title\" content=\"\u00d6rh\u00e4ngen - Mekulo SE\" \/>\n<meta property=\"og:description\" content=\"De h\u00e4r snygga \u00f6rh\u00e4ngena ger en illusion av flera piercingar samtidigt som de bara beh\u00f6ver en - perfekt f\u00f6r en dj\u00e4rv look utan extra sm\u00e4rta. De h\u00e4r dubbla \u00f6rh\u00e4ngena \u00e4r tillverkade av h\u00f6gkvalitativt rostfritt st\u00e5l och pl\u00e4terade i silver och 14K guld, \u00e4r skonsamma mot k\u00e4nsliga \u00f6ron och lyser starkt med inl\u00e4gg av cubic zirconia. Deras minimalistiska och eleganta design passar alla outfits - fr\u00e5n avslappnad till elegant.\" \/>\n<meta property=\"og:url\" content=\"https:\/\/mekulo.com\/se\/produkt\/orhangen\/\" \/>\n<meta property=\"og:site_name\" content=\"Mekulo SE\" \/>\n<meta property=\"article:modified_time\" content=\"2026-01-22T15:50:00+00:00\" \/>\n<meta property=\"og:image\" content=\"https:\/\/mekulo.com\/se\/wp-content\/uploads\/sites\/11\/2026\/01\/62blu4s-1.png\" \/>\n\t<meta property=\"og:image:width\" content=\"960\" \/>\n\t<meta property=\"og:image:height\" content=\"960\" \/>\n\t<meta property=\"og:image:type\" content=\"image\/png\" \/>\n<meta name=\"twitter:card\" content=\"summary_large_image\" \/>\n<meta name=\"twitter:label1\" content=\"Ber\u00e4knad l\u00e4stid\" \/>\n\t<meta name=\"twitter:data1\" content=\"2 minuter\" \/>\n<script type=\"application\/ld+json\" class=\"yoast-schema-graph\">{\"@context\":\"https:\/\/schema.org\",\"@graph\":[{\"@type\":\"WebPage\",\"@id\":\"https:\/\/mekulo.com\/se\/produkt\/orhangen\/\",\"url\":\"https:\/\/mekulo.com\/se\/produkt\/orhangen\/\",\"name\":\"\u00d6rh\u00e4ngen - Mekulo SE\",\"isPartOf\":{\"@id\":\"https:\/\/mekulo.com\/se\/#website\"},\"primaryImageOfPage\":{\"@id\":\"https:\/\/mekulo.com\/se\/produkt\/orhangen\/#primaryimage\"},\"image\":{\"@id\":\"https:\/\/mekulo.com\/se\/produkt\/orhangen\/#primaryimage\"},\"thumbnailUrl\":\"https:\/\/mekulo.com\/se\/wp-content\/uploads\/sites\/11\/2026\/01\/62blu4s-1.png\",\"datePublished\":\"2026-01-05T09:53:56+00:00\",\"dateModified\":\"2026-01-22T15:50:00+00:00\",\"breadcrumb\":{\"@id\":\"https:\/\/mekulo.com\/se\/produkt\/orhangen\/#breadcrumb\"},\"inLanguage\":\"sv-SE\",\"potentialAction\":[{\"@type\":\"ReadAction\",\"target\":[\"https:\/\/mekulo.com\/se\/produkt\/orhangen\/\"]}]},{\"@type\":\"ImageObject\",\"inLanguage\":\"sv-SE\",\"@id\":\"https:\/\/mekulo.com\/se\/produkt\/orhangen\/#primaryimage\",\"url\":\"https:\/\/mekulo.com\/se\/wp-content\/uploads\/sites\/11\/2026\/01\/62blu4s-1.png\",\"contentUrl\":\"https:\/\/mekulo.com\/se\/wp-content\/uploads\/sites\/11\/2026\/01\/62blu4s-1.png\",\"width\":960,\"height\":960},{\"@type\":\"BreadcrumbList\",\"@id\":\"https:\/\/mekulo.com\/se\/produkt\/orhangen\/#breadcrumb\",\"itemListElement\":[{\"@type\":\"ListItem\",\"position\":1,\"name\":\"Home\",\"item\":\"https:\/\/mekulo.com\/se\/\"},{\"@type\":\"ListItem\",\"position\":2,\"name\":\"Butik\",\"item\":\"https:\/\/mekulo.com\/se\/butik\/\"},{\"@type\":\"ListItem\",\"position\":3,\"name\":\"\u00d6rh\u00e4ngen\"}]},{\"@type\":\"WebSite\",\"@id\":\"https:\/\/mekulo.com\/se\/#website\",\"url\":\"https:\/\/mekulo.com\/se\/\",\"name\":\"Mekulo SE\",\"description\":\"\",\"publisher\":{\"@id\":\"https:\/\/mekulo.com\/se\/#organization\"},\"potentialAction\":[{\"@type\":\"SearchAction\",\"target\":{\"@type\":\"EntryPoint\",\"urlTemplate\":\"https:\/\/mekulo.com\/se\/?s={search_term_string}\"},\"query-input\":{\"@type\":\"PropertyValueSpecification\",\"valueRequired\":true,\"valueName\":\"search_term_string\"}}],\"inLanguage\":\"sv-SE\"},{\"@type\":\"Organization\",\"@id\":\"https:\/\/mekulo.com\/se\/#organization\",\"name\":\"Mekulo\",\"url\":\"https:\/\/mekulo.com\/se\/\",\"logo\":{\"@type\":\"ImageObject\",\"inLanguage\":\"sv-SE\",\"@id\":\"https:\/\/mekulo.com\/se\/#\/schema\/logo\/image\/\",\"url\":\"https:\/\/mekulo.com\/se\/wp-content\/uploads\/sites\/11\/2025\/12\/favicon_mekulo.png\",\"contentUrl\":\"https:\/\/mekulo.com\/se\/wp-content\/uploads\/sites\/11\/2025\/12\/favicon_mekulo.png\",\"width\":50,\"height\":50,\"caption\":\"Mekulo\"},\"image\":{\"@id\":\"https:\/\/mekulo.com\/se\/#\/schema\/logo\/image\/\"}}]}<\/script>\n<!-- \/ Yoast SEO plugin. -->","yoast_head_json":{"title":"\u00d6rh\u00e4ngen - Mekulo SE","robots":{"index":"index","follow":"follow","max-snippet":"max-snippet:-1","max-image-preview":"max-image-preview:large","max-video-preview":"max-video-preview:-1"},"canonical":"https:\/\/mekulo.com\/se\/produkt\/orhangen\/","og_locale":"sv_SE","og_type":"article","og_title":"\u00d6rh\u00e4ngen - Mekulo SE","og_description":"De h\u00e4r snygga \u00f6rh\u00e4ngena ger en illusion av flera piercingar samtidigt som de bara beh\u00f6ver en - perfekt f\u00f6r en dj\u00e4rv look utan extra sm\u00e4rta. De h\u00e4r dubbla \u00f6rh\u00e4ngena \u00e4r tillverkade av h\u00f6gkvalitativt rostfritt st\u00e5l och pl\u00e4terade i silver och 14K guld, \u00e4r skonsamma mot k\u00e4nsliga \u00f6ron och lyser starkt med inl\u00e4gg av cubic zirconia. Deras minimalistiska och eleganta design passar alla outfits - fr\u00e5n avslappnad till elegant.","og_url":"https:\/\/mekulo.com\/se\/produkt\/orhangen\/","og_site_name":"Mekulo SE","article_modified_time":"2026-01-22T15:50:00+00:00","og_image":[{"width":960,"height":960,"url":"https:\/\/mekulo.com\/se\/wp-content\/uploads\/sites\/11\/2026\/01\/62blu4s-1.png","type":"image\/png"}],"twitter_card":"summary_large_image","twitter_misc":{"Ber\u00e4knad l\u00e4stid":"2 minuter"},"schema":{"@context":"https:\/\/schema.org","@graph":[{"@type":"WebPage","@id":"https:\/\/mekulo.com\/se\/produkt\/orhangen\/","url":"https:\/\/mekulo.com\/se\/produkt\/orhangen\/","name":"\u00d6rh\u00e4ngen - Mekulo SE","isPartOf":{"@id":"https:\/\/mekulo.com\/se\/#website"},"primaryImageOfPage":{"@id":"https:\/\/mekulo.com\/se\/produkt\/orhangen\/#primaryimage"},"image":{"@id":"https:\/\/mekulo.com\/se\/produkt\/orhangen\/#primaryimage"},"thumbnailUrl":"https:\/\/mekulo.com\/se\/wp-content\/uploads\/sites\/11\/2026\/01\/62blu4s-1.png","datePublished":"2026-01-05T09:53:56+00:00","dateModified":"2026-01-22T15:50:00+00:00","breadcrumb":{"@id":"https:\/\/mekulo.com\/se\/produkt\/orhangen\/#breadcrumb"},"inLanguage":"sv-SE","potentialAction":[{"@type":"ReadAction","target":["https:\/\/mekulo.com\/se\/produkt\/orhangen\/"]}]},{"@type":"ImageObject","inLanguage":"sv-SE","@id":"https:\/\/mekulo.com\/se\/produkt\/orhangen\/#primaryimage","url":"https:\/\/mekulo.com\/se\/wp-content\/uploads\/sites\/11\/2026\/01\/62blu4s-1.png","contentUrl":"https:\/\/mekulo.com\/se\/wp-content\/uploads\/sites\/11\/2026\/01\/62blu4s-1.png","width":960,"height":960},{"@type":"BreadcrumbList","@id":"https:\/\/mekulo.com\/se\/produkt\/orhangen\/#breadcrumb","itemListElement":[{"@type":"ListItem","position":1,"name":"Home","item":"https:\/\/mekulo.com\/se\/"},{"@type":"ListItem","position":2,"name":"Butik","item":"https:\/\/mekulo.com\/se\/butik\/"},{"@type":"ListItem","position":3,"name":"\u00d6rh\u00e4ngen"}]},{"@type":"WebSite","@id":"https:\/\/mekulo.com\/se\/#website","url":"https:\/\/mekulo.com\/se\/","name":"Mekulo SE","description":"","publisher":{"@id":"https:\/\/mekulo.com\/se\/#organization"},"potentialAction":[{"@type":"SearchAction","target":{"@type":"EntryPoint","urlTemplate":"https:\/\/mekulo.com\/se\/?s={search_term_string}"},"query-input":{"@type":"PropertyValueSpecification","valueRequired":true,"valueName":"search_term_string"}}],"inLanguage":"sv-SE"},{"@type":"Organization","@id":"https:\/\/mekulo.com\/se\/#organization","name":"Mekulo","url":"https:\/\/mekulo.com\/se\/","logo":{"@type":"ImageObject","inLanguage":"sv-SE","@id":"https:\/\/mekulo.com\/se\/#\/schema\/logo\/image\/","url":"https:\/\/mekulo.com\/se\/wp-content\/uploads\/sites\/11\/2025\/12\/favicon_mekulo.png","contentUrl":"https:\/\/mekulo.com\/se\/wp-content\/uploads\/sites\/11\/2025\/12\/favicon_mekulo.png","width":50,"height":50,"caption":"Mekulo"},"image":{"@id":"https:\/\/mekulo.com\/se\/#\/schema\/logo\/image\/"}}]}},"_links":{"self":[{"href":"https:\/\/mekulo.com\/se\/wp-json\/wp\/v2\/product\/13959","targetHints":{"allow":["GET"]}}],"collection":[{"href":"https:\/\/mekulo.com\/se\/wp-json\/wp\/v2\/product"}],"about":[{"href":"https:\/\/mekulo.com\/se\/wp-json\/wp\/v2\/types\/product"}],"replies":[{"embeddable":true,"href":"https:\/\/mekulo.com\/se\/wp-json\/wp\/v2\/comments?post=13959"}],"wp:featuredmedia":[{"embeddable":true,"href":"https:\/\/mekulo.com\/se\/wp-json\/wp\/v2\/media\/13955"}],"wp:attachment":[{"href":"https:\/\/mekulo.com\/se\/wp-json\/wp\/v2\/media?parent=13959"}],"wp:term":[{"taxonomy":"product_brand","embeddable":true,"href":"https:\/\/mekulo.com\/se\/wp-json\/wp\/v2\/product_brand?post=13959"},{"taxonomy":"product_cat","embeddable":true,"href":"https:\/\/mekulo.com\/se\/wp-json\/wp\/v2\/product_cat?post=13959"},{"taxonomy":"product_tag","embeddable":true,"href":"https:\/\/mekulo.com\/se\/wp-json\/wp\/v2\/product_tag?post=13959"}],"curies":[{"name":"wp","href":"https:\/\/api.w.org\/{rel}","templated":true}]}}