{"id":13880,"date":"2026-01-05T11:49:34","date_gmt":"2026-01-05T09:49:34","guid":{"rendered":"https:\/\/mekulo.com\/se\/produkt\/tuggleksak-for-katter-2-st\/"},"modified":"2026-01-05T21:33:37","modified_gmt":"2026-01-05T19:33:37","slug":"tuggleksak-for-katter-2-st","status":"publish","type":"product","link":"https:\/\/mekulo.com\/se\/produkt\/tuggleksak-for-katter-2-st\/","title":{"rendered":"Tuggleksak f\u00f6r katter (2 st)"},"content":{"rendered":"<p style=\"text-align: center;\" data-start=\"0\" data-end=\"94\"><strong>H\u00e5ll Din Katt Glad, Aktiv Och Tugga S\u00e4kert &#8211; Samtidigt Som Du St\u00f6der Deras Tandh\u00e4lsa. \ud83d\udc31\ud83e\uddb7\ud83d\udc95<\/strong><\/p>\n<p data-start=\"96\" data-end=\"355\"><img decoding=\"async\" class=\"size-full wp-image-39209 aligncenter\" src=\"https:\/\/keluvo.com\/template\/wp-content\/uploads\/sites\/5\/2025\/10\/4-ezgif.com-crop_1.webp\" alt=\"\" \/><\/p>\n<h2 style=\"text-align: center;\" data-start=\"357\" data-end=\"376\">\u2705 Huvudf\u00f6rdelar<\/h2>\n<p data-start=\"379\" data-end=\"456\">\ud83e\uddf5 Slitstarkt bomullsrep &#8211; byggt f\u00f6r att klara vassa t\u00e4nder och energisk lek.<\/p>\n<p data-start=\"459\" data-end=\"539\">\ud83e\uddb7 St\u00f6djer tandh\u00e4lsan &#8211; uppmuntrar naturligt tuggande f\u00f6r att hj\u00e4lpa till att reng\u00f6ra t\u00e4nderna.<\/p>\n<p data-start=\"542\" data-end=\"619\">\ud83d\udc3e 70 cm l\u00e5ng design &#8211; perfekt f\u00f6r att dra, jaga och str\u00e4cka ut.<\/p>\n<p data-start=\"622\" data-end=\"689\">\ud83c\udf08 Ljusa f\u00e4rger &#8211; stimulerar intresse och h\u00e5ller katter engagerade.<\/p>\n<p data-start=\"692\" data-end=\"765\">\ud83d\udc9a S\u00e4ker &amp; naturlig &#8211; tillverkad av 100 % bomull utan skadliga kemikalier.<\/p>\n<p data-start=\"768\" data-end=\"831\">\ud83e\udd1d Perfekt f\u00f6r att skapa band &#8211; idealisk f\u00f6r interaktiv eller ensam lek.<\/p>\n<p data-start=\"768\" data-end=\"831\"><img decoding=\"async\" class=\"size-full wp-image-39203 aligncenter\" src=\"https:\/\/keluvo.com\/template\/wp-content\/uploads\/sites\/5\/2025\/10\/S055bd74b3ce3431c9e55e6964efd6f13A.jpg_960x960q75.jpg_.avif\" alt=\"\" \/><\/p>\n<h2 style=\"text-align: center;\" data-start=\"833\" data-end=\"851\">\ud83d\udee0\ufe0f Hur man anv\u00e4nder<\/h2>\n<ol data-start=\"852\" data-end=\"1075\">\n<li data-start=\"852\" data-end=\"904\">\n<p data-start=\"855\" data-end=\"904\">Placera repleksaken i din katts lekplats.<\/p>\n<\/li>\n<li data-start=\"905\" data-end=\"951\">\n<p data-start=\"908\" data-end=\"951\">L\u00e5t din katt bita, dra och jaga fritt.<\/p>\n<\/li>\n<li data-start=\"952\" data-end=\"1038\">\n<p data-start=\"955\" data-end=\"1038\">Anv\u00e4nd repet f\u00f6r interaktiv lek &#8211; dra eller kasta det f\u00f6r att uppmuntra r\u00f6relse.<\/p>\n<\/li>\n<li data-start=\"1039\" data-end=\"1075\">\n<p data-start=\"1042\" data-end=\"1075\">F\u00f6rvara p\u00e5 en torr plats efter anv\u00e4ndning.<\/p>\n<\/li>\n<\/ol>\n<h2 style=\"text-align: center;\" data-start=\"1077\" data-end=\"1099\">\ud83d\udccf Produktdetaljer<\/h2>\n<ul data-start=\"1100\" data-end=\"1279\">\n<li data-start=\"1100\" data-end=\"1146\">\n<p data-start=\"1102\" data-end=\"1146\">Material: 100% naturlig bomull av h\u00f6g kvalitet<\/p>\n<\/li>\n<li data-start=\"1147\" data-end=\"1164\">\n<p data-start=\"1149\" data-end=\"1164\">L\u00e4ngd: 70 cm<\/p>\n<\/li>\n<li data-start=\"1200\" data-end=\"1235\">\n<p data-start=\"1202\" data-end=\"1235\">F\u00e4rger: R\u00f6d-gr\u00f6n, Orange-gul, M\u00f6rkbl\u00e5-lila, Ljusbl\u00e5-lila<\/p>\n<\/li>\n<li data-start=\"1236\" data-end=\"1279\">\n<p data-start=\"1238\" data-end=\"1279\">S\u00e4kerhet: Giftfri, inga skadliga kemikalier<\/p>\n<\/li>\n<\/ul>\n<h2 style=\"text-align: center;\" data-start=\"1281\" data-end=\"1304\">\ud83d\udce6 Paketet inneh\u00e5ller<\/h2>\n<ul data-start=\"1305\" data-end=\"1344\">\n<li data-start=\"1305\" data-end=\"1344\">\n<p data-start=\"1307\" data-end=\"1344\">2x tuggleksaker f\u00f6r katter.<\/p>\n<\/li>\n<\/ul>\n","protected":false},"excerpt":{"rendered":"<p>Denna tuggleksak f\u00f6r katter \u00e4r ett l\u00e5ngt, slitstarkt bettrep i bomull som \u00e4r utformat f\u00f6r lekfulla katter som \u00e4lskar att tugga, dra och hoppa. Den \u00e4r tillverkad av naturlig bomull och uppmuntrar till sunda tuggvanor, hj\u00e4lper till att reng\u00f6ra t\u00e4nderna och underh\u00e5ller din kattkompis i timmar.<\/p>\n","protected":false},"featured_media":13876,"comment_status":"open","ping_status":"closed","template":"","meta":{"site-sidebar-layout":"default","site-content-layout":"","ast-site-content-layout":"default","site-content-style":"default","site-sidebar-style":"default","ast-global-header-display":"","ast-banner-title-visibility":"","ast-main-header-display":"","ast-hfb-above-header-display":"","ast-hfb-below-header-display":"","ast-hfb-mobile-header-display":"","site-post-title":"","ast-breadcrumbs-content":"","ast-featured-img":"","footer-sml-layout":"","theme-transparent-header-meta":"default","adv-header-id-meta":"","stick-header-meta":"","header-above-stick-meta":"","header-main-stick-meta":"","header-below-stick-meta":"","astra-migrate-meta-layouts":"set","ast-page-background-enabled":"default","ast-page-background-meta":{"desktop":{"background-color":"var(--ast-global-color-5)","background-image":"","background-repeat":"repeat","background-position":"center center","background-size":"auto","background-attachment":"scroll","background-type":"","background-media":"","overlay-type":"","overlay-color":"","overlay-opacity":"","overlay-gradient":""},"tablet":{"background-color":"","background-image":"","background-repeat":"repeat","background-position":"center center","background-size":"auto","background-attachment":"scroll","background-type":"","background-media":"","overlay-type":"","overlay-color":"","overlay-opacity":"","overlay-gradient":""},"mobile":{"background-color":"","background-image":"","background-repeat":"repeat","background-position":"center center","background-size":"auto","background-attachment":"scroll","background-type":"","background-media":"","overlay-type":"","overlay-color":"","overlay-opacity":"","overlay-gradient":""}},"ast-content-background-meta":{"desktop":{"background-color":"var(--ast-global-color-4)","background-image":"","background-repeat":"repeat","background-position":"center center","background-size":"auto","background-attachment":"scroll","background-type":"","background-media":"","overlay-type":"","overlay-color":"","overlay-opacity":"","overlay-gradient":""},"tablet":{"background-color":"var(--ast-global-color-4)","background-image":"","background-repeat":"repeat","background-position":"center center","background-size":"auto","background-attachment":"scroll","background-type":"","background-media":"","overlay-type":"","overlay-color":"","overlay-opacity":"","overlay-gradient":""},"mobile":{"background-color":"var(--ast-global-color-4)","background-image":"","background-repeat":"repeat","background-position":"center center","background-size":"auto","background-attachment":"scroll","background-type":"","background-media":"","overlay-type":"","overlay-color":"","overlay-opacity":"","overlay-gradient":""}}},"product_brand":[],"product_cat":[169],"product_tag":[],"class_list":{"0":"post-13880","1":"product","2":"type-product","3":"status-publish","4":"has-post-thumbnail","6":"product_cat-husdjursprodukter","7":"pa_49940_k5z0gxiq-ljusbla-lila","8":"pa_49940_k5z0gxiq-morkbla-lila","9":"pa_49940_k5z0gxiq-orange-gul","10":"pa_49940_k5z0gxiq-rod-gron","11":"desktop-align-left","12":"tablet-align-left","13":"mobile-align-left","15":"first","16":"instock","17":"shipping-taxable","18":"purchasable","19":"product-type-variable"},"yoast_head":"<!-- This site is optimized with the Yoast SEO plugin v26.6 - https:\/\/yoast.com\/wordpress\/plugins\/seo\/ -->\n<title>Tuggleksak f\u00f6r katter (2 st) - Mekulo SE<\/title>\n<meta name=\"robots\" content=\"index, follow, max-snippet:-1, max-image-preview:large, max-video-preview:-1\" \/>\n<link rel=\"canonical\" href=\"https:\/\/mekulo.com\/se\/produkt\/tuggleksak-for-katter-2-st\/\" \/>\n<meta property=\"og:locale\" content=\"sv_SE\" \/>\n<meta property=\"og:type\" content=\"article\" \/>\n<meta property=\"og:title\" content=\"Tuggleksak f\u00f6r katter (2 st) - Mekulo SE\" \/>\n<meta property=\"og:description\" content=\"Denna tuggleksak f\u00f6r katter \u00e4r ett l\u00e5ngt, slitstarkt bettrep i bomull som \u00e4r utformat f\u00f6r lekfulla katter som \u00e4lskar att tugga, dra och hoppa. Den \u00e4r tillverkad av naturlig bomull och uppmuntrar till sunda tuggvanor, hj\u00e4lper till att reng\u00f6ra t\u00e4nderna och underh\u00e5ller din kattkompis i timmar.\" \/>\n<meta property=\"og:url\" content=\"https:\/\/mekulo.com\/se\/produkt\/tuggleksak-for-katter-2-st\/\" \/>\n<meta property=\"og:site_name\" content=\"Mekulo SE\" \/>\n<meta property=\"article:modified_time\" content=\"2026-01-05T19:33:37+00:00\" \/>\n<meta property=\"og:image\" content=\"https:\/\/mekulo.com\/se\/wp-content\/uploads\/sites\/11\/2026\/01\/jgplwnp-1.jpg\" \/>\n\t<meta property=\"og:image:width\" content=\"800\" \/>\n\t<meta property=\"og:image:height\" content=\"800\" \/>\n\t<meta property=\"og:image:type\" content=\"image\/jpeg\" \/>\n<meta name=\"twitter:card\" content=\"summary_large_image\" \/>\n<meta name=\"twitter:label1\" content=\"Ber\u00e4knad l\u00e4stid\" \/>\n\t<meta name=\"twitter:data1\" content=\"2 minuter\" \/>\n<script type=\"application\/ld+json\" class=\"yoast-schema-graph\">{\"@context\":\"https:\/\/schema.org\",\"@graph\":[{\"@type\":\"WebPage\",\"@id\":\"https:\/\/mekulo.com\/se\/produkt\/tuggleksak-for-katter-2-st\/\",\"url\":\"https:\/\/mekulo.com\/se\/produkt\/tuggleksak-for-katter-2-st\/\",\"name\":\"Tuggleksak f\u00f6r katter (2 st) - Mekulo SE\",\"isPartOf\":{\"@id\":\"https:\/\/mekulo.com\/se\/#website\"},\"primaryImageOfPage\":{\"@id\":\"https:\/\/mekulo.com\/se\/produkt\/tuggleksak-for-katter-2-st\/#primaryimage\"},\"image\":{\"@id\":\"https:\/\/mekulo.com\/se\/produkt\/tuggleksak-for-katter-2-st\/#primaryimage\"},\"thumbnailUrl\":\"https:\/\/mekulo.com\/se\/wp-content\/uploads\/sites\/11\/2026\/01\/jgplwnp-1.jpg\",\"datePublished\":\"2026-01-05T09:49:34+00:00\",\"dateModified\":\"2026-01-05T19:33:37+00:00\",\"breadcrumb\":{\"@id\":\"https:\/\/mekulo.com\/se\/produkt\/tuggleksak-for-katter-2-st\/#breadcrumb\"},\"inLanguage\":\"sv-SE\",\"potentialAction\":[{\"@type\":\"ReadAction\",\"target\":[\"https:\/\/mekulo.com\/se\/produkt\/tuggleksak-for-katter-2-st\/\"]}]},{\"@type\":\"ImageObject\",\"inLanguage\":\"sv-SE\",\"@id\":\"https:\/\/mekulo.com\/se\/produkt\/tuggleksak-for-katter-2-st\/#primaryimage\",\"url\":\"https:\/\/mekulo.com\/se\/wp-content\/uploads\/sites\/11\/2026\/01\/jgplwnp-1.jpg\",\"contentUrl\":\"https:\/\/mekulo.com\/se\/wp-content\/uploads\/sites\/11\/2026\/01\/jgplwnp-1.jpg\",\"width\":800,\"height\":800},{\"@type\":\"BreadcrumbList\",\"@id\":\"https:\/\/mekulo.com\/se\/produkt\/tuggleksak-for-katter-2-st\/#breadcrumb\",\"itemListElement\":[{\"@type\":\"ListItem\",\"position\":1,\"name\":\"Home\",\"item\":\"https:\/\/mekulo.com\/se\/\"},{\"@type\":\"ListItem\",\"position\":2,\"name\":\"Butik\",\"item\":\"https:\/\/mekulo.com\/se\/butik\/\"},{\"@type\":\"ListItem\",\"position\":3,\"name\":\"Tuggleksak f\u00f6r katter (2 st)\"}]},{\"@type\":\"WebSite\",\"@id\":\"https:\/\/mekulo.com\/se\/#website\",\"url\":\"https:\/\/mekulo.com\/se\/\",\"name\":\"Mekulo SE\",\"description\":\"\",\"publisher\":{\"@id\":\"https:\/\/mekulo.com\/se\/#organization\"},\"potentialAction\":[{\"@type\":\"SearchAction\",\"target\":{\"@type\":\"EntryPoint\",\"urlTemplate\":\"https:\/\/mekulo.com\/se\/?s={search_term_string}\"},\"query-input\":{\"@type\":\"PropertyValueSpecification\",\"valueRequired\":true,\"valueName\":\"search_term_string\"}}],\"inLanguage\":\"sv-SE\"},{\"@type\":\"Organization\",\"@id\":\"https:\/\/mekulo.com\/se\/#organization\",\"name\":\"Mekulo\",\"url\":\"https:\/\/mekulo.com\/se\/\",\"logo\":{\"@type\":\"ImageObject\",\"inLanguage\":\"sv-SE\",\"@id\":\"https:\/\/mekulo.com\/se\/#\/schema\/logo\/image\/\",\"url\":\"https:\/\/mekulo.com\/se\/wp-content\/uploads\/sites\/11\/2025\/12\/favicon_mekulo.png\",\"contentUrl\":\"https:\/\/mekulo.com\/se\/wp-content\/uploads\/sites\/11\/2025\/12\/favicon_mekulo.png\",\"width\":50,\"height\":50,\"caption\":\"Mekulo\"},\"image\":{\"@id\":\"https:\/\/mekulo.com\/se\/#\/schema\/logo\/image\/\"}}]}<\/script>\n<!-- \/ Yoast SEO plugin. -->","yoast_head_json":{"title":"Tuggleksak f\u00f6r katter (2 st) - Mekulo SE","robots":{"index":"index","follow":"follow","max-snippet":"max-snippet:-1","max-image-preview":"max-image-preview:large","max-video-preview":"max-video-preview:-1"},"canonical":"https:\/\/mekulo.com\/se\/produkt\/tuggleksak-for-katter-2-st\/","og_locale":"sv_SE","og_type":"article","og_title":"Tuggleksak f\u00f6r katter (2 st) - Mekulo SE","og_description":"Denna tuggleksak f\u00f6r katter \u00e4r ett l\u00e5ngt, slitstarkt bettrep i bomull som \u00e4r utformat f\u00f6r lekfulla katter som \u00e4lskar att tugga, dra och hoppa. Den \u00e4r tillverkad av naturlig bomull och uppmuntrar till sunda tuggvanor, hj\u00e4lper till att reng\u00f6ra t\u00e4nderna och underh\u00e5ller din kattkompis i timmar.","og_url":"https:\/\/mekulo.com\/se\/produkt\/tuggleksak-for-katter-2-st\/","og_site_name":"Mekulo SE","article_modified_time":"2026-01-05T19:33:37+00:00","og_image":[{"width":800,"height":800,"url":"https:\/\/mekulo.com\/se\/wp-content\/uploads\/sites\/11\/2026\/01\/jgplwnp-1.jpg","type":"image\/jpeg"}],"twitter_card":"summary_large_image","twitter_misc":{"Ber\u00e4knad l\u00e4stid":"2 minuter"},"schema":{"@context":"https:\/\/schema.org","@graph":[{"@type":"WebPage","@id":"https:\/\/mekulo.com\/se\/produkt\/tuggleksak-for-katter-2-st\/","url":"https:\/\/mekulo.com\/se\/produkt\/tuggleksak-for-katter-2-st\/","name":"Tuggleksak f\u00f6r katter (2 st) - Mekulo SE","isPartOf":{"@id":"https:\/\/mekulo.com\/se\/#website"},"primaryImageOfPage":{"@id":"https:\/\/mekulo.com\/se\/produkt\/tuggleksak-for-katter-2-st\/#primaryimage"},"image":{"@id":"https:\/\/mekulo.com\/se\/produkt\/tuggleksak-for-katter-2-st\/#primaryimage"},"thumbnailUrl":"https:\/\/mekulo.com\/se\/wp-content\/uploads\/sites\/11\/2026\/01\/jgplwnp-1.jpg","datePublished":"2026-01-05T09:49:34+00:00","dateModified":"2026-01-05T19:33:37+00:00","breadcrumb":{"@id":"https:\/\/mekulo.com\/se\/produkt\/tuggleksak-for-katter-2-st\/#breadcrumb"},"inLanguage":"sv-SE","potentialAction":[{"@type":"ReadAction","target":["https:\/\/mekulo.com\/se\/produkt\/tuggleksak-for-katter-2-st\/"]}]},{"@type":"ImageObject","inLanguage":"sv-SE","@id":"https:\/\/mekulo.com\/se\/produkt\/tuggleksak-for-katter-2-st\/#primaryimage","url":"https:\/\/mekulo.com\/se\/wp-content\/uploads\/sites\/11\/2026\/01\/jgplwnp-1.jpg","contentUrl":"https:\/\/mekulo.com\/se\/wp-content\/uploads\/sites\/11\/2026\/01\/jgplwnp-1.jpg","width":800,"height":800},{"@type":"BreadcrumbList","@id":"https:\/\/mekulo.com\/se\/produkt\/tuggleksak-for-katter-2-st\/#breadcrumb","itemListElement":[{"@type":"ListItem","position":1,"name":"Home","item":"https:\/\/mekulo.com\/se\/"},{"@type":"ListItem","position":2,"name":"Butik","item":"https:\/\/mekulo.com\/se\/butik\/"},{"@type":"ListItem","position":3,"name":"Tuggleksak f\u00f6r katter (2 st)"}]},{"@type":"WebSite","@id":"https:\/\/mekulo.com\/se\/#website","url":"https:\/\/mekulo.com\/se\/","name":"Mekulo SE","description":"","publisher":{"@id":"https:\/\/mekulo.com\/se\/#organization"},"potentialAction":[{"@type":"SearchAction","target":{"@type":"EntryPoint","urlTemplate":"https:\/\/mekulo.com\/se\/?s={search_term_string}"},"query-input":{"@type":"PropertyValueSpecification","valueRequired":true,"valueName":"search_term_string"}}],"inLanguage":"sv-SE"},{"@type":"Organization","@id":"https:\/\/mekulo.com\/se\/#organization","name":"Mekulo","url":"https:\/\/mekulo.com\/se\/","logo":{"@type":"ImageObject","inLanguage":"sv-SE","@id":"https:\/\/mekulo.com\/se\/#\/schema\/logo\/image\/","url":"https:\/\/mekulo.com\/se\/wp-content\/uploads\/sites\/11\/2025\/12\/favicon_mekulo.png","contentUrl":"https:\/\/mekulo.com\/se\/wp-content\/uploads\/sites\/11\/2025\/12\/favicon_mekulo.png","width":50,"height":50,"caption":"Mekulo"},"image":{"@id":"https:\/\/mekulo.com\/se\/#\/schema\/logo\/image\/"}}]}},"_links":{"self":[{"href":"https:\/\/mekulo.com\/se\/wp-json\/wp\/v2\/product\/13880","targetHints":{"allow":["GET"]}}],"collection":[{"href":"https:\/\/mekulo.com\/se\/wp-json\/wp\/v2\/product"}],"about":[{"href":"https:\/\/mekulo.com\/se\/wp-json\/wp\/v2\/types\/product"}],"replies":[{"embeddable":true,"href":"https:\/\/mekulo.com\/se\/wp-json\/wp\/v2\/comments?post=13880"}],"wp:featuredmedia":[{"embeddable":true,"href":"https:\/\/mekulo.com\/se\/wp-json\/wp\/v2\/media\/13876"}],"wp:attachment":[{"href":"https:\/\/mekulo.com\/se\/wp-json\/wp\/v2\/media?parent=13880"}],"wp:term":[{"taxonomy":"product_brand","embeddable":true,"href":"https:\/\/mekulo.com\/se\/wp-json\/wp\/v2\/product_brand?post=13880"},{"taxonomy":"product_cat","embeddable":true,"href":"https:\/\/mekulo.com\/se\/wp-json\/wp\/v2\/product_cat?post=13880"},{"taxonomy":"product_tag","embeddable":true,"href":"https:\/\/mekulo.com\/se\/wp-json\/wp\/v2\/product_tag?post=13880"}],"curies":[{"name":"wp","href":"https:\/\/api.w.org\/{rel}","templated":true}]}}