{"id":13832,"date":"2026-01-05T11:45:22","date_gmt":"2026-01-05T09:45:22","guid":{"rendered":"https:\/\/mekulo.com\/se\/produkt\/vinkelslipning-av-sandbandsmaskin\/"},"modified":"2026-01-05T21:29:27","modified_gmt":"2026-01-05T19:29:27","slug":"vinkelslipning-av-sandbandsmaskin","status":"publish","type":"product","link":"https:\/\/mekulo.com\/se\/produkt\/vinkelslipning-av-sandbandsmaskin\/","title":{"rendered":"Vinkelslipning av sandbandsmaskin"},"content":{"rendered":"<p style=\"text-align: center;\" data-start=\"0\" data-end=\"67\"><strong data-start=\"0\" data-end=\"67\">F\u00f6rvandla din vinkelslip till en kraftfull bandslip p\u00e5 n\u00e5gra minuter.<\/strong><span style=\"font-size: 16px; font-style: normal; font-weight: 400;\">\ud83d\udd27\u00a0<\/span><img fetchpriority=\"high\" decoding=\"async\" class=\"size-full wp-image-46543 aligncenter\" src=\"https:\/\/keluvo.com\/template\/wp-content\/uploads\/sites\/5\/2025\/12\/102224-ezgif.com-video-to-webp-converter-3.webp\" alt=\"\" width=\"500\" height=\"889\" \/><\/p>\n<h2 style=\"text-align: center;\" data-start=\"603\" data-end=\"622\">Huvudsakliga f\u00f6rdelar \ud83d\udcab<\/h2>\n<p data-start=\"625\" data-end=\"704\">\u2699\ufe0f Automatisk remsp\u00e4nning &#8211; Inbyggd fj\u00e4der justerar sp\u00e4nningen automatiskt.<\/p>\n<p data-start=\"707\" data-end=\"779\">\ud83d\udee0\ufe0f Inget b\u00e4lte glider &#8211; Rillat drivhjul h\u00e5ller b\u00e4ltet centrerat.<\/p>\n<p data-start=\"782\" data-end=\"852\">\ud83e\uddf1 Kropp i aluminiumlegering &#8211; Stark, h\u00e5llbar och slitstark.<\/p>\n<p data-start=\"855\" data-end=\"922\">\ud83d\udd04 Dubbel lagerdesign &#8211; Smidig, stabil och snabb drift.<\/p>\n<p data-start=\"925\" data-end=\"990\">\ud83e\uddf0 Bred kompatibilitet &#8211; Passar 100\/115\/125 vinkelslipar.<\/p>\n<p data-start=\"925\" data-end=\"990\"><img decoding=\"async\" class=\"size-full wp-image-46542 aligncenter\" src=\"https:\/\/keluvo.com\/template\/wp-content\/uploads\/sites\/5\/2025\/12\/102225-ezgif.com-video-to-webp-converter-2.webp\" alt=\"\" width=\"500\" height=\"889\" \/><\/p>\n<h2 style=\"text-align: center;\" data-start=\"992\" data-end=\"1012\">Anv\u00e4ndning \ud83d\udccf<\/h2>\n<ol data-start=\"1013\" data-end=\"1232\">\n<li data-start=\"1013\" data-end=\"1057\">\n<p data-start=\"1016\" data-end=\"1057\">St\u00e4ng av och dra ur kontakten till vinkelslipen.<\/p>\n<\/li>\n<li data-start=\"1058\" data-end=\"1118\">\n<p data-start=\"1061\" data-end=\"1118\">Montera f\u00e4stet och drivaxeln p\u00e5 slipen.<\/p>\n<\/li>\n<li data-start=\"1119\" data-end=\"1161\">\n<p data-start=\"1122\" data-end=\"1161\">Montera slipbandet \u00f6ver hjulen.<\/p>\n<\/li>\n<li data-start=\"1162\" data-end=\"1199\">\n<p data-start=\"1165\" data-end=\"1199\">Justera och kontrollera bandets inriktning.<\/p>\n<\/li>\n<li data-start=\"1200\" data-end=\"1232\">\n<p data-start=\"1203\" data-end=\"1232\">Sl\u00e5 p\u00e5 str\u00f6mmen och b\u00f6rja slipa.<\/p>\n<\/li>\n<\/ol>\n<h2 style=\"text-align: center;\" data-start=\"1234\" data-end=\"1256\">Produktdetaljer \ud83d\udccc<\/h2>\n<ul data-start=\"1257\" data-end=\"1449\">\n<li data-start=\"1308\" data-end=\"1336\">\n<p data-start=\"1310\" data-end=\"1336\">Material: Aluminiumlegering<\/p>\n<\/li>\n<li data-start=\"1402\" data-end=\"1449\">\n<p data-start=\"1404\" data-end=\"1449\">Kompatibla slipmaskiner: 100 \/ 115 \/ 125 modeller<\/p>\n<\/li>\n<\/ul>\n<h2 style=\"text-align: center;\" data-start=\"1451\" data-end=\"1474\">Paketet inneh\u00e5ller \ud83d\udce6<\/h2>\n<ul data-start=\"1475\" data-end=\"1599\" data-is-last-node=\"\" data-is-only-node=\"\">\n<li data-start=\"1475\" data-end=\"1504\">\n<p data-start=\"1477\" data-end=\"1504\">1x vinkelkvarnsf\u00e4ste<\/p>\n<\/li>\n<li data-start=\"1505\" data-end=\"1526\">\n<p data-start=\"1507\" data-end=\"1526\">1x drivaxel<\/p>\n<\/li>\n<li data-start=\"1527\" data-end=\"1552\">\n<p data-start=\"1529\" data-end=\"1552\">2x slipband.<\/p>\n<\/li>\n<\/ul>\n","protected":false},"excerpt":{"rendered":"<p style=\"text-align: left;\" data-start=\"69\" data-end=\"316\">Den h\u00e4r vinkelslipmaskinen omvandlar enkelt din vanliga vinkelslip till ett stabilt och effektivt bandslipningsverktyg. Den ger j\u00e4mn slipning, polering och formning av metall, tr\u00e4 och andra material med b\u00e4ttre kontroll och hastighet. Detta tillbeh\u00f6r anv\u00e4nder ett automatiskt remsp\u00e4nningssystem och ett r\u00e4fflat drivhjul f\u00f6r att h\u00e5lla slipbandet stadigt och inriktat. Den solida aluminiumkonstruktionen och dubbellagerkonstruktionen ger stabil, snabb och exakt slipning f\u00f6r daglig anv\u00e4ndning i verkstaden.<\/p>\n<p data-start=\"69\" data-end=\"316\">\n","protected":false},"featured_media":13828,"comment_status":"open","ping_status":"closed","template":"","meta":{"site-sidebar-layout":"default","site-content-layout":"","ast-site-content-layout":"default","site-content-style":"default","site-sidebar-style":"default","ast-global-header-display":"","ast-banner-title-visibility":"","ast-main-header-display":"","ast-hfb-above-header-display":"","ast-hfb-below-header-display":"","ast-hfb-mobile-header-display":"","site-post-title":"","ast-breadcrumbs-content":"","ast-featured-img":"","footer-sml-layout":"","theme-transparent-header-meta":"default","adv-header-id-meta":"","stick-header-meta":"","header-above-stick-meta":"","header-main-stick-meta":"","header-below-stick-meta":"","astra-migrate-meta-layouts":"set","ast-page-background-enabled":"default","ast-page-background-meta":{"desktop":{"background-color":"var(--ast-global-color-5)","background-image":"","background-repeat":"repeat","background-position":"center center","background-size":"auto","background-attachment":"scroll","background-type":"","background-media":"","overlay-type":"","overlay-color":"","overlay-opacity":"","overlay-gradient":""},"tablet":{"background-color":"","background-image":"","background-repeat":"repeat","background-position":"center center","background-size":"auto","background-attachment":"scroll","background-type":"","background-media":"","overlay-type":"","overlay-color":"","overlay-opacity":"","overlay-gradient":""},"mobile":{"background-color":"","background-image":"","background-repeat":"repeat","background-position":"center center","background-size":"auto","background-attachment":"scroll","background-type":"","background-media":"","overlay-type":"","overlay-color":"","overlay-opacity":"","overlay-gradient":""}},"ast-content-background-meta":{"desktop":{"background-color":"var(--ast-global-color-4)","background-image":"","background-repeat":"repeat","background-position":"center center","background-size":"auto","background-attachment":"scroll","background-type":"","background-media":"","overlay-type":"","overlay-color":"","overlay-opacity":"","overlay-gradient":""},"tablet":{"background-color":"var(--ast-global-color-4)","background-image":"","background-repeat":"repeat","background-position":"center center","background-size":"auto","background-attachment":"scroll","background-type":"","background-media":"","overlay-type":"","overlay-color":"","overlay-opacity":"","overlay-gradient":""},"mobile":{"background-color":"var(--ast-global-color-4)","background-image":"","background-repeat":"repeat","background-position":"center center","background-size":"auto","background-attachment":"scroll","background-type":"","background-media":"","overlay-type":"","overlay-color":"","overlay-opacity":"","overlay-gradient":""}}},"product_brand":[],"product_cat":[171],"product_tag":[],"class_list":{"0":"post-13832","1":"product","2":"type-product","3":"status-publish","4":"has-post-thumbnail","6":"product_cat-verktyg","7":"desktop-align-left","8":"tablet-align-left","9":"mobile-align-left","11":"first","12":"instock","13":"shipping-taxable","14":"purchasable","15":"product-type-simple"},"yoast_head":"<!-- This site is optimized with the Yoast SEO plugin v26.6 - https:\/\/yoast.com\/wordpress\/plugins\/seo\/ -->\n<title>Vinkelslipning av sandbandsmaskin - Mekulo SE<\/title>\n<meta name=\"robots\" content=\"index, follow, max-snippet:-1, max-image-preview:large, max-video-preview:-1\" \/>\n<link rel=\"canonical\" href=\"https:\/\/mekulo.com\/se\/produkt\/vinkelslipning-av-sandbandsmaskin\/\" \/>\n<meta property=\"og:locale\" content=\"sv_SE\" \/>\n<meta property=\"og:type\" content=\"article\" \/>\n<meta property=\"og:title\" content=\"Vinkelslipning av sandbandsmaskin - Mekulo SE\" \/>\n<meta property=\"og:description\" content=\"Den h\u00e4r vinkelslipmaskinen omvandlar enkelt din vanliga vinkelslip till ett stabilt och effektivt bandslipningsverktyg. Den ger j\u00e4mn slipning, polering och formning av metall, tr\u00e4 och andra material med b\u00e4ttre kontroll och hastighet. Detta tillbeh\u00f6r anv\u00e4nder ett automatiskt remsp\u00e4nningssystem och ett r\u00e4fflat drivhjul f\u00f6r att h\u00e5lla slipbandet stadigt och inriktat. Den solida aluminiumkonstruktionen och dubbellagerkonstruktionen ger stabil, snabb och exakt slipning f\u00f6r daglig anv\u00e4ndning i verkstaden.\" \/>\n<meta property=\"og:url\" content=\"https:\/\/mekulo.com\/se\/produkt\/vinkelslipning-av-sandbandsmaskin\/\" \/>\n<meta property=\"og:site_name\" content=\"Mekulo SE\" \/>\n<meta property=\"article:modified_time\" content=\"2026-01-05T19:29:27+00:00\" \/>\n<meta property=\"og:image\" content=\"https:\/\/mekulo.com\/se\/wp-content\/uploads\/sites\/11\/2026\/01\/qdkkfe4-1.jpeg\" \/>\n\t<meta property=\"og:image:width\" content=\"960\" \/>\n\t<meta property=\"og:image:height\" content=\"960\" \/>\n\t<meta property=\"og:image:type\" content=\"image\/jpeg\" \/>\n<meta name=\"twitter:card\" content=\"summary_large_image\" \/>\n<meta name=\"twitter:label1\" content=\"Ber\u00e4knad l\u00e4stid\" \/>\n\t<meta name=\"twitter:data1\" content=\"2 minuter\" \/>\n<script type=\"application\/ld+json\" class=\"yoast-schema-graph\">{\"@context\":\"https:\/\/schema.org\",\"@graph\":[{\"@type\":\"WebPage\",\"@id\":\"https:\/\/mekulo.com\/se\/produkt\/vinkelslipning-av-sandbandsmaskin\/\",\"url\":\"https:\/\/mekulo.com\/se\/produkt\/vinkelslipning-av-sandbandsmaskin\/\",\"name\":\"Vinkelslipning av sandbandsmaskin - Mekulo SE\",\"isPartOf\":{\"@id\":\"https:\/\/mekulo.com\/se\/#website\"},\"primaryImageOfPage\":{\"@id\":\"https:\/\/mekulo.com\/se\/produkt\/vinkelslipning-av-sandbandsmaskin\/#primaryimage\"},\"image\":{\"@id\":\"https:\/\/mekulo.com\/se\/produkt\/vinkelslipning-av-sandbandsmaskin\/#primaryimage\"},\"thumbnailUrl\":\"https:\/\/mekulo.com\/se\/wp-content\/uploads\/sites\/11\/2026\/01\/qdkkfe4-1.jpeg\",\"datePublished\":\"2026-01-05T09:45:22+00:00\",\"dateModified\":\"2026-01-05T19:29:27+00:00\",\"breadcrumb\":{\"@id\":\"https:\/\/mekulo.com\/se\/produkt\/vinkelslipning-av-sandbandsmaskin\/#breadcrumb\"},\"inLanguage\":\"sv-SE\",\"potentialAction\":[{\"@type\":\"ReadAction\",\"target\":[\"https:\/\/mekulo.com\/se\/produkt\/vinkelslipning-av-sandbandsmaskin\/\"]}]},{\"@type\":\"ImageObject\",\"inLanguage\":\"sv-SE\",\"@id\":\"https:\/\/mekulo.com\/se\/produkt\/vinkelslipning-av-sandbandsmaskin\/#primaryimage\",\"url\":\"https:\/\/mekulo.com\/se\/wp-content\/uploads\/sites\/11\/2026\/01\/qdkkfe4-1.jpeg\",\"contentUrl\":\"https:\/\/mekulo.com\/se\/wp-content\/uploads\/sites\/11\/2026\/01\/qdkkfe4-1.jpeg\",\"width\":960,\"height\":960},{\"@type\":\"BreadcrumbList\",\"@id\":\"https:\/\/mekulo.com\/se\/produkt\/vinkelslipning-av-sandbandsmaskin\/#breadcrumb\",\"itemListElement\":[{\"@type\":\"ListItem\",\"position\":1,\"name\":\"Home\",\"item\":\"https:\/\/mekulo.com\/se\/\"},{\"@type\":\"ListItem\",\"position\":2,\"name\":\"Butik\",\"item\":\"https:\/\/mekulo.com\/se\/butik\/\"},{\"@type\":\"ListItem\",\"position\":3,\"name\":\"Vinkelslipning av sandbandsmaskin\"}]},{\"@type\":\"WebSite\",\"@id\":\"https:\/\/mekulo.com\/se\/#website\",\"url\":\"https:\/\/mekulo.com\/se\/\",\"name\":\"Mekulo SE\",\"description\":\"\",\"publisher\":{\"@id\":\"https:\/\/mekulo.com\/se\/#organization\"},\"potentialAction\":[{\"@type\":\"SearchAction\",\"target\":{\"@type\":\"EntryPoint\",\"urlTemplate\":\"https:\/\/mekulo.com\/se\/?s={search_term_string}\"},\"query-input\":{\"@type\":\"PropertyValueSpecification\",\"valueRequired\":true,\"valueName\":\"search_term_string\"}}],\"inLanguage\":\"sv-SE\"},{\"@type\":\"Organization\",\"@id\":\"https:\/\/mekulo.com\/se\/#organization\",\"name\":\"Mekulo\",\"url\":\"https:\/\/mekulo.com\/se\/\",\"logo\":{\"@type\":\"ImageObject\",\"inLanguage\":\"sv-SE\",\"@id\":\"https:\/\/mekulo.com\/se\/#\/schema\/logo\/image\/\",\"url\":\"https:\/\/mekulo.com\/se\/wp-content\/uploads\/sites\/11\/2025\/12\/favicon_mekulo.png\",\"contentUrl\":\"https:\/\/mekulo.com\/se\/wp-content\/uploads\/sites\/11\/2025\/12\/favicon_mekulo.png\",\"width\":50,\"height\":50,\"caption\":\"Mekulo\"},\"image\":{\"@id\":\"https:\/\/mekulo.com\/se\/#\/schema\/logo\/image\/\"}}]}<\/script>\n<!-- \/ Yoast SEO plugin. -->","yoast_head_json":{"title":"Vinkelslipning av sandbandsmaskin - Mekulo SE","robots":{"index":"index","follow":"follow","max-snippet":"max-snippet:-1","max-image-preview":"max-image-preview:large","max-video-preview":"max-video-preview:-1"},"canonical":"https:\/\/mekulo.com\/se\/produkt\/vinkelslipning-av-sandbandsmaskin\/","og_locale":"sv_SE","og_type":"article","og_title":"Vinkelslipning av sandbandsmaskin - Mekulo SE","og_description":"Den h\u00e4r vinkelslipmaskinen omvandlar enkelt din vanliga vinkelslip till ett stabilt och effektivt bandslipningsverktyg. Den ger j\u00e4mn slipning, polering och formning av metall, tr\u00e4 och andra material med b\u00e4ttre kontroll och hastighet. Detta tillbeh\u00f6r anv\u00e4nder ett automatiskt remsp\u00e4nningssystem och ett r\u00e4fflat drivhjul f\u00f6r att h\u00e5lla slipbandet stadigt och inriktat. Den solida aluminiumkonstruktionen och dubbellagerkonstruktionen ger stabil, snabb och exakt slipning f\u00f6r daglig anv\u00e4ndning i verkstaden.","og_url":"https:\/\/mekulo.com\/se\/produkt\/vinkelslipning-av-sandbandsmaskin\/","og_site_name":"Mekulo SE","article_modified_time":"2026-01-05T19:29:27+00:00","og_image":[{"width":960,"height":960,"url":"https:\/\/mekulo.com\/se\/wp-content\/uploads\/sites\/11\/2026\/01\/qdkkfe4-1.jpeg","type":"image\/jpeg"}],"twitter_card":"summary_large_image","twitter_misc":{"Ber\u00e4knad l\u00e4stid":"2 minuter"},"schema":{"@context":"https:\/\/schema.org","@graph":[{"@type":"WebPage","@id":"https:\/\/mekulo.com\/se\/produkt\/vinkelslipning-av-sandbandsmaskin\/","url":"https:\/\/mekulo.com\/se\/produkt\/vinkelslipning-av-sandbandsmaskin\/","name":"Vinkelslipning av sandbandsmaskin - Mekulo SE","isPartOf":{"@id":"https:\/\/mekulo.com\/se\/#website"},"primaryImageOfPage":{"@id":"https:\/\/mekulo.com\/se\/produkt\/vinkelslipning-av-sandbandsmaskin\/#primaryimage"},"image":{"@id":"https:\/\/mekulo.com\/se\/produkt\/vinkelslipning-av-sandbandsmaskin\/#primaryimage"},"thumbnailUrl":"https:\/\/mekulo.com\/se\/wp-content\/uploads\/sites\/11\/2026\/01\/qdkkfe4-1.jpeg","datePublished":"2026-01-05T09:45:22+00:00","dateModified":"2026-01-05T19:29:27+00:00","breadcrumb":{"@id":"https:\/\/mekulo.com\/se\/produkt\/vinkelslipning-av-sandbandsmaskin\/#breadcrumb"},"inLanguage":"sv-SE","potentialAction":[{"@type":"ReadAction","target":["https:\/\/mekulo.com\/se\/produkt\/vinkelslipning-av-sandbandsmaskin\/"]}]},{"@type":"ImageObject","inLanguage":"sv-SE","@id":"https:\/\/mekulo.com\/se\/produkt\/vinkelslipning-av-sandbandsmaskin\/#primaryimage","url":"https:\/\/mekulo.com\/se\/wp-content\/uploads\/sites\/11\/2026\/01\/qdkkfe4-1.jpeg","contentUrl":"https:\/\/mekulo.com\/se\/wp-content\/uploads\/sites\/11\/2026\/01\/qdkkfe4-1.jpeg","width":960,"height":960},{"@type":"BreadcrumbList","@id":"https:\/\/mekulo.com\/se\/produkt\/vinkelslipning-av-sandbandsmaskin\/#breadcrumb","itemListElement":[{"@type":"ListItem","position":1,"name":"Home","item":"https:\/\/mekulo.com\/se\/"},{"@type":"ListItem","position":2,"name":"Butik","item":"https:\/\/mekulo.com\/se\/butik\/"},{"@type":"ListItem","position":3,"name":"Vinkelslipning av sandbandsmaskin"}]},{"@type":"WebSite","@id":"https:\/\/mekulo.com\/se\/#website","url":"https:\/\/mekulo.com\/se\/","name":"Mekulo SE","description":"","publisher":{"@id":"https:\/\/mekulo.com\/se\/#organization"},"potentialAction":[{"@type":"SearchAction","target":{"@type":"EntryPoint","urlTemplate":"https:\/\/mekulo.com\/se\/?s={search_term_string}"},"query-input":{"@type":"PropertyValueSpecification","valueRequired":true,"valueName":"search_term_string"}}],"inLanguage":"sv-SE"},{"@type":"Organization","@id":"https:\/\/mekulo.com\/se\/#organization","name":"Mekulo","url":"https:\/\/mekulo.com\/se\/","logo":{"@type":"ImageObject","inLanguage":"sv-SE","@id":"https:\/\/mekulo.com\/se\/#\/schema\/logo\/image\/","url":"https:\/\/mekulo.com\/se\/wp-content\/uploads\/sites\/11\/2025\/12\/favicon_mekulo.png","contentUrl":"https:\/\/mekulo.com\/se\/wp-content\/uploads\/sites\/11\/2025\/12\/favicon_mekulo.png","width":50,"height":50,"caption":"Mekulo"},"image":{"@id":"https:\/\/mekulo.com\/se\/#\/schema\/logo\/image\/"}}]}},"_links":{"self":[{"href":"https:\/\/mekulo.com\/se\/wp-json\/wp\/v2\/product\/13832","targetHints":{"allow":["GET"]}}],"collection":[{"href":"https:\/\/mekulo.com\/se\/wp-json\/wp\/v2\/product"}],"about":[{"href":"https:\/\/mekulo.com\/se\/wp-json\/wp\/v2\/types\/product"}],"replies":[{"embeddable":true,"href":"https:\/\/mekulo.com\/se\/wp-json\/wp\/v2\/comments?post=13832"}],"wp:featuredmedia":[{"embeddable":true,"href":"https:\/\/mekulo.com\/se\/wp-json\/wp\/v2\/media\/13828"}],"wp:attachment":[{"href":"https:\/\/mekulo.com\/se\/wp-json\/wp\/v2\/media?parent=13832"}],"wp:term":[{"taxonomy":"product_brand","embeddable":true,"href":"https:\/\/mekulo.com\/se\/wp-json\/wp\/v2\/product_brand?post=13832"},{"taxonomy":"product_cat","embeddable":true,"href":"https:\/\/mekulo.com\/se\/wp-json\/wp\/v2\/product_cat?post=13832"},{"taxonomy":"product_tag","embeddable":true,"href":"https:\/\/mekulo.com\/se\/wp-json\/wp\/v2\/product_tag?post=13832"}],"curies":[{"name":"wp","href":"https:\/\/api.w.org\/{rel}","templated":true}]}}