{"id":13811,"date":"2026-01-05T11:44:11","date_gmt":"2026-01-05T09:44:11","guid":{"rendered":"https:\/\/mekulo.com\/se\/produkt\/automatisk-matare-for-kycklingar-ankor-och-gass\/"},"modified":"2026-02-10T11:09:48","modified_gmt":"2026-02-10T09:09:48","slug":"automatisk-matare-for-kycklingar-ankor-och-gass","status":"publish","type":"product","link":"https:\/\/mekulo.com\/se\/produkt\/automatisk-matare-for-kycklingar-ankor-och-gass\/","title":{"rendered":"Automatisk matare f\u00f6r kycklingar, ankor och g\u00e4ss"},"content":{"rendered":"<p style=\"text-align: center;\" data-start=\"0\" data-end=\"83\"><strong data-start=\"0\" data-end=\"83\">Mata dina kycklingar, ankor och g\u00e4ss automatiskt med mindre avfall och mindre arbete. \ud83d\udc14\ud83e\udd86<\/strong><\/p>\n<p data-start=\"85\" data-end=\"315\"><img fetchpriority=\"high\" decoding=\"async\" class=\"size-full wp-image-46024 aligncenter\" src=\"https:\/\/keluvo.com\/template\/wp-content\/uploads\/sites\/5\/2025\/12\/102222-ezgif.com-video-to-webp-converter-2.webp\" alt=\"\" width=\"500\" height=\"889\" \/><\/p>\n<h2 style=\"text-align: center;\" data-start=\"593\" data-end=\"612\">Huvudf\u00f6rdelar \ud83d\udcab<\/h2>\n<p data-start=\"615\" data-end=\"683\">\ud83c\udf3e Automatisk utfodring &#8211; Gravitationssystemet ger kontinuerlig utfodring.<\/p>\n<p data-start=\"686\" data-end=\"738\">\ud83d\udca7 Regns\u00e4ker design &#8211; h\u00e5ller fodret torrt och fr\u00e4scht.<\/p>\n<p data-start=\"741\" data-end=\"804\">\ud83d\udd27 Enkel DIY-installation &#8211; passar standardhinkar eller tankar.<\/p>\n<p data-start=\"807\" data-end=\"868\">\u267b\ufe0f Mindre foderspill &#8211; kontrollerad fodertillg\u00e5ng f\u00f6r fj\u00e4derf\u00e4.<\/p>\n<p data-start=\"871\" data-end=\"923\">\ud83d\udee0\ufe0f H\u00e5llbar konstruktion &#8211; Tillverkad f\u00f6r daglig utomhusanv\u00e4ndning.<\/p>\n<p data-start=\"871\" data-end=\"923\"><img decoding=\"async\" class=\"size-full wp-image-46025 aligncenter\" src=\"https:\/\/keluvo.com\/template\/wp-content\/uploads\/sites\/5\/2025\/12\/102221-ezgif.com-video-to-webp-converter-3.webp\" alt=\"\" width=\"500\" height=\"889\" \/><\/p>\n<h2 style=\"text-align: center;\" data-start=\"925\" data-end=\"942\">Hur man anv\u00e4nder \ud83d\udccc<\/h2>\n<ol data-start=\"943\" data-end=\"1172\">\n<li data-start=\"943\" data-end=\"990\">\n<p data-start=\"946\" data-end=\"990\">Borr h\u00e5l i en hink eller foderbeh\u00e5llare.<\/p>\n<\/li>\n<li data-start=\"991\" data-end=\"1030\">\n<p data-start=\"994\" data-end=\"1030\">Installera matarportarna ordentligt.<\/p>\n<\/li>\n<li data-start=\"1031\" data-end=\"1073\">\n<p data-start=\"1034\" data-end=\"1073\">Fyll beh\u00e5llaren med fj\u00e4derf\u00e4foder.<\/p>\n<\/li>\n<li data-start=\"1074\" data-end=\"1125\">\n<p data-start=\"1077\" data-end=\"1125\">H\u00e4ng eller placera mataren p\u00e5 l\u00e4mplig h\u00f6jd.<\/p>\n<\/li>\n<li data-start=\"1126\" data-end=\"1172\">\n<p data-start=\"1129\" data-end=\"1172\">L\u00e5t gravitationen sk\u00f6ta matningen automatiskt.<\/p>\n<\/li>\n<\/ol>\n<h2 style=\"text-align: center;\" data-start=\"1174\" data-end=\"1196\">Produktdetaljer \ud83d\udccf<\/h2>\n<ul data-start=\"1197\" data-end=\"1412\">\n<li data-start=\"1239\" data-end=\"1270\">\n<p data-start=\"1241\" data-end=\"1270\">Matningssystem: Gravitationsmatning<\/p>\n<\/li>\n<li data-start=\"1271\" data-end=\"1319\">\n<p data-start=\"1273\" data-end=\"1319\">L\u00e4mplig f\u00f6r: Kycklingar, kycklingar, ankor, g\u00e4ss<\/p>\n<\/li>\n<li data-start=\"1320\" data-end=\"1363\">\n<p data-start=\"1322\" data-end=\"1363\">Anv\u00e4ndning: Utfodring av fj\u00e4derf\u00e4 utomhus och inomhus<\/p>\n<\/li>\n<li data-start=\"1364\" data-end=\"1412\">\n<p data-start=\"1366\" data-end=\"1412\">Funktioner: Regnt\u00e4t, h\u00e5llbar, avfallsreducerande<\/p>\n<\/li>\n<li data-start=\"1364\" data-end=\"1412\">Storlek: 8,6 x 7 x 4,8 cm<\/li>\n<\/ul>\n<h2 style=\"text-align: center;\" data-start=\"1414\" data-end=\"1437\">Paketet inneh\u00e5ller \ud83d\udce6<\/h2>\n<ul data-start=\"1438\" data-end=\"1481\" data-is-last-node=\"\" data-is-only-node=\"\">\n<li data-start=\"1438\" data-end=\"1481\" data-is-last-node=\"\">\n<p data-start=\"1440\" data-end=\"1481\" data-is-last-node=\"\">1, 2, 3, 4, 5, 6x automatisk matare f\u00f6r kycklingar, ankor och g\u00e4ss.<\/p>\n<\/li>\n<\/ul>\n","protected":false},"excerpt":{"rendered":"<p>Denna automatiska foderautomat anv\u00e4nder ett gravitationssystem f\u00f6r att ge en j\u00e4mn fodertillf\u00f6rsel utan st\u00e4ndig p\u00e5fyllning. Det hj\u00e4lper till att h\u00e5lla fodret torrt, minskar r\u00f6ran och ser till att dina fj\u00e4derf\u00e4n alltid har tillg\u00e5ng till mat, \u00e4ven n\u00e4r du inte \u00e4r i n\u00e4rheten. Systemet \u00e4r utformat som ett DIY-feederportkit och monteras enkelt p\u00e5 en hink eller foderbeh\u00e5llare. Den regnt\u00e4ta konstruktionen skyddar fodret fr\u00e5n fukt, medan gravitationsfl\u00f6det levererar r\u00e4tt m\u00e4ngd foder f\u00f6r att f\u00f6rhindra spill och avfall.<\/p>\n","protected":false},"featured_media":13807,"comment_status":"open","ping_status":"closed","template":"","meta":{"site-sidebar-layout":"default","site-content-layout":"","ast-site-content-layout":"default","site-content-style":"default","site-sidebar-style":"default","ast-global-header-display":"","ast-banner-title-visibility":"","ast-main-header-display":"","ast-hfb-above-header-display":"","ast-hfb-below-header-display":"","ast-hfb-mobile-header-display":"","site-post-title":"","ast-breadcrumbs-content":"","ast-featured-img":"","footer-sml-layout":"","theme-transparent-header-meta":"default","adv-header-id-meta":"","stick-header-meta":"","header-above-stick-meta":"","header-main-stick-meta":"","header-below-stick-meta":"","astra-migrate-meta-layouts":"set","ast-page-background-enabled":"default","ast-page-background-meta":{"desktop":{"background-color":"var(--ast-global-color-5)","background-image":"","background-repeat":"repeat","background-position":"center center","background-size":"auto","background-attachment":"scroll","background-type":"","background-media":"","overlay-type":"","overlay-color":"","overlay-opacity":"","overlay-gradient":""},"tablet":{"background-color":"","background-image":"","background-repeat":"repeat","background-position":"center center","background-size":"auto","background-attachment":"scroll","background-type":"","background-media":"","overlay-type":"","overlay-color":"","overlay-opacity":"","overlay-gradient":""},"mobile":{"background-color":"","background-image":"","background-repeat":"repeat","background-position":"center center","background-size":"auto","background-attachment":"scroll","background-type":"","background-media":"","overlay-type":"","overlay-color":"","overlay-opacity":"","overlay-gradient":""}},"ast-content-background-meta":{"desktop":{"background-color":"var(--ast-global-color-4)","background-image":"","background-repeat":"repeat","background-position":"center center","background-size":"auto","background-attachment":"scroll","background-type":"","background-media":"","overlay-type":"","overlay-color":"","overlay-opacity":"","overlay-gradient":""},"tablet":{"background-color":"var(--ast-global-color-4)","background-image":"","background-repeat":"repeat","background-position":"center center","background-size":"auto","background-attachment":"scroll","background-type":"","background-media":"","overlay-type":"","overlay-color":"","overlay-opacity":"","overlay-gradient":""},"mobile":{"background-color":"var(--ast-global-color-4)","background-image":"","background-repeat":"repeat","background-position":"center center","background-size":"auto","background-attachment":"scroll","background-type":"","background-media":"","overlay-type":"","overlay-color":"","overlay-opacity":"","overlay-gradient":""}}},"product_brand":[],"product_cat":[169],"product_tag":[],"class_list":{"0":"post-13811","1":"product","2":"type-product","3":"status-publish","4":"has-post-thumbnail","6":"product_cat-husdjursprodukter","7":"pa_60188_vmhgs0rb-1-st","8":"pa_60188_vmhgs0rb-2-st","9":"pa_60188_vmhgs0rb-3-st","10":"pa_60188_vmhgs0rb-4-st","11":"pa_60188_vmhgs0rb-5-st","12":"pa_60188_vmhgs0rb-6-st","13":"desktop-align-left","14":"tablet-align-left","15":"mobile-align-left","17":"first","18":"instock","19":"shipping-taxable","20":"purchasable","21":"product-type-variable"},"yoast_head":"<!-- This site is optimized with the Yoast SEO plugin v26.6 - https:\/\/yoast.com\/wordpress\/plugins\/seo\/ -->\n<title>Automatisk matare f\u00f6r kycklingar, ankor och g\u00e4ss - Mekulo SE<\/title>\n<meta name=\"robots\" content=\"index, follow, max-snippet:-1, max-image-preview:large, max-video-preview:-1\" \/>\n<link rel=\"canonical\" href=\"https:\/\/mekulo.com\/se\/produkt\/automatisk-matare-for-kycklingar-ankor-och-gass\/\" \/>\n<meta property=\"og:locale\" content=\"sv_SE\" \/>\n<meta property=\"og:type\" content=\"article\" \/>\n<meta property=\"og:title\" content=\"Automatisk matare f\u00f6r kycklingar, ankor och g\u00e4ss - Mekulo SE\" \/>\n<meta property=\"og:description\" content=\"Denna automatiska foderautomat anv\u00e4nder ett gravitationssystem f\u00f6r att ge en j\u00e4mn fodertillf\u00f6rsel utan st\u00e4ndig p\u00e5fyllning. Det hj\u00e4lper till att h\u00e5lla fodret torrt, minskar r\u00f6ran och ser till att dina fj\u00e4derf\u00e4n alltid har tillg\u00e5ng till mat, \u00e4ven n\u00e4r du inte \u00e4r i n\u00e4rheten. Systemet \u00e4r utformat som ett DIY-feederportkit och monteras enkelt p\u00e5 en hink eller foderbeh\u00e5llare. Den regnt\u00e4ta konstruktionen skyddar fodret fr\u00e5n fukt, medan gravitationsfl\u00f6det levererar r\u00e4tt m\u00e4ngd foder f\u00f6r att f\u00f6rhindra spill och avfall.\" \/>\n<meta property=\"og:url\" content=\"https:\/\/mekulo.com\/se\/produkt\/automatisk-matare-for-kycklingar-ankor-och-gass\/\" \/>\n<meta property=\"og:site_name\" content=\"Mekulo SE\" \/>\n<meta property=\"article:modified_time\" content=\"2026-02-10T09:09:48+00:00\" \/>\n<meta property=\"og:image\" content=\"https:\/\/mekulo.com\/se\/wp-content\/uploads\/sites\/11\/2026\/01\/xbouylo-1.jpg\" \/>\n\t<meta property=\"og:image:width\" content=\"1080\" \/>\n\t<meta property=\"og:image:height\" content=\"1080\" \/>\n\t<meta property=\"og:image:type\" content=\"image\/jpeg\" \/>\n<meta name=\"twitter:card\" content=\"summary_large_image\" \/>\n<meta name=\"twitter:label1\" content=\"Ber\u00e4knad l\u00e4stid\" \/>\n\t<meta name=\"twitter:data1\" content=\"2 minuter\" \/>\n<script type=\"application\/ld+json\" class=\"yoast-schema-graph\">{\"@context\":\"https:\/\/schema.org\",\"@graph\":[{\"@type\":\"WebPage\",\"@id\":\"https:\/\/mekulo.com\/se\/produkt\/automatisk-matare-for-kycklingar-ankor-och-gass\/\",\"url\":\"https:\/\/mekulo.com\/se\/produkt\/automatisk-matare-for-kycklingar-ankor-och-gass\/\",\"name\":\"Automatisk matare f\u00f6r kycklingar, ankor och g\u00e4ss - Mekulo SE\",\"isPartOf\":{\"@id\":\"https:\/\/mekulo.com\/se\/#website\"},\"primaryImageOfPage\":{\"@id\":\"https:\/\/mekulo.com\/se\/produkt\/automatisk-matare-for-kycklingar-ankor-och-gass\/#primaryimage\"},\"image\":{\"@id\":\"https:\/\/mekulo.com\/se\/produkt\/automatisk-matare-for-kycklingar-ankor-och-gass\/#primaryimage\"},\"thumbnailUrl\":\"https:\/\/mekulo.com\/se\/wp-content\/uploads\/sites\/11\/2026\/01\/xbouylo-1.jpg\",\"datePublished\":\"2026-01-05T09:44:11+00:00\",\"dateModified\":\"2026-02-10T09:09:48+00:00\",\"breadcrumb\":{\"@id\":\"https:\/\/mekulo.com\/se\/produkt\/automatisk-matare-for-kycklingar-ankor-och-gass\/#breadcrumb\"},\"inLanguage\":\"sv-SE\",\"potentialAction\":[{\"@type\":\"ReadAction\",\"target\":[\"https:\/\/mekulo.com\/se\/produkt\/automatisk-matare-for-kycklingar-ankor-och-gass\/\"]}]},{\"@type\":\"ImageObject\",\"inLanguage\":\"sv-SE\",\"@id\":\"https:\/\/mekulo.com\/se\/produkt\/automatisk-matare-for-kycklingar-ankor-och-gass\/#primaryimage\",\"url\":\"https:\/\/mekulo.com\/se\/wp-content\/uploads\/sites\/11\/2026\/01\/xbouylo-1.jpg\",\"contentUrl\":\"https:\/\/mekulo.com\/se\/wp-content\/uploads\/sites\/11\/2026\/01\/xbouylo-1.jpg\",\"width\":1080,\"height\":1080},{\"@type\":\"BreadcrumbList\",\"@id\":\"https:\/\/mekulo.com\/se\/produkt\/automatisk-matare-for-kycklingar-ankor-och-gass\/#breadcrumb\",\"itemListElement\":[{\"@type\":\"ListItem\",\"position\":1,\"name\":\"Home\",\"item\":\"https:\/\/mekulo.com\/se\/\"},{\"@type\":\"ListItem\",\"position\":2,\"name\":\"Butik\",\"item\":\"https:\/\/mekulo.com\/se\/butik\/\"},{\"@type\":\"ListItem\",\"position\":3,\"name\":\"Automatisk matare f\u00f6r kycklingar, ankor och g\u00e4ss\"}]},{\"@type\":\"WebSite\",\"@id\":\"https:\/\/mekulo.com\/se\/#website\",\"url\":\"https:\/\/mekulo.com\/se\/\",\"name\":\"Mekulo SE\",\"description\":\"\",\"publisher\":{\"@id\":\"https:\/\/mekulo.com\/se\/#organization\"},\"potentialAction\":[{\"@type\":\"SearchAction\",\"target\":{\"@type\":\"EntryPoint\",\"urlTemplate\":\"https:\/\/mekulo.com\/se\/?s={search_term_string}\"},\"query-input\":{\"@type\":\"PropertyValueSpecification\",\"valueRequired\":true,\"valueName\":\"search_term_string\"}}],\"inLanguage\":\"sv-SE\"},{\"@type\":\"Organization\",\"@id\":\"https:\/\/mekulo.com\/se\/#organization\",\"name\":\"Mekulo\",\"url\":\"https:\/\/mekulo.com\/se\/\",\"logo\":{\"@type\":\"ImageObject\",\"inLanguage\":\"sv-SE\",\"@id\":\"https:\/\/mekulo.com\/se\/#\/schema\/logo\/image\/\",\"url\":\"https:\/\/mekulo.com\/se\/wp-content\/uploads\/sites\/11\/2025\/12\/favicon_mekulo.png\",\"contentUrl\":\"https:\/\/mekulo.com\/se\/wp-content\/uploads\/sites\/11\/2025\/12\/favicon_mekulo.png\",\"width\":50,\"height\":50,\"caption\":\"Mekulo\"},\"image\":{\"@id\":\"https:\/\/mekulo.com\/se\/#\/schema\/logo\/image\/\"}}]}<\/script>\n<!-- \/ Yoast SEO plugin. -->","yoast_head_json":{"title":"Automatisk matare f\u00f6r kycklingar, ankor och g\u00e4ss - Mekulo SE","robots":{"index":"index","follow":"follow","max-snippet":"max-snippet:-1","max-image-preview":"max-image-preview:large","max-video-preview":"max-video-preview:-1"},"canonical":"https:\/\/mekulo.com\/se\/produkt\/automatisk-matare-for-kycklingar-ankor-och-gass\/","og_locale":"sv_SE","og_type":"article","og_title":"Automatisk matare f\u00f6r kycklingar, ankor och g\u00e4ss - Mekulo SE","og_description":"Denna automatiska foderautomat anv\u00e4nder ett gravitationssystem f\u00f6r att ge en j\u00e4mn fodertillf\u00f6rsel utan st\u00e4ndig p\u00e5fyllning. Det hj\u00e4lper till att h\u00e5lla fodret torrt, minskar r\u00f6ran och ser till att dina fj\u00e4derf\u00e4n alltid har tillg\u00e5ng till mat, \u00e4ven n\u00e4r du inte \u00e4r i n\u00e4rheten. Systemet \u00e4r utformat som ett DIY-feederportkit och monteras enkelt p\u00e5 en hink eller foderbeh\u00e5llare. Den regnt\u00e4ta konstruktionen skyddar fodret fr\u00e5n fukt, medan gravitationsfl\u00f6det levererar r\u00e4tt m\u00e4ngd foder f\u00f6r att f\u00f6rhindra spill och avfall.","og_url":"https:\/\/mekulo.com\/se\/produkt\/automatisk-matare-for-kycklingar-ankor-och-gass\/","og_site_name":"Mekulo SE","article_modified_time":"2026-02-10T09:09:48+00:00","og_image":[{"width":1080,"height":1080,"url":"https:\/\/mekulo.com\/se\/wp-content\/uploads\/sites\/11\/2026\/01\/xbouylo-1.jpg","type":"image\/jpeg"}],"twitter_card":"summary_large_image","twitter_misc":{"Ber\u00e4knad l\u00e4stid":"2 minuter"},"schema":{"@context":"https:\/\/schema.org","@graph":[{"@type":"WebPage","@id":"https:\/\/mekulo.com\/se\/produkt\/automatisk-matare-for-kycklingar-ankor-och-gass\/","url":"https:\/\/mekulo.com\/se\/produkt\/automatisk-matare-for-kycklingar-ankor-och-gass\/","name":"Automatisk matare f\u00f6r kycklingar, ankor och g\u00e4ss - Mekulo SE","isPartOf":{"@id":"https:\/\/mekulo.com\/se\/#website"},"primaryImageOfPage":{"@id":"https:\/\/mekulo.com\/se\/produkt\/automatisk-matare-for-kycklingar-ankor-och-gass\/#primaryimage"},"image":{"@id":"https:\/\/mekulo.com\/se\/produkt\/automatisk-matare-for-kycklingar-ankor-och-gass\/#primaryimage"},"thumbnailUrl":"https:\/\/mekulo.com\/se\/wp-content\/uploads\/sites\/11\/2026\/01\/xbouylo-1.jpg","datePublished":"2026-01-05T09:44:11+00:00","dateModified":"2026-02-10T09:09:48+00:00","breadcrumb":{"@id":"https:\/\/mekulo.com\/se\/produkt\/automatisk-matare-for-kycklingar-ankor-och-gass\/#breadcrumb"},"inLanguage":"sv-SE","potentialAction":[{"@type":"ReadAction","target":["https:\/\/mekulo.com\/se\/produkt\/automatisk-matare-for-kycklingar-ankor-och-gass\/"]}]},{"@type":"ImageObject","inLanguage":"sv-SE","@id":"https:\/\/mekulo.com\/se\/produkt\/automatisk-matare-for-kycklingar-ankor-och-gass\/#primaryimage","url":"https:\/\/mekulo.com\/se\/wp-content\/uploads\/sites\/11\/2026\/01\/xbouylo-1.jpg","contentUrl":"https:\/\/mekulo.com\/se\/wp-content\/uploads\/sites\/11\/2026\/01\/xbouylo-1.jpg","width":1080,"height":1080},{"@type":"BreadcrumbList","@id":"https:\/\/mekulo.com\/se\/produkt\/automatisk-matare-for-kycklingar-ankor-och-gass\/#breadcrumb","itemListElement":[{"@type":"ListItem","position":1,"name":"Home","item":"https:\/\/mekulo.com\/se\/"},{"@type":"ListItem","position":2,"name":"Butik","item":"https:\/\/mekulo.com\/se\/butik\/"},{"@type":"ListItem","position":3,"name":"Automatisk matare f\u00f6r kycklingar, ankor och g\u00e4ss"}]},{"@type":"WebSite","@id":"https:\/\/mekulo.com\/se\/#website","url":"https:\/\/mekulo.com\/se\/","name":"Mekulo SE","description":"","publisher":{"@id":"https:\/\/mekulo.com\/se\/#organization"},"potentialAction":[{"@type":"SearchAction","target":{"@type":"EntryPoint","urlTemplate":"https:\/\/mekulo.com\/se\/?s={search_term_string}"},"query-input":{"@type":"PropertyValueSpecification","valueRequired":true,"valueName":"search_term_string"}}],"inLanguage":"sv-SE"},{"@type":"Organization","@id":"https:\/\/mekulo.com\/se\/#organization","name":"Mekulo","url":"https:\/\/mekulo.com\/se\/","logo":{"@type":"ImageObject","inLanguage":"sv-SE","@id":"https:\/\/mekulo.com\/se\/#\/schema\/logo\/image\/","url":"https:\/\/mekulo.com\/se\/wp-content\/uploads\/sites\/11\/2025\/12\/favicon_mekulo.png","contentUrl":"https:\/\/mekulo.com\/se\/wp-content\/uploads\/sites\/11\/2025\/12\/favicon_mekulo.png","width":50,"height":50,"caption":"Mekulo"},"image":{"@id":"https:\/\/mekulo.com\/se\/#\/schema\/logo\/image\/"}}]}},"_links":{"self":[{"href":"https:\/\/mekulo.com\/se\/wp-json\/wp\/v2\/product\/13811","targetHints":{"allow":["GET"]}}],"collection":[{"href":"https:\/\/mekulo.com\/se\/wp-json\/wp\/v2\/product"}],"about":[{"href":"https:\/\/mekulo.com\/se\/wp-json\/wp\/v2\/types\/product"}],"replies":[{"embeddable":true,"href":"https:\/\/mekulo.com\/se\/wp-json\/wp\/v2\/comments?post=13811"}],"wp:featuredmedia":[{"embeddable":true,"href":"https:\/\/mekulo.com\/se\/wp-json\/wp\/v2\/media\/13807"}],"wp:attachment":[{"href":"https:\/\/mekulo.com\/se\/wp-json\/wp\/v2\/media?parent=13811"}],"wp:term":[{"taxonomy":"product_brand","embeddable":true,"href":"https:\/\/mekulo.com\/se\/wp-json\/wp\/v2\/product_brand?post=13811"},{"taxonomy":"product_cat","embeddable":true,"href":"https:\/\/mekulo.com\/se\/wp-json\/wp\/v2\/product_cat?post=13811"},{"taxonomy":"product_tag","embeddable":true,"href":"https:\/\/mekulo.com\/se\/wp-json\/wp\/v2\/product_tag?post=13811"}],"curies":[{"name":"wp","href":"https:\/\/api.w.org\/{rel}","templated":true}]}}