{"id":13783,"date":"2026-01-05T11:42:10","date_gmt":"2026-01-05T09:42:10","guid":{"rendered":"https:\/\/mekulo.com\/se\/produkt\/granulat-for-reparation-av-tander\/"},"modified":"2026-03-10T18:06:02","modified_gmt":"2026-03-10T16:06:02","slug":"granulat-for-reparation-av-tander","status":"publish","type":"product","link":"https:\/\/mekulo.com\/se\/produkt\/granulat-for-reparation-av-tander\/","title":{"rendered":"Granulat f\u00f6r reparation av t\u00e4nder"},"content":{"rendered":"<h3 style=\"text-align: center\" data-start=\"1055\" data-end=\"1103\">\ud83d\ude01 Fixa ditt leende direkt utan tandl\u00e4kare \ud83e\uddb7<\/h3>\n<p><img decoding=\"async\" class=\"size-full wp-image-19916 aligncenter\" src=\"https:\/\/keluvo.com\/template\/wp-content\/uploads\/sites\/5\/2025\/05\/graunalrs-ezgif.com-video-to-webp-converter.webp\" alt=\"\" \/><\/p>\n<h2 style=\"text-align: center\" data-start=\"114\" data-end=\"195\">Hur anv\u00e4nder man tandreparationsgranulat?<\/h2>\n<div style=\"overflow: hidden;width: 100%;height: 400px;justify-content: center;align-items: center\"><iframe src=\"https:\/\/www.youtube.com\/embed\/Eo7JIGzGqNk?autoplay=1&amp;mute=1&amp;loop=1&amp;playlist=Eo7JIGzGqNk&amp;controls=0&amp;modestbranding=1&amp;showinfo=0&amp;rel=0\" width=\"100%\" height=\"400\" frameborder=\"0\" allowfullscreen=\"allowfullscreen\"><br \/>\n<\/iframe><\/div>\n<h2 data-start=\"202\" data-end=\"249\"><\/h2>\n<h2 style=\"text-align: center\" data-start=\"202\" data-end=\"249\">\u2705 Varf\u00f6r V\u00e4lja V\u00e5rt Tandreparationsgranulat?<\/h2>\n<p class=\"\" data-start=\"253\" data-end=\"365\">Omedelbar leendef\u00f6rb\u00e4ttring: <span class=\"relative -mx-px my-[-0.2rem] rounded px-px py-[0.2rem] transition-colors duration-100 ease-in-out\">Formbara granuler fyller i saknade eller trasiga t\u00e4nder, vilket ger en naturlig utseende tillf\u00e4llig fix<\/span>\u200b<\/p>\n<p class=\"\" data-start=\"369\" data-end=\"481\">Anv\u00e4ndarv\u00e4nlig applikation: <span class=\"relative -mx-px my-[-0.2rem] rounded px-px py-[0.2rem] transition-colors duration-100 ease-in-out\">Inga specialverktyg kr\u00e4vs. V\u00e4rm bara granulerna i varmt vatten, forma dem och applicera p\u00e5 det drabbade omr\u00e5det<\/span>\u200b<\/p>\n<p class=\"\" data-start=\"485\" data-end=\"588\">S\u00e4ker &amp; giftfri: <span class=\"relative -mx-px my-[-0.2rem] rounded px-px py-[0.2rem] transition-colors duration-100 ease-in-out\">Tillverkad av livsmedelsgodk\u00e4nt plastmaterial, vilket garanterar s\u00e4kerhet \u00e4ven vid oavsiktlig f\u00f6rt\u00e4ring<\/span>\u200b<\/p>\n<p class=\"\" data-start=\"485\" data-end=\"588\">H\u00e5llfasthet: <span class=\"relative -mx-px my-[-0.2rem] rounded px-px py-[0.2rem] transition-colors duration-100 ease-in-out\">N\u00e4r reparationen \u00e4r klar kan den h\u00e5lla under en l\u00e4ngre period och h\u00e5lla ditt leende intakt<\/span><\/p>\n<p class=\"\" data-start=\"697\" data-end=\"801\">Flersidig anv\u00e4ndning: <span class=\"relative -mx-px my-[-0.2rem] rounded px-px py-[0.2rem] transition-colors duration-100 ease-in-out\">Idealisk f\u00f6r tillf\u00e4lliga fixeringar under fotograferingar, intervjuer eller sociala evenemang<\/span><\/p>\n<p><img decoding=\"async\" class=\"size-full wp-image-14271 aligncenter\" src=\"https:\/\/keluvo.com\/template\/wp-content\/uploads\/sites\/5\/2025\/04\/4131850a-bd4a-475f-8a08-ed024a239cc9.webp\" alt=\"\" \/><\/p>\n<h2 style=\"text-align: center\" data-start=\"808\" data-end=\"834\">\ud83d\udce6 Produktdetaljer<\/h2>\n<ul data-start=\"836\" data-end=\"1463\">\n<li class=\"\" data-start=\"943\" data-end=\"1044\">\n<p class=\"\" data-start=\"945\" data-end=\"1044\">Kapacitet: <span class=\"relative -mx-px my-[-0.2rem] rounded px-px py-[0.2rem] transition-colors duration-100 ease-in-out\">30ml<\/span>\u200b<\/p>\n<\/li>\n<li class=\"\" data-start=\"1046\" data-end=\"1147\">\n<p class=\"\" data-start=\"1048\" data-end=\"1147\">Material: <span class=\"relative -mx-px my-[-0.2rem] rounded px-px py-[0.2rem] transition-colors duration-100 ease-in-out\">Livsmedelsgodk\u00e4nd plast<\/span>\u200b<\/p>\n<\/li>\n<li class=\"\" data-start=\"1149\" data-end=\"1252\">\n<p class=\"\" data-start=\"1151\" data-end=\"1252\">H\u00e5llbarhet: <span class=\"relative -mx-px my-[-0.2rem] rounded px-px py-[0.2rem] transition-colors duration-100 ease-in-out\">3 \u00e5r<\/span><\/p>\n<\/li>\n<li class=\"\" data-start=\"1254\" data-end=\"1352\">\n<p class=\"\" data-start=\"1256\" data-end=\"1352\">F\u00e4rg: <span class=\"relative -mx-px my-[-0.2rem] rounded px-px py-[0.2rem] transition-colors duration-100 ease-in-out\">Vit (kan justeras f\u00f6r att matcha din tandf\u00e4rg genom att bl\u00f6tl\u00e4ggas i te)<\/span><\/p>\n<\/li>\n<\/ul>\n<h2 style=\"text-align: center\" data-start=\"2335\" data-end=\"2361\">\ud83d\udcac Vanliga Fr\u00e5gor<\/h2>\n<ul>\n<li data-start=\"2363\" data-end=\"2461\">\u00c4r detta en permanent l\u00f6sning?<br data-start=\"2394\" data-end=\"2397\" \/>Nej, det \u00e4r en tillf\u00e4llig kosmetisk l\u00f6sning avsedd f\u00f6r kortvarig anv\u00e4ndning.<\/li>\n<li data-start=\"2463\" data-end=\"2572\">Kommer den att matcha min tandf\u00e4rg?<br data-start=\"2499\" data-end=\"2502\" \/>Ja! Du kan justera tonen genom att bl\u00f6tl\u00e4gga den i te f\u00f6r en naturlig matchning.<\/li>\n<li data-start=\"2574\" data-end=\"2673\">\u00c4r den s\u00e4ker om du r\u00e5kar sv\u00e4lja den?<br data-start=\"2618\" data-end=\"2621\" \/>Ja, granulerna \u00e4r gjorda av livsmedelsgodk\u00e4nt material.<\/li>\n<li data-start=\"2675\" data-end=\"2780\">Hur l\u00e4nge varar en reparation?<br data-start=\"2712\" data-end=\"2715\" \/>Det kan ta fr\u00e5n flera timmar till flera dagar beroende p\u00e5 anv\u00e4ndning.<\/li>\n<\/ul>\n<h3 style=\"text-align: center\" data-start=\"3351\" data-end=\"3393\"><\/h3>\n","protected":false},"excerpt":{"rendered":"<p><span class=\"relative -mx-px my-[-0.2rem] rounded px-px py-[0.2rem] transition-colors duration-100 ease-in-out\">Har du r\u00e5kat tappa en tand eller har du ett mellanrum som du vill d\u00f6lja? V\u00e5ra tandreparationsgranulat erbjuder en snabb, enkel och s\u00e4ker l\u00f6sning f\u00f6r att \u00e5terst\u00e4lla ditt sj\u00e4lvs\u00e4kra leende &#8211; allt fr\u00e5n bekv\u00e4mligheten i ditt hem.<\/span><\/p>\n","protected":false},"featured_media":13779,"comment_status":"open","ping_status":"closed","template":"","meta":{"site-sidebar-layout":"default","site-content-layout":"","ast-site-content-layout":"default","site-content-style":"default","site-sidebar-style":"default","ast-global-header-display":"","ast-banner-title-visibility":"","ast-main-header-display":"","ast-hfb-above-header-display":"","ast-hfb-below-header-display":"","ast-hfb-mobile-header-display":"","site-post-title":"","ast-breadcrumbs-content":"","ast-featured-img":"","footer-sml-layout":"","theme-transparent-header-meta":"default","adv-header-id-meta":"","stick-header-meta":"","header-above-stick-meta":"","header-main-stick-meta":"","header-below-stick-meta":"","astra-migrate-meta-layouts":"set","ast-page-background-enabled":"default","ast-page-background-meta":{"desktop":{"background-color":"var(--ast-global-color-5)","background-image":"","background-repeat":"repeat","background-position":"center center","background-size":"auto","background-attachment":"scroll","background-type":"","background-media":"","overlay-type":"","overlay-color":"","overlay-opacity":"","overlay-gradient":""},"tablet":{"background-color":"","background-image":"","background-repeat":"repeat","background-position":"center center","background-size":"auto","background-attachment":"scroll","background-type":"","background-media":"","overlay-type":"","overlay-color":"","overlay-opacity":"","overlay-gradient":""},"mobile":{"background-color":"","background-image":"","background-repeat":"repeat","background-position":"center center","background-size":"auto","background-attachment":"scroll","background-type":"","background-media":"","overlay-type":"","overlay-color":"","overlay-opacity":"","overlay-gradient":""}},"ast-content-background-meta":{"desktop":{"background-color":"var(--ast-global-color-4)","background-image":"","background-repeat":"repeat","background-position":"center center","background-size":"auto","background-attachment":"scroll","background-type":"","background-media":"","overlay-type":"","overlay-color":"","overlay-opacity":"","overlay-gradient":""},"tablet":{"background-color":"var(--ast-global-color-4)","background-image":"","background-repeat":"repeat","background-position":"center center","background-size":"auto","background-attachment":"scroll","background-type":"","background-media":"","overlay-type":"","overlay-color":"","overlay-opacity":"","overlay-gradient":""},"mobile":{"background-color":"var(--ast-global-color-4)","background-image":"","background-repeat":"repeat","background-position":"center center","background-size":"auto","background-attachment":"scroll","background-type":"","background-media":"","overlay-type":"","overlay-color":"","overlay-opacity":"","overlay-gradient":""}}},"product_brand":[],"product_cat":[162],"product_tag":[],"class_list":{"0":"post-13783","1":"product","2":"type-product","3":"status-publish","4":"has-post-thumbnail","6":"product_cat-skonhets-och-hygienprodukter","7":"pa_46510_k8xvfocw-1-st","8":"pa_46510_k8xvfocw-2-st","9":"pa_46510_k8xvfocw-4-st","10":"desktop-align-left","11":"tablet-align-left","12":"mobile-align-left","14":"first","15":"instock","16":"shipping-taxable","17":"purchasable","18":"product-type-variable"},"yoast_head":"<!-- This site is optimized with the Yoast SEO plugin v26.6 - https:\/\/yoast.com\/wordpress\/plugins\/seo\/ -->\n<title>Granulat f\u00f6r reparation av t\u00e4nder - Mekulo SE<\/title>\n<meta name=\"robots\" content=\"index, follow, max-snippet:-1, max-image-preview:large, max-video-preview:-1\" \/>\n<link rel=\"canonical\" href=\"https:\/\/mekulo.com\/se\/produkt\/granulat-for-reparation-av-tander\/\" \/>\n<meta property=\"og:locale\" content=\"sv_SE\" \/>\n<meta property=\"og:type\" content=\"article\" \/>\n<meta property=\"og:title\" content=\"Granulat f\u00f6r reparation av t\u00e4nder - Mekulo SE\" \/>\n<meta property=\"og:description\" content=\"Har du r\u00e5kat tappa en tand eller har du ett mellanrum som du vill d\u00f6lja? V\u00e5ra tandreparationsgranulat erbjuder en snabb, enkel och s\u00e4ker l\u00f6sning f\u00f6r att \u00e5terst\u00e4lla ditt sj\u00e4lvs\u00e4kra leende - allt fr\u00e5n bekv\u00e4mligheten i ditt hem.\" \/>\n<meta property=\"og:url\" content=\"https:\/\/mekulo.com\/se\/produkt\/granulat-for-reparation-av-tander\/\" \/>\n<meta property=\"og:site_name\" content=\"Mekulo SE\" \/>\n<meta property=\"article:modified_time\" content=\"2026-03-10T16:06:02+00:00\" \/>\n<meta property=\"og:image\" content=\"https:\/\/mekulo.com\/se\/wp-content\/uploads\/sites\/11\/2026\/01\/hauyurg-1.jpeg\" \/>\n\t<meta property=\"og:image:width\" content=\"1600\" \/>\n\t<meta property=\"og:image:height\" content=\"1600\" \/>\n\t<meta property=\"og:image:type\" content=\"image\/jpeg\" \/>\n<meta name=\"twitter:card\" content=\"summary_large_image\" \/>\n<meta name=\"twitter:label1\" content=\"Ber\u00e4knad l\u00e4stid\" \/>\n\t<meta name=\"twitter:data1\" content=\"2 minuter\" \/>\n<script type=\"application\/ld+json\" class=\"yoast-schema-graph\">{\"@context\":\"https:\/\/schema.org\",\"@graph\":[{\"@type\":\"WebPage\",\"@id\":\"https:\/\/mekulo.com\/se\/produkt\/granulat-for-reparation-av-tander\/\",\"url\":\"https:\/\/mekulo.com\/se\/produkt\/granulat-for-reparation-av-tander\/\",\"name\":\"Granulat f\u00f6r reparation av t\u00e4nder - Mekulo SE\",\"isPartOf\":{\"@id\":\"https:\/\/mekulo.com\/se\/#website\"},\"primaryImageOfPage\":{\"@id\":\"https:\/\/mekulo.com\/se\/produkt\/granulat-for-reparation-av-tander\/#primaryimage\"},\"image\":{\"@id\":\"https:\/\/mekulo.com\/se\/produkt\/granulat-for-reparation-av-tander\/#primaryimage\"},\"thumbnailUrl\":\"https:\/\/mekulo.com\/se\/wp-content\/uploads\/sites\/11\/2026\/01\/hauyurg-1.jpeg\",\"datePublished\":\"2026-01-05T09:42:10+00:00\",\"dateModified\":\"2026-03-10T16:06:02+00:00\",\"breadcrumb\":{\"@id\":\"https:\/\/mekulo.com\/se\/produkt\/granulat-for-reparation-av-tander\/#breadcrumb\"},\"inLanguage\":\"sv-SE\",\"potentialAction\":[{\"@type\":\"ReadAction\",\"target\":[\"https:\/\/mekulo.com\/se\/produkt\/granulat-for-reparation-av-tander\/\"]}]},{\"@type\":\"ImageObject\",\"inLanguage\":\"sv-SE\",\"@id\":\"https:\/\/mekulo.com\/se\/produkt\/granulat-for-reparation-av-tander\/#primaryimage\",\"url\":\"https:\/\/mekulo.com\/se\/wp-content\/uploads\/sites\/11\/2026\/01\/hauyurg-1.jpeg\",\"contentUrl\":\"https:\/\/mekulo.com\/se\/wp-content\/uploads\/sites\/11\/2026\/01\/hauyurg-1.jpeg\",\"width\":1600,\"height\":1600},{\"@type\":\"BreadcrumbList\",\"@id\":\"https:\/\/mekulo.com\/se\/produkt\/granulat-for-reparation-av-tander\/#breadcrumb\",\"itemListElement\":[{\"@type\":\"ListItem\",\"position\":1,\"name\":\"Home\",\"item\":\"https:\/\/mekulo.com\/se\/\"},{\"@type\":\"ListItem\",\"position\":2,\"name\":\"Butik\",\"item\":\"https:\/\/mekulo.com\/se\/butik\/\"},{\"@type\":\"ListItem\",\"position\":3,\"name\":\"Granulat f\u00f6r reparation av t\u00e4nder\"}]},{\"@type\":\"WebSite\",\"@id\":\"https:\/\/mekulo.com\/se\/#website\",\"url\":\"https:\/\/mekulo.com\/se\/\",\"name\":\"Mekulo SE\",\"description\":\"\",\"publisher\":{\"@id\":\"https:\/\/mekulo.com\/se\/#organization\"},\"potentialAction\":[{\"@type\":\"SearchAction\",\"target\":{\"@type\":\"EntryPoint\",\"urlTemplate\":\"https:\/\/mekulo.com\/se\/?s={search_term_string}\"},\"query-input\":{\"@type\":\"PropertyValueSpecification\",\"valueRequired\":true,\"valueName\":\"search_term_string\"}}],\"inLanguage\":\"sv-SE\"},{\"@type\":\"Organization\",\"@id\":\"https:\/\/mekulo.com\/se\/#organization\",\"name\":\"Mekulo\",\"url\":\"https:\/\/mekulo.com\/se\/\",\"logo\":{\"@type\":\"ImageObject\",\"inLanguage\":\"sv-SE\",\"@id\":\"https:\/\/mekulo.com\/se\/#\/schema\/logo\/image\/\",\"url\":\"https:\/\/mekulo.com\/se\/wp-content\/uploads\/sites\/11\/2025\/12\/favicon_mekulo.png\",\"contentUrl\":\"https:\/\/mekulo.com\/se\/wp-content\/uploads\/sites\/11\/2025\/12\/favicon_mekulo.png\",\"width\":50,\"height\":50,\"caption\":\"Mekulo\"},\"image\":{\"@id\":\"https:\/\/mekulo.com\/se\/#\/schema\/logo\/image\/\"}}]}<\/script>\n<!-- \/ Yoast SEO plugin. -->","yoast_head_json":{"title":"Granulat f\u00f6r reparation av t\u00e4nder - Mekulo SE","robots":{"index":"index","follow":"follow","max-snippet":"max-snippet:-1","max-image-preview":"max-image-preview:large","max-video-preview":"max-video-preview:-1"},"canonical":"https:\/\/mekulo.com\/se\/produkt\/granulat-for-reparation-av-tander\/","og_locale":"sv_SE","og_type":"article","og_title":"Granulat f\u00f6r reparation av t\u00e4nder - Mekulo SE","og_description":"Har du r\u00e5kat tappa en tand eller har du ett mellanrum som du vill d\u00f6lja? V\u00e5ra tandreparationsgranulat erbjuder en snabb, enkel och s\u00e4ker l\u00f6sning f\u00f6r att \u00e5terst\u00e4lla ditt sj\u00e4lvs\u00e4kra leende - allt fr\u00e5n bekv\u00e4mligheten i ditt hem.","og_url":"https:\/\/mekulo.com\/se\/produkt\/granulat-for-reparation-av-tander\/","og_site_name":"Mekulo SE","article_modified_time":"2026-03-10T16:06:02+00:00","og_image":[{"width":1600,"height":1600,"url":"https:\/\/mekulo.com\/se\/wp-content\/uploads\/sites\/11\/2026\/01\/hauyurg-1.jpeg","type":"image\/jpeg"}],"twitter_card":"summary_large_image","twitter_misc":{"Ber\u00e4knad l\u00e4stid":"2 minuter"},"schema":{"@context":"https:\/\/schema.org","@graph":[{"@type":"WebPage","@id":"https:\/\/mekulo.com\/se\/produkt\/granulat-for-reparation-av-tander\/","url":"https:\/\/mekulo.com\/se\/produkt\/granulat-for-reparation-av-tander\/","name":"Granulat f\u00f6r reparation av t\u00e4nder - Mekulo SE","isPartOf":{"@id":"https:\/\/mekulo.com\/se\/#website"},"primaryImageOfPage":{"@id":"https:\/\/mekulo.com\/se\/produkt\/granulat-for-reparation-av-tander\/#primaryimage"},"image":{"@id":"https:\/\/mekulo.com\/se\/produkt\/granulat-for-reparation-av-tander\/#primaryimage"},"thumbnailUrl":"https:\/\/mekulo.com\/se\/wp-content\/uploads\/sites\/11\/2026\/01\/hauyurg-1.jpeg","datePublished":"2026-01-05T09:42:10+00:00","dateModified":"2026-03-10T16:06:02+00:00","breadcrumb":{"@id":"https:\/\/mekulo.com\/se\/produkt\/granulat-for-reparation-av-tander\/#breadcrumb"},"inLanguage":"sv-SE","potentialAction":[{"@type":"ReadAction","target":["https:\/\/mekulo.com\/se\/produkt\/granulat-for-reparation-av-tander\/"]}]},{"@type":"ImageObject","inLanguage":"sv-SE","@id":"https:\/\/mekulo.com\/se\/produkt\/granulat-for-reparation-av-tander\/#primaryimage","url":"https:\/\/mekulo.com\/se\/wp-content\/uploads\/sites\/11\/2026\/01\/hauyurg-1.jpeg","contentUrl":"https:\/\/mekulo.com\/se\/wp-content\/uploads\/sites\/11\/2026\/01\/hauyurg-1.jpeg","width":1600,"height":1600},{"@type":"BreadcrumbList","@id":"https:\/\/mekulo.com\/se\/produkt\/granulat-for-reparation-av-tander\/#breadcrumb","itemListElement":[{"@type":"ListItem","position":1,"name":"Home","item":"https:\/\/mekulo.com\/se\/"},{"@type":"ListItem","position":2,"name":"Butik","item":"https:\/\/mekulo.com\/se\/butik\/"},{"@type":"ListItem","position":3,"name":"Granulat f\u00f6r reparation av t\u00e4nder"}]},{"@type":"WebSite","@id":"https:\/\/mekulo.com\/se\/#website","url":"https:\/\/mekulo.com\/se\/","name":"Mekulo SE","description":"","publisher":{"@id":"https:\/\/mekulo.com\/se\/#organization"},"potentialAction":[{"@type":"SearchAction","target":{"@type":"EntryPoint","urlTemplate":"https:\/\/mekulo.com\/se\/?s={search_term_string}"},"query-input":{"@type":"PropertyValueSpecification","valueRequired":true,"valueName":"search_term_string"}}],"inLanguage":"sv-SE"},{"@type":"Organization","@id":"https:\/\/mekulo.com\/se\/#organization","name":"Mekulo","url":"https:\/\/mekulo.com\/se\/","logo":{"@type":"ImageObject","inLanguage":"sv-SE","@id":"https:\/\/mekulo.com\/se\/#\/schema\/logo\/image\/","url":"https:\/\/mekulo.com\/se\/wp-content\/uploads\/sites\/11\/2025\/12\/favicon_mekulo.png","contentUrl":"https:\/\/mekulo.com\/se\/wp-content\/uploads\/sites\/11\/2025\/12\/favicon_mekulo.png","width":50,"height":50,"caption":"Mekulo"},"image":{"@id":"https:\/\/mekulo.com\/se\/#\/schema\/logo\/image\/"}}]}},"_links":{"self":[{"href":"https:\/\/mekulo.com\/se\/wp-json\/wp\/v2\/product\/13783","targetHints":{"allow":["GET"]}}],"collection":[{"href":"https:\/\/mekulo.com\/se\/wp-json\/wp\/v2\/product"}],"about":[{"href":"https:\/\/mekulo.com\/se\/wp-json\/wp\/v2\/types\/product"}],"replies":[{"embeddable":true,"href":"https:\/\/mekulo.com\/se\/wp-json\/wp\/v2\/comments?post=13783"}],"wp:featuredmedia":[{"embeddable":true,"href":"https:\/\/mekulo.com\/se\/wp-json\/wp\/v2\/media\/13779"}],"wp:attachment":[{"href":"https:\/\/mekulo.com\/se\/wp-json\/wp\/v2\/media?parent=13783"}],"wp:term":[{"taxonomy":"product_brand","embeddable":true,"href":"https:\/\/mekulo.com\/se\/wp-json\/wp\/v2\/product_brand?post=13783"},{"taxonomy":"product_cat","embeddable":true,"href":"https:\/\/mekulo.com\/se\/wp-json\/wp\/v2\/product_cat?post=13783"},{"taxonomy":"product_tag","embeddable":true,"href":"https:\/\/mekulo.com\/se\/wp-json\/wp\/v2\/product_tag?post=13783"}],"curies":[{"name":"wp","href":"https:\/\/api.w.org\/{rel}","templated":true}]}}