{"id":13673,"date":"2026-01-05T10:43:28","date_gmt":"2026-01-05T08:43:28","guid":{"rendered":"https:\/\/mekulo.com\/se\/produkt\/kazoo\/"},"modified":"2026-01-22T17:49:55","modified_gmt":"2026-01-22T15:49:55","slug":"kazoo","status":"publish","type":"product","link":"https:\/\/mekulo.com\/se\/produkt\/kazoo\/","title":{"rendered":"Kazoo"},"content":{"rendered":"<p style=\"text-align: center;\" data-start=\"132\" data-end=\"328\">Denna kazoo \u00e4r det enklaste instrument du n\u00e5gonsin kommer att spela. Nynna bara p\u00e5 den och den f\u00f6rvandlar omedelbart din r\u00f6st till en rolig, surrande melodi! Perfekt f\u00f6r barn, nyb\u00f6rjare, musiker eller alla som vill jamma utan att l\u00e4ra sig komplicerade noter.<\/p>\n<p data-start=\"132\" data-end=\"328\"><img decoding=\"async\" class=\"size-full wp-image-29324 aligncenter\" src=\"https:\/\/keluvo.com\/template\/wp-content\/uploads\/sites\/5\/2025\/07\/daab30dc690d7fe87829648f33977414e907b4bd.webp\" alt=\"\" \/><\/p>\n<h2 style=\"text-align: center;\" data-section-id=\"1unko33\" data-start=\"439\" data-end=\"459\">Huvudf\u00f6rdelar \ud83c\udfba<\/h2>\n<p data-start=\"461\" data-end=\"924\">\ud83c\udfb6 L\u00e4tt Att Anv\u00e4nda \u2013 bara nynna f\u00f6r att spela. Ingen musikalisk kunskap kr\u00e4vs.<\/p>\n<p data-start=\"461\" data-end=\"924\">\ud83e\ude88 Fantastiskt Ljud \u2013 Producerar en surrande, trumpetliknande ton som \u00e4r rolig och unik.<\/p>\n<p data-start=\"461\" data-end=\"924\">\ud83c\udf92 Fickformat \u2013 Liten, l\u00e4tt och levereras med ett nyckelband f\u00f6r enkel transport.<\/p>\n<p data-start=\"461\" data-end=\"924\">\ud83c\udf81 Perfekt Present \u2013 En rolig \u00f6verraskning f\u00f6r barn, v\u00e4nner eller musik\u00e4lskare.<\/p>\n<p data-start=\"461\" data-end=\"924\">\ud83c\udfb8 Perfekt F\u00f6r Jamsessioner \u2013 Anv\u00e4nd den solo eller med din gitarr eller ditt band.<\/p>\n<p data-start=\"461\" data-end=\"924\">\ud83e\uddfc Avtagbar Design \u2013 L\u00e4tt att reng\u00f6ra och s\u00e4ker f\u00f6r upprepad anv\u00e4ndning.<\/p>\n<p data-start=\"461\" data-end=\"924\"><img decoding=\"async\" class=\"size-full wp-image-29323 aligncenter\" src=\"https:\/\/keluvo.com\/template\/wp-content\/uploads\/sites\/5\/2025\/07\/6025c76285d54d8c918e678c71a22bda68a3c8f1.webp\" alt=\"\" \/><\/p>\n<h2 style=\"text-align: center;\" data-section-id=\"6p6jkm\" data-start=\"931\" data-end=\"948\">Hur man anv\u00e4nder \ud83c\udfa4<\/h2>\n<ol data-start=\"950\" data-end=\"1144\">\n<li data-start=\"950\" data-end=\"986\">\n<p data-start=\"953\" data-end=\"986\">H\u00e5ll kazoo n\u00e4ra munnen.<\/p>\n<\/li>\n<li data-start=\"987\" data-end=\"1027\">\n<p data-start=\"990\" data-end=\"1027\">Nynna (inte bl\u00e5sa) i munstycket.<\/p>\n<\/li>\n<li data-start=\"1028\" data-end=\"1096\">\n<p data-start=\"1031\" data-end=\"1096\">\u00c4ndra din tonh\u00f6jd eller nynna en melodi &#8211; det kommer att surra och l\u00e5ta musikaliskt!<\/p>\n<\/li>\n<li data-start=\"1097\" data-end=\"1144\">\n<p data-start=\"1100\" data-end=\"1144\">Anv\u00e4nd nyckelbandet f\u00f6r att b\u00e4ra det vart du \u00e4n g\u00e5r.<\/p>\n<\/li>\n<\/ol>\n<h2 style=\"text-align: center;\" data-section-id=\"1uoa4jh\" data-start=\"1151\" data-end=\"1173\">Produktdetaljer \ud83d\udccf<\/h2>\n<ul data-start=\"1175\" data-end=\"1287\">\n<li data-start=\"1175\" data-end=\"1199\">\n<p data-start=\"1177\" data-end=\"1199\">Storlek: 13,5 cm x 3,5 cm<\/p>\n<\/li>\n<li data-start=\"1200\" data-end=\"1221\">\n<p data-start=\"1202\" data-end=\"1221\">Material: Plast<\/p>\n<\/li>\n<li data-start=\"1259\" data-end=\"1287\">\n<p data-start=\"1261\" data-end=\"1287\">L\u00e4tt och b\u00e4rbar<\/p>\n<\/li>\n<\/ul>\n<h2 style=\"text-align: center;\" data-section-id=\"168ap4\" data-start=\"1294\" data-end=\"1317\">Paketet inneh\u00e5ller \ud83d\udce6<\/h2>\n<ul data-start=\"1319\" data-end=\"1417\">\n<li data-start=\"1319\" data-end=\"1349\">\n<p data-start=\"1321\" data-end=\"1349\">1x kazoo med nyckelband.<\/p>\n<\/li>\n<\/ul>\n","protected":false},"excerpt":{"rendered":"<p style=\"text-align: left;\" data-start=\"132\" data-end=\"328\">Skapa musik direkt med denna l\u00e4ttanv\u00e4nda kazoo som f\u00f6rvandlar ditt hummande till en rolig, surrande melodi. Perfekt f\u00f6r nyb\u00f6rjare, barn och alla som vill njuta av musik utan att l\u00e4ra sig noter.<\/p>\n","protected":false},"featured_media":13669,"comment_status":"open","ping_status":"closed","template":"","meta":{"site-sidebar-layout":"default","site-content-layout":"","ast-site-content-layout":"default","site-content-style":"default","site-sidebar-style":"default","ast-global-header-display":"","ast-banner-title-visibility":"","ast-main-header-display":"","ast-hfb-above-header-display":"","ast-hfb-below-header-display":"","ast-hfb-mobile-header-display":"","site-post-title":"","ast-breadcrumbs-content":"","ast-featured-img":"","footer-sml-layout":"","theme-transparent-header-meta":"default","adv-header-id-meta":"","stick-header-meta":"","header-above-stick-meta":"","header-main-stick-meta":"","header-below-stick-meta":"","astra-migrate-meta-layouts":"set","ast-page-background-enabled":"default","ast-page-background-meta":{"desktop":{"background-color":"var(--ast-global-color-5)","background-image":"","background-repeat":"repeat","background-position":"center center","background-size":"auto","background-attachment":"scroll","background-type":"","background-media":"","overlay-type":"","overlay-color":"","overlay-opacity":"","overlay-gradient":""},"tablet":{"background-color":"","background-image":"","background-repeat":"repeat","background-position":"center center","background-size":"auto","background-attachment":"scroll","background-type":"","background-media":"","overlay-type":"","overlay-color":"","overlay-opacity":"","overlay-gradient":""},"mobile":{"background-color":"","background-image":"","background-repeat":"repeat","background-position":"center center","background-size":"auto","background-attachment":"scroll","background-type":"","background-media":"","overlay-type":"","overlay-color":"","overlay-opacity":"","overlay-gradient":""}},"ast-content-background-meta":{"desktop":{"background-color":"var(--ast-global-color-4)","background-image":"","background-repeat":"repeat","background-position":"center center","background-size":"auto","background-attachment":"scroll","background-type":"","background-media":"","overlay-type":"","overlay-color":"","overlay-opacity":"","overlay-gradient":""},"tablet":{"background-color":"var(--ast-global-color-4)","background-image":"","background-repeat":"repeat","background-position":"center center","background-size":"auto","background-attachment":"scroll","background-type":"","background-media":"","overlay-type":"","overlay-color":"","overlay-opacity":"","overlay-gradient":""},"mobile":{"background-color":"var(--ast-global-color-4)","background-image":"","background-repeat":"repeat","background-position":"center center","background-size":"auto","background-attachment":"scroll","background-type":"","background-media":"","overlay-type":"","overlay-color":"","overlay-opacity":"","overlay-gradient":""}}},"product_brand":[],"product_cat":[15],"product_tag":[],"class_list":{"0":"post-13673","1":"product","2":"type-product","3":"status-publish","4":"has-post-thumbnail","6":"product_cat-uncategorized","7":"pa_48240_ez1u6uit-bla","8":"pa_48240_ez1u6uit-rod","9":"pa_48240_ez1u6uit-rosa","10":"pa_48240_ez1u6uit-svart","11":"pa_48240_ez1u6uit-vit","12":"desktop-align-left","13":"tablet-align-left","14":"mobile-align-left","16":"first","17":"instock","18":"shipping-taxable","19":"purchasable","20":"product-type-variable"},"yoast_head":"<!-- This site is optimized with the Yoast SEO plugin v26.6 - https:\/\/yoast.com\/wordpress\/plugins\/seo\/ -->\n<title>Kazoo - Mekulo SE<\/title>\n<meta name=\"robots\" content=\"index, follow, max-snippet:-1, max-image-preview:large, max-video-preview:-1\" \/>\n<link rel=\"canonical\" href=\"https:\/\/mekulo.com\/se\/produkt\/kazoo\/\" \/>\n<meta property=\"og:locale\" content=\"en_US\" \/>\n<meta property=\"og:type\" content=\"article\" \/>\n<meta property=\"og:title\" content=\"Kazoo - Mekulo SE\" \/>\n<meta property=\"og:description\" content=\"Skapa musik direkt med denna l\u00e4ttanv\u00e4nda kazoo som f\u00f6rvandlar ditt hummande till en rolig, surrande melodi. Perfekt f\u00f6r nyb\u00f6rjare, barn och alla som vill njuta av musik utan att l\u00e4ra sig noter.\" \/>\n<meta property=\"og:url\" content=\"https:\/\/mekulo.com\/se\/produkt\/kazoo\/\" \/>\n<meta property=\"og:site_name\" content=\"Mekulo SE\" \/>\n<meta property=\"article:modified_time\" content=\"2026-01-22T15:49:55+00:00\" \/>\n<meta property=\"og:image\" content=\"https:\/\/mekulo.com\/se\/wp-content\/uploads\/sites\/11\/2026\/01\/nif97t8-1.webp\" \/>\n\t<meta property=\"og:image:width\" content=\"1024\" \/>\n\t<meta property=\"og:image:height\" content=\"1024\" \/>\n\t<meta property=\"og:image:type\" content=\"image\/webp\" \/>\n<meta name=\"twitter:card\" content=\"summary_large_image\" \/>\n<meta name=\"twitter:label1\" content=\"Est. reading time\" \/>\n\t<meta name=\"twitter:data1\" content=\"2 minutes\" \/>\n<script type=\"application\/ld+json\" class=\"yoast-schema-graph\">{\"@context\":\"https:\/\/schema.org\",\"@graph\":[{\"@type\":\"WebPage\",\"@id\":\"https:\/\/mekulo.com\/se\/produkt\/kazoo\/\",\"url\":\"https:\/\/mekulo.com\/se\/produkt\/kazoo\/\",\"name\":\"Kazoo - Mekulo SE\",\"isPartOf\":{\"@id\":\"https:\/\/mekulo.com\/se\/#website\"},\"primaryImageOfPage\":{\"@id\":\"https:\/\/mekulo.com\/se\/produkt\/kazoo\/#primaryimage\"},\"image\":{\"@id\":\"https:\/\/mekulo.com\/se\/produkt\/kazoo\/#primaryimage\"},\"thumbnailUrl\":\"https:\/\/mekulo.com\/se\/wp-content\/uploads\/sites\/11\/2026\/01\/nif97t8-1.webp\",\"datePublished\":\"2026-01-05T08:43:28+00:00\",\"dateModified\":\"2026-01-22T15:49:55+00:00\",\"breadcrumb\":{\"@id\":\"https:\/\/mekulo.com\/se\/produkt\/kazoo\/#breadcrumb\"},\"inLanguage\":\"en-US\",\"potentialAction\":[{\"@type\":\"ReadAction\",\"target\":[\"https:\/\/mekulo.com\/se\/produkt\/kazoo\/\"]}]},{\"@type\":\"ImageObject\",\"inLanguage\":\"en-US\",\"@id\":\"https:\/\/mekulo.com\/se\/produkt\/kazoo\/#primaryimage\",\"url\":\"https:\/\/mekulo.com\/se\/wp-content\/uploads\/sites\/11\/2026\/01\/nif97t8-1.webp\",\"contentUrl\":\"https:\/\/mekulo.com\/se\/wp-content\/uploads\/sites\/11\/2026\/01\/nif97t8-1.webp\",\"width\":1024,\"height\":1024},{\"@type\":\"BreadcrumbList\",\"@id\":\"https:\/\/mekulo.com\/se\/produkt\/kazoo\/#breadcrumb\",\"itemListElement\":[{\"@type\":\"ListItem\",\"position\":1,\"name\":\"Home\",\"item\":\"https:\/\/mekulo.com\/se\/\"},{\"@type\":\"ListItem\",\"position\":2,\"name\":\"Butik\",\"item\":\"https:\/\/mekulo.com\/se\/butik\/\"},{\"@type\":\"ListItem\",\"position\":3,\"name\":\"Kazoo\"}]},{\"@type\":\"WebSite\",\"@id\":\"https:\/\/mekulo.com\/se\/#website\",\"url\":\"https:\/\/mekulo.com\/se\/\",\"name\":\"Mekulo SE\",\"description\":\"\",\"publisher\":{\"@id\":\"https:\/\/mekulo.com\/se\/#organization\"},\"potentialAction\":[{\"@type\":\"SearchAction\",\"target\":{\"@type\":\"EntryPoint\",\"urlTemplate\":\"https:\/\/mekulo.com\/se\/?s={search_term_string}\"},\"query-input\":{\"@type\":\"PropertyValueSpecification\",\"valueRequired\":true,\"valueName\":\"search_term_string\"}}],\"inLanguage\":\"en-US\"},{\"@type\":\"Organization\",\"@id\":\"https:\/\/mekulo.com\/se\/#organization\",\"name\":\"Mekulo\",\"url\":\"https:\/\/mekulo.com\/se\/\",\"logo\":{\"@type\":\"ImageObject\",\"inLanguage\":\"en-US\",\"@id\":\"https:\/\/mekulo.com\/se\/#\/schema\/logo\/image\/\",\"url\":\"https:\/\/mekulo.com\/se\/wp-content\/uploads\/sites\/11\/2025\/12\/favicon_mekulo.png\",\"contentUrl\":\"https:\/\/mekulo.com\/se\/wp-content\/uploads\/sites\/11\/2025\/12\/favicon_mekulo.png\",\"width\":50,\"height\":50,\"caption\":\"Mekulo\"},\"image\":{\"@id\":\"https:\/\/mekulo.com\/se\/#\/schema\/logo\/image\/\"}}]}<\/script>\n<!-- \/ Yoast SEO plugin. -->","yoast_head_json":{"title":"Kazoo - Mekulo SE","robots":{"index":"index","follow":"follow","max-snippet":"max-snippet:-1","max-image-preview":"max-image-preview:large","max-video-preview":"max-video-preview:-1"},"canonical":"https:\/\/mekulo.com\/se\/produkt\/kazoo\/","og_locale":"en_US","og_type":"article","og_title":"Kazoo - Mekulo SE","og_description":"Skapa musik direkt med denna l\u00e4ttanv\u00e4nda kazoo som f\u00f6rvandlar ditt hummande till en rolig, surrande melodi. Perfekt f\u00f6r nyb\u00f6rjare, barn och alla som vill njuta av musik utan att l\u00e4ra sig noter.","og_url":"https:\/\/mekulo.com\/se\/produkt\/kazoo\/","og_site_name":"Mekulo SE","article_modified_time":"2026-01-22T15:49:55+00:00","og_image":[{"width":1024,"height":1024,"url":"https:\/\/mekulo.com\/se\/wp-content\/uploads\/sites\/11\/2026\/01\/nif97t8-1.webp","type":"image\/webp"}],"twitter_card":"summary_large_image","twitter_misc":{"Est. reading time":"2 minutes"},"schema":{"@context":"https:\/\/schema.org","@graph":[{"@type":"WebPage","@id":"https:\/\/mekulo.com\/se\/produkt\/kazoo\/","url":"https:\/\/mekulo.com\/se\/produkt\/kazoo\/","name":"Kazoo - Mekulo SE","isPartOf":{"@id":"https:\/\/mekulo.com\/se\/#website"},"primaryImageOfPage":{"@id":"https:\/\/mekulo.com\/se\/produkt\/kazoo\/#primaryimage"},"image":{"@id":"https:\/\/mekulo.com\/se\/produkt\/kazoo\/#primaryimage"},"thumbnailUrl":"https:\/\/mekulo.com\/se\/wp-content\/uploads\/sites\/11\/2026\/01\/nif97t8-1.webp","datePublished":"2026-01-05T08:43:28+00:00","dateModified":"2026-01-22T15:49:55+00:00","breadcrumb":{"@id":"https:\/\/mekulo.com\/se\/produkt\/kazoo\/#breadcrumb"},"inLanguage":"en-US","potentialAction":[{"@type":"ReadAction","target":["https:\/\/mekulo.com\/se\/produkt\/kazoo\/"]}]},{"@type":"ImageObject","inLanguage":"en-US","@id":"https:\/\/mekulo.com\/se\/produkt\/kazoo\/#primaryimage","url":"https:\/\/mekulo.com\/se\/wp-content\/uploads\/sites\/11\/2026\/01\/nif97t8-1.webp","contentUrl":"https:\/\/mekulo.com\/se\/wp-content\/uploads\/sites\/11\/2026\/01\/nif97t8-1.webp","width":1024,"height":1024},{"@type":"BreadcrumbList","@id":"https:\/\/mekulo.com\/se\/produkt\/kazoo\/#breadcrumb","itemListElement":[{"@type":"ListItem","position":1,"name":"Home","item":"https:\/\/mekulo.com\/se\/"},{"@type":"ListItem","position":2,"name":"Butik","item":"https:\/\/mekulo.com\/se\/butik\/"},{"@type":"ListItem","position":3,"name":"Kazoo"}]},{"@type":"WebSite","@id":"https:\/\/mekulo.com\/se\/#website","url":"https:\/\/mekulo.com\/se\/","name":"Mekulo SE","description":"","publisher":{"@id":"https:\/\/mekulo.com\/se\/#organization"},"potentialAction":[{"@type":"SearchAction","target":{"@type":"EntryPoint","urlTemplate":"https:\/\/mekulo.com\/se\/?s={search_term_string}"},"query-input":{"@type":"PropertyValueSpecification","valueRequired":true,"valueName":"search_term_string"}}],"inLanguage":"en-US"},{"@type":"Organization","@id":"https:\/\/mekulo.com\/se\/#organization","name":"Mekulo","url":"https:\/\/mekulo.com\/se\/","logo":{"@type":"ImageObject","inLanguage":"en-US","@id":"https:\/\/mekulo.com\/se\/#\/schema\/logo\/image\/","url":"https:\/\/mekulo.com\/se\/wp-content\/uploads\/sites\/11\/2025\/12\/favicon_mekulo.png","contentUrl":"https:\/\/mekulo.com\/se\/wp-content\/uploads\/sites\/11\/2025\/12\/favicon_mekulo.png","width":50,"height":50,"caption":"Mekulo"},"image":{"@id":"https:\/\/mekulo.com\/se\/#\/schema\/logo\/image\/"}}]}},"_links":{"self":[{"href":"https:\/\/mekulo.com\/se\/wp-json\/wp\/v2\/product\/13673","targetHints":{"allow":["GET"]}}],"collection":[{"href":"https:\/\/mekulo.com\/se\/wp-json\/wp\/v2\/product"}],"about":[{"href":"https:\/\/mekulo.com\/se\/wp-json\/wp\/v2\/types\/product"}],"replies":[{"embeddable":true,"href":"https:\/\/mekulo.com\/se\/wp-json\/wp\/v2\/comments?post=13673"}],"wp:featuredmedia":[{"embeddable":true,"href":"https:\/\/mekulo.com\/se\/wp-json\/wp\/v2\/media\/13669"}],"wp:attachment":[{"href":"https:\/\/mekulo.com\/se\/wp-json\/wp\/v2\/media?parent=13673"}],"wp:term":[{"taxonomy":"product_brand","embeddable":true,"href":"https:\/\/mekulo.com\/se\/wp-json\/wp\/v2\/product_brand?post=13673"},{"taxonomy":"product_cat","embeddable":true,"href":"https:\/\/mekulo.com\/se\/wp-json\/wp\/v2\/product_cat?post=13673"},{"taxonomy":"product_tag","embeddable":true,"href":"https:\/\/mekulo.com\/se\/wp-json\/wp\/v2\/product_tag?post=13673"}],"curies":[{"name":"wp","href":"https:\/\/api.w.org\/{rel}","templated":true}]}}