{"id":13645,"date":"2026-01-05T10:41:08","date_gmt":"2026-01-05T08:41:08","guid":{"rendered":"https:\/\/mekulo.com\/se\/produkt\/penna-for-tandblekning\/"},"modified":"2026-01-22T17:49:56","modified_gmt":"2026-01-22T15:49:56","slug":"penna-for-tandblekning","status":"publish","type":"product","link":"https:\/\/mekulo.com\/se\/produkt\/penna-for-tandblekning\/","title":{"rendered":"Penna f\u00f6r tandblekning"},"content":{"rendered":"<p style=\"text-align: center;\"><strong>\ud83d\ude01 Ljusa Upp Ditt Leende \u2013 Med En Tandblekningspenna! \ud83e\uddb7<\/strong><\/p>\n<p style=\"text-align: center;\"><span style=\"font-weight: 400;\">Den h\u00e4r kraftfulla blekningspennan tar bort \u00e5r av fl\u00e4ckar fr\u00e5n kaffe, te, vin och mer. F\u00e5 ett friskt, ljust leende utan att spendera en f\u00f6rm\u00f6genhet hos tandl\u00e4karen!<\/span><\/p>\n<p><img decoding=\"async\" class=\"size-full wp-image-16178 aligncenter\" src=\"https:\/\/keluvo.com\/template\/wp-content\/uploads\/sites\/5\/2025\/04\/teethpen1-ezgif.com-video-to-webp-converter.webp\" alt=\"\" \/><\/p>\n<h2 style=\"text-align: center;\">Huvudf\u00f6rdelar<\/h2>\n<p><b><\/b> \u2705 Tar Bort \u00c5r Av Fl\u00e4ckar \u2013 Bek\u00e4mpar missf\u00e4rgning fr\u00e5n vardagliga livsmedel och drycker<\/p>\n<p>\u2705 Naturliga Ingredienser \u2013 Pepparmynta, sorbitol, vitamin E<\/p>\n<p>\u2705 Snabba Resultat Hemma \u2013 Inga tandl\u00e4karbes\u00f6k beh\u00f6vs<\/p>\n<p>\u2705 Enkel Applicering Med Borste \u2013 n\u00e5r varje h\u00f6rn av t\u00e4nderna<\/p>\n<p>\u2705 S\u00e4ker Och Skonsam \u2013 bleker utan att skada tandk\u00f6tt eller t\u00e4nder<\/p>\n<p>\u2705 F\u00e4rsk Mintsmak \u2013 h\u00e5ller munnen ren och fr\u00e4sch<\/p>\n<p><img decoding=\"async\" class=\"size-full wp-image-16177 aligncenter\" src=\"https:\/\/keluvo.com\/template\/wp-content\/uploads\/sites\/5\/2025\/04\/teethpen2-ezgif.com-video-to-webp-converter.webp\" alt=\"\" \/><\/p>\n<h2 style=\"text-align: center;\">Enkel och prisv\u00e4rd<\/h2>\n<p style=\"text-align: center;\"><span style=\"font-weight: 400;\">Den h\u00e4r blekningspennan ger dig ett snabbt och prisv\u00e4rt s\u00e4tt att f\u00e5 ett ljusare leende. Den \u00e4r utformad med en vridbar borste f\u00f6r enkel och exakt anv\u00e4ndning och \u00e4r perfekt f\u00f6r upptagna vuxna som vill ha professionella resultat hemma. S\u00e4ker, enkel och resev\u00e4nlig &#8211; det \u00e4r din nya leendehemlighet!<\/span><\/p>\n<p><img decoding=\"async\" class=\"size-full wp-image-15901 aligncenter\" src=\"https:\/\/keluvo.com\/template\/wp-content\/uploads\/sites\/5\/2025\/04\/main-image-3-23.jpeg\" alt=\"\" \/><\/p>\n<h2 style=\"text-align: center;\">Anv\u00e4ndning<\/h2>\n<ol>\n<li style=\"font-weight: 400;\"><span style=\"font-weight: 400;\">Borsta t\u00e4nderna och anv\u00e4nd tandtr\u00e5d<\/span><\/li>\n<li style=\"font-weight: 400;\"><span style=\"font-weight: 400;\">Torka t\u00e4nderna med en pappershandduk<\/span><\/li>\n<li style=\"font-weight: 400;\"><span style=\"font-weight: 400;\">Vrid pennans undersida tills gelen dyker upp p\u00e5 borsten<\/span><\/li>\n<li style=\"font-weight: 400;\"><span style=\"font-weight: 400;\">Applicera ett tunt lager gel p\u00e5 varje tand (undvik tandk\u00f6ttet)<\/span><\/li>\n<li style=\"font-weight: 400;\"><span style=\"font-weight: 400;\">Slappna av i l\u00e4pparna efter 30 sekunder<\/span><\/li>\n<li style=\"font-weight: 400;\"><span style=\"font-weight: 400;\">Undvik att \u00e4ta eller dricka i 30 minuter<\/span><\/li>\n<li style=\"font-weight: 400;\"><span style=\"font-weight: 400;\">Anv\u00e4nd tv\u00e5 g\u00e5nger dagligen tills du n\u00e5r \u00f6nskad vithet<\/span><\/li>\n<\/ol>\n<h2 style=\"text-align: center;\">F\u00f6rpackningen inneh\u00e5ller<b><\/b><\/h2>\n<ul>\n<li style=\"font-weight: 400;\"><span style=\"font-weight: 400;\">1\/2\/4 tandblekningspennor (beroende p\u00e5 ditt val)<\/span><\/li>\n<li style=\"font-weight: 400;\"><span style=\"font-weight: 400;\">Varje l\u00e5da inneh\u00e5ller en 3 g tandblekningsborste<\/span><\/li>\n<li style=\"font-weight: 400;\"><span style=\"font-weight: 400;\">Frisk gel med mintsmak.<\/span><\/li>\n<\/ul>\n","protected":false},"excerpt":{"rendered":"<p>En praktisk tandblekningspenna som \u00e4r utformad f\u00f6r att ta bort fl\u00e4ckar fr\u00e5n kaffe, te, vin och vardagsmat. Formeln som borstas p\u00e5 tar bort missf\u00e4rgningar och ger synliga resultat utan tandl\u00e4karbes\u00f6k, samtidigt som den \u00e4r skonsam mot t\u00e4nder och tandk\u00f6tt. Den \u00e4r kompakt och enkel att anv\u00e4nda och hj\u00e4lper till att bibeh\u00e5lla ett renare och ljusare leende n\u00e4r som helst och var som helst.<\/p>\n","protected":false},"featured_media":13642,"comment_status":"open","ping_status":"closed","template":"","meta":{"site-sidebar-layout":"default","site-content-layout":"","ast-site-content-layout":"default","site-content-style":"default","site-sidebar-style":"default","ast-global-header-display":"","ast-banner-title-visibility":"","ast-main-header-display":"","ast-hfb-above-header-display":"","ast-hfb-below-header-display":"","ast-hfb-mobile-header-display":"","site-post-title":"","ast-breadcrumbs-content":"","ast-featured-img":"","footer-sml-layout":"","theme-transparent-header-meta":"default","adv-header-id-meta":"","stick-header-meta":"","header-above-stick-meta":"","header-main-stick-meta":"","header-below-stick-meta":"","astra-migrate-meta-layouts":"set","ast-page-background-enabled":"default","ast-page-background-meta":{"desktop":{"background-color":"var(--ast-global-color-5)","background-image":"","background-repeat":"repeat","background-position":"center center","background-size":"auto","background-attachment":"scroll","background-type":"","background-media":"","overlay-type":"","overlay-color":"","overlay-opacity":"","overlay-gradient":""},"tablet":{"background-color":"","background-image":"","background-repeat":"repeat","background-position":"center center","background-size":"auto","background-attachment":"scroll","background-type":"","background-media":"","overlay-type":"","overlay-color":"","overlay-opacity":"","overlay-gradient":""},"mobile":{"background-color":"","background-image":"","background-repeat":"repeat","background-position":"center center","background-size":"auto","background-attachment":"scroll","background-type":"","background-media":"","overlay-type":"","overlay-color":"","overlay-opacity":"","overlay-gradient":""}},"ast-content-background-meta":{"desktop":{"background-color":"var(--ast-global-color-4)","background-image":"","background-repeat":"repeat","background-position":"center center","background-size":"auto","background-attachment":"scroll","background-type":"","background-media":"","overlay-type":"","overlay-color":"","overlay-opacity":"","overlay-gradient":""},"tablet":{"background-color":"var(--ast-global-color-4)","background-image":"","background-repeat":"repeat","background-position":"center center","background-size":"auto","background-attachment":"scroll","background-type":"","background-media":"","overlay-type":"","overlay-color":"","overlay-opacity":"","overlay-gradient":""},"mobile":{"background-color":"var(--ast-global-color-4)","background-image":"","background-repeat":"repeat","background-position":"center center","background-size":"auto","background-attachment":"scroll","background-type":"","background-media":"","overlay-type":"","overlay-color":"","overlay-opacity":"","overlay-gradient":""}}},"product_brand":[],"product_cat":[15],"product_tag":[],"class_list":{"0":"post-13645","1":"product","2":"type-product","3":"status-publish","4":"has-post-thumbnail","6":"product_cat-uncategorized","7":"pa_48089_qfjn4wk3-1-st","8":"pa_48089_qfjn4wk3-2-st","9":"pa_48089_qfjn4wk3-4-st","10":"desktop-align-left","11":"tablet-align-left","12":"mobile-align-left","14":"first","15":"instock","16":"shipping-taxable","17":"purchasable","18":"product-type-variable"},"yoast_head":"<!-- This site is optimized with the Yoast SEO plugin v26.6 - https:\/\/yoast.com\/wordpress\/plugins\/seo\/ -->\n<title>Penna f\u00f6r tandblekning - Mekulo SE<\/title>\n<meta name=\"robots\" content=\"index, follow, max-snippet:-1, max-image-preview:large, max-video-preview:-1\" \/>\n<link rel=\"canonical\" href=\"https:\/\/mekulo.com\/se\/produkt\/penna-for-tandblekning\/\" \/>\n<meta property=\"og:locale\" content=\"sv_SE\" \/>\n<meta property=\"og:type\" content=\"article\" \/>\n<meta property=\"og:title\" content=\"Penna f\u00f6r tandblekning - Mekulo SE\" \/>\n<meta property=\"og:description\" content=\"En praktisk tandblekningspenna som \u00e4r utformad f\u00f6r att ta bort fl\u00e4ckar fr\u00e5n kaffe, te, vin och vardagsmat. Formeln som borstas p\u00e5 tar bort missf\u00e4rgningar och ger synliga resultat utan tandl\u00e4karbes\u00f6k, samtidigt som den \u00e4r skonsam mot t\u00e4nder och tandk\u00f6tt. Den \u00e4r kompakt och enkel att anv\u00e4nda och hj\u00e4lper till att bibeh\u00e5lla ett renare och ljusare leende n\u00e4r som helst och var som helst.\" \/>\n<meta property=\"og:url\" content=\"https:\/\/mekulo.com\/se\/produkt\/penna-for-tandblekning\/\" \/>\n<meta property=\"og:site_name\" content=\"Mekulo SE\" \/>\n<meta property=\"article:modified_time\" content=\"2026-01-22T15:49:56+00:00\" \/>\n<meta property=\"og:image\" content=\"https:\/\/mekulo.com\/se\/wp-content\/uploads\/sites\/11\/2026\/01\/cjen7rp-1.jpeg\" \/>\n\t<meta property=\"og:image:width\" content=\"1600\" \/>\n\t<meta property=\"og:image:height\" content=\"1600\" \/>\n\t<meta property=\"og:image:type\" content=\"image\/jpeg\" \/>\n<meta name=\"twitter:card\" content=\"summary_large_image\" \/>\n<meta name=\"twitter:label1\" content=\"Ber\u00e4knad l\u00e4stid\" \/>\n\t<meta name=\"twitter:data1\" content=\"2 minuter\" \/>\n<script type=\"application\/ld+json\" class=\"yoast-schema-graph\">{\"@context\":\"https:\/\/schema.org\",\"@graph\":[{\"@type\":\"WebPage\",\"@id\":\"https:\/\/mekulo.com\/se\/produkt\/penna-for-tandblekning\/\",\"url\":\"https:\/\/mekulo.com\/se\/produkt\/penna-for-tandblekning\/\",\"name\":\"Penna f\u00f6r tandblekning - Mekulo SE\",\"isPartOf\":{\"@id\":\"https:\/\/mekulo.com\/se\/#website\"},\"primaryImageOfPage\":{\"@id\":\"https:\/\/mekulo.com\/se\/produkt\/penna-for-tandblekning\/#primaryimage\"},\"image\":{\"@id\":\"https:\/\/mekulo.com\/se\/produkt\/penna-for-tandblekning\/#primaryimage\"},\"thumbnailUrl\":\"https:\/\/mekulo.com\/se\/wp-content\/uploads\/sites\/11\/2026\/01\/cjen7rp-1.jpeg\",\"datePublished\":\"2026-01-05T08:41:08+00:00\",\"dateModified\":\"2026-01-22T15:49:56+00:00\",\"breadcrumb\":{\"@id\":\"https:\/\/mekulo.com\/se\/produkt\/penna-for-tandblekning\/#breadcrumb\"},\"inLanguage\":\"sv-SE\",\"potentialAction\":[{\"@type\":\"ReadAction\",\"target\":[\"https:\/\/mekulo.com\/se\/produkt\/penna-for-tandblekning\/\"]}]},{\"@type\":\"ImageObject\",\"inLanguage\":\"sv-SE\",\"@id\":\"https:\/\/mekulo.com\/se\/produkt\/penna-for-tandblekning\/#primaryimage\",\"url\":\"https:\/\/mekulo.com\/se\/wp-content\/uploads\/sites\/11\/2026\/01\/cjen7rp-1.jpeg\",\"contentUrl\":\"https:\/\/mekulo.com\/se\/wp-content\/uploads\/sites\/11\/2026\/01\/cjen7rp-1.jpeg\",\"width\":1600,\"height\":1600},{\"@type\":\"BreadcrumbList\",\"@id\":\"https:\/\/mekulo.com\/se\/produkt\/penna-for-tandblekning\/#breadcrumb\",\"itemListElement\":[{\"@type\":\"ListItem\",\"position\":1,\"name\":\"Home\",\"item\":\"https:\/\/mekulo.com\/se\/\"},{\"@type\":\"ListItem\",\"position\":2,\"name\":\"Butik\",\"item\":\"https:\/\/mekulo.com\/se\/butik\/\"},{\"@type\":\"ListItem\",\"position\":3,\"name\":\"Penna f\u00f6r tandblekning\"}]},{\"@type\":\"WebSite\",\"@id\":\"https:\/\/mekulo.com\/se\/#website\",\"url\":\"https:\/\/mekulo.com\/se\/\",\"name\":\"Mekulo SE\",\"description\":\"\",\"publisher\":{\"@id\":\"https:\/\/mekulo.com\/se\/#organization\"},\"potentialAction\":[{\"@type\":\"SearchAction\",\"target\":{\"@type\":\"EntryPoint\",\"urlTemplate\":\"https:\/\/mekulo.com\/se\/?s={search_term_string}\"},\"query-input\":{\"@type\":\"PropertyValueSpecification\",\"valueRequired\":true,\"valueName\":\"search_term_string\"}}],\"inLanguage\":\"sv-SE\"},{\"@type\":\"Organization\",\"@id\":\"https:\/\/mekulo.com\/se\/#organization\",\"name\":\"Mekulo\",\"url\":\"https:\/\/mekulo.com\/se\/\",\"logo\":{\"@type\":\"ImageObject\",\"inLanguage\":\"sv-SE\",\"@id\":\"https:\/\/mekulo.com\/se\/#\/schema\/logo\/image\/\",\"url\":\"https:\/\/mekulo.com\/se\/wp-content\/uploads\/sites\/11\/2025\/12\/favicon_mekulo.png\",\"contentUrl\":\"https:\/\/mekulo.com\/se\/wp-content\/uploads\/sites\/11\/2025\/12\/favicon_mekulo.png\",\"width\":50,\"height\":50,\"caption\":\"Mekulo\"},\"image\":{\"@id\":\"https:\/\/mekulo.com\/se\/#\/schema\/logo\/image\/\"}}]}<\/script>\n<!-- \/ Yoast SEO plugin. -->","yoast_head_json":{"title":"Penna f\u00f6r tandblekning - Mekulo SE","robots":{"index":"index","follow":"follow","max-snippet":"max-snippet:-1","max-image-preview":"max-image-preview:large","max-video-preview":"max-video-preview:-1"},"canonical":"https:\/\/mekulo.com\/se\/produkt\/penna-for-tandblekning\/","og_locale":"sv_SE","og_type":"article","og_title":"Penna f\u00f6r tandblekning - Mekulo SE","og_description":"En praktisk tandblekningspenna som \u00e4r utformad f\u00f6r att ta bort fl\u00e4ckar fr\u00e5n kaffe, te, vin och vardagsmat. Formeln som borstas p\u00e5 tar bort missf\u00e4rgningar och ger synliga resultat utan tandl\u00e4karbes\u00f6k, samtidigt som den \u00e4r skonsam mot t\u00e4nder och tandk\u00f6tt. Den \u00e4r kompakt och enkel att anv\u00e4nda och hj\u00e4lper till att bibeh\u00e5lla ett renare och ljusare leende n\u00e4r som helst och var som helst.","og_url":"https:\/\/mekulo.com\/se\/produkt\/penna-for-tandblekning\/","og_site_name":"Mekulo SE","article_modified_time":"2026-01-22T15:49:56+00:00","og_image":[{"width":1600,"height":1600,"url":"https:\/\/mekulo.com\/se\/wp-content\/uploads\/sites\/11\/2026\/01\/cjen7rp-1.jpeg","type":"image\/jpeg"}],"twitter_card":"summary_large_image","twitter_misc":{"Ber\u00e4knad l\u00e4stid":"2 minuter"},"schema":{"@context":"https:\/\/schema.org","@graph":[{"@type":"WebPage","@id":"https:\/\/mekulo.com\/se\/produkt\/penna-for-tandblekning\/","url":"https:\/\/mekulo.com\/se\/produkt\/penna-for-tandblekning\/","name":"Penna f\u00f6r tandblekning - Mekulo SE","isPartOf":{"@id":"https:\/\/mekulo.com\/se\/#website"},"primaryImageOfPage":{"@id":"https:\/\/mekulo.com\/se\/produkt\/penna-for-tandblekning\/#primaryimage"},"image":{"@id":"https:\/\/mekulo.com\/se\/produkt\/penna-for-tandblekning\/#primaryimage"},"thumbnailUrl":"https:\/\/mekulo.com\/se\/wp-content\/uploads\/sites\/11\/2026\/01\/cjen7rp-1.jpeg","datePublished":"2026-01-05T08:41:08+00:00","dateModified":"2026-01-22T15:49:56+00:00","breadcrumb":{"@id":"https:\/\/mekulo.com\/se\/produkt\/penna-for-tandblekning\/#breadcrumb"},"inLanguage":"sv-SE","potentialAction":[{"@type":"ReadAction","target":["https:\/\/mekulo.com\/se\/produkt\/penna-for-tandblekning\/"]}]},{"@type":"ImageObject","inLanguage":"sv-SE","@id":"https:\/\/mekulo.com\/se\/produkt\/penna-for-tandblekning\/#primaryimage","url":"https:\/\/mekulo.com\/se\/wp-content\/uploads\/sites\/11\/2026\/01\/cjen7rp-1.jpeg","contentUrl":"https:\/\/mekulo.com\/se\/wp-content\/uploads\/sites\/11\/2026\/01\/cjen7rp-1.jpeg","width":1600,"height":1600},{"@type":"BreadcrumbList","@id":"https:\/\/mekulo.com\/se\/produkt\/penna-for-tandblekning\/#breadcrumb","itemListElement":[{"@type":"ListItem","position":1,"name":"Home","item":"https:\/\/mekulo.com\/se\/"},{"@type":"ListItem","position":2,"name":"Butik","item":"https:\/\/mekulo.com\/se\/butik\/"},{"@type":"ListItem","position":3,"name":"Penna f\u00f6r tandblekning"}]},{"@type":"WebSite","@id":"https:\/\/mekulo.com\/se\/#website","url":"https:\/\/mekulo.com\/se\/","name":"Mekulo SE","description":"","publisher":{"@id":"https:\/\/mekulo.com\/se\/#organization"},"potentialAction":[{"@type":"SearchAction","target":{"@type":"EntryPoint","urlTemplate":"https:\/\/mekulo.com\/se\/?s={search_term_string}"},"query-input":{"@type":"PropertyValueSpecification","valueRequired":true,"valueName":"search_term_string"}}],"inLanguage":"sv-SE"},{"@type":"Organization","@id":"https:\/\/mekulo.com\/se\/#organization","name":"Mekulo","url":"https:\/\/mekulo.com\/se\/","logo":{"@type":"ImageObject","inLanguage":"sv-SE","@id":"https:\/\/mekulo.com\/se\/#\/schema\/logo\/image\/","url":"https:\/\/mekulo.com\/se\/wp-content\/uploads\/sites\/11\/2025\/12\/favicon_mekulo.png","contentUrl":"https:\/\/mekulo.com\/se\/wp-content\/uploads\/sites\/11\/2025\/12\/favicon_mekulo.png","width":50,"height":50,"caption":"Mekulo"},"image":{"@id":"https:\/\/mekulo.com\/se\/#\/schema\/logo\/image\/"}}]}},"_links":{"self":[{"href":"https:\/\/mekulo.com\/se\/wp-json\/wp\/v2\/product\/13645","targetHints":{"allow":["GET"]}}],"collection":[{"href":"https:\/\/mekulo.com\/se\/wp-json\/wp\/v2\/product"}],"about":[{"href":"https:\/\/mekulo.com\/se\/wp-json\/wp\/v2\/types\/product"}],"replies":[{"embeddable":true,"href":"https:\/\/mekulo.com\/se\/wp-json\/wp\/v2\/comments?post=13645"}],"wp:featuredmedia":[{"embeddable":true,"href":"https:\/\/mekulo.com\/se\/wp-json\/wp\/v2\/media\/13642"}],"wp:attachment":[{"href":"https:\/\/mekulo.com\/se\/wp-json\/wp\/v2\/media?parent=13645"}],"wp:term":[{"taxonomy":"product_brand","embeddable":true,"href":"https:\/\/mekulo.com\/se\/wp-json\/wp\/v2\/product_brand?post=13645"},{"taxonomy":"product_cat","embeddable":true,"href":"https:\/\/mekulo.com\/se\/wp-json\/wp\/v2\/product_cat?post=13645"},{"taxonomy":"product_tag","embeddable":true,"href":"https:\/\/mekulo.com\/se\/wp-json\/wp\/v2\/product_tag?post=13645"}],"curies":[{"name":"wp","href":"https:\/\/api.w.org\/{rel}","templated":true}]}}