{"id":13523,"date":"2026-01-05T10:34:29","date_gmt":"2026-01-05T08:34:29","guid":{"rendered":"https:\/\/mekulo.com\/se\/produkt\/foderautomat-for-husdjur-med-gravitation-och-vattendispenser\/"},"modified":"2026-01-05T21:00:12","modified_gmt":"2026-01-05T19:00:12","slug":"foderautomat-for-husdjur-med-gravitation-och-vattendispenser","status":"publish","type":"product","link":"https:\/\/mekulo.com\/se\/produkt\/foderautomat-for-husdjur-med-gravitation-och-vattendispenser\/","title":{"rendered":"Foderautomat f\u00f6r husdjur med gravitation och vattendispenser"},"content":{"rendered":"<p style=\"text-align: center;\" data-start=\"0\" data-end=\"60\"><strong data-start=\"0\" data-end=\"60\">H\u00e5ll Ditt Husdjur M\u00e4tt Och Hydrerat Hela Dagen Utan Kr\u00e5ngel.<\/strong><span style=\"font-size: 16px; font-style: normal; font-weight: 400;\">\ud83d\udc3e\u00a0<\/span><\/p>\n<p style=\"text-align: center;\" data-start=\"62\" data-end=\"329\">Denna djurmatare med vattendispenser fyller automatiskt p\u00e5 mat och vatten med hj\u00e4lp av tyngdkraften, s\u00e5 att din katt eller hund alltid har tillg\u00e5ng till f\u00e4rsk mat och rent vatten. Den dubbla tankdesignen h\u00e5ller mat och vatten \u00e5tskilda samtidigt som den uppr\u00e4tth\u00e5ller ett snyggt och hygieniskt matningsomr\u00e5de. Den h\u00e4r mataren \u00e4r perfekt f\u00f6r upptagna djur\u00e4gare, eftersom den minskar antalet dagliga p\u00e5fyllningar och hj\u00e4lper till att uppr\u00e4tth\u00e5lla en konsekvent matningsrutin. Den synliga skalan g\u00f6r att du kan kontrollera niv\u00e5erna med en \u00f6verblick, medan antim\u00f6geltekniken h\u00e5ller mat och vatten fr\u00e4scht l\u00e4ngre.<\/p>\n<p data-start=\"62\" data-end=\"329\"><img fetchpriority=\"high\" decoding=\"async\" class=\"size-full wp-image-46507 aligncenter\" src=\"https:\/\/keluvo.com\/template\/wp-content\/uploads\/sites\/5\/2025\/12\/102216-ezgif.com-video-to-webp-converter-5.webp\" alt=\"\" width=\"500\" height=\"500\" \/><\/p>\n<h2 style=\"text-align: center;\" data-start=\"598\" data-end=\"617\">\u2b50 Huvudf\u00f6rdelar<\/h2>\n<p data-start=\"620\" data-end=\"693\">\ud83c\udf00 Gravitationsmatat system \u2013 Automatisk p\u00e5fyllning utan behov av el.<\/p>\n<p data-start=\"696\" data-end=\"761\">\ud83d\udc40 Synlig skala \u2013 Enkel \u00f6vervakning av mat- och vattenniv\u00e5er.<\/p>\n<p data-start=\"764\" data-end=\"824\">\ud83e\uddfc Anti-m\u00f6gel design \u2013 H\u00e5ller utfodringen ren och hygienisk.<\/p>\n<p data-start=\"764\" data-end=\"824\">\ud83d\udc36\ud83d\udc31 F\u00f6r katter och hundar \u2013 Passar flera olika storlekar p\u00e5 husdjur.<\/p>\n<p data-start=\"892\" data-end=\"947\">\ud83c\udfe0 Kompakt &amp; l\u00e4ttvikt \u2013 L\u00e4tt att placera var som helst.<\/p>\n<p data-start=\"892\" data-end=\"947\"><img decoding=\"async\" class=\"size-full wp-image-46506 aligncenter\" src=\"https:\/\/keluvo.com\/template\/wp-content\/uploads\/sites\/5\/2025\/12\/102217-ezgif.com-video-to-webp-converter-4.webp\" alt=\"\" width=\"500\" height=\"500\" \/><\/p>\n<h2 style=\"text-align: center;\" data-start=\"949\" data-end=\"966\">\ud83e\udde9 Hur man anv\u00e4nder<\/h2>\n<ol data-start=\"967\" data-end=\"1110\">\n<li data-start=\"967\" data-end=\"1002\">\n<p data-start=\"970\" data-end=\"1002\">\u00d6ppna mat- och vattentankarna.<\/p>\n<\/li>\n<li data-start=\"1003\" data-end=\"1043\">\n<p data-start=\"1006\" data-end=\"1043\">Fyll p\u00e5 med torrfoder och rent vatten.<\/p>\n<\/li>\n<li data-start=\"1044\" data-end=\"1080\">\n<p data-start=\"1047\" data-end=\"1080\">S\u00e4tt tillbaka tankarna p\u00e5 plats.<\/p>\n<\/li>\n<li data-start=\"1081\" data-end=\"1110\">\n<p data-start=\"1084\" data-end=\"1110\">L\u00e5t gravitationen g\u00f6ra jobbet.<\/p>\n<\/li>\n<\/ol>\n<h2 style=\"text-align: center;\" data-start=\"1112\" data-end=\"1134\">\ud83d\udccf Produktdetaljer<\/h2>\n<ul data-start=\"1135\" data-end=\"1363\">\n<li data-start=\"1196\" data-end=\"1225\">\n<p data-start=\"1198\" data-end=\"1225\">Material: Slitstark plast<\/p>\n<\/li>\n<li data-start=\"1226\" data-end=\"1266\">\n<p data-start=\"1228\" data-end=\"1266\">Design: Dubbel tank med synlig skala<\/p>\n<\/li>\n<li data-start=\"1267\" data-end=\"1301\">\n<p data-start=\"1269\" data-end=\"1301\">Funktioner: Anti-m\u00f6gelteknik<\/p>\n<\/li>\n<li data-start=\"1302\" data-end=\"1333\">\n<p data-start=\"1304\" data-end=\"1333\">L\u00e4mplig f\u00f6r: Katter och hundar<\/p>\n<\/li>\n<li data-start=\"1334\" data-end=\"1363\">\n<p data-start=\"1336\" data-end=\"1363\">Stil: Modern och kompakt<\/p>\n<\/li>\n<li data-start=\"1334\" data-end=\"1363\">Storlek: 27 x 27 x 24 cm<\/li>\n<\/ul>\n<h2 style=\"text-align: center;\" data-start=\"1365\" data-end=\"1388\">\ud83d\udce6 Paketet inneh\u00e5ller<\/h2>\n<ul data-start=\"1389\" data-end=\"1445\" data-is-last-node=\"\" data-is-only-node=\"\">\n<li data-start=\"1389\" data-end=\"1415\">\n<p data-start=\"1391\" data-end=\"1415\">1x gravitationsmatare f\u00f6r husdjur med vattendispenser.<\/p>\n<\/li>\n<\/ul>\n","protected":false},"excerpt":{"rendered":"<p>En foderautomat med inbyggd vattendispenser som automatiskt fyller p\u00e5 foder och vatten n\u00e4r ditt husdjur \u00e4ter och dricker. Den kr\u00e4ver ingen elektricitet, h\u00e5ller utfodringsomr\u00e5det rent och hygieniskt och m\u00f6jligg\u00f6r enkel niv\u00e5\u00f6vervakning. Den \u00e4r idealisk f\u00f6r katter och hundar och hj\u00e4lper till att uppr\u00e4tth\u00e5lla en konsekvent utfodringsrutin med minimal anstr\u00e4ngning.<\/p>\n","protected":false},"featured_media":13519,"comment_status":"open","ping_status":"closed","template":"","meta":{"site-sidebar-layout":"default","site-content-layout":"","ast-site-content-layout":"default","site-content-style":"default","site-sidebar-style":"default","ast-global-header-display":"","ast-banner-title-visibility":"","ast-main-header-display":"","ast-hfb-above-header-display":"","ast-hfb-below-header-display":"","ast-hfb-mobile-header-display":"","site-post-title":"","ast-breadcrumbs-content":"","ast-featured-img":"","footer-sml-layout":"","theme-transparent-header-meta":"default","adv-header-id-meta":"","stick-header-meta":"","header-above-stick-meta":"","header-main-stick-meta":"","header-below-stick-meta":"","astra-migrate-meta-layouts":"set","ast-page-background-enabled":"default","ast-page-background-meta":{"desktop":{"background-color":"var(--ast-global-color-5)","background-image":"","background-repeat":"repeat","background-position":"center center","background-size":"auto","background-attachment":"scroll","background-type":"","background-media":"","overlay-type":"","overlay-color":"","overlay-opacity":"","overlay-gradient":""},"tablet":{"background-color":"","background-image":"","background-repeat":"repeat","background-position":"center center","background-size":"auto","background-attachment":"scroll","background-type":"","background-media":"","overlay-type":"","overlay-color":"","overlay-opacity":"","overlay-gradient":""},"mobile":{"background-color":"","background-image":"","background-repeat":"repeat","background-position":"center center","background-size":"auto","background-attachment":"scroll","background-type":"","background-media":"","overlay-type":"","overlay-color":"","overlay-opacity":"","overlay-gradient":""}},"ast-content-background-meta":{"desktop":{"background-color":"var(--ast-global-color-4)","background-image":"","background-repeat":"repeat","background-position":"center center","background-size":"auto","background-attachment":"scroll","background-type":"","background-media":"","overlay-type":"","overlay-color":"","overlay-opacity":"","overlay-gradient":""},"tablet":{"background-color":"var(--ast-global-color-4)","background-image":"","background-repeat":"repeat","background-position":"center center","background-size":"auto","background-attachment":"scroll","background-type":"","background-media":"","overlay-type":"","overlay-color":"","overlay-opacity":"","overlay-gradient":""},"mobile":{"background-color":"var(--ast-global-color-4)","background-image":"","background-repeat":"repeat","background-position":"center center","background-size":"auto","background-attachment":"scroll","background-type":"","background-media":"","overlay-type":"","overlay-color":"","overlay-opacity":"","overlay-gradient":""}}},"product_brand":[],"product_cat":[15],"product_tag":[],"class_list":{"0":"post-13523","1":"product","2":"type-product","3":"status-publish","4":"has-post-thumbnail","6":"product_cat-uncategorized","7":"pa_62014_8pb07mxa-bla","8":"pa_62014_8pb07mxa-gra","9":"pa_62014_8pb07mxa-gron","10":"pa_62014_8pb07mxa-gul","11":"desktop-align-left","12":"tablet-align-left","13":"mobile-align-left","15":"first","16":"instock","17":"shipping-taxable","18":"purchasable","19":"product-type-variable"},"yoast_head":"<!-- This site is optimized with the Yoast SEO plugin v26.6 - https:\/\/yoast.com\/wordpress\/plugins\/seo\/ -->\n<title>Foderautomat f\u00f6r husdjur med gravitation och vattendispenser - Mekulo SE<\/title>\n<meta name=\"robots\" content=\"index, follow, max-snippet:-1, max-image-preview:large, max-video-preview:-1\" \/>\n<link rel=\"canonical\" href=\"https:\/\/mekulo.com\/se\/produkt\/foderautomat-for-husdjur-med-gravitation-och-vattendispenser\/\" \/>\n<meta property=\"og:locale\" content=\"sv_SE\" \/>\n<meta property=\"og:type\" content=\"article\" \/>\n<meta property=\"og:title\" content=\"Foderautomat f\u00f6r husdjur med gravitation och vattendispenser - Mekulo SE\" \/>\n<meta property=\"og:description\" content=\"En foderautomat med inbyggd vattendispenser som automatiskt fyller p\u00e5 foder och vatten n\u00e4r ditt husdjur \u00e4ter och dricker. Den kr\u00e4ver ingen elektricitet, h\u00e5ller utfodringsomr\u00e5det rent och hygieniskt och m\u00f6jligg\u00f6r enkel niv\u00e5\u00f6vervakning. Den \u00e4r idealisk f\u00f6r katter och hundar och hj\u00e4lper till att uppr\u00e4tth\u00e5lla en konsekvent utfodringsrutin med minimal anstr\u00e4ngning.\" \/>\n<meta property=\"og:url\" content=\"https:\/\/mekulo.com\/se\/produkt\/foderautomat-for-husdjur-med-gravitation-och-vattendispenser\/\" \/>\n<meta property=\"og:site_name\" content=\"Mekulo SE\" \/>\n<meta property=\"article:modified_time\" content=\"2026-01-05T19:00:12+00:00\" \/>\n<meta property=\"og:image\" content=\"https:\/\/mekulo.com\/se\/wp-content\/uploads\/sites\/11\/2026\/01\/oy7wqfm-1.webp\" \/>\n\t<meta property=\"og:image:width\" content=\"800\" \/>\n\t<meta property=\"og:image:height\" content=\"800\" \/>\n\t<meta property=\"og:image:type\" content=\"image\/webp\" \/>\n<meta name=\"twitter:card\" content=\"summary_large_image\" \/>\n<meta name=\"twitter:label1\" content=\"Ber\u00e4knad l\u00e4stid\" \/>\n\t<meta name=\"twitter:data1\" content=\"2 minuter\" \/>\n<script type=\"application\/ld+json\" class=\"yoast-schema-graph\">{\"@context\":\"https:\/\/schema.org\",\"@graph\":[{\"@type\":\"WebPage\",\"@id\":\"https:\/\/mekulo.com\/se\/produkt\/foderautomat-for-husdjur-med-gravitation-och-vattendispenser\/\",\"url\":\"https:\/\/mekulo.com\/se\/produkt\/foderautomat-for-husdjur-med-gravitation-och-vattendispenser\/\",\"name\":\"Foderautomat f\u00f6r husdjur med gravitation och vattendispenser - Mekulo SE\",\"isPartOf\":{\"@id\":\"https:\/\/mekulo.com\/se\/#website\"},\"primaryImageOfPage\":{\"@id\":\"https:\/\/mekulo.com\/se\/produkt\/foderautomat-for-husdjur-med-gravitation-och-vattendispenser\/#primaryimage\"},\"image\":{\"@id\":\"https:\/\/mekulo.com\/se\/produkt\/foderautomat-for-husdjur-med-gravitation-och-vattendispenser\/#primaryimage\"},\"thumbnailUrl\":\"https:\/\/mekulo.com\/se\/wp-content\/uploads\/sites\/11\/2026\/01\/oy7wqfm-1.webp\",\"datePublished\":\"2026-01-05T08:34:29+00:00\",\"dateModified\":\"2026-01-05T19:00:12+00:00\",\"breadcrumb\":{\"@id\":\"https:\/\/mekulo.com\/se\/produkt\/foderautomat-for-husdjur-med-gravitation-och-vattendispenser\/#breadcrumb\"},\"inLanguage\":\"sv-SE\",\"potentialAction\":[{\"@type\":\"ReadAction\",\"target\":[\"https:\/\/mekulo.com\/se\/produkt\/foderautomat-for-husdjur-med-gravitation-och-vattendispenser\/\"]}]},{\"@type\":\"ImageObject\",\"inLanguage\":\"sv-SE\",\"@id\":\"https:\/\/mekulo.com\/se\/produkt\/foderautomat-for-husdjur-med-gravitation-och-vattendispenser\/#primaryimage\",\"url\":\"https:\/\/mekulo.com\/se\/wp-content\/uploads\/sites\/11\/2026\/01\/oy7wqfm-1.webp\",\"contentUrl\":\"https:\/\/mekulo.com\/se\/wp-content\/uploads\/sites\/11\/2026\/01\/oy7wqfm-1.webp\",\"width\":800,\"height\":800},{\"@type\":\"BreadcrumbList\",\"@id\":\"https:\/\/mekulo.com\/se\/produkt\/foderautomat-for-husdjur-med-gravitation-och-vattendispenser\/#breadcrumb\",\"itemListElement\":[{\"@type\":\"ListItem\",\"position\":1,\"name\":\"Home\",\"item\":\"https:\/\/mekulo.com\/se\/\"},{\"@type\":\"ListItem\",\"position\":2,\"name\":\"Butik\",\"item\":\"https:\/\/mekulo.com\/se\/butik\/\"},{\"@type\":\"ListItem\",\"position\":3,\"name\":\"Foderautomat f\u00f6r husdjur med gravitation och vattendispenser\"}]},{\"@type\":\"WebSite\",\"@id\":\"https:\/\/mekulo.com\/se\/#website\",\"url\":\"https:\/\/mekulo.com\/se\/\",\"name\":\"Mekulo SE\",\"description\":\"\",\"publisher\":{\"@id\":\"https:\/\/mekulo.com\/se\/#organization\"},\"potentialAction\":[{\"@type\":\"SearchAction\",\"target\":{\"@type\":\"EntryPoint\",\"urlTemplate\":\"https:\/\/mekulo.com\/se\/?s={search_term_string}\"},\"query-input\":{\"@type\":\"PropertyValueSpecification\",\"valueRequired\":true,\"valueName\":\"search_term_string\"}}],\"inLanguage\":\"sv-SE\"},{\"@type\":\"Organization\",\"@id\":\"https:\/\/mekulo.com\/se\/#organization\",\"name\":\"Mekulo\",\"url\":\"https:\/\/mekulo.com\/se\/\",\"logo\":{\"@type\":\"ImageObject\",\"inLanguage\":\"sv-SE\",\"@id\":\"https:\/\/mekulo.com\/se\/#\/schema\/logo\/image\/\",\"url\":\"https:\/\/mekulo.com\/se\/wp-content\/uploads\/sites\/11\/2025\/12\/favicon_mekulo.png\",\"contentUrl\":\"https:\/\/mekulo.com\/se\/wp-content\/uploads\/sites\/11\/2025\/12\/favicon_mekulo.png\",\"width\":50,\"height\":50,\"caption\":\"Mekulo\"},\"image\":{\"@id\":\"https:\/\/mekulo.com\/se\/#\/schema\/logo\/image\/\"}}]}<\/script>\n<!-- \/ Yoast SEO plugin. -->","yoast_head_json":{"title":"Foderautomat f\u00f6r husdjur med gravitation och vattendispenser - Mekulo SE","robots":{"index":"index","follow":"follow","max-snippet":"max-snippet:-1","max-image-preview":"max-image-preview:large","max-video-preview":"max-video-preview:-1"},"canonical":"https:\/\/mekulo.com\/se\/produkt\/foderautomat-for-husdjur-med-gravitation-och-vattendispenser\/","og_locale":"sv_SE","og_type":"article","og_title":"Foderautomat f\u00f6r husdjur med gravitation och vattendispenser - Mekulo SE","og_description":"En foderautomat med inbyggd vattendispenser som automatiskt fyller p\u00e5 foder och vatten n\u00e4r ditt husdjur \u00e4ter och dricker. Den kr\u00e4ver ingen elektricitet, h\u00e5ller utfodringsomr\u00e5det rent och hygieniskt och m\u00f6jligg\u00f6r enkel niv\u00e5\u00f6vervakning. Den \u00e4r idealisk f\u00f6r katter och hundar och hj\u00e4lper till att uppr\u00e4tth\u00e5lla en konsekvent utfodringsrutin med minimal anstr\u00e4ngning.","og_url":"https:\/\/mekulo.com\/se\/produkt\/foderautomat-for-husdjur-med-gravitation-och-vattendispenser\/","og_site_name":"Mekulo SE","article_modified_time":"2026-01-05T19:00:12+00:00","og_image":[{"width":800,"height":800,"url":"https:\/\/mekulo.com\/se\/wp-content\/uploads\/sites\/11\/2026\/01\/oy7wqfm-1.webp","type":"image\/webp"}],"twitter_card":"summary_large_image","twitter_misc":{"Ber\u00e4knad l\u00e4stid":"2 minuter"},"schema":{"@context":"https:\/\/schema.org","@graph":[{"@type":"WebPage","@id":"https:\/\/mekulo.com\/se\/produkt\/foderautomat-for-husdjur-med-gravitation-och-vattendispenser\/","url":"https:\/\/mekulo.com\/se\/produkt\/foderautomat-for-husdjur-med-gravitation-och-vattendispenser\/","name":"Foderautomat f\u00f6r husdjur med gravitation och vattendispenser - Mekulo SE","isPartOf":{"@id":"https:\/\/mekulo.com\/se\/#website"},"primaryImageOfPage":{"@id":"https:\/\/mekulo.com\/se\/produkt\/foderautomat-for-husdjur-med-gravitation-och-vattendispenser\/#primaryimage"},"image":{"@id":"https:\/\/mekulo.com\/se\/produkt\/foderautomat-for-husdjur-med-gravitation-och-vattendispenser\/#primaryimage"},"thumbnailUrl":"https:\/\/mekulo.com\/se\/wp-content\/uploads\/sites\/11\/2026\/01\/oy7wqfm-1.webp","datePublished":"2026-01-05T08:34:29+00:00","dateModified":"2026-01-05T19:00:12+00:00","breadcrumb":{"@id":"https:\/\/mekulo.com\/se\/produkt\/foderautomat-for-husdjur-med-gravitation-och-vattendispenser\/#breadcrumb"},"inLanguage":"sv-SE","potentialAction":[{"@type":"ReadAction","target":["https:\/\/mekulo.com\/se\/produkt\/foderautomat-for-husdjur-med-gravitation-och-vattendispenser\/"]}]},{"@type":"ImageObject","inLanguage":"sv-SE","@id":"https:\/\/mekulo.com\/se\/produkt\/foderautomat-for-husdjur-med-gravitation-och-vattendispenser\/#primaryimage","url":"https:\/\/mekulo.com\/se\/wp-content\/uploads\/sites\/11\/2026\/01\/oy7wqfm-1.webp","contentUrl":"https:\/\/mekulo.com\/se\/wp-content\/uploads\/sites\/11\/2026\/01\/oy7wqfm-1.webp","width":800,"height":800},{"@type":"BreadcrumbList","@id":"https:\/\/mekulo.com\/se\/produkt\/foderautomat-for-husdjur-med-gravitation-och-vattendispenser\/#breadcrumb","itemListElement":[{"@type":"ListItem","position":1,"name":"Home","item":"https:\/\/mekulo.com\/se\/"},{"@type":"ListItem","position":2,"name":"Butik","item":"https:\/\/mekulo.com\/se\/butik\/"},{"@type":"ListItem","position":3,"name":"Foderautomat f\u00f6r husdjur med gravitation och vattendispenser"}]},{"@type":"WebSite","@id":"https:\/\/mekulo.com\/se\/#website","url":"https:\/\/mekulo.com\/se\/","name":"Mekulo SE","description":"","publisher":{"@id":"https:\/\/mekulo.com\/se\/#organization"},"potentialAction":[{"@type":"SearchAction","target":{"@type":"EntryPoint","urlTemplate":"https:\/\/mekulo.com\/se\/?s={search_term_string}"},"query-input":{"@type":"PropertyValueSpecification","valueRequired":true,"valueName":"search_term_string"}}],"inLanguage":"sv-SE"},{"@type":"Organization","@id":"https:\/\/mekulo.com\/se\/#organization","name":"Mekulo","url":"https:\/\/mekulo.com\/se\/","logo":{"@type":"ImageObject","inLanguage":"sv-SE","@id":"https:\/\/mekulo.com\/se\/#\/schema\/logo\/image\/","url":"https:\/\/mekulo.com\/se\/wp-content\/uploads\/sites\/11\/2025\/12\/favicon_mekulo.png","contentUrl":"https:\/\/mekulo.com\/se\/wp-content\/uploads\/sites\/11\/2025\/12\/favicon_mekulo.png","width":50,"height":50,"caption":"Mekulo"},"image":{"@id":"https:\/\/mekulo.com\/se\/#\/schema\/logo\/image\/"}}]}},"_links":{"self":[{"href":"https:\/\/mekulo.com\/se\/wp-json\/wp\/v2\/product\/13523","targetHints":{"allow":["GET"]}}],"collection":[{"href":"https:\/\/mekulo.com\/se\/wp-json\/wp\/v2\/product"}],"about":[{"href":"https:\/\/mekulo.com\/se\/wp-json\/wp\/v2\/types\/product"}],"replies":[{"embeddable":true,"href":"https:\/\/mekulo.com\/se\/wp-json\/wp\/v2\/comments?post=13523"}],"wp:featuredmedia":[{"embeddable":true,"href":"https:\/\/mekulo.com\/se\/wp-json\/wp\/v2\/media\/13519"}],"wp:attachment":[{"href":"https:\/\/mekulo.com\/se\/wp-json\/wp\/v2\/media?parent=13523"}],"wp:term":[{"taxonomy":"product_brand","embeddable":true,"href":"https:\/\/mekulo.com\/se\/wp-json\/wp\/v2\/product_brand?post=13523"},{"taxonomy":"product_cat","embeddable":true,"href":"https:\/\/mekulo.com\/se\/wp-json\/wp\/v2\/product_cat?post=13523"},{"taxonomy":"product_tag","embeddable":true,"href":"https:\/\/mekulo.com\/se\/wp-json\/wp\/v2\/product_tag?post=13523"}],"curies":[{"name":"wp","href":"https:\/\/api.w.org\/{rel}","templated":true}]}}