{"id":12790,"date":"2025-12-10T13:12:52","date_gmt":"2025-12-10T13:12:52","guid":{"rendered":"https:\/\/mekulo.com\/se\/?page_id=12790"},"modified":"2025-12-29T14:18:34","modified_gmt":"2025-12-29T12:18:34","slug":"vanliga-fragor","status":"publish","type":"page","link":"https:\/\/mekulo.com\/se\/vanliga-fragor\/","title":{"rendered":"Vanliga fr\u00e5gor"},"content":{"rendered":"\t\t<div data-elementor-type=\"wp-page\" data-elementor-id=\"12790\" class=\"elementor elementor-12790\" data-elementor-post-type=\"page\">\n\t\t\t\t<div class=\"elementor-element elementor-element-21f9d5b animated-slow e-flex e-con-boxed elementor-invisible e-con e-parent\" data-id=\"21f9d5b\" data-element_type=\"container\" data-settings=\"{&quot;animation&quot;:&quot;fadeIn&quot;}\">\n\t\t\t\t\t<div class=\"e-con-inner\">\n\t\t\t\t<div class=\"elementor-element elementor-element-31cb809 elementor-widget elementor-widget-heading\" data-id=\"31cb809\" data-element_type=\"widget\" data-widget_type=\"heading.default\">\n\t\t\t\t\t<h2 class=\"elementor-heading-title elementor-size-default\">Vanliga fr\u00e5gor<\/h2>\t\t\t\t<\/div>\n\t\t\t\t\t<\/div>\n\t\t\t\t<\/div>\n\t\t<div class=\"elementor-element elementor-element-75e8bec e-flex e-con-boxed elementor-invisible e-con e-parent\" data-id=\"75e8bec\" data-element_type=\"container\" data-settings=\"{&quot;animation&quot;:&quot;fadeIn&quot;}\">\n\t\t\t\t\t<div class=\"e-con-inner\">\n\t\t\t\t<div class=\"elementor-element elementor-element-556cbe2 elementor-widget__width-initial elementor-widget elementor-widget-shortcode\" data-id=\"556cbe2\" data-element_type=\"widget\" data-widget_type=\"shortcode.default\">\n\t\t\t\t\t\t\t<div class=\"elementor-shortcode\"><style>#sp-ea-13445 .spcollapsing { height: 0; overflow: hidden; transition-property: height;transition-duration: 300ms;}#sp-ea-13445.sp-easy-accordion>.sp-ea-single {margin-bottom: 10px; border: 1px solid #f6f3f0; }#sp-ea-13445.sp-easy-accordion>.sp-ea-single>.ea-header a {color: #444;}#sp-ea-13445.sp-easy-accordion>.sp-ea-single>.sp-collapse>.ea-body {background: #fff; color: #444;}#sp-ea-13445.sp-easy-accordion>.sp-ea-single {background: #f6f3f0;}#sp-ea-13445.sp-easy-accordion>.sp-ea-single>.ea-header a .ea-expand-icon { float: right; color: #444;font-size: 16px;}#sp-ea-13445.sp-easy-accordion>.sp-ea-single>.ea-header a .ea-expand-icon {margin-right: 0;}<\/style><div id=\"sp_easy_accordion-1767008359\"><div id=\"sp-ea-13445\" class=\"sp-ea-one sp-easy-accordion\" data-ea-active=\"ea-click\" data-ea-mode=\"vertical\" data-preloader=\"\" data-scroll-active-item=\"\" data-offset-to-scroll=\"0\"><div class=\"ea-card ea-expand sp-ea-single\"><h3 class=\"ea-header\"><a class=\"collapsed\" id=\"ea-header-134450\" role=\"button\" data-sptoggle=\"spcollapse\" data-sptarget=\"#collapse134450\" aria-controls=\"collapse134450\" href=\"#\" aria-expanded=\"true\" tabindex=\"0\"><i aria-hidden=\"true\" role=\"presentation\" class=\"ea-expand-icon eap-icon-ea-expand-minus\"><\/i> Var hittar jag min fraktkod?<\/a><\/h3><div class=\"sp-collapse spcollapse collapsed show\" id=\"collapse134450\" data-parent=\"#sp-ea-13445\" role=\"region\" aria-labelledby=\"ea-header-134450\"> <div class=\"ea-body\"><p>N\u00e4r din best\u00e4llning har skickats f\u00e5r du ett sp\u00e5rningsnummer via e-post. Sp\u00e5rningskoden skickas vanligtvis inom 1\u20133 arbetsdagar. Observera att det kan ta flera arbetsdagar innan sp\u00e5rningskoden blir aktiv.<\/p><\/div><\/div><\/div><div class=\"ea-card sp-ea-single\"><h3 class=\"ea-header\"><a class=\"collapsed\" id=\"ea-header-134451\" role=\"button\" data-sptoggle=\"spcollapse\" data-sptarget=\"#collapse134451\" aria-controls=\"collapse134451\" href=\"#\" aria-expanded=\"false\" tabindex=\"0\"><i aria-hidden=\"true\" role=\"presentation\" class=\"ea-expand-icon eap-icon-ea-expand-plus\"><\/i> Hur kan jag kontrollera var min best\u00e4llning befinner sig?<\/a><\/h3><div class=\"sp-collapse spcollapse \" id=\"collapse134451\" data-parent=\"#sp-ea-13445\" role=\"region\" aria-labelledby=\"ea-header-134451\"> <div class=\"ea-body\"><p>Anv\u00e4nd sp\u00e5rningskoden som du f\u00e5r via e-post f\u00f6r att sp\u00e5ra statusen f\u00f6r din best\u00e4llning. Ange sp\u00e5rningsnumret p\u00e5 sp\u00e5rningswebbplatsen\u00a0<a href=\"https:\/\/www.17track.net\/en\">17track<\/a>\u00a0f\u00f6r att kontrollera statusen f\u00f6r leveransen. Om det visas att leveransen saknar information, v\u00e4lj YunExpress som transport\u00f6r f\u00f6r leveransen.<\/p><p>Sp\u00e5rningskoden skickas med e-postmeddelandet om att best\u00e4llningen \u00e4r klar, som du b\u00f6r f\u00e5 inom 1\u20133 arbetsdagar efter att du lagt din f\u00f6rsta best\u00e4llning. Om du fortfarande inte har f\u00e5tt n\u00e5got sp\u00e5rningsnummer efter 1\u20133 dagar, v\u00e4nligen kontakta oss.<\/p><\/div><\/div><\/div><div class=\"ea-card sp-ea-single\"><h3 class=\"ea-header\"><a class=\"collapsed\" id=\"ea-header-134452\" role=\"button\" data-sptoggle=\"spcollapse\" data-sptarget=\"#collapse134452\" aria-controls=\"collapse134452\" href=\"#\" aria-expanded=\"false\" tabindex=\"0\"><i aria-hidden=\"true\" role=\"presentation\" class=\"ea-expand-icon eap-icon-ea-expand-plus\"><\/i> Vad h\u00e4nder om jag inte \u00e4r n\u00f6jd med min best\u00e4llning?<\/a><\/h3><div class=\"sp-collapse spcollapse \" id=\"collapse134452\" data-parent=\"#sp-ea-13445\" role=\"region\" aria-labelledby=\"ea-header-134452\"> <div class=\"ea-body\"><p>Om du inte \u00e4r n\u00f6jd med din best\u00e4llning, v\u00e4nligen kontakta oss p\u00e5 info@mekulo.com. Beskriv ditt problem s\u00e5 detaljerat som m\u00f6jligt och bifoga g\u00e4rna en bild eller video. Efter att ha utv\u00e4rderat problemet med den best\u00e4llda produkten kommer vi att f\u00f6rs\u00f6ka svara s\u00e5 snart som m\u00f6jligt och hitta en gemensam kompromiss f\u00f6r att l\u00f6sa problemet.<\/p><p>Dessutom kan alla best\u00e4llningar \u00e5terbetalas inom 14 arbetsdagar. L\u00e4s mer p\u00e5\u00a0<a href=\"https:\/\/mekulo.com\/se\/frakt-och-returer\/\">Frakt och returer<\/a>.<\/p><\/div><\/div><\/div><div class=\"ea-card sp-ea-single\"><h3 class=\"ea-header\"><a class=\"collapsed\" id=\"ea-header-134453\" role=\"button\" data-sptoggle=\"spcollapse\" data-sptarget=\"#collapse134453\" aria-controls=\"collapse134453\" href=\"#\" aria-expanded=\"false\" tabindex=\"0\"><i aria-hidden=\"true\" role=\"presentation\" class=\"ea-expand-icon eap-icon-ea-expand-plus\"><\/i> \u00c4r mina betalningsuppgifter s\u00e4kra?<\/a><\/h3><div class=\"sp-collapse spcollapse \" id=\"collapse134453\" data-parent=\"#sp-ea-13445\" role=\"region\" aria-labelledby=\"ea-header-134453\"> <div class=\"ea-body\"><p>Vi anv\u00e4nder SSL-kryptering (Secure Socket Layer), vilket s\u00e4kerst\u00e4ller att dina data \u00f6verf\u00f6rs s\u00e4kert mellan din webbl\u00e4sare och v\u00e5ra servrar. Detta ger ytterligare skydd mot datast\u00f6ld och s\u00e4kerst\u00e4ller att dina personliga betalningsuppgifter \u00e4r s\u00e4kra.<\/p><\/div><\/div><\/div><div class=\"ea-card sp-ea-single\"><h3 class=\"ea-header\"><a class=\"collapsed\" id=\"ea-header-134454\" role=\"button\" data-sptoggle=\"spcollapse\" data-sptarget=\"#collapse134454\" aria-controls=\"collapse134454\" href=\"#\" aria-expanded=\"false\" tabindex=\"0\"><i aria-hidden=\"true\" role=\"presentation\" class=\"ea-expand-icon eap-icon-ea-expand-plus\"><\/i> Hur kan jag returnera en produkt?<\/a><\/h3><div class=\"sp-collapse spcollapse \" id=\"collapse134454\" data-parent=\"#sp-ea-13445\" role=\"region\" aria-labelledby=\"ea-header-134454\"> <div class=\"ea-body\"><p>Kontakta oss p\u00e5 info@mekulo.com f\u00f6r mer information om returnering av produkter. Alla k\u00f6p kan returneras inom 14 arbetsdagar utan att ange n\u00e5gon anledning. Kontakta oss s\u00e5 ger vi dig all n\u00f6dv\u00e4ndig information f\u00f6r att returnera paketet.<\/p><p>V\u00e5r returadress \u00e4r:<br \/>Vienyb\u0117s g. 5, \u0160ilal\u0117, LT-75129, Litauen<\/p><p>L\u00e4s mer p\u00e5\u00a0<a href=\"https:\/\/mekulo.com\/se\/frakt-och-returer\/\">Frakt och returer<\/a>.<\/p><\/div><\/div><\/div><div class=\"ea-card sp-ea-single\"><h3 class=\"ea-header\"><a class=\"collapsed\" id=\"ea-header-134455\" role=\"button\" data-sptoggle=\"spcollapse\" data-sptarget=\"#collapse134455\" aria-controls=\"collapse134455\" href=\"#\" aria-expanded=\"false\" tabindex=\"0\"><i aria-hidden=\"true\" role=\"presentation\" class=\"ea-expand-icon eap-icon-ea-expand-plus\"><\/i> Hittade du inte svaret p\u00e5 din fr\u00e5ga?<\/a><\/h3><div class=\"sp-collapse spcollapse \" id=\"collapse134455\" data-parent=\"#sp-ea-13445\" role=\"region\" aria-labelledby=\"ea-header-134455\"> <div class=\"ea-body\"><p>Om du har fr\u00e5gor som inte besvarats eller beh\u00f6ver ytterligare information, v\u00e4nligen kontakta oss p\u00e5 info@mekulo.com.<\/p><p>V\u00e5r kundtj\u00e4nst st\u00e5r alltid redo att hj\u00e4lpa dig och besvara dina fr\u00e5gor. Vi besvarar fr\u00e5gor inom 24 timmar.<\/p><\/div><\/div><\/div><\/div><\/div><\/div>\n\t\t\t\t\t\t<\/div>\n\t\t\t\t\t<\/div>\n\t\t\t\t<\/div>\n\t\t\t\t<\/div>\n\t\t","protected":false},"excerpt":{"rendered":"<p>Vanliga fr\u00e5gor<\/p>\n","protected":false},"author":5,"featured_media":0,"parent":0,"menu_order":0,"comment_status":"closed","ping_status":"closed","template":"","meta":{"site-sidebar-layout":"no-sidebar","site-content-layout":"","ast-site-content-layout":"full-width-container","site-content-style":"default","site-sidebar-style":"default","ast-global-header-display":"","ast-banner-title-visibility":"","ast-main-header-display":"","ast-hfb-above-header-display":"","ast-hfb-below-header-display":"","ast-hfb-mobile-header-display":"","site-post-title":"disabled","ast-breadcrumbs-content":"","ast-featured-img":"disabled","footer-sml-layout":"","theme-transparent-header-meta":"","adv-header-id-meta":"","stick-header-meta":"","header-above-stick-meta":"","header-main-stick-meta":"","header-below-stick-meta":"","astra-migrate-meta-layouts":"default","ast-page-background-enabled":"default","ast-page-background-meta":{"desktop":{"background-color":"var(--ast-global-color-5)","background-image":"","background-repeat":"repeat","background-position":"center center","background-size":"auto","background-attachment":"scroll","background-type":"","background-media":"","overlay-type":"","overlay-color":"","overlay-opacity":"","overlay-gradient":""},"tablet":{"background-color":"","background-image":"","background-repeat":"repeat","background-position":"center center","background-size":"auto","background-attachment":"scroll","background-type":"","background-media":"","overlay-type":"","overlay-color":"","overlay-opacity":"","overlay-gradient":""},"mobile":{"background-color":"","background-image":"","background-repeat":"repeat","background-position":"center center","background-size":"auto","background-attachment":"scroll","background-type":"","background-media":"","overlay-type":"","overlay-color":"","overlay-opacity":"","overlay-gradient":""}},"ast-content-background-meta":{"desktop":{"background-color":"var(--ast-global-color-4)","background-image":"","background-repeat":"repeat","background-position":"center center","background-size":"auto","background-attachment":"scroll","background-type":"","background-media":"","overlay-type":"","overlay-color":"","overlay-opacity":"","overlay-gradient":""},"tablet":{"background-color":"var(--ast-global-color-4)","background-image":"","background-repeat":"repeat","background-position":"center center","background-size":"auto","background-attachment":"scroll","background-type":"","background-media":"","overlay-type":"","overlay-color":"","overlay-opacity":"","overlay-gradient":""},"mobile":{"background-color":"var(--ast-global-color-4)","background-image":"","background-repeat":"repeat","background-position":"center center","background-size":"auto","background-attachment":"scroll","background-type":"","background-media":"","overlay-type":"","overlay-color":"","overlay-opacity":"","overlay-gradient":""}},"footnotes":""},"class_list":["post-12790","page","type-page","status-publish","hentry"],"yoast_head":"<!-- This site is optimized with the Yoast SEO plugin v26.6 - https:\/\/yoast.com\/wordpress\/plugins\/seo\/ -->\n<title>Vanliga fr\u00e5gor - Mekulo SE<\/title>\n<meta name=\"robots\" content=\"index, follow, max-snippet:-1, max-image-preview:large, max-video-preview:-1\" \/>\n<link rel=\"canonical\" href=\"https:\/\/mekulo.com\/se\/vanliga-fragor\/\" \/>\n<meta property=\"og:locale\" content=\"en_US\" \/>\n<meta property=\"og:type\" content=\"article\" \/>\n<meta property=\"og:title\" content=\"Vanliga fr\u00e5gor - Mekulo SE\" \/>\n<meta property=\"og:description\" content=\"Vanliga fr\u00e5gor\" \/>\n<meta property=\"og:url\" content=\"https:\/\/mekulo.com\/se\/vanliga-fragor\/\" \/>\n<meta property=\"og:site_name\" content=\"Mekulo SE\" \/>\n<meta property=\"article:modified_time\" content=\"2025-12-29T12:18:34+00:00\" \/>\n<meta name=\"twitter:card\" content=\"summary_large_image\" \/>\n<meta name=\"twitter:label1\" content=\"Est. reading time\" \/>\n\t<meta name=\"twitter:data1\" content=\"2 minutes\" \/>\n<script type=\"application\/ld+json\" class=\"yoast-schema-graph\">{\"@context\":\"https:\/\/schema.org\",\"@graph\":[{\"@type\":\"WebPage\",\"@id\":\"https:\/\/mekulo.com\/se\/vanliga-fragor\/\",\"url\":\"https:\/\/mekulo.com\/se\/vanliga-fragor\/\",\"name\":\"Vanliga fr\u00e5gor - Mekulo SE\",\"isPartOf\":{\"@id\":\"https:\/\/mekulo.com\/se\/#website\"},\"datePublished\":\"2025-12-10T13:12:52+00:00\",\"dateModified\":\"2025-12-29T12:18:34+00:00\",\"breadcrumb\":{\"@id\":\"https:\/\/mekulo.com\/se\/vanliga-fragor\/#breadcrumb\"},\"inLanguage\":\"en-US\",\"potentialAction\":[{\"@type\":\"ReadAction\",\"target\":[\"https:\/\/mekulo.com\/se\/vanliga-fragor\/\"]}]},{\"@type\":\"BreadcrumbList\",\"@id\":\"https:\/\/mekulo.com\/se\/vanliga-fragor\/#breadcrumb\",\"itemListElement\":[{\"@type\":\"ListItem\",\"position\":1,\"name\":\"Home\",\"item\":\"https:\/\/mekulo.com\/se\/\"},{\"@type\":\"ListItem\",\"position\":2,\"name\":\"Vanliga fr\u00e5gor\"}]},{\"@type\":\"WebSite\",\"@id\":\"https:\/\/mekulo.com\/se\/#website\",\"url\":\"https:\/\/mekulo.com\/se\/\",\"name\":\"Mekulo SE\",\"description\":\"\",\"publisher\":{\"@id\":\"https:\/\/mekulo.com\/se\/#organization\"},\"potentialAction\":[{\"@type\":\"SearchAction\",\"target\":{\"@type\":\"EntryPoint\",\"urlTemplate\":\"https:\/\/mekulo.com\/se\/?s={search_term_string}\"},\"query-input\":{\"@type\":\"PropertyValueSpecification\",\"valueRequired\":true,\"valueName\":\"search_term_string\"}}],\"inLanguage\":\"en-US\"},{\"@type\":\"Organization\",\"@id\":\"https:\/\/mekulo.com\/se\/#organization\",\"name\":\"Mekulo\",\"url\":\"https:\/\/mekulo.com\/se\/\",\"logo\":{\"@type\":\"ImageObject\",\"inLanguage\":\"en-US\",\"@id\":\"https:\/\/mekulo.com\/se\/#\/schema\/logo\/image\/\",\"url\":\"https:\/\/mekulo.com\/se\/wp-content\/uploads\/sites\/11\/2025\/12\/favicon_mekulo.png\",\"contentUrl\":\"https:\/\/mekulo.com\/se\/wp-content\/uploads\/sites\/11\/2025\/12\/favicon_mekulo.png\",\"width\":50,\"height\":50,\"caption\":\"Mekulo\"},\"image\":{\"@id\":\"https:\/\/mekulo.com\/se\/#\/schema\/logo\/image\/\"}}]}<\/script>\n<!-- \/ Yoast SEO plugin. -->","yoast_head_json":{"title":"Vanliga fr\u00e5gor - Mekulo SE","robots":{"index":"index","follow":"follow","max-snippet":"max-snippet:-1","max-image-preview":"max-image-preview:large","max-video-preview":"max-video-preview:-1"},"canonical":"https:\/\/mekulo.com\/se\/vanliga-fragor\/","og_locale":"en_US","og_type":"article","og_title":"Vanliga fr\u00e5gor - Mekulo SE","og_description":"Vanliga fr\u00e5gor","og_url":"https:\/\/mekulo.com\/se\/vanliga-fragor\/","og_site_name":"Mekulo SE","article_modified_time":"2025-12-29T12:18:34+00:00","twitter_card":"summary_large_image","twitter_misc":{"Est. reading time":"2 minutes"},"schema":{"@context":"https:\/\/schema.org","@graph":[{"@type":"WebPage","@id":"https:\/\/mekulo.com\/se\/vanliga-fragor\/","url":"https:\/\/mekulo.com\/se\/vanliga-fragor\/","name":"Vanliga fr\u00e5gor - Mekulo SE","isPartOf":{"@id":"https:\/\/mekulo.com\/se\/#website"},"datePublished":"2025-12-10T13:12:52+00:00","dateModified":"2025-12-29T12:18:34+00:00","breadcrumb":{"@id":"https:\/\/mekulo.com\/se\/vanliga-fragor\/#breadcrumb"},"inLanguage":"en-US","potentialAction":[{"@type":"ReadAction","target":["https:\/\/mekulo.com\/se\/vanliga-fragor\/"]}]},{"@type":"BreadcrumbList","@id":"https:\/\/mekulo.com\/se\/vanliga-fragor\/#breadcrumb","itemListElement":[{"@type":"ListItem","position":1,"name":"Home","item":"https:\/\/mekulo.com\/se\/"},{"@type":"ListItem","position":2,"name":"Vanliga fr\u00e5gor"}]},{"@type":"WebSite","@id":"https:\/\/mekulo.com\/se\/#website","url":"https:\/\/mekulo.com\/se\/","name":"Mekulo SE","description":"","publisher":{"@id":"https:\/\/mekulo.com\/se\/#organization"},"potentialAction":[{"@type":"SearchAction","target":{"@type":"EntryPoint","urlTemplate":"https:\/\/mekulo.com\/se\/?s={search_term_string}"},"query-input":{"@type":"PropertyValueSpecification","valueRequired":true,"valueName":"search_term_string"}}],"inLanguage":"en-US"},{"@type":"Organization","@id":"https:\/\/mekulo.com\/se\/#organization","name":"Mekulo","url":"https:\/\/mekulo.com\/se\/","logo":{"@type":"ImageObject","inLanguage":"en-US","@id":"https:\/\/mekulo.com\/se\/#\/schema\/logo\/image\/","url":"https:\/\/mekulo.com\/se\/wp-content\/uploads\/sites\/11\/2025\/12\/favicon_mekulo.png","contentUrl":"https:\/\/mekulo.com\/se\/wp-content\/uploads\/sites\/11\/2025\/12\/favicon_mekulo.png","width":50,"height":50,"caption":"Mekulo"},"image":{"@id":"https:\/\/mekulo.com\/se\/#\/schema\/logo\/image\/"}}]}},"_links":{"self":[{"href":"https:\/\/mekulo.com\/se\/wp-json\/wp\/v2\/pages\/12790","targetHints":{"allow":["GET"]}}],"collection":[{"href":"https:\/\/mekulo.com\/se\/wp-json\/wp\/v2\/pages"}],"about":[{"href":"https:\/\/mekulo.com\/se\/wp-json\/wp\/v2\/types\/page"}],"author":[{"embeddable":true,"href":"https:\/\/mekulo.com\/se\/wp-json\/wp\/v2\/users\/5"}],"replies":[{"embeddable":true,"href":"https:\/\/mekulo.com\/se\/wp-json\/wp\/v2\/comments?post=12790"}],"version-history":[{"count":38,"href":"https:\/\/mekulo.com\/se\/wp-json\/wp\/v2\/pages\/12790\/revisions"}],"predecessor-version":[{"id":13455,"href":"https:\/\/mekulo.com\/se\/wp-json\/wp\/v2\/pages\/12790\/revisions\/13455"}],"wp:attachment":[{"href":"https:\/\/mekulo.com\/se\/wp-json\/wp\/v2\/media?parent=12790"}],"curies":[{"name":"wp","href":"https:\/\/api.w.org\/{rel}","templated":true}]}}