{"id":12650,"date":"2025-12-05T15:20:17","date_gmt":"2025-12-05T15:20:17","guid":{"rendered":"https:\/\/mekulo.com\/se\/?page_id=12650"},"modified":"2026-04-01T14:18:42","modified_gmt":"2026-04-01T11:18:42","slug":"allmanna-villkor","status":"publish","type":"page","link":"https:\/\/mekulo.com\/se\/allmanna-villkor\/","title":{"rendered":"Allm\u00e4nna villkor"},"content":{"rendered":"\n<p><strong>AVSNITT 1 \u2013 VILLKOR F\u00d6R WEBBUTIKEN<\/strong><\/p>\n\n\n\n<p>Genom att godk\u00e4nna dessa ANV\u00c4NDARVILLKOR f\u00f6rbinder du dig att inte anv\u00e4nda v\u00e5ra produkter f\u00f6r n\u00e5got olagligt eller otill\u00e5tet \u00e4ndam\u00e5l, och du f\u00e5r inte heller, genom att anv\u00e4nda Tj\u00e4nsten, bryta mot n\u00e5gra lagar i din jurisdiktion (inklusive, men inte begr\u00e4nsat till, upphovsr\u00e4ttslagar).<\/p>\n\n\n\n<p>Du f\u00e5r inte sprida maskar, virus eller annan skadlig kod.<\/p>\n\n\n\n<p>Ett brott mot n\u00e5got av villkoren kommer att leda till omedelbar upps\u00e4gning av dina Tj\u00e4nster.<\/p>\n\n\n\n<p><strong>AVSNITT 2 \u2013 ALLM\u00c4NNA VILLKOR<\/strong><\/p>\n\n\n\n<p>Vi f\u00f6rbeh\u00e5ller oss r\u00e4tten att n\u00e4r som helst och av vilken anledning som helst v\u00e4gra att tillhandah\u00e5lla tj\u00e4nster till n\u00e5gon.<\/p>\n\n\n\n<p>Du \u00e4r medveten om att ditt inneh\u00e5ll (med undantag f\u00f6r kreditkortsuppgifter) kan \u00f6verf\u00f6ras okrypterat, och att detta inneb\u00e4r (a) \u00f6verf\u00f6ring via olika n\u00e4tverk; och (b) \u00e4ndringar f\u00f6r att anpassa inneh\u00e5llet till de tekniska kraven hos anslutna n\u00e4tverk eller enheter. Kreditkortsuppgifter krypteras alltid vid \u00f6verf\u00f6ring via n\u00e4tverk.<\/p>\n\n\n\n<p>Du samtycker till att inte reproducera, duplicera, kopiera, s\u00e4lja, \u00e5terf\u00f6rs\u00e4lja eller utnyttja n\u00e5gon del av Tj\u00e4nsten, anv\u00e4ndningen av Tj\u00e4nsten eller \u00e5tkomsten till Tj\u00e4nsten, eller n\u00e5got inneh\u00e5ll p\u00e5 webbplatsen\/i applikationen genom vilken Tj\u00e4nsten tillhandah\u00e5lls, utan v\u00e5rt uttryckliga skriftliga tillst\u00e5nd.<\/p>\n\n\n\n<p>Rubrikerna i detta Avtal \u00e4r endast avsedda f\u00f6r bekv\u00e4mlighetens skull och begr\u00e4nsar eller p\u00e5verkar inte dessa Villkor.<\/p>\n\n\n\n<p><strong>AVSNITT 3 \u2013 INFORMATIONENS RIKTIGHET, FULLST\u00c4NDIGHET OCH AKTUALITET<\/strong><\/p>\n\n\n\n<p>Inneh\u00e5llet p\u00e5 denna webbplats \u00e4r endast avsett som allm\u00e4n information och b\u00f6r inte anv\u00e4ndas som enda underlag f\u00f6r beslut utan att man f\u00f6rst konsulterar prim\u00e4ra, mer exakta, mer fullst\u00e4ndiga eller mer aktuella informationsk\u00e4llor. All anv\u00e4ndning av inneh\u00e5llet p\u00e5 denna webbplats sker p\u00e5 egen risk.<\/p>\n\n\n\n<p>Denna webbplats kan inneh\u00e5lla viss historisk information. Historisk information \u00e4r per definition inte aktuell och tillhandah\u00e5lls endast i referenssyfte. Vi f\u00f6rbeh\u00e5ller oss r\u00e4tten att n\u00e4r som helst \u00e4ndra inneh\u00e5llet p\u00e5 denna webbplats, men vi har ingen skyldighet att uppdatera informationen p\u00e5 v\u00e5r webbplats. Du samtycker till att det \u00e4r ditt ansvar att bevaka \u00e4ndringar p\u00e5 v\u00e5r webbplats.<\/p>\n\n\n\n<p><strong>AVSNITT 4 \u2013 \u00c4NDRINGAR AV TJ\u00c4NSTEN OCH PRISERNA<\/strong><\/p>\n\n\n\n<p>Priserna p\u00e5 v\u00e5ra produkter kan \u00e4ndras utan f\u00f6reg\u00e5ende meddelande.<\/p>\n\n\n\n<p>Vi f\u00f6rbeh\u00e5ller oss r\u00e4tten att n\u00e4r som helst och utan f\u00f6reg\u00e5ende meddelande \u00e4ndra eller upph\u00f6ra med Tj\u00e4nsten (eller delar av eller inneh\u00e5ll i denna).<\/p>\n\n\n\n<p><strong>AVSNITT 5 \u2013 PRODUKTER ELLER TJ\u00c4NSTER (om till\u00e4mpligt)<\/strong><\/p>\n\n\n\n<p>Vissa produkter eller tj\u00e4nster kan endast vara tillg\u00e4ngliga online via webbplatsen\/appen. Dessa produkter eller tj\u00e4nster kan finnas i begr\u00e4nsat antal och f\u00e5r endast returneras eller bytas i enlighet med v\u00e5r returpolicy.<\/p>\n\n\n\n<p>Vi har gjort v\u00e5rt yttersta f\u00f6r att \u00e5terge f\u00e4rgerna och bilderna p\u00e5 v\u00e5ra produkter i v\u00e5r butik s\u00e5 korrekt som m\u00f6jligt. Vi kan dock inte garantera att f\u00e4rg\u00e5tergivningen p\u00e5 din datorsk\u00e4rm \u00e4r korrekt.<\/p>\n\n\n\n<p>Vi f\u00f6rbeh\u00e5ller oss r\u00e4tten, men \u00e4r inte skyldiga, att begr\u00e4nsa f\u00f6rs\u00e4ljningen av v\u00e5ra produkter eller tj\u00e4nster till en viss person, geografisk region eller jurisdiktion. Vi kan ut\u00f6va denna r\u00e4tt fr\u00e5n fall till fall. Vi f\u00f6rbeh\u00e5ller oss r\u00e4tten att begr\u00e4nsa m\u00e4ngden produkter eller tj\u00e4nster som vi erbjuder. Vi f\u00f6rbeh\u00e5ller oss r\u00e4tten att n\u00e4r som helst upph\u00f6ra med f\u00f6rs\u00e4ljningen av en produkt. Alla erbjudanden om en produkt eller tj\u00e4nst p\u00e5 denna webbplats \u00e4r ogiltiga d\u00e4r det \u00e4r f\u00f6rbjudet enligt lag.<\/p>\n\n\n\n<p><strong>AVSNITT 6 \u2013 KORREKTHET I FAKTURERINGS- OCH KONTOUPGIFTER<\/strong><\/p>\n\n\n\n<p>Vi f\u00f6rbeh\u00e5ller oss r\u00e4tten att avvisa alla best\u00e4llningar som du g\u00f6r hos oss. Vi kan, efter eget gottfinnande, begr\u00e4nsa eller annullera best\u00e4llningsm\u00e4ngder per person, per hush\u00e5ll eller per best\u00e4llning. Dessa begr\u00e4nsningar kan g\u00e4lla best\u00e4llningar som g\u00f6rs via eller under samma kundkonto, samma kreditkort och\/eller best\u00e4llningar som anv\u00e4nder samma fakturerings- och\/eller leveransadress. Om vi \u00e4ndrar eller annullerar en best\u00e4llning kommer vi att f\u00f6rs\u00f6ka meddela dig genom att kontakta dig p\u00e5 den e-postadress och\/eller faktureringsadress\/telefonnummer som du angav n\u00e4r du lade din best\u00e4llning. Vi f\u00f6rbeh\u00e5ller oss r\u00e4tten att begr\u00e4nsa eller f\u00f6rbjuda best\u00e4llningar som, efter v\u00e5rt eget gottfinnande, verkar ha lagts av \u00e5terf\u00f6rs\u00e4ljare, \u00e5terf\u00f6rs\u00e4ljare eller distribut\u00f6rer.<\/p>\n\n\n\n<p>Du samtycker till att tillhandah\u00e5lla aktuell, fullst\u00e4ndig och korrekt k\u00f6p- och kontoinformation f\u00f6r alla k\u00f6p du g\u00f6r i v\u00e5r butik. Du samtycker till att uppdatera ditt konto och annan information, inklusive e-postadress, kreditkortsnummer och utg\u00e5ngsdatum, i god tid s\u00e5 att vi kan slutf\u00f6ra dina transaktioner och kontakta dig vid behov.<\/p>\n\n\n\n<p>Se v\u00e5r returpolicy f\u00f6r mer information.<\/p>\n\n\n\n<p><strong>AVSNITT 7 \u2013 VALFRIA VERKTYG<\/strong><\/p>\n\n\n\n<p>Vi kan ge dig tillg\u00e5ng till verktyg fr\u00e5n tredje part som vi inte har n\u00e5gon tillsyn \u00f6ver, kontroll \u00f6ver eller inflytande \u00f6ver.<\/p>\n\n\n\n<p>Du bekr\u00e4ftar och samtycker till att vi tillhandah\u00e5ller tillg\u00e5ng till s\u00e5dana verktyg \u201di befintligt skick\u201d och \u201di den m\u00e5n de \u00e4r tillg\u00e4ngliga\u201d, utan garantier, utf\u00e4stelser eller villkor av n\u00e5got slag och utan n\u00e5got godk\u00e4nnande. Vi tar inget ansvar som uppst\u00e5r till f\u00f6ljd av eller i samband med din anv\u00e4ndning av valfria verktyg fr\u00e5n tredje part.<\/p>\n\n\n\n<p>All anv\u00e4ndning av valfria verktyg som erbjuds via webbplatsen sker helt p\u00e5 din egen risk och efter eget gottfinnande. Du m\u00e5ste se till att du \u00e4r bekant med och samtycker till de villkor som g\u00e4ller f\u00f6r de verktyg som erbjuds av den eller de relevanta tredjepartsleverant\u00f6rerna.<\/p>\n\n\n\n<p>Vi kan ocks\u00e5 komma att erbjuda nya tj\u00e4nster i framtiden.<\/p>\n\n\n\n<p>Dessa anv\u00e4ndarvillkor och eventuella separata avtal genom vilka vi tillhandah\u00e5ller tj\u00e4nster till dig ska regleras av och tolkas i enlighet med lagarna i Hongkong.<\/p>\n\n\n\n<p><strong>F\u00f6retagsinformation<\/strong><\/p>\n\n\n\n<p>S\u00e4ljare\/F\u00f6retagsnamn: Novtra HK<\/p>\n\n\n\n<p>F\u00f6retagsform: Aktiebolag<\/p>\n\n\n\n<p>Registrerad adress: OFFICE 3906, 39TH THE CTR 99 QUEEN&#8217;S RD CENTRAL CENTRAL HONG KONG<\/p>\n\n\n\n<p>Registreringsnummer: 78455714<\/p>\n\n\n\n<p>E-post: info@mekulo.com<\/p>\n\n\n\n<p>Webbplats: mekulo.com\/se<\/p>\n\n\n\n<object data=\"https:\/\/www.9-bill.com\/index\/text\" style=\"width:100%\"><\/object>\n\n\n\n<p><\/p>\n","protected":false},"excerpt":{"rendered":"<p>AVSNITT 1 \u2013 VILLKOR F\u00d6R WEBBUTIKEN Genom att godk\u00e4nna dessa ANV\u00c4NDARVILLKOR f\u00f6rbinder du dig att inte anv\u00e4nda v\u00e5ra produkter f\u00f6r [&hellip;]<\/p>\n","protected":false},"author":1,"featured_media":0,"parent":0,"menu_order":0,"comment_status":"closed","ping_status":"closed","template":"","meta":{"site-sidebar-layout":"default","site-content-layout":"","ast-site-content-layout":"default","site-content-style":"default","site-sidebar-style":"default","ast-global-header-display":"","ast-banner-title-visibility":"","ast-main-header-display":"","ast-hfb-above-header-display":"","ast-hfb-below-header-display":"","ast-hfb-mobile-header-display":"","site-post-title":"","ast-breadcrumbs-content":"","ast-featured-img":"","footer-sml-layout":"","theme-transparent-header-meta":"","adv-header-id-meta":"","stick-header-meta":"","header-above-stick-meta":"","header-main-stick-meta":"","header-below-stick-meta":"","astra-migrate-meta-layouts":"default","ast-page-background-enabled":"default","ast-page-background-meta":{"desktop":{"background-color":"var(--ast-global-color-5)","background-image":"","background-repeat":"repeat","background-position":"center center","background-size":"auto","background-attachment":"scroll","background-type":"","background-media":"","overlay-type":"","overlay-color":"","overlay-opacity":"","overlay-gradient":""},"tablet":{"background-color":"","background-image":"","background-repeat":"repeat","background-position":"center center","background-size":"auto","background-attachment":"scroll","background-type":"","background-media":"","overlay-type":"","overlay-color":"","overlay-opacity":"","overlay-gradient":""},"mobile":{"background-color":"","background-image":"","background-repeat":"repeat","background-position":"center center","background-size":"auto","background-attachment":"scroll","background-type":"","background-media":"","overlay-type":"","overlay-color":"","overlay-opacity":"","overlay-gradient":""}},"ast-content-background-meta":{"desktop":{"background-color":"var(--ast-global-color-4)","background-image":"","background-repeat":"repeat","background-position":"center center","background-size":"auto","background-attachment":"scroll","background-type":"","background-media":"","overlay-type":"","overlay-color":"","overlay-opacity":"","overlay-gradient":""},"tablet":{"background-color":"var(--ast-global-color-4)","background-image":"","background-repeat":"repeat","background-position":"center center","background-size":"auto","background-attachment":"scroll","background-type":"","background-media":"","overlay-type":"","overlay-color":"","overlay-opacity":"","overlay-gradient":""},"mobile":{"background-color":"var(--ast-global-color-4)","background-image":"","background-repeat":"repeat","background-position":"center center","background-size":"auto","background-attachment":"scroll","background-type":"","background-media":"","overlay-type":"","overlay-color":"","overlay-opacity":"","overlay-gradient":""}},"footnotes":""},"class_list":["post-12650","page","type-page","status-publish","hentry"],"yoast_head":"<!-- This site is optimized with the Yoast SEO plugin v26.6 - https:\/\/yoast.com\/wordpress\/plugins\/seo\/ -->\n<title>Allm\u00e4nna villkor - Mekulo SE<\/title>\n<meta name=\"robots\" content=\"index, follow, max-snippet:-1, max-image-preview:large, max-video-preview:-1\" \/>\n<link rel=\"canonical\" href=\"https:\/\/mekulo.com\/se\/allmanna-villkor\/\" \/>\n<meta property=\"og:locale\" content=\"nb_NO\" \/>\n<meta property=\"og:type\" content=\"article\" \/>\n<meta property=\"og:title\" content=\"Allm\u00e4nna villkor - Mekulo SE\" \/>\n<meta property=\"og:description\" content=\"AVSNITT 1 \u2013 VILLKOR F\u00d6R WEBBUTIKEN Genom att godk\u00e4nna dessa ANV\u00c4NDARVILLKOR f\u00f6rbinder du dig att inte anv\u00e4nda v\u00e5ra produkter f\u00f6r [&hellip;]\" \/>\n<meta property=\"og:url\" content=\"https:\/\/mekulo.com\/se\/allmanna-villkor\/\" \/>\n<meta property=\"og:site_name\" content=\"Mekulo SE\" \/>\n<meta property=\"article:modified_time\" content=\"2026-04-01T11:18:42+00:00\" \/>\n<meta name=\"twitter:card\" content=\"summary_large_image\" \/>\n<meta name=\"twitter:label1\" content=\"Ansl. lesetid\" \/>\n\t<meta name=\"twitter:data1\" content=\"5 minutter\" \/>\n<script type=\"application\/ld+json\" class=\"yoast-schema-graph\">{\"@context\":\"https:\/\/schema.org\",\"@graph\":[{\"@type\":\"WebPage\",\"@id\":\"https:\/\/mekulo.com\/se\/allmanna-villkor\/\",\"url\":\"https:\/\/mekulo.com\/se\/allmanna-villkor\/\",\"name\":\"Allm\u00e4nna villkor - Mekulo SE\",\"isPartOf\":{\"@id\":\"https:\/\/mekulo.com\/se\/#website\"},\"datePublished\":\"2025-12-05T15:20:17+00:00\",\"dateModified\":\"2026-04-01T11:18:42+00:00\",\"breadcrumb\":{\"@id\":\"https:\/\/mekulo.com\/se\/allmanna-villkor\/#breadcrumb\"},\"inLanguage\":\"nb-NO\",\"potentialAction\":[{\"@type\":\"ReadAction\",\"target\":[\"https:\/\/mekulo.com\/se\/allmanna-villkor\/\"]}]},{\"@type\":\"BreadcrumbList\",\"@id\":\"https:\/\/mekulo.com\/se\/allmanna-villkor\/#breadcrumb\",\"itemListElement\":[{\"@type\":\"ListItem\",\"position\":1,\"name\":\"Home\",\"item\":\"https:\/\/mekulo.com\/se\/\"},{\"@type\":\"ListItem\",\"position\":2,\"name\":\"Allm\u00e4nna villkor\"}]},{\"@type\":\"WebSite\",\"@id\":\"https:\/\/mekulo.com\/se\/#website\",\"url\":\"https:\/\/mekulo.com\/se\/\",\"name\":\"Mekulo SE\",\"description\":\"\",\"publisher\":{\"@id\":\"https:\/\/mekulo.com\/se\/#organization\"},\"potentialAction\":[{\"@type\":\"SearchAction\",\"target\":{\"@type\":\"EntryPoint\",\"urlTemplate\":\"https:\/\/mekulo.com\/se\/?s={search_term_string}\"},\"query-input\":{\"@type\":\"PropertyValueSpecification\",\"valueRequired\":true,\"valueName\":\"search_term_string\"}}],\"inLanguage\":\"nb-NO\"},{\"@type\":\"Organization\",\"@id\":\"https:\/\/mekulo.com\/se\/#organization\",\"name\":\"Mekulo\",\"url\":\"https:\/\/mekulo.com\/se\/\",\"logo\":{\"@type\":\"ImageObject\",\"inLanguage\":\"nb-NO\",\"@id\":\"https:\/\/mekulo.com\/se\/#\/schema\/logo\/image\/\",\"url\":\"https:\/\/mekulo.com\/se\/wp-content\/uploads\/sites\/11\/2025\/12\/favicon_mekulo.png\",\"contentUrl\":\"https:\/\/mekulo.com\/se\/wp-content\/uploads\/sites\/11\/2025\/12\/favicon_mekulo.png\",\"width\":50,\"height\":50,\"caption\":\"Mekulo\"},\"image\":{\"@id\":\"https:\/\/mekulo.com\/se\/#\/schema\/logo\/image\/\"}}]}<\/script>\n<!-- \/ Yoast SEO plugin. -->","yoast_head_json":{"title":"Allm\u00e4nna villkor - Mekulo SE","robots":{"index":"index","follow":"follow","max-snippet":"max-snippet:-1","max-image-preview":"max-image-preview:large","max-video-preview":"max-video-preview:-1"},"canonical":"https:\/\/mekulo.com\/se\/allmanna-villkor\/","og_locale":"nb_NO","og_type":"article","og_title":"Allm\u00e4nna villkor - Mekulo SE","og_description":"AVSNITT 1 \u2013 VILLKOR F\u00d6R WEBBUTIKEN Genom att godk\u00e4nna dessa ANV\u00c4NDARVILLKOR f\u00f6rbinder du dig att inte anv\u00e4nda v\u00e5ra produkter f\u00f6r [&hellip;]","og_url":"https:\/\/mekulo.com\/se\/allmanna-villkor\/","og_site_name":"Mekulo SE","article_modified_time":"2026-04-01T11:18:42+00:00","twitter_card":"summary_large_image","twitter_misc":{"Ansl. lesetid":"5 minutter"},"schema":{"@context":"https:\/\/schema.org","@graph":[{"@type":"WebPage","@id":"https:\/\/mekulo.com\/se\/allmanna-villkor\/","url":"https:\/\/mekulo.com\/se\/allmanna-villkor\/","name":"Allm\u00e4nna villkor - Mekulo SE","isPartOf":{"@id":"https:\/\/mekulo.com\/se\/#website"},"datePublished":"2025-12-05T15:20:17+00:00","dateModified":"2026-04-01T11:18:42+00:00","breadcrumb":{"@id":"https:\/\/mekulo.com\/se\/allmanna-villkor\/#breadcrumb"},"inLanguage":"nb-NO","potentialAction":[{"@type":"ReadAction","target":["https:\/\/mekulo.com\/se\/allmanna-villkor\/"]}]},{"@type":"BreadcrumbList","@id":"https:\/\/mekulo.com\/se\/allmanna-villkor\/#breadcrumb","itemListElement":[{"@type":"ListItem","position":1,"name":"Home","item":"https:\/\/mekulo.com\/se\/"},{"@type":"ListItem","position":2,"name":"Allm\u00e4nna villkor"}]},{"@type":"WebSite","@id":"https:\/\/mekulo.com\/se\/#website","url":"https:\/\/mekulo.com\/se\/","name":"Mekulo SE","description":"","publisher":{"@id":"https:\/\/mekulo.com\/se\/#organization"},"potentialAction":[{"@type":"SearchAction","target":{"@type":"EntryPoint","urlTemplate":"https:\/\/mekulo.com\/se\/?s={search_term_string}"},"query-input":{"@type":"PropertyValueSpecification","valueRequired":true,"valueName":"search_term_string"}}],"inLanguage":"nb-NO"},{"@type":"Organization","@id":"https:\/\/mekulo.com\/se\/#organization","name":"Mekulo","url":"https:\/\/mekulo.com\/se\/","logo":{"@type":"ImageObject","inLanguage":"nb-NO","@id":"https:\/\/mekulo.com\/se\/#\/schema\/logo\/image\/","url":"https:\/\/mekulo.com\/se\/wp-content\/uploads\/sites\/11\/2025\/12\/favicon_mekulo.png","contentUrl":"https:\/\/mekulo.com\/se\/wp-content\/uploads\/sites\/11\/2025\/12\/favicon_mekulo.png","width":50,"height":50,"caption":"Mekulo"},"image":{"@id":"https:\/\/mekulo.com\/se\/#\/schema\/logo\/image\/"}}]}},"_links":{"self":[{"href":"https:\/\/mekulo.com\/se\/wp-json\/wp\/v2\/pages\/12650","targetHints":{"allow":["GET"]}}],"collection":[{"href":"https:\/\/mekulo.com\/se\/wp-json\/wp\/v2\/pages"}],"about":[{"href":"https:\/\/mekulo.com\/se\/wp-json\/wp\/v2\/types\/page"}],"author":[{"embeddable":true,"href":"https:\/\/mekulo.com\/se\/wp-json\/wp\/v2\/users\/1"}],"replies":[{"embeddable":true,"href":"https:\/\/mekulo.com\/se\/wp-json\/wp\/v2\/comments?post=12650"}],"version-history":[{"count":11,"href":"https:\/\/mekulo.com\/se\/wp-json\/wp\/v2\/pages\/12650\/revisions"}],"predecessor-version":[{"id":26808,"href":"https:\/\/mekulo.com\/se\/wp-json\/wp\/v2\/pages\/12650\/revisions\/26808"}],"wp:attachment":[{"href":"https:\/\/mekulo.com\/se\/wp-json\/wp\/v2\/media?parent=12650"}],"curies":[{"name":"wp","href":"https:\/\/api.w.org\/{rel}","templated":true}]}}