{"id":27756,"date":"2026-04-14T19:23:15","date_gmt":"2026-04-14T16:23:15","guid":{"rendered":"https:\/\/mekulo.com\/no\/produkt\/smart-justerbar-skotorker\/"},"modified":"2026-04-14T19:23:15","modified_gmt":"2026-04-14T16:23:15","slug":"smart-justerbar-skotorker","status":"publish","type":"product","link":"https:\/\/mekulo.com\/no\/produkt\/smart-justerbar-skotorker\/","title":{"rendered":"Smart justerbar skot\u00f8rker"},"content":{"rendered":"<h2 style=\"text-align: center\" data-section-id=\"wtab3f\" data-start=\"439\" data-end=\"455\">\u2728 L\u00f8ftet<\/h2>\n<p style=\"text-align: center\" data-start=\"457\" data-end=\"517\">T\u00f8rk sko raskere.<br data-start=\"474\" data-end=\"477\" \/>Fjern lukt.<br data-start=\"492\" data-end=\"495\" \/>Beskytt fott\u00f8yet ditt.<\/p>\n<p data-start=\"457\" data-end=\"517\"><img fetchpriority=\"high\" decoding=\"async\" class=\" wp-image-27580 aligncenter\" src=\"https:\/\/mekulo.com\/template\/wp-content\/uploads\/sites\/6\/2026\/03\/12219-ezgif.com-video-to-webp-converter-5.webp\" alt=\"\" width=\"551\" height=\"551\" \/><\/p>\n<h2 style=\"text-align: center\" data-section-id=\"cpygjs\" data-start=\"524\" data-end=\"543\">\ud83d\udc5f Hovedfordeler<\/h2>\n<p data-start=\"547\" data-end=\"656\">\ud83c\udf2c 360\u00b0 varmluftsirkulasjon &#8211; Varm luft str\u00f8mmer gjennom hvert hj\u00f8rne av skoen for rask og jevn t\u00f8rking.<\/p>\n<p data-start=\"660\" data-end=\"770\">\ud83d\udca8 Dyp deodoriseringsteknologi &#8211; Aktivt karbon bidrar til \u00e5 absorbere lukt og redusere bakterier i skoene.<\/p>\n<p data-start=\"774\" data-end=\"874\">\u23f1 Smart timerkontroll &#8211; Velg mellom 30 \/ 60 \/ 90 \/ 120 minutter for ulike t\u00f8rkebehov.<\/p>\n<p data-start=\"878\" data-end=\"996\">\ud83c\udf21 Konstant temperaturbeskyttelse &#8211; Intelligent oppvarming holder en trygg temperatur for \u00e5 beskytte \u00f8mt\u00e5lige materialer.<\/p>\n<p data-start=\"1000\" data-end=\"1095\">\ud83e\udde4 Flerbrukst\u00f8rking &#8211; Perfekt for sko, st\u00f8vler, hansker, sokker og andre sm\u00e5ting.<\/p>\n<p data-start=\"1099\" data-end=\"1194\">\ud83c\udfe0 Familievennlig bekvemmelighet &#8211; Holder alles fott\u00f8y friskt og klart til daglig bruk.<\/p>\n<h2 style=\"text-align: center\" data-section-id=\"d0iej6\" data-start=\"1201\" data-end=\"1224\">\u2757 Problem \u2192 L\u00f8sning<\/h2>\n<p data-start=\"1226\" data-end=\"1338\"><strong data-start=\"1226\" data-end=\"1238\">Problem:<\/strong><br data-start=\"1238\" data-end=\"1241\" \/>V\u00e5te sko tar ofte flere timer \u00e5 t\u00f8rke, noe som f\u00f8rer til ubehagelig lukt, bakterieoppbygging og ubehag.<\/p>\n<p data-start=\"1340\" data-end=\"1509\"><strong data-start=\"1340\" data-end=\"1353\">L\u00f8sning:<\/strong><br data-start=\"1353\" data-end=\"1356\" \/>Denne smarte, justerbare skot\u00f8rkeren t\u00f8rker skoene fra innsiden ved hjelp av sirkulerende varm luft samtidig som den fjerner lukt &#8211; og holder fott\u00f8yet rent, t\u00f8rt og behagelig. Sunne sko starter med riktig t\u00f8rking.<\/p>\n<p data-start=\"1340\" data-end=\"1509\"><img decoding=\"async\" class=\"size-full wp-image-27583 aligncenter\" src=\"https:\/\/mekulo.com\/template\/wp-content\/uploads\/sites\/6\/2026\/03\/3-7.jpeg\" alt=\"\" width=\"1000\" height=\"1000\" \/><\/p>\n<h2 style=\"text-align: center\" data-section-id=\"idt0v2\" data-start=\"1557\" data-end=\"1583\">\ud83c\udfc3 Perfekt for<\/h2>\n<ul data-start=\"1599\" data-end=\"1759\">\n<li data-section-id=\"s99o19\" data-start=\"1599\" data-end=\"1624\">\n<p data-start=\"1601\" data-end=\"1624\">Daglig t\u00f8rking av fott\u00f8y<\/p>\n<\/li>\n<li data-section-id=\"1viln82\" data-start=\"1625\" data-end=\"1656\">\n<p data-start=\"1627\" data-end=\"1656\">Vinterst\u00f8vler og sn\u00f8sko<\/p>\n<\/li>\n<li data-section-id=\"1g3hu0t\" data-start=\"1657\" data-end=\"1690\">\n<p data-start=\"1659\" data-end=\"1690\">Sportsko og joggesko til trening<\/p>\n<\/li>\n<li data-section-id=\"16u3od0\" data-start=\"1691\" data-end=\"1721\">\n<p data-start=\"1693\" data-end=\"1721\">Sko til fotturer eller utend\u00f8rsbruk<\/p>\n<\/li>\n<li data-section-id=\"u32up6\" data-start=\"1722\" data-end=\"1759\">\n<p data-start=\"1724\" data-end=\"1759\">Vanter, sokker og sm\u00e5plagg<\/p>\n<\/li>\n<\/ul>\n<p data-start=\"1761\" data-end=\"1800\">Et praktisk verkt\u00f8y for aktive husholdninger.<\/p>\n<h2 style=\"text-align: center\" data-section-id=\"1k514u3\" data-start=\"1807\" data-end=\"1823\">\u2699\ufe0f Slik bruker du den<\/h2>\n<ol data-start=\"1825\" data-end=\"2072\">\n<li data-section-id=\"1yxfo9i\" data-start=\"1825\" data-end=\"1876\">\n<p data-start=\"1828\" data-end=\"1876\">Sett t\u00f8rketrommelarmene inn i skoene eller st\u00f8vlene.<\/p>\n<\/li>\n<li data-section-id=\"lkth62\" data-start=\"1877\" data-end=\"1935\">\n<p data-start=\"1880\" data-end=\"1935\">Velg \u00f8nsket t\u00f8rketid ved hjelp av kontrollknappen.<\/p>\n<\/li>\n<li data-section-id=\"madkf9\" data-start=\"1936\" data-end=\"1959\">\n<p data-start=\"1939\" data-end=\"1959\">Sl\u00e5 p\u00e5 enheten.<\/p>\n<\/li>\n<li data-section-id=\"wy4ljm\" data-start=\"1960\" data-end=\"2013\">\n<p data-start=\"1963\" data-end=\"2013\">Varm luft sirkulerer og t\u00f8rker skoene jevnt.<\/p>\n<\/li>\n<li data-section-id=\"pac3by\" data-start=\"2014\" data-end=\"2072\">\n<p data-start=\"2017\" data-end=\"2072\">T\u00f8rketrommelen stopper automatisk n\u00e5r tidtakeren er ferdig.<\/p>\n<\/li>\n<\/ol>\n<h2 style=\"text-align: center\" data-section-id=\"6cujb5\" data-start=\"2109\" data-end=\"2130\">\ud83d\udcd0 Produktdetaljer<\/h2>\n<ul data-start=\"2132\" data-end=\"2414\">\n<li data-section-id=\"1cryzvx\" data-start=\"2132\" data-end=\"2201\">\n<p data-start=\"2134\" data-end=\"2201\">Materiale: Flammehemmende materiale med h\u00f8y temperaturbestandighet<\/p>\n<\/li>\n<li data-section-id=\"8gorz7\" data-start=\"2202\" data-end=\"2221\">\n<p data-start=\"2204\" data-end=\"2221\">Effekt: 180W<\/p>\n<\/li>\n<li data-section-id=\"6b1a4i\" data-start=\"2222\" data-end=\"2276\">\n<p data-start=\"2224\" data-end=\"2238\">Spenning:<span style=\"font-size: 16px\">\u00a0220-240V<\/span><\/p>\n<\/li>\n<li data-section-id=\"12y1bcx\" data-start=\"2277\" data-end=\"2300\">\n<p data-start=\"2279\" data-end=\"2300\">Frekvens: 50Hz<\/p>\n<\/li>\n<li data-section-id=\"185y3f7\" data-start=\"2301\" data-end=\"2342\">\n<p data-start=\"2303\" data-end=\"2342\">Oppvarmingstemperatur: Ca. 48\u00b0C<\/p>\n<\/li>\n<li data-section-id=\"1f8tgot\" data-start=\"2343\" data-end=\"2393\">\n<p data-start=\"2345\" data-end=\"2393\">Timerinnstillinger: 30 \/ 60 \/ 90 \/ 120 minutter<\/p>\n<\/li>\n<li data-section-id=\"1f8tgot\" data-start=\"2343\" data-end=\"2393\">\n<p data-start=\"2345\" data-end=\"2393\">Kontakttype: EU-kontakt<\/p>\n<\/li>\n<li data-section-id=\"1f8tgot\" data-start=\"2343\" data-end=\"2393\">St\u00f8rrelse: 28,5 x 26,5 cm<\/li>\n<\/ul>\n<h2 style=\"text-align: center\" data-section-id=\"1qc1r63\" data-start=\"2464\" data-end=\"2486\">\ud83d\udce6 Pakken inneholder<\/h2>\n<ul data-start=\"2488\" data-end=\"2523\">\n<li data-section-id=\"1ssg3mx\" data-start=\"2488\" data-end=\"2523\">\n<p data-start=\"2490\" data-end=\"2523\">1x smart justerbar skot\u00f8r<\/p>\n","protected":false},"excerpt":{"rendered":"<p>\ud83e\ude70T\u00f8rre, friske og bruksklare sko hver dag. Den smartere m\u00e5ten \u00e5 ta vare p\u00e5 fott\u00f8yet ditt p\u00e5.<br \/>\n\ud83d\udc5fDenne smarte, justerbare skot\u00f8rkeren bruker sirkulerende varmluft og intelligent temperaturkontroll for \u00e5 t\u00f8rke skoene raskt, samtidig som den eliminerer lukt og fuktighet.<br \/>\n\ud83d\udca8Designet for bekvemmelighet og sikkerhet, holder den fott\u00f8yet ditt komfortabelt, hygienisk og klart til neste dag.<\/p>\n","protected":false},"featured_media":27752,"comment_status":"open","ping_status":"closed","template":"","meta":{"site-sidebar-layout":"default","site-content-layout":"","ast-site-content-layout":"default","site-content-style":"default","site-sidebar-style":"default","ast-global-header-display":"","ast-banner-title-visibility":"","ast-main-header-display":"","ast-hfb-above-header-display":"","ast-hfb-below-header-display":"","ast-hfb-mobile-header-display":"","site-post-title":"","ast-breadcrumbs-content":"","ast-featured-img":"","footer-sml-layout":"","theme-transparent-header-meta":"default","adv-header-id-meta":"","stick-header-meta":"","header-above-stick-meta":"","header-main-stick-meta":"","header-below-stick-meta":"","astra-migrate-meta-layouts":"set","ast-page-background-enabled":"default","ast-page-background-meta":{"desktop":{"background-color":"var(--ast-global-color-5)","background-image":"","background-repeat":"repeat","background-position":"center center","background-size":"auto","background-attachment":"scroll","background-type":"","background-media":"","overlay-type":"","overlay-color":"","overlay-opacity":"","overlay-gradient":""},"tablet":{"background-color":"","background-image":"","background-repeat":"repeat","background-position":"center center","background-size":"auto","background-attachment":"scroll","background-type":"","background-media":"","overlay-type":"","overlay-color":"","overlay-opacity":"","overlay-gradient":""},"mobile":{"background-color":"","background-image":"","background-repeat":"repeat","background-position":"center center","background-size":"auto","background-attachment":"scroll","background-type":"","background-media":"","overlay-type":"","overlay-color":"","overlay-opacity":"","overlay-gradient":""}},"ast-content-background-meta":{"desktop":{"background-color":"var(--ast-global-color-4)","background-image":"","background-repeat":"repeat","background-position":"center center","background-size":"auto","background-attachment":"scroll","background-type":"","background-media":"","overlay-type":"","overlay-color":"","overlay-opacity":"","overlay-gradient":""},"tablet":{"background-color":"var(--ast-global-color-4)","background-image":"","background-repeat":"repeat","background-position":"center center","background-size":"auto","background-attachment":"scroll","background-type":"","background-media":"","overlay-type":"","overlay-color":"","overlay-opacity":"","overlay-gradient":""},"mobile":{"background-color":"var(--ast-global-color-4)","background-image":"","background-repeat":"repeat","background-position":"center center","background-size":"auto","background-attachment":"scroll","background-type":"","background-media":"","overlay-type":"","overlay-color":"","overlay-opacity":"","overlay-gradient":""}}},"product_brand":[],"product_cat":[168],"product_tag":[],"class_list":{"0":"post-27756","1":"product","2":"type-product","3":"status-publish","4":"has-post-thumbnail","6":"product_cat-husholdningsartikler","7":"desktop-align-left","8":"tablet-align-left","9":"mobile-align-left","11":"first","12":"instock","13":"shipping-taxable","14":"purchasable","15":"product-type-simple"},"yoast_head":"<!-- This site is optimized with the Yoast SEO plugin v26.6 - https:\/\/yoast.com\/wordpress\/plugins\/seo\/ -->\n<title>Smart justerbar skot\u00f8rker - Mekulo NO<\/title>\n<meta name=\"robots\" content=\"index, follow, max-snippet:-1, max-image-preview:large, max-video-preview:-1\" \/>\n<link rel=\"canonical\" href=\"https:\/\/mekulo.com\/no\/produkt\/smart-justerbar-skotorker\/\" \/>\n<meta property=\"og:locale\" content=\"nb_NO\" \/>\n<meta property=\"og:type\" content=\"article\" \/>\n<meta property=\"og:title\" content=\"Smart justerbar skot\u00f8rker - Mekulo NO\" \/>\n<meta property=\"og:description\" content=\"\ud83e\ude70T\u00f8rre, friske og bruksklare sko hver dag. Den smartere m\u00e5ten \u00e5 ta vare p\u00e5 fott\u00f8yet ditt p\u00e5. \ud83d\udc5fDenne smarte, justerbare skot\u00f8rkeren bruker sirkulerende varmluft og intelligent temperaturkontroll for \u00e5 t\u00f8rke skoene raskt, samtidig som den eliminerer lukt og fuktighet. \ud83d\udca8Designet for bekvemmelighet og sikkerhet, holder den fott\u00f8yet ditt komfortabelt, hygienisk og klart til neste dag.\" \/>\n<meta property=\"og:url\" content=\"https:\/\/mekulo.com\/no\/produkt\/smart-justerbar-skotorker\/\" \/>\n<meta property=\"og:site_name\" content=\"Mekulo NO\" \/>\n<meta property=\"og:image\" content=\"https:\/\/mekulo.com\/no\/wp-content\/uploads\/sites\/10\/2026\/04\/lgh0eif-1.jpeg\" \/>\n\t<meta property=\"og:image:width\" content=\"1000\" \/>\n\t<meta property=\"og:image:height\" content=\"1000\" \/>\n\t<meta property=\"og:image:type\" content=\"image\/jpeg\" \/>\n<meta name=\"twitter:card\" content=\"summary_large_image\" \/>\n<meta name=\"twitter:label1\" content=\"Ansl. lesetid\" \/>\n\t<meta name=\"twitter:data1\" content=\"2 minutter\" \/>\n<script type=\"application\/ld+json\" class=\"yoast-schema-graph\">{\"@context\":\"https:\/\/schema.org\",\"@graph\":[{\"@type\":\"WebPage\",\"@id\":\"https:\/\/mekulo.com\/no\/produkt\/smart-justerbar-skotorker\/\",\"url\":\"https:\/\/mekulo.com\/no\/produkt\/smart-justerbar-skotorker\/\",\"name\":\"Smart justerbar skot\u00f8rker - Mekulo NO\",\"isPartOf\":{\"@id\":\"https:\/\/mekulo.com\/no\/#website\"},\"primaryImageOfPage\":{\"@id\":\"https:\/\/mekulo.com\/no\/produkt\/smart-justerbar-skotorker\/#primaryimage\"},\"image\":{\"@id\":\"https:\/\/mekulo.com\/no\/produkt\/smart-justerbar-skotorker\/#primaryimage\"},\"thumbnailUrl\":\"https:\/\/mekulo.com\/no\/wp-content\/uploads\/sites\/10\/2026\/04\/lgh0eif-1.jpeg\",\"datePublished\":\"2026-04-14T16:23:15+00:00\",\"breadcrumb\":{\"@id\":\"https:\/\/mekulo.com\/no\/produkt\/smart-justerbar-skotorker\/#breadcrumb\"},\"inLanguage\":\"nb-NO\",\"potentialAction\":[{\"@type\":\"ReadAction\",\"target\":[\"https:\/\/mekulo.com\/no\/produkt\/smart-justerbar-skotorker\/\"]}]},{\"@type\":\"ImageObject\",\"inLanguage\":\"nb-NO\",\"@id\":\"https:\/\/mekulo.com\/no\/produkt\/smart-justerbar-skotorker\/#primaryimage\",\"url\":\"https:\/\/mekulo.com\/no\/wp-content\/uploads\/sites\/10\/2026\/04\/lgh0eif-1.jpeg\",\"contentUrl\":\"https:\/\/mekulo.com\/no\/wp-content\/uploads\/sites\/10\/2026\/04\/lgh0eif-1.jpeg\",\"width\":1000,\"height\":1000},{\"@type\":\"BreadcrumbList\",\"@id\":\"https:\/\/mekulo.com\/no\/produkt\/smart-justerbar-skotorker\/#breadcrumb\",\"itemListElement\":[{\"@type\":\"ListItem\",\"position\":1,\"name\":\"Home\",\"item\":\"https:\/\/mekulo.com\/no\/\"},{\"@type\":\"ListItem\",\"position\":2,\"name\":\"Butikk\",\"item\":\"https:\/\/mekulo.com\/no\/butikk\/\"},{\"@type\":\"ListItem\",\"position\":3,\"name\":\"Smart justerbar skot\u00f8rker\"}]},{\"@type\":\"WebSite\",\"@id\":\"https:\/\/mekulo.com\/no\/#website\",\"url\":\"https:\/\/mekulo.com\/no\/\",\"name\":\"Mekulo NO\",\"description\":\"\",\"publisher\":{\"@id\":\"https:\/\/mekulo.com\/no\/#organization\"},\"potentialAction\":[{\"@type\":\"SearchAction\",\"target\":{\"@type\":\"EntryPoint\",\"urlTemplate\":\"https:\/\/mekulo.com\/no\/?s={search_term_string}\"},\"query-input\":{\"@type\":\"PropertyValueSpecification\",\"valueRequired\":true,\"valueName\":\"search_term_string\"}}],\"inLanguage\":\"nb-NO\"},{\"@type\":\"Organization\",\"@id\":\"https:\/\/mekulo.com\/no\/#organization\",\"name\":\"Mekulo\",\"url\":\"https:\/\/mekulo.com\/no\/\",\"logo\":{\"@type\":\"ImageObject\",\"inLanguage\":\"nb-NO\",\"@id\":\"https:\/\/mekulo.com\/no\/#\/schema\/logo\/image\/\",\"url\":\"https:\/\/mekulo.com\/no\/wp-content\/uploads\/sites\/10\/2025\/12\/favicon_mekulo.png\",\"contentUrl\":\"https:\/\/mekulo.com\/no\/wp-content\/uploads\/sites\/10\/2025\/12\/favicon_mekulo.png\",\"width\":50,\"height\":50,\"caption\":\"Mekulo\"},\"image\":{\"@id\":\"https:\/\/mekulo.com\/no\/#\/schema\/logo\/image\/\"}}]}<\/script>\n<!-- \/ Yoast SEO plugin. -->","yoast_head_json":{"title":"Smart justerbar skot\u00f8rker - Mekulo NO","robots":{"index":"index","follow":"follow","max-snippet":"max-snippet:-1","max-image-preview":"max-image-preview:large","max-video-preview":"max-video-preview:-1"},"canonical":"https:\/\/mekulo.com\/no\/produkt\/smart-justerbar-skotorker\/","og_locale":"nb_NO","og_type":"article","og_title":"Smart justerbar skot\u00f8rker - Mekulo NO","og_description":"\ud83e\ude70T\u00f8rre, friske og bruksklare sko hver dag. Den smartere m\u00e5ten \u00e5 ta vare p\u00e5 fott\u00f8yet ditt p\u00e5. \ud83d\udc5fDenne smarte, justerbare skot\u00f8rkeren bruker sirkulerende varmluft og intelligent temperaturkontroll for \u00e5 t\u00f8rke skoene raskt, samtidig som den eliminerer lukt og fuktighet. \ud83d\udca8Designet for bekvemmelighet og sikkerhet, holder den fott\u00f8yet ditt komfortabelt, hygienisk og klart til neste dag.","og_url":"https:\/\/mekulo.com\/no\/produkt\/smart-justerbar-skotorker\/","og_site_name":"Mekulo NO","og_image":[{"width":1000,"height":1000,"url":"https:\/\/mekulo.com\/no\/wp-content\/uploads\/sites\/10\/2026\/04\/lgh0eif-1.jpeg","type":"image\/jpeg"}],"twitter_card":"summary_large_image","twitter_misc":{"Ansl. lesetid":"2 minutter"},"schema":{"@context":"https:\/\/schema.org","@graph":[{"@type":"WebPage","@id":"https:\/\/mekulo.com\/no\/produkt\/smart-justerbar-skotorker\/","url":"https:\/\/mekulo.com\/no\/produkt\/smart-justerbar-skotorker\/","name":"Smart justerbar skot\u00f8rker - Mekulo NO","isPartOf":{"@id":"https:\/\/mekulo.com\/no\/#website"},"primaryImageOfPage":{"@id":"https:\/\/mekulo.com\/no\/produkt\/smart-justerbar-skotorker\/#primaryimage"},"image":{"@id":"https:\/\/mekulo.com\/no\/produkt\/smart-justerbar-skotorker\/#primaryimage"},"thumbnailUrl":"https:\/\/mekulo.com\/no\/wp-content\/uploads\/sites\/10\/2026\/04\/lgh0eif-1.jpeg","datePublished":"2026-04-14T16:23:15+00:00","breadcrumb":{"@id":"https:\/\/mekulo.com\/no\/produkt\/smart-justerbar-skotorker\/#breadcrumb"},"inLanguage":"nb-NO","potentialAction":[{"@type":"ReadAction","target":["https:\/\/mekulo.com\/no\/produkt\/smart-justerbar-skotorker\/"]}]},{"@type":"ImageObject","inLanguage":"nb-NO","@id":"https:\/\/mekulo.com\/no\/produkt\/smart-justerbar-skotorker\/#primaryimage","url":"https:\/\/mekulo.com\/no\/wp-content\/uploads\/sites\/10\/2026\/04\/lgh0eif-1.jpeg","contentUrl":"https:\/\/mekulo.com\/no\/wp-content\/uploads\/sites\/10\/2026\/04\/lgh0eif-1.jpeg","width":1000,"height":1000},{"@type":"BreadcrumbList","@id":"https:\/\/mekulo.com\/no\/produkt\/smart-justerbar-skotorker\/#breadcrumb","itemListElement":[{"@type":"ListItem","position":1,"name":"Home","item":"https:\/\/mekulo.com\/no\/"},{"@type":"ListItem","position":2,"name":"Butikk","item":"https:\/\/mekulo.com\/no\/butikk\/"},{"@type":"ListItem","position":3,"name":"Smart justerbar skot\u00f8rker"}]},{"@type":"WebSite","@id":"https:\/\/mekulo.com\/no\/#website","url":"https:\/\/mekulo.com\/no\/","name":"Mekulo NO","description":"","publisher":{"@id":"https:\/\/mekulo.com\/no\/#organization"},"potentialAction":[{"@type":"SearchAction","target":{"@type":"EntryPoint","urlTemplate":"https:\/\/mekulo.com\/no\/?s={search_term_string}"},"query-input":{"@type":"PropertyValueSpecification","valueRequired":true,"valueName":"search_term_string"}}],"inLanguage":"nb-NO"},{"@type":"Organization","@id":"https:\/\/mekulo.com\/no\/#organization","name":"Mekulo","url":"https:\/\/mekulo.com\/no\/","logo":{"@type":"ImageObject","inLanguage":"nb-NO","@id":"https:\/\/mekulo.com\/no\/#\/schema\/logo\/image\/","url":"https:\/\/mekulo.com\/no\/wp-content\/uploads\/sites\/10\/2025\/12\/favicon_mekulo.png","contentUrl":"https:\/\/mekulo.com\/no\/wp-content\/uploads\/sites\/10\/2025\/12\/favicon_mekulo.png","width":50,"height":50,"caption":"Mekulo"},"image":{"@id":"https:\/\/mekulo.com\/no\/#\/schema\/logo\/image\/"}}]}},"_links":{"self":[{"href":"https:\/\/mekulo.com\/no\/wp-json\/wp\/v2\/product\/27756","targetHints":{"allow":["GET"]}}],"collection":[{"href":"https:\/\/mekulo.com\/no\/wp-json\/wp\/v2\/product"}],"about":[{"href":"https:\/\/mekulo.com\/no\/wp-json\/wp\/v2\/types\/product"}],"replies":[{"embeddable":true,"href":"https:\/\/mekulo.com\/no\/wp-json\/wp\/v2\/comments?post=27756"}],"wp:featuredmedia":[{"embeddable":true,"href":"https:\/\/mekulo.com\/no\/wp-json\/wp\/v2\/media\/27752"}],"wp:attachment":[{"href":"https:\/\/mekulo.com\/no\/wp-json\/wp\/v2\/media?parent=27756"}],"wp:term":[{"taxonomy":"product_brand","embeddable":true,"href":"https:\/\/mekulo.com\/no\/wp-json\/wp\/v2\/product_brand?post=27756"},{"taxonomy":"product_cat","embeddable":true,"href":"https:\/\/mekulo.com\/no\/wp-json\/wp\/v2\/product_cat?post=27756"},{"taxonomy":"product_tag","embeddable":true,"href":"https:\/\/mekulo.com\/no\/wp-json\/wp\/v2\/product_tag?post=27756"}],"curies":[{"name":"wp","href":"https:\/\/api.w.org\/{rel}","templated":true}]}}