{"id":27731,"date":"2026-04-14T19:17:06","date_gmt":"2026-04-14T16:17:06","guid":{"rendered":"https:\/\/mekulo.com\/no\/produkt\/veggmontert-fiskestangstativ\/"},"modified":"2026-04-14T19:17:42","modified_gmt":"2026-04-14T16:17:42","slug":"veggmontert-fiskestangstativ","status":"publish","type":"product","link":"https:\/\/mekulo.com\/no\/produkt\/veggmontert-fiskestangstativ\/","title":{"rendered":"Veggmontert fiskestangstativ"},"content":{"rendered":"<h2 style=\"text-align: center\" data-section-id=\"wtab3f\" data-start=\"431\" data-end=\"447\">\u2728 L\u00f8ftet<\/h2>\n<p style=\"text-align: center\" data-start=\"449\" data-end=\"518\">Bedre organisering.<br data-start=\"469\" data-end=\"472\" \/>Tryggere oppbevaring av stenger.<br data-start=\"490\" data-end=\"493\" \/>Mer plass til utstyret ditt.<\/p>\n<p data-start=\"449\" data-end=\"518\"><img fetchpriority=\"high\" decoding=\"async\" class=\"size-full wp-image-27559 aligncenter\" src=\"https:\/\/mekulo.com\/template\/wp-content\/uploads\/sites\/6\/2026\/03\/spp_shopify20251111143215_1262abfeb786ff259734615e79a08f18.webp\" alt=\"\" width=\"800\" height=\"800\" \/><\/p>\n<h2 style=\"text-align: center\" data-section-id=\"16hu0ut\" data-start=\"525\" data-end=\"544\">\ud83c\udfa3 Hovedfordeler<\/h2>\n<p data-start=\"548\" data-end=\"635\">\ud83e\uddf1 Plassbesparende veggdesign &#8211; Oppbevarer stengene dine vertikalt for \u00e5 frigj\u00f8re gulvplass.<\/p>\n<p data-start=\"639\" data-end=\"735\">\ud83d\udd12 Sikkert sklisikkert grep &#8211; EVA-pads holder stengene godt fast samtidig som de forhindrer riper eller skader.<\/p>\n<p data-start=\"739\" data-end=\"844\">\u26a1 Hurtig innsettings- og frigj\u00f8ringssystem &#8211; Selvopprullende klips gj\u00f8r det enkelt \u00e5 plassere og fjerne stenger.<\/p>\n<p data-start=\"848\" data-end=\"945\">\ud83c\udfa3 Holder flere stenger &#8211; Designet med flere spor for \u00e5 organisere opptil 6 fiskestenger.<\/p>\n<p data-start=\"949\" data-end=\"1044\">\ud83d\udee1 Slitesterke og robuste materialer &#8211; Laget av sterk ABS med st\u00f8tsikker EVA-polstring.<\/p>\n<p data-start=\"1048\" data-end=\"1153\">\ud83d\udd27 To installasjonsalternativer &#8211; Monter med sterke klebeputer eller skruer for permanent installasjon.<\/p>\n<h2 style=\"text-align: center\" data-section-id=\"d0iej6\" data-start=\"1160\" data-end=\"1183\">\u2757 Problem \u2192 L\u00f8sning<\/h2>\n<p data-start=\"1185\" data-end=\"1315\"><strong data-start=\"1185\" data-end=\"1197\">Problem:<\/strong><br data-start=\"1197\" data-end=\"1200\" \/>Fiskestenger havner ofte stablet p\u00e5 gulvet eller lener seg mot vegger, noe som \u00f8ker risikoen for skader og rot.<\/p>\n<p data-start=\"1317\" data-end=\"1490\"><strong data-start=\"1317\" data-end=\"1330\">L\u00f8sning:<\/strong><br data-start=\"1330\" data-end=\"1333\" \/>Dette veggmonterte fiskestangstativet organiserer stengene dine sikkert p\u00e5 veggen, og beskytter dem mot skader samtidig som fiskeplassen din er ryddig og tilgjengelig. En enkel oppgradering som beskytter utstyret ditt.<\/p>\n<p data-start=\"1317\" data-end=\"1490\"><img decoding=\"async\" class=\"size-full wp-image-27561 aligncenter\" src=\"https:\/\/mekulo.com\/template\/wp-content\/uploads\/sites\/6\/2026\/03\/spp_shopify20251111143229_186d753ac5a756f0ff0f5fc69676197e.webp\" alt=\"\" width=\"750\" height=\"638\" \/><\/p>\n<h2 style=\"text-align: center\" data-section-id=\"10n4q2k\" data-start=\"1540\" data-end=\"1566\">\ud83c\udfe1 Perfekt for<\/h2>\n<ul data-start=\"1582\" data-end=\"1693\">\n<li data-section-id=\"r4zyir\" data-start=\"1582\" data-end=\"1598\">\n<p data-start=\"1584\" data-end=\"1598\">Hjemmegarasjer<\/p>\n<\/li>\n<li data-section-id=\"4iyrhl\" data-start=\"1599\" data-end=\"1624\">\n<p data-start=\"1601\" data-end=\"1624\">Fiskeoppbevaringsrom<\/p>\n<\/li>\n<li data-section-id=\"1tn18w1\" data-start=\"1625\" data-end=\"1652\">\n<p data-start=\"1627\" data-end=\"1652\">Kjellere og verksteder<\/p>\n<\/li>\n<li data-section-id=\"3kiuiv\" data-start=\"1653\" data-end=\"1668\">\n<p data-start=\"1655\" data-end=\"1668\">B\u00e5thus<\/p>\n<\/li>\n<li data-section-id=\"1tlz8td\" data-start=\"1669\" data-end=\"1693\">\n<p data-start=\"1671\" data-end=\"1693\">Redskapsoppbevaringsomr\u00e5der<\/p>\n<\/li>\n<\/ul>\n<p data-start=\"1695\" data-end=\"1757\">Designet for sportsfiskere som \u00f8nsker et renere, organisert utstyrsoppsett.<\/p>\n<h2 style=\"text-align: center\" data-section-id=\"1k514u3\" data-start=\"1764\" data-end=\"1780\">\u2699\ufe0f Slik bruker du det<\/h2>\n<ol data-start=\"1782\" data-end=\"1991\">\n<li data-section-id=\"1fydscl\" data-start=\"1782\" data-end=\"1815\">\n<p data-start=\"1785\" data-end=\"1815\">Velg en passende veggplass.<\/p>\n<\/li>\n<li data-section-id=\"v33753\" data-start=\"1816\" data-end=\"1858\">\n<p data-start=\"1819\" data-end=\"1858\">Installer ved hjelp av selvklebende pads eller skruer.<\/p>\n<\/li>\n<li data-section-id=\"19uect1\" data-start=\"1859\" data-end=\"1903\">\n<p data-start=\"1862\" data-end=\"1903\">Sett fiskestengene inn i klipssporene.<\/p>\n<\/li>\n<li data-section-id=\"tbhhe9\" data-start=\"1904\" data-end=\"1945\">\n<p data-start=\"1907\" data-end=\"1945\">Trykk forsiktig for \u00e5 sikre dem p\u00e5 plass.<\/p>\n<\/li>\n<li data-section-id=\"1sp0w76\" data-start=\"1946\" data-end=\"1991\">\n<p data-start=\"1949\" data-end=\"1991\">Fjern enkelt n\u00e5r du trenger stangen din.<\/p>\n<\/li>\n<\/ol>\n<p data-start=\"1993\" data-end=\"2033\">Rask tilgang n\u00e5r det er p\u00e5 tide \u00e5 fiske.<\/p>\n<h2 style=\"text-align: center\" data-section-id=\"6cujb5\" data-start=\"2040\" data-end=\"2061\">\ud83d\udcd0 Produktdetaljer<\/h2>\n<ul data-start=\"2063\" data-end=\"2335\">\n<li data-section-id=\"jd1axc\" data-start=\"2063\" data-end=\"2090\">\n<p data-start=\"2065\" data-end=\"2090\">Materiale: ABS + EVA<\/p>\n<\/li>\n<li data-section-id=\"2hvgic\" data-start=\"2091\" data-end=\"2147\">\n<p data-start=\"2093\" data-end=\"2147\">Size: 29,5 x 5 x 2,5 cm<\/p>\n<\/li>\n<li data-section-id=\"1crvsks\" data-start=\"2148\" data-end=\"2192\">\n<p data-start=\"2150\" data-end=\"2192\">Kapasitet: Rommer opptil 6 fiskestenger<\/p>\n<\/li>\n<li data-section-id=\"c4khcw\" data-start=\"2193\" data-end=\"2239\">\n<p data-start=\"2195\" data-end=\"2239\">Stangkompatibilitet: Opptil 2 cm diameter<\/p>\n<\/li>\n<li data-section-id=\"1dmnpm1\" data-start=\"2240\" data-end=\"2293\">\n<p data-start=\"2242\" data-end=\"2293\">Installasjon: Selvklebende pads eller skruemontering<\/p>\n<\/li>\n<\/ul>\n<h2 style=\"text-align: center\" data-section-id=\"1qc1r63\" data-start=\"2399\" data-end=\"2421\">\ud83d\udce6 Pakken inkluderer<\/h2>\n<ul data-start=\"2423\" data-end=\"2551\">\n<li data-section-id=\"1p3iale\" data-start=\"2423\" data-end=\"2460\">\n<p data-start=\"2425\" data-end=\"2460\">1, 2x veggmontert fiskestangstativ<\/p>\n<\/li>\n<li data-section-id=\"yrm8mw\" data-start=\"2461\" data-end=\"2502\">\n<p data-start=\"2463\" data-end=\"2502\">4, 8x skruer<\/p>\n<\/li>\n<li data-section-id=\"1qs6tt8\" data-start=\"2503\" data-end=\"2551\">\n<p data-start=\"2505\" data-end=\"2551\">4, 8x ekspansjonsr\u00f8r.<\/p>\n<\/li>\n<\/ul>\n","protected":false},"excerpt":{"rendered":"<p>\ud83e\uddf1Hold fiskeutstyret ditt organisert og klart for neste fangst. En smart oppbevaringsl\u00f8sning for alle sportsfiskere.<br \/>\n\ud83c\udfa3Dette veggmonterte fiskestangstativet hjelper deg med \u00e5 oppbevare og beskytte fiskestengene dine samtidig som du sparer verdifull plass.<br \/>\n\ud83d\udc1fDesignet med sikre sklisikre grep og et enkelt klipsesystem, holder det utstyret ditt organisert, trygt og alltid innen rekkevidde.<\/p>\n","protected":false},"featured_media":27727,"comment_status":"open","ping_status":"closed","template":"","meta":{"site-sidebar-layout":"default","site-content-layout":"","ast-site-content-layout":"default","site-content-style":"default","site-sidebar-style":"default","ast-global-header-display":"","ast-banner-title-visibility":"","ast-main-header-display":"","ast-hfb-above-header-display":"","ast-hfb-below-header-display":"","ast-hfb-mobile-header-display":"","site-post-title":"","ast-breadcrumbs-content":"","ast-featured-img":"","footer-sml-layout":"","theme-transparent-header-meta":"default","adv-header-id-meta":"","stick-header-meta":"","header-above-stick-meta":"","header-main-stick-meta":"","header-below-stick-meta":"","astra-migrate-meta-layouts":"set","ast-page-background-enabled":"default","ast-page-background-meta":{"desktop":{"background-color":"var(--ast-global-color-5)","background-image":"","background-repeat":"repeat","background-position":"center center","background-size":"auto","background-attachment":"scroll","background-type":"","background-media":"","overlay-type":"","overlay-color":"","overlay-opacity":"","overlay-gradient":""},"tablet":{"background-color":"","background-image":"","background-repeat":"repeat","background-position":"center center","background-size":"auto","background-attachment":"scroll","background-type":"","background-media":"","overlay-type":"","overlay-color":"","overlay-opacity":"","overlay-gradient":""},"mobile":{"background-color":"","background-image":"","background-repeat":"repeat","background-position":"center center","background-size":"auto","background-attachment":"scroll","background-type":"","background-media":"","overlay-type":"","overlay-color":"","overlay-opacity":"","overlay-gradient":""}},"ast-content-background-meta":{"desktop":{"background-color":"var(--ast-global-color-4)","background-image":"","background-repeat":"repeat","background-position":"center center","background-size":"auto","background-attachment":"scroll","background-type":"","background-media":"","overlay-type":"","overlay-color":"","overlay-opacity":"","overlay-gradient":""},"tablet":{"background-color":"var(--ast-global-color-4)","background-image":"","background-repeat":"repeat","background-position":"center center","background-size":"auto","background-attachment":"scroll","background-type":"","background-media":"","overlay-type":"","overlay-color":"","overlay-opacity":"","overlay-gradient":""},"mobile":{"background-color":"var(--ast-global-color-4)","background-image":"","background-repeat":"repeat","background-position":"center center","background-size":"auto","background-attachment":"scroll","background-type":"","background-media":"","overlay-type":"","overlay-color":"","overlay-opacity":"","overlay-gradient":""}}},"product_brand":[],"product_cat":[167],"product_tag":[],"class_list":{"0":"post-27731","1":"product","2":"type-product","3":"status-publish","4":"has-post-thumbnail","6":"product_cat-fotturer-camping-og-fritidsartikler","7":"pa_66514_g3bvrpty-bla","8":"pa_66514_g3bvrpty-gul","9":"pa_66514_g3bvrpty-oransje","10":"pa_66514_g3bvrpty-rod","11":"pa_66514_jlttn3u0-1-stk","12":"pa_66514_jlttn3u0-2-stk","13":"desktop-align-left","14":"tablet-align-left","15":"mobile-align-left","17":"first","18":"instock","19":"shipping-taxable","20":"purchasable","21":"product-type-variable","22":"has-default-attributes"},"yoast_head":"<!-- This site is optimized with the Yoast SEO plugin v26.6 - https:\/\/yoast.com\/wordpress\/plugins\/seo\/ -->\n<title>Veggmontert fiskestangstativ - Mekulo NO<\/title>\n<meta name=\"robots\" content=\"index, follow, max-snippet:-1, max-image-preview:large, max-video-preview:-1\" \/>\n<link rel=\"canonical\" href=\"https:\/\/mekulo.com\/no\/produkt\/veggmontert-fiskestangstativ\/\" \/>\n<meta property=\"og:locale\" content=\"nb_NO\" \/>\n<meta property=\"og:type\" content=\"article\" \/>\n<meta property=\"og:title\" content=\"Veggmontert fiskestangstativ - Mekulo NO\" \/>\n<meta property=\"og:description\" content=\"\ud83e\uddf1Hold fiskeutstyret ditt organisert og klart for neste fangst. En smart oppbevaringsl\u00f8sning for alle sportsfiskere. \ud83c\udfa3Dette veggmonterte fiskestangstativet hjelper deg med \u00e5 oppbevare og beskytte fiskestengene dine samtidig som du sparer verdifull plass. \ud83d\udc1fDesignet med sikre sklisikre grep og et enkelt klipsesystem, holder det utstyret ditt organisert, trygt og alltid innen rekkevidde.\" \/>\n<meta property=\"og:url\" content=\"https:\/\/mekulo.com\/no\/produkt\/veggmontert-fiskestangstativ\/\" \/>\n<meta property=\"og:site_name\" content=\"Mekulo NO\" \/>\n<meta property=\"article:modified_time\" content=\"2026-04-14T16:17:42+00:00\" \/>\n<meta property=\"og:image\" content=\"https:\/\/mekulo.com\/no\/wp-content\/uploads\/sites\/10\/2026\/04\/zt3xi4j-1.webp\" \/>\n\t<meta property=\"og:image:width\" content=\"713\" \/>\n\t<meta property=\"og:image:height\" content=\"713\" \/>\n\t<meta property=\"og:image:type\" content=\"image\/webp\" \/>\n<meta name=\"twitter:card\" content=\"summary_large_image\" \/>\n<meta name=\"twitter:label1\" content=\"Ansl. lesetid\" \/>\n\t<meta name=\"twitter:data1\" content=\"2 minutter\" \/>\n<script type=\"application\/ld+json\" class=\"yoast-schema-graph\">{\"@context\":\"https:\/\/schema.org\",\"@graph\":[{\"@type\":\"WebPage\",\"@id\":\"https:\/\/mekulo.com\/no\/produkt\/veggmontert-fiskestangstativ\/\",\"url\":\"https:\/\/mekulo.com\/no\/produkt\/veggmontert-fiskestangstativ\/\",\"name\":\"Veggmontert fiskestangstativ - Mekulo NO\",\"isPartOf\":{\"@id\":\"https:\/\/mekulo.com\/no\/#website\"},\"primaryImageOfPage\":{\"@id\":\"https:\/\/mekulo.com\/no\/produkt\/veggmontert-fiskestangstativ\/#primaryimage\"},\"image\":{\"@id\":\"https:\/\/mekulo.com\/no\/produkt\/veggmontert-fiskestangstativ\/#primaryimage\"},\"thumbnailUrl\":\"https:\/\/mekulo.com\/no\/wp-content\/uploads\/sites\/10\/2026\/04\/zt3xi4j-1.webp\",\"datePublished\":\"2026-04-14T16:17:06+00:00\",\"dateModified\":\"2026-04-14T16:17:42+00:00\",\"breadcrumb\":{\"@id\":\"https:\/\/mekulo.com\/no\/produkt\/veggmontert-fiskestangstativ\/#breadcrumb\"},\"inLanguage\":\"nb-NO\",\"potentialAction\":[{\"@type\":\"ReadAction\",\"target\":[\"https:\/\/mekulo.com\/no\/produkt\/veggmontert-fiskestangstativ\/\"]}]},{\"@type\":\"ImageObject\",\"inLanguage\":\"nb-NO\",\"@id\":\"https:\/\/mekulo.com\/no\/produkt\/veggmontert-fiskestangstativ\/#primaryimage\",\"url\":\"https:\/\/mekulo.com\/no\/wp-content\/uploads\/sites\/10\/2026\/04\/zt3xi4j-1.webp\",\"contentUrl\":\"https:\/\/mekulo.com\/no\/wp-content\/uploads\/sites\/10\/2026\/04\/zt3xi4j-1.webp\",\"width\":713,\"height\":713},{\"@type\":\"BreadcrumbList\",\"@id\":\"https:\/\/mekulo.com\/no\/produkt\/veggmontert-fiskestangstativ\/#breadcrumb\",\"itemListElement\":[{\"@type\":\"ListItem\",\"position\":1,\"name\":\"Home\",\"item\":\"https:\/\/mekulo.com\/no\/\"},{\"@type\":\"ListItem\",\"position\":2,\"name\":\"Butikk\",\"item\":\"https:\/\/mekulo.com\/no\/butikk\/\"},{\"@type\":\"ListItem\",\"position\":3,\"name\":\"Veggmontert fiskestangstativ\"}]},{\"@type\":\"WebSite\",\"@id\":\"https:\/\/mekulo.com\/no\/#website\",\"url\":\"https:\/\/mekulo.com\/no\/\",\"name\":\"Mekulo NO\",\"description\":\"\",\"publisher\":{\"@id\":\"https:\/\/mekulo.com\/no\/#organization\"},\"potentialAction\":[{\"@type\":\"SearchAction\",\"target\":{\"@type\":\"EntryPoint\",\"urlTemplate\":\"https:\/\/mekulo.com\/no\/?s={search_term_string}\"},\"query-input\":{\"@type\":\"PropertyValueSpecification\",\"valueRequired\":true,\"valueName\":\"search_term_string\"}}],\"inLanguage\":\"nb-NO\"},{\"@type\":\"Organization\",\"@id\":\"https:\/\/mekulo.com\/no\/#organization\",\"name\":\"Mekulo\",\"url\":\"https:\/\/mekulo.com\/no\/\",\"logo\":{\"@type\":\"ImageObject\",\"inLanguage\":\"nb-NO\",\"@id\":\"https:\/\/mekulo.com\/no\/#\/schema\/logo\/image\/\",\"url\":\"https:\/\/mekulo.com\/no\/wp-content\/uploads\/sites\/10\/2025\/12\/favicon_mekulo.png\",\"contentUrl\":\"https:\/\/mekulo.com\/no\/wp-content\/uploads\/sites\/10\/2025\/12\/favicon_mekulo.png\",\"width\":50,\"height\":50,\"caption\":\"Mekulo\"},\"image\":{\"@id\":\"https:\/\/mekulo.com\/no\/#\/schema\/logo\/image\/\"}}]}<\/script>\n<!-- \/ Yoast SEO plugin. -->","yoast_head_json":{"title":"Veggmontert fiskestangstativ - Mekulo NO","robots":{"index":"index","follow":"follow","max-snippet":"max-snippet:-1","max-image-preview":"max-image-preview:large","max-video-preview":"max-video-preview:-1"},"canonical":"https:\/\/mekulo.com\/no\/produkt\/veggmontert-fiskestangstativ\/","og_locale":"nb_NO","og_type":"article","og_title":"Veggmontert fiskestangstativ - Mekulo NO","og_description":"\ud83e\uddf1Hold fiskeutstyret ditt organisert og klart for neste fangst. En smart oppbevaringsl\u00f8sning for alle sportsfiskere. \ud83c\udfa3Dette veggmonterte fiskestangstativet hjelper deg med \u00e5 oppbevare og beskytte fiskestengene dine samtidig som du sparer verdifull plass. \ud83d\udc1fDesignet med sikre sklisikre grep og et enkelt klipsesystem, holder det utstyret ditt organisert, trygt og alltid innen rekkevidde.","og_url":"https:\/\/mekulo.com\/no\/produkt\/veggmontert-fiskestangstativ\/","og_site_name":"Mekulo NO","article_modified_time":"2026-04-14T16:17:42+00:00","og_image":[{"width":713,"height":713,"url":"https:\/\/mekulo.com\/no\/wp-content\/uploads\/sites\/10\/2026\/04\/zt3xi4j-1.webp","type":"image\/webp"}],"twitter_card":"summary_large_image","twitter_misc":{"Ansl. lesetid":"2 minutter"},"schema":{"@context":"https:\/\/schema.org","@graph":[{"@type":"WebPage","@id":"https:\/\/mekulo.com\/no\/produkt\/veggmontert-fiskestangstativ\/","url":"https:\/\/mekulo.com\/no\/produkt\/veggmontert-fiskestangstativ\/","name":"Veggmontert fiskestangstativ - Mekulo NO","isPartOf":{"@id":"https:\/\/mekulo.com\/no\/#website"},"primaryImageOfPage":{"@id":"https:\/\/mekulo.com\/no\/produkt\/veggmontert-fiskestangstativ\/#primaryimage"},"image":{"@id":"https:\/\/mekulo.com\/no\/produkt\/veggmontert-fiskestangstativ\/#primaryimage"},"thumbnailUrl":"https:\/\/mekulo.com\/no\/wp-content\/uploads\/sites\/10\/2026\/04\/zt3xi4j-1.webp","datePublished":"2026-04-14T16:17:06+00:00","dateModified":"2026-04-14T16:17:42+00:00","breadcrumb":{"@id":"https:\/\/mekulo.com\/no\/produkt\/veggmontert-fiskestangstativ\/#breadcrumb"},"inLanguage":"nb-NO","potentialAction":[{"@type":"ReadAction","target":["https:\/\/mekulo.com\/no\/produkt\/veggmontert-fiskestangstativ\/"]}]},{"@type":"ImageObject","inLanguage":"nb-NO","@id":"https:\/\/mekulo.com\/no\/produkt\/veggmontert-fiskestangstativ\/#primaryimage","url":"https:\/\/mekulo.com\/no\/wp-content\/uploads\/sites\/10\/2026\/04\/zt3xi4j-1.webp","contentUrl":"https:\/\/mekulo.com\/no\/wp-content\/uploads\/sites\/10\/2026\/04\/zt3xi4j-1.webp","width":713,"height":713},{"@type":"BreadcrumbList","@id":"https:\/\/mekulo.com\/no\/produkt\/veggmontert-fiskestangstativ\/#breadcrumb","itemListElement":[{"@type":"ListItem","position":1,"name":"Home","item":"https:\/\/mekulo.com\/no\/"},{"@type":"ListItem","position":2,"name":"Butikk","item":"https:\/\/mekulo.com\/no\/butikk\/"},{"@type":"ListItem","position":3,"name":"Veggmontert fiskestangstativ"}]},{"@type":"WebSite","@id":"https:\/\/mekulo.com\/no\/#website","url":"https:\/\/mekulo.com\/no\/","name":"Mekulo NO","description":"","publisher":{"@id":"https:\/\/mekulo.com\/no\/#organization"},"potentialAction":[{"@type":"SearchAction","target":{"@type":"EntryPoint","urlTemplate":"https:\/\/mekulo.com\/no\/?s={search_term_string}"},"query-input":{"@type":"PropertyValueSpecification","valueRequired":true,"valueName":"search_term_string"}}],"inLanguage":"nb-NO"},{"@type":"Organization","@id":"https:\/\/mekulo.com\/no\/#organization","name":"Mekulo","url":"https:\/\/mekulo.com\/no\/","logo":{"@type":"ImageObject","inLanguage":"nb-NO","@id":"https:\/\/mekulo.com\/no\/#\/schema\/logo\/image\/","url":"https:\/\/mekulo.com\/no\/wp-content\/uploads\/sites\/10\/2025\/12\/favicon_mekulo.png","contentUrl":"https:\/\/mekulo.com\/no\/wp-content\/uploads\/sites\/10\/2025\/12\/favicon_mekulo.png","width":50,"height":50,"caption":"Mekulo"},"image":{"@id":"https:\/\/mekulo.com\/no\/#\/schema\/logo\/image\/"}}]}},"_links":{"self":[{"href":"https:\/\/mekulo.com\/no\/wp-json\/wp\/v2\/product\/27731","targetHints":{"allow":["GET"]}}],"collection":[{"href":"https:\/\/mekulo.com\/no\/wp-json\/wp\/v2\/product"}],"about":[{"href":"https:\/\/mekulo.com\/no\/wp-json\/wp\/v2\/types\/product"}],"replies":[{"embeddable":true,"href":"https:\/\/mekulo.com\/no\/wp-json\/wp\/v2\/comments?post=27731"}],"wp:featuredmedia":[{"embeddable":true,"href":"https:\/\/mekulo.com\/no\/wp-json\/wp\/v2\/media\/27727"}],"wp:attachment":[{"href":"https:\/\/mekulo.com\/no\/wp-json\/wp\/v2\/media?parent=27731"}],"wp:term":[{"taxonomy":"product_brand","embeddable":true,"href":"https:\/\/mekulo.com\/no\/wp-json\/wp\/v2\/product_brand?post=27731"},{"taxonomy":"product_cat","embeddable":true,"href":"https:\/\/mekulo.com\/no\/wp-json\/wp\/v2\/product_cat?post=27731"},{"taxonomy":"product_tag","embeddable":true,"href":"https:\/\/mekulo.com\/no\/wp-json\/wp\/v2\/product_tag?post=27731"}],"curies":[{"name":"wp","href":"https:\/\/api.w.org\/{rel}","templated":true}]}}