{"id":27720,"date":"2026-04-14T19:07:07","date_gmt":"2026-04-14T16:07:07","guid":{"rendered":"https:\/\/mekulo.com\/no\/produkt\/justerbar-knivslipetand\/"},"modified":"2026-04-14T19:07:07","modified_gmt":"2026-04-14T16:07:07","slug":"justerbar-knivslipetand","status":"publish","type":"product","link":"https:\/\/mekulo.com\/no\/produkt\/justerbar-knivslipetand\/","title":{"rendered":"Justerbar knivslipetand"},"content":{"rendered":"<h2 style=\"text-align: center\" data-section-id=\"wtab3f\" data-start=\"434\" data-end=\"450\">\u2728 L\u00f8ftet<\/h2>\n<p style=\"text-align: center\" data-start=\"452\" data-end=\"522\">Stabil sliping.<br data-start=\"470\" data-end=\"473\" \/>Profesjonelle resultater.<br data-start=\"494\" data-end=\"497\" \/>Renere arbeidsflyt p\u00e5 kj\u00f8kkenet.<\/p>\n<p data-start=\"452\" data-end=\"522\"><img fetchpriority=\"high\" decoding=\"async\" class=\"size-full wp-image-27403 aligncenter\" src=\"https:\/\/mekulo.com\/template\/wp-content\/uploads\/sites\/6\/2026\/03\/12212-ezgif.com-video-to-webp-converter-4.webp\" alt=\"\" width=\"320\" height=\"569\" \/><\/p>\n<h2 style=\"text-align: center\" data-section-id=\"1x8y31r\" data-start=\"529\" data-end=\"547\">\u2705 Hovedfordeler<\/h2>\n<p data-start=\"551\" data-end=\"668\">\ud83d\udd2a Profesjonell slipestabilitet &#8211; Holder brynesteinen godt p\u00e5 plass for presis, kontrollert sliping.<\/p>\n<p data-start=\"672\" data-end=\"759\">\ud83e\uddf2 Sklisikkert design &#8211; Sklisikker st\u00f8tte forhindrer bevegelse under sliping.<\/p>\n<p data-start=\"763\" data-end=\"882\">\ud83d\udca7 Design over vasken for enkel rengj\u00f8ring &#8211; Vannet renner direkte ned i vasken og holder arbeidsomr\u00e5det t\u00f8rt og rent.<\/p>\n<p data-start=\"886\" data-end=\"977\">\u2699\ufe0f Fullt justerbart system &#8211; Passer til de fleste vasker og slipesteiner for allsidig bruk.<\/p>\n<p data-start=\"981\" data-end=\"1085\">\ud83d\udee0 Slitesterk konstruksjon i rustfritt st\u00e5l &#8211; Rustbestandig materiale bygget for langvarig bruk p\u00e5 kj\u00f8kkenet.<\/p>\n<p data-start=\"1089\" data-end=\"1180\">\u23f1 Rask og enkel installasjon &#8211; Settes opp p\u00e5 under ett minutt med enkel boltjustering.<\/p>\n<h2 style=\"text-align: center\" data-section-id=\"d0iej6\" data-start=\"1187\" data-end=\"1210\">\u2757 Problem \u2192 L\u00f8sning<\/h2>\n<p data-start=\"1212\" data-end=\"1307\"><strong data-start=\"1212\" data-end=\"1224\">Problem:<\/strong><br data-start=\"1224\" data-end=\"1227\" \/>\u00c5 slipe kniver p\u00e5 ustabile overflater kan v\u00e6re rotete, farlig og ineffektivt.<\/p>\n<p data-start=\"1309\" data-end=\"1503\"><strong data-start=\"1309\" data-end=\"1322\">L\u00f8sning:<\/strong><br data-start=\"1322\" data-end=\"1325\" \/>Dette justerbare knivslipestativet skaper en stabil, profesjonell slipestasjon over vasken din &#8211; slik at vannet lett kan renne av samtidig som slipesteinen holdes godt p\u00e5 plass. Slip med selvtillit og kontroll.<\/p>\n<p data-start=\"1309\" data-end=\"1503\"><img decoding=\"async\" class=\"size-full wp-image-27402 aligncenter\" src=\"https:\/\/mekulo.com\/template\/wp-content\/uploads\/sites\/6\/2026\/03\/12213-ezgif.com-video-to-webp-converter-3.webp\" alt=\"\" width=\"320\" height=\"569\" \/><\/p>\n<h2 style=\"text-align: center\" data-section-id=\"1u7dgoe\" data-start=\"1548\" data-end=\"1574\">\ud83c\udf73 Perfekt for<\/h2>\n<ul data-start=\"1590\" data-end=\"1697\">\n<li data-section-id=\"13wy14y\" data-start=\"1590\" data-end=\"1607\">\n<p data-start=\"1592\" data-end=\"1607\">Hjemmekj\u00f8kken<\/p>\n<\/li>\n<li data-section-id=\"6316d4\" data-start=\"1608\" data-end=\"1630\">\n<p data-start=\"1610\" data-end=\"1630\">Profesjonelle kokker<\/p>\n<\/li>\n<li data-section-id=\"1su9an4\" data-start=\"1631\" data-end=\"1654\">\n<p data-start=\"1633\" data-end=\"1654\">Restaurantkj\u00f8kken<\/p>\n<\/li>\n<li data-section-id=\"39w60a\" data-start=\"1655\" data-end=\"1676\">\n<p data-start=\"1657\" data-end=\"1676\">Kniventusiaster<\/p>\n<\/li>\n<li data-section-id=\"1pqsqyg\" data-start=\"1677\" data-end=\"1697\">\n<p data-start=\"1679\" data-end=\"1697\">Kokkeskoler<\/p>\n<\/li>\n<\/ul>\n<p data-start=\"1699\" data-end=\"1752\">Et viktig verkt\u00f8y for \u00e5 holde knivene knivskarpe.<\/p>\n<h2 style=\"text-align: center\" data-section-id=\"1k514u3\" data-start=\"1759\" data-end=\"1775\">\u2699\ufe0f Slik bruker du det<\/h2>\n<ol data-start=\"1777\" data-end=\"2003\">\n<li data-section-id=\"1c43dm\" data-start=\"1777\" data-end=\"1821\">\n<p data-start=\"1780\" data-end=\"1821\">Juster stativet slik at det passer til bredden p\u00e5 vasken.<\/p>\n<\/li>\n<li data-section-id=\"1wbyc69\" data-start=\"1822\" data-end=\"1864\">\n<p data-start=\"1825\" data-end=\"1864\">Fest boltene for \u00e5 l\u00e5se posisjonen.<\/p>\n<\/li>\n<li data-section-id=\"18np5e4\" data-start=\"1865\" data-end=\"1905\">\n<p data-start=\"1868\" data-end=\"1905\">Plasser brynesteinen p\u00e5 holderen.<\/p>\n<\/li>\n<li data-section-id=\"1idp318\" data-start=\"1906\" data-end=\"1945\">\n<p data-start=\"1909\" data-end=\"1945\">Fukt steinen og begynn \u00e5 slipe.<\/p>\n<\/li>\n<li data-section-id=\"14zpxxb\" data-start=\"1946\" data-end=\"2003\">\n<p data-start=\"1949\" data-end=\"2003\">Vannet renner direkte ned i vasken for enkel rengj\u00f8ring.<\/p>\n<\/li>\n<\/ol>\n<h2 style=\"text-align: center\" data-section-id=\"6cujb5\" data-start=\"2046\" data-end=\"2067\">\ud83d\udcd0 Produktdetaljer<\/h2>\n<ul data-start=\"2069\" data-end=\"2286\">\n<li data-section-id=\"1bufnyy\" data-start=\"2069\" data-end=\"2102\">\n<p data-start=\"2071\" data-end=\"2102\">Materiale: Rustfritt st\u00e5l<\/p>\n<\/li>\n<li data-section-id=\"ijcvek\" data-start=\"2103\" data-end=\"2136\">\n<p data-start=\"2105\" data-end=\"2136\">Stativst\u00f8rrelse: 48,6 x 6,2 cm<\/p>\n<\/li>\n<li data-section-id=\"1gd6g4d\" data-start=\"2137\" data-end=\"2175\">\n<p data-start=\"2139\" data-end=\"2175\">Vaskekompatibilitet: 30 &#8211; 44 cm<\/p>\n<\/li>\n<li data-section-id=\"r9uq4q\" data-start=\"2176\" data-end=\"2230\">\n<p data-start=\"2178\" data-end=\"2230\">Stenkompatibilitet: 8,4 &#8211; 24 cm lange steiner<\/p>\n<\/li>\n<li data-section-id=\"1p736tk\" data-start=\"2231\" data-end=\"2286\">\n<p data-start=\"2233\" data-end=\"2286\">Design: Justerbart knivslipestativ med bro over vasken<\/p>\n<\/li>\n<\/ul>\n<h2 style=\"text-align: center\" data-section-id=\"1qc1r63\" data-start=\"2347\" data-end=\"2369\">\ud83d\udce6 Pakken inkluderer<\/h2>\n<ul data-start=\"2371\" data-end=\"2428\">\n<li data-section-id=\"ifxr7v\" data-start=\"2371\" data-end=\"2428\">\n<p data-start=\"2373\" data-end=\"2428\">1x justerbart knivslipestativ.<\/p>\n<\/li>\n<\/ul>\n","protected":false},"excerpt":{"rendered":"<p>\ud83d\udca6Oppn\u00e5 knivskarp presisjon med full stabilitet. Profesjonell knivsliping p\u00e5 en enkel m\u00e5te.<br \/>\n\ud83d\udd2aDette justerbare knivslipestativet holder slipesteinen sikkert over vasken, noe som skaper et stabilt og praktisk slipeoppsett.<br \/>\n\ud83d\udc69\u200d\ud83c\udf73Designed for holdbarhet og presisjon, og hjelper deg med \u00e5 slipe kniver trygt samtidig som arbeidsomr\u00e5det holdes rent.<\/p>\n","protected":false},"featured_media":27716,"comment_status":"open","ping_status":"closed","template":"","meta":{"site-sidebar-layout":"default","site-content-layout":"","ast-site-content-layout":"default","site-content-style":"default","site-sidebar-style":"default","ast-global-header-display":"","ast-banner-title-visibility":"","ast-main-header-display":"","ast-hfb-above-header-display":"","ast-hfb-below-header-display":"","ast-hfb-mobile-header-display":"","site-post-title":"","ast-breadcrumbs-content":"","ast-featured-img":"","footer-sml-layout":"","theme-transparent-header-meta":"default","adv-header-id-meta":"","stick-header-meta":"","header-above-stick-meta":"","header-main-stick-meta":"","header-below-stick-meta":"","astra-migrate-meta-layouts":"set","ast-page-background-enabled":"default","ast-page-background-meta":{"desktop":{"background-color":"var(--ast-global-color-5)","background-image":"","background-repeat":"repeat","background-position":"center center","background-size":"auto","background-attachment":"scroll","background-type":"","background-media":"","overlay-type":"","overlay-color":"","overlay-opacity":"","overlay-gradient":""},"tablet":{"background-color":"","background-image":"","background-repeat":"repeat","background-position":"center center","background-size":"auto","background-attachment":"scroll","background-type":"","background-media":"","overlay-type":"","overlay-color":"","overlay-opacity":"","overlay-gradient":""},"mobile":{"background-color":"","background-image":"","background-repeat":"repeat","background-position":"center center","background-size":"auto","background-attachment":"scroll","background-type":"","background-media":"","overlay-type":"","overlay-color":"","overlay-opacity":"","overlay-gradient":""}},"ast-content-background-meta":{"desktop":{"background-color":"var(--ast-global-color-4)","background-image":"","background-repeat":"repeat","background-position":"center center","background-size":"auto","background-attachment":"scroll","background-type":"","background-media":"","overlay-type":"","overlay-color":"","overlay-opacity":"","overlay-gradient":""},"tablet":{"background-color":"var(--ast-global-color-4)","background-image":"","background-repeat":"repeat","background-position":"center center","background-size":"auto","background-attachment":"scroll","background-type":"","background-media":"","overlay-type":"","overlay-color":"","overlay-opacity":"","overlay-gradient":""},"mobile":{"background-color":"var(--ast-global-color-4)","background-image":"","background-repeat":"repeat","background-position":"center center","background-size":"auto","background-attachment":"scroll","background-type":"","background-media":"","overlay-type":"","overlay-color":"","overlay-opacity":"","overlay-gradient":""}}},"product_brand":[],"product_cat":[168],"product_tag":[],"class_list":{"0":"post-27720","1":"product","2":"type-product","3":"status-publish","4":"has-post-thumbnail","6":"product_cat-husholdningsartikler","7":"desktop-align-left","8":"tablet-align-left","9":"mobile-align-left","11":"first","12":"instock","13":"shipping-taxable","14":"purchasable","15":"product-type-simple"},"yoast_head":"<!-- This site is optimized with the Yoast SEO plugin v26.6 - https:\/\/yoast.com\/wordpress\/plugins\/seo\/ -->\n<title>Justerbar knivslipetand - Mekulo NO<\/title>\n<meta name=\"robots\" content=\"index, follow, max-snippet:-1, max-image-preview:large, max-video-preview:-1\" \/>\n<link rel=\"canonical\" href=\"https:\/\/mekulo.com\/no\/produkt\/justerbar-knivslipetand\/\" \/>\n<meta property=\"og:locale\" content=\"nb_NO\" \/>\n<meta property=\"og:type\" content=\"article\" \/>\n<meta property=\"og:title\" content=\"Justerbar knivslipetand - Mekulo NO\" \/>\n<meta property=\"og:description\" content=\"\ud83d\udca6Oppn\u00e5 knivskarp presisjon med full stabilitet. Profesjonell knivsliping p\u00e5 en enkel m\u00e5te. \ud83d\udd2aDette justerbare knivslipestativet holder slipesteinen sikkert over vasken, noe som skaper et stabilt og praktisk slipeoppsett. \ud83d\udc69\u200d\ud83c\udf73Designed for holdbarhet og presisjon, og hjelper deg med \u00e5 slipe kniver trygt samtidig som arbeidsomr\u00e5det holdes rent.\" \/>\n<meta property=\"og:url\" content=\"https:\/\/mekulo.com\/no\/produkt\/justerbar-knivslipetand\/\" \/>\n<meta property=\"og:site_name\" content=\"Mekulo NO\" \/>\n<meta property=\"og:image\" content=\"https:\/\/mekulo.com\/no\/wp-content\/uploads\/sites\/10\/2026\/04\/dg9qryj-1.webp\" \/>\n\t<meta property=\"og:image:width\" content=\"713\" \/>\n\t<meta property=\"og:image:height\" content=\"713\" \/>\n\t<meta property=\"og:image:type\" content=\"image\/webp\" \/>\n<meta name=\"twitter:card\" content=\"summary_large_image\" \/>\n<meta name=\"twitter:label1\" content=\"Ansl. lesetid\" \/>\n\t<meta name=\"twitter:data1\" content=\"2 minutter\" \/>\n<script type=\"application\/ld+json\" class=\"yoast-schema-graph\">{\"@context\":\"https:\/\/schema.org\",\"@graph\":[{\"@type\":\"WebPage\",\"@id\":\"https:\/\/mekulo.com\/no\/produkt\/justerbar-knivslipetand\/\",\"url\":\"https:\/\/mekulo.com\/no\/produkt\/justerbar-knivslipetand\/\",\"name\":\"Justerbar knivslipetand - Mekulo NO\",\"isPartOf\":{\"@id\":\"https:\/\/mekulo.com\/no\/#website\"},\"primaryImageOfPage\":{\"@id\":\"https:\/\/mekulo.com\/no\/produkt\/justerbar-knivslipetand\/#primaryimage\"},\"image\":{\"@id\":\"https:\/\/mekulo.com\/no\/produkt\/justerbar-knivslipetand\/#primaryimage\"},\"thumbnailUrl\":\"https:\/\/mekulo.com\/no\/wp-content\/uploads\/sites\/10\/2026\/04\/dg9qryj-1.webp\",\"datePublished\":\"2026-04-14T16:07:07+00:00\",\"breadcrumb\":{\"@id\":\"https:\/\/mekulo.com\/no\/produkt\/justerbar-knivslipetand\/#breadcrumb\"},\"inLanguage\":\"nb-NO\",\"potentialAction\":[{\"@type\":\"ReadAction\",\"target\":[\"https:\/\/mekulo.com\/no\/produkt\/justerbar-knivslipetand\/\"]}]},{\"@type\":\"ImageObject\",\"inLanguage\":\"nb-NO\",\"@id\":\"https:\/\/mekulo.com\/no\/produkt\/justerbar-knivslipetand\/#primaryimage\",\"url\":\"https:\/\/mekulo.com\/no\/wp-content\/uploads\/sites\/10\/2026\/04\/dg9qryj-1.webp\",\"contentUrl\":\"https:\/\/mekulo.com\/no\/wp-content\/uploads\/sites\/10\/2026\/04\/dg9qryj-1.webp\",\"width\":713,\"height\":713},{\"@type\":\"BreadcrumbList\",\"@id\":\"https:\/\/mekulo.com\/no\/produkt\/justerbar-knivslipetand\/#breadcrumb\",\"itemListElement\":[{\"@type\":\"ListItem\",\"position\":1,\"name\":\"Home\",\"item\":\"https:\/\/mekulo.com\/no\/\"},{\"@type\":\"ListItem\",\"position\":2,\"name\":\"Butikk\",\"item\":\"https:\/\/mekulo.com\/no\/butikk\/\"},{\"@type\":\"ListItem\",\"position\":3,\"name\":\"Justerbar knivslipetand\"}]},{\"@type\":\"WebSite\",\"@id\":\"https:\/\/mekulo.com\/no\/#website\",\"url\":\"https:\/\/mekulo.com\/no\/\",\"name\":\"Mekulo NO\",\"description\":\"\",\"publisher\":{\"@id\":\"https:\/\/mekulo.com\/no\/#organization\"},\"potentialAction\":[{\"@type\":\"SearchAction\",\"target\":{\"@type\":\"EntryPoint\",\"urlTemplate\":\"https:\/\/mekulo.com\/no\/?s={search_term_string}\"},\"query-input\":{\"@type\":\"PropertyValueSpecification\",\"valueRequired\":true,\"valueName\":\"search_term_string\"}}],\"inLanguage\":\"nb-NO\"},{\"@type\":\"Organization\",\"@id\":\"https:\/\/mekulo.com\/no\/#organization\",\"name\":\"Mekulo\",\"url\":\"https:\/\/mekulo.com\/no\/\",\"logo\":{\"@type\":\"ImageObject\",\"inLanguage\":\"nb-NO\",\"@id\":\"https:\/\/mekulo.com\/no\/#\/schema\/logo\/image\/\",\"url\":\"https:\/\/mekulo.com\/no\/wp-content\/uploads\/sites\/10\/2025\/12\/favicon_mekulo.png\",\"contentUrl\":\"https:\/\/mekulo.com\/no\/wp-content\/uploads\/sites\/10\/2025\/12\/favicon_mekulo.png\",\"width\":50,\"height\":50,\"caption\":\"Mekulo\"},\"image\":{\"@id\":\"https:\/\/mekulo.com\/no\/#\/schema\/logo\/image\/\"}}]}<\/script>\n<!-- \/ Yoast SEO plugin. -->","yoast_head_json":{"title":"Justerbar knivslipetand - Mekulo NO","robots":{"index":"index","follow":"follow","max-snippet":"max-snippet:-1","max-image-preview":"max-image-preview:large","max-video-preview":"max-video-preview:-1"},"canonical":"https:\/\/mekulo.com\/no\/produkt\/justerbar-knivslipetand\/","og_locale":"nb_NO","og_type":"article","og_title":"Justerbar knivslipetand - Mekulo NO","og_description":"\ud83d\udca6Oppn\u00e5 knivskarp presisjon med full stabilitet. Profesjonell knivsliping p\u00e5 en enkel m\u00e5te. \ud83d\udd2aDette justerbare knivslipestativet holder slipesteinen sikkert over vasken, noe som skaper et stabilt og praktisk slipeoppsett. \ud83d\udc69\u200d\ud83c\udf73Designed for holdbarhet og presisjon, og hjelper deg med \u00e5 slipe kniver trygt samtidig som arbeidsomr\u00e5det holdes rent.","og_url":"https:\/\/mekulo.com\/no\/produkt\/justerbar-knivslipetand\/","og_site_name":"Mekulo NO","og_image":[{"width":713,"height":713,"url":"https:\/\/mekulo.com\/no\/wp-content\/uploads\/sites\/10\/2026\/04\/dg9qryj-1.webp","type":"image\/webp"}],"twitter_card":"summary_large_image","twitter_misc":{"Ansl. lesetid":"2 minutter"},"schema":{"@context":"https:\/\/schema.org","@graph":[{"@type":"WebPage","@id":"https:\/\/mekulo.com\/no\/produkt\/justerbar-knivslipetand\/","url":"https:\/\/mekulo.com\/no\/produkt\/justerbar-knivslipetand\/","name":"Justerbar knivslipetand - Mekulo NO","isPartOf":{"@id":"https:\/\/mekulo.com\/no\/#website"},"primaryImageOfPage":{"@id":"https:\/\/mekulo.com\/no\/produkt\/justerbar-knivslipetand\/#primaryimage"},"image":{"@id":"https:\/\/mekulo.com\/no\/produkt\/justerbar-knivslipetand\/#primaryimage"},"thumbnailUrl":"https:\/\/mekulo.com\/no\/wp-content\/uploads\/sites\/10\/2026\/04\/dg9qryj-1.webp","datePublished":"2026-04-14T16:07:07+00:00","breadcrumb":{"@id":"https:\/\/mekulo.com\/no\/produkt\/justerbar-knivslipetand\/#breadcrumb"},"inLanguage":"nb-NO","potentialAction":[{"@type":"ReadAction","target":["https:\/\/mekulo.com\/no\/produkt\/justerbar-knivslipetand\/"]}]},{"@type":"ImageObject","inLanguage":"nb-NO","@id":"https:\/\/mekulo.com\/no\/produkt\/justerbar-knivslipetand\/#primaryimage","url":"https:\/\/mekulo.com\/no\/wp-content\/uploads\/sites\/10\/2026\/04\/dg9qryj-1.webp","contentUrl":"https:\/\/mekulo.com\/no\/wp-content\/uploads\/sites\/10\/2026\/04\/dg9qryj-1.webp","width":713,"height":713},{"@type":"BreadcrumbList","@id":"https:\/\/mekulo.com\/no\/produkt\/justerbar-knivslipetand\/#breadcrumb","itemListElement":[{"@type":"ListItem","position":1,"name":"Home","item":"https:\/\/mekulo.com\/no\/"},{"@type":"ListItem","position":2,"name":"Butikk","item":"https:\/\/mekulo.com\/no\/butikk\/"},{"@type":"ListItem","position":3,"name":"Justerbar knivslipetand"}]},{"@type":"WebSite","@id":"https:\/\/mekulo.com\/no\/#website","url":"https:\/\/mekulo.com\/no\/","name":"Mekulo NO","description":"","publisher":{"@id":"https:\/\/mekulo.com\/no\/#organization"},"potentialAction":[{"@type":"SearchAction","target":{"@type":"EntryPoint","urlTemplate":"https:\/\/mekulo.com\/no\/?s={search_term_string}"},"query-input":{"@type":"PropertyValueSpecification","valueRequired":true,"valueName":"search_term_string"}}],"inLanguage":"nb-NO"},{"@type":"Organization","@id":"https:\/\/mekulo.com\/no\/#organization","name":"Mekulo","url":"https:\/\/mekulo.com\/no\/","logo":{"@type":"ImageObject","inLanguage":"nb-NO","@id":"https:\/\/mekulo.com\/no\/#\/schema\/logo\/image\/","url":"https:\/\/mekulo.com\/no\/wp-content\/uploads\/sites\/10\/2025\/12\/favicon_mekulo.png","contentUrl":"https:\/\/mekulo.com\/no\/wp-content\/uploads\/sites\/10\/2025\/12\/favicon_mekulo.png","width":50,"height":50,"caption":"Mekulo"},"image":{"@id":"https:\/\/mekulo.com\/no\/#\/schema\/logo\/image\/"}}]}},"_links":{"self":[{"href":"https:\/\/mekulo.com\/no\/wp-json\/wp\/v2\/product\/27720","targetHints":{"allow":["GET"]}}],"collection":[{"href":"https:\/\/mekulo.com\/no\/wp-json\/wp\/v2\/product"}],"about":[{"href":"https:\/\/mekulo.com\/no\/wp-json\/wp\/v2\/types\/product"}],"replies":[{"embeddable":true,"href":"https:\/\/mekulo.com\/no\/wp-json\/wp\/v2\/comments?post=27720"}],"wp:featuredmedia":[{"embeddable":true,"href":"https:\/\/mekulo.com\/no\/wp-json\/wp\/v2\/media\/27716"}],"wp:attachment":[{"href":"https:\/\/mekulo.com\/no\/wp-json\/wp\/v2\/media?parent=27720"}],"wp:term":[{"taxonomy":"product_brand","embeddable":true,"href":"https:\/\/mekulo.com\/no\/wp-json\/wp\/v2\/product_brand?post=27720"},{"taxonomy":"product_cat","embeddable":true,"href":"https:\/\/mekulo.com\/no\/wp-json\/wp\/v2\/product_cat?post=27720"},{"taxonomy":"product_tag","embeddable":true,"href":"https:\/\/mekulo.com\/no\/wp-json\/wp\/v2\/product_tag?post=27720"}],"curies":[{"name":"wp","href":"https:\/\/api.w.org\/{rel}","templated":true}]}}