{"id":27710,"date":"2026-04-14T19:02:19","date_gmt":"2026-04-14T16:02:19","guid":{"rendered":"https:\/\/mekulo.com\/no\/produkt\/mini-baerbar-selvpressende-mopp-3-stk\/"},"modified":"2026-04-14T19:02:19","modified_gmt":"2026-04-14T16:02:19","slug":"mini-baerbar-selvpressende-mopp-3-stk","status":"publish","type":"product","link":"https:\/\/mekulo.com\/no\/produkt\/mini-baerbar-selvpressende-mopp-3-stk\/","title":{"rendered":"Mini b\u00e6rbar selvpressende mopp (3 stk)"},"content":{"rendered":"<h2 style=\"text-align: center\" data-section-id=\"wtab3f\" data-start=\"404\" data-end=\"420\">\u2728 L\u00f8ftet<\/h2>\n<p style=\"text-align: center\" data-start=\"422\" data-end=\"493\">Rask rengj\u00f8ring.<br data-start=\"436\" data-end=\"439\" \/>uanstrengt klemming.<br data-start=\"460\" data-end=\"463\" \/>en plettfri overflate hver gang.<\/p>\n<p data-start=\"422\" data-end=\"493\"><img fetchpriority=\"high\" decoding=\"async\" class=\" wp-image-27391 aligncenter\" src=\"https:\/\/mekulo.com\/template\/wp-content\/uploads\/sites\/6\/2026\/03\/1221-ezgif.com-video-to-webp-converter-4.webp\" alt=\"\" width=\"551\" height=\"551\" \/><\/p>\n<h2 style=\"text-align: center\" data-section-id=\"1x8y31r\" data-start=\"500\" data-end=\"518\">\u2705 Hovedfordeler<\/h2>\n<p data-start=\"522\" data-end=\"619\">\ud83d\udca7 H\u00f8yabsorberende bomullsmopphode &#8211; suger raskt opp s\u00f8l, vann og flekker med letthet.<\/p>\n<p data-start=\"623\" data-end=\"730\">\u270b Selvklemmende design med \u00e9n h\u00e5nd &#8211; Trykk og klem for \u00e5 fjerne vann umiddelbart &#8211; ingen h\u00e5ndvask n\u00f8dvendig.<\/p>\n<p data-start=\"734\" data-end=\"844\">\ud83e\uddfc Rengj\u00f8ringsoverflate med dype riller &#8211; Spesielle riller fanger opp smuss, fett og st\u00f8v for en grundigere rengj\u00f8ring.<\/p>\n<p data-start=\"848\" data-end=\"925\">\ud83e\udeb6 Lett og kompakt &#8211; Enkel \u00e5 h\u00e5ndtere, oppbevare og ta med seg overalt.<\/p>\n<p data-start=\"929\" data-end=\"1034\">\ud83c\udfe0 Perfekt for sm\u00e5 omr\u00e5der &#8211; Ideell for benkeplater, bord, speil, fliser og baderomsflater.<\/p>\n<p data-start=\"1038\" data-end=\"1108\">\ud83e\udde9 Sammenleggbar smart design &#8211; Sparer plass og gj\u00f8r oppbevaringen enkel.<\/p>\n<h2 style=\"text-align: center\" data-section-id=\"d0iej6\" data-start=\"1115\" data-end=\"1138\">\u2757 Problem \u2192 L\u00f8sning<\/h2>\n<p data-start=\"1140\" data-end=\"1247\"><strong data-start=\"1140\" data-end=\"1152\">Problem:<\/strong><br data-start=\"1152\" data-end=\"1155\" \/>Store mopper og rengj\u00f8ringsredskaper er upraktiske for sm\u00e5 s\u00f8l, skrivebord eller kj\u00f8kkenbenker.<\/p>\n<p data-start=\"1249\" data-end=\"1423\"><strong data-start=\"1249\" data-end=\"1262\">L\u00f8sning:<\/strong><br data-start=\"1262\" data-end=\"1265\" \/>Denne b\u00e6rbare, selvklemmende minimoppen er en kompakt rengj\u00f8ringsl\u00f8sning som raskt tar seg av hverdagss\u00f8let uten klumpete utstyr eller slurvete h\u00e5ndrengj\u00f8ring. Rask rengj\u00f8ring n\u00e5r du trenger det.<\/p>\n<p data-start=\"1249\" data-end=\"1423\"><img decoding=\"async\" class=\" wp-image-27390 aligncenter\" src=\"https:\/\/mekulo.com\/template\/wp-content\/uploads\/sites\/6\/2026\/03\/12211-ezgif.com-video-to-webp-converter-4.webp\" alt=\"\" width=\"550\" height=\"550\" \/><\/p>\n<h2 style=\"text-align: center\" data-section-id=\"10n4q2k\" data-start=\"1467\" data-end=\"1493\">\ud83c\udfe1 Perfekt til<\/h2>\n<ul data-start=\"1509\" data-end=\"1672\">\n<li data-section-id=\"3a3mj6\" data-start=\"1509\" data-end=\"1532\">\n<p data-start=\"1511\" data-end=\"1532\">Kj\u00f8kkenbenkeplater<\/p>\n<\/li>\n<li data-section-id=\"1ful1e6\" data-start=\"1533\" data-end=\"1563\">\n<p data-start=\"1535\" data-end=\"1563\">Badspeil og fliser<\/p>\n<\/li>\n<li data-section-id=\"10fbc69\" data-start=\"1564\" data-end=\"1591\">\n<p data-start=\"1566\" data-end=\"1591\">Rengj\u00f8ring av skrivebord og bord<\/p>\n<\/li>\n<li data-section-id=\"jdfprq\" data-start=\"1592\" data-end=\"1614\">\n<p data-start=\"1594\" data-end=\"1614\">Sm\u00e5 gulvs\u00f8l<\/p>\n<\/li>\n<li data-section-id=\"l71cnq\" data-start=\"1615\" data-end=\"1646\">\n<p data-start=\"1617\" data-end=\"1646\">Rengj\u00f8ring av leiligheter og hybelhus<\/p>\n<\/li>\n<li data-section-id=\"2egcoa\" data-start=\"1647\" data-end=\"1672\">\n<p data-start=\"1649\" data-end=\"1672\">Hurtige daglige oppussinger<\/p>\n<\/li>\n<\/ul>\n<p data-start=\"1674\" data-end=\"1713\">Et praktisk verkt\u00f8y for alle moderne hjem.<\/p>\n<h2 style=\"text-align: center\" data-section-id=\"1k514u3\" data-start=\"1720\" data-end=\"1736\">\u2699\ufe0f Slik bruker du<\/h2>\n<ol data-start=\"1738\" data-end=\"1981\">\n<li data-section-id=\"13430gc\" data-start=\"1738\" data-end=\"1789\">\n<p data-start=\"1741\" data-end=\"1789\">Moppehodet kan bl\u00f8tlegges i vann hvis det er t\u00f8rt.<\/p>\n<\/li>\n<li data-section-id=\"11wwdx\" data-start=\"1790\" data-end=\"1841\">\n<p data-start=\"1793\" data-end=\"1841\">legg moppen p\u00e5 overflaten du vil rengj\u00f8re.<\/p>\n<\/li>\n<li data-section-id=\"1x0qgl1\" data-start=\"1842\" data-end=\"1893\">\n<p data-start=\"1845\" data-end=\"1893\">t\u00f8rk av omr\u00e5det for \u00e5 absorbere vann eller fjerne flekker.<\/p>\n<\/li>\n<li data-section-id=\"oku7mc\" data-start=\"1894\" data-end=\"1944\">\n<p data-start=\"1897\" data-end=\"1944\">bruk klemmeh\u00e5ndtaket til \u00e5 fjerne overfl\u00f8dig vann.<\/p>\n<\/li>\n<li data-section-id=\"tu2m0u\" data-start=\"1945\" data-end=\"1981\">\n<p data-start=\"1948\" data-end=\"1981\">oppbevar st\u00e5ende eller heng opp etter bruk.<\/p>\n<\/li>\n<\/ol>\n<h2 style=\"text-align: center\" data-section-id=\"6cujb5\" data-start=\"2026\" data-end=\"2047\">\ud83d\udcd0 Produktdetaljer<\/h2>\n<ul data-start=\"2049\" data-end=\"2274\">\n<li data-section-id=\"16f296d\" data-start=\"2097\" data-end=\"2136\">\n<p data-start=\"2099\" data-end=\"2136\">Materiale: ABS + bomullsmopphode<\/p>\n<\/li>\n<li data-section-id=\"1ncclj0\" data-start=\"2137\" data-end=\"2178\">\n<p data-start=\"2139\" data-end=\"2178\">St\u00f8rrelse: 15 x 13 cm<\/p>\n<\/li>\n<li data-section-id=\"1glha6w\" data-start=\"2179\" data-end=\"2221\">\n<p data-start=\"2181\" data-end=\"2221\">Design: Sammenleggbar klemmemekanisme<\/p>\n<\/li>\n<li data-section-id=\"1ea3umd\" data-start=\"2222\" data-end=\"2274\">\n<p data-start=\"2224\" data-end=\"2274\">Funksjon: Absorberende flekk- og s\u00f8lrengj\u00f8ring<\/p>\n<\/li>\n<\/ul>\n<h2 style=\"text-align: center\" data-section-id=\"1qc1r63\" data-start=\"2335\" data-end=\"2357\">\ud83d\udce6 Pakken inkluderer<\/h2>\n<ul data-start=\"2359\" data-end=\"2399\">\n<li data-section-id=\"16aiofk\" data-start=\"2359\" data-end=\"2399\">\n<p data-start=\"2361\" data-end=\"2399\">1x mini b\u00e6rbar selvklemmende mopp<\/p>\n<\/li>\n<li data-section-id=\"16aiofk\" data-start=\"2359\" data-end=\"2399\">\n<p data-start=\"2361\" data-end=\"2399\">3x svamphoder.<\/p>\n<\/li>\n<\/ul>\n","protected":false},"excerpt":{"rendered":"<p>\ud83e\udee7Lite verkt\u00f8y. Stor rengj\u00f8ringskraft. Rengj\u00f8r s\u00f8l, flekker og overflater p\u00e5 sekunder.<br \/>\n\ud83e\uddfcDenne b\u00e6rbare, selvklemmende minimoppen er et kompakt rengj\u00f8ringsverkt\u00f8y som er designet for rask rengj\u00f8ring i hverdagen.<br \/>\n\ud83e\udeb6Med et sv\u00e6rt absorberende bomullshode og en praktisk klemmemekanisme hjelper den deg med \u00e5 rengj\u00f8re effektivt uten \u00e5 ber\u00f8re skittent vann.<\/p>\n","protected":false},"featured_media":27706,"comment_status":"open","ping_status":"closed","template":"","meta":{"site-sidebar-layout":"default","site-content-layout":"","ast-site-content-layout":"default","site-content-style":"default","site-sidebar-style":"default","ast-global-header-display":"","ast-banner-title-visibility":"","ast-main-header-display":"","ast-hfb-above-header-display":"","ast-hfb-below-header-display":"","ast-hfb-mobile-header-display":"","site-post-title":"","ast-breadcrumbs-content":"","ast-featured-img":"","footer-sml-layout":"","theme-transparent-header-meta":"default","adv-header-id-meta":"","stick-header-meta":"","header-above-stick-meta":"","header-main-stick-meta":"","header-below-stick-meta":"","astra-migrate-meta-layouts":"set","ast-page-background-enabled":"default","ast-page-background-meta":{"desktop":{"background-color":"var(--ast-global-color-5)","background-image":"","background-repeat":"repeat","background-position":"center center","background-size":"auto","background-attachment":"scroll","background-type":"","background-media":"","overlay-type":"","overlay-color":"","overlay-opacity":"","overlay-gradient":""},"tablet":{"background-color":"","background-image":"","background-repeat":"repeat","background-position":"center center","background-size":"auto","background-attachment":"scroll","background-type":"","background-media":"","overlay-type":"","overlay-color":"","overlay-opacity":"","overlay-gradient":""},"mobile":{"background-color":"","background-image":"","background-repeat":"repeat","background-position":"center center","background-size":"auto","background-attachment":"scroll","background-type":"","background-media":"","overlay-type":"","overlay-color":"","overlay-opacity":"","overlay-gradient":""}},"ast-content-background-meta":{"desktop":{"background-color":"var(--ast-global-color-4)","background-image":"","background-repeat":"repeat","background-position":"center center","background-size":"auto","background-attachment":"scroll","background-type":"","background-media":"","overlay-type":"","overlay-color":"","overlay-opacity":"","overlay-gradient":""},"tablet":{"background-color":"var(--ast-global-color-4)","background-image":"","background-repeat":"repeat","background-position":"center center","background-size":"auto","background-attachment":"scroll","background-type":"","background-media":"","overlay-type":"","overlay-color":"","overlay-opacity":"","overlay-gradient":""},"mobile":{"background-color":"var(--ast-global-color-4)","background-image":"","background-repeat":"repeat","background-position":"center center","background-size":"auto","background-attachment":"scroll","background-type":"","background-media":"","overlay-type":"","overlay-color":"","overlay-opacity":"","overlay-gradient":""}}},"product_brand":[],"product_cat":[168],"product_tag":[],"class_list":{"0":"post-27710","1":"product","2":"type-product","3":"status-publish","4":"has-post-thumbnail","6":"product_cat-husholdningsartikler","7":"desktop-align-left","8":"tablet-align-left","9":"mobile-align-left","11":"first","12":"instock","13":"shipping-taxable","14":"purchasable","15":"product-type-simple"},"yoast_head":"<!-- This site is optimized with the Yoast SEO plugin v26.6 - https:\/\/yoast.com\/wordpress\/plugins\/seo\/ -->\n<title>Mini b\u00e6rbar selvpressende mopp (3 stk) - Mekulo NO<\/title>\n<meta name=\"robots\" content=\"index, follow, max-snippet:-1, max-image-preview:large, max-video-preview:-1\" \/>\n<link rel=\"canonical\" href=\"https:\/\/mekulo.com\/no\/produkt\/mini-baerbar-selvpressende-mopp-3-stk\/\" \/>\n<meta property=\"og:locale\" content=\"nb_NO\" \/>\n<meta property=\"og:type\" content=\"article\" \/>\n<meta property=\"og:title\" content=\"Mini b\u00e6rbar selvpressende mopp (3 stk) - Mekulo NO\" \/>\n<meta property=\"og:description\" content=\"\ud83e\udee7Lite verkt\u00f8y. Stor rengj\u00f8ringskraft. Rengj\u00f8r s\u00f8l, flekker og overflater p\u00e5 sekunder. \ud83e\uddfcDenne b\u00e6rbare, selvklemmende minimoppen er et kompakt rengj\u00f8ringsverkt\u00f8y som er designet for rask rengj\u00f8ring i hverdagen. \ud83e\udeb6Med et sv\u00e6rt absorberende bomullshode og en praktisk klemmemekanisme hjelper den deg med \u00e5 rengj\u00f8re effektivt uten \u00e5 ber\u00f8re skittent vann.\" \/>\n<meta property=\"og:url\" content=\"https:\/\/mekulo.com\/no\/produkt\/mini-baerbar-selvpressende-mopp-3-stk\/\" \/>\n<meta property=\"og:site_name\" content=\"Mekulo NO\" \/>\n<meta property=\"og:image\" content=\"https:\/\/mekulo.com\/no\/wp-content\/uploads\/sites\/10\/2026\/04\/v9wud1i-1.jpeg\" \/>\n\t<meta property=\"og:image:width\" content=\"960\" \/>\n\t<meta property=\"og:image:height\" content=\"960\" \/>\n\t<meta property=\"og:image:type\" content=\"image\/jpeg\" \/>\n<meta name=\"twitter:card\" content=\"summary_large_image\" \/>\n<meta name=\"twitter:label1\" content=\"Ansl. lesetid\" \/>\n\t<meta name=\"twitter:data1\" content=\"2 minutter\" \/>\n<script type=\"application\/ld+json\" class=\"yoast-schema-graph\">{\"@context\":\"https:\/\/schema.org\",\"@graph\":[{\"@type\":\"WebPage\",\"@id\":\"https:\/\/mekulo.com\/no\/produkt\/mini-baerbar-selvpressende-mopp-3-stk\/\",\"url\":\"https:\/\/mekulo.com\/no\/produkt\/mini-baerbar-selvpressende-mopp-3-stk\/\",\"name\":\"Mini b\u00e6rbar selvpressende mopp (3 stk) - Mekulo NO\",\"isPartOf\":{\"@id\":\"https:\/\/mekulo.com\/no\/#website\"},\"primaryImageOfPage\":{\"@id\":\"https:\/\/mekulo.com\/no\/produkt\/mini-baerbar-selvpressende-mopp-3-stk\/#primaryimage\"},\"image\":{\"@id\":\"https:\/\/mekulo.com\/no\/produkt\/mini-baerbar-selvpressende-mopp-3-stk\/#primaryimage\"},\"thumbnailUrl\":\"https:\/\/mekulo.com\/no\/wp-content\/uploads\/sites\/10\/2026\/04\/v9wud1i-1.jpeg\",\"datePublished\":\"2026-04-14T16:02:19+00:00\",\"breadcrumb\":{\"@id\":\"https:\/\/mekulo.com\/no\/produkt\/mini-baerbar-selvpressende-mopp-3-stk\/#breadcrumb\"},\"inLanguage\":\"nb-NO\",\"potentialAction\":[{\"@type\":\"ReadAction\",\"target\":[\"https:\/\/mekulo.com\/no\/produkt\/mini-baerbar-selvpressende-mopp-3-stk\/\"]}]},{\"@type\":\"ImageObject\",\"inLanguage\":\"nb-NO\",\"@id\":\"https:\/\/mekulo.com\/no\/produkt\/mini-baerbar-selvpressende-mopp-3-stk\/#primaryimage\",\"url\":\"https:\/\/mekulo.com\/no\/wp-content\/uploads\/sites\/10\/2026\/04\/v9wud1i-1.jpeg\",\"contentUrl\":\"https:\/\/mekulo.com\/no\/wp-content\/uploads\/sites\/10\/2026\/04\/v9wud1i-1.jpeg\",\"width\":960,\"height\":960},{\"@type\":\"BreadcrumbList\",\"@id\":\"https:\/\/mekulo.com\/no\/produkt\/mini-baerbar-selvpressende-mopp-3-stk\/#breadcrumb\",\"itemListElement\":[{\"@type\":\"ListItem\",\"position\":1,\"name\":\"Home\",\"item\":\"https:\/\/mekulo.com\/no\/\"},{\"@type\":\"ListItem\",\"position\":2,\"name\":\"Butikk\",\"item\":\"https:\/\/mekulo.com\/no\/butikk\/\"},{\"@type\":\"ListItem\",\"position\":3,\"name\":\"Mini b\u00e6rbar selvpressende mopp (3 stk)\"}]},{\"@type\":\"WebSite\",\"@id\":\"https:\/\/mekulo.com\/no\/#website\",\"url\":\"https:\/\/mekulo.com\/no\/\",\"name\":\"Mekulo NO\",\"description\":\"\",\"publisher\":{\"@id\":\"https:\/\/mekulo.com\/no\/#organization\"},\"potentialAction\":[{\"@type\":\"SearchAction\",\"target\":{\"@type\":\"EntryPoint\",\"urlTemplate\":\"https:\/\/mekulo.com\/no\/?s={search_term_string}\"},\"query-input\":{\"@type\":\"PropertyValueSpecification\",\"valueRequired\":true,\"valueName\":\"search_term_string\"}}],\"inLanguage\":\"nb-NO\"},{\"@type\":\"Organization\",\"@id\":\"https:\/\/mekulo.com\/no\/#organization\",\"name\":\"Mekulo\",\"url\":\"https:\/\/mekulo.com\/no\/\",\"logo\":{\"@type\":\"ImageObject\",\"inLanguage\":\"nb-NO\",\"@id\":\"https:\/\/mekulo.com\/no\/#\/schema\/logo\/image\/\",\"url\":\"https:\/\/mekulo.com\/no\/wp-content\/uploads\/sites\/10\/2025\/12\/favicon_mekulo.png\",\"contentUrl\":\"https:\/\/mekulo.com\/no\/wp-content\/uploads\/sites\/10\/2025\/12\/favicon_mekulo.png\",\"width\":50,\"height\":50,\"caption\":\"Mekulo\"},\"image\":{\"@id\":\"https:\/\/mekulo.com\/no\/#\/schema\/logo\/image\/\"}}]}<\/script>\n<!-- \/ Yoast SEO plugin. -->","yoast_head_json":{"title":"Mini b\u00e6rbar selvpressende mopp (3 stk) - Mekulo NO","robots":{"index":"index","follow":"follow","max-snippet":"max-snippet:-1","max-image-preview":"max-image-preview:large","max-video-preview":"max-video-preview:-1"},"canonical":"https:\/\/mekulo.com\/no\/produkt\/mini-baerbar-selvpressende-mopp-3-stk\/","og_locale":"nb_NO","og_type":"article","og_title":"Mini b\u00e6rbar selvpressende mopp (3 stk) - Mekulo NO","og_description":"\ud83e\udee7Lite verkt\u00f8y. Stor rengj\u00f8ringskraft. Rengj\u00f8r s\u00f8l, flekker og overflater p\u00e5 sekunder. \ud83e\uddfcDenne b\u00e6rbare, selvklemmende minimoppen er et kompakt rengj\u00f8ringsverkt\u00f8y som er designet for rask rengj\u00f8ring i hverdagen. \ud83e\udeb6Med et sv\u00e6rt absorberende bomullshode og en praktisk klemmemekanisme hjelper den deg med \u00e5 rengj\u00f8re effektivt uten \u00e5 ber\u00f8re skittent vann.","og_url":"https:\/\/mekulo.com\/no\/produkt\/mini-baerbar-selvpressende-mopp-3-stk\/","og_site_name":"Mekulo NO","og_image":[{"width":960,"height":960,"url":"https:\/\/mekulo.com\/no\/wp-content\/uploads\/sites\/10\/2026\/04\/v9wud1i-1.jpeg","type":"image\/jpeg"}],"twitter_card":"summary_large_image","twitter_misc":{"Ansl. lesetid":"2 minutter"},"schema":{"@context":"https:\/\/schema.org","@graph":[{"@type":"WebPage","@id":"https:\/\/mekulo.com\/no\/produkt\/mini-baerbar-selvpressende-mopp-3-stk\/","url":"https:\/\/mekulo.com\/no\/produkt\/mini-baerbar-selvpressende-mopp-3-stk\/","name":"Mini b\u00e6rbar selvpressende mopp (3 stk) - Mekulo NO","isPartOf":{"@id":"https:\/\/mekulo.com\/no\/#website"},"primaryImageOfPage":{"@id":"https:\/\/mekulo.com\/no\/produkt\/mini-baerbar-selvpressende-mopp-3-stk\/#primaryimage"},"image":{"@id":"https:\/\/mekulo.com\/no\/produkt\/mini-baerbar-selvpressende-mopp-3-stk\/#primaryimage"},"thumbnailUrl":"https:\/\/mekulo.com\/no\/wp-content\/uploads\/sites\/10\/2026\/04\/v9wud1i-1.jpeg","datePublished":"2026-04-14T16:02:19+00:00","breadcrumb":{"@id":"https:\/\/mekulo.com\/no\/produkt\/mini-baerbar-selvpressende-mopp-3-stk\/#breadcrumb"},"inLanguage":"nb-NO","potentialAction":[{"@type":"ReadAction","target":["https:\/\/mekulo.com\/no\/produkt\/mini-baerbar-selvpressende-mopp-3-stk\/"]}]},{"@type":"ImageObject","inLanguage":"nb-NO","@id":"https:\/\/mekulo.com\/no\/produkt\/mini-baerbar-selvpressende-mopp-3-stk\/#primaryimage","url":"https:\/\/mekulo.com\/no\/wp-content\/uploads\/sites\/10\/2026\/04\/v9wud1i-1.jpeg","contentUrl":"https:\/\/mekulo.com\/no\/wp-content\/uploads\/sites\/10\/2026\/04\/v9wud1i-1.jpeg","width":960,"height":960},{"@type":"BreadcrumbList","@id":"https:\/\/mekulo.com\/no\/produkt\/mini-baerbar-selvpressende-mopp-3-stk\/#breadcrumb","itemListElement":[{"@type":"ListItem","position":1,"name":"Home","item":"https:\/\/mekulo.com\/no\/"},{"@type":"ListItem","position":2,"name":"Butikk","item":"https:\/\/mekulo.com\/no\/butikk\/"},{"@type":"ListItem","position":3,"name":"Mini b\u00e6rbar selvpressende mopp (3 stk)"}]},{"@type":"WebSite","@id":"https:\/\/mekulo.com\/no\/#website","url":"https:\/\/mekulo.com\/no\/","name":"Mekulo NO","description":"","publisher":{"@id":"https:\/\/mekulo.com\/no\/#organization"},"potentialAction":[{"@type":"SearchAction","target":{"@type":"EntryPoint","urlTemplate":"https:\/\/mekulo.com\/no\/?s={search_term_string}"},"query-input":{"@type":"PropertyValueSpecification","valueRequired":true,"valueName":"search_term_string"}}],"inLanguage":"nb-NO"},{"@type":"Organization","@id":"https:\/\/mekulo.com\/no\/#organization","name":"Mekulo","url":"https:\/\/mekulo.com\/no\/","logo":{"@type":"ImageObject","inLanguage":"nb-NO","@id":"https:\/\/mekulo.com\/no\/#\/schema\/logo\/image\/","url":"https:\/\/mekulo.com\/no\/wp-content\/uploads\/sites\/10\/2025\/12\/favicon_mekulo.png","contentUrl":"https:\/\/mekulo.com\/no\/wp-content\/uploads\/sites\/10\/2025\/12\/favicon_mekulo.png","width":50,"height":50,"caption":"Mekulo"},"image":{"@id":"https:\/\/mekulo.com\/no\/#\/schema\/logo\/image\/"}}]}},"_links":{"self":[{"href":"https:\/\/mekulo.com\/no\/wp-json\/wp\/v2\/product\/27710","targetHints":{"allow":["GET"]}}],"collection":[{"href":"https:\/\/mekulo.com\/no\/wp-json\/wp\/v2\/product"}],"about":[{"href":"https:\/\/mekulo.com\/no\/wp-json\/wp\/v2\/types\/product"}],"replies":[{"embeddable":true,"href":"https:\/\/mekulo.com\/no\/wp-json\/wp\/v2\/comments?post=27710"}],"wp:featuredmedia":[{"embeddable":true,"href":"https:\/\/mekulo.com\/no\/wp-json\/wp\/v2\/media\/27706"}],"wp:attachment":[{"href":"https:\/\/mekulo.com\/no\/wp-json\/wp\/v2\/media?parent=27710"}],"wp:term":[{"taxonomy":"product_brand","embeddable":true,"href":"https:\/\/mekulo.com\/no\/wp-json\/wp\/v2\/product_brand?post=27710"},{"taxonomy":"product_cat","embeddable":true,"href":"https:\/\/mekulo.com\/no\/wp-json\/wp\/v2\/product_cat?post=27710"},{"taxonomy":"product_tag","embeddable":true,"href":"https:\/\/mekulo.com\/no\/wp-json\/wp\/v2\/product_tag?post=27710"}],"curies":[{"name":"wp","href":"https:\/\/api.w.org\/{rel}","templated":true}]}}