{"id":27700,"date":"2026-04-14T18:58:50","date_gmt":"2026-04-14T15:58:50","guid":{"rendered":"https:\/\/mekulo.com\/no\/produkt\/batteridrevet-elektrisk-skrutrekker\/"},"modified":"2026-04-14T18:58:50","modified_gmt":"2026-04-14T15:58:50","slug":"batteridrevet-elektrisk-skrutrekker","status":"publish","type":"product","link":"https:\/\/mekulo.com\/no\/produkt\/batteridrevet-elektrisk-skrutrekker\/","title":{"rendered":"Batteridrevet elektrisk skrutrekker"},"content":{"rendered":"<h2 style=\"text-align: center\" data-section-id=\"wtab3f\" data-start=\"392\" data-end=\"408\">\u2728 L\u00f8ftet<\/h2>\n<p style=\"text-align: center\" data-start=\"410\" data-end=\"456\">Mer kontroll.<br data-start=\"423\" data-end=\"426\" \/>Mer presisjon.<br data-start=\"441\" data-end=\"444\" \/>Mindre anstrengelse.<\/p>\n<p data-start=\"410\" data-end=\"456\"><img fetchpriority=\"high\" decoding=\"async\" class=\" wp-image-27409 aligncenter\" src=\"https:\/\/mekulo.com\/template\/wp-content\/uploads\/sites\/6\/2026\/03\/12214-ezgif.com-video-to-webp-converter-4.webp\" alt=\"\" width=\"551\" height=\"551\" \/><\/p>\n<h2 style=\"text-align: center\" data-section-id=\"1x8y31r\" data-start=\"463\" data-end=\"481\">\u2705 Hovedfordeler<\/h2>\n<p data-start=\"485\" data-end=\"578\">\ud83d\udd04 Forover- og bakoverrotasjon &#8211; Trekk enkelt til eller fjern skruer med en enkel bryter.<\/p>\n<p data-start=\"582\" data-end=\"692\">\u2699\ufe0f Justerbare momentniv\u00e5er &#8211; Fem momentinnstillinger gir presis kontroll for delikate eller kraftigere oppgaver.<\/p>\n<p data-start=\"696\" data-end=\"784\">\u26a1 H\u00f8y hastighet &#8211; Opptil 360 o\/min for rask og effektiv skruing.<\/p>\n<p data-start=\"788\" data-end=\"890\">\ud83d\uded1 Smart elektronisk bremsesystem &#8211; Stopper rotasjonen umiddelbart for \u00e5 forhindre at skruen skades eller sklir.<\/p>\n<p data-start=\"894\" data-end=\"982\">\ud83e\udde0 Smart stoppbeskyttelse &#8211; Kutter automatisk str\u00f8mmen hvis bitsen blir feiljustert.<\/p>\n<p data-start=\"986\" data-end=\"1074\">\ud83d\udd27 Universell 0,6 cm HEX-bitsholder &#8211; kompatibel med et bredt utvalg av skrutrekkerbits.<\/p>\n<p data-start=\"1078\" data-end=\"1183\">\u270b Dobbel aktiveringsdesign &#8211; start verkt\u00f8yet med et knappetrykk eller ved \u00e5 trykke p\u00e5 skruen.<\/p>\n<h2 style=\"text-align: center\" data-section-id=\"d0iej6\" data-start=\"1190\" data-end=\"1213\">\u2757 Problem \u2192 L\u00f8sning<\/h2>\n<p data-start=\"1215\" data-end=\"1346\"><strong data-start=\"1215\" data-end=\"1227\">Problem:<\/strong><br data-start=\"1227\" data-end=\"1230\" \/>Manuelle skrutrekkere krever tid og krefter, spesielt n\u00e5r du arbeider med mange sm\u00e5 skruer eller \u00f8mfintlig elektronikk.<\/p>\n<p data-start=\"1348\" data-end=\"1560\"><strong data-start=\"1348\" data-end=\"1361\">L\u00f8sning:<\/strong><br data-start=\"1361\" data-end=\"1364\" \/>Denne batteridrevne skrutrekkeren leverer presis elektrisk kraft med justerbart dreiemoment og smarte sikkerhetsfunksjoner, slik at du kan fullf\u00f8re reparasjoner raskt og samtidig beskytte skruer og komponenter. Jobb smartere, ikke hardere.<\/p>\n<p data-start=\"1348\" data-end=\"1560\"><img decoding=\"async\" class=\" wp-image-27407 aligncenter\" src=\"https:\/\/mekulo.com\/template\/wp-content\/uploads\/sites\/6\/2026\/03\/12215-ezgif.com-video-to-webp-converter-4.webp\" alt=\"\" width=\"550\" height=\"550\" \/><\/p>\n<h2 style=\"text-align: center\" data-section-id=\"r5oe8f\" data-start=\"1594\" data-end=\"1620\">\ud83e\uddf0 Perfekt for<\/h2>\n<ul data-start=\"1636\" data-end=\"1794\">\n<li data-section-id=\"3elfo\" data-start=\"1636\" data-end=\"1658\">\n<p data-start=\"1638\" data-end=\"1658\">Elektronikkreparasjoner<\/p>\n<\/li>\n<li data-section-id=\"zk00vo\" data-start=\"1659\" data-end=\"1691\">\n<p data-start=\"1661\" data-end=\"1691\">Vedlikehold av b\u00e6rbare datamaskiner og telefoner<\/p>\n<\/li>\n<li data-section-id=\"o9pdwi\" data-start=\"1692\" data-end=\"1720\">\n<p data-start=\"1694\" data-end=\"1720\">TV- og apparatreparasjoner<\/p>\n<\/li>\n<li data-section-id=\"keqe2u\" data-start=\"1721\" data-end=\"1743\">\n<p data-start=\"1723\" data-end=\"1743\">M\u00f8belmontering<\/p>\n<\/li>\n<li data-section-id=\"pyvfed\" data-start=\"1744\" data-end=\"1765\">\n<p data-start=\"1746\" data-end=\"1765\">Gj\u00f8r-det-selv-prosjekter i hjemmet<\/p>\n<\/li>\n<li data-section-id=\"ui1hzc\" data-start=\"1766\" data-end=\"1794\">\n<p data-start=\"1768\" data-end=\"1794\">Profesjonelle teknikere<\/p>\n<\/li>\n<\/ul>\n<p data-start=\"1796\" data-end=\"1841\">Et kompakt verkt\u00f8y som h\u00f8rer hjemme i enhver verkt\u00f8ykasse.<\/p>\n<h2 style=\"text-align: center\" data-section-id=\"1k514u3\" data-start=\"1848\" data-end=\"1864\">\u2699\ufe0f Slik bruker du den<\/h2>\n<ol data-start=\"1866\" data-end=\"2102\">\n<li data-section-id=\"188e2mo\" data-start=\"1866\" data-end=\"1921\">\n<p data-start=\"1869\" data-end=\"1921\">Sett inn \u00f8nsket skrutrekkerbit i holderen.<\/p>\n<\/li>\n<li data-section-id=\"stlyy9\" data-start=\"1922\" data-end=\"1962\">\n<p data-start=\"1925\" data-end=\"1962\">Velg riktig momentniv\u00e5.<\/p>\n<\/li>\n<li data-section-id=\"81la6v\" data-start=\"1963\" data-end=\"2002\">\n<p data-start=\"1966\" data-end=\"2002\">Velg forover- eller bakoverrotasjon.<\/p>\n<\/li>\n<li data-section-id=\"b5s7ji\" data-start=\"2003\" data-end=\"2050\">\n<p data-start=\"2006\" data-end=\"2050\">Aktiver ved hjelp av knappen eller trykkfunksjonen.<\/p>\n<\/li>\n<li data-section-id=\"roivfi\" data-start=\"2051\" data-end=\"2102\">\n<p data-start=\"2054\" data-end=\"2102\">Trekk til eller fjern skruer raskt og presist.<\/p>\n<\/li>\n<\/ol>\n<h2 style=\"text-align: center\" data-section-id=\"6cujb5\" data-start=\"2149\" data-end=\"2170\">\ud83d\udcd0 Produktdetaljer<\/h2>\n<ul data-start=\"2172\" data-end=\"2440\">\n<li data-section-id=\"1v1ffrs\" data-start=\"2172\" data-end=\"2216\">\n<p data-start=\"2174\" data-end=\"2216\">Momentniv\u00e5er: 5 justerbare innstillinger<\/p>\n<\/li>\n<li data-section-id=\"tioggc\" data-start=\"2217\" data-end=\"2264\">\n<p data-start=\"2219\" data-end=\"2264\">Maks. dreiemoment 5 Nm (hardt) \/ 2,5 Nm (mykt)<\/p>\n<\/li>\n<li data-section-id=\"w64iec\" data-start=\"2265\" data-end=\"2297\">\n<p data-start=\"2267\" data-end=\"2297\">Hastighet: 360 o\/min (ubelastet)<\/p>\n<\/li>\n<li data-section-id=\"1oiojcj\" data-start=\"2298\" data-end=\"2334\">\n<p data-start=\"2300\" data-end=\"2334\">Bitsholder: 0,6 cm HEX universal<\/p>\n<\/li>\n<li data-section-id=\"zyhr21\" data-start=\"2335\" data-end=\"2375\">\n<p data-start=\"2337\" data-end=\"2375\">Lading: Micro-USB oppladbar<\/p>\n<\/li>\n<li data-section-id=\"y66q3\" data-start=\"2376\" data-end=\"2440\">\n<p data-start=\"2378\" data-end=\"2440\">Funksjoner: Frem\/tilbake, smart stopp, elektronisk brems<\/p>\n<\/li>\n<\/ul>\n<h2 style=\"text-align: center\" data-section-id=\"1qc1r63\" data-start=\"2497\" data-end=\"2519\">\ud83d\udce6 Pakken inneholder<\/h2>\n<ul data-start=\"2521\" data-end=\"2639\">\n<li data-section-id=\"1rkpmhc\" data-start=\"2521\" data-end=\"2558\">\n<p data-start=\"2523\" data-end=\"2558\">1x batteridrevet elektrisk skrutrekker<\/p>\n<\/li>\n<p>&lt;li data-section-id=&quot;1rkpmhc&quot; data-start=&quot;2521&quot; data-end=&quot;2558<\/p>\n","protected":false},"excerpt":{"rendered":"<p>\ud83d\udc68\u200d\ud83d\udd27Precision kraft for hverdagsreparasjoner. Lite verkt\u00f8y. Stor ytelse.<br \/>\n\ud83d\udd29Denne batteridrevne skrutrekkeren er utviklet for presisjonsarbeid, raske reparasjoner og uanstrengt montering.<br \/>\n\ud83e\ude9bMed justerbart dreiemoment, smarte sikkerhetsfunksjoner og en kompakt design hjelper den deg med \u00e5 fullf\u00f8re oppgaver raskere og med st\u00f8rre kontroll.<\/p>\n","protected":false},"featured_media":27696,"comment_status":"open","ping_status":"closed","template":"","meta":{"site-sidebar-layout":"default","site-content-layout":"","ast-site-content-layout":"default","site-content-style":"default","site-sidebar-style":"default","ast-global-header-display":"","ast-banner-title-visibility":"","ast-main-header-display":"","ast-hfb-above-header-display":"","ast-hfb-below-header-display":"","ast-hfb-mobile-header-display":"","site-post-title":"","ast-breadcrumbs-content":"","ast-featured-img":"","footer-sml-layout":"","theme-transparent-header-meta":"default","adv-header-id-meta":"","stick-header-meta":"","header-above-stick-meta":"","header-main-stick-meta":"","header-below-stick-meta":"","astra-migrate-meta-layouts":"set","ast-page-background-enabled":"default","ast-page-background-meta":{"desktop":{"background-color":"var(--ast-global-color-5)","background-image":"","background-repeat":"repeat","background-position":"center center","background-size":"auto","background-attachment":"scroll","background-type":"","background-media":"","overlay-type":"","overlay-color":"","overlay-opacity":"","overlay-gradient":""},"tablet":{"background-color":"","background-image":"","background-repeat":"repeat","background-position":"center center","background-size":"auto","background-attachment":"scroll","background-type":"","background-media":"","overlay-type":"","overlay-color":"","overlay-opacity":"","overlay-gradient":""},"mobile":{"background-color":"","background-image":"","background-repeat":"repeat","background-position":"center center","background-size":"auto","background-attachment":"scroll","background-type":"","background-media":"","overlay-type":"","overlay-color":"","overlay-opacity":"","overlay-gradient":""}},"ast-content-background-meta":{"desktop":{"background-color":"var(--ast-global-color-4)","background-image":"","background-repeat":"repeat","background-position":"center center","background-size":"auto","background-attachment":"scroll","background-type":"","background-media":"","overlay-type":"","overlay-color":"","overlay-opacity":"","overlay-gradient":""},"tablet":{"background-color":"var(--ast-global-color-4)","background-image":"","background-repeat":"repeat","background-position":"center center","background-size":"auto","background-attachment":"scroll","background-type":"","background-media":"","overlay-type":"","overlay-color":"","overlay-opacity":"","overlay-gradient":""},"mobile":{"background-color":"var(--ast-global-color-4)","background-image":"","background-repeat":"repeat","background-position":"center center","background-size":"auto","background-attachment":"scroll","background-type":"","background-media":"","overlay-type":"","overlay-color":"","overlay-opacity":"","overlay-gradient":""}}},"product_brand":[],"product_cat":[171],"product_tag":[],"class_list":{"0":"post-27700","1":"product","2":"type-product","3":"status-publish","4":"has-post-thumbnail","6":"product_cat-verktoy","7":"desktop-align-left","8":"tablet-align-left","9":"mobile-align-left","11":"first","12":"instock","13":"shipping-taxable","14":"purchasable","15":"product-type-simple"},"yoast_head":"<!-- This site is optimized with the Yoast SEO plugin v26.6 - https:\/\/yoast.com\/wordpress\/plugins\/seo\/ -->\n<title>Batteridrevet elektrisk skrutrekker - Mekulo NO<\/title>\n<meta name=\"robots\" content=\"index, follow, max-snippet:-1, max-image-preview:large, max-video-preview:-1\" \/>\n<link rel=\"canonical\" href=\"https:\/\/mekulo.com\/no\/produkt\/batteridrevet-elektrisk-skrutrekker\/\" \/>\n<meta property=\"og:locale\" content=\"nb_NO\" \/>\n<meta property=\"og:type\" content=\"article\" \/>\n<meta property=\"og:title\" content=\"Batteridrevet elektrisk skrutrekker - Mekulo NO\" \/>\n<meta property=\"og:description\" content=\"\ud83d\udc68\u200d\ud83d\udd27Precision kraft for hverdagsreparasjoner. Lite verkt\u00f8y. Stor ytelse. \ud83d\udd29Denne batteridrevne skrutrekkeren er utviklet for presisjonsarbeid, raske reparasjoner og uanstrengt montering. \ud83e\ude9bMed justerbart dreiemoment, smarte sikkerhetsfunksjoner og en kompakt design hjelper den deg med \u00e5 fullf\u00f8re oppgaver raskere og med st\u00f8rre kontroll.\" \/>\n<meta property=\"og:url\" content=\"https:\/\/mekulo.com\/no\/produkt\/batteridrevet-elektrisk-skrutrekker\/\" \/>\n<meta property=\"og:site_name\" content=\"Mekulo NO\" \/>\n<meta property=\"og:image\" content=\"https:\/\/mekulo.com\/no\/wp-content\/uploads\/sites\/10\/2026\/04\/t89tpo4-1.jpg\" \/>\n\t<meta property=\"og:image:width\" content=\"800\" \/>\n\t<meta property=\"og:image:height\" content=\"800\" \/>\n\t<meta property=\"og:image:type\" content=\"image\/jpeg\" \/>\n<meta name=\"twitter:card\" content=\"summary_large_image\" \/>\n<meta name=\"twitter:label1\" content=\"Ansl. lesetid\" \/>\n\t<meta name=\"twitter:data1\" content=\"2 minutter\" \/>\n<script type=\"application\/ld+json\" class=\"yoast-schema-graph\">{\"@context\":\"https:\/\/schema.org\",\"@graph\":[{\"@type\":\"WebPage\",\"@id\":\"https:\/\/mekulo.com\/no\/produkt\/batteridrevet-elektrisk-skrutrekker\/\",\"url\":\"https:\/\/mekulo.com\/no\/produkt\/batteridrevet-elektrisk-skrutrekker\/\",\"name\":\"Batteridrevet elektrisk skrutrekker - Mekulo NO\",\"isPartOf\":{\"@id\":\"https:\/\/mekulo.com\/no\/#website\"},\"primaryImageOfPage\":{\"@id\":\"https:\/\/mekulo.com\/no\/produkt\/batteridrevet-elektrisk-skrutrekker\/#primaryimage\"},\"image\":{\"@id\":\"https:\/\/mekulo.com\/no\/produkt\/batteridrevet-elektrisk-skrutrekker\/#primaryimage\"},\"thumbnailUrl\":\"https:\/\/mekulo.com\/no\/wp-content\/uploads\/sites\/10\/2026\/04\/t89tpo4-1.jpg\",\"datePublished\":\"2026-04-14T15:58:50+00:00\",\"breadcrumb\":{\"@id\":\"https:\/\/mekulo.com\/no\/produkt\/batteridrevet-elektrisk-skrutrekker\/#breadcrumb\"},\"inLanguage\":\"nb-NO\",\"potentialAction\":[{\"@type\":\"ReadAction\",\"target\":[\"https:\/\/mekulo.com\/no\/produkt\/batteridrevet-elektrisk-skrutrekker\/\"]}]},{\"@type\":\"ImageObject\",\"inLanguage\":\"nb-NO\",\"@id\":\"https:\/\/mekulo.com\/no\/produkt\/batteridrevet-elektrisk-skrutrekker\/#primaryimage\",\"url\":\"https:\/\/mekulo.com\/no\/wp-content\/uploads\/sites\/10\/2026\/04\/t89tpo4-1.jpg\",\"contentUrl\":\"https:\/\/mekulo.com\/no\/wp-content\/uploads\/sites\/10\/2026\/04\/t89tpo4-1.jpg\",\"width\":800,\"height\":800},{\"@type\":\"BreadcrumbList\",\"@id\":\"https:\/\/mekulo.com\/no\/produkt\/batteridrevet-elektrisk-skrutrekker\/#breadcrumb\",\"itemListElement\":[{\"@type\":\"ListItem\",\"position\":1,\"name\":\"Home\",\"item\":\"https:\/\/mekulo.com\/no\/\"},{\"@type\":\"ListItem\",\"position\":2,\"name\":\"Butikk\",\"item\":\"https:\/\/mekulo.com\/no\/butikk\/\"},{\"@type\":\"ListItem\",\"position\":3,\"name\":\"Batteridrevet elektrisk skrutrekker\"}]},{\"@type\":\"WebSite\",\"@id\":\"https:\/\/mekulo.com\/no\/#website\",\"url\":\"https:\/\/mekulo.com\/no\/\",\"name\":\"Mekulo NO\",\"description\":\"\",\"publisher\":{\"@id\":\"https:\/\/mekulo.com\/no\/#organization\"},\"potentialAction\":[{\"@type\":\"SearchAction\",\"target\":{\"@type\":\"EntryPoint\",\"urlTemplate\":\"https:\/\/mekulo.com\/no\/?s={search_term_string}\"},\"query-input\":{\"@type\":\"PropertyValueSpecification\",\"valueRequired\":true,\"valueName\":\"search_term_string\"}}],\"inLanguage\":\"nb-NO\"},{\"@type\":\"Organization\",\"@id\":\"https:\/\/mekulo.com\/no\/#organization\",\"name\":\"Mekulo\",\"url\":\"https:\/\/mekulo.com\/no\/\",\"logo\":{\"@type\":\"ImageObject\",\"inLanguage\":\"nb-NO\",\"@id\":\"https:\/\/mekulo.com\/no\/#\/schema\/logo\/image\/\",\"url\":\"https:\/\/mekulo.com\/no\/wp-content\/uploads\/sites\/10\/2025\/12\/favicon_mekulo.png\",\"contentUrl\":\"https:\/\/mekulo.com\/no\/wp-content\/uploads\/sites\/10\/2025\/12\/favicon_mekulo.png\",\"width\":50,\"height\":50,\"caption\":\"Mekulo\"},\"image\":{\"@id\":\"https:\/\/mekulo.com\/no\/#\/schema\/logo\/image\/\"}}]}<\/script>\n<!-- \/ Yoast SEO plugin. -->","yoast_head_json":{"title":"Batteridrevet elektrisk skrutrekker - Mekulo NO","robots":{"index":"index","follow":"follow","max-snippet":"max-snippet:-1","max-image-preview":"max-image-preview:large","max-video-preview":"max-video-preview:-1"},"canonical":"https:\/\/mekulo.com\/no\/produkt\/batteridrevet-elektrisk-skrutrekker\/","og_locale":"nb_NO","og_type":"article","og_title":"Batteridrevet elektrisk skrutrekker - Mekulo NO","og_description":"\ud83d\udc68\u200d\ud83d\udd27Precision kraft for hverdagsreparasjoner. Lite verkt\u00f8y. Stor ytelse. \ud83d\udd29Denne batteridrevne skrutrekkeren er utviklet for presisjonsarbeid, raske reparasjoner og uanstrengt montering. \ud83e\ude9bMed justerbart dreiemoment, smarte sikkerhetsfunksjoner og en kompakt design hjelper den deg med \u00e5 fullf\u00f8re oppgaver raskere og med st\u00f8rre kontroll.","og_url":"https:\/\/mekulo.com\/no\/produkt\/batteridrevet-elektrisk-skrutrekker\/","og_site_name":"Mekulo NO","og_image":[{"width":800,"height":800,"url":"https:\/\/mekulo.com\/no\/wp-content\/uploads\/sites\/10\/2026\/04\/t89tpo4-1.jpg","type":"image\/jpeg"}],"twitter_card":"summary_large_image","twitter_misc":{"Ansl. lesetid":"2 minutter"},"schema":{"@context":"https:\/\/schema.org","@graph":[{"@type":"WebPage","@id":"https:\/\/mekulo.com\/no\/produkt\/batteridrevet-elektrisk-skrutrekker\/","url":"https:\/\/mekulo.com\/no\/produkt\/batteridrevet-elektrisk-skrutrekker\/","name":"Batteridrevet elektrisk skrutrekker - Mekulo NO","isPartOf":{"@id":"https:\/\/mekulo.com\/no\/#website"},"primaryImageOfPage":{"@id":"https:\/\/mekulo.com\/no\/produkt\/batteridrevet-elektrisk-skrutrekker\/#primaryimage"},"image":{"@id":"https:\/\/mekulo.com\/no\/produkt\/batteridrevet-elektrisk-skrutrekker\/#primaryimage"},"thumbnailUrl":"https:\/\/mekulo.com\/no\/wp-content\/uploads\/sites\/10\/2026\/04\/t89tpo4-1.jpg","datePublished":"2026-04-14T15:58:50+00:00","breadcrumb":{"@id":"https:\/\/mekulo.com\/no\/produkt\/batteridrevet-elektrisk-skrutrekker\/#breadcrumb"},"inLanguage":"nb-NO","potentialAction":[{"@type":"ReadAction","target":["https:\/\/mekulo.com\/no\/produkt\/batteridrevet-elektrisk-skrutrekker\/"]}]},{"@type":"ImageObject","inLanguage":"nb-NO","@id":"https:\/\/mekulo.com\/no\/produkt\/batteridrevet-elektrisk-skrutrekker\/#primaryimage","url":"https:\/\/mekulo.com\/no\/wp-content\/uploads\/sites\/10\/2026\/04\/t89tpo4-1.jpg","contentUrl":"https:\/\/mekulo.com\/no\/wp-content\/uploads\/sites\/10\/2026\/04\/t89tpo4-1.jpg","width":800,"height":800},{"@type":"BreadcrumbList","@id":"https:\/\/mekulo.com\/no\/produkt\/batteridrevet-elektrisk-skrutrekker\/#breadcrumb","itemListElement":[{"@type":"ListItem","position":1,"name":"Home","item":"https:\/\/mekulo.com\/no\/"},{"@type":"ListItem","position":2,"name":"Butikk","item":"https:\/\/mekulo.com\/no\/butikk\/"},{"@type":"ListItem","position":3,"name":"Batteridrevet elektrisk skrutrekker"}]},{"@type":"WebSite","@id":"https:\/\/mekulo.com\/no\/#website","url":"https:\/\/mekulo.com\/no\/","name":"Mekulo NO","description":"","publisher":{"@id":"https:\/\/mekulo.com\/no\/#organization"},"potentialAction":[{"@type":"SearchAction","target":{"@type":"EntryPoint","urlTemplate":"https:\/\/mekulo.com\/no\/?s={search_term_string}"},"query-input":{"@type":"PropertyValueSpecification","valueRequired":true,"valueName":"search_term_string"}}],"inLanguage":"nb-NO"},{"@type":"Organization","@id":"https:\/\/mekulo.com\/no\/#organization","name":"Mekulo","url":"https:\/\/mekulo.com\/no\/","logo":{"@type":"ImageObject","inLanguage":"nb-NO","@id":"https:\/\/mekulo.com\/no\/#\/schema\/logo\/image\/","url":"https:\/\/mekulo.com\/no\/wp-content\/uploads\/sites\/10\/2025\/12\/favicon_mekulo.png","contentUrl":"https:\/\/mekulo.com\/no\/wp-content\/uploads\/sites\/10\/2025\/12\/favicon_mekulo.png","width":50,"height":50,"caption":"Mekulo"},"image":{"@id":"https:\/\/mekulo.com\/no\/#\/schema\/logo\/image\/"}}]}},"_links":{"self":[{"href":"https:\/\/mekulo.com\/no\/wp-json\/wp\/v2\/product\/27700","targetHints":{"allow":["GET"]}}],"collection":[{"href":"https:\/\/mekulo.com\/no\/wp-json\/wp\/v2\/product"}],"about":[{"href":"https:\/\/mekulo.com\/no\/wp-json\/wp\/v2\/types\/product"}],"replies":[{"embeddable":true,"href":"https:\/\/mekulo.com\/no\/wp-json\/wp\/v2\/comments?post=27700"}],"wp:featuredmedia":[{"embeddable":true,"href":"https:\/\/mekulo.com\/no\/wp-json\/wp\/v2\/media\/27696"}],"wp:attachment":[{"href":"https:\/\/mekulo.com\/no\/wp-json\/wp\/v2\/media?parent=27700"}],"wp:term":[{"taxonomy":"product_brand","embeddable":true,"href":"https:\/\/mekulo.com\/no\/wp-json\/wp\/v2\/product_brand?post=27700"},{"taxonomy":"product_cat","embeddable":true,"href":"https:\/\/mekulo.com\/no\/wp-json\/wp\/v2\/product_cat?post=27700"},{"taxonomy":"product_tag","embeddable":true,"href":"https:\/\/mekulo.com\/no\/wp-json\/wp\/v2\/product_tag?post=27700"}],"curies":[{"name":"wp","href":"https:\/\/api.w.org\/{rel}","templated":true}]}}