{"id":27669,"date":"2026-04-14T18:54:05","date_gmt":"2026-04-14T15:54:05","guid":{"rendered":"https:\/\/mekulo.com\/no\/produkt\/pustende-og-komfortabel-midjeformer\/"},"modified":"2026-04-14T18:54:47","modified_gmt":"2026-04-14T15:54:47","slug":"pustende-og-komfortabel-midjeformer","status":"publish","type":"product","link":"https:\/\/mekulo.com\/no\/produkt\/pustende-og-komfortabel-midjeformer\/","title":{"rendered":"Pustende og komfortabel midjeformer"},"content":{"rendered":"<h2 style=\"text-align: center\" data-section-id=\"wtab3f\" data-start=\"391\" data-end=\"407\">\u2728 L\u00f8ftet<\/h2>\n<p style=\"text-align: center\" data-start=\"409\" data-end=\"477\">Smidig forming.<br data-start=\"424\" data-end=\"427\" \/>Behagelig st\u00f8tte.<br data-start=\"447\" data-end=\"450\" \/>Selvtillit i alle antrekk.<\/p>\n<p data-start=\"409\" data-end=\"477\"><img fetchpriority=\"high\" decoding=\"async\" class=\"size-full wp-image-27359 aligncenter\" src=\"https:\/\/mekulo.com\/template\/wp-content\/uploads\/sites\/6\/2026\/03\/122121-ezgif.com-video-to-webp-converter-2.webp\" alt=\"\" width=\"480\" height=\"714\" \/><\/p>\n<h2 style=\"text-align: center\" data-section-id=\"1x8y31r\" data-start=\"484\" data-end=\"502\">\u2705 Hovedfordeler<\/h2>\n<p data-start=\"506\" data-end=\"611\">\ud83d\udc57 Slankere midje &#8211; Gir m\u00e5lrettet kompresjon som glatter ut og former midjen.<\/p>\n<p data-start=\"615\" data-end=\"724\">\ud83c\udf2c Pustende komfortstoff &#8211; Lette materialer holder kroppen kj\u00f8lig under daglig bruk eller trening.<\/p>\n<p data-start=\"728\" data-end=\"819\">\ud83e\uddd8 Holdningsst\u00f8tte &#8211; Hjelper med \u00e5 stabilisere kjernen din og oppmuntre til bedre ryggjustering.<\/p>\n<p data-start=\"823\" data-end=\"919\">\ud83c\udfcb\ufe0f Treningsvennlig design &#8211; St\u00f8tter magemusklene under trenings\u00f8kter og trening.<\/p>\n<p data-start=\"923\" data-end=\"1028\">\ud83d\udc5a Usynlig under kl\u00e6rne &#8211; Tr\u00e5dfri design som passer perfekt under kjoler, topper og treningst\u00f8y.<\/p>\n<p data-start=\"1032\" data-end=\"1127\">\ud83d\udd04 Fleksibel passform med stretch &#8211; T\u00f8ybart stoff som tilpasser seg komfortabelt til ulike kroppsformer.<\/p>\n<h2 style=\"text-align: center\" data-section-id=\"d0iej6\" data-start=\"1134\" data-end=\"1157\">\u2757 Problem \u2192 L\u00f8sning<\/h2>\n<p data-start=\"1159\" data-end=\"1267\"><strong data-start=\"1159\" data-end=\"1171\">Problem:<\/strong><br data-start=\"1171\" data-end=\"1174\" \/>Mange shapewear-produkter f\u00f8les ubehagelige, begrenser bevegelser eller holder p\u00e5 varmen under lang bruk.<\/p>\n<p data-start=\"1269\" data-end=\"1461\"><strong data-start=\"1269\" data-end=\"1282\">L\u00f8sning:<\/strong><br data-start=\"1282\" data-end=\"1285\" \/>Denne pustevennlige midjeformeren kombinerer st\u00f8ttende kompresjon med pustende materialer, noe som gir deg en jevnere midje samtidig som den holder deg komfortabel gjennom hele dagen. Form uten \u00e5 ofre komforten.<\/p>\n<p data-start=\"1269\" data-end=\"1461\"><img decoding=\"async\" class=\"size-full wp-image-27360 aligncenter\" src=\"https:\/\/mekulo.com\/template\/wp-content\/uploads\/sites\/6\/2026\/03\/S9a5e0132893c4d3b8c0f9ed116dfaca6Z.png\" alt=\"\" width=\"960\" height=\"960\" \/><\/p>\n<h2 style=\"text-align: center\" data-section-id=\"ivdk7f\" data-start=\"1504\" data-end=\"1530\">\ud83d\udc57 Perfekt for<\/h2>\n<ul data-start=\"1546\" data-end=\"1705\">\n<li data-section-id=\"11ii03o\" data-start=\"1546\" data-end=\"1575\">\n<p data-start=\"1548\" data-end=\"1575\">Daglig bruk under kl\u00e6rne<\/p>\n<\/li>\n<li data-section-id=\"k24y3g\" data-start=\"1576\" data-end=\"1613\">\n<p data-start=\"1578\" data-end=\"1613\">Gym- og kondisjonstrening<\/p>\n<\/li>\n<li data-section-id=\"1rg73xc\" data-start=\"1614\" data-end=\"1641\">\n<p data-start=\"1616\" data-end=\"1641\">St\u00f8tte etter f\u00f8dsel<\/p>\n<\/li>\n<li data-section-id=\"relhn4\" data-start=\"1642\" data-end=\"1674\">\n<p data-start=\"1644\" data-end=\"1674\">Kontorbruk eller lange arbeidsdager<\/p>\n<\/li>\n<li data-section-id=\"acz9cr\" data-start=\"1675\" data-end=\"1705\">\n<p data-start=\"1677\" data-end=\"1705\">Spesielle arrangementer og antrekk<\/p>\n<\/li>\n<\/ul>\n<p data-start=\"1707\" data-end=\"1763\">Designet for \u00e5 passe s\u00f8ml\u00f8st inn i din daglige livsstil.<\/p>\n<h2 style=\"text-align: center\" data-section-id=\"1k514u3\" data-start=\"1770\" data-end=\"1786\">\u2699\ufe0f Slik bruker du<\/h2>\n<ol data-start=\"1788\" data-end=\"1977\">\n<li data-section-id=\"1nst7mx\" data-start=\"1788\" data-end=\"1837\">\n<p data-start=\"1791\" data-end=\"1837\">Dra midjeformeren rundt midjen.<\/p>\n<\/li>\n<li data-section-id=\"5p8jqv\" data-start=\"1838\" data-end=\"1885\">\n<p data-start=\"1841\" data-end=\"1885\">Juster passformen for komfortabel kompresjon.<\/p>\n<\/li>\n<li data-section-id=\"1n5v2kv\" data-start=\"1886\" data-end=\"1929\">\n<p data-start=\"1889\" data-end=\"1929\">Bruk under kl\u00e6rne eller under trenings\u00f8kter.<\/p>\n<\/li>\n<li data-section-id=\"txy7xg\" data-start=\"1930\" data-end=\"1977\">\n<p data-start=\"1933\" data-end=\"1977\">Ta av etter bruk og vask for h\u00e5nd ved behov.<\/p>\n<\/li>\n<\/ol>\n<h2 style=\"text-align: center\" data-section-id=\"6cujb5\" data-start=\"2027\" data-end=\"2048\">\ud83d\udcd0 Produktdetaljer<\/h2>\n<ul data-start=\"2050\" data-end=\"2285\">\n<li data-section-id=\"8d5zm8\" data-start=\"2050\" data-end=\"2094\">\n<p data-start=\"2052\" data-end=\"2094\">Materiale: Bredduk, Spandex, Nylon<\/p>\n<\/li>\n<li data-section-id=\"dp5fzp\" data-start=\"2095\" data-end=\"2126\">\n<p data-start=\"2097\" data-end=\"2126\">St\u00f8ttetype: Tr\u00e5dfri<\/p>\n<\/li>\n<li data-section-id=\"16m1cxc\" data-start=\"2127\" data-end=\"2168\">\n<p data-start=\"2129\" data-end=\"2168\">Kontrollniv\u00e5: Medium kompresjon<\/p>\n<\/li>\n<li data-section-id=\"rz8sm4\" data-start=\"2169\" data-end=\"2197\">\n<p data-start=\"2171\" data-end=\"2197\">St\u00f8rrelse: S (75-85 cm), M (85-95 cm), L (95-105 cm), XL (105-115 cm), XXL (115-125 cm)<\/p>\n<\/li>\n<li data-section-id=\"1ugyfep\" data-start=\"2198\" data-end=\"2234\">\n<p data-start=\"2200\" data-end=\"2234\">Strekkapasitet: Opp til 8 cm<\/p>\n<\/li>\n<li data-section-id=\"13lgju8\" data-start=\"2235\" data-end=\"2285\">\n<p data-start=\"2237\" data-end=\"2285\">Design: Elegant timeglassformet silhuett<\/p>\n<\/li>\n<li data-section-id=\"13lgju8\" data-start=\"2235\" data-end=\"2285\">Vaskepleie: Kun h\u00e5ndvask, ikke stryke, ikke vri<\/li>\n<\/ul>\n<h2 style=\"text-align: center\" data-section-id=\"1qc1r63\" data-start=\"2352\" data-end=\"2374\">\ud83d\udce6 Pakken inneholder<\/h2>\n<ul data-start=\"2376\" data-end=\"2415\">\n<li data-section-id=\"10g6gx3\" data-start=\"2376\" data-end=\"2415\">\n<p data-start=\"2378\" data-end=\"2415\">1x pustende komfort midjeformer.<\/p>\n<\/li>\n<\/ul>\n","protected":false},"excerpt":{"rendered":"<p>\ud83d\udc57Forme midjen din. St\u00f8tt selvtilliten din. Komfortabel forming du kan ha p\u00e5 deg hele dagen.<br \/>\n\ud83e\udeb6Denne pustende komfortmidjeformeren former midjen din forsiktig samtidig som den st\u00f8tter holdningen og kjernen din.<br \/>\n\ud83d\udebaDesignet med fleksibelt, pustende stoff, gir den en smigrende silhuett uten \u00e5 begrense bevegelsene.<\/p>\n","protected":false},"featured_media":27665,"comment_status":"open","ping_status":"closed","template":"","meta":{"site-sidebar-layout":"default","site-content-layout":"","ast-site-content-layout":"default","site-content-style":"default","site-sidebar-style":"default","ast-global-header-display":"","ast-banner-title-visibility":"","ast-main-header-display":"","ast-hfb-above-header-display":"","ast-hfb-below-header-display":"","ast-hfb-mobile-header-display":"","site-post-title":"","ast-breadcrumbs-content":"","ast-featured-img":"","footer-sml-layout":"","theme-transparent-header-meta":"default","adv-header-id-meta":"","stick-header-meta":"","header-above-stick-meta":"","header-main-stick-meta":"","header-below-stick-meta":"","astra-migrate-meta-layouts":"set","ast-page-background-enabled":"default","ast-page-background-meta":{"desktop":{"background-color":"var(--ast-global-color-5)","background-image":"","background-repeat":"repeat","background-position":"center center","background-size":"auto","background-attachment":"scroll","background-type":"","background-media":"","overlay-type":"","overlay-color":"","overlay-opacity":"","overlay-gradient":""},"tablet":{"background-color":"","background-image":"","background-repeat":"repeat","background-position":"center center","background-size":"auto","background-attachment":"scroll","background-type":"","background-media":"","overlay-type":"","overlay-color":"","overlay-opacity":"","overlay-gradient":""},"mobile":{"background-color":"","background-image":"","background-repeat":"repeat","background-position":"center center","background-size":"auto","background-attachment":"scroll","background-type":"","background-media":"","overlay-type":"","overlay-color":"","overlay-opacity":"","overlay-gradient":""}},"ast-content-background-meta":{"desktop":{"background-color":"var(--ast-global-color-4)","background-image":"","background-repeat":"repeat","background-position":"center center","background-size":"auto","background-attachment":"scroll","background-type":"","background-media":"","overlay-type":"","overlay-color":"","overlay-opacity":"","overlay-gradient":""},"tablet":{"background-color":"var(--ast-global-color-4)","background-image":"","background-repeat":"repeat","background-position":"center center","background-size":"auto","background-attachment":"scroll","background-type":"","background-media":"","overlay-type":"","overlay-color":"","overlay-opacity":"","overlay-gradient":""},"mobile":{"background-color":"var(--ast-global-color-4)","background-image":"","background-repeat":"repeat","background-position":"center center","background-size":"auto","background-attachment":"scroll","background-type":"","background-media":"","overlay-type":"","overlay-color":"","overlay-opacity":"","overlay-gradient":""}}},"product_brand":[],"product_cat":[164,162],"product_tag":[],"class_list":{"0":"post-27669","1":"product","2":"type-product","3":"status-publish","4":"has-post-thumbnail","6":"product_cat-klesplagg-for-kvinner","7":"product_cat-skjonnhets-og-hygieneprodukter","8":"pa_66462_506c9lof-beige","9":"pa_66462_506c9lof-svart","10":"pa_66462_jopy6k9s-l","11":"pa_66462_jopy6k9s-m","12":"pa_66462_jopy6k9s-s","13":"pa_66462_jopy6k9s-xl","14":"pa_66462_jopy6k9s-xxl","15":"desktop-align-left","16":"tablet-align-left","17":"mobile-align-left","19":"first","20":"instock","21":"shipping-taxable","22":"purchasable","23":"product-type-variable","24":"has-default-attributes"},"yoast_head":"<!-- This site is optimized with the Yoast SEO plugin v26.6 - https:\/\/yoast.com\/wordpress\/plugins\/seo\/ -->\n<title>Pustende og komfortabel midjeformer - Mekulo NO<\/title>\n<meta name=\"robots\" content=\"index, follow, max-snippet:-1, max-image-preview:large, max-video-preview:-1\" \/>\n<link rel=\"canonical\" href=\"https:\/\/mekulo.com\/no\/produkt\/pustende-og-komfortabel-midjeformer\/\" \/>\n<meta property=\"og:locale\" content=\"nb_NO\" \/>\n<meta property=\"og:type\" content=\"article\" \/>\n<meta property=\"og:title\" content=\"Pustende og komfortabel midjeformer - Mekulo NO\" \/>\n<meta property=\"og:description\" content=\"\ud83d\udc57Forme midjen din. St\u00f8tt selvtilliten din. Komfortabel forming du kan ha p\u00e5 deg hele dagen. \ud83e\udeb6Denne pustende komfortmidjeformeren former midjen din forsiktig samtidig som den st\u00f8tter holdningen og kjernen din. \ud83d\udebaDesignet med fleksibelt, pustende stoff, gir den en smigrende silhuett uten \u00e5 begrense bevegelsene.\" \/>\n<meta property=\"og:url\" content=\"https:\/\/mekulo.com\/no\/produkt\/pustende-og-komfortabel-midjeformer\/\" \/>\n<meta property=\"og:site_name\" content=\"Mekulo NO\" \/>\n<meta property=\"article:modified_time\" content=\"2026-04-14T15:54:47+00:00\" \/>\n<meta property=\"og:image\" content=\"https:\/\/mekulo.com\/no\/wp-content\/uploads\/sites\/10\/2026\/04\/rsy429b-1.webp\" \/>\n\t<meta property=\"og:image:width\" content=\"960\" \/>\n\t<meta property=\"og:image:height\" content=\"960\" \/>\n\t<meta property=\"og:image:type\" content=\"image\/webp\" \/>\n<meta name=\"twitter:card\" content=\"summary_large_image\" \/>\n<meta name=\"twitter:label1\" content=\"Ansl. lesetid\" \/>\n\t<meta name=\"twitter:data1\" content=\"2 minutter\" \/>\n<script type=\"application\/ld+json\" class=\"yoast-schema-graph\">{\"@context\":\"https:\/\/schema.org\",\"@graph\":[{\"@type\":\"WebPage\",\"@id\":\"https:\/\/mekulo.com\/no\/produkt\/pustende-og-komfortabel-midjeformer\/\",\"url\":\"https:\/\/mekulo.com\/no\/produkt\/pustende-og-komfortabel-midjeformer\/\",\"name\":\"Pustende og komfortabel midjeformer - Mekulo NO\",\"isPartOf\":{\"@id\":\"https:\/\/mekulo.com\/no\/#website\"},\"primaryImageOfPage\":{\"@id\":\"https:\/\/mekulo.com\/no\/produkt\/pustende-og-komfortabel-midjeformer\/#primaryimage\"},\"image\":{\"@id\":\"https:\/\/mekulo.com\/no\/produkt\/pustende-og-komfortabel-midjeformer\/#primaryimage\"},\"thumbnailUrl\":\"https:\/\/mekulo.com\/no\/wp-content\/uploads\/sites\/10\/2026\/04\/rsy429b-1.webp\",\"datePublished\":\"2026-04-14T15:54:05+00:00\",\"dateModified\":\"2026-04-14T15:54:47+00:00\",\"breadcrumb\":{\"@id\":\"https:\/\/mekulo.com\/no\/produkt\/pustende-og-komfortabel-midjeformer\/#breadcrumb\"},\"inLanguage\":\"nb-NO\",\"potentialAction\":[{\"@type\":\"ReadAction\",\"target\":[\"https:\/\/mekulo.com\/no\/produkt\/pustende-og-komfortabel-midjeformer\/\"]}]},{\"@type\":\"ImageObject\",\"inLanguage\":\"nb-NO\",\"@id\":\"https:\/\/mekulo.com\/no\/produkt\/pustende-og-komfortabel-midjeformer\/#primaryimage\",\"url\":\"https:\/\/mekulo.com\/no\/wp-content\/uploads\/sites\/10\/2026\/04\/rsy429b-1.webp\",\"contentUrl\":\"https:\/\/mekulo.com\/no\/wp-content\/uploads\/sites\/10\/2026\/04\/rsy429b-1.webp\",\"width\":960,\"height\":960},{\"@type\":\"BreadcrumbList\",\"@id\":\"https:\/\/mekulo.com\/no\/produkt\/pustende-og-komfortabel-midjeformer\/#breadcrumb\",\"itemListElement\":[{\"@type\":\"ListItem\",\"position\":1,\"name\":\"Home\",\"item\":\"https:\/\/mekulo.com\/no\/\"},{\"@type\":\"ListItem\",\"position\":2,\"name\":\"Butikk\",\"item\":\"https:\/\/mekulo.com\/no\/butikk\/\"},{\"@type\":\"ListItem\",\"position\":3,\"name\":\"Pustende og komfortabel midjeformer\"}]},{\"@type\":\"WebSite\",\"@id\":\"https:\/\/mekulo.com\/no\/#website\",\"url\":\"https:\/\/mekulo.com\/no\/\",\"name\":\"Mekulo NO\",\"description\":\"\",\"publisher\":{\"@id\":\"https:\/\/mekulo.com\/no\/#organization\"},\"potentialAction\":[{\"@type\":\"SearchAction\",\"target\":{\"@type\":\"EntryPoint\",\"urlTemplate\":\"https:\/\/mekulo.com\/no\/?s={search_term_string}\"},\"query-input\":{\"@type\":\"PropertyValueSpecification\",\"valueRequired\":true,\"valueName\":\"search_term_string\"}}],\"inLanguage\":\"nb-NO\"},{\"@type\":\"Organization\",\"@id\":\"https:\/\/mekulo.com\/no\/#organization\",\"name\":\"Mekulo\",\"url\":\"https:\/\/mekulo.com\/no\/\",\"logo\":{\"@type\":\"ImageObject\",\"inLanguage\":\"nb-NO\",\"@id\":\"https:\/\/mekulo.com\/no\/#\/schema\/logo\/image\/\",\"url\":\"https:\/\/mekulo.com\/no\/wp-content\/uploads\/sites\/10\/2025\/12\/favicon_mekulo.png\",\"contentUrl\":\"https:\/\/mekulo.com\/no\/wp-content\/uploads\/sites\/10\/2025\/12\/favicon_mekulo.png\",\"width\":50,\"height\":50,\"caption\":\"Mekulo\"},\"image\":{\"@id\":\"https:\/\/mekulo.com\/no\/#\/schema\/logo\/image\/\"}}]}<\/script>\n<!-- \/ Yoast SEO plugin. -->","yoast_head_json":{"title":"Pustende og komfortabel midjeformer - Mekulo NO","robots":{"index":"index","follow":"follow","max-snippet":"max-snippet:-1","max-image-preview":"max-image-preview:large","max-video-preview":"max-video-preview:-1"},"canonical":"https:\/\/mekulo.com\/no\/produkt\/pustende-og-komfortabel-midjeformer\/","og_locale":"nb_NO","og_type":"article","og_title":"Pustende og komfortabel midjeformer - Mekulo NO","og_description":"\ud83d\udc57Forme midjen din. St\u00f8tt selvtilliten din. Komfortabel forming du kan ha p\u00e5 deg hele dagen. \ud83e\udeb6Denne pustende komfortmidjeformeren former midjen din forsiktig samtidig som den st\u00f8tter holdningen og kjernen din. \ud83d\udebaDesignet med fleksibelt, pustende stoff, gir den en smigrende silhuett uten \u00e5 begrense bevegelsene.","og_url":"https:\/\/mekulo.com\/no\/produkt\/pustende-og-komfortabel-midjeformer\/","og_site_name":"Mekulo NO","article_modified_time":"2026-04-14T15:54:47+00:00","og_image":[{"width":960,"height":960,"url":"https:\/\/mekulo.com\/no\/wp-content\/uploads\/sites\/10\/2026\/04\/rsy429b-1.webp","type":"image\/webp"}],"twitter_card":"summary_large_image","twitter_misc":{"Ansl. lesetid":"2 minutter"},"schema":{"@context":"https:\/\/schema.org","@graph":[{"@type":"WebPage","@id":"https:\/\/mekulo.com\/no\/produkt\/pustende-og-komfortabel-midjeformer\/","url":"https:\/\/mekulo.com\/no\/produkt\/pustende-og-komfortabel-midjeformer\/","name":"Pustende og komfortabel midjeformer - Mekulo NO","isPartOf":{"@id":"https:\/\/mekulo.com\/no\/#website"},"primaryImageOfPage":{"@id":"https:\/\/mekulo.com\/no\/produkt\/pustende-og-komfortabel-midjeformer\/#primaryimage"},"image":{"@id":"https:\/\/mekulo.com\/no\/produkt\/pustende-og-komfortabel-midjeformer\/#primaryimage"},"thumbnailUrl":"https:\/\/mekulo.com\/no\/wp-content\/uploads\/sites\/10\/2026\/04\/rsy429b-1.webp","datePublished":"2026-04-14T15:54:05+00:00","dateModified":"2026-04-14T15:54:47+00:00","breadcrumb":{"@id":"https:\/\/mekulo.com\/no\/produkt\/pustende-og-komfortabel-midjeformer\/#breadcrumb"},"inLanguage":"nb-NO","potentialAction":[{"@type":"ReadAction","target":["https:\/\/mekulo.com\/no\/produkt\/pustende-og-komfortabel-midjeformer\/"]}]},{"@type":"ImageObject","inLanguage":"nb-NO","@id":"https:\/\/mekulo.com\/no\/produkt\/pustende-og-komfortabel-midjeformer\/#primaryimage","url":"https:\/\/mekulo.com\/no\/wp-content\/uploads\/sites\/10\/2026\/04\/rsy429b-1.webp","contentUrl":"https:\/\/mekulo.com\/no\/wp-content\/uploads\/sites\/10\/2026\/04\/rsy429b-1.webp","width":960,"height":960},{"@type":"BreadcrumbList","@id":"https:\/\/mekulo.com\/no\/produkt\/pustende-og-komfortabel-midjeformer\/#breadcrumb","itemListElement":[{"@type":"ListItem","position":1,"name":"Home","item":"https:\/\/mekulo.com\/no\/"},{"@type":"ListItem","position":2,"name":"Butikk","item":"https:\/\/mekulo.com\/no\/butikk\/"},{"@type":"ListItem","position":3,"name":"Pustende og komfortabel midjeformer"}]},{"@type":"WebSite","@id":"https:\/\/mekulo.com\/no\/#website","url":"https:\/\/mekulo.com\/no\/","name":"Mekulo NO","description":"","publisher":{"@id":"https:\/\/mekulo.com\/no\/#organization"},"potentialAction":[{"@type":"SearchAction","target":{"@type":"EntryPoint","urlTemplate":"https:\/\/mekulo.com\/no\/?s={search_term_string}"},"query-input":{"@type":"PropertyValueSpecification","valueRequired":true,"valueName":"search_term_string"}}],"inLanguage":"nb-NO"},{"@type":"Organization","@id":"https:\/\/mekulo.com\/no\/#organization","name":"Mekulo","url":"https:\/\/mekulo.com\/no\/","logo":{"@type":"ImageObject","inLanguage":"nb-NO","@id":"https:\/\/mekulo.com\/no\/#\/schema\/logo\/image\/","url":"https:\/\/mekulo.com\/no\/wp-content\/uploads\/sites\/10\/2025\/12\/favicon_mekulo.png","contentUrl":"https:\/\/mekulo.com\/no\/wp-content\/uploads\/sites\/10\/2025\/12\/favicon_mekulo.png","width":50,"height":50,"caption":"Mekulo"},"image":{"@id":"https:\/\/mekulo.com\/no\/#\/schema\/logo\/image\/"}}]}},"_links":{"self":[{"href":"https:\/\/mekulo.com\/no\/wp-json\/wp\/v2\/product\/27669","targetHints":{"allow":["GET"]}}],"collection":[{"href":"https:\/\/mekulo.com\/no\/wp-json\/wp\/v2\/product"}],"about":[{"href":"https:\/\/mekulo.com\/no\/wp-json\/wp\/v2\/types\/product"}],"replies":[{"embeddable":true,"href":"https:\/\/mekulo.com\/no\/wp-json\/wp\/v2\/comments?post=27669"}],"wp:featuredmedia":[{"embeddable":true,"href":"https:\/\/mekulo.com\/no\/wp-json\/wp\/v2\/media\/27665"}],"wp:attachment":[{"href":"https:\/\/mekulo.com\/no\/wp-json\/wp\/v2\/media?parent=27669"}],"wp:term":[{"taxonomy":"product_brand","embeddable":true,"href":"https:\/\/mekulo.com\/no\/wp-json\/wp\/v2\/product_brand?post=27669"},{"taxonomy":"product_cat","embeddable":true,"href":"https:\/\/mekulo.com\/no\/wp-json\/wp\/v2\/product_cat?post=27669"},{"taxonomy":"product_tag","embeddable":true,"href":"https:\/\/mekulo.com\/no\/wp-json\/wp\/v2\/product_tag?post=27669"}],"curies":[{"name":"wp","href":"https:\/\/api.w.org\/{rel}","templated":true}]}}