{"id":27660,"date":"2026-04-14T18:50:02","date_gmt":"2026-04-14T15:50:02","guid":{"rendered":"https:\/\/mekulo.com\/no\/produkt\/sterkt-og-raskt-lim-til-alle-formal-500-g\/"},"modified":"2026-04-14T18:50:02","modified_gmt":"2026-04-14T15:50:02","slug":"sterkt-og-raskt-lim-til-alle-formal-500-g","status":"publish","type":"product","link":"https:\/\/mekulo.com\/no\/produkt\/sterkt-og-raskt-lim-til-alle-formal-500-g\/","title":{"rendered":"Sterkt og raskt lim til alle form\u00e5l (500 g)"},"content":{"rendered":"<h2 style=\"text-align: center\" data-section-id=\"wtab3f\" data-start=\"394\" data-end=\"410\">\u2728 L\u00f8ftet<\/h2>\n<p style=\"text-align: center\" data-start=\"412\" data-end=\"479\">Stark liming.<br data-start=\"427\" data-end=\"430\" \/>Raske resultater.<br data-start=\"443\" data-end=\"446\" \/>P\u00e5litelig feste i alle milj\u00f8er.<\/p>\n<p data-start=\"412\" data-end=\"479\"><img fetchpriority=\"high\" decoding=\"async\" class=\" wp-image-27344 aligncenter\" src=\"https:\/\/mekulo.com\/template\/wp-content\/uploads\/sites\/6\/2026\/03\/122118-ezgif.com-video-to-webp-converter-2.webp\" alt=\"\" width=\"550\" height=\"550\" \/><\/p>\n<h2 style=\"text-align: center\" data-section-id=\"1x8y31r\" data-start=\"486\" data-end=\"504\">\u2705 Hovedfordeler<\/h2>\n<p data-start=\"508\" data-end=\"614\">\u26a1 Hurtigherdende limteknologi &#8211; Limer materialer raskt for \u00e5 redusere ventetiden under prosjekter.<\/p>\n<p data-start=\"618\" data-end=\"737\">\ud83e\udea8 Sterkt feste for flere materialer &#8211; Fungerer effektivt p\u00e5 stein, grus, murstein, flis, skjell og mer.<\/p>\n<p data-start=\"741\" data-end=\"851\">\ud83c\udf27 V\u00e6rbestandig holdbarhet &#8211; T\u00e5ler vind, regn og utend\u00f8rs forhold uten \u00e5 miste styrke.<\/p>\n<p data-start=\"855\" data-end=\"968\">\ud83c\udfaf Presisjonsdysep\u00e5f\u00f8ring &#8211; Jevn, kontrollert p\u00e5f\u00f8ring uten blanding eller kompliserte forberedelser.<\/p>\n<p data-start=\"972\" data-end=\"1068\">\ud83d\udd12 Dyp limstruktur &#8211; Skaper et nettlignende grep som l\u00e5ser materialene godt p\u00e5 plass.<\/p>\n<p data-start=\"1072\" data-end=\"1163\">\ud83c\udf3f Klar og naturlig finish &#8211; Holder det naturlige utseendet til landskapsmaterialene intakt.<\/p>\n<h2 style=\"text-align: center\" data-section-id=\"d0iej6\" data-start=\"1170\" data-end=\"1193\">\u2757 Problem \u2192 L\u00f8sning<\/h2>\n<p data-start=\"1195\" data-end=\"1326\"><strong data-start=\"1195\" data-end=\"1207\">Problem:<\/strong><br data-start=\"1207\" data-end=\"1210\" \/>L\u00f8s grus, stein og landskapsmaterialer forskyver seg ofte over tid p\u00e5 grunn av v\u00e6r, fottrafikk eller d\u00e5rlig liming.<\/p>\n<p data-start=\"1328\" data-end=\"1518\"><strong data-start=\"1328\" data-end=\"1341\">L\u00f8sning:<\/strong><br data-start=\"1341\" data-end=\"1344\" \/>Dette sterke og raske limet til alle form\u00e5l stabiliserer materialene umiddelbart, og skaper et langvarig feste som holder stier, hager og dekorative overflater rene og organiserte. P\u00e5litelig liming uten komplisert installasjon.<\/p>\n<p data-start=\"1328\" data-end=\"1518\"><img decoding=\"async\" class=\"size-full wp-image-27346 aligncenter\" src=\"https:\/\/mekulo.com\/template\/wp-content\/uploads\/sites\/6\/2026\/03\/2214d408-f8a5-4d7f-863b-dd7d865508eb.webp\" alt=\"\" width=\"627\" height=\"1000\" \/><\/p>\n<h2 style=\"text-align: center\" data-section-id=\"10n4q2k\" data-start=\"1577\" data-end=\"1603\">\ud83c\udfe1 Perfekt til<\/h2>\n<ul data-start=\"1617\" data-end=\"1833\">\n<li data-section-id=\"wecjvh\" data-start=\"1617\" data-end=\"1650\">\n<p data-start=\"1619\" data-end=\"1650\">Hage- og landskapsprosjekter<\/p>\n<\/li>\n<li data-section-id=\"cpon8g\" data-start=\"1651\" data-end=\"1682\">\n<p data-start=\"1653\" data-end=\"1682\">Stabilisering av grusganger<\/p>\n<\/li>\n<li data-section-id=\"14qjpme\" data-start=\"1683\" data-end=\"1722\">\n<p data-start=\"1685\" data-end=\"1722\">Fiksering av dekorative steiner og murstein<\/p>\n<\/li>\n<li data-section-id=\"1aqodhg\" data-start=\"1723\" data-end=\"1760\">\n<p data-start=\"1725\" data-end=\"1760\">Sikring av treflis eller furustr\u00e5<\/p>\n<\/li>\n<li data-section-id=\"1a10kil\" data-start=\"1761\" data-end=\"1794\">\n<p data-start=\"1763\" data-end=\"1794\">DIY oppussingsprosjekter<\/p>\n<\/li>\n<li data-section-id=\"56ch8k\" data-start=\"1795\" data-end=\"1833\">\n<p data-start=\"1797\" data-end=\"1833\">Utend\u00f8rs dekorasjon og vedlikehold<\/p>\n<\/li>\n<\/ul>\n<p data-start=\"1835\" data-end=\"1899\">En praktisk l\u00f8sning for b\u00e5de profesjonelle og gj\u00f8r-det-selv-entusiaster.<\/p>\n<h2 style=\"text-align: center\" data-section-id=\"1k514u3\" data-start=\"1906\" data-end=\"1922\">\u2699\ufe0f Slik bruker du det<\/h2>\n<ol data-start=\"1924\" data-end=\"2138\">\n<li data-section-id=\"1kuwbh3\" data-start=\"1924\" data-end=\"1964\">\n<p data-start=\"1927\" data-end=\"1964\">Forsikre deg om at overflaten er ren og t\u00f8rr.<\/p>\n<\/li>\n<li data-section-id=\"5ej5m\" data-start=\"1965\" data-end=\"2014\">\n<p data-start=\"1968\" data-end=\"2014\">P\u00e5f\u00f8r limet direkte med munnstykket.<\/p>\n<\/li>\n<li data-section-id=\"7hozsg\" data-start=\"2015\" data-end=\"2059\">\n<p data-start=\"2018\" data-end=\"2059\">Fordel det jevnt over det \u00f8nskede materialet.<\/p>\n<\/li>\n<li data-section-id=\"1fhk3k7\" data-start=\"2060\" data-end=\"2091\">\n<p data-start=\"2063\" data-end=\"2091\">Trykk materialene p\u00e5 plass.<\/p>\n<\/li>\n<li data-section-id=\"l8foou\" data-start=\"2092\" data-end=\"2138\">\n<p data-start=\"2095\" data-end=\"2138\">La limet stivne og sikre sammenf\u00f8yningen.<\/p>\n<\/li>\n<\/ol>\n<h2 style=\"text-align: center\" data-section-id=\"6cujb5\" data-start=\"2186\" data-end=\"2207\">\ud83d\udcd0 Produktdetaljer<\/h2>\n<ul data-start=\"2209\" data-end=\"2535\">\n<li data-section-id=\"15a39pc\" data-start=\"2292\" data-end=\"2313\">\n<p data-start=\"2294\" data-end=\"2313\">Vekt: 500 g<\/p>\n<\/li>\n<li data-section-id=\"yuqvk1\" data-start=\"2314\" data-end=\"2346\">\n<p data-start=\"2316\" data-end=\"2346\">St\u00f8rrelse: 13 x 7,1 x 18,5 cm<\/p>\n<\/li>\n<li data-section-id=\"3s1iq4\" data-start=\"2347\" data-end=\"2387\">\n<p data-start=\"2349\" data-end=\"2387\">Finish: Gjennomsiktig etter t\u00f8rking<\/p>\n<\/li>\n<li data-section-id=\"1tyc3p2\" data-start=\"2388\" data-end=\"2449\">\n<p data-start=\"2390\" data-end=\"2449\">Funksjoner: Vanntett, hurtigherdende, v\u00e6rbestandig<\/p>\n<\/li>\n<li data-section-id=\"15yr3an\" data-start=\"2450\" data-end=\"2535\">\n<p data-start=\"2452\" data-end=\"2535\">Anvendelser: Stein, murstein, grus, skjell, flis, landskapsarkitekturmaterialer<\/p>\n<\/li>\n<li data-section-id=\"15yr3an\" data-start=\"2450\" data-end=\"2535\">\n<p data-start=\"2452\" data-end=\"2535\">Tetthet: 800 mPa-s (g\/cm2)<\/p>\n<\/li>\n<li data-section-id=\"15yr3an\" data-start=\"2450\" data-end=\"2535\">\n<p data-start=\"2452\" data-end=\"2535\">Herdetid: 2 timer<\/p>\n<\/li>\n<li data-section-id=\"15yr3an\" data-start=\"2450\" data-end=\"2535\">Holdbarhet: 6 m\u00e5neder<\/li>\n<\/ul>\n<h2 style=\"text-align: center\" data-section-id=\"1qc1r63\" data-start=\"2594\" data-end=\"2616\">\ud83d\udce6 Pakken inneholder<\/h2>\n<p>&lt;ul data<\/p>\n","protected":false},"excerpt":{"rendered":"<p>\ud83d\udd10Fikser, limer og sikrer materialer p\u00e5 f\u00e5 minutter.<br \/>\n\ud83c\udfe1Et kraftig lim designet for sterk liming utend\u00f8rs og innend\u00f8rs.<br \/>\n\ud83e\udea8Dette allsidige, sterke og raske limet skaper et holdbart feste for materialer som stein, murstein, grus, flis og mer &#8211; og hjelper deg med \u00e5 fullf\u00f8re prosjekter raskt, samtidig som du opprettholder en ren, profesjonell finish.<\/p>\n","protected":false},"featured_media":27656,"comment_status":"open","ping_status":"closed","template":"","meta":{"site-sidebar-layout":"default","site-content-layout":"","ast-site-content-layout":"default","site-content-style":"default","site-sidebar-style":"default","ast-global-header-display":"","ast-banner-title-visibility":"","ast-main-header-display":"","ast-hfb-above-header-display":"","ast-hfb-below-header-display":"","ast-hfb-mobile-header-display":"","site-post-title":"","ast-breadcrumbs-content":"","ast-featured-img":"","footer-sml-layout":"","theme-transparent-header-meta":"default","adv-header-id-meta":"","stick-header-meta":"","header-above-stick-meta":"","header-main-stick-meta":"","header-below-stick-meta":"","astra-migrate-meta-layouts":"set","ast-page-background-enabled":"default","ast-page-background-meta":{"desktop":{"background-color":"var(--ast-global-color-5)","background-image":"","background-repeat":"repeat","background-position":"center center","background-size":"auto","background-attachment":"scroll","background-type":"","background-media":"","overlay-type":"","overlay-color":"","overlay-opacity":"","overlay-gradient":""},"tablet":{"background-color":"","background-image":"","background-repeat":"repeat","background-position":"center center","background-size":"auto","background-attachment":"scroll","background-type":"","background-media":"","overlay-type":"","overlay-color":"","overlay-opacity":"","overlay-gradient":""},"mobile":{"background-color":"","background-image":"","background-repeat":"repeat","background-position":"center center","background-size":"auto","background-attachment":"scroll","background-type":"","background-media":"","overlay-type":"","overlay-color":"","overlay-opacity":"","overlay-gradient":""}},"ast-content-background-meta":{"desktop":{"background-color":"var(--ast-global-color-4)","background-image":"","background-repeat":"repeat","background-position":"center center","background-size":"auto","background-attachment":"scroll","background-type":"","background-media":"","overlay-type":"","overlay-color":"","overlay-opacity":"","overlay-gradient":""},"tablet":{"background-color":"var(--ast-global-color-4)","background-image":"","background-repeat":"repeat","background-position":"center center","background-size":"auto","background-attachment":"scroll","background-type":"","background-media":"","overlay-type":"","overlay-color":"","overlay-opacity":"","overlay-gradient":""},"mobile":{"background-color":"var(--ast-global-color-4)","background-image":"","background-repeat":"repeat","background-position":"center center","background-size":"auto","background-attachment":"scroll","background-type":"","background-media":"","overlay-type":"","overlay-color":"","overlay-opacity":"","overlay-gradient":""}}},"product_brand":[],"product_cat":[168],"product_tag":[],"class_list":{"0":"post-27660","1":"product","2":"type-product","3":"status-publish","4":"has-post-thumbnail","6":"product_cat-husholdningsartikler","7":"desktop-align-left","8":"tablet-align-left","9":"mobile-align-left","11":"first","12":"instock","13":"shipping-taxable","14":"purchasable","15":"product-type-simple"},"yoast_head":"<!-- This site is optimized with the Yoast SEO plugin v26.6 - https:\/\/yoast.com\/wordpress\/plugins\/seo\/ -->\n<title>Sterkt og raskt lim til alle form\u00e5l (500 g) - Mekulo NO<\/title>\n<meta name=\"robots\" content=\"index, follow, max-snippet:-1, max-image-preview:large, max-video-preview:-1\" \/>\n<link rel=\"canonical\" href=\"https:\/\/mekulo.com\/no\/produkt\/sterkt-og-raskt-lim-til-alle-formal-500-g\/\" \/>\n<meta property=\"og:locale\" content=\"nb_NO\" \/>\n<meta property=\"og:type\" content=\"article\" \/>\n<meta property=\"og:title\" content=\"Sterkt og raskt lim til alle form\u00e5l (500 g) - Mekulo NO\" \/>\n<meta property=\"og:description\" content=\"\ud83d\udd10Fikser, limer og sikrer materialer p\u00e5 f\u00e5 minutter. \ud83c\udfe1Et kraftig lim designet for sterk liming utend\u00f8rs og innend\u00f8rs. \ud83e\udea8Dette allsidige, sterke og raske limet skaper et holdbart feste for materialer som stein, murstein, grus, flis og mer - og hjelper deg med \u00e5 fullf\u00f8re prosjekter raskt, samtidig som du opprettholder en ren, profesjonell finish.\" \/>\n<meta property=\"og:url\" content=\"https:\/\/mekulo.com\/no\/produkt\/sterkt-og-raskt-lim-til-alle-formal-500-g\/\" \/>\n<meta property=\"og:site_name\" content=\"Mekulo NO\" \/>\n<meta property=\"og:image\" content=\"https:\/\/mekulo.com\/no\/wp-content\/uploads\/sites\/10\/2026\/04\/wcojebw-1.jpg\" \/>\n\t<meta property=\"og:image:width\" content=\"960\" \/>\n\t<meta property=\"og:image:height\" content=\"960\" \/>\n\t<meta property=\"og:image:type\" content=\"image\/jpeg\" \/>\n<meta name=\"twitter:card\" content=\"summary_large_image\" \/>\n<meta name=\"twitter:label1\" content=\"Ansl. lesetid\" \/>\n\t<meta name=\"twitter:data1\" content=\"2 minutter\" \/>\n<script type=\"application\/ld+json\" class=\"yoast-schema-graph\">{\"@context\":\"https:\/\/schema.org\",\"@graph\":[{\"@type\":\"WebPage\",\"@id\":\"https:\/\/mekulo.com\/no\/produkt\/sterkt-og-raskt-lim-til-alle-formal-500-g\/\",\"url\":\"https:\/\/mekulo.com\/no\/produkt\/sterkt-og-raskt-lim-til-alle-formal-500-g\/\",\"name\":\"Sterkt og raskt lim til alle form\u00e5l (500 g) - Mekulo NO\",\"isPartOf\":{\"@id\":\"https:\/\/mekulo.com\/no\/#website\"},\"primaryImageOfPage\":{\"@id\":\"https:\/\/mekulo.com\/no\/produkt\/sterkt-og-raskt-lim-til-alle-formal-500-g\/#primaryimage\"},\"image\":{\"@id\":\"https:\/\/mekulo.com\/no\/produkt\/sterkt-og-raskt-lim-til-alle-formal-500-g\/#primaryimage\"},\"thumbnailUrl\":\"https:\/\/mekulo.com\/no\/wp-content\/uploads\/sites\/10\/2026\/04\/wcojebw-1.jpg\",\"datePublished\":\"2026-04-14T15:50:02+00:00\",\"breadcrumb\":{\"@id\":\"https:\/\/mekulo.com\/no\/produkt\/sterkt-og-raskt-lim-til-alle-formal-500-g\/#breadcrumb\"},\"inLanguage\":\"nb-NO\",\"potentialAction\":[{\"@type\":\"ReadAction\",\"target\":[\"https:\/\/mekulo.com\/no\/produkt\/sterkt-og-raskt-lim-til-alle-formal-500-g\/\"]}]},{\"@type\":\"ImageObject\",\"inLanguage\":\"nb-NO\",\"@id\":\"https:\/\/mekulo.com\/no\/produkt\/sterkt-og-raskt-lim-til-alle-formal-500-g\/#primaryimage\",\"url\":\"https:\/\/mekulo.com\/no\/wp-content\/uploads\/sites\/10\/2026\/04\/wcojebw-1.jpg\",\"contentUrl\":\"https:\/\/mekulo.com\/no\/wp-content\/uploads\/sites\/10\/2026\/04\/wcojebw-1.jpg\",\"width\":960,\"height\":960},{\"@type\":\"BreadcrumbList\",\"@id\":\"https:\/\/mekulo.com\/no\/produkt\/sterkt-og-raskt-lim-til-alle-formal-500-g\/#breadcrumb\",\"itemListElement\":[{\"@type\":\"ListItem\",\"position\":1,\"name\":\"Home\",\"item\":\"https:\/\/mekulo.com\/no\/\"},{\"@type\":\"ListItem\",\"position\":2,\"name\":\"Butikk\",\"item\":\"https:\/\/mekulo.com\/no\/butikk\/\"},{\"@type\":\"ListItem\",\"position\":3,\"name\":\"Sterkt og raskt lim til alle form\u00e5l (500 g)\"}]},{\"@type\":\"WebSite\",\"@id\":\"https:\/\/mekulo.com\/no\/#website\",\"url\":\"https:\/\/mekulo.com\/no\/\",\"name\":\"Mekulo NO\",\"description\":\"\",\"publisher\":{\"@id\":\"https:\/\/mekulo.com\/no\/#organization\"},\"potentialAction\":[{\"@type\":\"SearchAction\",\"target\":{\"@type\":\"EntryPoint\",\"urlTemplate\":\"https:\/\/mekulo.com\/no\/?s={search_term_string}\"},\"query-input\":{\"@type\":\"PropertyValueSpecification\",\"valueRequired\":true,\"valueName\":\"search_term_string\"}}],\"inLanguage\":\"nb-NO\"},{\"@type\":\"Organization\",\"@id\":\"https:\/\/mekulo.com\/no\/#organization\",\"name\":\"Mekulo\",\"url\":\"https:\/\/mekulo.com\/no\/\",\"logo\":{\"@type\":\"ImageObject\",\"inLanguage\":\"nb-NO\",\"@id\":\"https:\/\/mekulo.com\/no\/#\/schema\/logo\/image\/\",\"url\":\"https:\/\/mekulo.com\/no\/wp-content\/uploads\/sites\/10\/2025\/12\/favicon_mekulo.png\",\"contentUrl\":\"https:\/\/mekulo.com\/no\/wp-content\/uploads\/sites\/10\/2025\/12\/favicon_mekulo.png\",\"width\":50,\"height\":50,\"caption\":\"Mekulo\"},\"image\":{\"@id\":\"https:\/\/mekulo.com\/no\/#\/schema\/logo\/image\/\"}}]}<\/script>\n<!-- \/ Yoast SEO plugin. -->","yoast_head_json":{"title":"Sterkt og raskt lim til alle form\u00e5l (500 g) - Mekulo NO","robots":{"index":"index","follow":"follow","max-snippet":"max-snippet:-1","max-image-preview":"max-image-preview:large","max-video-preview":"max-video-preview:-1"},"canonical":"https:\/\/mekulo.com\/no\/produkt\/sterkt-og-raskt-lim-til-alle-formal-500-g\/","og_locale":"nb_NO","og_type":"article","og_title":"Sterkt og raskt lim til alle form\u00e5l (500 g) - Mekulo NO","og_description":"\ud83d\udd10Fikser, limer og sikrer materialer p\u00e5 f\u00e5 minutter. \ud83c\udfe1Et kraftig lim designet for sterk liming utend\u00f8rs og innend\u00f8rs. \ud83e\udea8Dette allsidige, sterke og raske limet skaper et holdbart feste for materialer som stein, murstein, grus, flis og mer - og hjelper deg med \u00e5 fullf\u00f8re prosjekter raskt, samtidig som du opprettholder en ren, profesjonell finish.","og_url":"https:\/\/mekulo.com\/no\/produkt\/sterkt-og-raskt-lim-til-alle-formal-500-g\/","og_site_name":"Mekulo NO","og_image":[{"width":960,"height":960,"url":"https:\/\/mekulo.com\/no\/wp-content\/uploads\/sites\/10\/2026\/04\/wcojebw-1.jpg","type":"image\/jpeg"}],"twitter_card":"summary_large_image","twitter_misc":{"Ansl. lesetid":"2 minutter"},"schema":{"@context":"https:\/\/schema.org","@graph":[{"@type":"WebPage","@id":"https:\/\/mekulo.com\/no\/produkt\/sterkt-og-raskt-lim-til-alle-formal-500-g\/","url":"https:\/\/mekulo.com\/no\/produkt\/sterkt-og-raskt-lim-til-alle-formal-500-g\/","name":"Sterkt og raskt lim til alle form\u00e5l (500 g) - Mekulo NO","isPartOf":{"@id":"https:\/\/mekulo.com\/no\/#website"},"primaryImageOfPage":{"@id":"https:\/\/mekulo.com\/no\/produkt\/sterkt-og-raskt-lim-til-alle-formal-500-g\/#primaryimage"},"image":{"@id":"https:\/\/mekulo.com\/no\/produkt\/sterkt-og-raskt-lim-til-alle-formal-500-g\/#primaryimage"},"thumbnailUrl":"https:\/\/mekulo.com\/no\/wp-content\/uploads\/sites\/10\/2026\/04\/wcojebw-1.jpg","datePublished":"2026-04-14T15:50:02+00:00","breadcrumb":{"@id":"https:\/\/mekulo.com\/no\/produkt\/sterkt-og-raskt-lim-til-alle-formal-500-g\/#breadcrumb"},"inLanguage":"nb-NO","potentialAction":[{"@type":"ReadAction","target":["https:\/\/mekulo.com\/no\/produkt\/sterkt-og-raskt-lim-til-alle-formal-500-g\/"]}]},{"@type":"ImageObject","inLanguage":"nb-NO","@id":"https:\/\/mekulo.com\/no\/produkt\/sterkt-og-raskt-lim-til-alle-formal-500-g\/#primaryimage","url":"https:\/\/mekulo.com\/no\/wp-content\/uploads\/sites\/10\/2026\/04\/wcojebw-1.jpg","contentUrl":"https:\/\/mekulo.com\/no\/wp-content\/uploads\/sites\/10\/2026\/04\/wcojebw-1.jpg","width":960,"height":960},{"@type":"BreadcrumbList","@id":"https:\/\/mekulo.com\/no\/produkt\/sterkt-og-raskt-lim-til-alle-formal-500-g\/#breadcrumb","itemListElement":[{"@type":"ListItem","position":1,"name":"Home","item":"https:\/\/mekulo.com\/no\/"},{"@type":"ListItem","position":2,"name":"Butikk","item":"https:\/\/mekulo.com\/no\/butikk\/"},{"@type":"ListItem","position":3,"name":"Sterkt og raskt lim til alle form\u00e5l (500 g)"}]},{"@type":"WebSite","@id":"https:\/\/mekulo.com\/no\/#website","url":"https:\/\/mekulo.com\/no\/","name":"Mekulo NO","description":"","publisher":{"@id":"https:\/\/mekulo.com\/no\/#organization"},"potentialAction":[{"@type":"SearchAction","target":{"@type":"EntryPoint","urlTemplate":"https:\/\/mekulo.com\/no\/?s={search_term_string}"},"query-input":{"@type":"PropertyValueSpecification","valueRequired":true,"valueName":"search_term_string"}}],"inLanguage":"nb-NO"},{"@type":"Organization","@id":"https:\/\/mekulo.com\/no\/#organization","name":"Mekulo","url":"https:\/\/mekulo.com\/no\/","logo":{"@type":"ImageObject","inLanguage":"nb-NO","@id":"https:\/\/mekulo.com\/no\/#\/schema\/logo\/image\/","url":"https:\/\/mekulo.com\/no\/wp-content\/uploads\/sites\/10\/2025\/12\/favicon_mekulo.png","contentUrl":"https:\/\/mekulo.com\/no\/wp-content\/uploads\/sites\/10\/2025\/12\/favicon_mekulo.png","width":50,"height":50,"caption":"Mekulo"},"image":{"@id":"https:\/\/mekulo.com\/no\/#\/schema\/logo\/image\/"}}]}},"_links":{"self":[{"href":"https:\/\/mekulo.com\/no\/wp-json\/wp\/v2\/product\/27660","targetHints":{"allow":["GET"]}}],"collection":[{"href":"https:\/\/mekulo.com\/no\/wp-json\/wp\/v2\/product"}],"about":[{"href":"https:\/\/mekulo.com\/no\/wp-json\/wp\/v2\/types\/product"}],"replies":[{"embeddable":true,"href":"https:\/\/mekulo.com\/no\/wp-json\/wp\/v2\/comments?post=27660"}],"wp:featuredmedia":[{"embeddable":true,"href":"https:\/\/mekulo.com\/no\/wp-json\/wp\/v2\/media\/27656"}],"wp:attachment":[{"href":"https:\/\/mekulo.com\/no\/wp-json\/wp\/v2\/media?parent=27660"}],"wp:term":[{"taxonomy":"product_brand","embeddable":true,"href":"https:\/\/mekulo.com\/no\/wp-json\/wp\/v2\/product_brand?post=27660"},{"taxonomy":"product_cat","embeddable":true,"href":"https:\/\/mekulo.com\/no\/wp-json\/wp\/v2\/product_cat?post=27660"},{"taxonomy":"product_tag","embeddable":true,"href":"https:\/\/mekulo.com\/no\/wp-json\/wp\/v2\/product_tag?post=27660"}],"curies":[{"name":"wp","href":"https:\/\/api.w.org\/{rel}","templated":true}]}}