{"id":27643,"date":"2026-04-14T18:30:13","date_gmt":"2026-04-14T15:30:13","guid":{"rendered":"https:\/\/mekulo.com\/no\/produkt\/magnetisk-selvlukkende-gulvslukskjerne-2-stk\/"},"modified":"2026-04-14T18:30:21","modified_gmt":"2026-04-14T15:30:21","slug":"magnetisk-selvlukkende-gulvslukskjerne-2-stk","status":"publish","type":"product","link":"https:\/\/mekulo.com\/no\/produkt\/magnetisk-selvlukkende-gulvslukskjerne-2-stk\/","title":{"rendered":"Magnetisk selvlukkende gulvslukskjerne (2 stk)"},"content":{"rendered":"<h2 style=\"text-align: center\" data-section-id=\"wtab3f\" data-start=\"379\" data-end=\"395\">\u2728 L\u00f8ftet<\/h2>\n<p style=\"text-align: center\" data-start=\"397\" data-end=\"445\">Renere avl\u00f8p.<br data-start=\"412\" data-end=\"415\" \/>ingen d\u00e5rlig lukt.<br data-start=\"428\" data-end=\"431\" \/>null tilbakestr\u00f8mning.<\/p>\n<p data-start=\"397\" data-end=\"445\"><img fetchpriority=\"high\" decoding=\"async\" class=\" wp-image-27254 aligncenter\" src=\"https:\/\/mekulo.com\/template\/wp-content\/uploads\/sites\/6\/2026\/03\/12219-ezgif.com-video-to-webp-converter-3.webp\" alt=\"\" width=\"550\" height=\"550\" \/><\/p>\n<h2 style=\"text-align: center\" data-section-id=\"1x8y31r\" data-start=\"452\" data-end=\"470\">\u2705 Hovedfordeler<\/h2>\n<p data-start=\"474\" data-end=\"576\">\ud83d\udeab Automatisk luktblokkering &#8211; Magnetisk pakning forsegler avl\u00f8pet umiddelbart n\u00e5r vannet slutter \u00e5 renne.<\/p>\n<p data-start=\"580\" data-end=\"686\">\ud83e\udeb3 Blokkerer insekter og kloakkgass &#8211; Skaper en tett barriere som forhindrer skadedyr og ubehagelig lukt.<\/p>\n<p data-start=\"690\" data-end=\"784\">\ud83e\uddf9 Forhindrer tilstopping av h\u00e5r og rusk &#8211; Filtrerer avfall f\u00f8r det kommer inn i avl\u00f8pssystemet.<\/p>\n<p data-start=\"788\" data-end=\"893\">\u2699\ufe0f Jevn vannavl\u00f8p &#8211; Pakningen \u00e5pnes automatisk under vannstr\u00f8mmen for uavbrutt drenering.<\/p>\n<p data-start=\"897\" data-end=\"988\">\ud83d\udee1 Slitesterk ABS-konstruksjon &#8211; Opprettholder form og ytelse selv ved hyppig bruk.<\/p>\n<p data-start=\"992\" data-end=\"1077\">\ud83d\udd27 Rask og enkel installasjon &#8211; Passer til de fleste standard gulvsluk uten verkt\u00f8y.<\/p>\n<h2 style=\"text-align: center\" data-section-id=\"d0iej6\" data-start=\"1084\" data-end=\"1107\">\u2757 Problem \u2192 L\u00f8sning<\/h2>\n<p data-start=\"1109\" data-end=\"1234\"><strong data-start=\"1109\" data-end=\"1121\">Problem:<\/strong><br data-start=\"1121\" data-end=\"1124\" \/>Tradisjonelle sluk slipper lukt, insekter og kloakkgasser inn i hjemmet ditt, mens h\u00e5r og rusk for\u00e5rsaker tilstopping.<\/p>\n<p data-start=\"1236\" data-end=\"1413\"><strong data-start=\"1236\" data-end=\"1249\">L\u00f8sning:<\/strong><br data-start=\"1249\" data-end=\"1252\" \/>Denne magnetiske, selvlukkende gulvsluk-kjernen fungerer som en smart barriere &#8211; \u00e5pner for vannstr\u00f8mmen og tetter umiddelbart etterp\u00e5 for \u00e5 holde rommet ditt rent og luktfritt. En liten oppgradering med stor innvirkning p\u00e5 hygienen.<\/p>\n<p data-start=\"1236\" data-end=\"1413\"><img decoding=\"async\" class=\" wp-image-27253 aligncenter\" src=\"https:\/\/mekulo.com\/template\/wp-content\/uploads\/sites\/6\/2026\/03\/122110-ezgif.com-video-to-webp-converter-3.webp\" alt=\"\" width=\"550\" height=\"550\" \/><\/p>\n<h2 style=\"text-align: center\" data-section-id=\"p6m9el\" data-start=\"1467\" data-end=\"1493\">\ud83c\udfe0 Perfekt for<\/h2>\n<ul data-start=\"1509\" data-end=\"1627\">\n<li data-section-id=\"1b1ur5j\" data-start=\"1509\" data-end=\"1534\">\n<p data-start=\"1511\" data-end=\"1534\">Bad og dusj<\/p>\n<\/li>\n<li data-section-id=\"161e1g2\" data-start=\"1535\" data-end=\"1552\">\n<p data-start=\"1537\" data-end=\"1552\">Kj\u00f8kkenvasker<\/p>\n<\/li>\n<li data-section-id=\"1thg1i5\" data-start=\"1553\" data-end=\"1570\">\n<p data-start=\"1555\" data-end=\"1570\">Vaskerom<\/p>\n<\/li>\n<li data-section-id=\"qy4qph\" data-start=\"1571\" data-end=\"1596\">\n<p data-start=\"1573\" data-end=\"1596\">Balkonger og garasjer<\/p>\n<\/li>\n<li data-section-id=\"bmnbrg\" data-start=\"1597\" data-end=\"1627\">\n<p data-start=\"1599\" data-end=\"1627\">Kjellere og gulvavl\u00f8p<\/p>\n<\/li>\n<\/ul>\n<p data-start=\"1629\" data-end=\"1673\">Holder ethvert avl\u00f8pssystem renere og tryggere.<\/p>\n<h2 style=\"text-align: center\" data-section-id=\"1k514u3\" data-start=\"1680\" data-end=\"1696\">\u2699\ufe0f Slik bruker du det<\/h2>\n<ol data-start=\"1698\" data-end=\"1834\">\n<li data-section-id=\"1u82pkz\" data-start=\"1698\" data-end=\"1735\">\n<p data-start=\"1701\" data-end=\"1735\">Fjern det eksisterende avl\u00f8psdekselet.<\/p>\n<\/li>\n<li data-section-id=\"11zwd4l\" data-start=\"1736\" data-end=\"1776\">\n<p data-start=\"1739\" data-end=\"1776\">Sett avl\u00f8pskjernen inn i r\u00f8ret.<\/p>\n<\/li>\n<li data-section-id=\"vr4q7p\" data-start=\"1777\" data-end=\"1805\">\n<p data-start=\"1780\" data-end=\"1805\">S\u00f8rg for at den sitter godt.<\/p>\n<\/li>\n<li data-section-id=\"27qsif\" data-start=\"1806\" data-end=\"1834\">\n<p data-start=\"1809\" data-end=\"1834\">Sett p\u00e5 plass avl\u00f8psdekselet.<\/p>\n<\/li>\n<\/ol>\n<h2 style=\"text-align: center\" data-section-id=\"6cujb5\" data-start=\"1902\" data-end=\"1923\">\ud83d\udcd0 Produktdetaljer<\/h2>\n<ul data-start=\"1925\" data-end=\"2131\">\n<li data-section-id=\"1dr4i5j\" data-start=\"1925\" data-end=\"1959\">\n<p data-start=\"1927\" data-end=\"1959\">Materiale: ABS av h\u00f8y kvalitet<\/p>\n<\/li>\n<li data-section-id=\"59wkxi\" data-start=\"1960\" data-end=\"2003\">\n<p data-start=\"1962\" data-end=\"2003\">Dreneringstype: Anti-lukt magnetisk tetning<\/p>\n<\/li>\n<li data-section-id=\"sac4k1\" data-start=\"2004\" data-end=\"2047\">\n<p data-start=\"2006\" data-end=\"2047\">Kompatibel avl\u00f8psdiameter: 33-45 mm<\/p>\n<\/li>\n<li data-section-id=\"rmo3ch\" data-start=\"2048\" data-end=\"2085\">\n<p data-start=\"2050\" data-end=\"2085\">St\u00f8rrelse: 72 x 72 x 49 mm<\/p>\n<\/li>\n<li data-section-id=\"13s49yk\" data-start=\"2086\" data-end=\"2131\">\n<p data-start=\"2088\" data-end=\"2131\">Design: Innebygd usynlig avl\u00f8pskjerne<\/p>\n<\/li>\n<\/ul>\n<h2 style=\"text-align: center\" data-section-id=\"1qc1r63\" data-start=\"2198\" data-end=\"2220\">\ud83d\udce6 Pakken inneholder<\/h2>\n<ul data-start=\"2222\" data-end=\"2268\">\n<li data-section-id=\"1ey01a9\" data-start=\"2222\" data-end=\"2268\">\n<p data-start=\"2224\" data-end=\"2268\">2x magnetiske selvlukkende gulvavl\u00f8pskjerner.<\/p>\n<\/li>\n<\/ul>\n","protected":false},"excerpt":{"rendered":"<p>\ud83e\udeb3Stopp lukt, insekter og tilstopping umiddelbart.<br \/>\n\ud83d\udeb0En smartere m\u00e5te \u00e5 beskytte avl\u00f8pene dine p\u00e5.<br \/>\n\ud83d\udca6Denne magnetiske, selvlukkende gulvavl\u00f8pskjernen tetter automatisk avl\u00f8pet n\u00e5r vannet slutter \u00e5 renne, og forhindrer lukt, insekter og tilbakeslag i avl\u00f8pet, samtidig som den holder avl\u00f8pssystemet rent og effektivt.<\/p>\n","protected":false},"featured_media":27639,"comment_status":"open","ping_status":"closed","template":"","meta":{"site-sidebar-layout":"default","site-content-layout":"","ast-site-content-layout":"default","site-content-style":"default","site-sidebar-style":"default","ast-global-header-display":"","ast-banner-title-visibility":"","ast-main-header-display":"","ast-hfb-above-header-display":"","ast-hfb-below-header-display":"","ast-hfb-mobile-header-display":"","site-post-title":"","ast-breadcrumbs-content":"","ast-featured-img":"","footer-sml-layout":"","theme-transparent-header-meta":"default","adv-header-id-meta":"","stick-header-meta":"","header-above-stick-meta":"","header-main-stick-meta":"","header-below-stick-meta":"","astra-migrate-meta-layouts":"set","ast-page-background-enabled":"default","ast-page-background-meta":{"desktop":{"background-color":"var(--ast-global-color-5)","background-image":"","background-repeat":"repeat","background-position":"center center","background-size":"auto","background-attachment":"scroll","background-type":"","background-media":"","overlay-type":"","overlay-color":"","overlay-opacity":"","overlay-gradient":""},"tablet":{"background-color":"","background-image":"","background-repeat":"repeat","background-position":"center center","background-size":"auto","background-attachment":"scroll","background-type":"","background-media":"","overlay-type":"","overlay-color":"","overlay-opacity":"","overlay-gradient":""},"mobile":{"background-color":"","background-image":"","background-repeat":"repeat","background-position":"center center","background-size":"auto","background-attachment":"scroll","background-type":"","background-media":"","overlay-type":"","overlay-color":"","overlay-opacity":"","overlay-gradient":""}},"ast-content-background-meta":{"desktop":{"background-color":"var(--ast-global-color-4)","background-image":"","background-repeat":"repeat","background-position":"center center","background-size":"auto","background-attachment":"scroll","background-type":"","background-media":"","overlay-type":"","overlay-color":"","overlay-opacity":"","overlay-gradient":""},"tablet":{"background-color":"var(--ast-global-color-4)","background-image":"","background-repeat":"repeat","background-position":"center center","background-size":"auto","background-attachment":"scroll","background-type":"","background-media":"","overlay-type":"","overlay-color":"","overlay-opacity":"","overlay-gradient":""},"mobile":{"background-color":"var(--ast-global-color-4)","background-image":"","background-repeat":"repeat","background-position":"center center","background-size":"auto","background-attachment":"scroll","background-type":"","background-media":"","overlay-type":"","overlay-color":"","overlay-opacity":"","overlay-gradient":""}}},"product_brand":[],"product_cat":[168],"product_tag":[],"class_list":{"0":"post-27643","1":"product","2":"type-product","3":"status-publish","4":"has-post-thumbnail","6":"product_cat-husholdningsartikler","7":"pa_66418_w9n3qq15-solv","8":"pa_66418_w9n3qq15-svart","9":"desktop-align-left","10":"tablet-align-left","11":"mobile-align-left","13":"first","14":"instock","15":"shipping-taxable","16":"purchasable","17":"product-type-variable"},"yoast_head":"<!-- This site is optimized with the Yoast SEO plugin v26.6 - https:\/\/yoast.com\/wordpress\/plugins\/seo\/ -->\n<title>Magnetisk selvlukkende gulvslukskjerne (2 stk) - Mekulo NO<\/title>\n<meta name=\"robots\" content=\"index, follow, max-snippet:-1, max-image-preview:large, max-video-preview:-1\" \/>\n<link rel=\"canonical\" href=\"https:\/\/mekulo.com\/no\/produkt\/magnetisk-selvlukkende-gulvslukskjerne-2-stk\/\" \/>\n<meta property=\"og:locale\" content=\"nb_NO\" \/>\n<meta property=\"og:type\" content=\"article\" \/>\n<meta property=\"og:title\" content=\"Magnetisk selvlukkende gulvslukskjerne (2 stk) - Mekulo NO\" \/>\n<meta property=\"og:description\" content=\"\ud83e\udeb3Stopp lukt, insekter og tilstopping umiddelbart. \ud83d\udeb0En smartere m\u00e5te \u00e5 beskytte avl\u00f8pene dine p\u00e5. \ud83d\udca6Denne magnetiske, selvlukkende gulvavl\u00f8pskjernen tetter automatisk avl\u00f8pet n\u00e5r vannet slutter \u00e5 renne, og forhindrer lukt, insekter og tilbakeslag i avl\u00f8pet, samtidig som den holder avl\u00f8pssystemet rent og effektivt.\" \/>\n<meta property=\"og:url\" content=\"https:\/\/mekulo.com\/no\/produkt\/magnetisk-selvlukkende-gulvslukskjerne-2-stk\/\" \/>\n<meta property=\"og:site_name\" content=\"Mekulo NO\" \/>\n<meta property=\"article:modified_time\" content=\"2026-04-14T15:30:21+00:00\" \/>\n<meta property=\"og:image\" content=\"https:\/\/mekulo.com\/no\/wp-content\/uploads\/sites\/10\/2026\/04\/vonzwx9-1.webp\" \/>\n\t<meta property=\"og:image:width\" content=\"1001\" \/>\n\t<meta property=\"og:image:height\" content=\"1001\" \/>\n\t<meta property=\"og:image:type\" content=\"image\/webp\" \/>\n<meta name=\"twitter:card\" content=\"summary_large_image\" \/>\n<meta name=\"twitter:label1\" content=\"Ansl. lesetid\" \/>\n\t<meta name=\"twitter:data1\" content=\"2 minutter\" \/>\n<script type=\"application\/ld+json\" class=\"yoast-schema-graph\">{\"@context\":\"https:\/\/schema.org\",\"@graph\":[{\"@type\":\"WebPage\",\"@id\":\"https:\/\/mekulo.com\/no\/produkt\/magnetisk-selvlukkende-gulvslukskjerne-2-stk\/\",\"url\":\"https:\/\/mekulo.com\/no\/produkt\/magnetisk-selvlukkende-gulvslukskjerne-2-stk\/\",\"name\":\"Magnetisk selvlukkende gulvslukskjerne (2 stk) - Mekulo NO\",\"isPartOf\":{\"@id\":\"https:\/\/mekulo.com\/no\/#website\"},\"primaryImageOfPage\":{\"@id\":\"https:\/\/mekulo.com\/no\/produkt\/magnetisk-selvlukkende-gulvslukskjerne-2-stk\/#primaryimage\"},\"image\":{\"@id\":\"https:\/\/mekulo.com\/no\/produkt\/magnetisk-selvlukkende-gulvslukskjerne-2-stk\/#primaryimage\"},\"thumbnailUrl\":\"https:\/\/mekulo.com\/no\/wp-content\/uploads\/sites\/10\/2026\/04\/vonzwx9-1.webp\",\"datePublished\":\"2026-04-14T15:30:13+00:00\",\"dateModified\":\"2026-04-14T15:30:21+00:00\",\"breadcrumb\":{\"@id\":\"https:\/\/mekulo.com\/no\/produkt\/magnetisk-selvlukkende-gulvslukskjerne-2-stk\/#breadcrumb\"},\"inLanguage\":\"nb-NO\",\"potentialAction\":[{\"@type\":\"ReadAction\",\"target\":[\"https:\/\/mekulo.com\/no\/produkt\/magnetisk-selvlukkende-gulvslukskjerne-2-stk\/\"]}]},{\"@type\":\"ImageObject\",\"inLanguage\":\"nb-NO\",\"@id\":\"https:\/\/mekulo.com\/no\/produkt\/magnetisk-selvlukkende-gulvslukskjerne-2-stk\/#primaryimage\",\"url\":\"https:\/\/mekulo.com\/no\/wp-content\/uploads\/sites\/10\/2026\/04\/vonzwx9-1.webp\",\"contentUrl\":\"https:\/\/mekulo.com\/no\/wp-content\/uploads\/sites\/10\/2026\/04\/vonzwx9-1.webp\",\"width\":1001,\"height\":1001},{\"@type\":\"BreadcrumbList\",\"@id\":\"https:\/\/mekulo.com\/no\/produkt\/magnetisk-selvlukkende-gulvslukskjerne-2-stk\/#breadcrumb\",\"itemListElement\":[{\"@type\":\"ListItem\",\"position\":1,\"name\":\"Home\",\"item\":\"https:\/\/mekulo.com\/no\/\"},{\"@type\":\"ListItem\",\"position\":2,\"name\":\"Butikk\",\"item\":\"https:\/\/mekulo.com\/no\/butikk\/\"},{\"@type\":\"ListItem\",\"position\":3,\"name\":\"Magnetisk selvlukkende gulvslukskjerne (2 stk)\"}]},{\"@type\":\"WebSite\",\"@id\":\"https:\/\/mekulo.com\/no\/#website\",\"url\":\"https:\/\/mekulo.com\/no\/\",\"name\":\"Mekulo NO\",\"description\":\"\",\"publisher\":{\"@id\":\"https:\/\/mekulo.com\/no\/#organization\"},\"potentialAction\":[{\"@type\":\"SearchAction\",\"target\":{\"@type\":\"EntryPoint\",\"urlTemplate\":\"https:\/\/mekulo.com\/no\/?s={search_term_string}\"},\"query-input\":{\"@type\":\"PropertyValueSpecification\",\"valueRequired\":true,\"valueName\":\"search_term_string\"}}],\"inLanguage\":\"nb-NO\"},{\"@type\":\"Organization\",\"@id\":\"https:\/\/mekulo.com\/no\/#organization\",\"name\":\"Mekulo\",\"url\":\"https:\/\/mekulo.com\/no\/\",\"logo\":{\"@type\":\"ImageObject\",\"inLanguage\":\"nb-NO\",\"@id\":\"https:\/\/mekulo.com\/no\/#\/schema\/logo\/image\/\",\"url\":\"https:\/\/mekulo.com\/no\/wp-content\/uploads\/sites\/10\/2025\/12\/favicon_mekulo.png\",\"contentUrl\":\"https:\/\/mekulo.com\/no\/wp-content\/uploads\/sites\/10\/2025\/12\/favicon_mekulo.png\",\"width\":50,\"height\":50,\"caption\":\"Mekulo\"},\"image\":{\"@id\":\"https:\/\/mekulo.com\/no\/#\/schema\/logo\/image\/\"}}]}<\/script>\n<!-- \/ Yoast SEO plugin. -->","yoast_head_json":{"title":"Magnetisk selvlukkende gulvslukskjerne (2 stk) - Mekulo NO","robots":{"index":"index","follow":"follow","max-snippet":"max-snippet:-1","max-image-preview":"max-image-preview:large","max-video-preview":"max-video-preview:-1"},"canonical":"https:\/\/mekulo.com\/no\/produkt\/magnetisk-selvlukkende-gulvslukskjerne-2-stk\/","og_locale":"nb_NO","og_type":"article","og_title":"Magnetisk selvlukkende gulvslukskjerne (2 stk) - Mekulo NO","og_description":"\ud83e\udeb3Stopp lukt, insekter og tilstopping umiddelbart. \ud83d\udeb0En smartere m\u00e5te \u00e5 beskytte avl\u00f8pene dine p\u00e5. \ud83d\udca6Denne magnetiske, selvlukkende gulvavl\u00f8pskjernen tetter automatisk avl\u00f8pet n\u00e5r vannet slutter \u00e5 renne, og forhindrer lukt, insekter og tilbakeslag i avl\u00f8pet, samtidig som den holder avl\u00f8pssystemet rent og effektivt.","og_url":"https:\/\/mekulo.com\/no\/produkt\/magnetisk-selvlukkende-gulvslukskjerne-2-stk\/","og_site_name":"Mekulo NO","article_modified_time":"2026-04-14T15:30:21+00:00","og_image":[{"width":1001,"height":1001,"url":"https:\/\/mekulo.com\/no\/wp-content\/uploads\/sites\/10\/2026\/04\/vonzwx9-1.webp","type":"image\/webp"}],"twitter_card":"summary_large_image","twitter_misc":{"Ansl. lesetid":"2 minutter"},"schema":{"@context":"https:\/\/schema.org","@graph":[{"@type":"WebPage","@id":"https:\/\/mekulo.com\/no\/produkt\/magnetisk-selvlukkende-gulvslukskjerne-2-stk\/","url":"https:\/\/mekulo.com\/no\/produkt\/magnetisk-selvlukkende-gulvslukskjerne-2-stk\/","name":"Magnetisk selvlukkende gulvslukskjerne (2 stk) - Mekulo NO","isPartOf":{"@id":"https:\/\/mekulo.com\/no\/#website"},"primaryImageOfPage":{"@id":"https:\/\/mekulo.com\/no\/produkt\/magnetisk-selvlukkende-gulvslukskjerne-2-stk\/#primaryimage"},"image":{"@id":"https:\/\/mekulo.com\/no\/produkt\/magnetisk-selvlukkende-gulvslukskjerne-2-stk\/#primaryimage"},"thumbnailUrl":"https:\/\/mekulo.com\/no\/wp-content\/uploads\/sites\/10\/2026\/04\/vonzwx9-1.webp","datePublished":"2026-04-14T15:30:13+00:00","dateModified":"2026-04-14T15:30:21+00:00","breadcrumb":{"@id":"https:\/\/mekulo.com\/no\/produkt\/magnetisk-selvlukkende-gulvslukskjerne-2-stk\/#breadcrumb"},"inLanguage":"nb-NO","potentialAction":[{"@type":"ReadAction","target":["https:\/\/mekulo.com\/no\/produkt\/magnetisk-selvlukkende-gulvslukskjerne-2-stk\/"]}]},{"@type":"ImageObject","inLanguage":"nb-NO","@id":"https:\/\/mekulo.com\/no\/produkt\/magnetisk-selvlukkende-gulvslukskjerne-2-stk\/#primaryimage","url":"https:\/\/mekulo.com\/no\/wp-content\/uploads\/sites\/10\/2026\/04\/vonzwx9-1.webp","contentUrl":"https:\/\/mekulo.com\/no\/wp-content\/uploads\/sites\/10\/2026\/04\/vonzwx9-1.webp","width":1001,"height":1001},{"@type":"BreadcrumbList","@id":"https:\/\/mekulo.com\/no\/produkt\/magnetisk-selvlukkende-gulvslukskjerne-2-stk\/#breadcrumb","itemListElement":[{"@type":"ListItem","position":1,"name":"Home","item":"https:\/\/mekulo.com\/no\/"},{"@type":"ListItem","position":2,"name":"Butikk","item":"https:\/\/mekulo.com\/no\/butikk\/"},{"@type":"ListItem","position":3,"name":"Magnetisk selvlukkende gulvslukskjerne (2 stk)"}]},{"@type":"WebSite","@id":"https:\/\/mekulo.com\/no\/#website","url":"https:\/\/mekulo.com\/no\/","name":"Mekulo NO","description":"","publisher":{"@id":"https:\/\/mekulo.com\/no\/#organization"},"potentialAction":[{"@type":"SearchAction","target":{"@type":"EntryPoint","urlTemplate":"https:\/\/mekulo.com\/no\/?s={search_term_string}"},"query-input":{"@type":"PropertyValueSpecification","valueRequired":true,"valueName":"search_term_string"}}],"inLanguage":"nb-NO"},{"@type":"Organization","@id":"https:\/\/mekulo.com\/no\/#organization","name":"Mekulo","url":"https:\/\/mekulo.com\/no\/","logo":{"@type":"ImageObject","inLanguage":"nb-NO","@id":"https:\/\/mekulo.com\/no\/#\/schema\/logo\/image\/","url":"https:\/\/mekulo.com\/no\/wp-content\/uploads\/sites\/10\/2025\/12\/favicon_mekulo.png","contentUrl":"https:\/\/mekulo.com\/no\/wp-content\/uploads\/sites\/10\/2025\/12\/favicon_mekulo.png","width":50,"height":50,"caption":"Mekulo"},"image":{"@id":"https:\/\/mekulo.com\/no\/#\/schema\/logo\/image\/"}}]}},"_links":{"self":[{"href":"https:\/\/mekulo.com\/no\/wp-json\/wp\/v2\/product\/27643","targetHints":{"allow":["GET"]}}],"collection":[{"href":"https:\/\/mekulo.com\/no\/wp-json\/wp\/v2\/product"}],"about":[{"href":"https:\/\/mekulo.com\/no\/wp-json\/wp\/v2\/types\/product"}],"replies":[{"embeddable":true,"href":"https:\/\/mekulo.com\/no\/wp-json\/wp\/v2\/comments?post=27643"}],"wp:featuredmedia":[{"embeddable":true,"href":"https:\/\/mekulo.com\/no\/wp-json\/wp\/v2\/media\/27639"}],"wp:attachment":[{"href":"https:\/\/mekulo.com\/no\/wp-json\/wp\/v2\/media?parent=27643"}],"wp:term":[{"taxonomy":"product_brand","embeddable":true,"href":"https:\/\/mekulo.com\/no\/wp-json\/wp\/v2\/product_brand?post=27643"},{"taxonomy":"product_cat","embeddable":true,"href":"https:\/\/mekulo.com\/no\/wp-json\/wp\/v2\/product_cat?post=27643"},{"taxonomy":"product_tag","embeddable":true,"href":"https:\/\/mekulo.com\/no\/wp-json\/wp\/v2\/product_tag?post=27643"}],"curies":[{"name":"wp","href":"https:\/\/api.w.org\/{rel}","templated":true}]}}