{"id":27630,"date":"2026-04-14T18:26:33","date_gmt":"2026-04-14T15:26:33","guid":{"rendered":"https:\/\/mekulo.com\/no\/produkt\/gjor-det-selv-mini-radiosett\/"},"modified":"2026-04-14T18:26:43","modified_gmt":"2026-04-14T15:26:43","slug":"gjor-det-selv-mini-radiosett","status":"publish","type":"product","link":"https:\/\/mekulo.com\/no\/produkt\/gjor-det-selv-mini-radiosett\/","title":{"rendered":"Gj\u00f8r-det-selv mini-radiosett"},"content":{"rendered":"<h2 style=\"text-align: center\" data-section-id=\"wtab3f\" data-start=\"365\" data-end=\"381\">\u2728 L\u00f8ftet<\/h2>\n<p style=\"text-align: center\" data-start=\"383\" data-end=\"444\">L\u00e6r ved \u00e5 bygge.<br data-start=\"401\" data-end=\"404\" \/>tenk kreativt.<br data-start=\"421\" data-end=\"424\" \/>oppdag teknologi.<\/p>\n<p data-start=\"383\" data-end=\"444\"><img fetchpriority=\"high\" decoding=\"async\" class=\" wp-image-27241 aligncenter\" src=\"https:\/\/mekulo.com\/template\/wp-content\/uploads\/sites\/6\/2026\/03\/12218-ezgif.com-video-to-webp-converter-3.webp\" alt=\"\" width=\"550\" height=\"550\" \/><\/p>\n<h2 style=\"text-align: center\" data-section-id=\"1x8y31r\" data-start=\"451\" data-end=\"469\">\u2705 Hovedfordeler<\/h2>\n<p data-start=\"473\" data-end=\"572\">\ud83d\udd27 Praktisk STEM-l\u00e6ring &#8211; Bygg en radio som fungerer mens du utforsker grunnleggende elektronikk.<\/p>\n<p data-start=\"576\" data-end=\"669\">\ud83e\udde0 \u00d8ker probleml\u00f8sningsferdighetene &#8211; Oppmuntrer til logisk tenkning og oppmerksomhet p\u00e5 detaljer.<\/p>\n<p data-start=\"673\" data-end=\"778\">\ud83c\udf93 L\u00e6rerikt og engasjerende &#8211; Perfekt for \u00e5 introdusere barn for naturvitenskapelige og tekniske konsepter.<\/p>\n<p data-start=\"782\" data-end=\"871\">\ud83c\udf92 Kompakt, b\u00e6rbar design &#8211; Liten nok til \u00e5 ha med seg overalt for l\u00e6ring p\u00e5 farten.<\/p>\n<p data-start=\"875\" data-end=\"981\">\ud83e\udeb5 Slitesterk konstruksjon i flere materialer0 &#8211; Trekomponenter og robuste deler sikrer langvarig bruk.<\/p>\n<p data-start=\"985\" data-end=\"1074\">\ud83c\udf81 Perfekt gave til nysgjerrige sjeler &#8211; Inspirerer til kreativitet og interesse for teknologi.<\/p>\n<h2 style=\"text-align: center\" data-section-id=\"d0iej6\" data-start=\"1081\" data-end=\"1104\">\u2757 Problem \u2192 L\u00f8sning<\/h2>\n<p data-start=\"1106\" data-end=\"1194\"><strong data-start=\"1106\" data-end=\"1118\">Problem:<\/strong><br data-start=\"1118\" data-end=\"1121\" \/>Mange leker underholder en kort stund, men oppmuntrer ikke til l\u00e6ring eller kreativitet.<\/p>\n<p data-start=\"1196\" data-end=\"1372\"><strong data-start=\"1196\" data-end=\"1209\">L\u00f8sning:<\/strong><br data-start=\"1209\" data-end=\"1212\" \/>Dette gj\u00f8r-det-selv-miniradiosettet gj\u00f8r leken til en kreativ utfordring, og hjelper barn \u00e5 forst\u00e5 hvordan elektronikk fungerer samtidig som de bygger noe de kan v\u00e6re stolte av \u00e5 bruke. L\u00e6ringen blir morsom og minneverdig.<\/p>\n<p data-start=\"1196\" data-end=\"1372\"><img decoding=\"async\" class=\"size-full wp-image-27243 aligncenter\" src=\"https:\/\/mekulo.com\/template\/wp-content\/uploads\/sites\/6\/2026\/03\/spp_shopify20251122222457_b8cd5b0ff580363c742e2351b8835e64_da98ffcf-80e7-454c-a6d1-0a957922c9ba.webp\" alt=\"\" width=\"713\" height=\"713\" \/><\/p>\n<h2 style=\"text-align: center\" data-section-id=\"1gi0xsv\" data-start=\"1416\" data-end=\"1442\">\ud83e\udde0 Perfekt for<\/h2>\n<ul data-start=\"1458\" data-end=\"1612\">\n<li data-section-id=\"15pd3bs\" data-start=\"1458\" data-end=\"1486\">\n<p data-start=\"1460\" data-end=\"1486\">l\u00e6ringsaktiviteter innenSTEM<\/p>\n<\/li>\n<li data-section-id=\"14cbd72\" data-start=\"1487\" data-end=\"1514\">\n<p data-start=\"1489\" data-end=\"1514\">Vitenskapsprosjekter i skolen<\/p>\n<\/li>\n<li data-section-id=\"11iqqi0\" data-start=\"1515\" data-end=\"1549\">\n<p data-start=\"1517\" data-end=\"1549\">Foreldre-barn-bygge\u00f8kter<\/p>\n<\/li>\n<li data-section-id=\"1yvj63d\" data-start=\"1550\" data-end=\"1575\">\n<p data-start=\"1552\" data-end=\"1575\">Pedagogiske workshops<\/p>\n<\/li>\n<li data-section-id=\"19rscwv\" data-start=\"1576\" data-end=\"1612\">\n<p data-start=\"1578\" data-end=\"1612\">Nysgjerrige barn som elsker teknologi<\/p>\n<\/li>\n<\/ul>\n<p data-start=\"1614\" data-end=\"1669\">Et kreativt prosjekt som gj\u00f8r nysgjerrighet til oppdagelse.<\/p>\n<h2 style=\"text-align: center\" data-section-id=\"1k514u3\" data-start=\"1676\" data-end=\"1692\">\u2699\ufe0f Slik bruker du det<\/h2>\n<ol data-start=\"1694\" data-end=\"1885\">\n<li data-section-id=\"hofn6l\" data-start=\"1694\" data-end=\"1738\">\n<p data-start=\"1697\" data-end=\"1738\">Legg ut alle komponentene fra settet.<\/p>\n<\/li>\n<li data-section-id=\"uou0n3\" data-start=\"1739\" data-end=\"1789\">\n<p data-start=\"1742\" data-end=\"1789\">F\u00f8lg monteringsinstruksjonene trinn for trinn.<\/p>\n<\/li>\n<li data-section-id=\"hyi0vf\" data-start=\"1790\" data-end=\"1841\">\n<p data-start=\"1793\" data-end=\"1841\">Koble sammen delene for \u00e5 bygge radiostrukturen.<\/p>\n<\/li>\n<li data-section-id=\"fwwlh8\" data-start=\"1842\" data-end=\"1885\">\n<p data-start=\"1845\" data-end=\"1885\">Sl\u00e5 p\u00e5 radioen og still inn stasjoner.<\/p>\n<\/li>\n<\/ol>\n<h2 style=\"text-align: center\" data-section-id=\"6cujb5\" data-start=\"1934\" data-end=\"1955\">\ud83d\udcd0 Produktdetaljer<\/h2>\n<ul data-start=\"1957\" data-end=\"2136\">\n<li data-section-id=\"bk9pdl\" data-start=\"1957\" data-end=\"2009\">\n<p data-start=\"1959\" data-end=\"2009\">Materiale: Tre + komponenter i flere materialer<\/p>\n<\/li>\n<li data-section-id=\"1jc57oi\" data-start=\"2010\" data-end=\"2040\">\n<p data-start=\"2012\" data-end=\"2040\">St\u00f8rrelse: 9 x 7,3 x 3,5 cm<\/p>\n<\/li>\n<li data-section-id=\"1aro6pi\" data-start=\"2041\" data-end=\"2089\">\n<p data-start=\"2043\" data-end=\"2089\">Design: Kompakt elektronisk DIY-radiosett<\/p>\n<\/li>\n<li data-section-id=\"12le46q\" data-start=\"2090\" data-end=\"2136\">\n<p data-start=\"2092\" data-end=\"2136\">Form\u00e5l: Pedagogisk STEM-leke<\/p>\n<\/li>\n<\/ul>\n<h2 style=\"text-align: center\" data-section-id=\"1qc1r63\" data-start=\"2194\" data-end=\"2216\">\ud83d\udce6 Pakken inneholder<\/h2>\n<ul data-start=\"2218\" data-end=\"2322\">\n<li data-section-id=\"1ypdwd2\" data-start=\"2218\" data-end=\"2322\">\n<p data-start=\"2220\" data-end=\"2322\">1, 2x DIY mini-radiosett\/s<\/p>\n<\/li>\n<li data-section-id=\"1ypdwd2\" data-start=\"2218\" data-end=\"2322\">1, 2x bruksanvisning\/er.<\/li>\n<\/ul>\n","protected":false},"excerpt":{"rendered":"<p>\ud83d\udd0cBygg det. L\u00e6r det. Lytt til den. En praktisk innf\u00f8ring i elektronikk.<br \/>\n\ud83d\udcfbMed dette gj\u00f8r-det-selv-miniradiosettet blir l\u00e6ring til en spennende byggeopplevelse.<br \/>\n\ud83e\udde0Ved \u00e5 sette sammen din egen fungerende radio utforsker du det grunnleggende innen elektronikk samtidig som du utvikler kreativitet og probleml\u00f8sningsferdigheter.<\/p>\n","protected":false},"featured_media":27626,"comment_status":"open","ping_status":"closed","template":"","meta":{"site-sidebar-layout":"default","site-content-layout":"","ast-site-content-layout":"default","site-content-style":"default","site-sidebar-style":"default","ast-global-header-display":"","ast-banner-title-visibility":"","ast-main-header-display":"","ast-hfb-above-header-display":"","ast-hfb-below-header-display":"","ast-hfb-mobile-header-display":"","site-post-title":"","ast-breadcrumbs-content":"","ast-featured-img":"","footer-sml-layout":"","theme-transparent-header-meta":"default","adv-header-id-meta":"","stick-header-meta":"","header-above-stick-meta":"","header-main-stick-meta":"","header-below-stick-meta":"","astra-migrate-meta-layouts":"set","ast-page-background-enabled":"default","ast-page-background-meta":{"desktop":{"background-color":"var(--ast-global-color-5)","background-image":"","background-repeat":"repeat","background-position":"center center","background-size":"auto","background-attachment":"scroll","background-type":"","background-media":"","overlay-type":"","overlay-color":"","overlay-opacity":"","overlay-gradient":""},"tablet":{"background-color":"","background-image":"","background-repeat":"repeat","background-position":"center center","background-size":"auto","background-attachment":"scroll","background-type":"","background-media":"","overlay-type":"","overlay-color":"","overlay-opacity":"","overlay-gradient":""},"mobile":{"background-color":"","background-image":"","background-repeat":"repeat","background-position":"center center","background-size":"auto","background-attachment":"scroll","background-type":"","background-media":"","overlay-type":"","overlay-color":"","overlay-opacity":"","overlay-gradient":""}},"ast-content-background-meta":{"desktop":{"background-color":"var(--ast-global-color-4)","background-image":"","background-repeat":"repeat","background-position":"center center","background-size":"auto","background-attachment":"scroll","background-type":"","background-media":"","overlay-type":"","overlay-color":"","overlay-opacity":"","overlay-gradient":""},"tablet":{"background-color":"var(--ast-global-color-4)","background-image":"","background-repeat":"repeat","background-position":"center center","background-size":"auto","background-attachment":"scroll","background-type":"","background-media":"","overlay-type":"","overlay-color":"","overlay-opacity":"","overlay-gradient":""},"mobile":{"background-color":"var(--ast-global-color-4)","background-image":"","background-repeat":"repeat","background-position":"center center","background-size":"auto","background-attachment":"scroll","background-type":"","background-media":"","overlay-type":"","overlay-color":"","overlay-opacity":"","overlay-gradient":""}}},"product_brand":[],"product_cat":[172],"product_tag":[],"class_list":{"0":"post-27630","1":"product","2":"type-product","3":"status-publish","4":"has-post-thumbnail","6":"product_cat-leker-barne-og-babyprodukter","7":"pa_66386_z4bncch1-1-stk","8":"pa_66386_z4bncch1-2-stk","9":"desktop-align-left","10":"tablet-align-left","11":"mobile-align-left","13":"first","14":"instock","15":"shipping-taxable","16":"purchasable","17":"product-type-variable"},"yoast_head":"<!-- This site is optimized with the Yoast SEO plugin v26.6 - https:\/\/yoast.com\/wordpress\/plugins\/seo\/ -->\n<title>Gj\u00f8r-det-selv mini-radiosett - Mekulo NO<\/title>\n<meta name=\"robots\" content=\"index, follow, max-snippet:-1, max-image-preview:large, max-video-preview:-1\" \/>\n<link rel=\"canonical\" href=\"https:\/\/mekulo.com\/no\/produkt\/gjor-det-selv-mini-radiosett\/\" \/>\n<meta property=\"og:locale\" content=\"nb_NO\" \/>\n<meta property=\"og:type\" content=\"article\" \/>\n<meta property=\"og:title\" content=\"Gj\u00f8r-det-selv mini-radiosett - Mekulo NO\" \/>\n<meta property=\"og:description\" content=\"\ud83d\udd0cBygg det. L\u00e6r det. Lytt til den. En praktisk innf\u00f8ring i elektronikk. \ud83d\udcfbMed dette gj\u00f8r-det-selv-miniradiosettet blir l\u00e6ring til en spennende byggeopplevelse. \ud83e\udde0Ved \u00e5 sette sammen din egen fungerende radio utforsker du det grunnleggende innen elektronikk samtidig som du utvikler kreativitet og probleml\u00f8sningsferdigheter.\" \/>\n<meta property=\"og:url\" content=\"https:\/\/mekulo.com\/no\/produkt\/gjor-det-selv-mini-radiosett\/\" \/>\n<meta property=\"og:site_name\" content=\"Mekulo NO\" \/>\n<meta property=\"article:modified_time\" content=\"2026-04-14T15:26:43+00:00\" \/>\n<meta property=\"og:image\" content=\"https:\/\/mekulo.com\/no\/wp-content\/uploads\/sites\/10\/2026\/04\/kn165r2-1.webp\" \/>\n\t<meta property=\"og:image:width\" content=\"800\" \/>\n\t<meta property=\"og:image:height\" content=\"800\" \/>\n\t<meta property=\"og:image:type\" content=\"image\/webp\" \/>\n<meta name=\"twitter:card\" content=\"summary_large_image\" \/>\n<meta name=\"twitter:label1\" content=\"Ansl. lesetid\" \/>\n\t<meta name=\"twitter:data1\" content=\"2 minutter\" \/>\n<script type=\"application\/ld+json\" class=\"yoast-schema-graph\">{\"@context\":\"https:\/\/schema.org\",\"@graph\":[{\"@type\":\"WebPage\",\"@id\":\"https:\/\/mekulo.com\/no\/produkt\/gjor-det-selv-mini-radiosett\/\",\"url\":\"https:\/\/mekulo.com\/no\/produkt\/gjor-det-selv-mini-radiosett\/\",\"name\":\"Gj\u00f8r-det-selv mini-radiosett - Mekulo NO\",\"isPartOf\":{\"@id\":\"https:\/\/mekulo.com\/no\/#website\"},\"primaryImageOfPage\":{\"@id\":\"https:\/\/mekulo.com\/no\/produkt\/gjor-det-selv-mini-radiosett\/#primaryimage\"},\"image\":{\"@id\":\"https:\/\/mekulo.com\/no\/produkt\/gjor-det-selv-mini-radiosett\/#primaryimage\"},\"thumbnailUrl\":\"https:\/\/mekulo.com\/no\/wp-content\/uploads\/sites\/10\/2026\/04\/kn165r2-1.webp\",\"datePublished\":\"2026-04-14T15:26:33+00:00\",\"dateModified\":\"2026-04-14T15:26:43+00:00\",\"breadcrumb\":{\"@id\":\"https:\/\/mekulo.com\/no\/produkt\/gjor-det-selv-mini-radiosett\/#breadcrumb\"},\"inLanguage\":\"nb-NO\",\"potentialAction\":[{\"@type\":\"ReadAction\",\"target\":[\"https:\/\/mekulo.com\/no\/produkt\/gjor-det-selv-mini-radiosett\/\"]}]},{\"@type\":\"ImageObject\",\"inLanguage\":\"nb-NO\",\"@id\":\"https:\/\/mekulo.com\/no\/produkt\/gjor-det-selv-mini-radiosett\/#primaryimage\",\"url\":\"https:\/\/mekulo.com\/no\/wp-content\/uploads\/sites\/10\/2026\/04\/kn165r2-1.webp\",\"contentUrl\":\"https:\/\/mekulo.com\/no\/wp-content\/uploads\/sites\/10\/2026\/04\/kn165r2-1.webp\",\"width\":800,\"height\":800},{\"@type\":\"BreadcrumbList\",\"@id\":\"https:\/\/mekulo.com\/no\/produkt\/gjor-det-selv-mini-radiosett\/#breadcrumb\",\"itemListElement\":[{\"@type\":\"ListItem\",\"position\":1,\"name\":\"Home\",\"item\":\"https:\/\/mekulo.com\/no\/\"},{\"@type\":\"ListItem\",\"position\":2,\"name\":\"Butikk\",\"item\":\"https:\/\/mekulo.com\/no\/butikk\/\"},{\"@type\":\"ListItem\",\"position\":3,\"name\":\"Gj\u00f8r-det-selv mini-radiosett\"}]},{\"@type\":\"WebSite\",\"@id\":\"https:\/\/mekulo.com\/no\/#website\",\"url\":\"https:\/\/mekulo.com\/no\/\",\"name\":\"Mekulo NO\",\"description\":\"\",\"publisher\":{\"@id\":\"https:\/\/mekulo.com\/no\/#organization\"},\"potentialAction\":[{\"@type\":\"SearchAction\",\"target\":{\"@type\":\"EntryPoint\",\"urlTemplate\":\"https:\/\/mekulo.com\/no\/?s={search_term_string}\"},\"query-input\":{\"@type\":\"PropertyValueSpecification\",\"valueRequired\":true,\"valueName\":\"search_term_string\"}}],\"inLanguage\":\"nb-NO\"},{\"@type\":\"Organization\",\"@id\":\"https:\/\/mekulo.com\/no\/#organization\",\"name\":\"Mekulo\",\"url\":\"https:\/\/mekulo.com\/no\/\",\"logo\":{\"@type\":\"ImageObject\",\"inLanguage\":\"nb-NO\",\"@id\":\"https:\/\/mekulo.com\/no\/#\/schema\/logo\/image\/\",\"url\":\"https:\/\/mekulo.com\/no\/wp-content\/uploads\/sites\/10\/2025\/12\/favicon_mekulo.png\",\"contentUrl\":\"https:\/\/mekulo.com\/no\/wp-content\/uploads\/sites\/10\/2025\/12\/favicon_mekulo.png\",\"width\":50,\"height\":50,\"caption\":\"Mekulo\"},\"image\":{\"@id\":\"https:\/\/mekulo.com\/no\/#\/schema\/logo\/image\/\"}}]}<\/script>\n<!-- \/ Yoast SEO plugin. -->","yoast_head_json":{"title":"Gj\u00f8r-det-selv mini-radiosett - Mekulo NO","robots":{"index":"index","follow":"follow","max-snippet":"max-snippet:-1","max-image-preview":"max-image-preview:large","max-video-preview":"max-video-preview:-1"},"canonical":"https:\/\/mekulo.com\/no\/produkt\/gjor-det-selv-mini-radiosett\/","og_locale":"nb_NO","og_type":"article","og_title":"Gj\u00f8r-det-selv mini-radiosett - Mekulo NO","og_description":"\ud83d\udd0cBygg det. L\u00e6r det. Lytt til den. En praktisk innf\u00f8ring i elektronikk. \ud83d\udcfbMed dette gj\u00f8r-det-selv-miniradiosettet blir l\u00e6ring til en spennende byggeopplevelse. \ud83e\udde0Ved \u00e5 sette sammen din egen fungerende radio utforsker du det grunnleggende innen elektronikk samtidig som du utvikler kreativitet og probleml\u00f8sningsferdigheter.","og_url":"https:\/\/mekulo.com\/no\/produkt\/gjor-det-selv-mini-radiosett\/","og_site_name":"Mekulo NO","article_modified_time":"2026-04-14T15:26:43+00:00","og_image":[{"width":800,"height":800,"url":"https:\/\/mekulo.com\/no\/wp-content\/uploads\/sites\/10\/2026\/04\/kn165r2-1.webp","type":"image\/webp"}],"twitter_card":"summary_large_image","twitter_misc":{"Ansl. lesetid":"2 minutter"},"schema":{"@context":"https:\/\/schema.org","@graph":[{"@type":"WebPage","@id":"https:\/\/mekulo.com\/no\/produkt\/gjor-det-selv-mini-radiosett\/","url":"https:\/\/mekulo.com\/no\/produkt\/gjor-det-selv-mini-radiosett\/","name":"Gj\u00f8r-det-selv mini-radiosett - Mekulo NO","isPartOf":{"@id":"https:\/\/mekulo.com\/no\/#website"},"primaryImageOfPage":{"@id":"https:\/\/mekulo.com\/no\/produkt\/gjor-det-selv-mini-radiosett\/#primaryimage"},"image":{"@id":"https:\/\/mekulo.com\/no\/produkt\/gjor-det-selv-mini-radiosett\/#primaryimage"},"thumbnailUrl":"https:\/\/mekulo.com\/no\/wp-content\/uploads\/sites\/10\/2026\/04\/kn165r2-1.webp","datePublished":"2026-04-14T15:26:33+00:00","dateModified":"2026-04-14T15:26:43+00:00","breadcrumb":{"@id":"https:\/\/mekulo.com\/no\/produkt\/gjor-det-selv-mini-radiosett\/#breadcrumb"},"inLanguage":"nb-NO","potentialAction":[{"@type":"ReadAction","target":["https:\/\/mekulo.com\/no\/produkt\/gjor-det-selv-mini-radiosett\/"]}]},{"@type":"ImageObject","inLanguage":"nb-NO","@id":"https:\/\/mekulo.com\/no\/produkt\/gjor-det-selv-mini-radiosett\/#primaryimage","url":"https:\/\/mekulo.com\/no\/wp-content\/uploads\/sites\/10\/2026\/04\/kn165r2-1.webp","contentUrl":"https:\/\/mekulo.com\/no\/wp-content\/uploads\/sites\/10\/2026\/04\/kn165r2-1.webp","width":800,"height":800},{"@type":"BreadcrumbList","@id":"https:\/\/mekulo.com\/no\/produkt\/gjor-det-selv-mini-radiosett\/#breadcrumb","itemListElement":[{"@type":"ListItem","position":1,"name":"Home","item":"https:\/\/mekulo.com\/no\/"},{"@type":"ListItem","position":2,"name":"Butikk","item":"https:\/\/mekulo.com\/no\/butikk\/"},{"@type":"ListItem","position":3,"name":"Gj\u00f8r-det-selv mini-radiosett"}]},{"@type":"WebSite","@id":"https:\/\/mekulo.com\/no\/#website","url":"https:\/\/mekulo.com\/no\/","name":"Mekulo NO","description":"","publisher":{"@id":"https:\/\/mekulo.com\/no\/#organization"},"potentialAction":[{"@type":"SearchAction","target":{"@type":"EntryPoint","urlTemplate":"https:\/\/mekulo.com\/no\/?s={search_term_string}"},"query-input":{"@type":"PropertyValueSpecification","valueRequired":true,"valueName":"search_term_string"}}],"inLanguage":"nb-NO"},{"@type":"Organization","@id":"https:\/\/mekulo.com\/no\/#organization","name":"Mekulo","url":"https:\/\/mekulo.com\/no\/","logo":{"@type":"ImageObject","inLanguage":"nb-NO","@id":"https:\/\/mekulo.com\/no\/#\/schema\/logo\/image\/","url":"https:\/\/mekulo.com\/no\/wp-content\/uploads\/sites\/10\/2025\/12\/favicon_mekulo.png","contentUrl":"https:\/\/mekulo.com\/no\/wp-content\/uploads\/sites\/10\/2025\/12\/favicon_mekulo.png","width":50,"height":50,"caption":"Mekulo"},"image":{"@id":"https:\/\/mekulo.com\/no\/#\/schema\/logo\/image\/"}}]}},"_links":{"self":[{"href":"https:\/\/mekulo.com\/no\/wp-json\/wp\/v2\/product\/27630","targetHints":{"allow":["GET"]}}],"collection":[{"href":"https:\/\/mekulo.com\/no\/wp-json\/wp\/v2\/product"}],"about":[{"href":"https:\/\/mekulo.com\/no\/wp-json\/wp\/v2\/types\/product"}],"replies":[{"embeddable":true,"href":"https:\/\/mekulo.com\/no\/wp-json\/wp\/v2\/comments?post=27630"}],"wp:featuredmedia":[{"embeddable":true,"href":"https:\/\/mekulo.com\/no\/wp-json\/wp\/v2\/media\/27626"}],"wp:attachment":[{"href":"https:\/\/mekulo.com\/no\/wp-json\/wp\/v2\/media?parent=27630"}],"wp:term":[{"taxonomy":"product_brand","embeddable":true,"href":"https:\/\/mekulo.com\/no\/wp-json\/wp\/v2\/product_brand?post=27630"},{"taxonomy":"product_cat","embeddable":true,"href":"https:\/\/mekulo.com\/no\/wp-json\/wp\/v2\/product_cat?post=27630"},{"taxonomy":"product_tag","embeddable":true,"href":"https:\/\/mekulo.com\/no\/wp-json\/wp\/v2\/product_tag?post=27630"}],"curies":[{"name":"wp","href":"https:\/\/api.w.org\/{rel}","templated":true}]}}