{"id":27366,"date":"2026-04-09T22:16:21","date_gmt":"2026-04-09T19:16:21","guid":{"rendered":"https:\/\/mekulo.com\/no\/produkt\/vevd-slyngeveske\/"},"modified":"2026-04-09T22:16:29","modified_gmt":"2026-04-09T19:16:29","slug":"vevd-slyngeveske","status":"publish","type":"product","link":"https:\/\/mekulo.com\/no\/produkt\/vevd-slyngeveske\/","title":{"rendered":"Vevd slyngeveske"},"content":{"rendered":"<h2 style=\"text-align: center\" data-start=\"365\" data-end=\"381\">\u2728 L\u00f8ftet<\/h2>\n<p style=\"text-align: center\" data-start=\"383\" data-end=\"448\">Stilfull enkelhet.<br data-start=\"402\" data-end=\"405\" \/>Komfortabel reise.<br data-start=\"424\" data-end=\"427\" \/>Hverdagsbekvemmelighet.<\/p>\n<p data-start=\"383\" data-end=\"448\"><img fetchpriority=\"high\" decoding=\"async\" class=\" wp-image-27138 aligncenter\" src=\"https:\/\/mekulo.com\/template\/wp-content\/uploads\/sites\/6\/2026\/03\/12214-ezgif.com-video-to-webp-converter-3.webp\" alt=\"\" width=\"550\" height=\"550\" \/><\/p>\n<h2 style=\"text-align: center\" data-start=\"455\" data-end=\"473\">\u2705 Hovedfordeler<\/h2>\n<p data-start=\"477\" data-end=\"581\">\ud83c\udf34 Vakker vevd design &#8211; Naturlig gressvevd tekstur skaper et avslappet, ferieinspirert utseende.<\/p>\n<p data-start=\"585\" data-end=\"689\">\ud83c\udf92 Komfortabel \u00e5 b\u00e6re &#8211; Justerbar stropp gir perfekt passform for crossbody- eller skulderbruk.<\/p>\n<p data-start=\"693\" data-end=\"789\">\ud83e\uddf3 Lett for bruk hele dagen &#8211; Med en vekt p\u00e5 bare 0,18 kg er den enkel \u00e5 b\u00e6re gjennom travle dager.<\/p>\n<p data-start=\"793\" data-end=\"878\">\ud83d\udd10 Sikker glidel\u00e5slukking &#8211; Holder det viktigste trygt mens du er p\u00e5 farten.<\/p>\n<p data-start=\"882\" data-end=\"997\">\ud83d\udcf1 Perfekt st\u00f8rrelse for daglige n\u00f8dvendigheter &#8211; Passer enkelt til telefon, lommebok, leppestift, solbriller og sm\u00e5ting.<\/p>\n<p data-start=\"1001\" data-end=\"1092\">\ud83d\udc57 Passer til alle sommerantrekk &#8211; Ideell til strandkl\u00e6r, uformelle antrekk og reiselook.<\/p>\n<h2 style=\"text-align: center\" data-start=\"1099\" data-end=\"1122\">\u2757 Problem \u2192 L\u00f8sning<\/h2>\n<p data-start=\"1124\" data-end=\"1245\"><strong data-start=\"1124\" data-end=\"1136\">Problem:<\/strong><br data-start=\"1136\" data-end=\"1139\" \/>Mange h\u00e5ndvesker er enten stilige, men upraktiske, eller praktiske, men klumpete og ukomfortable \u00e5 ha p\u00e5 seg.<\/p>\n<p data-start=\"1247\" data-end=\"1420\"><strong data-start=\"1247\" data-end=\"1260\">L\u00f8sning:<\/strong><br data-start=\"1260\" data-end=\"1263\" \/>Denne vevde slyngevesken kombinerer lett komfort med stilig design, noe som gir deg en praktisk veske som ser vakker ut og har plass til alt du trenger. Enkel stil uten ekstra vekt.<\/p>\n<p data-start=\"1247\" data-end=\"1420\"><img decoding=\"async\" class=\" wp-image-27137 aligncenter\" src=\"https:\/\/mekulo.com\/template\/wp-content\/uploads\/sites\/6\/2026\/03\/12215-ezgif.com-video-to-webp-converter-3.webp\" alt=\"\" width=\"551\" height=\"551\" \/><\/p>\n<h2 style=\"text-align: center\" data-start=\"1467\" data-end=\"1493\">\ud83c\udf1e Perfekt for<\/h2>\n<ul data-start=\"1509\" data-end=\"1665\">\n<li data-start=\"1509\" data-end=\"1544\">\n<p data-start=\"1511\" data-end=\"1544\">Sommerferier og stranddager<\/p>\n<\/li>\n<li data-start=\"1545\" data-end=\"1571\">\n<p data-start=\"1547\" data-end=\"1571\">Reiser og sightseeing<\/p>\n<\/li>\n<li data-start=\"1572\" data-end=\"1596\">\n<p data-start=\"1574\" data-end=\"1596\">L\u00f8slige hverdagsutflukter<\/p>\n<\/li>\n<li data-start=\"1597\" data-end=\"1625\">\n<p data-start=\"1599\" data-end=\"1625\">Shoppingturer og kaf\u00e9bes\u00f8k<\/p>\n<\/li>\n<li data-start=\"1626\" data-end=\"1665\">\n<p data-start=\"1628\" data-end=\"1665\">Utend\u00f8rs festivaler eller helgearrangementer<\/p>\n<\/li>\n<\/ul>\n<p data-start=\"1667\" data-end=\"1728\">Et avslappet tilbeh\u00f8r som passer din livsstil uansett hvor du g\u00e5r.<\/p>\n<h2 style=\"text-align: center\" data-start=\"1735\" data-end=\"1751\">\u2699\ufe0f Slik bruker du den<\/h2>\n<ol data-start=\"1753\" data-end=\"1947\">\n<li data-start=\"1753\" data-end=\"1794\">\n<p data-start=\"1756\" data-end=\"1794\">\u00c5pne vesken ved hjelp av den sikre glidel\u00e5sen.<\/p>\n<\/li>\n<li data-start=\"1795\" data-end=\"1849\">\n<p data-start=\"1798\" data-end=\"1849\">Plasser det viktigste i hovedrommet.<\/p>\n<\/li>\n<li data-start=\"1850\" data-end=\"1902\">\n<p data-start=\"1853\" data-end=\"1902\">Juster skulderstroppen for en behagelig passform.<\/p>\n<\/li>\n<li data-start=\"1903\" data-end=\"1947\">\n<p data-start=\"1906\" data-end=\"1947\">B\u00e6r den crossbody eller over skulderen.<\/p>\n<\/li>\n<\/ol>\n<h2 style=\"text-align: center\" data-start=\"1999\" data-end=\"2020\">\ud83d\udcd0 Produktdetaljer<\/h2>\n<ul data-start=\"2022\" data-end=\"2266\">\n<li data-start=\"2022\" data-end=\"2060\">\n<p data-start=\"2024\" data-end=\"2060\">Materiale: Gressvevd utside<\/p>\n<\/li>\n<li data-start=\"2061\" data-end=\"2091\">\n<p data-start=\"2063\" data-end=\"2091\">F\u00f4r: Nylon innvendig<\/p>\n<\/li>\n<li data-start=\"2061\" data-end=\"2091\">\n<p data-start=\"2063\" data-end=\"2091\">St\u00f8rrelse: 20 x 12 x 11 cm<\/p>\n<\/li>\n<li data-start=\"2178\" data-end=\"2201\">\n<p data-start=\"2180\" data-end=\"2201\">Vekt: 0,18 kg<\/p>\n<\/li>\n<li data-start=\"2202\" data-end=\"2242\">\n<p data-start=\"2204\" data-end=\"2242\">Rem: Justerbar skulderrem<\/p>\n<\/li>\n<li data-start=\"2243\" data-end=\"2266\">\n<p data-start=\"2245\" data-end=\"2266\">Lukking: Glidel\u00e5s<\/p>\n<\/li>\n<li data-start=\"2243\" data-end=\"2266\">Du kan bruke den som crossbody-veske, skulderveske og h\u00e5ndveske<\/li>\n<\/ul>\n<h2 style=\"text-align: center\" data-start=\"2330\" data-end=\"2352\">\ud83d\udce6 Pakken inneholder<\/h2>\n<ul data-start=\"2354\" data-end=\"2382\">\n<li data-start=\"2354\" data-end=\"2382\">\n<p data-start=\"2356\" data-end=\"2382\">1x vevd slyngeveske.<\/p>\n<\/li>\n<\/ul>\n","protected":false},"excerpt":{"rendered":"<p>\ud83c\udf1eUanstrengt sommerstil for alle eventyr.<br \/>\n\ud83d\udc59Lett, stilig og laget for hverdagslige bevegelser.<br \/>\n\ud83d\udc5cDenne vevde slyngevesken kombinerer avslappet bohemstil med praktisk hverdagsbruk. Den er lett, men romslig, og er designet for \u00e5 romme det viktigste du trenger, samtidig som den passer til sommerantrekkene dine.<\/p>\n","protected":false},"featured_media":27362,"comment_status":"open","ping_status":"closed","template":"","meta":{"site-sidebar-layout":"default","site-content-layout":"","ast-site-content-layout":"default","site-content-style":"default","site-sidebar-style":"default","ast-global-header-display":"","ast-banner-title-visibility":"","ast-main-header-display":"","ast-hfb-above-header-display":"","ast-hfb-below-header-display":"","ast-hfb-mobile-header-display":"","site-post-title":"","ast-breadcrumbs-content":"","ast-featured-img":"","footer-sml-layout":"","theme-transparent-header-meta":"default","adv-header-id-meta":"","stick-header-meta":"","header-above-stick-meta":"","header-main-stick-meta":"","header-below-stick-meta":"","astra-migrate-meta-layouts":"set","ast-page-background-enabled":"default","ast-page-background-meta":{"desktop":{"background-color":"var(--ast-global-color-5)","background-image":"","background-repeat":"repeat","background-position":"center center","background-size":"auto","background-attachment":"scroll","background-type":"","background-media":"","overlay-type":"","overlay-color":"","overlay-opacity":"","overlay-gradient":""},"tablet":{"background-color":"","background-image":"","background-repeat":"repeat","background-position":"center center","background-size":"auto","background-attachment":"scroll","background-type":"","background-media":"","overlay-type":"","overlay-color":"","overlay-opacity":"","overlay-gradient":""},"mobile":{"background-color":"","background-image":"","background-repeat":"repeat","background-position":"center center","background-size":"auto","background-attachment":"scroll","background-type":"","background-media":"","overlay-type":"","overlay-color":"","overlay-opacity":"","overlay-gradient":""}},"ast-content-background-meta":{"desktop":{"background-color":"var(--ast-global-color-4)","background-image":"","background-repeat":"repeat","background-position":"center center","background-size":"auto","background-attachment":"scroll","background-type":"","background-media":"","overlay-type":"","overlay-color":"","overlay-opacity":"","overlay-gradient":""},"tablet":{"background-color":"var(--ast-global-color-4)","background-image":"","background-repeat":"repeat","background-position":"center center","background-size":"auto","background-attachment":"scroll","background-type":"","background-media":"","overlay-type":"","overlay-color":"","overlay-opacity":"","overlay-gradient":""},"mobile":{"background-color":"var(--ast-global-color-4)","background-image":"","background-repeat":"repeat","background-position":"center center","background-size":"auto","background-attachment":"scroll","background-type":"","background-media":"","overlay-type":"","overlay-color":"","overlay-opacity":"","overlay-gradient":""}}},"product_brand":[],"product_cat":[165],"product_tag":[],"class_list":{"0":"post-27366","1":"product","2":"type-product","3":"status-publish","4":"has-post-thumbnail","6":"product_cat-fottoy-tilbehor","7":"pa_66131_mnwcxs0s-khaki","8":"pa_66131_mnwcxs0s-svart","9":"desktop-align-left","10":"tablet-align-left","11":"mobile-align-left","13":"first","14":"instock","15":"shipping-taxable","16":"purchasable","17":"product-type-variable"},"yoast_head":"<!-- This site is optimized with the Yoast SEO plugin v26.6 - https:\/\/yoast.com\/wordpress\/plugins\/seo\/ -->\n<title>Vevd slyngeveske - Mekulo NO<\/title>\n<meta name=\"robots\" content=\"index, follow, max-snippet:-1, max-image-preview:large, max-video-preview:-1\" \/>\n<link rel=\"canonical\" href=\"https:\/\/mekulo.com\/no\/produkt\/vevd-slyngeveske\/\" \/>\n<meta property=\"og:locale\" content=\"nb_NO\" \/>\n<meta property=\"og:type\" content=\"article\" \/>\n<meta property=\"og:title\" content=\"Vevd slyngeveske - Mekulo NO\" \/>\n<meta property=\"og:description\" content=\"\ud83c\udf1eUanstrengt sommerstil for alle eventyr. \ud83d\udc59Lett, stilig og laget for hverdagslige bevegelser. \ud83d\udc5cDenne vevde slyngevesken kombinerer avslappet bohemstil med praktisk hverdagsbruk. Den er lett, men romslig, og er designet for \u00e5 romme det viktigste du trenger, samtidig som den passer til sommerantrekkene dine.\" \/>\n<meta property=\"og:url\" content=\"https:\/\/mekulo.com\/no\/produkt\/vevd-slyngeveske\/\" \/>\n<meta property=\"og:site_name\" content=\"Mekulo NO\" \/>\n<meta property=\"article:modified_time\" content=\"2026-04-09T19:16:29+00:00\" \/>\n<meta property=\"og:image\" content=\"https:\/\/mekulo.com\/no\/wp-content\/uploads\/sites\/10\/2026\/04\/xu7nb45-1.webp\" \/>\n\t<meta property=\"og:image:width\" content=\"800\" \/>\n\t<meta property=\"og:image:height\" content=\"800\" \/>\n\t<meta property=\"og:image:type\" content=\"image\/webp\" \/>\n<meta name=\"twitter:card\" content=\"summary_large_image\" \/>\n<meta name=\"twitter:label1\" content=\"Ansl. lesetid\" \/>\n\t<meta name=\"twitter:data1\" content=\"2 minutter\" \/>\n<script type=\"application\/ld+json\" class=\"yoast-schema-graph\">{\"@context\":\"https:\/\/schema.org\",\"@graph\":[{\"@type\":\"WebPage\",\"@id\":\"https:\/\/mekulo.com\/no\/produkt\/vevd-slyngeveske\/\",\"url\":\"https:\/\/mekulo.com\/no\/produkt\/vevd-slyngeveske\/\",\"name\":\"Vevd slyngeveske - Mekulo NO\",\"isPartOf\":{\"@id\":\"https:\/\/mekulo.com\/no\/#website\"},\"primaryImageOfPage\":{\"@id\":\"https:\/\/mekulo.com\/no\/produkt\/vevd-slyngeveske\/#primaryimage\"},\"image\":{\"@id\":\"https:\/\/mekulo.com\/no\/produkt\/vevd-slyngeveske\/#primaryimage\"},\"thumbnailUrl\":\"https:\/\/mekulo.com\/no\/wp-content\/uploads\/sites\/10\/2026\/04\/xu7nb45-1.webp\",\"datePublished\":\"2026-04-09T19:16:21+00:00\",\"dateModified\":\"2026-04-09T19:16:29+00:00\",\"breadcrumb\":{\"@id\":\"https:\/\/mekulo.com\/no\/produkt\/vevd-slyngeveske\/#breadcrumb\"},\"inLanguage\":\"nb-NO\",\"potentialAction\":[{\"@type\":\"ReadAction\",\"target\":[\"https:\/\/mekulo.com\/no\/produkt\/vevd-slyngeveske\/\"]}]},{\"@type\":\"ImageObject\",\"inLanguage\":\"nb-NO\",\"@id\":\"https:\/\/mekulo.com\/no\/produkt\/vevd-slyngeveske\/#primaryimage\",\"url\":\"https:\/\/mekulo.com\/no\/wp-content\/uploads\/sites\/10\/2026\/04\/xu7nb45-1.webp\",\"contentUrl\":\"https:\/\/mekulo.com\/no\/wp-content\/uploads\/sites\/10\/2026\/04\/xu7nb45-1.webp\",\"width\":800,\"height\":800},{\"@type\":\"BreadcrumbList\",\"@id\":\"https:\/\/mekulo.com\/no\/produkt\/vevd-slyngeveske\/#breadcrumb\",\"itemListElement\":[{\"@type\":\"ListItem\",\"position\":1,\"name\":\"Home\",\"item\":\"https:\/\/mekulo.com\/no\/\"},{\"@type\":\"ListItem\",\"position\":2,\"name\":\"Butikk\",\"item\":\"https:\/\/mekulo.com\/no\/butikk\/\"},{\"@type\":\"ListItem\",\"position\":3,\"name\":\"Vevd slyngeveske\"}]},{\"@type\":\"WebSite\",\"@id\":\"https:\/\/mekulo.com\/no\/#website\",\"url\":\"https:\/\/mekulo.com\/no\/\",\"name\":\"Mekulo NO\",\"description\":\"\",\"publisher\":{\"@id\":\"https:\/\/mekulo.com\/no\/#organization\"},\"potentialAction\":[{\"@type\":\"SearchAction\",\"target\":{\"@type\":\"EntryPoint\",\"urlTemplate\":\"https:\/\/mekulo.com\/no\/?s={search_term_string}\"},\"query-input\":{\"@type\":\"PropertyValueSpecification\",\"valueRequired\":true,\"valueName\":\"search_term_string\"}}],\"inLanguage\":\"nb-NO\"},{\"@type\":\"Organization\",\"@id\":\"https:\/\/mekulo.com\/no\/#organization\",\"name\":\"Mekulo\",\"url\":\"https:\/\/mekulo.com\/no\/\",\"logo\":{\"@type\":\"ImageObject\",\"inLanguage\":\"nb-NO\",\"@id\":\"https:\/\/mekulo.com\/no\/#\/schema\/logo\/image\/\",\"url\":\"https:\/\/mekulo.com\/no\/wp-content\/uploads\/sites\/10\/2025\/12\/favicon_mekulo.png\",\"contentUrl\":\"https:\/\/mekulo.com\/no\/wp-content\/uploads\/sites\/10\/2025\/12\/favicon_mekulo.png\",\"width\":50,\"height\":50,\"caption\":\"Mekulo\"},\"image\":{\"@id\":\"https:\/\/mekulo.com\/no\/#\/schema\/logo\/image\/\"}}]}<\/script>\n<!-- \/ Yoast SEO plugin. -->","yoast_head_json":{"title":"Vevd slyngeveske - Mekulo NO","robots":{"index":"index","follow":"follow","max-snippet":"max-snippet:-1","max-image-preview":"max-image-preview:large","max-video-preview":"max-video-preview:-1"},"canonical":"https:\/\/mekulo.com\/no\/produkt\/vevd-slyngeveske\/","og_locale":"nb_NO","og_type":"article","og_title":"Vevd slyngeveske - Mekulo NO","og_description":"\ud83c\udf1eUanstrengt sommerstil for alle eventyr. \ud83d\udc59Lett, stilig og laget for hverdagslige bevegelser. \ud83d\udc5cDenne vevde slyngevesken kombinerer avslappet bohemstil med praktisk hverdagsbruk. Den er lett, men romslig, og er designet for \u00e5 romme det viktigste du trenger, samtidig som den passer til sommerantrekkene dine.","og_url":"https:\/\/mekulo.com\/no\/produkt\/vevd-slyngeveske\/","og_site_name":"Mekulo NO","article_modified_time":"2026-04-09T19:16:29+00:00","og_image":[{"width":800,"height":800,"url":"https:\/\/mekulo.com\/no\/wp-content\/uploads\/sites\/10\/2026\/04\/xu7nb45-1.webp","type":"image\/webp"}],"twitter_card":"summary_large_image","twitter_misc":{"Ansl. lesetid":"2 minutter"},"schema":{"@context":"https:\/\/schema.org","@graph":[{"@type":"WebPage","@id":"https:\/\/mekulo.com\/no\/produkt\/vevd-slyngeveske\/","url":"https:\/\/mekulo.com\/no\/produkt\/vevd-slyngeveske\/","name":"Vevd slyngeveske - Mekulo NO","isPartOf":{"@id":"https:\/\/mekulo.com\/no\/#website"},"primaryImageOfPage":{"@id":"https:\/\/mekulo.com\/no\/produkt\/vevd-slyngeveske\/#primaryimage"},"image":{"@id":"https:\/\/mekulo.com\/no\/produkt\/vevd-slyngeveske\/#primaryimage"},"thumbnailUrl":"https:\/\/mekulo.com\/no\/wp-content\/uploads\/sites\/10\/2026\/04\/xu7nb45-1.webp","datePublished":"2026-04-09T19:16:21+00:00","dateModified":"2026-04-09T19:16:29+00:00","breadcrumb":{"@id":"https:\/\/mekulo.com\/no\/produkt\/vevd-slyngeveske\/#breadcrumb"},"inLanguage":"nb-NO","potentialAction":[{"@type":"ReadAction","target":["https:\/\/mekulo.com\/no\/produkt\/vevd-slyngeveske\/"]}]},{"@type":"ImageObject","inLanguage":"nb-NO","@id":"https:\/\/mekulo.com\/no\/produkt\/vevd-slyngeveske\/#primaryimage","url":"https:\/\/mekulo.com\/no\/wp-content\/uploads\/sites\/10\/2026\/04\/xu7nb45-1.webp","contentUrl":"https:\/\/mekulo.com\/no\/wp-content\/uploads\/sites\/10\/2026\/04\/xu7nb45-1.webp","width":800,"height":800},{"@type":"BreadcrumbList","@id":"https:\/\/mekulo.com\/no\/produkt\/vevd-slyngeveske\/#breadcrumb","itemListElement":[{"@type":"ListItem","position":1,"name":"Home","item":"https:\/\/mekulo.com\/no\/"},{"@type":"ListItem","position":2,"name":"Butikk","item":"https:\/\/mekulo.com\/no\/butikk\/"},{"@type":"ListItem","position":3,"name":"Vevd slyngeveske"}]},{"@type":"WebSite","@id":"https:\/\/mekulo.com\/no\/#website","url":"https:\/\/mekulo.com\/no\/","name":"Mekulo NO","description":"","publisher":{"@id":"https:\/\/mekulo.com\/no\/#organization"},"potentialAction":[{"@type":"SearchAction","target":{"@type":"EntryPoint","urlTemplate":"https:\/\/mekulo.com\/no\/?s={search_term_string}"},"query-input":{"@type":"PropertyValueSpecification","valueRequired":true,"valueName":"search_term_string"}}],"inLanguage":"nb-NO"},{"@type":"Organization","@id":"https:\/\/mekulo.com\/no\/#organization","name":"Mekulo","url":"https:\/\/mekulo.com\/no\/","logo":{"@type":"ImageObject","inLanguage":"nb-NO","@id":"https:\/\/mekulo.com\/no\/#\/schema\/logo\/image\/","url":"https:\/\/mekulo.com\/no\/wp-content\/uploads\/sites\/10\/2025\/12\/favicon_mekulo.png","contentUrl":"https:\/\/mekulo.com\/no\/wp-content\/uploads\/sites\/10\/2025\/12\/favicon_mekulo.png","width":50,"height":50,"caption":"Mekulo"},"image":{"@id":"https:\/\/mekulo.com\/no\/#\/schema\/logo\/image\/"}}]}},"_links":{"self":[{"href":"https:\/\/mekulo.com\/no\/wp-json\/wp\/v2\/product\/27366","targetHints":{"allow":["GET"]}}],"collection":[{"href":"https:\/\/mekulo.com\/no\/wp-json\/wp\/v2\/product"}],"about":[{"href":"https:\/\/mekulo.com\/no\/wp-json\/wp\/v2\/types\/product"}],"replies":[{"embeddable":true,"href":"https:\/\/mekulo.com\/no\/wp-json\/wp\/v2\/comments?post=27366"}],"wp:featuredmedia":[{"embeddable":true,"href":"https:\/\/mekulo.com\/no\/wp-json\/wp\/v2\/media\/27362"}],"wp:attachment":[{"href":"https:\/\/mekulo.com\/no\/wp-json\/wp\/v2\/media?parent=27366"}],"wp:term":[{"taxonomy":"product_brand","embeddable":true,"href":"https:\/\/mekulo.com\/no\/wp-json\/wp\/v2\/product_brand?post=27366"},{"taxonomy":"product_cat","embeddable":true,"href":"https:\/\/mekulo.com\/no\/wp-json\/wp\/v2\/product_cat?post=27366"},{"taxonomy":"product_tag","embeddable":true,"href":"https:\/\/mekulo.com\/no\/wp-json\/wp\/v2\/product_tag?post=27366"}],"curies":[{"name":"wp","href":"https:\/\/api.w.org\/{rel}","templated":true}]}}