{"id":27357,"date":"2026-04-09T22:14:06","date_gmt":"2026-04-09T19:14:06","guid":{"rendered":"https:\/\/mekulo.com\/no\/produkt\/borchuck-med-rett-vinkel\/"},"modified":"2026-04-10T18:39:42","modified_gmt":"2026-04-10T15:39:42","slug":"borchuck-med-rett-vinkel","status":"publish","type":"product","link":"https:\/\/mekulo.com\/no\/produkt\/borchuck-med-rett-vinkel\/","title":{"rendered":"Borchuck med rett vinkel"},"content":{"rendered":"<h2 style=\"text-align: center\" data-start=\"353\" data-end=\"369\">\u2728 L\u00f8ftet<\/h2>\n<p style=\"text-align: center\" data-start=\"371\" data-end=\"431\">St\u00f8rre rekkevidde.<br data-start=\"382\" data-end=\"385\" \/>Bedre kontroll.<br data-start=\"400\" data-end=\"403\" \/>Raskere arbeid p\u00e5 trange steder.<\/p>\n<p data-start=\"371\" data-end=\"431\"><img fetchpriority=\"high\" decoding=\"async\" class=\" wp-image-27130 aligncenter\" src=\"https:\/\/mekulo.com\/template\/wp-content\/uploads\/sites\/6\/2026\/03\/12213-ezgif.com-video-to-webp-converter-2.webp\" alt=\"\" width=\"551\" height=\"551\" \/><\/p>\n<h2 style=\"text-align: center\" data-start=\"438\" data-end=\"456\">\u2705 Hovedfordeler<\/h2>\n<p data-start=\"460\" data-end=\"579\">\ud83d\udd27 Enkel tilgang til trange steder &#8211; Den 90\u00b0 vinklede utformingen gj\u00f8r det mulig \u00e5 bore i hj\u00f8rner, trange \u00e5pninger og trange omr\u00e5der.<\/p>\n<p data-start=\"583\" data-end=\"678\">\u2699\ufe0f Universell borkompatibilitet &#8211; Passer til de fleste bor og st\u00f8tter bits fra 1,5-10 mm.<\/p>\n<p data-start=\"682\" data-end=\"786\">\ud83d\udee0 Stabil og sikker drift &#8211; Tre-kjevechucken holder bitsene godt fast for \u00e5 forhindre at de sklir under bruk.<\/p>\n<p data-start=\"790\" data-end=\"895\">\ud83e\uddf1 Slitesterk st\u00e5lkonstruksjon &#8211; Bygget for styrke, langvarig holdbarhet og p\u00e5litelig ytelse.<\/p>\n<p data-start=\"899\" data-end=\"990\">\ud83c\udfaf Forbedrer presisjon og kontroll &#8211; Gj\u00f8r vinkelboring jevnere og mer n\u00f8yaktig.<\/p>\n<p data-start=\"994\" data-end=\"1084\">\ud83e\uddf3 Kompakt og b\u00e6rbar design &#8211; Lett verkt\u00f8y som lett f\u00e5r plass i enhver verkt\u00f8ykasse.<\/p>\n<h2 style=\"text-align: center\" data-start=\"1091\" data-end=\"1114\">\u2757 Problem \u2192 L\u00f8sning<\/h2>\n<p data-start=\"1116\" data-end=\"1241\"><strong data-start=\"1116\" data-end=\"1128\">Problem:<\/strong><br data-start=\"1128\" data-end=\"1131\" \/>Standardbor er ofte for store til \u00e5 f\u00e5 plass p\u00e5 trange steder, for eksempel i hj\u00f8rner, skap eller mellom konstruksjoner.<\/p>\n<p data-start=\"1243\" data-end=\"1431\"><strong data-start=\"1243\" data-end=\"1256\">L\u00f8sning:<\/strong><br data-start=\"1256\" data-end=\"1259\" \/>Denne vinkelborechucken omdirigerer borekraften i 90 graders vinkel, slik at du kan n\u00e5 vanskelige steder uten \u00e5 demontere deler eller bruke spesialutstyr.<\/p>\n<p data-start=\"1243\" data-end=\"1431\"><img decoding=\"async\" class=\" wp-image-27131 aligncenter\" src=\"https:\/\/mekulo.com\/template\/wp-content\/uploads\/sites\/6\/2026\/03\/12212-ezgif.com-video-to-webp-converter-2.webp\" alt=\"\" width=\"551\" height=\"551\" \/><\/p>\n<h2 style=\"text-align: center\" data-start=\"1466\" data-end=\"1492\">\ud83c\udfe0 Perfekt for<\/h2>\n<ul data-start=\"1508\" data-end=\"1663\">\n<li data-start=\"1508\" data-end=\"1530\">\n<p data-start=\"1510\" data-end=\"1530\">M\u00f8belmontering<\/p>\n<\/li>\n<li data-start=\"1531\" data-end=\"1555\">\n<p data-start=\"1533\" data-end=\"1555\">Kabinettinstallasjon<\/p>\n<\/li>\n<li data-start=\"1556\" data-end=\"1578\">\n<p data-start=\"1558\" data-end=\"1578\">Bilreparasjoner<\/p>\n<\/li>\n<li data-start=\"1579\" data-end=\"1608\">\n<p data-start=\"1581\" data-end=\"1608\">Hjemmevedlikeholdsprosjekter<\/p>\n<\/li>\n<li data-start=\"1609\" data-end=\"1634\">\n<p data-start=\"1611\" data-end=\"1634\">Trange hj\u00f8rneboringer<\/p>\n<\/li>\n<li data-start=\"1635\" data-end=\"1663\">\n<p data-start=\"1637\" data-end=\"1663\">Profesjonelt reparasjonsarbeid<\/p>\n<\/li>\n<\/ul>\n<p data-start=\"1665\" data-end=\"1721\">Et uunnv\u00e6rlig verkt\u00f8y for b\u00e5de gj\u00f8r-det-selv-brukere og profesjonelle.<\/p>\n<h2 style=\"text-align: center\" data-start=\"1728\" data-end=\"1744\">\u2699\ufe0f Slik bruker du den<\/h2>\n<ol data-start=\"1746\" data-end=\"1945\">\n<li data-start=\"1746\" data-end=\"1783\">\n<p data-start=\"1749\" data-end=\"1783\">Fest adapteren til boret ditt.<\/p>\n<\/li>\n<li data-start=\"1784\" data-end=\"1825\">\n<p data-start=\"1787\" data-end=\"1825\">Sett boret i chucken.<\/p>\n<\/li>\n<li data-start=\"1826\" data-end=\"1857\">\n<p data-start=\"1829\" data-end=\"1857\">Stram chucken godt.<\/p>\n<\/li>\n<li data-start=\"1858\" data-end=\"1900\">\n<p data-start=\"1861\" data-end=\"1900\">Plasser verkt\u00f8yet i det trange omr\u00e5det.<\/p>\n<\/li>\n<li data-start=\"1901\" data-end=\"1945\">\n<p data-start=\"1904\" data-end=\"1945\">Begynn \u00e5 bore med kontrollert trykk.<\/p>\n<\/li>\n<\/ol>\n<h2 style=\"text-align: center\" data-start=\"1985\" data-end=\"2006\">\ud83d\udcd0 Produktdetaljer<\/h2>\n<ul data-start=\"2008\" data-end=\"2237\">\n<li data-start=\"2051\" data-end=\"2069\">\n<p data-start=\"2053\" data-end=\"2069\">Vinkel: 90\u00b0<\/p>\n<\/li>\n<li data-start=\"2070\" data-end=\"2106\">\n<p data-start=\"2072\" data-end=\"2106\">Materiale: St\u00e5l av h\u00f8y kvalitet<\/p>\n<\/li>\n<li data-start=\"2107\" data-end=\"2140\">\n<p data-start=\"2109\" data-end=\"2140\">Borkapasitet: 1,5 &#8211; 10 mm<\/p>\n<\/li>\n<li data-start=\"2141\" data-end=\"2180\">\n<p data-start=\"2143\" data-end=\"2180\">Lengde: Ca. 90 mm<\/p>\n<\/li>\n<li data-start=\"2181\" data-end=\"2237\">\n<p data-start=\"2183\" data-end=\"2237\">Konstruksjon: Metallhus med slitesterke komponenter<\/p>\n<\/li>\n<\/ul>\n<h2 style=\"text-align: center\" data-start=\"2301\" data-end=\"2323\">\ud83d\udce6 Pakken inkluderer<\/h2>\n<ul data-start=\"2325\" data-end=\"2366\">\n<li data-start=\"2325\" data-end=\"2366\">\n<p data-start=\"2327\" data-end=\"2366\">1x rettvinklet borechuck.<\/p>\n<\/li>\n<\/ul>\n","protected":false},"excerpt":{"rendered":"<p style=\"text-align: left\" data-start=\"68\" data-end=\"114\">\u2699\ufe0fBore hvor boret ditt normalt ikke kommer til.<br \/>\n\ud83d\udc68\u200d\ud83d\udd27Turn trange steder blir til enkle jobber.<br \/>\n\ud83e\udeb5Denne vinkelborchucken forvandler standardboret ditt til et kompakt 90\u00b0-verkt\u00f8y, slik at du kan bore, drive og reparere p\u00e5 steder hvor vanlige bor ikke f\u00e5r plass.<\/p>\n<h2 style=\"text-align: center\" data-start=\"353\" data-end=\"369\"><\/h2>\n","protected":false},"featured_media":27353,"comment_status":"open","ping_status":"closed","template":"","meta":{"site-sidebar-layout":"default","site-content-layout":"","ast-site-content-layout":"default","site-content-style":"default","site-sidebar-style":"default","ast-global-header-display":"","ast-banner-title-visibility":"","ast-main-header-display":"","ast-hfb-above-header-display":"","ast-hfb-below-header-display":"","ast-hfb-mobile-header-display":"","site-post-title":"","ast-breadcrumbs-content":"","ast-featured-img":"","footer-sml-layout":"","theme-transparent-header-meta":"default","adv-header-id-meta":"","stick-header-meta":"","header-above-stick-meta":"","header-main-stick-meta":"","header-below-stick-meta":"","astra-migrate-meta-layouts":"set","ast-page-background-enabled":"default","ast-page-background-meta":{"desktop":{"background-color":"var(--ast-global-color-5)","background-image":"","background-repeat":"repeat","background-position":"center center","background-size":"auto","background-attachment":"scroll","background-type":"","background-media":"","overlay-type":"","overlay-color":"","overlay-opacity":"","overlay-gradient":""},"tablet":{"background-color":"","background-image":"","background-repeat":"repeat","background-position":"center center","background-size":"auto","background-attachment":"scroll","background-type":"","background-media":"","overlay-type":"","overlay-color":"","overlay-opacity":"","overlay-gradient":""},"mobile":{"background-color":"","background-image":"","background-repeat":"repeat","background-position":"center center","background-size":"auto","background-attachment":"scroll","background-type":"","background-media":"","overlay-type":"","overlay-color":"","overlay-opacity":"","overlay-gradient":""}},"ast-content-background-meta":{"desktop":{"background-color":"var(--ast-global-color-4)","background-image":"","background-repeat":"repeat","background-position":"center center","background-size":"auto","background-attachment":"scroll","background-type":"","background-media":"","overlay-type":"","overlay-color":"","overlay-opacity":"","overlay-gradient":""},"tablet":{"background-color":"var(--ast-global-color-4)","background-image":"","background-repeat":"repeat","background-position":"center center","background-size":"auto","background-attachment":"scroll","background-type":"","background-media":"","overlay-type":"","overlay-color":"","overlay-opacity":"","overlay-gradient":""},"mobile":{"background-color":"var(--ast-global-color-4)","background-image":"","background-repeat":"repeat","background-position":"center center","background-size":"auto","background-attachment":"scroll","background-type":"","background-media":"","overlay-type":"","overlay-color":"","overlay-opacity":"","overlay-gradient":""}}},"product_brand":[],"product_cat":[171],"product_tag":[],"class_list":{"0":"post-27357","1":"product","2":"type-product","3":"status-publish","4":"has-post-thumbnail","6":"product_cat-verktoy","7":"desktop-align-left","8":"tablet-align-left","9":"mobile-align-left","11":"first","12":"instock","13":"shipping-taxable","14":"purchasable","15":"product-type-simple"},"yoast_head":"<!-- This site is optimized with the Yoast SEO plugin v26.6 - https:\/\/yoast.com\/wordpress\/plugins\/seo\/ -->\n<title>Borchuck med rett vinkel - Mekulo NO<\/title>\n<meta name=\"robots\" content=\"index, follow, max-snippet:-1, max-image-preview:large, max-video-preview:-1\" \/>\n<link rel=\"canonical\" href=\"https:\/\/mekulo.com\/no\/produkt\/borchuck-med-rett-vinkel\/\" \/>\n<meta property=\"og:locale\" content=\"nb_NO\" \/>\n<meta property=\"og:type\" content=\"article\" \/>\n<meta property=\"og:title\" content=\"Borchuck med rett vinkel - Mekulo NO\" \/>\n<meta property=\"og:description\" content=\"\u2699\ufe0fBore hvor boret ditt normalt ikke kommer til. \ud83d\udc68\u200d\ud83d\udd27Turn trange steder blir til enkle jobber. \ud83e\udeb5Denne vinkelborchucken forvandler standardboret ditt til et kompakt 90\u00b0-verkt\u00f8y, slik at du kan bore, drive og reparere p\u00e5 steder hvor vanlige bor ikke f\u00e5r plass.\" \/>\n<meta property=\"og:url\" content=\"https:\/\/mekulo.com\/no\/produkt\/borchuck-med-rett-vinkel\/\" \/>\n<meta property=\"og:site_name\" content=\"Mekulo NO\" \/>\n<meta property=\"article:modified_time\" content=\"2026-04-10T15:39:42+00:00\" \/>\n<meta property=\"og:image\" content=\"https:\/\/mekulo.com\/no\/wp-content\/uploads\/sites\/10\/2026\/04\/022j43u-1.jpg\" \/>\n\t<meta property=\"og:image:width\" content=\"800\" \/>\n\t<meta property=\"og:image:height\" content=\"800\" \/>\n\t<meta property=\"og:image:type\" content=\"image\/jpeg\" \/>\n<meta name=\"twitter:card\" content=\"summary_large_image\" \/>\n<meta name=\"twitter:label1\" content=\"Ansl. lesetid\" \/>\n\t<meta name=\"twitter:data1\" content=\"2 minutter\" \/>\n<script type=\"application\/ld+json\" class=\"yoast-schema-graph\">{\"@context\":\"https:\/\/schema.org\",\"@graph\":[{\"@type\":\"WebPage\",\"@id\":\"https:\/\/mekulo.com\/no\/produkt\/borchuck-med-rett-vinkel\/\",\"url\":\"https:\/\/mekulo.com\/no\/produkt\/borchuck-med-rett-vinkel\/\",\"name\":\"Borchuck med rett vinkel - Mekulo NO\",\"isPartOf\":{\"@id\":\"https:\/\/mekulo.com\/no\/#website\"},\"primaryImageOfPage\":{\"@id\":\"https:\/\/mekulo.com\/no\/produkt\/borchuck-med-rett-vinkel\/#primaryimage\"},\"image\":{\"@id\":\"https:\/\/mekulo.com\/no\/produkt\/borchuck-med-rett-vinkel\/#primaryimage\"},\"thumbnailUrl\":\"https:\/\/mekulo.com\/no\/wp-content\/uploads\/sites\/10\/2026\/04\/022j43u-1.jpg\",\"datePublished\":\"2026-04-09T19:14:06+00:00\",\"dateModified\":\"2026-04-10T15:39:42+00:00\",\"breadcrumb\":{\"@id\":\"https:\/\/mekulo.com\/no\/produkt\/borchuck-med-rett-vinkel\/#breadcrumb\"},\"inLanguage\":\"nb-NO\",\"potentialAction\":[{\"@type\":\"ReadAction\",\"target\":[\"https:\/\/mekulo.com\/no\/produkt\/borchuck-med-rett-vinkel\/\"]}]},{\"@type\":\"ImageObject\",\"inLanguage\":\"nb-NO\",\"@id\":\"https:\/\/mekulo.com\/no\/produkt\/borchuck-med-rett-vinkel\/#primaryimage\",\"url\":\"https:\/\/mekulo.com\/no\/wp-content\/uploads\/sites\/10\/2026\/04\/022j43u-1.jpg\",\"contentUrl\":\"https:\/\/mekulo.com\/no\/wp-content\/uploads\/sites\/10\/2026\/04\/022j43u-1.jpg\",\"width\":800,\"height\":800},{\"@type\":\"BreadcrumbList\",\"@id\":\"https:\/\/mekulo.com\/no\/produkt\/borchuck-med-rett-vinkel\/#breadcrumb\",\"itemListElement\":[{\"@type\":\"ListItem\",\"position\":1,\"name\":\"Home\",\"item\":\"https:\/\/mekulo.com\/no\/\"},{\"@type\":\"ListItem\",\"position\":2,\"name\":\"Butikk\",\"item\":\"https:\/\/mekulo.com\/no\/butikk\/\"},{\"@type\":\"ListItem\",\"position\":3,\"name\":\"Borchuck med rett vinkel\"}]},{\"@type\":\"WebSite\",\"@id\":\"https:\/\/mekulo.com\/no\/#website\",\"url\":\"https:\/\/mekulo.com\/no\/\",\"name\":\"Mekulo NO\",\"description\":\"\",\"publisher\":{\"@id\":\"https:\/\/mekulo.com\/no\/#organization\"},\"potentialAction\":[{\"@type\":\"SearchAction\",\"target\":{\"@type\":\"EntryPoint\",\"urlTemplate\":\"https:\/\/mekulo.com\/no\/?s={search_term_string}\"},\"query-input\":{\"@type\":\"PropertyValueSpecification\",\"valueRequired\":true,\"valueName\":\"search_term_string\"}}],\"inLanguage\":\"nb-NO\"},{\"@type\":\"Organization\",\"@id\":\"https:\/\/mekulo.com\/no\/#organization\",\"name\":\"Mekulo\",\"url\":\"https:\/\/mekulo.com\/no\/\",\"logo\":{\"@type\":\"ImageObject\",\"inLanguage\":\"nb-NO\",\"@id\":\"https:\/\/mekulo.com\/no\/#\/schema\/logo\/image\/\",\"url\":\"https:\/\/mekulo.com\/no\/wp-content\/uploads\/sites\/10\/2025\/12\/favicon_mekulo.png\",\"contentUrl\":\"https:\/\/mekulo.com\/no\/wp-content\/uploads\/sites\/10\/2025\/12\/favicon_mekulo.png\",\"width\":50,\"height\":50,\"caption\":\"Mekulo\"},\"image\":{\"@id\":\"https:\/\/mekulo.com\/no\/#\/schema\/logo\/image\/\"}}]}<\/script>\n<!-- \/ Yoast SEO plugin. -->","yoast_head_json":{"title":"Borchuck med rett vinkel - Mekulo NO","robots":{"index":"index","follow":"follow","max-snippet":"max-snippet:-1","max-image-preview":"max-image-preview:large","max-video-preview":"max-video-preview:-1"},"canonical":"https:\/\/mekulo.com\/no\/produkt\/borchuck-med-rett-vinkel\/","og_locale":"nb_NO","og_type":"article","og_title":"Borchuck med rett vinkel - Mekulo NO","og_description":"\u2699\ufe0fBore hvor boret ditt normalt ikke kommer til. \ud83d\udc68\u200d\ud83d\udd27Turn trange steder blir til enkle jobber. \ud83e\udeb5Denne vinkelborchucken forvandler standardboret ditt til et kompakt 90\u00b0-verkt\u00f8y, slik at du kan bore, drive og reparere p\u00e5 steder hvor vanlige bor ikke f\u00e5r plass.","og_url":"https:\/\/mekulo.com\/no\/produkt\/borchuck-med-rett-vinkel\/","og_site_name":"Mekulo NO","article_modified_time":"2026-04-10T15:39:42+00:00","og_image":[{"width":800,"height":800,"url":"https:\/\/mekulo.com\/no\/wp-content\/uploads\/sites\/10\/2026\/04\/022j43u-1.jpg","type":"image\/jpeg"}],"twitter_card":"summary_large_image","twitter_misc":{"Ansl. lesetid":"2 minutter"},"schema":{"@context":"https:\/\/schema.org","@graph":[{"@type":"WebPage","@id":"https:\/\/mekulo.com\/no\/produkt\/borchuck-med-rett-vinkel\/","url":"https:\/\/mekulo.com\/no\/produkt\/borchuck-med-rett-vinkel\/","name":"Borchuck med rett vinkel - Mekulo NO","isPartOf":{"@id":"https:\/\/mekulo.com\/no\/#website"},"primaryImageOfPage":{"@id":"https:\/\/mekulo.com\/no\/produkt\/borchuck-med-rett-vinkel\/#primaryimage"},"image":{"@id":"https:\/\/mekulo.com\/no\/produkt\/borchuck-med-rett-vinkel\/#primaryimage"},"thumbnailUrl":"https:\/\/mekulo.com\/no\/wp-content\/uploads\/sites\/10\/2026\/04\/022j43u-1.jpg","datePublished":"2026-04-09T19:14:06+00:00","dateModified":"2026-04-10T15:39:42+00:00","breadcrumb":{"@id":"https:\/\/mekulo.com\/no\/produkt\/borchuck-med-rett-vinkel\/#breadcrumb"},"inLanguage":"nb-NO","potentialAction":[{"@type":"ReadAction","target":["https:\/\/mekulo.com\/no\/produkt\/borchuck-med-rett-vinkel\/"]}]},{"@type":"ImageObject","inLanguage":"nb-NO","@id":"https:\/\/mekulo.com\/no\/produkt\/borchuck-med-rett-vinkel\/#primaryimage","url":"https:\/\/mekulo.com\/no\/wp-content\/uploads\/sites\/10\/2026\/04\/022j43u-1.jpg","contentUrl":"https:\/\/mekulo.com\/no\/wp-content\/uploads\/sites\/10\/2026\/04\/022j43u-1.jpg","width":800,"height":800},{"@type":"BreadcrumbList","@id":"https:\/\/mekulo.com\/no\/produkt\/borchuck-med-rett-vinkel\/#breadcrumb","itemListElement":[{"@type":"ListItem","position":1,"name":"Home","item":"https:\/\/mekulo.com\/no\/"},{"@type":"ListItem","position":2,"name":"Butikk","item":"https:\/\/mekulo.com\/no\/butikk\/"},{"@type":"ListItem","position":3,"name":"Borchuck med rett vinkel"}]},{"@type":"WebSite","@id":"https:\/\/mekulo.com\/no\/#website","url":"https:\/\/mekulo.com\/no\/","name":"Mekulo NO","description":"","publisher":{"@id":"https:\/\/mekulo.com\/no\/#organization"},"potentialAction":[{"@type":"SearchAction","target":{"@type":"EntryPoint","urlTemplate":"https:\/\/mekulo.com\/no\/?s={search_term_string}"},"query-input":{"@type":"PropertyValueSpecification","valueRequired":true,"valueName":"search_term_string"}}],"inLanguage":"nb-NO"},{"@type":"Organization","@id":"https:\/\/mekulo.com\/no\/#organization","name":"Mekulo","url":"https:\/\/mekulo.com\/no\/","logo":{"@type":"ImageObject","inLanguage":"nb-NO","@id":"https:\/\/mekulo.com\/no\/#\/schema\/logo\/image\/","url":"https:\/\/mekulo.com\/no\/wp-content\/uploads\/sites\/10\/2025\/12\/favicon_mekulo.png","contentUrl":"https:\/\/mekulo.com\/no\/wp-content\/uploads\/sites\/10\/2025\/12\/favicon_mekulo.png","width":50,"height":50,"caption":"Mekulo"},"image":{"@id":"https:\/\/mekulo.com\/no\/#\/schema\/logo\/image\/"}}]}},"_links":{"self":[{"href":"https:\/\/mekulo.com\/no\/wp-json\/wp\/v2\/product\/27357","targetHints":{"allow":["GET"]}}],"collection":[{"href":"https:\/\/mekulo.com\/no\/wp-json\/wp\/v2\/product"}],"about":[{"href":"https:\/\/mekulo.com\/no\/wp-json\/wp\/v2\/types\/product"}],"replies":[{"embeddable":true,"href":"https:\/\/mekulo.com\/no\/wp-json\/wp\/v2\/comments?post=27357"}],"wp:featuredmedia":[{"embeddable":true,"href":"https:\/\/mekulo.com\/no\/wp-json\/wp\/v2\/media\/27353"}],"wp:attachment":[{"href":"https:\/\/mekulo.com\/no\/wp-json\/wp\/v2\/media?parent=27357"}],"wp:term":[{"taxonomy":"product_brand","embeddable":true,"href":"https:\/\/mekulo.com\/no\/wp-json\/wp\/v2\/product_brand?post=27357"},{"taxonomy":"product_cat","embeddable":true,"href":"https:\/\/mekulo.com\/no\/wp-json\/wp\/v2\/product_cat?post=27357"},{"taxonomy":"product_tag","embeddable":true,"href":"https:\/\/mekulo.com\/no\/wp-json\/wp\/v2\/product_tag?post=27357"}],"curies":[{"name":"wp","href":"https:\/\/api.w.org\/{rel}","templated":true}]}}