{"id":27299,"date":"2026-04-09T22:04:46","date_gmt":"2026-04-09T19:04:46","guid":{"rendered":"https:\/\/mekulo.com\/no\/produkt\/fiskeklips-med-hoy-styrke-100-stk\/"},"modified":"2026-04-09T22:04:58","modified_gmt":"2026-04-09T19:04:58","slug":"fiskeklips-med-hoy-styrke-100-stk","status":"publish","type":"product","link":"https:\/\/mekulo.com\/no\/produkt\/fiskeklips-med-hoy-styrke-100-stk\/","title":{"rendered":"Fiskeklips med h\u00f8y styrke (100 stk)"},"content":{"rendered":"<h2 style=\"text-align: center\" data-start=\"347\" data-end=\"363\">\u2728 L\u00f8ftet<\/h2>\n<p style=\"text-align: center\" data-start=\"365\" data-end=\"430\">Styrkere forbindelser.<br data-start=\"386\" data-end=\"389\" \/>Raskere slukbytter.<br data-start=\"409\" data-end=\"412\" \/>Mer tid til \u00e5 fiske.<\/p>\n<p data-start=\"365\" data-end=\"430\"><img fetchpriority=\"high\" decoding=\"async\" class=\" wp-image-27087 aligncenter\" src=\"https:\/\/mekulo.com\/template\/wp-content\/uploads\/sites\/6\/2026\/03\/122110-ezgif.com-video-to-webp-converter-2.webp\" alt=\"\" width=\"550\" height=\"550\" \/><\/p>\n<h2 style=\"text-align: center\" data-start=\"437\" data-end=\"455\">\u2705 Hovedfordeler<\/h2>\n<p data-start=\"459\" data-end=\"586\">\ud83c\udfa3 Konstruksjon i rustfritt st\u00e5l med h\u00f8y styrke &#8211; Bygget for \u00e5 t\u00e5le kraftig spenning fra aggressiv fisk og kraftige kast.<\/p>\n<p data-start=\"590\" data-end=\"672\">\ud83d\udd04 Hurtig slukbyttesystem &#8211; Bytt enkelt sluk uten \u00e5 hekte sn\u00f8ret p\u00e5 nytt.<\/p>\n<p data-start=\"676\" data-end=\"780\">\ud83c\udf0a Saltvanns- og ferskvannsbestandig &#8211; Nikkelpolert overflate beskytter mot korrosjon og rust.<\/p>\n<p data-start=\"784\" data-end=\"869\">\u2699\ufe0f Glattpolert design &#8211; Beskytter fiskelinjen mot slitasje eller skade.<\/p>\n<p data-start=\"873\" data-end=\"963\">\ud83c\udfaf Minimal innvirkning p\u00e5 agnvirkningen &#8211; Lett profil gir naturlig bevegelse av agnet.<\/p>\n<p data-start=\"967\" data-end=\"1067\">\ud83d\udee0 Allsidig fisketilbeh\u00f8r &#8211; Fungerer med veivbait, minnows, poppers, swimbaits og mer.<\/p>\n<h2 style=\"text-align: center\" data-start=\"1074\" data-end=\"1097\">\u2757 Problem \u2192 L\u00f8sning<\/h2>\n<p data-start=\"1099\" data-end=\"1219\"><strong data-start=\"1099\" data-end=\"1111\">Problem:<\/strong><br data-start=\"1111\" data-end=\"1114\" \/>Svake koblinger eller d\u00e5rlig utformede klips kan knekke under press, noe som kan f\u00f8re til at du mister sluken og g\u00e5r glipp av fangst.<\/p>\n<p data-start=\"1221\" data-end=\"1416\"><strong data-start=\"1221\" data-end=\"1234\">L\u00f8sning:<\/strong><br data-start=\"1234\" data-end=\"1237\" \/>Denne h\u00f8yfaste fiskeklipsen gir en sikker forbindelse som t\u00e5ler spenning, samtidig som den gj\u00f8r det mulig \u00e5 skifte sluk raskt &#8211; slik at du kan konsentrere deg om \u00e5 fiske i stedet for \u00e5 knyte knuter.<\/p>\n<p data-start=\"1221\" data-end=\"1416\"><img decoding=\"async\" class=\"size-full wp-image-27085 aligncenter\" src=\"https:\/\/mekulo.com\/template\/wp-content\/uploads\/sites\/6\/2026\/03\/7e3506e9b495d32f36e4b1a99bee247fd2f1965d.avif\" alt=\"\" width=\"1290\" height=\"1255\" \/><\/p>\n<h2 style=\"text-align: center\" data-start=\"1485\" data-end=\"1511\">\ud83c\udfd5 Perfekt for<\/h2>\n<ul data-start=\"1527\" data-end=\"1713\">\n<li data-start=\"1527\" data-end=\"1569\">\n<p data-start=\"1529\" data-end=\"1569\">Friskvannsfiske i elver og innsj\u00f8er<\/p>\n<\/li>\n<li data-start=\"1570\" data-end=\"1603\">\n<p data-start=\"1572\" data-end=\"1603\">Saltvanns- og kystfiske<\/p>\n<\/li>\n<li data-start=\"1604\" data-end=\"1633\">\n<p data-start=\"1606\" data-end=\"1633\">Bass- og predatorfiske<\/p>\n<\/li>\n<li data-start=\"1634\" data-end=\"1673\">\n<p data-start=\"1636\" data-end=\"1673\">Fiskere som ofte bytter sluk<\/p>\n<\/li>\n<li data-start=\"1674\" data-end=\"1713\">\n<p data-start=\"1676\" data-end=\"1713\">Nybegynnere og erfarne fiskere<\/p>\n<\/li>\n<\/ul>\n<p data-start=\"1715\" data-end=\"1765\">En liten, men uunnv\u00e6rlig oppgradering av fiskeutstyret.<\/p>\n<h2 style=\"text-align: center\" data-start=\"1772\" data-end=\"1788\">\u2699\ufe0f Slik bruker du den<\/h2>\n<ol data-start=\"1790\" data-end=\"1924\">\n<li data-start=\"1790\" data-end=\"1841\">\n<p data-start=\"1793\" data-end=\"1841\">Fest klemmen til fiskesn\u00f8ret eller svivelen.<\/p>\n<\/li>\n<li data-start=\"1842\" data-end=\"1865\">\n<p data-start=\"1845\" data-end=\"1865\">\u00c5pne snapl\u00e5sen.<\/p>\n<\/li>\n<li data-start=\"1866\" data-end=\"1895\">\n<p data-start=\"1869\" data-end=\"1895\">Sett inn sluken eller agnet.<\/p>\n<\/li>\n<li data-start=\"1896\" data-end=\"1924\">\n<p data-start=\"1899\" data-end=\"1924\">Lukk klemmen forsvarlig.<\/p>\n<\/li>\n<\/ol>\n<h2 style=\"text-align: center\" data-start=\"1982\" data-end=\"2003\">\ud83d\udcd0 Produktdetaljer<\/h2>\n<ul data-start=\"2005\" data-end=\"2267\">\n<li data-start=\"2005\" data-end=\"2038\">\n<p data-start=\"2007\" data-end=\"2038\">Materiale: Rustfritt st\u00e5l<\/p>\n<\/li>\n<li data-start=\"2118\" data-end=\"2150\">\n<p data-start=\"2120\" data-end=\"2150\">Lengde: S (19 mm), M (24 mm), L (29 mm)<\/p>\n<\/li>\n<li data-start=\"2151\" data-end=\"2208\">\n<p data-start=\"2153\" data-end=\"2208\">Korrosjonsbestandighet: Saltvann &amp; ferskvann trygt<\/p>\n<\/li>\n<li data-start=\"2209\" data-end=\"2267\">\n<p data-start=\"2211\" data-end=\"2267\">Design: Glatte, polerte kanter for beskyttelse av sn\u00f8ret<\/p>\n<\/li>\n<\/ul>\n<h2 style=\"text-align: center\" data-start=\"2327\" data-end=\"2349\">\ud83d\udce6 Pakken inneholder<\/h2>\n<ul data-start=\"2351\" data-end=\"2387\">\n<li data-start=\"2351\" data-end=\"2387\">\n<p data-start=\"2353\" data-end=\"2387\">100x h\u00f8yfaste fiskeklemmer.<\/p>\n<\/li>\n<\/ul>\n","protected":false},"excerpt":{"rendered":"<p>\ud83c\udf0aSikre sluken din. Fisk med selvtillit.<br \/>\n\ud83d\udc1f Sterke, p\u00e5litelige forbindelser for hvert kast.<br \/>\n\ud83c\udfa3Designet for sportsfiskere som krever holdbarhet og effektivitet, s\u00f8rger denne h\u00f8yfaste fiskeklemmen for at slukene dine holder seg godt festet, samtidig som det er mulig \u00e5 gj\u00f8re raske endringer p\u00e5 vannet.<\/p>\n","protected":false},"featured_media":27295,"comment_status":"open","ping_status":"closed","template":"","meta":{"site-sidebar-layout":"default","site-content-layout":"","ast-site-content-layout":"default","site-content-style":"default","site-sidebar-style":"default","ast-global-header-display":"","ast-banner-title-visibility":"","ast-main-header-display":"","ast-hfb-above-header-display":"","ast-hfb-below-header-display":"","ast-hfb-mobile-header-display":"","site-post-title":"","ast-breadcrumbs-content":"","ast-featured-img":"","footer-sml-layout":"","theme-transparent-header-meta":"default","adv-header-id-meta":"","stick-header-meta":"","header-above-stick-meta":"","header-main-stick-meta":"","header-below-stick-meta":"","astra-migrate-meta-layouts":"set","ast-page-background-enabled":"default","ast-page-background-meta":{"desktop":{"background-color":"var(--ast-global-color-5)","background-image":"","background-repeat":"repeat","background-position":"center center","background-size":"auto","background-attachment":"scroll","background-type":"","background-media":"","overlay-type":"","overlay-color":"","overlay-opacity":"","overlay-gradient":""},"tablet":{"background-color":"","background-image":"","background-repeat":"repeat","background-position":"center center","background-size":"auto","background-attachment":"scroll","background-type":"","background-media":"","overlay-type":"","overlay-color":"","overlay-opacity":"","overlay-gradient":""},"mobile":{"background-color":"","background-image":"","background-repeat":"repeat","background-position":"center center","background-size":"auto","background-attachment":"scroll","background-type":"","background-media":"","overlay-type":"","overlay-color":"","overlay-opacity":"","overlay-gradient":""}},"ast-content-background-meta":{"desktop":{"background-color":"var(--ast-global-color-4)","background-image":"","background-repeat":"repeat","background-position":"center center","background-size":"auto","background-attachment":"scroll","background-type":"","background-media":"","overlay-type":"","overlay-color":"","overlay-opacity":"","overlay-gradient":""},"tablet":{"background-color":"var(--ast-global-color-4)","background-image":"","background-repeat":"repeat","background-position":"center center","background-size":"auto","background-attachment":"scroll","background-type":"","background-media":"","overlay-type":"","overlay-color":"","overlay-opacity":"","overlay-gradient":""},"mobile":{"background-color":"var(--ast-global-color-4)","background-image":"","background-repeat":"repeat","background-position":"center center","background-size":"auto","background-attachment":"scroll","background-type":"","background-media":"","overlay-type":"","overlay-color":"","overlay-opacity":"","overlay-gradient":""}}},"product_brand":[],"product_cat":[167],"product_tag":[],"class_list":{"0":"post-27299","1":"product","2":"type-product","3":"status-publish","4":"has-post-thumbnail","6":"product_cat-fotturer-camping-og-fritidsartikler","7":"pa_65773_tygogap1-l","8":"pa_65773_tygogap1-m","9":"pa_65773_tygogap1-s","10":"desktop-align-left","11":"tablet-align-left","12":"mobile-align-left","14":"first","15":"instock","16":"shipping-taxable","17":"purchasable","18":"product-type-variable"},"yoast_head":"<!-- This site is optimized with the Yoast SEO plugin v26.6 - https:\/\/yoast.com\/wordpress\/plugins\/seo\/ -->\n<title>Fiskeklips med h\u00f8y styrke (100 stk) - Mekulo NO<\/title>\n<meta name=\"robots\" content=\"index, follow, max-snippet:-1, max-image-preview:large, max-video-preview:-1\" \/>\n<link rel=\"canonical\" href=\"https:\/\/mekulo.com\/no\/produkt\/fiskeklips-med-hoy-styrke-100-stk\/\" \/>\n<meta property=\"og:locale\" content=\"nb_NO\" \/>\n<meta property=\"og:type\" content=\"article\" \/>\n<meta property=\"og:title\" content=\"Fiskeklips med h\u00f8y styrke (100 stk) - Mekulo NO\" \/>\n<meta property=\"og:description\" content=\"\ud83c\udf0aSikre sluken din. Fisk med selvtillit. \ud83d\udc1f Sterke, p\u00e5litelige forbindelser for hvert kast. \ud83c\udfa3Designet for sportsfiskere som krever holdbarhet og effektivitet, s\u00f8rger denne h\u00f8yfaste fiskeklemmen for at slukene dine holder seg godt festet, samtidig som det er mulig \u00e5 gj\u00f8re raske endringer p\u00e5 vannet.\" \/>\n<meta property=\"og:url\" content=\"https:\/\/mekulo.com\/no\/produkt\/fiskeklips-med-hoy-styrke-100-stk\/\" \/>\n<meta property=\"og:site_name\" content=\"Mekulo NO\" \/>\n<meta property=\"article:modified_time\" content=\"2026-04-09T19:04:58+00:00\" \/>\n<meta property=\"og:image\" content=\"https:\/\/mekulo.com\/no\/wp-content\/uploads\/sites\/10\/2026\/04\/cnjsnmg-1.jpg\" \/>\n\t<meta property=\"og:image:width\" content=\"1080\" \/>\n\t<meta property=\"og:image:height\" content=\"1080\" \/>\n\t<meta property=\"og:image:type\" content=\"image\/jpeg\" \/>\n<meta name=\"twitter:card\" content=\"summary_large_image\" \/>\n<meta name=\"twitter:label1\" content=\"Ansl. lesetid\" \/>\n\t<meta name=\"twitter:data1\" content=\"2 minutter\" \/>\n<script type=\"application\/ld+json\" class=\"yoast-schema-graph\">{\"@context\":\"https:\/\/schema.org\",\"@graph\":[{\"@type\":\"WebPage\",\"@id\":\"https:\/\/mekulo.com\/no\/produkt\/fiskeklips-med-hoy-styrke-100-stk\/\",\"url\":\"https:\/\/mekulo.com\/no\/produkt\/fiskeklips-med-hoy-styrke-100-stk\/\",\"name\":\"Fiskeklips med h\u00f8y styrke (100 stk) - Mekulo NO\",\"isPartOf\":{\"@id\":\"https:\/\/mekulo.com\/no\/#website\"},\"primaryImageOfPage\":{\"@id\":\"https:\/\/mekulo.com\/no\/produkt\/fiskeklips-med-hoy-styrke-100-stk\/#primaryimage\"},\"image\":{\"@id\":\"https:\/\/mekulo.com\/no\/produkt\/fiskeklips-med-hoy-styrke-100-stk\/#primaryimage\"},\"thumbnailUrl\":\"https:\/\/mekulo.com\/no\/wp-content\/uploads\/sites\/10\/2026\/04\/cnjsnmg-1.jpg\",\"datePublished\":\"2026-04-09T19:04:46+00:00\",\"dateModified\":\"2026-04-09T19:04:58+00:00\",\"breadcrumb\":{\"@id\":\"https:\/\/mekulo.com\/no\/produkt\/fiskeklips-med-hoy-styrke-100-stk\/#breadcrumb\"},\"inLanguage\":\"nb-NO\",\"potentialAction\":[{\"@type\":\"ReadAction\",\"target\":[\"https:\/\/mekulo.com\/no\/produkt\/fiskeklips-med-hoy-styrke-100-stk\/\"]}]},{\"@type\":\"ImageObject\",\"inLanguage\":\"nb-NO\",\"@id\":\"https:\/\/mekulo.com\/no\/produkt\/fiskeklips-med-hoy-styrke-100-stk\/#primaryimage\",\"url\":\"https:\/\/mekulo.com\/no\/wp-content\/uploads\/sites\/10\/2026\/04\/cnjsnmg-1.jpg\",\"contentUrl\":\"https:\/\/mekulo.com\/no\/wp-content\/uploads\/sites\/10\/2026\/04\/cnjsnmg-1.jpg\",\"width\":1080,\"height\":1080},{\"@type\":\"BreadcrumbList\",\"@id\":\"https:\/\/mekulo.com\/no\/produkt\/fiskeklips-med-hoy-styrke-100-stk\/#breadcrumb\",\"itemListElement\":[{\"@type\":\"ListItem\",\"position\":1,\"name\":\"Home\",\"item\":\"https:\/\/mekulo.com\/no\/\"},{\"@type\":\"ListItem\",\"position\":2,\"name\":\"Butikk\",\"item\":\"https:\/\/mekulo.com\/no\/butikk\/\"},{\"@type\":\"ListItem\",\"position\":3,\"name\":\"Fiskeklips med h\u00f8y styrke (100 stk)\"}]},{\"@type\":\"WebSite\",\"@id\":\"https:\/\/mekulo.com\/no\/#website\",\"url\":\"https:\/\/mekulo.com\/no\/\",\"name\":\"Mekulo NO\",\"description\":\"\",\"publisher\":{\"@id\":\"https:\/\/mekulo.com\/no\/#organization\"},\"potentialAction\":[{\"@type\":\"SearchAction\",\"target\":{\"@type\":\"EntryPoint\",\"urlTemplate\":\"https:\/\/mekulo.com\/no\/?s={search_term_string}\"},\"query-input\":{\"@type\":\"PropertyValueSpecification\",\"valueRequired\":true,\"valueName\":\"search_term_string\"}}],\"inLanguage\":\"nb-NO\"},{\"@type\":\"Organization\",\"@id\":\"https:\/\/mekulo.com\/no\/#organization\",\"name\":\"Mekulo\",\"url\":\"https:\/\/mekulo.com\/no\/\",\"logo\":{\"@type\":\"ImageObject\",\"inLanguage\":\"nb-NO\",\"@id\":\"https:\/\/mekulo.com\/no\/#\/schema\/logo\/image\/\",\"url\":\"https:\/\/mekulo.com\/no\/wp-content\/uploads\/sites\/10\/2025\/12\/favicon_mekulo.png\",\"contentUrl\":\"https:\/\/mekulo.com\/no\/wp-content\/uploads\/sites\/10\/2025\/12\/favicon_mekulo.png\",\"width\":50,\"height\":50,\"caption\":\"Mekulo\"},\"image\":{\"@id\":\"https:\/\/mekulo.com\/no\/#\/schema\/logo\/image\/\"}}]}<\/script>\n<!-- \/ Yoast SEO plugin. -->","yoast_head_json":{"title":"Fiskeklips med h\u00f8y styrke (100 stk) - Mekulo NO","robots":{"index":"index","follow":"follow","max-snippet":"max-snippet:-1","max-image-preview":"max-image-preview:large","max-video-preview":"max-video-preview:-1"},"canonical":"https:\/\/mekulo.com\/no\/produkt\/fiskeklips-med-hoy-styrke-100-stk\/","og_locale":"nb_NO","og_type":"article","og_title":"Fiskeklips med h\u00f8y styrke (100 stk) - Mekulo NO","og_description":"\ud83c\udf0aSikre sluken din. Fisk med selvtillit. \ud83d\udc1f Sterke, p\u00e5litelige forbindelser for hvert kast. \ud83c\udfa3Designet for sportsfiskere som krever holdbarhet og effektivitet, s\u00f8rger denne h\u00f8yfaste fiskeklemmen for at slukene dine holder seg godt festet, samtidig som det er mulig \u00e5 gj\u00f8re raske endringer p\u00e5 vannet.","og_url":"https:\/\/mekulo.com\/no\/produkt\/fiskeklips-med-hoy-styrke-100-stk\/","og_site_name":"Mekulo NO","article_modified_time":"2026-04-09T19:04:58+00:00","og_image":[{"width":1080,"height":1080,"url":"https:\/\/mekulo.com\/no\/wp-content\/uploads\/sites\/10\/2026\/04\/cnjsnmg-1.jpg","type":"image\/jpeg"}],"twitter_card":"summary_large_image","twitter_misc":{"Ansl. lesetid":"2 minutter"},"schema":{"@context":"https:\/\/schema.org","@graph":[{"@type":"WebPage","@id":"https:\/\/mekulo.com\/no\/produkt\/fiskeklips-med-hoy-styrke-100-stk\/","url":"https:\/\/mekulo.com\/no\/produkt\/fiskeklips-med-hoy-styrke-100-stk\/","name":"Fiskeklips med h\u00f8y styrke (100 stk) - Mekulo NO","isPartOf":{"@id":"https:\/\/mekulo.com\/no\/#website"},"primaryImageOfPage":{"@id":"https:\/\/mekulo.com\/no\/produkt\/fiskeklips-med-hoy-styrke-100-stk\/#primaryimage"},"image":{"@id":"https:\/\/mekulo.com\/no\/produkt\/fiskeklips-med-hoy-styrke-100-stk\/#primaryimage"},"thumbnailUrl":"https:\/\/mekulo.com\/no\/wp-content\/uploads\/sites\/10\/2026\/04\/cnjsnmg-1.jpg","datePublished":"2026-04-09T19:04:46+00:00","dateModified":"2026-04-09T19:04:58+00:00","breadcrumb":{"@id":"https:\/\/mekulo.com\/no\/produkt\/fiskeklips-med-hoy-styrke-100-stk\/#breadcrumb"},"inLanguage":"nb-NO","potentialAction":[{"@type":"ReadAction","target":["https:\/\/mekulo.com\/no\/produkt\/fiskeklips-med-hoy-styrke-100-stk\/"]}]},{"@type":"ImageObject","inLanguage":"nb-NO","@id":"https:\/\/mekulo.com\/no\/produkt\/fiskeklips-med-hoy-styrke-100-stk\/#primaryimage","url":"https:\/\/mekulo.com\/no\/wp-content\/uploads\/sites\/10\/2026\/04\/cnjsnmg-1.jpg","contentUrl":"https:\/\/mekulo.com\/no\/wp-content\/uploads\/sites\/10\/2026\/04\/cnjsnmg-1.jpg","width":1080,"height":1080},{"@type":"BreadcrumbList","@id":"https:\/\/mekulo.com\/no\/produkt\/fiskeklips-med-hoy-styrke-100-stk\/#breadcrumb","itemListElement":[{"@type":"ListItem","position":1,"name":"Home","item":"https:\/\/mekulo.com\/no\/"},{"@type":"ListItem","position":2,"name":"Butikk","item":"https:\/\/mekulo.com\/no\/butikk\/"},{"@type":"ListItem","position":3,"name":"Fiskeklips med h\u00f8y styrke (100 stk)"}]},{"@type":"WebSite","@id":"https:\/\/mekulo.com\/no\/#website","url":"https:\/\/mekulo.com\/no\/","name":"Mekulo NO","description":"","publisher":{"@id":"https:\/\/mekulo.com\/no\/#organization"},"potentialAction":[{"@type":"SearchAction","target":{"@type":"EntryPoint","urlTemplate":"https:\/\/mekulo.com\/no\/?s={search_term_string}"},"query-input":{"@type":"PropertyValueSpecification","valueRequired":true,"valueName":"search_term_string"}}],"inLanguage":"nb-NO"},{"@type":"Organization","@id":"https:\/\/mekulo.com\/no\/#organization","name":"Mekulo","url":"https:\/\/mekulo.com\/no\/","logo":{"@type":"ImageObject","inLanguage":"nb-NO","@id":"https:\/\/mekulo.com\/no\/#\/schema\/logo\/image\/","url":"https:\/\/mekulo.com\/no\/wp-content\/uploads\/sites\/10\/2025\/12\/favicon_mekulo.png","contentUrl":"https:\/\/mekulo.com\/no\/wp-content\/uploads\/sites\/10\/2025\/12\/favicon_mekulo.png","width":50,"height":50,"caption":"Mekulo"},"image":{"@id":"https:\/\/mekulo.com\/no\/#\/schema\/logo\/image\/"}}]}},"_links":{"self":[{"href":"https:\/\/mekulo.com\/no\/wp-json\/wp\/v2\/product\/27299","targetHints":{"allow":["GET"]}}],"collection":[{"href":"https:\/\/mekulo.com\/no\/wp-json\/wp\/v2\/product"}],"about":[{"href":"https:\/\/mekulo.com\/no\/wp-json\/wp\/v2\/types\/product"}],"replies":[{"embeddable":true,"href":"https:\/\/mekulo.com\/no\/wp-json\/wp\/v2\/comments?post=27299"}],"wp:featuredmedia":[{"embeddable":true,"href":"https:\/\/mekulo.com\/no\/wp-json\/wp\/v2\/media\/27295"}],"wp:attachment":[{"href":"https:\/\/mekulo.com\/no\/wp-json\/wp\/v2\/media?parent=27299"}],"wp:term":[{"taxonomy":"product_brand","embeddable":true,"href":"https:\/\/mekulo.com\/no\/wp-json\/wp\/v2\/product_brand?post=27299"},{"taxonomy":"product_cat","embeddable":true,"href":"https:\/\/mekulo.com\/no\/wp-json\/wp\/v2\/product_cat?post=27299"},{"taxonomy":"product_tag","embeddable":true,"href":"https:\/\/mekulo.com\/no\/wp-json\/wp\/v2\/product_tag?post=27299"}],"curies":[{"name":"wp","href":"https:\/\/api.w.org\/{rel}","templated":true}]}}