{"id":27283,"date":"2026-04-09T22:02:47","date_gmt":"2026-04-09T19:02:47","guid":{"rendered":"https:\/\/mekulo.com\/no\/produkt\/baerbart-monokulaert-teleskop-med-hoy-forstorrelse\/"},"modified":"2026-04-09T22:02:58","modified_gmt":"2026-04-09T19:02:58","slug":"baerbart-monokulaert-teleskop-med-hoy-forstorrelse","status":"publish","type":"product","link":"https:\/\/mekulo.com\/no\/produkt\/baerbart-monokulaert-teleskop-med-hoy-forstorrelse\/","title":{"rendered":"B\u00e6rbart monokul\u00e6rt teleskop med h\u00f8y forst\u00f8rrelse"},"content":{"rendered":"<h2 style=\"text-align: center\" data-start=\"397\" data-end=\"413\">\u2728 L\u00f8ftet<\/h2>\n<p style=\"text-align: center\" data-start=\"415\" data-end=\"476\">Skarpere syn.<br data-start=\"430\" data-end=\"433\" \/>St\u00f8rre avstand.<br data-start=\"450\" data-end=\"453\" \/>Eventyrklar optikk.<\/p>\n<p data-start=\"415\" data-end=\"476\"><img fetchpriority=\"high\" decoding=\"async\" class=\" wp-image-27068 aligncenter\" src=\"https:\/\/mekulo.com\/template\/wp-content\/uploads\/sites\/6\/2026\/03\/12219-ezgif.com-video-to-webp-converter-2.webp\" alt=\"\" width=\"501\" height=\"669\" \/><\/p>\n<h2 style=\"text-align: center\" data-start=\"483\" data-end=\"501\">\u2705 Hovedfordeler<\/h2>\n<p data-start=\"505\" data-end=\"601\">\ud83d\udd2d H\u00f8y forst\u00f8rrelse &#8211; Kraftig optikk bringer fjerne objekter dramatisk n\u00e6rmere.<\/p>\n<p data-start=\"605\" data-end=\"714\">\ud83c\udf04 Lyssterk, HD-klarhet &#8211; BAK4-prisme og flerbelagte linser gir skarpe, detaljerte bilder.<\/p>\n<p data-start=\"718\" data-end=\"820\">\ud83d\udc46 Komfortabel enh\u00e5ndsbetjening &#8211; Kompakt design gir rask fokusering og enkel bruk p\u00e5 farten.<\/p>\n<p data-start=\"824\" data-end=\"931\">\ud83c\udf27 V\u00e6rbestandig konstruksjon &#8211; Bygget for \u00e5 fungere p\u00e5litelig selv i lett regn eller fuktige forhold.<\/p>\n<p data-start=\"935\" data-end=\"1033\">\ud83c\udf92 B\u00e6rbar f\u00f8lgesvenn utend\u00f8rs &#8211; Lett og kompakt for fotturer, reiser og utforskning.<\/p>\n<p data-start=\"1037\" data-end=\"1169\">\ud83c\udf19 Utmerket ytelse i svakt lys &#8211; Stor objektivlinse fanger opp mer lys for klarere bilder i skumring eller overskyet v\u00e6r.<\/p>\n<h2 style=\"text-align: center\" data-start=\"1176\" data-end=\"1199\">\u2757 Problem \u2192 L\u00f8sning<\/h2>\n<p data-start=\"1201\" data-end=\"1301\"><strong data-start=\"1201\" data-end=\"1213\">Problem:<\/strong><br data-start=\"1213\" data-end=\"1216\" \/>Standard kikkerter kan v\u00e6re klumpete og upraktiske \u00e5 b\u00e6re under utend\u00f8rsopplevelser.<\/p>\n<p data-start=\"1303\" data-end=\"1464\"><strong data-start=\"1303\" data-end=\"1316\">L\u00f8sning:<\/strong><br data-start=\"1316\" data-end=\"1319\" \/>Denne b\u00e6rbare monokularen gir kraftig forst\u00f8rrelse i en kompakt design, slik at du kan observere detaljer langt unna uten \u00e5 b\u00e6re tungt utstyr. Klar utsikt &#8211; uansett hvor du g\u00e5r.<\/p>\n<p data-start=\"1303\" data-end=\"1464\"><img decoding=\"async\" class=\" wp-image-27069 aligncenter\" src=\"https:\/\/mekulo.com\/template\/wp-content\/uploads\/sites\/6\/2026\/03\/12218-ezgif.com-video-to-webp-converter-2.webp\" alt=\"\" width=\"501\" height=\"669\" \/><\/p>\n<h2 style=\"text-align: center\" data-start=\"1503\" data-end=\"1529\">\ud83c\udfd5 Perfekt for<\/h2>\n<ul data-start=\"1545\" data-end=\"1715\">\n<li data-start=\"1545\" data-end=\"1587\">\n<p data-start=\"1547\" data-end=\"1587\">Fuglekikking og dyrelivsobservasjon<\/p>\n<\/li>\n<li data-start=\"1588\" data-end=\"1622\">\n<p data-start=\"1590\" data-end=\"1622\">Fotturer og utforskning av naturen<\/p>\n<\/li>\n<li data-start=\"1623\" data-end=\"1653\">\n<p data-start=\"1625\" data-end=\"1653\">Sportsbegivenheter og konserter<\/p>\n<\/li>\n<li data-start=\"1654\" data-end=\"1680\">\n<p data-start=\"1656\" data-end=\"1680\">Reiser og sightseeing<\/p>\n<\/li>\n<li data-start=\"1681\" data-end=\"1715\">\n<p data-start=\"1683\" data-end=\"1715\">Camping og naturfotografering<\/p>\n<\/li>\n<\/ul>\n<p data-start=\"1717\" data-end=\"1778\">Et uunnv\u00e6rlig verkt\u00f8y for alle som elsker \u00e5 oppdage verden.<\/p>\n<h2 style=\"text-align: center\" data-start=\"1785\" data-end=\"1801\">\u2699\ufe0f Slik bruker du det<\/h2>\n<ol data-start=\"1803\" data-end=\"1956\">\n<li data-start=\"1803\" data-end=\"1840\">\n<p data-start=\"1806\" data-end=\"1840\">Hold monokularen med \u00e9n h\u00e5nd.<\/p>\n<\/li>\n<li data-start=\"1841\" data-end=\"1869\">\n<p data-start=\"1844\" data-end=\"1869\">Sikt mot motivet.<\/p>\n<\/li>\n<li data-start=\"1870\" data-end=\"1914\">\n<p data-start=\"1873\" data-end=\"1914\">Juster fokusringen for skarphet.<\/p>\n<\/li>\n<li data-start=\"1915\" data-end=\"1956\">\n<p data-start=\"1918\" data-end=\"1956\">Stabiliser og nyt detaljert visning.<\/p>\n<\/li>\n<\/ol>\n<h2 style=\"text-align: center\" data-start=\"2000\" data-end=\"2021\">\ud83d\udcd0 Produktdetaljer<\/h2>\n<ul data-start=\"2023\" data-end=\"2279\">\n<li data-start=\"2023\" data-end=\"2049\">\n<p data-start=\"2025\" data-end=\"2049\">Forst\u00f8rrelse: 16x<\/p>\n<\/li>\n<li data-start=\"2050\" data-end=\"2088\">\n<p data-start=\"2052\" data-end=\"2088\">Objektivlinsediameter: 52 mm<\/p>\n<\/li>\n<li data-start=\"2089\" data-end=\"2121\">\n<p data-start=\"2091\" data-end=\"2121\">Okularets diameter: 22 mm<\/p>\n<\/li>\n<li data-start=\"2122\" data-end=\"2151\">\n<p data-start=\"2124\" data-end=\"2151\">Synsfelt: 1000 m<\/p>\n<\/li>\n<li data-start=\"2152\" data-end=\"2178\">\n<p data-start=\"2154\" data-end=\"2178\">Materiale: ABS-kropp<\/p>\n<\/li>\n<li data-start=\"2179\" data-end=\"2200\">\n<p data-start=\"2181\" data-end=\"2200\">Lengde: 15 cm<\/p>\n<\/li>\n<li data-start=\"2201\" data-end=\"2231\">\n<p data-start=\"2203\" data-end=\"2231\">Vannmotstand: IPX4<\/p>\n<\/li>\n<li data-start=\"2232\" data-end=\"2279\">\n<p data-start=\"2234\" data-end=\"2279\">Optikk: BAK-4 prisme + multibelagt linse<\/p>\n<\/li>\n<\/ul>\n<h2 style=\"text-align: center\" data-start=\"2338\" data-end=\"2360\">\ud83d\udce6 Pakken inkluderer<\/h2>\n<ul data-start=\"2362\" data-end=\"2419\">\n<li data-start=\"2362\" data-end=\"2419\">\n<p data-start=\"2364\" data-end=\"2419\">Alternativ A: 1x akrylobjektivteleskop<\/p>\n<\/li>\n<li data-start=\"2362\" data-end=\"2419\">\n<p data-start=\"2364\" data-end=\"2419\">Alternativ B: 1x gr\u00f8nn filmglasteleskop<\/p>\n<\/li>\n<li data-start=\"2362\" data-end=\"2419\">\n<p data-start=\"2364\" data-end=\"2419\">Alternativ C: 1x gr\u00f8nn filmglasteleskop, 1x mobiltelefonholder, 1x stativ.<\/p>\n<\/li>\n<\/ul>\n","protected":false},"excerpt":{"rendered":"<p>\ud83c\udf0dSe verden n\u00e6rmere enn noensinne. Kraftig klarhet i h\u00e5ndflaten.<br \/>\n\ud83d\udd2dKompakt, men likevel kraftig, lar denne b\u00e6rbare monokularen med h\u00f8y forst\u00f8rrelse deg observere fjerne landskap, dyreliv og hendelser med imponerende detaljer.<br \/>\n\ud83d\udc1eUansett om du utforsker naturen eller nyter et live-arrangement, vil du aldri g\u00e5 glipp av \u00f8yeblikket.<\/p>\n","protected":false},"featured_media":27279,"comment_status":"open","ping_status":"closed","template":"","meta":{"site-sidebar-layout":"default","site-content-layout":"","ast-site-content-layout":"default","site-content-style":"default","site-sidebar-style":"default","ast-global-header-display":"","ast-banner-title-visibility":"","ast-main-header-display":"","ast-hfb-above-header-display":"","ast-hfb-below-header-display":"","ast-hfb-mobile-header-display":"","site-post-title":"","ast-breadcrumbs-content":"","ast-featured-img":"","footer-sml-layout":"","theme-transparent-header-meta":"default","adv-header-id-meta":"","stick-header-meta":"","header-above-stick-meta":"","header-main-stick-meta":"","header-below-stick-meta":"","astra-migrate-meta-layouts":"set","ast-page-background-enabled":"default","ast-page-background-meta":{"desktop":{"background-color":"var(--ast-global-color-5)","background-image":"","background-repeat":"repeat","background-position":"center center","background-size":"auto","background-attachment":"scroll","background-type":"","background-media":"","overlay-type":"","overlay-color":"","overlay-opacity":"","overlay-gradient":""},"tablet":{"background-color":"","background-image":"","background-repeat":"repeat","background-position":"center center","background-size":"auto","background-attachment":"scroll","background-type":"","background-media":"","overlay-type":"","overlay-color":"","overlay-opacity":"","overlay-gradient":""},"mobile":{"background-color":"","background-image":"","background-repeat":"repeat","background-position":"center center","background-size":"auto","background-attachment":"scroll","background-type":"","background-media":"","overlay-type":"","overlay-color":"","overlay-opacity":"","overlay-gradient":""}},"ast-content-background-meta":{"desktop":{"background-color":"var(--ast-global-color-4)","background-image":"","background-repeat":"repeat","background-position":"center center","background-size":"auto","background-attachment":"scroll","background-type":"","background-media":"","overlay-type":"","overlay-color":"","overlay-opacity":"","overlay-gradient":""},"tablet":{"background-color":"var(--ast-global-color-4)","background-image":"","background-repeat":"repeat","background-position":"center center","background-size":"auto","background-attachment":"scroll","background-type":"","background-media":"","overlay-type":"","overlay-color":"","overlay-opacity":"","overlay-gradient":""},"mobile":{"background-color":"var(--ast-global-color-4)","background-image":"","background-repeat":"repeat","background-position":"center center","background-size":"auto","background-attachment":"scroll","background-type":"","background-media":"","overlay-type":"","overlay-color":"","overlay-opacity":"","overlay-gradient":""}}},"product_brand":[],"product_cat":[165,168],"product_tag":[],"class_list":{"0":"post-27283","1":"product","2":"type-product","3":"status-publish","4":"has-post-thumbnail","6":"product_cat-fottoy-tilbehor","7":"product_cat-husholdningsartikler","8":"pa_65629_y8yuz8ns-a","9":"pa_65629_y8yuz8ns-b","10":"pa_65629_y8yuz8ns-c","11":"desktop-align-left","12":"tablet-align-left","13":"mobile-align-left","15":"first","16":"instock","17":"shipping-taxable","18":"purchasable","19":"product-type-variable"},"yoast_head":"<!-- This site is optimized with the Yoast SEO plugin v26.6 - https:\/\/yoast.com\/wordpress\/plugins\/seo\/ -->\n<title>B\u00e6rbart monokul\u00e6rt teleskop med h\u00f8y forst\u00f8rrelse - Mekulo NO<\/title>\n<meta name=\"robots\" content=\"index, follow, max-snippet:-1, max-image-preview:large, max-video-preview:-1\" \/>\n<link rel=\"canonical\" href=\"https:\/\/mekulo.com\/no\/produkt\/baerbart-monokulaert-teleskop-med-hoy-forstorrelse\/\" \/>\n<meta property=\"og:locale\" content=\"nb_NO\" \/>\n<meta property=\"og:type\" content=\"article\" \/>\n<meta property=\"og:title\" content=\"B\u00e6rbart monokul\u00e6rt teleskop med h\u00f8y forst\u00f8rrelse - Mekulo NO\" \/>\n<meta property=\"og:description\" content=\"\ud83c\udf0dSe verden n\u00e6rmere enn noensinne. Kraftig klarhet i h\u00e5ndflaten. \ud83d\udd2dKompakt, men likevel kraftig, lar denne b\u00e6rbare monokularen med h\u00f8y forst\u00f8rrelse deg observere fjerne landskap, dyreliv og hendelser med imponerende detaljer. \ud83d\udc1eUansett om du utforsker naturen eller nyter et live-arrangement, vil du aldri g\u00e5 glipp av \u00f8yeblikket.\" \/>\n<meta property=\"og:url\" content=\"https:\/\/mekulo.com\/no\/produkt\/baerbart-monokulaert-teleskop-med-hoy-forstorrelse\/\" \/>\n<meta property=\"og:site_name\" content=\"Mekulo NO\" \/>\n<meta property=\"article:modified_time\" content=\"2026-04-09T19:02:58+00:00\" \/>\n<meta property=\"og:image\" content=\"https:\/\/mekulo.com\/no\/wp-content\/uploads\/sites\/10\/2026\/04\/9tzivsn-1.jpeg\" \/>\n\t<meta property=\"og:image:width\" content=\"1000\" \/>\n\t<meta property=\"og:image:height\" content=\"1000\" \/>\n\t<meta property=\"og:image:type\" content=\"image\/jpeg\" \/>\n<meta name=\"twitter:card\" content=\"summary_large_image\" \/>\n<meta name=\"twitter:label1\" content=\"Ansl. lesetid\" \/>\n\t<meta name=\"twitter:data1\" content=\"2 minutter\" \/>\n<script type=\"application\/ld+json\" class=\"yoast-schema-graph\">{\"@context\":\"https:\/\/schema.org\",\"@graph\":[{\"@type\":\"WebPage\",\"@id\":\"https:\/\/mekulo.com\/no\/produkt\/baerbart-monokulaert-teleskop-med-hoy-forstorrelse\/\",\"url\":\"https:\/\/mekulo.com\/no\/produkt\/baerbart-monokulaert-teleskop-med-hoy-forstorrelse\/\",\"name\":\"B\u00e6rbart monokul\u00e6rt teleskop med h\u00f8y forst\u00f8rrelse - Mekulo NO\",\"isPartOf\":{\"@id\":\"https:\/\/mekulo.com\/no\/#website\"},\"primaryImageOfPage\":{\"@id\":\"https:\/\/mekulo.com\/no\/produkt\/baerbart-monokulaert-teleskop-med-hoy-forstorrelse\/#primaryimage\"},\"image\":{\"@id\":\"https:\/\/mekulo.com\/no\/produkt\/baerbart-monokulaert-teleskop-med-hoy-forstorrelse\/#primaryimage\"},\"thumbnailUrl\":\"https:\/\/mekulo.com\/no\/wp-content\/uploads\/sites\/10\/2026\/04\/9tzivsn-1.jpeg\",\"datePublished\":\"2026-04-09T19:02:47+00:00\",\"dateModified\":\"2026-04-09T19:02:58+00:00\",\"breadcrumb\":{\"@id\":\"https:\/\/mekulo.com\/no\/produkt\/baerbart-monokulaert-teleskop-med-hoy-forstorrelse\/#breadcrumb\"},\"inLanguage\":\"nb-NO\",\"potentialAction\":[{\"@type\":\"ReadAction\",\"target\":[\"https:\/\/mekulo.com\/no\/produkt\/baerbart-monokulaert-teleskop-med-hoy-forstorrelse\/\"]}]},{\"@type\":\"ImageObject\",\"inLanguage\":\"nb-NO\",\"@id\":\"https:\/\/mekulo.com\/no\/produkt\/baerbart-monokulaert-teleskop-med-hoy-forstorrelse\/#primaryimage\",\"url\":\"https:\/\/mekulo.com\/no\/wp-content\/uploads\/sites\/10\/2026\/04\/9tzivsn-1.jpeg\",\"contentUrl\":\"https:\/\/mekulo.com\/no\/wp-content\/uploads\/sites\/10\/2026\/04\/9tzivsn-1.jpeg\",\"width\":1000,\"height\":1000},{\"@type\":\"BreadcrumbList\",\"@id\":\"https:\/\/mekulo.com\/no\/produkt\/baerbart-monokulaert-teleskop-med-hoy-forstorrelse\/#breadcrumb\",\"itemListElement\":[{\"@type\":\"ListItem\",\"position\":1,\"name\":\"Home\",\"item\":\"https:\/\/mekulo.com\/no\/\"},{\"@type\":\"ListItem\",\"position\":2,\"name\":\"Butikk\",\"item\":\"https:\/\/mekulo.com\/no\/butikk\/\"},{\"@type\":\"ListItem\",\"position\":3,\"name\":\"B\u00e6rbart monokul\u00e6rt teleskop med h\u00f8y forst\u00f8rrelse\"}]},{\"@type\":\"WebSite\",\"@id\":\"https:\/\/mekulo.com\/no\/#website\",\"url\":\"https:\/\/mekulo.com\/no\/\",\"name\":\"Mekulo NO\",\"description\":\"\",\"publisher\":{\"@id\":\"https:\/\/mekulo.com\/no\/#organization\"},\"potentialAction\":[{\"@type\":\"SearchAction\",\"target\":{\"@type\":\"EntryPoint\",\"urlTemplate\":\"https:\/\/mekulo.com\/no\/?s={search_term_string}\"},\"query-input\":{\"@type\":\"PropertyValueSpecification\",\"valueRequired\":true,\"valueName\":\"search_term_string\"}}],\"inLanguage\":\"nb-NO\"},{\"@type\":\"Organization\",\"@id\":\"https:\/\/mekulo.com\/no\/#organization\",\"name\":\"Mekulo\",\"url\":\"https:\/\/mekulo.com\/no\/\",\"logo\":{\"@type\":\"ImageObject\",\"inLanguage\":\"nb-NO\",\"@id\":\"https:\/\/mekulo.com\/no\/#\/schema\/logo\/image\/\",\"url\":\"https:\/\/mekulo.com\/no\/wp-content\/uploads\/sites\/10\/2025\/12\/favicon_mekulo.png\",\"contentUrl\":\"https:\/\/mekulo.com\/no\/wp-content\/uploads\/sites\/10\/2025\/12\/favicon_mekulo.png\",\"width\":50,\"height\":50,\"caption\":\"Mekulo\"},\"image\":{\"@id\":\"https:\/\/mekulo.com\/no\/#\/schema\/logo\/image\/\"}}]}<\/script>\n<!-- \/ Yoast SEO plugin. -->","yoast_head_json":{"title":"B\u00e6rbart monokul\u00e6rt teleskop med h\u00f8y forst\u00f8rrelse - Mekulo NO","robots":{"index":"index","follow":"follow","max-snippet":"max-snippet:-1","max-image-preview":"max-image-preview:large","max-video-preview":"max-video-preview:-1"},"canonical":"https:\/\/mekulo.com\/no\/produkt\/baerbart-monokulaert-teleskop-med-hoy-forstorrelse\/","og_locale":"nb_NO","og_type":"article","og_title":"B\u00e6rbart monokul\u00e6rt teleskop med h\u00f8y forst\u00f8rrelse - Mekulo NO","og_description":"\ud83c\udf0dSe verden n\u00e6rmere enn noensinne. Kraftig klarhet i h\u00e5ndflaten. \ud83d\udd2dKompakt, men likevel kraftig, lar denne b\u00e6rbare monokularen med h\u00f8y forst\u00f8rrelse deg observere fjerne landskap, dyreliv og hendelser med imponerende detaljer. \ud83d\udc1eUansett om du utforsker naturen eller nyter et live-arrangement, vil du aldri g\u00e5 glipp av \u00f8yeblikket.","og_url":"https:\/\/mekulo.com\/no\/produkt\/baerbart-monokulaert-teleskop-med-hoy-forstorrelse\/","og_site_name":"Mekulo NO","article_modified_time":"2026-04-09T19:02:58+00:00","og_image":[{"width":1000,"height":1000,"url":"https:\/\/mekulo.com\/no\/wp-content\/uploads\/sites\/10\/2026\/04\/9tzivsn-1.jpeg","type":"image\/jpeg"}],"twitter_card":"summary_large_image","twitter_misc":{"Ansl. lesetid":"2 minutter"},"schema":{"@context":"https:\/\/schema.org","@graph":[{"@type":"WebPage","@id":"https:\/\/mekulo.com\/no\/produkt\/baerbart-monokulaert-teleskop-med-hoy-forstorrelse\/","url":"https:\/\/mekulo.com\/no\/produkt\/baerbart-monokulaert-teleskop-med-hoy-forstorrelse\/","name":"B\u00e6rbart monokul\u00e6rt teleskop med h\u00f8y forst\u00f8rrelse - Mekulo NO","isPartOf":{"@id":"https:\/\/mekulo.com\/no\/#website"},"primaryImageOfPage":{"@id":"https:\/\/mekulo.com\/no\/produkt\/baerbart-monokulaert-teleskop-med-hoy-forstorrelse\/#primaryimage"},"image":{"@id":"https:\/\/mekulo.com\/no\/produkt\/baerbart-monokulaert-teleskop-med-hoy-forstorrelse\/#primaryimage"},"thumbnailUrl":"https:\/\/mekulo.com\/no\/wp-content\/uploads\/sites\/10\/2026\/04\/9tzivsn-1.jpeg","datePublished":"2026-04-09T19:02:47+00:00","dateModified":"2026-04-09T19:02:58+00:00","breadcrumb":{"@id":"https:\/\/mekulo.com\/no\/produkt\/baerbart-monokulaert-teleskop-med-hoy-forstorrelse\/#breadcrumb"},"inLanguage":"nb-NO","potentialAction":[{"@type":"ReadAction","target":["https:\/\/mekulo.com\/no\/produkt\/baerbart-monokulaert-teleskop-med-hoy-forstorrelse\/"]}]},{"@type":"ImageObject","inLanguage":"nb-NO","@id":"https:\/\/mekulo.com\/no\/produkt\/baerbart-monokulaert-teleskop-med-hoy-forstorrelse\/#primaryimage","url":"https:\/\/mekulo.com\/no\/wp-content\/uploads\/sites\/10\/2026\/04\/9tzivsn-1.jpeg","contentUrl":"https:\/\/mekulo.com\/no\/wp-content\/uploads\/sites\/10\/2026\/04\/9tzivsn-1.jpeg","width":1000,"height":1000},{"@type":"BreadcrumbList","@id":"https:\/\/mekulo.com\/no\/produkt\/baerbart-monokulaert-teleskop-med-hoy-forstorrelse\/#breadcrumb","itemListElement":[{"@type":"ListItem","position":1,"name":"Home","item":"https:\/\/mekulo.com\/no\/"},{"@type":"ListItem","position":2,"name":"Butikk","item":"https:\/\/mekulo.com\/no\/butikk\/"},{"@type":"ListItem","position":3,"name":"B\u00e6rbart monokul\u00e6rt teleskop med h\u00f8y forst\u00f8rrelse"}]},{"@type":"WebSite","@id":"https:\/\/mekulo.com\/no\/#website","url":"https:\/\/mekulo.com\/no\/","name":"Mekulo NO","description":"","publisher":{"@id":"https:\/\/mekulo.com\/no\/#organization"},"potentialAction":[{"@type":"SearchAction","target":{"@type":"EntryPoint","urlTemplate":"https:\/\/mekulo.com\/no\/?s={search_term_string}"},"query-input":{"@type":"PropertyValueSpecification","valueRequired":true,"valueName":"search_term_string"}}],"inLanguage":"nb-NO"},{"@type":"Organization","@id":"https:\/\/mekulo.com\/no\/#organization","name":"Mekulo","url":"https:\/\/mekulo.com\/no\/","logo":{"@type":"ImageObject","inLanguage":"nb-NO","@id":"https:\/\/mekulo.com\/no\/#\/schema\/logo\/image\/","url":"https:\/\/mekulo.com\/no\/wp-content\/uploads\/sites\/10\/2025\/12\/favicon_mekulo.png","contentUrl":"https:\/\/mekulo.com\/no\/wp-content\/uploads\/sites\/10\/2025\/12\/favicon_mekulo.png","width":50,"height":50,"caption":"Mekulo"},"image":{"@id":"https:\/\/mekulo.com\/no\/#\/schema\/logo\/image\/"}}]}},"_links":{"self":[{"href":"https:\/\/mekulo.com\/no\/wp-json\/wp\/v2\/product\/27283","targetHints":{"allow":["GET"]}}],"collection":[{"href":"https:\/\/mekulo.com\/no\/wp-json\/wp\/v2\/product"}],"about":[{"href":"https:\/\/mekulo.com\/no\/wp-json\/wp\/v2\/types\/product"}],"replies":[{"embeddable":true,"href":"https:\/\/mekulo.com\/no\/wp-json\/wp\/v2\/comments?post=27283"}],"wp:featuredmedia":[{"embeddable":true,"href":"https:\/\/mekulo.com\/no\/wp-json\/wp\/v2\/media\/27279"}],"wp:attachment":[{"href":"https:\/\/mekulo.com\/no\/wp-json\/wp\/v2\/media?parent=27283"}],"wp:term":[{"taxonomy":"product_brand","embeddable":true,"href":"https:\/\/mekulo.com\/no\/wp-json\/wp\/v2\/product_brand?post=27283"},{"taxonomy":"product_cat","embeddable":true,"href":"https:\/\/mekulo.com\/no\/wp-json\/wp\/v2\/product_cat?post=27283"},{"taxonomy":"product_tag","embeddable":true,"href":"https:\/\/mekulo.com\/no\/wp-json\/wp\/v2\/product_tag?post=27283"}],"curies":[{"name":"wp","href":"https:\/\/api.w.org\/{rel}","templated":true}]}}