{"id":27274,"date":"2026-04-09T22:00:20","date_gmt":"2026-04-09T19:00:20","guid":{"rendered":"https:\/\/mekulo.com\/no\/produkt\/vaeske-til-reparasjon-av-frontlykter-50-ml\/"},"modified":"2026-04-10T18:30:04","modified_gmt":"2026-04-10T15:30:04","slug":"vaeske-til-reparasjon-av-frontlykter-50-ml","status":"publish","type":"product","link":"https:\/\/mekulo.com\/no\/produkt\/vaeske-til-reparasjon-av-frontlykter-50-ml\/","title":{"rendered":"V\u00e6ske til reparasjon av frontlykter (50 ml)"},"content":{"rendered":"<h2 style=\"text-align: center\" data-start=\"363\" data-end=\"379\">\u2728 L\u00f8ftet<\/h2>\n<p style=\"text-align: center\" data-start=\"381\" data-end=\"448\">Klarere frontlykter.<br data-start=\"400\" data-end=\"403\" \/>Bedre sikt.<br data-start=\"421\" data-end=\"424\" \/>Langvarig beskyttelse.<\/p>\n<p data-start=\"381\" data-end=\"448\"><img fetchpriority=\"high\" decoding=\"async\" class=\" wp-image-27061 aligncenter\" src=\"https:\/\/mekulo.com\/template\/wp-content\/uploads\/sites\/6\/2026\/03\/12216-ezgif.com-video-to-webp-converter-2.webp\" alt=\"\" width=\"551\" height=\"551\" \/><\/p>\n<h2 style=\"text-align: center\" data-start=\"455\" data-end=\"473\">\u2705 Hovedfordeler<\/h2>\n<p data-start=\"477\" data-end=\"579\">\u2728 Gjenoppretter frontlyktenes klarhet &#8211; Fjerner gulfarging, dis og oksidasjon for et utseende som nytt.<\/p>\n<p data-start=\"583\" data-end=\"691\">\ud83c\udf19 Forbedrer synligheten om natten &#8211; Klare frontlykter gir sterkere lysprojeksjon for tryggere kj\u00f8ring.<\/p>\n<p data-start=\"695\" data-end=\"783\">\ud83d\udee1 Beskyttende UV-belegg &#8211; Bidrar til \u00e5 forhindre fremtidig falming, oksidasjon og solskader.<\/p>\n<p data-start=\"787\" data-end=\"888\">\ud83d\udca7 Vann &amp; flekkmotstand &#8211; Skaper en beskyttende barriere mot smuss, regn og rusk.<\/p>\n<p data-start=\"892\" data-end=\"982\">\u26a1 Rask p\u00e5f\u00f8ring p\u00e5 2 minutter &#8211; Bare spray og t\u00f8rk av &#8211; ingen kompliserte verkt\u00f8y kreves.<\/p>\n<p data-start=\"986\" data-end=\"1075\">\ud83d\ude97 H\u00f8yglanset optisk finish &#8211; Etterlater frontlyktene glatte, gjennomsiktige og polerte.<\/p>\n<h2 style=\"text-align: center\" data-start=\"1082\" data-end=\"1105\">\u2757 Problem \u2192 L\u00f8sning<\/h2>\n<p data-start=\"1107\" data-end=\"1268\"><strong data-start=\"1107\" data-end=\"1119\">Problem:<\/strong><br data-start=\"1119\" data-end=\"1122\" \/>Over tid blir frontlyktene gule, t\u00e5kete og ripete p\u00e5 grunn av UV-eksponering og oksidasjon. Dette reduserer sikten og f\u00e5r bilen til \u00e5 se eldre ut.<\/p>\n<p data-start=\"1270\" data-end=\"1431\"><strong data-start=\"1270\" data-end=\"1283\">L\u00f8sning:<\/strong><br data-start=\"1283\" data-end=\"1286\" \/>Denne reparasjonsv\u00e6sken for frontlykter gjenoppretter den optiske klarheten samtidig som den legger et beskyttende lag som holder linsene rene, lyse og motstandsdyktige mot fremtidige skader.<\/p>\n<p data-start=\"1270\" data-end=\"1431\"><img decoding=\"async\" class=\"size-full wp-image-27065 aligncenter\" src=\"https:\/\/mekulo.com\/template\/wp-content\/uploads\/sites\/6\/2026\/03\/spp_20240924162933_e20e2bf8644f4172a594e951e2f61436.webp\" alt=\"\" width=\"600\" height=\"600\" \/><\/p>\n<h2 style=\"text-align: center\" data-start=\"1506\" data-end=\"1532\">\ud83d\ude97 Perfekt for<\/h2>\n<ul data-start=\"1546\" data-end=\"1737\">\n<li data-start=\"1546\" data-end=\"1583\">\n<p data-start=\"1548\" data-end=\"1583\">Restaurering av gamle eller duggete frontlykter<\/p>\n<\/li>\n<li data-start=\"1584\" data-end=\"1626\">\n<p data-start=\"1586\" data-end=\"1626\">Forbedring av synligheten ved kj\u00f8ring om natten<\/p>\n<\/li>\n<li data-start=\"1627\" data-end=\"1670\">\n<p data-start=\"1629\" data-end=\"1670\">Opprettholdelse av bilens rene utseende<\/p>\n<\/li>\n<li data-start=\"1671\" data-end=\"1705\">\n<p data-start=\"1673\" data-end=\"1705\">Forberedelse av bilen for videresalg<\/p>\n<\/li>\n<li data-start=\"1706\" data-end=\"1737\">\n<p data-start=\"1708\" data-end=\"1737\">Rask bilpleie hjemme<\/p>\n<\/li>\n<\/ul>\n<p data-start=\"1739\" data-end=\"1807\">En enkel oppgradering som umiddelbart forbedrer bilens utseende og sikkerhet.<\/p>\n<h2 style=\"text-align: center\" data-start=\"1814\" data-end=\"1830\">\u2699\ufe0f Slik bruker du produktet<\/h2>\n<ol data-start=\"1832\" data-end=\"2053\">\n<li data-start=\"1832\" data-end=\"1886\">\n<p data-start=\"1835\" data-end=\"1886\">Rengj\u00f8r frontlyktens overflate og t\u00f8rk den helt.<\/p>\n<\/li>\n<li data-start=\"1887\" data-end=\"1913\">\n<p data-start=\"1890\" data-end=\"1913\">Rist flasken godt.<\/p>\n<\/li>\n<li data-start=\"1914\" data-end=\"1958\">\n<p data-start=\"1917\" data-end=\"1958\">Spray en liten mengde p\u00e5 frontlykten.<\/p>\n<\/li>\n<li data-start=\"1959\" data-end=\"1993\">\n<p data-start=\"1962\" data-end=\"1993\">T\u00f8rk jevnt med en myk klut.<\/p>\n<\/li>\n<li data-start=\"1994\" data-end=\"2053\">\n<p data-start=\"1997\" data-end=\"2053\">La overflaten t\u00f8rke for \u00e5 f\u00e5 en klar, beskyttende finish.<\/p>\n<\/li>\n<\/ol>\n<h2 style=\"text-align: center\" data-start=\"2106\" data-end=\"2127\">\ud83d\udcd0 Produktdetaljer<\/h2>\n<ul data-start=\"2129\" data-end=\"2371\">\n<li data-start=\"2180\" data-end=\"2203\">\n<p data-start=\"2182\" data-end=\"2203\">Kapasitet: 50 ml<\/p>\n<\/li>\n<li data-start=\"2204\" data-end=\"2228\">\n<p data-start=\"2206\" data-end=\"2228\">St\u00f8rrelse: 3,3 x 9 cm<\/p>\n<\/li>\n<li data-start=\"2229\" data-end=\"2302\">\n<p data-start=\"2231\" data-end=\"2302\">Funksjon: Fjerner oksidasjon, gjenoppretter klarhet, beskyttende belegg<\/p>\n<\/li>\n<li data-start=\"2303\" data-end=\"2371\">\n<p data-start=\"2305\" data-end=\"2371\">Beskyttelse: UV-bestandig, slitesterk, varmebestandig<\/p>\n<\/li>\n<\/ul>\n<h2 style=\"text-align: center\" data-start=\"2429\" data-end=\"2451\">\ud83d\udce6 Pakken inneholder<\/h2>\n<ul data-start=\"2453\" data-end=\"2490\">\n<li data-start=\"2453\" data-end=\"2490\">\n<p data-start=\"2455\" data-end=\"2490\">1x reparasjonsv\u00e6ske for frontlykter (50 ml)<\/p>\n<\/li>\n<li data-start=\"2453\" data-end=\"2490\">1x svamp.<\/li>\n<\/ul>\n","protected":false},"excerpt":{"rendered":"<p>\u2728Gjenopprett krystallklare frontlykter p\u00e5 f\u00e5 minutter.<br \/>\n\u26a1 Lysere frontlykter. Tryggere kj\u00f8ring om natten.<br \/>\n\ud83d\ude97Denne avanserte reparasjonsv\u00e6sken for frontlykter fjerner oksidasjon, gjenoppretter klarheten og beskytter frontlyktene dine mot fremtidige skader &#8211; noe som gir bilen din et renere utseende og bedre sikt p\u00e5 veien.<\/p>\n","protected":false},"featured_media":27270,"comment_status":"open","ping_status":"closed","template":"","meta":{"site-sidebar-layout":"default","site-content-layout":"","ast-site-content-layout":"default","site-content-style":"default","site-sidebar-style":"default","ast-global-header-display":"","ast-banner-title-visibility":"","ast-main-header-display":"","ast-hfb-above-header-display":"","ast-hfb-below-header-display":"","ast-hfb-mobile-header-display":"","site-post-title":"","ast-breadcrumbs-content":"","ast-featured-img":"","footer-sml-layout":"","theme-transparent-header-meta":"default","adv-header-id-meta":"","stick-header-meta":"","header-above-stick-meta":"","header-main-stick-meta":"","header-below-stick-meta":"","astra-migrate-meta-layouts":"set","ast-page-background-enabled":"default","ast-page-background-meta":{"desktop":{"background-color":"var(--ast-global-color-5)","background-image":"","background-repeat":"repeat","background-position":"center center","background-size":"auto","background-attachment":"scroll","background-type":"","background-media":"","overlay-type":"","overlay-color":"","overlay-opacity":"","overlay-gradient":""},"tablet":{"background-color":"","background-image":"","background-repeat":"repeat","background-position":"center center","background-size":"auto","background-attachment":"scroll","background-type":"","background-media":"","overlay-type":"","overlay-color":"","overlay-opacity":"","overlay-gradient":""},"mobile":{"background-color":"","background-image":"","background-repeat":"repeat","background-position":"center center","background-size":"auto","background-attachment":"scroll","background-type":"","background-media":"","overlay-type":"","overlay-color":"","overlay-opacity":"","overlay-gradient":""}},"ast-content-background-meta":{"desktop":{"background-color":"var(--ast-global-color-4)","background-image":"","background-repeat":"repeat","background-position":"center center","background-size":"auto","background-attachment":"scroll","background-type":"","background-media":"","overlay-type":"","overlay-color":"","overlay-opacity":"","overlay-gradient":""},"tablet":{"background-color":"var(--ast-global-color-4)","background-image":"","background-repeat":"repeat","background-position":"center center","background-size":"auto","background-attachment":"scroll","background-type":"","background-media":"","overlay-type":"","overlay-color":"","overlay-opacity":"","overlay-gradient":""},"mobile":{"background-color":"var(--ast-global-color-4)","background-image":"","background-repeat":"repeat","background-position":"center center","background-size":"auto","background-attachment":"scroll","background-type":"","background-media":"","overlay-type":"","overlay-color":"","overlay-opacity":"","overlay-gradient":""}}},"product_brand":[],"product_cat":[15],"product_tag":[],"class_list":{"0":"post-27274","1":"product","2":"type-product","3":"status-publish","4":"has-post-thumbnail","6":"product_cat-uncategorized","7":"desktop-align-left","8":"tablet-align-left","9":"mobile-align-left","11":"first","12":"instock","13":"shipping-taxable","14":"purchasable","15":"product-type-simple"},"yoast_head":"<!-- This site is optimized with the Yoast SEO plugin v26.6 - https:\/\/yoast.com\/wordpress\/plugins\/seo\/ -->\n<title>V\u00e6ske til reparasjon av frontlykter (50 ml) - Mekulo NO<\/title>\n<meta name=\"robots\" content=\"index, follow, max-snippet:-1, max-image-preview:large, max-video-preview:-1\" \/>\n<link rel=\"canonical\" href=\"https:\/\/mekulo.com\/no\/produkt\/vaeske-til-reparasjon-av-frontlykter-50-ml\/\" \/>\n<meta property=\"og:locale\" content=\"nb_NO\" \/>\n<meta property=\"og:type\" content=\"article\" \/>\n<meta property=\"og:title\" content=\"V\u00e6ske til reparasjon av frontlykter (50 ml) - Mekulo NO\" \/>\n<meta property=\"og:description\" content=\"\u2728Gjenopprett krystallklare frontlykter p\u00e5 f\u00e5 minutter. \u26a1 Lysere frontlykter. Tryggere kj\u00f8ring om natten. \ud83d\ude97Denne avanserte reparasjonsv\u00e6sken for frontlykter fjerner oksidasjon, gjenoppretter klarheten og beskytter frontlyktene dine mot fremtidige skader - noe som gir bilen din et renere utseende og bedre sikt p\u00e5 veien.\" \/>\n<meta property=\"og:url\" content=\"https:\/\/mekulo.com\/no\/produkt\/vaeske-til-reparasjon-av-frontlykter-50-ml\/\" \/>\n<meta property=\"og:site_name\" content=\"Mekulo NO\" \/>\n<meta property=\"article:modified_time\" content=\"2026-04-10T15:30:04+00:00\" \/>\n<meta property=\"og:image\" content=\"https:\/\/mekulo.com\/no\/wp-content\/uploads\/sites\/10\/2026\/04\/wm141jf-1.jpg\" \/>\n\t<meta property=\"og:image:width\" content=\"600\" \/>\n\t<meta property=\"og:image:height\" content=\"600\" \/>\n\t<meta property=\"og:image:type\" content=\"image\/jpeg\" \/>\n<meta name=\"twitter:card\" content=\"summary_large_image\" \/>\n<meta name=\"twitter:label1\" content=\"Ansl. lesetid\" \/>\n\t<meta name=\"twitter:data1\" content=\"2 minutter\" \/>\n<script type=\"application\/ld+json\" class=\"yoast-schema-graph\">{\"@context\":\"https:\/\/schema.org\",\"@graph\":[{\"@type\":\"WebPage\",\"@id\":\"https:\/\/mekulo.com\/no\/produkt\/vaeske-til-reparasjon-av-frontlykter-50-ml\/\",\"url\":\"https:\/\/mekulo.com\/no\/produkt\/vaeske-til-reparasjon-av-frontlykter-50-ml\/\",\"name\":\"V\u00e6ske til reparasjon av frontlykter (50 ml) - Mekulo NO\",\"isPartOf\":{\"@id\":\"https:\/\/mekulo.com\/no\/#website\"},\"primaryImageOfPage\":{\"@id\":\"https:\/\/mekulo.com\/no\/produkt\/vaeske-til-reparasjon-av-frontlykter-50-ml\/#primaryimage\"},\"image\":{\"@id\":\"https:\/\/mekulo.com\/no\/produkt\/vaeske-til-reparasjon-av-frontlykter-50-ml\/#primaryimage\"},\"thumbnailUrl\":\"https:\/\/mekulo.com\/no\/wp-content\/uploads\/sites\/10\/2026\/04\/wm141jf-1.jpg\",\"datePublished\":\"2026-04-09T19:00:20+00:00\",\"dateModified\":\"2026-04-10T15:30:04+00:00\",\"breadcrumb\":{\"@id\":\"https:\/\/mekulo.com\/no\/produkt\/vaeske-til-reparasjon-av-frontlykter-50-ml\/#breadcrumb\"},\"inLanguage\":\"nb-NO\",\"potentialAction\":[{\"@type\":\"ReadAction\",\"target\":[\"https:\/\/mekulo.com\/no\/produkt\/vaeske-til-reparasjon-av-frontlykter-50-ml\/\"]}]},{\"@type\":\"ImageObject\",\"inLanguage\":\"nb-NO\",\"@id\":\"https:\/\/mekulo.com\/no\/produkt\/vaeske-til-reparasjon-av-frontlykter-50-ml\/#primaryimage\",\"url\":\"https:\/\/mekulo.com\/no\/wp-content\/uploads\/sites\/10\/2026\/04\/wm141jf-1.jpg\",\"contentUrl\":\"https:\/\/mekulo.com\/no\/wp-content\/uploads\/sites\/10\/2026\/04\/wm141jf-1.jpg\",\"width\":600,\"height\":600},{\"@type\":\"BreadcrumbList\",\"@id\":\"https:\/\/mekulo.com\/no\/produkt\/vaeske-til-reparasjon-av-frontlykter-50-ml\/#breadcrumb\",\"itemListElement\":[{\"@type\":\"ListItem\",\"position\":1,\"name\":\"Home\",\"item\":\"https:\/\/mekulo.com\/no\/\"},{\"@type\":\"ListItem\",\"position\":2,\"name\":\"Butikk\",\"item\":\"https:\/\/mekulo.com\/no\/butikk\/\"},{\"@type\":\"ListItem\",\"position\":3,\"name\":\"V\u00e6ske til reparasjon av frontlykter (50 ml)\"}]},{\"@type\":\"WebSite\",\"@id\":\"https:\/\/mekulo.com\/no\/#website\",\"url\":\"https:\/\/mekulo.com\/no\/\",\"name\":\"Mekulo NO\",\"description\":\"\",\"publisher\":{\"@id\":\"https:\/\/mekulo.com\/no\/#organization\"},\"potentialAction\":[{\"@type\":\"SearchAction\",\"target\":{\"@type\":\"EntryPoint\",\"urlTemplate\":\"https:\/\/mekulo.com\/no\/?s={search_term_string}\"},\"query-input\":{\"@type\":\"PropertyValueSpecification\",\"valueRequired\":true,\"valueName\":\"search_term_string\"}}],\"inLanguage\":\"nb-NO\"},{\"@type\":\"Organization\",\"@id\":\"https:\/\/mekulo.com\/no\/#organization\",\"name\":\"Mekulo\",\"url\":\"https:\/\/mekulo.com\/no\/\",\"logo\":{\"@type\":\"ImageObject\",\"inLanguage\":\"nb-NO\",\"@id\":\"https:\/\/mekulo.com\/no\/#\/schema\/logo\/image\/\",\"url\":\"https:\/\/mekulo.com\/no\/wp-content\/uploads\/sites\/10\/2025\/12\/favicon_mekulo.png\",\"contentUrl\":\"https:\/\/mekulo.com\/no\/wp-content\/uploads\/sites\/10\/2025\/12\/favicon_mekulo.png\",\"width\":50,\"height\":50,\"caption\":\"Mekulo\"},\"image\":{\"@id\":\"https:\/\/mekulo.com\/no\/#\/schema\/logo\/image\/\"}}]}<\/script>\n<!-- \/ Yoast SEO plugin. -->","yoast_head_json":{"title":"V\u00e6ske til reparasjon av frontlykter (50 ml) - Mekulo NO","robots":{"index":"index","follow":"follow","max-snippet":"max-snippet:-1","max-image-preview":"max-image-preview:large","max-video-preview":"max-video-preview:-1"},"canonical":"https:\/\/mekulo.com\/no\/produkt\/vaeske-til-reparasjon-av-frontlykter-50-ml\/","og_locale":"nb_NO","og_type":"article","og_title":"V\u00e6ske til reparasjon av frontlykter (50 ml) - Mekulo NO","og_description":"\u2728Gjenopprett krystallklare frontlykter p\u00e5 f\u00e5 minutter. \u26a1 Lysere frontlykter. Tryggere kj\u00f8ring om natten. \ud83d\ude97Denne avanserte reparasjonsv\u00e6sken for frontlykter fjerner oksidasjon, gjenoppretter klarheten og beskytter frontlyktene dine mot fremtidige skader - noe som gir bilen din et renere utseende og bedre sikt p\u00e5 veien.","og_url":"https:\/\/mekulo.com\/no\/produkt\/vaeske-til-reparasjon-av-frontlykter-50-ml\/","og_site_name":"Mekulo NO","article_modified_time":"2026-04-10T15:30:04+00:00","og_image":[{"width":600,"height":600,"url":"https:\/\/mekulo.com\/no\/wp-content\/uploads\/sites\/10\/2026\/04\/wm141jf-1.jpg","type":"image\/jpeg"}],"twitter_card":"summary_large_image","twitter_misc":{"Ansl. lesetid":"2 minutter"},"schema":{"@context":"https:\/\/schema.org","@graph":[{"@type":"WebPage","@id":"https:\/\/mekulo.com\/no\/produkt\/vaeske-til-reparasjon-av-frontlykter-50-ml\/","url":"https:\/\/mekulo.com\/no\/produkt\/vaeske-til-reparasjon-av-frontlykter-50-ml\/","name":"V\u00e6ske til reparasjon av frontlykter (50 ml) - Mekulo NO","isPartOf":{"@id":"https:\/\/mekulo.com\/no\/#website"},"primaryImageOfPage":{"@id":"https:\/\/mekulo.com\/no\/produkt\/vaeske-til-reparasjon-av-frontlykter-50-ml\/#primaryimage"},"image":{"@id":"https:\/\/mekulo.com\/no\/produkt\/vaeske-til-reparasjon-av-frontlykter-50-ml\/#primaryimage"},"thumbnailUrl":"https:\/\/mekulo.com\/no\/wp-content\/uploads\/sites\/10\/2026\/04\/wm141jf-1.jpg","datePublished":"2026-04-09T19:00:20+00:00","dateModified":"2026-04-10T15:30:04+00:00","breadcrumb":{"@id":"https:\/\/mekulo.com\/no\/produkt\/vaeske-til-reparasjon-av-frontlykter-50-ml\/#breadcrumb"},"inLanguage":"nb-NO","potentialAction":[{"@type":"ReadAction","target":["https:\/\/mekulo.com\/no\/produkt\/vaeske-til-reparasjon-av-frontlykter-50-ml\/"]}]},{"@type":"ImageObject","inLanguage":"nb-NO","@id":"https:\/\/mekulo.com\/no\/produkt\/vaeske-til-reparasjon-av-frontlykter-50-ml\/#primaryimage","url":"https:\/\/mekulo.com\/no\/wp-content\/uploads\/sites\/10\/2026\/04\/wm141jf-1.jpg","contentUrl":"https:\/\/mekulo.com\/no\/wp-content\/uploads\/sites\/10\/2026\/04\/wm141jf-1.jpg","width":600,"height":600},{"@type":"BreadcrumbList","@id":"https:\/\/mekulo.com\/no\/produkt\/vaeske-til-reparasjon-av-frontlykter-50-ml\/#breadcrumb","itemListElement":[{"@type":"ListItem","position":1,"name":"Home","item":"https:\/\/mekulo.com\/no\/"},{"@type":"ListItem","position":2,"name":"Butikk","item":"https:\/\/mekulo.com\/no\/butikk\/"},{"@type":"ListItem","position":3,"name":"V\u00e6ske til reparasjon av frontlykter (50 ml)"}]},{"@type":"WebSite","@id":"https:\/\/mekulo.com\/no\/#website","url":"https:\/\/mekulo.com\/no\/","name":"Mekulo NO","description":"","publisher":{"@id":"https:\/\/mekulo.com\/no\/#organization"},"potentialAction":[{"@type":"SearchAction","target":{"@type":"EntryPoint","urlTemplate":"https:\/\/mekulo.com\/no\/?s={search_term_string}"},"query-input":{"@type":"PropertyValueSpecification","valueRequired":true,"valueName":"search_term_string"}}],"inLanguage":"nb-NO"},{"@type":"Organization","@id":"https:\/\/mekulo.com\/no\/#organization","name":"Mekulo","url":"https:\/\/mekulo.com\/no\/","logo":{"@type":"ImageObject","inLanguage":"nb-NO","@id":"https:\/\/mekulo.com\/no\/#\/schema\/logo\/image\/","url":"https:\/\/mekulo.com\/no\/wp-content\/uploads\/sites\/10\/2025\/12\/favicon_mekulo.png","contentUrl":"https:\/\/mekulo.com\/no\/wp-content\/uploads\/sites\/10\/2025\/12\/favicon_mekulo.png","width":50,"height":50,"caption":"Mekulo"},"image":{"@id":"https:\/\/mekulo.com\/no\/#\/schema\/logo\/image\/"}}]}},"_links":{"self":[{"href":"https:\/\/mekulo.com\/no\/wp-json\/wp\/v2\/product\/27274","targetHints":{"allow":["GET"]}}],"collection":[{"href":"https:\/\/mekulo.com\/no\/wp-json\/wp\/v2\/product"}],"about":[{"href":"https:\/\/mekulo.com\/no\/wp-json\/wp\/v2\/types\/product"}],"replies":[{"embeddable":true,"href":"https:\/\/mekulo.com\/no\/wp-json\/wp\/v2\/comments?post=27274"}],"wp:featuredmedia":[{"embeddable":true,"href":"https:\/\/mekulo.com\/no\/wp-json\/wp\/v2\/media\/27270"}],"wp:attachment":[{"href":"https:\/\/mekulo.com\/no\/wp-json\/wp\/v2\/media?parent=27274"}],"wp:term":[{"taxonomy":"product_brand","embeddable":true,"href":"https:\/\/mekulo.com\/no\/wp-json\/wp\/v2\/product_brand?post=27274"},{"taxonomy":"product_cat","embeddable":true,"href":"https:\/\/mekulo.com\/no\/wp-json\/wp\/v2\/product_cat?post=27274"},{"taxonomy":"product_tag","embeddable":true,"href":"https:\/\/mekulo.com\/no\/wp-json\/wp\/v2\/product_tag?post=27274"}],"curies":[{"name":"wp","href":"https:\/\/api.w.org\/{rel}","templated":true}]}}