{"id":27244,"date":"2026-04-09T21:54:22","date_gmt":"2026-04-09T18:54:22","guid":{"rendered":"https:\/\/mekulo.com\/no\/produkt\/kombinert-firkantet-markeringsregel-45-90-grader\/"},"modified":"2026-04-10T18:26:47","modified_gmt":"2026-04-10T15:26:47","slug":"kombinert-firkantet-markeringsregel-45-90-grader","status":"publish","type":"product","link":"https:\/\/mekulo.com\/no\/produkt\/kombinert-firkantet-markeringsregel-45-90-grader\/","title":{"rendered":"Kombinert firkantet markeringsregel 45-90 grader"},"content":{"rendered":"<h2 style=\"text-align: center\" data-start=\"323\" data-end=\"339\">\u2728 L\u00f8ftet<\/h2>\n<p style=\"text-align: center\" data-start=\"341\" data-end=\"398\">Rette linjer.<br data-start=\"356\" data-end=\"359\" \/>Eksakte vinkler.<br data-start=\"372\" data-end=\"375\" \/>Profesjonell presisjon.<\/p>\n<p data-start=\"341\" data-end=\"398\"><img fetchpriority=\"high\" decoding=\"async\" class=\" wp-image-27019 aligncenter\" src=\"https:\/\/mekulo.com\/template\/wp-content\/uploads\/sites\/6\/2026\/03\/12211-ezgif.com-video-to-webp-converter-1.webp\" alt=\"\" width=\"550\" height=\"550\" \/><\/p>\n<h2 style=\"text-align: center\" data-start=\"405\" data-end=\"423\">\u2705 Hovedfordeler<\/h2>\n<p data-start=\"427\" data-end=\"521\">\ud83d\udcd0 Innebygde 45\u00b0- og 90\u00b0-vinkler &#8211; Markerer presise hj\u00f8rner og vinkelrette linjer umiddelbart.<\/p>\n<p data-start=\"525\" data-end=\"632\">\ud83d\udee0 Tykk aluminiumslegeringskonstruksjon &#8211; 5 mm slitesterk kropp gir stabilitet og langsiktig p\u00e5litelighet.<\/p>\n<p data-start=\"636\" data-end=\"727\">\ud83d\udd29 Uttrekkbar metallbrakett &#8211; Forhindrer at linjalen sklir og holder den p\u00e5 plass.<\/p>\n<p data-start=\"731\" data-end=\"820\">\ud83d\udccf M\u00e5leskala med h\u00f8y presisjon &#8211; Tydelige markeringer hver 1. cm for n\u00f8yaktige oppsett.<\/p>\n<p data-start=\"824\" data-end=\"920\">\ud83c\udfaf 300 mm &amp; 400 mm m\u00e5leomr\u00e5de &#8211; Perfekt for b\u00e5de sm\u00e5 detaljer og st\u00f8rre prosjekter.<\/p>\n<p data-start=\"924\" data-end=\"1005\">\ud83e\uddf0 Integrert nivelleringsverkt\u00f8y &#8211; Bidrar til \u00e5 opprettholde perfekt justering under merking.<\/p>\n<h2 style=\"text-align: center\" data-start=\"1012\" data-end=\"1035\">\u2757 Problem \u2192 L\u00f8sning<\/h2>\n<p data-start=\"1037\" data-end=\"1135\"><strong data-start=\"1037\" data-end=\"1049\">Problem:<\/strong><br data-start=\"1049\" data-end=\"1052\" \/>Un\u00f8yaktige markeringer f\u00f8rer til skjeve kutt, bortkastede materialer og frustrerende omarbeiding.<\/p>\n<p data-start=\"1137\" data-end=\"1280\"><strong data-start=\"1137\" data-end=\"1150\">L\u00f8sning:<\/strong><br data-start=\"1150\" data-end=\"1153\" \/>Denne kombinerte firkantede markeringsregelen 45-90 grader sikrer n\u00f8yaktige vinkler og rette m\u00e5l, slik at du kan markere med sikkerhet f\u00f8r du foretar kuttet.<\/p>\n<p data-start=\"1137\" data-end=\"1280\"><img decoding=\"async\" class=\" wp-image-27020 aligncenter\" src=\"https:\/\/mekulo.com\/template\/wp-content\/uploads\/sites\/6\/2026\/03\/1221-ezgif.com-video-to-webp-converter-1.webp\" alt=\"\" width=\"551\" height=\"551\" \/><\/p>\n<h2 style=\"text-align: center\" data-start=\"1313\" data-end=\"1339\">\ud83e\udeb5 Perfekt for<\/h2>\n<ul data-start=\"1355\" data-end=\"1483\">\n<li data-start=\"1355\" data-end=\"1379\">\n<p data-start=\"1357\" data-end=\"1379\">Trearbeidsprosjekter<\/p>\n<\/li>\n<li data-start=\"1380\" data-end=\"1407\">\n<p data-start=\"1382\" data-end=\"1407\">T\u00f8mrerinstallasjoner<\/p>\n<\/li>\n<li data-start=\"1408\" data-end=\"1430\">\n<p data-start=\"1410\" data-end=\"1430\">M\u00f8belbygging<\/p>\n<\/li>\n<li data-start=\"1431\" data-end=\"1455\">\n<p data-start=\"1433\" data-end=\"1455\">DIY-oppussing av hjemmet<\/p>\n<\/li>\n<li data-start=\"1456\" data-end=\"1483\">\n<p data-start=\"1458\" data-end=\"1483\">H\u00e5ndverk og verkstedarbeid<\/p>\n<\/li>\n<\/ul>\n<p data-start=\"1485\" data-end=\"1578\">Uavhengig av om du bygger skap eller lager sm\u00e5 deler, gj\u00f8r n\u00f8yaktighet hele forskjellen.<\/p>\n<h2 style=\"text-align: center\" data-start=\"1585\" data-end=\"1601\">\u2699\ufe0f Slik bruker du den<\/h2>\n<ol data-start=\"1603\" data-end=\"1758\">\n<li data-start=\"1603\" data-end=\"1638\">\n<p data-start=\"1606\" data-end=\"1638\">Juster linjalen med materialkanten.<\/p>\n<\/li>\n<li data-start=\"1639\" data-end=\"1677\">\n<p data-start=\"1642\" data-end=\"1677\">Velg 45\u00b0 eller 90\u00b0 vinkelreferanse.<\/p>\n<\/li>\n<li data-start=\"1678\" data-end=\"1716\">\n<p data-start=\"1681\" data-end=\"1716\">Merk av linjen ved hjelp av m\u00e5leskalaen.<\/p>\n<\/li>\n<li data-start=\"1717\" data-end=\"1758\">\n<p data-start=\"1720\" data-end=\"1758\">Kontroller justeringen med det innebygde vateret.<\/p>\n<\/li>\n<\/ol>\n<p data-start=\"1760\" data-end=\"1798\">Enkelt oppsett for profesjonelle resultater.<\/p>\n<h2 style=\"text-align: center\" data-start=\"1805\" data-end=\"1826\">\ud83d\udcd0 Produktdetaljer<\/h2>\n<ul data-start=\"1828\" data-end=\"2077\">\n<li data-start=\"1828\" data-end=\"1870\">\n<p data-start=\"1830\" data-end=\"1870\">Materiale: Aluminiumslegering + plast<\/p>\n<\/li>\n<li data-start=\"1871\" data-end=\"1907\">\n<p data-start=\"1873\" data-end=\"1907\">Tykkelse: 5 mm slitesterk kropp<\/p>\n<\/li>\n<li data-start=\"1908\" data-end=\"2010\">\n<p data-start=\"1910\" data-end=\"1932\">Tilgjengelige st\u00f8rrelser: <span style=\"font-size: 16px\">300 mm (30 x 3 x 0,5 cm) &#8211; 306 g, <\/span><span style=\"font-size: 16px\">400 mm (40 x 3 x 0,5 cm) &#8211; 337 g<\/span><\/p>\n<\/li>\n<li data-start=\"2011\" data-end=\"2038\">\n<p data-start=\"2013\" data-end=\"2038\">Vinkler: 45\u00b0 og 90\u00b0<\/p>\n<\/li>\n<li data-start=\"2039\" data-end=\"2077\">\n<p data-start=\"2041\" data-end=\"2077\">Skala: 1 cm presisjonsmarkeringer<\/p>\n<\/li>\n<\/ul>\n<h2 style=\"text-align: center\" data-start=\"2143\" data-end=\"2165\">\ud83d\udce6 Pakken inneholder<\/h2>\n<ul data-start=\"2167\" data-end=\"2244\">\n<li data-start=\"2167\" data-end=\"2205\">\n<p data-start=\"2169\" data-end=\"2205\">1x kombinert vinkelm\u00e5ler<\/p>\n<\/li>\n<li data-start=\"2206\" data-end=\"2224\">\n<p data-start=\"2208\" data-end=\"2224\">1x vaterpass<\/p>\n<\/li>\n<li data-start=\"2225\" data-end=\"2244\">\n<p data-start=\"2227\" data-end=\"2244\">1x brukerh\u00e5ndbok.<\/p>\n<\/li>\n<\/ul>\n","protected":false},"excerpt":{"rendered":"<p>\ud83e\udeb5Perfekte vinkler. Feilfrie kutt.<br \/>\n\ud83d\udc68\u200d\ud83d\udd27Presisjon merking for seri\u00f8st h\u00e5ndverk.<br \/>\n\ud83d\udcd0Designet for snekkere, trearbeidere og gj\u00f8r-det-selv-byggere, gir denne kombinerte firkantede markeringsregelen 45-90 grader n\u00f8yaktige m\u00e5linger og perfekt justerte vinkler hver gang.<\/p>\n","protected":false},"featured_media":27240,"comment_status":"open","ping_status":"closed","template":"","meta":{"site-sidebar-layout":"default","site-content-layout":"","ast-site-content-layout":"default","site-content-style":"default","site-sidebar-style":"default","ast-global-header-display":"","ast-banner-title-visibility":"","ast-main-header-display":"","ast-hfb-above-header-display":"","ast-hfb-below-header-display":"","ast-hfb-mobile-header-display":"","site-post-title":"","ast-breadcrumbs-content":"","ast-featured-img":"","footer-sml-layout":"","theme-transparent-header-meta":"default","adv-header-id-meta":"","stick-header-meta":"","header-above-stick-meta":"","header-main-stick-meta":"","header-below-stick-meta":"","astra-migrate-meta-layouts":"set","ast-page-background-enabled":"default","ast-page-background-meta":{"desktop":{"background-color":"var(--ast-global-color-5)","background-image":"","background-repeat":"repeat","background-position":"center center","background-size":"auto","background-attachment":"scroll","background-type":"","background-media":"","overlay-type":"","overlay-color":"","overlay-opacity":"","overlay-gradient":""},"tablet":{"background-color":"","background-image":"","background-repeat":"repeat","background-position":"center center","background-size":"auto","background-attachment":"scroll","background-type":"","background-media":"","overlay-type":"","overlay-color":"","overlay-opacity":"","overlay-gradient":""},"mobile":{"background-color":"","background-image":"","background-repeat":"repeat","background-position":"center center","background-size":"auto","background-attachment":"scroll","background-type":"","background-media":"","overlay-type":"","overlay-color":"","overlay-opacity":"","overlay-gradient":""}},"ast-content-background-meta":{"desktop":{"background-color":"var(--ast-global-color-4)","background-image":"","background-repeat":"repeat","background-position":"center center","background-size":"auto","background-attachment":"scroll","background-type":"","background-media":"","overlay-type":"","overlay-color":"","overlay-opacity":"","overlay-gradient":""},"tablet":{"background-color":"var(--ast-global-color-4)","background-image":"","background-repeat":"repeat","background-position":"center center","background-size":"auto","background-attachment":"scroll","background-type":"","background-media":"","overlay-type":"","overlay-color":"","overlay-opacity":"","overlay-gradient":""},"mobile":{"background-color":"var(--ast-global-color-4)","background-image":"","background-repeat":"repeat","background-position":"center center","background-size":"auto","background-attachment":"scroll","background-type":"","background-media":"","overlay-type":"","overlay-color":"","overlay-opacity":"","overlay-gradient":""}}},"product_brand":[],"product_cat":[171],"product_tag":[],"class_list":{"0":"post-27244","1":"product","2":"type-product","3":"status-publish","4":"has-post-thumbnail","6":"product_cat-verktoy","7":"pa_65468_etxcifob-300-mm","8":"pa_65468_etxcifob-400-mm","9":"desktop-align-left","10":"tablet-align-left","11":"mobile-align-left","13":"first","14":"instock","15":"shipping-taxable","16":"purchasable","17":"product-type-variable"},"yoast_head":"<!-- This site is optimized with the Yoast SEO plugin v26.6 - https:\/\/yoast.com\/wordpress\/plugins\/seo\/ -->\n<title>Kombinert firkantet markeringsregel 45-90 grader - Mekulo NO<\/title>\n<meta name=\"robots\" content=\"index, follow, max-snippet:-1, max-image-preview:large, max-video-preview:-1\" \/>\n<link rel=\"canonical\" href=\"https:\/\/mekulo.com\/no\/produkt\/kombinert-firkantet-markeringsregel-45-90-grader\/\" \/>\n<meta property=\"og:locale\" content=\"nb_NO\" \/>\n<meta property=\"og:type\" content=\"article\" \/>\n<meta property=\"og:title\" content=\"Kombinert firkantet markeringsregel 45-90 grader - Mekulo NO\" \/>\n<meta property=\"og:description\" content=\"\ud83e\udeb5Perfekte vinkler. Feilfrie kutt. \ud83d\udc68\u200d\ud83d\udd27Presisjon merking for seri\u00f8st h\u00e5ndverk. \ud83d\udcd0Designet for snekkere, trearbeidere og gj\u00f8r-det-selv-byggere, gir denne kombinerte firkantede markeringsregelen 45-90 grader n\u00f8yaktige m\u00e5linger og perfekt justerte vinkler hver gang.\" \/>\n<meta property=\"og:url\" content=\"https:\/\/mekulo.com\/no\/produkt\/kombinert-firkantet-markeringsregel-45-90-grader\/\" \/>\n<meta property=\"og:site_name\" content=\"Mekulo NO\" \/>\n<meta property=\"article:modified_time\" content=\"2026-04-10T15:26:47+00:00\" \/>\n<meta property=\"og:image\" content=\"https:\/\/mekulo.com\/no\/wp-content\/uploads\/sites\/10\/2026\/04\/ddesu14-1.jpg\" \/>\n\t<meta property=\"og:image:width\" content=\"1000\" \/>\n\t<meta property=\"og:image:height\" content=\"1000\" \/>\n\t<meta property=\"og:image:type\" content=\"image\/jpeg\" \/>\n<meta name=\"twitter:card\" content=\"summary_large_image\" \/>\n<meta name=\"twitter:label1\" content=\"Ansl. lesetid\" \/>\n\t<meta name=\"twitter:data1\" content=\"2 minutter\" \/>\n<script type=\"application\/ld+json\" class=\"yoast-schema-graph\">{\"@context\":\"https:\/\/schema.org\",\"@graph\":[{\"@type\":\"WebPage\",\"@id\":\"https:\/\/mekulo.com\/no\/produkt\/kombinert-firkantet-markeringsregel-45-90-grader\/\",\"url\":\"https:\/\/mekulo.com\/no\/produkt\/kombinert-firkantet-markeringsregel-45-90-grader\/\",\"name\":\"Kombinert firkantet markeringsregel 45-90 grader - Mekulo NO\",\"isPartOf\":{\"@id\":\"https:\/\/mekulo.com\/no\/#website\"},\"primaryImageOfPage\":{\"@id\":\"https:\/\/mekulo.com\/no\/produkt\/kombinert-firkantet-markeringsregel-45-90-grader\/#primaryimage\"},\"image\":{\"@id\":\"https:\/\/mekulo.com\/no\/produkt\/kombinert-firkantet-markeringsregel-45-90-grader\/#primaryimage\"},\"thumbnailUrl\":\"https:\/\/mekulo.com\/no\/wp-content\/uploads\/sites\/10\/2026\/04\/ddesu14-1.jpg\",\"datePublished\":\"2026-04-09T18:54:22+00:00\",\"dateModified\":\"2026-04-10T15:26:47+00:00\",\"breadcrumb\":{\"@id\":\"https:\/\/mekulo.com\/no\/produkt\/kombinert-firkantet-markeringsregel-45-90-grader\/#breadcrumb\"},\"inLanguage\":\"nb-NO\",\"potentialAction\":[{\"@type\":\"ReadAction\",\"target\":[\"https:\/\/mekulo.com\/no\/produkt\/kombinert-firkantet-markeringsregel-45-90-grader\/\"]}]},{\"@type\":\"ImageObject\",\"inLanguage\":\"nb-NO\",\"@id\":\"https:\/\/mekulo.com\/no\/produkt\/kombinert-firkantet-markeringsregel-45-90-grader\/#primaryimage\",\"url\":\"https:\/\/mekulo.com\/no\/wp-content\/uploads\/sites\/10\/2026\/04\/ddesu14-1.jpg\",\"contentUrl\":\"https:\/\/mekulo.com\/no\/wp-content\/uploads\/sites\/10\/2026\/04\/ddesu14-1.jpg\",\"width\":1000,\"height\":1000},{\"@type\":\"BreadcrumbList\",\"@id\":\"https:\/\/mekulo.com\/no\/produkt\/kombinert-firkantet-markeringsregel-45-90-grader\/#breadcrumb\",\"itemListElement\":[{\"@type\":\"ListItem\",\"position\":1,\"name\":\"Home\",\"item\":\"https:\/\/mekulo.com\/no\/\"},{\"@type\":\"ListItem\",\"position\":2,\"name\":\"Butikk\",\"item\":\"https:\/\/mekulo.com\/no\/butikk\/\"},{\"@type\":\"ListItem\",\"position\":3,\"name\":\"Kombinert firkantet markeringsregel 45-90 grader\"}]},{\"@type\":\"WebSite\",\"@id\":\"https:\/\/mekulo.com\/no\/#website\",\"url\":\"https:\/\/mekulo.com\/no\/\",\"name\":\"Mekulo NO\",\"description\":\"\",\"publisher\":{\"@id\":\"https:\/\/mekulo.com\/no\/#organization\"},\"potentialAction\":[{\"@type\":\"SearchAction\",\"target\":{\"@type\":\"EntryPoint\",\"urlTemplate\":\"https:\/\/mekulo.com\/no\/?s={search_term_string}\"},\"query-input\":{\"@type\":\"PropertyValueSpecification\",\"valueRequired\":true,\"valueName\":\"search_term_string\"}}],\"inLanguage\":\"nb-NO\"},{\"@type\":\"Organization\",\"@id\":\"https:\/\/mekulo.com\/no\/#organization\",\"name\":\"Mekulo\",\"url\":\"https:\/\/mekulo.com\/no\/\",\"logo\":{\"@type\":\"ImageObject\",\"inLanguage\":\"nb-NO\",\"@id\":\"https:\/\/mekulo.com\/no\/#\/schema\/logo\/image\/\",\"url\":\"https:\/\/mekulo.com\/no\/wp-content\/uploads\/sites\/10\/2025\/12\/favicon_mekulo.png\",\"contentUrl\":\"https:\/\/mekulo.com\/no\/wp-content\/uploads\/sites\/10\/2025\/12\/favicon_mekulo.png\",\"width\":50,\"height\":50,\"caption\":\"Mekulo\"},\"image\":{\"@id\":\"https:\/\/mekulo.com\/no\/#\/schema\/logo\/image\/\"}}]}<\/script>\n<!-- \/ Yoast SEO plugin. -->","yoast_head_json":{"title":"Kombinert firkantet markeringsregel 45-90 grader - Mekulo NO","robots":{"index":"index","follow":"follow","max-snippet":"max-snippet:-1","max-image-preview":"max-image-preview:large","max-video-preview":"max-video-preview:-1"},"canonical":"https:\/\/mekulo.com\/no\/produkt\/kombinert-firkantet-markeringsregel-45-90-grader\/","og_locale":"nb_NO","og_type":"article","og_title":"Kombinert firkantet markeringsregel 45-90 grader - Mekulo NO","og_description":"\ud83e\udeb5Perfekte vinkler. Feilfrie kutt. \ud83d\udc68\u200d\ud83d\udd27Presisjon merking for seri\u00f8st h\u00e5ndverk. \ud83d\udcd0Designet for snekkere, trearbeidere og gj\u00f8r-det-selv-byggere, gir denne kombinerte firkantede markeringsregelen 45-90 grader n\u00f8yaktige m\u00e5linger og perfekt justerte vinkler hver gang.","og_url":"https:\/\/mekulo.com\/no\/produkt\/kombinert-firkantet-markeringsregel-45-90-grader\/","og_site_name":"Mekulo NO","article_modified_time":"2026-04-10T15:26:47+00:00","og_image":[{"width":1000,"height":1000,"url":"https:\/\/mekulo.com\/no\/wp-content\/uploads\/sites\/10\/2026\/04\/ddesu14-1.jpg","type":"image\/jpeg"}],"twitter_card":"summary_large_image","twitter_misc":{"Ansl. lesetid":"2 minutter"},"schema":{"@context":"https:\/\/schema.org","@graph":[{"@type":"WebPage","@id":"https:\/\/mekulo.com\/no\/produkt\/kombinert-firkantet-markeringsregel-45-90-grader\/","url":"https:\/\/mekulo.com\/no\/produkt\/kombinert-firkantet-markeringsregel-45-90-grader\/","name":"Kombinert firkantet markeringsregel 45-90 grader - Mekulo NO","isPartOf":{"@id":"https:\/\/mekulo.com\/no\/#website"},"primaryImageOfPage":{"@id":"https:\/\/mekulo.com\/no\/produkt\/kombinert-firkantet-markeringsregel-45-90-grader\/#primaryimage"},"image":{"@id":"https:\/\/mekulo.com\/no\/produkt\/kombinert-firkantet-markeringsregel-45-90-grader\/#primaryimage"},"thumbnailUrl":"https:\/\/mekulo.com\/no\/wp-content\/uploads\/sites\/10\/2026\/04\/ddesu14-1.jpg","datePublished":"2026-04-09T18:54:22+00:00","dateModified":"2026-04-10T15:26:47+00:00","breadcrumb":{"@id":"https:\/\/mekulo.com\/no\/produkt\/kombinert-firkantet-markeringsregel-45-90-grader\/#breadcrumb"},"inLanguage":"nb-NO","potentialAction":[{"@type":"ReadAction","target":["https:\/\/mekulo.com\/no\/produkt\/kombinert-firkantet-markeringsregel-45-90-grader\/"]}]},{"@type":"ImageObject","inLanguage":"nb-NO","@id":"https:\/\/mekulo.com\/no\/produkt\/kombinert-firkantet-markeringsregel-45-90-grader\/#primaryimage","url":"https:\/\/mekulo.com\/no\/wp-content\/uploads\/sites\/10\/2026\/04\/ddesu14-1.jpg","contentUrl":"https:\/\/mekulo.com\/no\/wp-content\/uploads\/sites\/10\/2026\/04\/ddesu14-1.jpg","width":1000,"height":1000},{"@type":"BreadcrumbList","@id":"https:\/\/mekulo.com\/no\/produkt\/kombinert-firkantet-markeringsregel-45-90-grader\/#breadcrumb","itemListElement":[{"@type":"ListItem","position":1,"name":"Home","item":"https:\/\/mekulo.com\/no\/"},{"@type":"ListItem","position":2,"name":"Butikk","item":"https:\/\/mekulo.com\/no\/butikk\/"},{"@type":"ListItem","position":3,"name":"Kombinert firkantet markeringsregel 45-90 grader"}]},{"@type":"WebSite","@id":"https:\/\/mekulo.com\/no\/#website","url":"https:\/\/mekulo.com\/no\/","name":"Mekulo NO","description":"","publisher":{"@id":"https:\/\/mekulo.com\/no\/#organization"},"potentialAction":[{"@type":"SearchAction","target":{"@type":"EntryPoint","urlTemplate":"https:\/\/mekulo.com\/no\/?s={search_term_string}"},"query-input":{"@type":"PropertyValueSpecification","valueRequired":true,"valueName":"search_term_string"}}],"inLanguage":"nb-NO"},{"@type":"Organization","@id":"https:\/\/mekulo.com\/no\/#organization","name":"Mekulo","url":"https:\/\/mekulo.com\/no\/","logo":{"@type":"ImageObject","inLanguage":"nb-NO","@id":"https:\/\/mekulo.com\/no\/#\/schema\/logo\/image\/","url":"https:\/\/mekulo.com\/no\/wp-content\/uploads\/sites\/10\/2025\/12\/favicon_mekulo.png","contentUrl":"https:\/\/mekulo.com\/no\/wp-content\/uploads\/sites\/10\/2025\/12\/favicon_mekulo.png","width":50,"height":50,"caption":"Mekulo"},"image":{"@id":"https:\/\/mekulo.com\/no\/#\/schema\/logo\/image\/"}}]}},"_links":{"self":[{"href":"https:\/\/mekulo.com\/no\/wp-json\/wp\/v2\/product\/27244","targetHints":{"allow":["GET"]}}],"collection":[{"href":"https:\/\/mekulo.com\/no\/wp-json\/wp\/v2\/product"}],"about":[{"href":"https:\/\/mekulo.com\/no\/wp-json\/wp\/v2\/types\/product"}],"replies":[{"embeddable":true,"href":"https:\/\/mekulo.com\/no\/wp-json\/wp\/v2\/comments?post=27244"}],"wp:featuredmedia":[{"embeddable":true,"href":"https:\/\/mekulo.com\/no\/wp-json\/wp\/v2\/media\/27240"}],"wp:attachment":[{"href":"https:\/\/mekulo.com\/no\/wp-json\/wp\/v2\/media?parent=27244"}],"wp:term":[{"taxonomy":"product_brand","embeddable":true,"href":"https:\/\/mekulo.com\/no\/wp-json\/wp\/v2\/product_brand?post=27244"},{"taxonomy":"product_cat","embeddable":true,"href":"https:\/\/mekulo.com\/no\/wp-json\/wp\/v2\/product_cat?post=27244"},{"taxonomy":"product_tag","embeddable":true,"href":"https:\/\/mekulo.com\/no\/wp-json\/wp\/v2\/product_tag?post=27244"}],"curies":[{"name":"wp","href":"https:\/\/api.w.org\/{rel}","templated":true}]}}