{"id":27235,"date":"2026-04-09T21:52:26","date_gmt":"2026-04-09T18:52:26","guid":{"rendered":"https:\/\/mekulo.com\/no\/produkt\/verktoysett-for-utvidelse-av-ror\/"},"modified":"2026-04-10T18:25:34","modified_gmt":"2026-04-10T15:25:34","slug":"verktoysett-for-utvidelse-av-ror","status":"publish","type":"product","link":"https:\/\/mekulo.com\/no\/produkt\/verktoysett-for-utvidelse-av-ror\/","title":{"rendered":"Verkt\u00f8ysett for utvidelse av r\u00f8r"},"content":{"rendered":"<h2 style=\"text-align: center\" data-start=\"318\" data-end=\"334\">\u2728 L\u00f8ftet<\/h2>\n<p style=\"text-align: center\" data-start=\"336\" data-end=\"398\">Styrkere tilkoblinger.<br data-start=\"357\" data-end=\"360\" \/>Sikker innretting.<br data-start=\"377\" data-end=\"380\" \/>Trygge reparasjoner.<\/p>\n<p data-start=\"336\" data-end=\"398\"><img fetchpriority=\"high\" decoding=\"async\" class=\" wp-image-27013 aligncenter\" src=\"https:\/\/mekulo.com\/template\/wp-content\/uploads\/sites\/6\/2026\/03\/122121-ezgif.com-video-to-webp-converter-1.webp\" alt=\"\" width=\"551\" height=\"551\" \/><\/p>\n<h2 style=\"text-align: center\" data-start=\"405\" data-end=\"423\">\u2705 Hovedfordeler<\/h2>\n<p data-start=\"427\" data-end=\"517\">\ud83d\udd27 Profesjonell fakling av bremseledninger &#8211; designet for n\u00f8yaktig enkel og dobbel fakling.<\/p>\n<p data-start=\"521\" data-end=\"606\">\ud83d\udccf Innebygd dybdebegrenser &#8211; sikrer presis r\u00f8rlengde for konsistente resultater.<\/p>\n<p data-start=\"610\" data-end=\"702\">\ud83d\udd12 Sikkert l\u00e5sende innrettingssystem &#8211; holder adapter, konus og r\u00f8r perfekt sentrert.<\/p>\n<p data-start=\"706\" data-end=\"789\">\ud83d\udee1 Skadefri klemming &#8211; fast grep reduserer glidning uten \u00e5 knuse r\u00f8rene.<\/p>\n<p data-start=\"793\" data-end=\"875\">\ud83d\ude97 Kompakt design med lav profil &#8211; Ideell for arbeid i trange motorrom.<\/p>\n<p data-start=\"879\" data-end=\"969\">\u2699\ufe0f Kraftig metallkonstruksjon &#8211; Bygget for holdbarhet og gjentatt bruk i bilindustrien.<\/p>\n<h2 style=\"text-align: center\" data-start=\"976\" data-end=\"999\">\u2757 Problem \u2192 L\u00f8sning<\/h2>\n<p data-start=\"1001\" data-end=\"1128\"><strong data-start=\"1001\" data-end=\"1013\">Problem:<\/strong><br data-start=\"1013\" data-end=\"1016\" \/>D\u00e5rlig utbukkede bremser\u00f8r kan lekke, svekkes over tid eller svikte under trykk &#8211; noe som kan f\u00f8re til fare for sikkerheten og kostbar omarbeiding.<\/p>\n<p data-start=\"1130\" data-end=\"1294\"><strong data-start=\"1130\" data-end=\"1143\">L\u00f8sning:<\/strong><br data-start=\"1143\" data-end=\"1146\" \/>Dette r\u00f8rutvidelsesverkt\u00f8ysettet sikrer presis innretting og sikker klemming, noe som gir sterke, p\u00e5litelige utbukkinger som oppfyller reparasjonsstandardene for bilindustrien. Trygge reparasjoner starter med n\u00f8yaktige verkt\u00f8y.<\/p>\n<p data-start=\"1130\" data-end=\"1294\"><img decoding=\"async\" class=\" wp-image-27012 aligncenter\" src=\"https:\/\/mekulo.com\/template\/wp-content\/uploads\/sites\/6\/2026\/03\/122122-ezgif.com-video-to-webp-converter-1.webp\" alt=\"\" width=\"552\" height=\"552\" \/><\/p>\n<h2 style=\"text-align: center\" data-start=\"1342\" data-end=\"1368\">\ud83c\udfce Perfekt for<\/h2>\n<ul data-start=\"1384\" data-end=\"1515\">\n<li data-start=\"1384\" data-end=\"1406\">\n<p data-start=\"1386\" data-end=\"1406\">Reparasjoner av bremseledninger<\/p>\n<\/li>\n<li data-start=\"1407\" data-end=\"1432\">\n<p data-start=\"1409\" data-end=\"1432\">Vedlikehold av drivstoffledninger<\/p>\n<\/li>\n<li data-start=\"1433\" data-end=\"1468\">\n<p data-start=\"1435\" data-end=\"1468\">Restaureringsprosjekter for biler<\/p>\n<\/li>\n<li data-start=\"1469\" data-end=\"1495\">\n<p data-start=\"1471\" data-end=\"1495\">Profesjonelle mekanikere<\/p>\n<\/li>\n<li data-start=\"1496\" data-end=\"1515\">\n<p data-start=\"1498\" data-end=\"1515\">DIY-verkstedarbeid<\/p>\n<\/li>\n<\/ul>\n<p data-start=\"1517\" data-end=\"1619\">Uansett om du restaurerer en klassisk bil eller reparerer daglige sj\u00e5f\u00f8rer, gir det p\u00e5litelig ytelse.<\/p>\n<h2 style=\"text-align: center\" data-start=\"1626\" data-end=\"1642\">\u2699\ufe0f Slik bruker du det<\/h2>\n<ol data-start=\"1644\" data-end=\"1805\">\n<li data-start=\"1644\" data-end=\"1683\">\n<p data-start=\"1647\" data-end=\"1683\">Klipp r\u00f8ret rent til \u00f8nsket lengde.<\/p>\n<\/li>\n<li data-start=\"1684\" data-end=\"1720\">\n<p data-start=\"1687\" data-end=\"1720\">Sett det inn i klemmen og still inn dybden.<\/p>\n<\/li>\n<li data-start=\"1721\" data-end=\"1747\">\n<p data-start=\"1724\" data-end=\"1747\">L\u00e5s justeringssystemet.<\/p>\n<\/li>\n<li data-start=\"1748\" data-end=\"1780\">\n<p data-start=\"1751\" data-end=\"1780\">Form enkel eller dobbel utbl\u00e5sning.<\/p>\n<\/li>\n<li data-start=\"1781\" data-end=\"1805\">\n<p data-start=\"1784\" data-end=\"1805\">Inspiser og installer.<\/p>\n<\/li>\n<\/ol>\n<h2 style=\"text-align: center\" data-start=\"1854\" data-end=\"1875\">\ud83d\udcd0 Produktdetaljer<\/h2>\n<ul data-start=\"1877\" data-end=\"2087\">\n<li data-start=\"1926\" data-end=\"1955\">\n<p data-start=\"1928\" data-end=\"1955\">Materiale: Metall + ABS<\/p>\n<\/li>\n<li data-start=\"1956\" data-end=\"1997\">\n<p data-start=\"1958\" data-end=\"1997\">Flare st\u00f8rrelser: 0,5 cm &amp; 0,6 cm<\/p>\n<\/li>\n<li data-start=\"1998\" data-end=\"2033\">\n<p data-start=\"2000\" data-end=\"2033\">Flare type: Enkelt &amp; Dobbelt<\/p>\n<\/li>\n<li data-start=\"2034\" data-end=\"2087\">\n<p data-start=\"2036\" data-end=\"2087\">Design: Kompakt, lav profil for trange rom<\/p>\n<\/li>\n<li data-start=\"2034\" data-end=\"2087\">St\u00f8rrelse p\u00e5 settet: 90 x 150 x 50 mm<\/li>\n<\/ul>\n<h2 style=\"text-align: center\" data-start=\"2136\" data-end=\"2158\">\ud83d\udce6 Pakken inneholder<\/h2>\n<ul data-start=\"2160\" data-end=\"2191\">\n<li data-start=\"2160\" data-end=\"2191\">\n<p data-start=\"2162\" data-end=\"2191\">1x r\u00f8rutvidelsesverkt\u00f8ysett.<\/p>\n<\/li>\n<\/ul>\n","protected":false},"excerpt":{"rendered":"<p>\ud83e\uddf0Presisjonsutvidelser. P\u00e5litelige bremseledninger.<br \/>\n\ud83e\uddd1\u200d\ud83d\udd27Profesjonell grad\u00a0av fakling p\u00e5 trange steder.<br \/>\n<span style=\"font-size: 16px;font-style: normal;font-weight: 400\">\ud83d\ude97<\/span>Designet for reparasjoner av bremse- og drivstoffledninger i biler, gir dette r\u00f8rutvidelsesverkt\u00f8ysettet rene, n\u00f8yaktige faklinger med maksimal kontroll og stabilitet.<\/p>\n","protected":false},"featured_media":27231,"comment_status":"open","ping_status":"closed","template":"","meta":{"site-sidebar-layout":"default","site-content-layout":"","ast-site-content-layout":"default","site-content-style":"default","site-sidebar-style":"default","ast-global-header-display":"","ast-banner-title-visibility":"","ast-main-header-display":"","ast-hfb-above-header-display":"","ast-hfb-below-header-display":"","ast-hfb-mobile-header-display":"","site-post-title":"","ast-breadcrumbs-content":"","ast-featured-img":"","footer-sml-layout":"","theme-transparent-header-meta":"default","adv-header-id-meta":"","stick-header-meta":"","header-above-stick-meta":"","header-main-stick-meta":"","header-below-stick-meta":"","astra-migrate-meta-layouts":"set","ast-page-background-enabled":"default","ast-page-background-meta":{"desktop":{"background-color":"var(--ast-global-color-5)","background-image":"","background-repeat":"repeat","background-position":"center center","background-size":"auto","background-attachment":"scroll","background-type":"","background-media":"","overlay-type":"","overlay-color":"","overlay-opacity":"","overlay-gradient":""},"tablet":{"background-color":"","background-image":"","background-repeat":"repeat","background-position":"center center","background-size":"auto","background-attachment":"scroll","background-type":"","background-media":"","overlay-type":"","overlay-color":"","overlay-opacity":"","overlay-gradient":""},"mobile":{"background-color":"","background-image":"","background-repeat":"repeat","background-position":"center center","background-size":"auto","background-attachment":"scroll","background-type":"","background-media":"","overlay-type":"","overlay-color":"","overlay-opacity":"","overlay-gradient":""}},"ast-content-background-meta":{"desktop":{"background-color":"var(--ast-global-color-4)","background-image":"","background-repeat":"repeat","background-position":"center center","background-size":"auto","background-attachment":"scroll","background-type":"","background-media":"","overlay-type":"","overlay-color":"","overlay-opacity":"","overlay-gradient":""},"tablet":{"background-color":"var(--ast-global-color-4)","background-image":"","background-repeat":"repeat","background-position":"center center","background-size":"auto","background-attachment":"scroll","background-type":"","background-media":"","overlay-type":"","overlay-color":"","overlay-opacity":"","overlay-gradient":""},"mobile":{"background-color":"var(--ast-global-color-4)","background-image":"","background-repeat":"repeat","background-position":"center center","background-size":"auto","background-attachment":"scroll","background-type":"","background-media":"","overlay-type":"","overlay-color":"","overlay-opacity":"","overlay-gradient":""}}},"product_brand":[],"product_cat":[171],"product_tag":[],"class_list":{"0":"post-27235","1":"product","2":"type-product","3":"status-publish","4":"has-post-thumbnail","6":"product_cat-verktoy","7":"desktop-align-left","8":"tablet-align-left","9":"mobile-align-left","11":"first","12":"instock","13":"shipping-taxable","14":"purchasable","15":"product-type-simple"},"yoast_head":"<!-- This site is optimized with the Yoast SEO plugin v26.6 - https:\/\/yoast.com\/wordpress\/plugins\/seo\/ -->\n<title>Verkt\u00f8ysett for utvidelse av r\u00f8r - Mekulo NO<\/title>\n<meta name=\"robots\" content=\"index, follow, max-snippet:-1, max-image-preview:large, max-video-preview:-1\" \/>\n<link rel=\"canonical\" href=\"https:\/\/mekulo.com\/no\/produkt\/verktoysett-for-utvidelse-av-ror\/\" \/>\n<meta property=\"og:locale\" content=\"nb_NO\" \/>\n<meta property=\"og:type\" content=\"article\" \/>\n<meta property=\"og:title\" content=\"Verkt\u00f8ysett for utvidelse av r\u00f8r - Mekulo NO\" \/>\n<meta property=\"og:description\" content=\"\ud83e\uddf0Presisjonsutvidelser. P\u00e5litelige bremseledninger. \ud83e\uddd1\u200d\ud83d\udd27Profesjonell grad\u00a0av fakling p\u00e5 trange steder. \ud83d\ude97Designet for reparasjoner av bremse- og drivstoffledninger i biler, gir dette r\u00f8rutvidelsesverkt\u00f8ysettet rene, n\u00f8yaktige faklinger med maksimal kontroll og stabilitet.\" \/>\n<meta property=\"og:url\" content=\"https:\/\/mekulo.com\/no\/produkt\/verktoysett-for-utvidelse-av-ror\/\" \/>\n<meta property=\"og:site_name\" content=\"Mekulo NO\" \/>\n<meta property=\"article:modified_time\" content=\"2026-04-10T15:25:34+00:00\" \/>\n<meta property=\"og:image\" content=\"https:\/\/mekulo.com\/no\/wp-content\/uploads\/sites\/10\/2026\/04\/t5w7q1b-1.jpg\" \/>\n\t<meta property=\"og:image:width\" content=\"1001\" \/>\n\t<meta property=\"og:image:height\" content=\"1001\" \/>\n\t<meta property=\"og:image:type\" content=\"image\/jpeg\" \/>\n<meta name=\"twitter:card\" content=\"summary_large_image\" \/>\n<meta name=\"twitter:label1\" content=\"Ansl. lesetid\" \/>\n\t<meta name=\"twitter:data1\" content=\"2 minutter\" \/>\n<script type=\"application\/ld+json\" class=\"yoast-schema-graph\">{\"@context\":\"https:\/\/schema.org\",\"@graph\":[{\"@type\":\"WebPage\",\"@id\":\"https:\/\/mekulo.com\/no\/produkt\/verktoysett-for-utvidelse-av-ror\/\",\"url\":\"https:\/\/mekulo.com\/no\/produkt\/verktoysett-for-utvidelse-av-ror\/\",\"name\":\"Verkt\u00f8ysett for utvidelse av r\u00f8r - Mekulo NO\",\"isPartOf\":{\"@id\":\"https:\/\/mekulo.com\/no\/#website\"},\"primaryImageOfPage\":{\"@id\":\"https:\/\/mekulo.com\/no\/produkt\/verktoysett-for-utvidelse-av-ror\/#primaryimage\"},\"image\":{\"@id\":\"https:\/\/mekulo.com\/no\/produkt\/verktoysett-for-utvidelse-av-ror\/#primaryimage\"},\"thumbnailUrl\":\"https:\/\/mekulo.com\/no\/wp-content\/uploads\/sites\/10\/2026\/04\/t5w7q1b-1.jpg\",\"datePublished\":\"2026-04-09T18:52:26+00:00\",\"dateModified\":\"2026-04-10T15:25:34+00:00\",\"breadcrumb\":{\"@id\":\"https:\/\/mekulo.com\/no\/produkt\/verktoysett-for-utvidelse-av-ror\/#breadcrumb\"},\"inLanguage\":\"nb-NO\",\"potentialAction\":[{\"@type\":\"ReadAction\",\"target\":[\"https:\/\/mekulo.com\/no\/produkt\/verktoysett-for-utvidelse-av-ror\/\"]}]},{\"@type\":\"ImageObject\",\"inLanguage\":\"nb-NO\",\"@id\":\"https:\/\/mekulo.com\/no\/produkt\/verktoysett-for-utvidelse-av-ror\/#primaryimage\",\"url\":\"https:\/\/mekulo.com\/no\/wp-content\/uploads\/sites\/10\/2026\/04\/t5w7q1b-1.jpg\",\"contentUrl\":\"https:\/\/mekulo.com\/no\/wp-content\/uploads\/sites\/10\/2026\/04\/t5w7q1b-1.jpg\",\"width\":1001,\"height\":1001},{\"@type\":\"BreadcrumbList\",\"@id\":\"https:\/\/mekulo.com\/no\/produkt\/verktoysett-for-utvidelse-av-ror\/#breadcrumb\",\"itemListElement\":[{\"@type\":\"ListItem\",\"position\":1,\"name\":\"Home\",\"item\":\"https:\/\/mekulo.com\/no\/\"},{\"@type\":\"ListItem\",\"position\":2,\"name\":\"Butikk\",\"item\":\"https:\/\/mekulo.com\/no\/butikk\/\"},{\"@type\":\"ListItem\",\"position\":3,\"name\":\"Verkt\u00f8ysett for utvidelse av r\u00f8r\"}]},{\"@type\":\"WebSite\",\"@id\":\"https:\/\/mekulo.com\/no\/#website\",\"url\":\"https:\/\/mekulo.com\/no\/\",\"name\":\"Mekulo NO\",\"description\":\"\",\"publisher\":{\"@id\":\"https:\/\/mekulo.com\/no\/#organization\"},\"potentialAction\":[{\"@type\":\"SearchAction\",\"target\":{\"@type\":\"EntryPoint\",\"urlTemplate\":\"https:\/\/mekulo.com\/no\/?s={search_term_string}\"},\"query-input\":{\"@type\":\"PropertyValueSpecification\",\"valueRequired\":true,\"valueName\":\"search_term_string\"}}],\"inLanguage\":\"nb-NO\"},{\"@type\":\"Organization\",\"@id\":\"https:\/\/mekulo.com\/no\/#organization\",\"name\":\"Mekulo\",\"url\":\"https:\/\/mekulo.com\/no\/\",\"logo\":{\"@type\":\"ImageObject\",\"inLanguage\":\"nb-NO\",\"@id\":\"https:\/\/mekulo.com\/no\/#\/schema\/logo\/image\/\",\"url\":\"https:\/\/mekulo.com\/no\/wp-content\/uploads\/sites\/10\/2025\/12\/favicon_mekulo.png\",\"contentUrl\":\"https:\/\/mekulo.com\/no\/wp-content\/uploads\/sites\/10\/2025\/12\/favicon_mekulo.png\",\"width\":50,\"height\":50,\"caption\":\"Mekulo\"},\"image\":{\"@id\":\"https:\/\/mekulo.com\/no\/#\/schema\/logo\/image\/\"}}]}<\/script>\n<!-- \/ Yoast SEO plugin. -->","yoast_head_json":{"title":"Verkt\u00f8ysett for utvidelse av r\u00f8r - Mekulo NO","robots":{"index":"index","follow":"follow","max-snippet":"max-snippet:-1","max-image-preview":"max-image-preview:large","max-video-preview":"max-video-preview:-1"},"canonical":"https:\/\/mekulo.com\/no\/produkt\/verktoysett-for-utvidelse-av-ror\/","og_locale":"nb_NO","og_type":"article","og_title":"Verkt\u00f8ysett for utvidelse av r\u00f8r - Mekulo NO","og_description":"\ud83e\uddf0Presisjonsutvidelser. P\u00e5litelige bremseledninger. \ud83e\uddd1\u200d\ud83d\udd27Profesjonell grad\u00a0av fakling p\u00e5 trange steder. \ud83d\ude97Designet for reparasjoner av bremse- og drivstoffledninger i biler, gir dette r\u00f8rutvidelsesverkt\u00f8ysettet rene, n\u00f8yaktige faklinger med maksimal kontroll og stabilitet.","og_url":"https:\/\/mekulo.com\/no\/produkt\/verktoysett-for-utvidelse-av-ror\/","og_site_name":"Mekulo NO","article_modified_time":"2026-04-10T15:25:34+00:00","og_image":[{"width":1001,"height":1001,"url":"https:\/\/mekulo.com\/no\/wp-content\/uploads\/sites\/10\/2026\/04\/t5w7q1b-1.jpg","type":"image\/jpeg"}],"twitter_card":"summary_large_image","twitter_misc":{"Ansl. lesetid":"2 minutter"},"schema":{"@context":"https:\/\/schema.org","@graph":[{"@type":"WebPage","@id":"https:\/\/mekulo.com\/no\/produkt\/verktoysett-for-utvidelse-av-ror\/","url":"https:\/\/mekulo.com\/no\/produkt\/verktoysett-for-utvidelse-av-ror\/","name":"Verkt\u00f8ysett for utvidelse av r\u00f8r - Mekulo NO","isPartOf":{"@id":"https:\/\/mekulo.com\/no\/#website"},"primaryImageOfPage":{"@id":"https:\/\/mekulo.com\/no\/produkt\/verktoysett-for-utvidelse-av-ror\/#primaryimage"},"image":{"@id":"https:\/\/mekulo.com\/no\/produkt\/verktoysett-for-utvidelse-av-ror\/#primaryimage"},"thumbnailUrl":"https:\/\/mekulo.com\/no\/wp-content\/uploads\/sites\/10\/2026\/04\/t5w7q1b-1.jpg","datePublished":"2026-04-09T18:52:26+00:00","dateModified":"2026-04-10T15:25:34+00:00","breadcrumb":{"@id":"https:\/\/mekulo.com\/no\/produkt\/verktoysett-for-utvidelse-av-ror\/#breadcrumb"},"inLanguage":"nb-NO","potentialAction":[{"@type":"ReadAction","target":["https:\/\/mekulo.com\/no\/produkt\/verktoysett-for-utvidelse-av-ror\/"]}]},{"@type":"ImageObject","inLanguage":"nb-NO","@id":"https:\/\/mekulo.com\/no\/produkt\/verktoysett-for-utvidelse-av-ror\/#primaryimage","url":"https:\/\/mekulo.com\/no\/wp-content\/uploads\/sites\/10\/2026\/04\/t5w7q1b-1.jpg","contentUrl":"https:\/\/mekulo.com\/no\/wp-content\/uploads\/sites\/10\/2026\/04\/t5w7q1b-1.jpg","width":1001,"height":1001},{"@type":"BreadcrumbList","@id":"https:\/\/mekulo.com\/no\/produkt\/verktoysett-for-utvidelse-av-ror\/#breadcrumb","itemListElement":[{"@type":"ListItem","position":1,"name":"Home","item":"https:\/\/mekulo.com\/no\/"},{"@type":"ListItem","position":2,"name":"Butikk","item":"https:\/\/mekulo.com\/no\/butikk\/"},{"@type":"ListItem","position":3,"name":"Verkt\u00f8ysett for utvidelse av r\u00f8r"}]},{"@type":"WebSite","@id":"https:\/\/mekulo.com\/no\/#website","url":"https:\/\/mekulo.com\/no\/","name":"Mekulo NO","description":"","publisher":{"@id":"https:\/\/mekulo.com\/no\/#organization"},"potentialAction":[{"@type":"SearchAction","target":{"@type":"EntryPoint","urlTemplate":"https:\/\/mekulo.com\/no\/?s={search_term_string}"},"query-input":{"@type":"PropertyValueSpecification","valueRequired":true,"valueName":"search_term_string"}}],"inLanguage":"nb-NO"},{"@type":"Organization","@id":"https:\/\/mekulo.com\/no\/#organization","name":"Mekulo","url":"https:\/\/mekulo.com\/no\/","logo":{"@type":"ImageObject","inLanguage":"nb-NO","@id":"https:\/\/mekulo.com\/no\/#\/schema\/logo\/image\/","url":"https:\/\/mekulo.com\/no\/wp-content\/uploads\/sites\/10\/2025\/12\/favicon_mekulo.png","contentUrl":"https:\/\/mekulo.com\/no\/wp-content\/uploads\/sites\/10\/2025\/12\/favicon_mekulo.png","width":50,"height":50,"caption":"Mekulo"},"image":{"@id":"https:\/\/mekulo.com\/no\/#\/schema\/logo\/image\/"}}]}},"_links":{"self":[{"href":"https:\/\/mekulo.com\/no\/wp-json\/wp\/v2\/product\/27235","targetHints":{"allow":["GET"]}}],"collection":[{"href":"https:\/\/mekulo.com\/no\/wp-json\/wp\/v2\/product"}],"about":[{"href":"https:\/\/mekulo.com\/no\/wp-json\/wp\/v2\/types\/product"}],"replies":[{"embeddable":true,"href":"https:\/\/mekulo.com\/no\/wp-json\/wp\/v2\/comments?post=27235"}],"wp:featuredmedia":[{"embeddable":true,"href":"https:\/\/mekulo.com\/no\/wp-json\/wp\/v2\/media\/27231"}],"wp:attachment":[{"href":"https:\/\/mekulo.com\/no\/wp-json\/wp\/v2\/media?parent=27235"}],"wp:term":[{"taxonomy":"product_brand","embeddable":true,"href":"https:\/\/mekulo.com\/no\/wp-json\/wp\/v2\/product_brand?post=27235"},{"taxonomy":"product_cat","embeddable":true,"href":"https:\/\/mekulo.com\/no\/wp-json\/wp\/v2\/product_cat?post=27235"},{"taxonomy":"product_tag","embeddable":true,"href":"https:\/\/mekulo.com\/no\/wp-json\/wp\/v2\/product_tag?post=27235"}],"curies":[{"name":"wp","href":"https:\/\/api.w.org\/{rel}","templated":true}]}}