{"id":27203,"date":"2026-04-09T21:45:17","date_gmt":"2026-04-09T18:45:17","guid":{"rendered":"https:\/\/mekulo.com\/no\/produkt\/justerbar-rorklemme\/"},"modified":"2026-04-09T21:45:24","modified_gmt":"2026-04-09T18:45:24","slug":"justerbar-rorklemme","status":"publish","type":"product","link":"https:\/\/mekulo.com\/no\/produkt\/justerbar-rorklemme\/","title":{"rendered":"Justerbar r\u00f8rklemme"},"content":{"rendered":"<h2 style=\"text-align: center\" data-start=\"329\" data-end=\"345\">\u2728 L\u00f8ftet<\/h2>\n<p style=\"text-align: center\" data-start=\"347\" data-end=\"410\">Rask stramming.<br data-start=\"363\" data-end=\"366\" \/>Stabil posisjonering.<br data-start=\"385\" data-end=\"388\" \/>Profesjonell n\u00f8yaktighet.<\/p>\n<p data-start=\"347\" data-end=\"410\"><img fetchpriority=\"high\" decoding=\"async\" class=\" wp-image-26985 aligncenter\" src=\"https:\/\/mekulo.com\/template\/wp-content\/uploads\/sites\/6\/2026\/03\/122117-ezgif.com-video-to-webp-converter-1.webp\" alt=\"\" width=\"551\" height=\"551\" \/><\/p>\n<h2 style=\"text-align: center\" data-start=\"417\" data-end=\"435\">\u2705 Hovedfordeler<\/h2>\n<p data-start=\"439\" data-end=\"535\">\ud83d\udd29 Rask stramming p\u00e5 8 sekunder &#8211; A3 trapesformet gjengedesign gir rask, sikker klemming.<\/p>\n<p data-start=\"539\" data-end=\"639\">\ud83d\udcd0 10\u00b0-180\u00b0 justerbar vinkel &#8211; Tilpass posisjonering for r\u00f8r, plater og forskjellige materialer.<\/p>\n<p data-start=\"643\" data-end=\"739\">\u2699\ufe0f Justerbar klemmekraft &#8211; Finjuster trykket for presisjon uten \u00e5 skade overflater.<\/p>\n<p data-start=\"743\" data-end=\"836\">\ud83d\udee1 Korrosjons- og slitestyrke &#8211; Slitesterk, st\u00f8pt aluminium for t\u00f8ffe milj\u00f8er.<\/p>\n<p data-start=\"840\" data-end=\"914\">\ud83d\udd04 Enkel \u00e5 demontere &#8211; Fleksibelt oppsett for ulike prosjektbehov.<\/p>\n<p data-start=\"918\" data-end=\"990\">\ud83c\udf92 Kompakt og b\u00e6rbar &#8211; Lett design som er ideell for arbeid p\u00e5 stedet.<\/p>\n<h2 style=\"text-align: center\" data-start=\"997\" data-end=\"1020\">\u2757 Problem \u2192 L\u00f8sning<\/h2>\n<p data-start=\"1022\" data-end=\"1123\"><strong data-start=\"1022\" data-end=\"1034\">Problem:<\/strong><br data-start=\"1034\" data-end=\"1037\" \/>Ustabile materialer f\u00f8rer til feiljustering, svake sveiser og bortkastet tid p\u00e5 \u00e5 justere klemmene.<\/p>\n<p data-start=\"1125\" data-end=\"1297\"><strong data-start=\"1125\" data-end=\"1138\">L\u00f8sning:<\/strong><br data-start=\"1138\" data-end=\"1141\" \/>Denne justerbare r\u00f8rklemmen gir et fast, tilpassbart grep og vinkelpresisjon &#8211; og holder materialene dine sikre slik at du kan jobbe trygt og effektivt.<\/p>\n<p data-start=\"1125\" data-end=\"1297\"><img decoding=\"async\" class=\" wp-image-26984 aligncenter\" src=\"https:\/\/mekulo.com\/template\/wp-content\/uploads\/sites\/6\/2026\/03\/122118-ezgif.com-video-to-webp-converter-1.webp\" alt=\"\" width=\"551\" height=\"551\" \/><\/p>\n<h2 style=\"text-align: center\" data-start=\"1336\" data-end=\"1362\">\ud83c\udfd7 Perfekt for<\/h2>\n<ul data-start=\"1378\" data-end=\"1496\">\n<li data-start=\"1378\" data-end=\"1406\">\n<p data-start=\"1380\" data-end=\"1406\">Sveising av r\u00f8r og rammer<\/p>\n<\/li>\n<li data-start=\"1407\" data-end=\"1429\">\n<p data-start=\"1409\" data-end=\"1429\">Sveising av trearbeid<\/p>\n<\/li>\n<li data-start=\"1430\" data-end=\"1447\">\n<p data-start=\"1432\" data-end=\"1447\">Snekring av skj\u00f8ter<\/p>\n<\/li>\n<li data-start=\"1448\" data-end=\"1467\">\n<p data-start=\"1450\" data-end=\"1467\">Kabinettbygging<\/p>\n<\/li>\n<li data-start=\"1468\" data-end=\"1496\">\n<p data-start=\"1470\" data-end=\"1496\">DIY-fabrikasjon<\/p>\n<\/li>\n<\/ul>\n<p data-start=\"1498\" data-end=\"1572\">Uansett om det er i et profesjonelt verksted eller hjemme, holder den materialene dine stabile.<\/p>\n<h2 style=\"text-align: center\" data-start=\"1579\" data-end=\"1595\">\u2699\ufe0f Slik bruker du den<\/h2>\n<ol data-start=\"1597\" data-end=\"1744\">\n<li data-start=\"1597\" data-end=\"1637\">\n<p data-start=\"1600\" data-end=\"1637\">Posisjoner materialene i \u00f8nsket vinkel.<\/p>\n<\/li>\n<li data-start=\"1638\" data-end=\"1676\">\n<p data-start=\"1641\" data-end=\"1676\">Juster klemmen mellom 10\u00b0 og 180\u00b0.<\/p>\n<\/li>\n<li data-start=\"1677\" data-end=\"1710\">\n<p data-start=\"1680\" data-end=\"1710\">Stram til ved hjelp av rask rotasjon.<\/p>\n<\/li>\n<li data-start=\"1711\" data-end=\"1744\">\n<p data-start=\"1714\" data-end=\"1744\">Finjuster trykket etter behov.<\/p>\n<\/li>\n<\/ol>\n<h2 style=\"text-align: center\" data-start=\"1776\" data-end=\"1797\">\ud83d\udcd0 Produktdetaljer<\/h2>\n<ul data-start=\"1799\" data-end=\"2024\">\n<li data-start=\"1799\" data-end=\"1848\">\n<p data-start=\"1801\" data-end=\"1848\">Materiale: H\u00f8yfast st\u00f8pt aluminium<\/p>\n<\/li>\n<li data-start=\"1849\" data-end=\"1883\">\n<p data-start=\"1851\" data-end=\"1883\">Justerbar vinkel: 10\u00b0\u2013180\u00b0<\/p>\n<\/li>\n<li data-start=\"1884\" data-end=\"1915\">\n<p data-start=\"1886\" data-end=\"1915\">Klemmeomr\u00e5de: 1-40 mm<\/p>\n<\/li>\n<li data-start=\"1916\" data-end=\"1970\">\n<p data-start=\"1918\" data-end=\"1970\">Design: Trapesformet gjenge for rask stramming<\/p>\n<\/li>\n<li data-start=\"1971\" data-end=\"2024\">\n<p data-start=\"1973\" data-end=\"2024\">Bruk: Sveising, trebearbeiding, DIY, m\u00f8belsnekring<\/p>\n<\/li>\n<li data-start=\"1971\" data-end=\"2024\">St\u00f8rrelser: Alternativ A: 140 x 120 mm, alternativ B: 277 x 123 mm<\/li>\n<\/ul>\n<h2 style=\"text-align: center\" data-start=\"2068\" data-end=\"2090\">\ud83d\udce6 Pakken inneholder<\/h2>\n<ul data-start=\"2092\" data-end=\"2121\">\n<li data-start=\"2092\" data-end=\"2121\">\n<p data-start=\"2094\" data-end=\"2121\">1x justerbar r\u00f8rklemme.<\/p>\n<\/li>\n<\/ul>\n","protected":false},"excerpt":{"rendered":"<p>\ud83d\udd29Presisjonsgrep. Total kontroll.<br \/>\n\ud83e\uddf0L\u00e5s den p\u00e5 plass &#8211; akkurat slik du trenger den.<br \/>\n\ud83d\udc68\u200d\ud83d\udd27Built Denne justerbare r\u00f8rklemmen er laget av h\u00f8yfast, trykkst\u00f8pt aluminium og gir sikker holdekraft med fleksibel vinkelkontroll for sveising, trearbeid og gj\u00f8r-det-selv-prosjekter.<\/p>\n","protected":false},"featured_media":27199,"comment_status":"open","ping_status":"closed","template":"","meta":{"site-sidebar-layout":"default","site-content-layout":"","ast-site-content-layout":"default","site-content-style":"default","site-sidebar-style":"default","ast-global-header-display":"","ast-banner-title-visibility":"","ast-main-header-display":"","ast-hfb-above-header-display":"","ast-hfb-below-header-display":"","ast-hfb-mobile-header-display":"","site-post-title":"","ast-breadcrumbs-content":"","ast-featured-img":"","footer-sml-layout":"","ast-disable-related-posts":"","theme-transparent-header-meta":"default","adv-header-id-meta":"","stick-header-meta":"","header-above-stick-meta":"","header-main-stick-meta":"","header-below-stick-meta":"","astra-migrate-meta-layouts":"set","ast-page-background-enabled":"default","ast-page-background-meta":{"desktop":{"background-color":"var(--ast-global-color-5)","background-image":"","background-repeat":"repeat","background-position":"center center","background-size":"auto","background-attachment":"scroll","background-type":"","background-media":"","overlay-type":"","overlay-color":"","overlay-opacity":"","overlay-gradient":""},"tablet":{"background-color":"","background-image":"","background-repeat":"repeat","background-position":"center center","background-size":"auto","background-attachment":"scroll","background-type":"","background-media":"","overlay-type":"","overlay-color":"","overlay-opacity":"","overlay-gradient":""},"mobile":{"background-color":"","background-image":"","background-repeat":"repeat","background-position":"center center","background-size":"auto","background-attachment":"scroll","background-type":"","background-media":"","overlay-type":"","overlay-color":"","overlay-opacity":"","overlay-gradient":""}},"ast-content-background-meta":{"desktop":{"background-color":"var(--ast-global-color-4)","background-image":"","background-repeat":"repeat","background-position":"center center","background-size":"auto","background-attachment":"scroll","background-type":"","background-media":"","overlay-type":"","overlay-color":"","overlay-opacity":"","overlay-gradient":""},"tablet":{"background-color":"var(--ast-global-color-4)","background-image":"","background-repeat":"repeat","background-position":"center center","background-size":"auto","background-attachment":"scroll","background-type":"","background-media":"","overlay-type":"","overlay-color":"","overlay-opacity":"","overlay-gradient":""},"mobile":{"background-color":"var(--ast-global-color-4)","background-image":"","background-repeat":"repeat","background-position":"center center","background-size":"auto","background-attachment":"scroll","background-type":"","background-media":"","overlay-type":"","overlay-color":"","overlay-opacity":"","overlay-gradient":""}}},"product_brand":[],"product_cat":[171],"product_tag":[],"class_list":{"0":"post-27203","1":"product","2":"type-product","3":"status-publish","4":"has-post-thumbnail","6":"product_cat-verktoy","7":"pa_65236_9gjta7re-a","8":"pa_65236_9gjta7re-b","9":"desktop-align-left","10":"tablet-align-left","11":"mobile-align-left","13":"first","14":"instock","15":"shipping-taxable","16":"purchasable","17":"product-type-variable"},"yoast_head":"<!-- This site is optimized with the Yoast SEO plugin v27.4 - https:\/\/yoast.com\/product\/yoast-seo-wordpress\/ -->\n<title>Justerbar r\u00f8rklemme - Mekulo NO<\/title>\n<meta name=\"robots\" content=\"index, follow, max-snippet:-1, max-image-preview:large, max-video-preview:-1\" \/>\n<link rel=\"canonical\" href=\"https:\/\/mekulo.com\/no\/produkt\/justerbar-rorklemme\/\" \/>\n<meta property=\"og:locale\" content=\"de_DE\" \/>\n<meta property=\"og:type\" content=\"article\" \/>\n<meta property=\"og:title\" content=\"Justerbar r\u00f8rklemme - Mekulo NO\" \/>\n<meta property=\"og:description\" content=\"\ud83d\udd29Presisjonsgrep. Total kontroll. \ud83e\uddf0L\u00e5s den p\u00e5 plass - akkurat slik du trenger den. \ud83d\udc68\u200d\ud83d\udd27Built Denne justerbare r\u00f8rklemmen er laget av h\u00f8yfast, trykkst\u00f8pt aluminium og gir sikker holdekraft med fleksibel vinkelkontroll for sveising, trearbeid og gj\u00f8r-det-selv-prosjekter.\" \/>\n<meta property=\"og:url\" content=\"https:\/\/mekulo.com\/no\/produkt\/justerbar-rorklemme\/\" \/>\n<meta property=\"og:site_name\" content=\"Mekulo NO\" \/>\n<meta property=\"article:modified_time\" content=\"2026-04-09T18:45:24+00:00\" \/>\n<meta property=\"og:image\" content=\"https:\/\/mekulo.com\/no\/wp-content\/uploads\/sites\/10\/2026\/04\/ywy5upp-1.jpg\" \/>\n\t<meta property=\"og:image:width\" content=\"960\" \/>\n\t<meta property=\"og:image:height\" content=\"960\" \/>\n\t<meta property=\"og:image:type\" content=\"image\/jpeg\" \/>\n<meta name=\"twitter:card\" content=\"summary_large_image\" \/>\n<meta name=\"twitter:label1\" content=\"Gesch\u00e4tzte Lesezeit\" \/>\n\t<meta name=\"twitter:data1\" content=\"2\u00a0Minuten\" \/>\n<script type=\"application\/ld+json\" class=\"yoast-schema-graph\">{\"@context\":\"https:\\\/\\\/schema.org\",\"@graph\":[{\"@type\":\"WebPage\",\"@id\":\"https:\\\/\\\/mekulo.com\\\/no\\\/produkt\\\/justerbar-rorklemme\\\/\",\"url\":\"https:\\\/\\\/mekulo.com\\\/no\\\/produkt\\\/justerbar-rorklemme\\\/\",\"name\":\"Justerbar r\u00f8rklemme - Mekulo NO\",\"isPartOf\":{\"@id\":\"https:\\\/\\\/mekulo.com\\\/no\\\/#website\"},\"primaryImageOfPage\":{\"@id\":\"https:\\\/\\\/mekulo.com\\\/no\\\/produkt\\\/justerbar-rorklemme\\\/#primaryimage\"},\"image\":{\"@id\":\"https:\\\/\\\/mekulo.com\\\/no\\\/produkt\\\/justerbar-rorklemme\\\/#primaryimage\"},\"thumbnailUrl\":\"https:\\\/\\\/mekulo.com\\\/no\\\/wp-content\\\/uploads\\\/sites\\\/10\\\/2026\\\/04\\\/ywy5upp-1.jpg\",\"datePublished\":\"2026-04-09T18:45:17+00:00\",\"dateModified\":\"2026-04-09T18:45:24+00:00\",\"breadcrumb\":{\"@id\":\"https:\\\/\\\/mekulo.com\\\/no\\\/produkt\\\/justerbar-rorklemme\\\/#breadcrumb\"},\"inLanguage\":\"de\",\"potentialAction\":[{\"@type\":\"ReadAction\",\"target\":[\"https:\\\/\\\/mekulo.com\\\/no\\\/produkt\\\/justerbar-rorklemme\\\/\"]}]},{\"@type\":\"ImageObject\",\"inLanguage\":\"de\",\"@id\":\"https:\\\/\\\/mekulo.com\\\/no\\\/produkt\\\/justerbar-rorklemme\\\/#primaryimage\",\"url\":\"https:\\\/\\\/mekulo.com\\\/no\\\/wp-content\\\/uploads\\\/sites\\\/10\\\/2026\\\/04\\\/ywy5upp-1.jpg\",\"contentUrl\":\"https:\\\/\\\/mekulo.com\\\/no\\\/wp-content\\\/uploads\\\/sites\\\/10\\\/2026\\\/04\\\/ywy5upp-1.jpg\",\"width\":960,\"height\":960},{\"@type\":\"BreadcrumbList\",\"@id\":\"https:\\\/\\\/mekulo.com\\\/no\\\/produkt\\\/justerbar-rorklemme\\\/#breadcrumb\",\"itemListElement\":[{\"@type\":\"ListItem\",\"position\":1,\"name\":\"Home\",\"item\":\"https:\\\/\\\/mekulo.com\\\/no\\\/\"},{\"@type\":\"ListItem\",\"position\":2,\"name\":\"Butikk\",\"item\":\"https:\\\/\\\/mekulo.com\\\/no\\\/butikk\\\/\"},{\"@type\":\"ListItem\",\"position\":3,\"name\":\"Justerbar r\u00f8rklemme\"}]},{\"@type\":\"WebSite\",\"@id\":\"https:\\\/\\\/mekulo.com\\\/no\\\/#website\",\"url\":\"https:\\\/\\\/mekulo.com\\\/no\\\/\",\"name\":\"Mekulo NO\",\"description\":\"\",\"publisher\":{\"@id\":\"https:\\\/\\\/mekulo.com\\\/no\\\/#organization\"},\"potentialAction\":[{\"@type\":\"SearchAction\",\"target\":{\"@type\":\"EntryPoint\",\"urlTemplate\":\"https:\\\/\\\/mekulo.com\\\/no\\\/?s={search_term_string}\"},\"query-input\":{\"@type\":\"PropertyValueSpecification\",\"valueRequired\":true,\"valueName\":\"search_term_string\"}}],\"inLanguage\":\"de\"},{\"@type\":\"Organization\",\"@id\":\"https:\\\/\\\/mekulo.com\\\/no\\\/#organization\",\"name\":\"Mekulo\",\"url\":\"https:\\\/\\\/mekulo.com\\\/no\\\/\",\"logo\":{\"@type\":\"ImageObject\",\"inLanguage\":\"de\",\"@id\":\"https:\\\/\\\/mekulo.com\\\/no\\\/#\\\/schema\\\/logo\\\/image\\\/\",\"url\":\"https:\\\/\\\/mekulo.com\\\/no\\\/wp-content\\\/uploads\\\/sites\\\/10\\\/2025\\\/12\\\/favicon_mekulo.png\",\"contentUrl\":\"https:\\\/\\\/mekulo.com\\\/no\\\/wp-content\\\/uploads\\\/sites\\\/10\\\/2025\\\/12\\\/favicon_mekulo.png\",\"width\":50,\"height\":50,\"caption\":\"Mekulo\"},\"image\":{\"@id\":\"https:\\\/\\\/mekulo.com\\\/no\\\/#\\\/schema\\\/logo\\\/image\\\/\"}}]}<\/script>\n<!-- \/ Yoast SEO plugin. -->","yoast_head_json":{"title":"Justerbar r\u00f8rklemme - Mekulo NO","robots":{"index":"index","follow":"follow","max-snippet":"max-snippet:-1","max-image-preview":"max-image-preview:large","max-video-preview":"max-video-preview:-1"},"canonical":"https:\/\/mekulo.com\/no\/produkt\/justerbar-rorklemme\/","og_locale":"de_DE","og_type":"article","og_title":"Justerbar r\u00f8rklemme - Mekulo NO","og_description":"\ud83d\udd29Presisjonsgrep. Total kontroll. \ud83e\uddf0L\u00e5s den p\u00e5 plass - akkurat slik du trenger den. \ud83d\udc68\u200d\ud83d\udd27Built Denne justerbare r\u00f8rklemmen er laget av h\u00f8yfast, trykkst\u00f8pt aluminium og gir sikker holdekraft med fleksibel vinkelkontroll for sveising, trearbeid og gj\u00f8r-det-selv-prosjekter.","og_url":"https:\/\/mekulo.com\/no\/produkt\/justerbar-rorklemme\/","og_site_name":"Mekulo NO","article_modified_time":"2026-04-09T18:45:24+00:00","og_image":[{"width":960,"height":960,"url":"https:\/\/mekulo.com\/no\/wp-content\/uploads\/sites\/10\/2026\/04\/ywy5upp-1.jpg","type":"image\/jpeg"}],"twitter_card":"summary_large_image","twitter_misc":{"Gesch\u00e4tzte Lesezeit":"2\u00a0Minuten"},"schema":{"@context":"https:\/\/schema.org","@graph":[{"@type":"WebPage","@id":"https:\/\/mekulo.com\/no\/produkt\/justerbar-rorklemme\/","url":"https:\/\/mekulo.com\/no\/produkt\/justerbar-rorklemme\/","name":"Justerbar r\u00f8rklemme - Mekulo NO","isPartOf":{"@id":"https:\/\/mekulo.com\/no\/#website"},"primaryImageOfPage":{"@id":"https:\/\/mekulo.com\/no\/produkt\/justerbar-rorklemme\/#primaryimage"},"image":{"@id":"https:\/\/mekulo.com\/no\/produkt\/justerbar-rorklemme\/#primaryimage"},"thumbnailUrl":"https:\/\/mekulo.com\/no\/wp-content\/uploads\/sites\/10\/2026\/04\/ywy5upp-1.jpg","datePublished":"2026-04-09T18:45:17+00:00","dateModified":"2026-04-09T18:45:24+00:00","breadcrumb":{"@id":"https:\/\/mekulo.com\/no\/produkt\/justerbar-rorklemme\/#breadcrumb"},"inLanguage":"de","potentialAction":[{"@type":"ReadAction","target":["https:\/\/mekulo.com\/no\/produkt\/justerbar-rorklemme\/"]}]},{"@type":"ImageObject","inLanguage":"de","@id":"https:\/\/mekulo.com\/no\/produkt\/justerbar-rorklemme\/#primaryimage","url":"https:\/\/mekulo.com\/no\/wp-content\/uploads\/sites\/10\/2026\/04\/ywy5upp-1.jpg","contentUrl":"https:\/\/mekulo.com\/no\/wp-content\/uploads\/sites\/10\/2026\/04\/ywy5upp-1.jpg","width":960,"height":960},{"@type":"BreadcrumbList","@id":"https:\/\/mekulo.com\/no\/produkt\/justerbar-rorklemme\/#breadcrumb","itemListElement":[{"@type":"ListItem","position":1,"name":"Home","item":"https:\/\/mekulo.com\/no\/"},{"@type":"ListItem","position":2,"name":"Butikk","item":"https:\/\/mekulo.com\/no\/butikk\/"},{"@type":"ListItem","position":3,"name":"Justerbar r\u00f8rklemme"}]},{"@type":"WebSite","@id":"https:\/\/mekulo.com\/no\/#website","url":"https:\/\/mekulo.com\/no\/","name":"Mekulo NO","description":"","publisher":{"@id":"https:\/\/mekulo.com\/no\/#organization"},"potentialAction":[{"@type":"SearchAction","target":{"@type":"EntryPoint","urlTemplate":"https:\/\/mekulo.com\/no\/?s={search_term_string}"},"query-input":{"@type":"PropertyValueSpecification","valueRequired":true,"valueName":"search_term_string"}}],"inLanguage":"de"},{"@type":"Organization","@id":"https:\/\/mekulo.com\/no\/#organization","name":"Mekulo","url":"https:\/\/mekulo.com\/no\/","logo":{"@type":"ImageObject","inLanguage":"de","@id":"https:\/\/mekulo.com\/no\/#\/schema\/logo\/image\/","url":"https:\/\/mekulo.com\/no\/wp-content\/uploads\/sites\/10\/2025\/12\/favicon_mekulo.png","contentUrl":"https:\/\/mekulo.com\/no\/wp-content\/uploads\/sites\/10\/2025\/12\/favicon_mekulo.png","width":50,"height":50,"caption":"Mekulo"},"image":{"@id":"https:\/\/mekulo.com\/no\/#\/schema\/logo\/image\/"}}]}},"_links":{"self":[{"href":"https:\/\/mekulo.com\/no\/wp-json\/wp\/v2\/product\/27203","targetHints":{"allow":["GET"]}}],"collection":[{"href":"https:\/\/mekulo.com\/no\/wp-json\/wp\/v2\/product"}],"about":[{"href":"https:\/\/mekulo.com\/no\/wp-json\/wp\/v2\/types\/product"}],"replies":[{"embeddable":true,"href":"https:\/\/mekulo.com\/no\/wp-json\/wp\/v2\/comments?post=27203"}],"wp:featuredmedia":[{"embeddable":true,"href":"https:\/\/mekulo.com\/no\/wp-json\/wp\/v2\/media\/27199"}],"wp:attachment":[{"href":"https:\/\/mekulo.com\/no\/wp-json\/wp\/v2\/media?parent=27203"}],"wp:term":[{"taxonomy":"product_brand","embeddable":true,"href":"https:\/\/mekulo.com\/no\/wp-json\/wp\/v2\/product_brand?post=27203"},{"taxonomy":"product_cat","embeddable":true,"href":"https:\/\/mekulo.com\/no\/wp-json\/wp\/v2\/product_cat?post=27203"},{"taxonomy":"product_tag","embeddable":true,"href":"https:\/\/mekulo.com\/no\/wp-json\/wp\/v2\/product_tag?post=27203"}],"curies":[{"name":"wp","href":"https:\/\/api.w.org\/{rel}","templated":true}]}}