{"id":27174,"date":"2026-04-09T21:39:26","date_gmt":"2026-04-09T18:39:26","guid":{"rendered":"https:\/\/mekulo.com\/no\/produkt\/skjaerer-for-glassfliser\/"},"modified":"2026-04-10T18:18:52","modified_gmt":"2026-04-10T15:18:52","slug":"skjaerer-for-glassfliser","status":"publish","type":"product","link":"https:\/\/mekulo.com\/no\/produkt\/skjaerer-for-glassfliser\/","title":{"rendered":"Skj\u00e6rer for glassfliser"},"content":{"rendered":"<h2 style=\"text-align: center\" data-start=\"317\" data-end=\"333\">\u2728 L\u00f8ftet<\/h2>\n<p style=\"text-align: center\" data-start=\"335\" data-end=\"407\">Jevn rissing.<br data-start=\"350\" data-end=\"353\" \/>Uanstrengt separering.<br data-start=\"375\" data-end=\"378\" \/>Profesjonelle resultater hjemme.<\/p>\n<p data-start=\"335\" data-end=\"407\"><img fetchpriority=\"high\" decoding=\"async\" class=\" wp-image-26946 aligncenter\" src=\"https:\/\/mekulo.com\/template\/wp-content\/uploads\/sites\/6\/2026\/03\/122111-ezgif.com-video-to-webp-converter-1.webp\" alt=\"\" width=\"550\" height=\"550\" \/><\/p>\n<h2 style=\"text-align: center\" data-start=\"414\" data-end=\"432\">\u2705 Hoved Benefits<\/h2>\n<p data-start=\"436\" data-end=\"524\">\u2702\ufe0f 2-i-1-skj\u00e6ring og grense\u00e5pning &#8211; Rissing og separering uten \u00e5 bytte verkt\u00f8y.<\/p>\n<p data-start=\"528\" data-end=\"621\">\ud83d\udee0 Automatisk oljesm\u00f8ringssystem &#8211; holder slipeskiven jevn for renere kutt.<\/p>\n<p data-start=\"625\" data-end=\"711\">\u26a1 Manuell, str\u00f8mfri drift &#8211; ingen str\u00f8m kreves &#8211; enkelt og effektivt.<\/p>\n<p data-start=\"715\" data-end=\"800\">\ud83c\udfaf Legeringsblad med h\u00f8y presisjon &#8211; rene linjer med redusert sprekkdannelse og flisdannelse.<\/p>\n<p data-start=\"804\" data-end=\"889\">\ud83c\udf92 Kompakt og b\u00e6rbar design &#8211; enkel \u00e5 ta med seg for arbeid p\u00e5 stedet eller hjemmeprosjekter.<\/p>\n<p data-start=\"893\" data-end=\"987\">\ud83c\udfe0 Bred materialkompatibilitet &#8211; egnet for glass, keramiske fliser og forglassede fliser.<\/p>\n<h2 style=\"text-align: center\" data-start=\"994\" data-end=\"1017\">\u2757 Problem \u2192 L\u00f8sning<\/h2>\n<p data-start=\"1019\" data-end=\"1148\"><strong data-start=\"1019\" data-end=\"1031\">Problem:<\/strong><br data-start=\"1031\" data-end=\"1034\" \/>Skj\u00e6ring av glass og fliser f\u00f8rer ofte til ujevne kanter, sprekker eller bortkastet materiale &#8211; spesielt med verkt\u00f8y av lav kvalitet.<\/p>\n<p data-start=\"1150\" data-end=\"1338\"><strong data-start=\"1150\" data-end=\"1163\">L\u00f8sning:<\/strong><br data-start=\"1163\" data-end=\"1166\" \/>Denne skj\u00e6reren for glassfliser s\u00f8rger for jevn rissing og kontrollert brudd. Sm\u00f8ringen reduserer friksjonen, slik at du oppn\u00e5r rene, profesjonelle kanter med mindre trykk. Mer presisjon. Mindre frustrasjon.<\/p>\n<p data-start=\"1150\" data-end=\"1338\"><img decoding=\"async\" class=\" wp-image-26945 aligncenter\" src=\"https:\/\/mekulo.com\/template\/wp-content\/uploads\/sites\/6\/2026\/03\/122112-ezgif.com-video-to-webp-converter-2.webp\" alt=\"\" width=\"550\" height=\"550\" \/><\/p>\n<h2 style=\"text-align: center\" data-start=\"1380\" data-end=\"1406\">\ud83c\udfd7 Perfekt For<\/h2>\n<ul data-start=\"1422\" data-end=\"1559\">\n<li data-start=\"1422\" data-end=\"1442\">\n<p data-start=\"1424\" data-end=\"1442\">Hjemmerenovering<\/p>\n<\/li>\n<li data-start=\"1443\" data-end=\"1474\">\n<p data-start=\"1445\" data-end=\"1474\">Bad- og kj\u00f8kkenfliser<\/p>\n<\/li>\n<li data-start=\"1475\" data-end=\"1502\">\n<p data-start=\"1477\" data-end=\"1502\">DIY-dekorasjonsprosjekter<\/p>\n<\/li>\n<li data-start=\"1503\" data-end=\"1526\">\n<p data-start=\"1505\" data-end=\"1526\">Glassskj\u00e6ringsoppgaver<\/p>\n<\/li>\n<li data-start=\"1527\" data-end=\"1559\">\n<p data-start=\"1529\" data-end=\"1559\">Profesjonelle flisleggere<\/p>\n<\/li>\n<\/ul>\n<p data-start=\"1561\" data-end=\"1631\">Uansett om du pusser opp eller pusser opp, gir den konsistente resultater.<\/p>\n<h2 style=\"text-align: center\" data-start=\"1638\" data-end=\"1654\">\u2699\ufe0f Slik Bruker Du Den<\/h2>\n<ol data-start=\"1656\" data-end=\"1805\">\n<li data-start=\"1656\" data-end=\"1690\">\n<p data-start=\"1659\" data-end=\"1690\">Fyll oljekammeret (hvis \u00f8nskelig).<\/p>\n<\/li>\n<li data-start=\"1691\" data-end=\"1718\">\n<p data-start=\"1694\" data-end=\"1718\">Merk av skj\u00e6relinjen.<\/p>\n<\/li>\n<li data-start=\"1719\" data-end=\"1760\">\n<p data-start=\"1722\" data-end=\"1760\">Bruk jevnt trykk og skj\u00e6r \u00e9n gang.<\/p>\n<\/li>\n<li data-start=\"1761\" data-end=\"1805\">\n<p data-start=\"1764\" data-end=\"1805\">Bruk grense\u00e5pneren til \u00e5 skille rent.<\/p>\n<\/li>\n<\/ol>\n<h2 style=\"text-align: center\" data-start=\"1852\" data-end=\"1873\">\ud83d\udcd0 Produktdetaljer<\/h2>\n<ul data-start=\"1875\" data-end=\"2143\">\n<li data-start=\"1875\" data-end=\"1910\">\n<p data-start=\"1877\" data-end=\"1910\">Materiale: Legert st\u00e5l + ABS<\/p>\n<\/li>\n<li data-start=\"1911\" data-end=\"1939\">\n<p data-start=\"1913\" data-end=\"1939\">Bladdiameter: 6 mm<\/p>\n<\/li>\n<li data-start=\"1940\" data-end=\"1969\">\n<p data-start=\"1942\" data-end=\"1969\">Bladlengde: 28,3 mm<\/p>\n<\/li>\n<li data-start=\"1970\" data-end=\"1998\">\n<p data-start=\"1972\" data-end=\"1998\">Bladbredde: 15,4 mm<\/p>\n<\/li>\n<li data-start=\"1999\" data-end=\"2030\">\n<p data-start=\"2001\" data-end=\"2030\">Bladtykkelse: 5,4 mm<\/p>\n<\/li>\n<li data-start=\"2031\" data-end=\"2082\">\n<p data-start=\"2033\" data-end=\"2082\">Funksjon: Oljep\u00e5fyllbart sm\u00f8resystem<\/p>\n<\/li>\n<li data-start=\"2083\" data-end=\"2143\">\n<p data-start=\"2085\" data-end=\"2143\">Anvendelse: Glass \/ Keramiske fliser \/ Forglassede fliser<\/p>\n<\/li>\n<li data-start=\"2083\" data-end=\"2143\">St\u00f8rrelse p\u00e5 kutteren: 180 x 80 x 95 mm<\/li>\n<\/ul>\n<h2 style=\"text-align: center\" data-start=\"2207\" data-end=\"2229\">\ud83d\udce6 Pakken Inneholder<\/h2>\n<ul data-start=\"2231\" data-end=\"2346\">\n<li data-start=\"2231\" data-end=\"2263\">\n<p data-start=\"2233\" data-end=\"2263\">1x glassfliseskj\u00e6rer<\/p>\n<\/li>\n<li data-start=\"2264\" data-end=\"2295\">\n<p data-start=\"2266\" data-end=\"2295\">2x erstatningsknivhoder<\/p>\n<\/li>\n<li data-start=\"2296\" data-end=\"2319\">\n<p data-start=\"2298\" data-end=\"2319\">2x sekskantede verkt\u00f8y<\/p>\n<\/li>\n<li data-start=\"2320\" data-end=\"2346\">\n<p data-start=\"2322\" data-end=\"2346\">1x oljeflaske (tom).<\/p>\n<\/li>\n<\/ul>\n","protected":false},"excerpt":{"rendered":"<p>\ud83e\uddf0Presisjonsskj\u00e6ringer. Rene kanter. Null problemer.<br \/>\n\ud83e\uddd1\u200d\ud83d\udd27Slipt glass og fliser som en proff &#8211; uten elektroverkt\u00f8y.<br \/>\n\ud83e\udd5bDenne glassfliseskj\u00e6reren kombinerer rissing og grense\u00e5pning i ett kompakt verkt\u00f8y, noe som gir deg rene, kontrollerte kutt med minimal innsats.<\/p>\n","protected":false},"featured_media":27170,"comment_status":"open","ping_status":"closed","template":"","meta":{"site-sidebar-layout":"default","site-content-layout":"","ast-site-content-layout":"default","site-content-style":"default","site-sidebar-style":"default","ast-global-header-display":"","ast-banner-title-visibility":"","ast-main-header-display":"","ast-hfb-above-header-display":"","ast-hfb-below-header-display":"","ast-hfb-mobile-header-display":"","site-post-title":"","ast-breadcrumbs-content":"","ast-featured-img":"","footer-sml-layout":"","theme-transparent-header-meta":"default","adv-header-id-meta":"","stick-header-meta":"","header-above-stick-meta":"","header-main-stick-meta":"","header-below-stick-meta":"","astra-migrate-meta-layouts":"set","ast-page-background-enabled":"default","ast-page-background-meta":{"desktop":{"background-color":"var(--ast-global-color-5)","background-image":"","background-repeat":"repeat","background-position":"center center","background-size":"auto","background-attachment":"scroll","background-type":"","background-media":"","overlay-type":"","overlay-color":"","overlay-opacity":"","overlay-gradient":""},"tablet":{"background-color":"","background-image":"","background-repeat":"repeat","background-position":"center center","background-size":"auto","background-attachment":"scroll","background-type":"","background-media":"","overlay-type":"","overlay-color":"","overlay-opacity":"","overlay-gradient":""},"mobile":{"background-color":"","background-image":"","background-repeat":"repeat","background-position":"center center","background-size":"auto","background-attachment":"scroll","background-type":"","background-media":"","overlay-type":"","overlay-color":"","overlay-opacity":"","overlay-gradient":""}},"ast-content-background-meta":{"desktop":{"background-color":"var(--ast-global-color-4)","background-image":"","background-repeat":"repeat","background-position":"center center","background-size":"auto","background-attachment":"scroll","background-type":"","background-media":"","overlay-type":"","overlay-color":"","overlay-opacity":"","overlay-gradient":""},"tablet":{"background-color":"var(--ast-global-color-4)","background-image":"","background-repeat":"repeat","background-position":"center center","background-size":"auto","background-attachment":"scroll","background-type":"","background-media":"","overlay-type":"","overlay-color":"","overlay-opacity":"","overlay-gradient":""},"mobile":{"background-color":"var(--ast-global-color-4)","background-image":"","background-repeat":"repeat","background-position":"center center","background-size":"auto","background-attachment":"scroll","background-type":"","background-media":"","overlay-type":"","overlay-color":"","overlay-opacity":"","overlay-gradient":""}}},"product_brand":[],"product_cat":[171],"product_tag":[],"class_list":{"0":"post-27174","1":"product","2":"type-product","3":"status-publish","4":"has-post-thumbnail","6":"product_cat-verktoy","7":"desktop-align-left","8":"tablet-align-left","9":"mobile-align-left","11":"first","12":"instock","13":"shipping-taxable","14":"purchasable","15":"product-type-simple"},"yoast_head":"<!-- This site is optimized with the Yoast SEO plugin v26.6 - https:\/\/yoast.com\/wordpress\/plugins\/seo\/ -->\n<title>Skj\u00e6rer for glassfliser - Mekulo NO<\/title>\n<meta name=\"robots\" content=\"index, follow, max-snippet:-1, max-image-preview:large, max-video-preview:-1\" \/>\n<link rel=\"canonical\" href=\"https:\/\/mekulo.com\/no\/produkt\/skjaerer-for-glassfliser\/\" \/>\n<meta property=\"og:locale\" content=\"nb_NO\" \/>\n<meta property=\"og:type\" content=\"article\" \/>\n<meta property=\"og:title\" content=\"Skj\u00e6rer for glassfliser - Mekulo NO\" \/>\n<meta property=\"og:description\" content=\"\ud83e\uddf0Presisjonsskj\u00e6ringer. Rene kanter. Null problemer. \ud83e\uddd1\u200d\ud83d\udd27Slipt glass og fliser som en proff - uten elektroverkt\u00f8y. \ud83e\udd5bDenne glassfliseskj\u00e6reren kombinerer rissing og grense\u00e5pning i ett kompakt verkt\u00f8y, noe som gir deg rene, kontrollerte kutt med minimal innsats.\" \/>\n<meta property=\"og:url\" content=\"https:\/\/mekulo.com\/no\/produkt\/skjaerer-for-glassfliser\/\" \/>\n<meta property=\"og:site_name\" content=\"Mekulo NO\" \/>\n<meta property=\"article:modified_time\" content=\"2026-04-10T15:18:52+00:00\" \/>\n<meta property=\"og:image\" content=\"https:\/\/mekulo.com\/no\/wp-content\/uploads\/sites\/10\/2026\/04\/kjbltm6-1.jpg\" \/>\n\t<meta property=\"og:image:width\" content=\"1000\" \/>\n\t<meta property=\"og:image:height\" content=\"1000\" \/>\n\t<meta property=\"og:image:type\" content=\"image\/jpeg\" \/>\n<meta name=\"twitter:card\" content=\"summary_large_image\" \/>\n<meta name=\"twitter:label1\" content=\"Ansl. lesetid\" \/>\n\t<meta name=\"twitter:data1\" content=\"2 minutter\" \/>\n<script type=\"application\/ld+json\" class=\"yoast-schema-graph\">{\"@context\":\"https:\/\/schema.org\",\"@graph\":[{\"@type\":\"WebPage\",\"@id\":\"https:\/\/mekulo.com\/no\/produkt\/skjaerer-for-glassfliser\/\",\"url\":\"https:\/\/mekulo.com\/no\/produkt\/skjaerer-for-glassfliser\/\",\"name\":\"Skj\u00e6rer for glassfliser - Mekulo NO\",\"isPartOf\":{\"@id\":\"https:\/\/mekulo.com\/no\/#website\"},\"primaryImageOfPage\":{\"@id\":\"https:\/\/mekulo.com\/no\/produkt\/skjaerer-for-glassfliser\/#primaryimage\"},\"image\":{\"@id\":\"https:\/\/mekulo.com\/no\/produkt\/skjaerer-for-glassfliser\/#primaryimage\"},\"thumbnailUrl\":\"https:\/\/mekulo.com\/no\/wp-content\/uploads\/sites\/10\/2026\/04\/kjbltm6-1.jpg\",\"datePublished\":\"2026-04-09T18:39:26+00:00\",\"dateModified\":\"2026-04-10T15:18:52+00:00\",\"breadcrumb\":{\"@id\":\"https:\/\/mekulo.com\/no\/produkt\/skjaerer-for-glassfliser\/#breadcrumb\"},\"inLanguage\":\"nb-NO\",\"potentialAction\":[{\"@type\":\"ReadAction\",\"target\":[\"https:\/\/mekulo.com\/no\/produkt\/skjaerer-for-glassfliser\/\"]}]},{\"@type\":\"ImageObject\",\"inLanguage\":\"nb-NO\",\"@id\":\"https:\/\/mekulo.com\/no\/produkt\/skjaerer-for-glassfliser\/#primaryimage\",\"url\":\"https:\/\/mekulo.com\/no\/wp-content\/uploads\/sites\/10\/2026\/04\/kjbltm6-1.jpg\",\"contentUrl\":\"https:\/\/mekulo.com\/no\/wp-content\/uploads\/sites\/10\/2026\/04\/kjbltm6-1.jpg\",\"width\":1000,\"height\":1000},{\"@type\":\"BreadcrumbList\",\"@id\":\"https:\/\/mekulo.com\/no\/produkt\/skjaerer-for-glassfliser\/#breadcrumb\",\"itemListElement\":[{\"@type\":\"ListItem\",\"position\":1,\"name\":\"Home\",\"item\":\"https:\/\/mekulo.com\/no\/\"},{\"@type\":\"ListItem\",\"position\":2,\"name\":\"Butikk\",\"item\":\"https:\/\/mekulo.com\/no\/butikk\/\"},{\"@type\":\"ListItem\",\"position\":3,\"name\":\"Skj\u00e6rer for glassfliser\"}]},{\"@type\":\"WebSite\",\"@id\":\"https:\/\/mekulo.com\/no\/#website\",\"url\":\"https:\/\/mekulo.com\/no\/\",\"name\":\"Mekulo NO\",\"description\":\"\",\"publisher\":{\"@id\":\"https:\/\/mekulo.com\/no\/#organization\"},\"potentialAction\":[{\"@type\":\"SearchAction\",\"target\":{\"@type\":\"EntryPoint\",\"urlTemplate\":\"https:\/\/mekulo.com\/no\/?s={search_term_string}\"},\"query-input\":{\"@type\":\"PropertyValueSpecification\",\"valueRequired\":true,\"valueName\":\"search_term_string\"}}],\"inLanguage\":\"nb-NO\"},{\"@type\":\"Organization\",\"@id\":\"https:\/\/mekulo.com\/no\/#organization\",\"name\":\"Mekulo\",\"url\":\"https:\/\/mekulo.com\/no\/\",\"logo\":{\"@type\":\"ImageObject\",\"inLanguage\":\"nb-NO\",\"@id\":\"https:\/\/mekulo.com\/no\/#\/schema\/logo\/image\/\",\"url\":\"https:\/\/mekulo.com\/no\/wp-content\/uploads\/sites\/10\/2025\/12\/favicon_mekulo.png\",\"contentUrl\":\"https:\/\/mekulo.com\/no\/wp-content\/uploads\/sites\/10\/2025\/12\/favicon_mekulo.png\",\"width\":50,\"height\":50,\"caption\":\"Mekulo\"},\"image\":{\"@id\":\"https:\/\/mekulo.com\/no\/#\/schema\/logo\/image\/\"}}]}<\/script>\n<!-- \/ Yoast SEO plugin. -->","yoast_head_json":{"title":"Skj\u00e6rer for glassfliser - Mekulo NO","robots":{"index":"index","follow":"follow","max-snippet":"max-snippet:-1","max-image-preview":"max-image-preview:large","max-video-preview":"max-video-preview:-1"},"canonical":"https:\/\/mekulo.com\/no\/produkt\/skjaerer-for-glassfliser\/","og_locale":"nb_NO","og_type":"article","og_title":"Skj\u00e6rer for glassfliser - Mekulo NO","og_description":"\ud83e\uddf0Presisjonsskj\u00e6ringer. Rene kanter. Null problemer. \ud83e\uddd1\u200d\ud83d\udd27Slipt glass og fliser som en proff - uten elektroverkt\u00f8y. \ud83e\udd5bDenne glassfliseskj\u00e6reren kombinerer rissing og grense\u00e5pning i ett kompakt verkt\u00f8y, noe som gir deg rene, kontrollerte kutt med minimal innsats.","og_url":"https:\/\/mekulo.com\/no\/produkt\/skjaerer-for-glassfliser\/","og_site_name":"Mekulo NO","article_modified_time":"2026-04-10T15:18:52+00:00","og_image":[{"width":1000,"height":1000,"url":"https:\/\/mekulo.com\/no\/wp-content\/uploads\/sites\/10\/2026\/04\/kjbltm6-1.jpg","type":"image\/jpeg"}],"twitter_card":"summary_large_image","twitter_misc":{"Ansl. lesetid":"2 minutter"},"schema":{"@context":"https:\/\/schema.org","@graph":[{"@type":"WebPage","@id":"https:\/\/mekulo.com\/no\/produkt\/skjaerer-for-glassfliser\/","url":"https:\/\/mekulo.com\/no\/produkt\/skjaerer-for-glassfliser\/","name":"Skj\u00e6rer for glassfliser - Mekulo NO","isPartOf":{"@id":"https:\/\/mekulo.com\/no\/#website"},"primaryImageOfPage":{"@id":"https:\/\/mekulo.com\/no\/produkt\/skjaerer-for-glassfliser\/#primaryimage"},"image":{"@id":"https:\/\/mekulo.com\/no\/produkt\/skjaerer-for-glassfliser\/#primaryimage"},"thumbnailUrl":"https:\/\/mekulo.com\/no\/wp-content\/uploads\/sites\/10\/2026\/04\/kjbltm6-1.jpg","datePublished":"2026-04-09T18:39:26+00:00","dateModified":"2026-04-10T15:18:52+00:00","breadcrumb":{"@id":"https:\/\/mekulo.com\/no\/produkt\/skjaerer-for-glassfliser\/#breadcrumb"},"inLanguage":"nb-NO","potentialAction":[{"@type":"ReadAction","target":["https:\/\/mekulo.com\/no\/produkt\/skjaerer-for-glassfliser\/"]}]},{"@type":"ImageObject","inLanguage":"nb-NO","@id":"https:\/\/mekulo.com\/no\/produkt\/skjaerer-for-glassfliser\/#primaryimage","url":"https:\/\/mekulo.com\/no\/wp-content\/uploads\/sites\/10\/2026\/04\/kjbltm6-1.jpg","contentUrl":"https:\/\/mekulo.com\/no\/wp-content\/uploads\/sites\/10\/2026\/04\/kjbltm6-1.jpg","width":1000,"height":1000},{"@type":"BreadcrumbList","@id":"https:\/\/mekulo.com\/no\/produkt\/skjaerer-for-glassfliser\/#breadcrumb","itemListElement":[{"@type":"ListItem","position":1,"name":"Home","item":"https:\/\/mekulo.com\/no\/"},{"@type":"ListItem","position":2,"name":"Butikk","item":"https:\/\/mekulo.com\/no\/butikk\/"},{"@type":"ListItem","position":3,"name":"Skj\u00e6rer for glassfliser"}]},{"@type":"WebSite","@id":"https:\/\/mekulo.com\/no\/#website","url":"https:\/\/mekulo.com\/no\/","name":"Mekulo NO","description":"","publisher":{"@id":"https:\/\/mekulo.com\/no\/#organization"},"potentialAction":[{"@type":"SearchAction","target":{"@type":"EntryPoint","urlTemplate":"https:\/\/mekulo.com\/no\/?s={search_term_string}"},"query-input":{"@type":"PropertyValueSpecification","valueRequired":true,"valueName":"search_term_string"}}],"inLanguage":"nb-NO"},{"@type":"Organization","@id":"https:\/\/mekulo.com\/no\/#organization","name":"Mekulo","url":"https:\/\/mekulo.com\/no\/","logo":{"@type":"ImageObject","inLanguage":"nb-NO","@id":"https:\/\/mekulo.com\/no\/#\/schema\/logo\/image\/","url":"https:\/\/mekulo.com\/no\/wp-content\/uploads\/sites\/10\/2025\/12\/favicon_mekulo.png","contentUrl":"https:\/\/mekulo.com\/no\/wp-content\/uploads\/sites\/10\/2025\/12\/favicon_mekulo.png","width":50,"height":50,"caption":"Mekulo"},"image":{"@id":"https:\/\/mekulo.com\/no\/#\/schema\/logo\/image\/"}}]}},"_links":{"self":[{"href":"https:\/\/mekulo.com\/no\/wp-json\/wp\/v2\/product\/27174","targetHints":{"allow":["GET"]}}],"collection":[{"href":"https:\/\/mekulo.com\/no\/wp-json\/wp\/v2\/product"}],"about":[{"href":"https:\/\/mekulo.com\/no\/wp-json\/wp\/v2\/types\/product"}],"replies":[{"embeddable":true,"href":"https:\/\/mekulo.com\/no\/wp-json\/wp\/v2\/comments?post=27174"}],"wp:featuredmedia":[{"embeddable":true,"href":"https:\/\/mekulo.com\/no\/wp-json\/wp\/v2\/media\/27170"}],"wp:attachment":[{"href":"https:\/\/mekulo.com\/no\/wp-json\/wp\/v2\/media?parent=27174"}],"wp:term":[{"taxonomy":"product_brand","embeddable":true,"href":"https:\/\/mekulo.com\/no\/wp-json\/wp\/v2\/product_brand?post=27174"},{"taxonomy":"product_cat","embeddable":true,"href":"https:\/\/mekulo.com\/no\/wp-json\/wp\/v2\/product_cat?post=27174"},{"taxonomy":"product_tag","embeddable":true,"href":"https:\/\/mekulo.com\/no\/wp-json\/wp\/v2\/product_tag?post=27174"}],"curies":[{"name":"wp","href":"https:\/\/api.w.org\/{rel}","templated":true}]}}