{"id":27155,"date":"2026-04-09T21:37:08","date_gmt":"2026-04-09T18:37:08","guid":{"rendered":"https:\/\/mekulo.com\/no\/produkt\/flatt-hode-filete-mutterskruer-med-innstikk\/"},"modified":"2026-04-10T18:16:47","modified_gmt":"2026-04-10T15:16:47","slug":"flatt-hode-filete-mutterskruer-med-innstikk","status":"publish","type":"product","link":"https:\/\/mekulo.com\/no\/produkt\/flatt-hode-filete-mutterskruer-med-innstikk\/","title":{"rendered":"Flatt hode, filete mutterskruer med innstikk"},"content":{"rendered":"<h2 style=\"text-align: center\" data-start=\"319\" data-end=\"335\">\u2728 L\u00f8ftet<\/h2>\n<p style=\"text-align: center\" data-start=\"337\" data-end=\"412\">Styrkere forbindelser.<br data-start=\"358\" data-end=\"361\" \/>Renere installasjoner.<br data-start=\"383\" data-end=\"386\" \/>Trygghet i hvert eneste bygg.<\/p>\n<p data-start=\"337\" data-end=\"412\"><img fetchpriority=\"high\" decoding=\"async\" class=\" wp-image-26953 aligncenter\" src=\"https:\/\/mekulo.com\/template\/wp-content\/uploads\/sites\/6\/2026\/03\/122113-ezgif.com-video-to-webp-converter-2.webp\" alt=\"\" width=\"550\" height=\"550\" \/><\/p>\n<h2 style=\"text-align: center\" data-start=\"419\" data-end=\"437\">\u2705 Hovedfordeler<\/h2>\n<p data-start=\"441\" data-end=\"530\">\ud83d\udd29 Allsidig bruk &#8211; Ideell for tre, metall, plast og komposittmaterialer.<\/p>\n<p data-start=\"534\" data-end=\"632\">\ud83d\udee0 Skaper holdbare innvendige gjenger &#8211; Styrker sammenf\u00f8yninger i m\u00f8bler og konstruksjoner.<\/p>\n<p data-start=\"636\" data-end=\"724\">\ud83d\udee1 Korrosjonsbestandig materiale &#8211; Bygget for \u00e5 fungere selv i krevende milj\u00f8er.<\/p>\n<p data-start=\"728\" data-end=\"818\">\u26a1 Enkel montering &#8211; Sett inn i forborede hull og stram til for et sikkert grep.<\/p>\n<p data-start=\"822\" data-end=\"899\">\ud83d\udce6 Komplett st\u00f8rrelsessortiment &#8211; har alltid riktig innsats for jobben.<\/p>\n<p data-start=\"903\" data-end=\"994\">\ud83c\udfd7 Profesjonell styrke &#8211; reduserer avskalling og forbedrer langsiktig holdbarhet.<\/p>\n<h2 style=\"text-align: center\" data-start=\"1001\" data-end=\"1024\">\u2757 Problem \u2192 L\u00f8sning<\/h2>\n<p data-start=\"1026\" data-end=\"1123\"><strong data-start=\"1026\" data-end=\"1038\">Problem:<\/strong><br data-start=\"1038\" data-end=\"1041\" \/>Standardskruer kan l\u00f8sne, l\u00f8sne eller svikte i myke materialer som tre eller plast.<\/p>\n<p data-start=\"1125\" data-end=\"1322\"><strong data-start=\"1125\" data-end=\"1138\">L\u00f8sning:<\/strong><br data-start=\"1138\" data-end=\"1141\" \/>Gjengede innsatsmuttere skaper en forsterket innvendig gjenge, noe som gir boltene et fast og stabilt forankringspunkt. Dette forhindrer slitasje, forbedrer belastningskapasiteten og forlenger prosjektets levetid.<\/p>\n<p data-start=\"1125\" data-end=\"1322\"><img decoding=\"async\" class=\" wp-image-26952 aligncenter\" src=\"https:\/\/mekulo.com\/template\/wp-content\/uploads\/sites\/6\/2026\/03\/122114-ezgif.com-video-to-webp-converter-1.webp\" alt=\"\" width=\"550\" height=\"550\" \/><\/p>\n<h2 style=\"text-align: center\" data-start=\"1366\" data-end=\"1392\">\ud83c\udfe1 Perfekt for<\/h2>\n<ul data-start=\"1408\" data-end=\"1553\">\n<li data-start=\"1408\" data-end=\"1439\">\n<p data-start=\"1410\" data-end=\"1439\">M\u00f8belmontering og -reparasjon<\/p>\n<\/li>\n<li data-start=\"1440\" data-end=\"1465\">\n<p data-start=\"1442\" data-end=\"1465\">Montering av skap<\/p>\n<\/li>\n<li data-start=\"1466\" data-end=\"1494\">\n<p data-start=\"1468\" data-end=\"1494\">Modifikasjoner p\u00e5 biler<\/p>\n<\/li>\n<li data-start=\"1495\" data-end=\"1523\">\n<p data-start=\"1497\" data-end=\"1523\">DIY trearbeidsprosjekter<\/p>\n<\/li>\n<li data-start=\"1524\" data-end=\"1553\">\n<p data-start=\"1526\" data-end=\"1553\">H\u00e5ndverk og verkstedbygging<\/p>\n<\/li>\n<\/ul>\n<p data-start=\"1555\" data-end=\"1648\">Uavhengig av om du restaurerer et bord eller bygger noe nytt, holder dette settet alt sikkert p\u00e5 plass.<\/p>\n<h2 style=\"text-align: center\" data-start=\"1655\" data-end=\"1671\">\u2699\ufe0f Slik bruker du det<\/h2>\n<ol data-start=\"1673\" data-end=\"1840\">\n<li data-start=\"1673\" data-end=\"1711\">\n<p data-start=\"1676\" data-end=\"1711\">Bor et hull av passende st\u00f8rrelse.<\/p>\n<\/li>\n<li data-start=\"1712\" data-end=\"1740\">\n<p data-start=\"1715\" data-end=\"1740\">Sett inn mutteren.<\/p>\n<\/li>\n<li data-start=\"1741\" data-end=\"1787\">\n<p data-start=\"1744\" data-end=\"1787\">Stram til med en bolt eller et monteringsverkt\u00f8y.<\/p>\n<\/li>\n<li data-start=\"1788\" data-end=\"1840\">\n<p data-start=\"1791\" data-end=\"1840\">Fest festeanordningen i den forsterkede gjengen.<\/p>\n<\/li>\n<\/ol>\n<h2 style=\"text-align: center\" data-start=\"1880\" data-end=\"1901\">\ud83d\udcd0 Produktdetaljer<\/h2>\n<ul data-start=\"1903\" data-end=\"2138\">\n<li data-start=\"1948\" data-end=\"2006\">\n<p data-start=\"1950\" data-end=\"2006\">Materialer og utf\u00f8relser: Aluminium (110 stk), Svart karbonst\u00e5l (110 stk), 304 rustfritt st\u00e5l (110 stk), Sink karbonst\u00e5l (110 stk), Jack nut mix (84 stk)<\/p>\n<\/li>\n<li data-start=\"2054\" data-end=\"2095\">\n<p data-start=\"2056\" data-end=\"2095\">Bruksomr\u00e5de: Tre, metall, plast<\/p>\n<\/li>\n<li data-start=\"2096\" data-end=\"2138\">\n<p data-start=\"2098\" data-end=\"2138\">Bruk: Forsterket innvendig gjenging<\/p>\n<\/li>\n<\/ul>\n<h2 style=\"text-align: center\" data-start=\"2189\" data-end=\"2211\">\ud83d\udce6 Pakken inneholder<\/h2>\n<ul data-start=\"2213\" data-end=\"2318\">\n<li data-start=\"2213\" data-end=\"2318\">\n<p data-start=\"2215\" data-end=\"2318\">1x sett med mutterskruer med flatt hode og fileterte innstikkskruer.<\/p>\n<\/li>\n<\/ul>\n","protected":false},"excerpt":{"rendered":"<p>\ud83d\udc68\u200d\ud83d\udd27Sterke tr\u00e5der. P\u00e5litelig grep.<br \/>\n\ud83e\udeb5Profesjonell festing for tre, metall og mer.<br \/>\n\ud83d\udd29Designet for \u00e5 skape sikre innvendige gjenger i myke materialer, gir dette settet med mutterskruer med flatt hode og fileterte innstikksmuttere prosjektene dine langvarig styrke og stabilitet.<\/p>\n","protected":false},"featured_media":27151,"comment_status":"open","ping_status":"closed","template":"","meta":{"site-sidebar-layout":"default","site-content-layout":"","ast-site-content-layout":"default","site-content-style":"default","site-sidebar-style":"default","ast-global-header-display":"","ast-banner-title-visibility":"","ast-main-header-display":"","ast-hfb-above-header-display":"","ast-hfb-below-header-display":"","ast-hfb-mobile-header-display":"","site-post-title":"","ast-breadcrumbs-content":"","ast-featured-img":"","footer-sml-layout":"","theme-transparent-header-meta":"default","adv-header-id-meta":"","stick-header-meta":"","header-above-stick-meta":"","header-main-stick-meta":"","header-below-stick-meta":"","astra-migrate-meta-layouts":"set","ast-page-background-enabled":"default","ast-page-background-meta":{"desktop":{"background-color":"var(--ast-global-color-5)","background-image":"","background-repeat":"repeat","background-position":"center center","background-size":"auto","background-attachment":"scroll","background-type":"","background-media":"","overlay-type":"","overlay-color":"","overlay-opacity":"","overlay-gradient":""},"tablet":{"background-color":"","background-image":"","background-repeat":"repeat","background-position":"center center","background-size":"auto","background-attachment":"scroll","background-type":"","background-media":"","overlay-type":"","overlay-color":"","overlay-opacity":"","overlay-gradient":""},"mobile":{"background-color":"","background-image":"","background-repeat":"repeat","background-position":"center center","background-size":"auto","background-attachment":"scroll","background-type":"","background-media":"","overlay-type":"","overlay-color":"","overlay-opacity":"","overlay-gradient":""}},"ast-content-background-meta":{"desktop":{"background-color":"var(--ast-global-color-4)","background-image":"","background-repeat":"repeat","background-position":"center center","background-size":"auto","background-attachment":"scroll","background-type":"","background-media":"","overlay-type":"","overlay-color":"","overlay-opacity":"","overlay-gradient":""},"tablet":{"background-color":"var(--ast-global-color-4)","background-image":"","background-repeat":"repeat","background-position":"center center","background-size":"auto","background-attachment":"scroll","background-type":"","background-media":"","overlay-type":"","overlay-color":"","overlay-opacity":"","overlay-gradient":""},"mobile":{"background-color":"var(--ast-global-color-4)","background-image":"","background-repeat":"repeat","background-position":"center center","background-size":"auto","background-attachment":"scroll","background-type":"","background-media":"","overlay-type":"","overlay-color":"","overlay-opacity":"","overlay-gradient":""}}},"product_brand":[],"product_cat":[171],"product_tag":[],"class_list":{"0":"post-27155","1":"product","2":"type-product","3":"status-publish","4":"has-post-thumbnail","6":"product_cat-verktoy","7":"pa_65063_yknw7ix4-304-rustfritt-stal","8":"pa_65063_yknw7ix4-aluminium","9":"pa_65063_yknw7ix4-forzinket-karbonstal","10":"pa_65063_yknw7ix4-jack-nottemiks","11":"pa_65063_yknw7ix4-svart-karbonstal","12":"desktop-align-left","13":"tablet-align-left","14":"mobile-align-left","16":"first","17":"instock","18":"shipping-taxable","19":"purchasable","20":"product-type-variable"},"yoast_head":"<!-- This site is optimized with the Yoast SEO plugin v26.6 - https:\/\/yoast.com\/wordpress\/plugins\/seo\/ -->\n<title>Flatt hode, filete mutterskruer med innstikk - Mekulo NO<\/title>\n<meta name=\"robots\" content=\"index, follow, max-snippet:-1, max-image-preview:large, max-video-preview:-1\" \/>\n<link rel=\"canonical\" href=\"https:\/\/mekulo.com\/no\/produkt\/flatt-hode-filete-mutterskruer-med-innstikk\/\" \/>\n<meta property=\"og:locale\" content=\"nb_NO\" \/>\n<meta property=\"og:type\" content=\"article\" \/>\n<meta property=\"og:title\" content=\"Flatt hode, filete mutterskruer med innstikk - Mekulo NO\" \/>\n<meta property=\"og:description\" content=\"\ud83d\udc68\u200d\ud83d\udd27Sterke tr\u00e5der. P\u00e5litelig grep. \ud83e\udeb5Profesjonell festing for tre, metall og mer. \ud83d\udd29Designet for \u00e5 skape sikre innvendige gjenger i myke materialer, gir dette settet med mutterskruer med flatt hode og fileterte innstikksmuttere prosjektene dine langvarig styrke og stabilitet.\" \/>\n<meta property=\"og:url\" content=\"https:\/\/mekulo.com\/no\/produkt\/flatt-hode-filete-mutterskruer-med-innstikk\/\" \/>\n<meta property=\"og:site_name\" content=\"Mekulo NO\" \/>\n<meta property=\"article:modified_time\" content=\"2026-04-10T15:16:47+00:00\" \/>\n<meta property=\"og:image\" content=\"https:\/\/mekulo.com\/no\/wp-content\/uploads\/sites\/10\/2026\/04\/26ws2wj-1.jpg\" \/>\n\t<meta property=\"og:image:width\" content=\"960\" \/>\n\t<meta property=\"og:image:height\" content=\"960\" \/>\n\t<meta property=\"og:image:type\" content=\"image\/jpeg\" \/>\n<meta name=\"twitter:card\" content=\"summary_large_image\" \/>\n<meta name=\"twitter:label1\" content=\"Ansl. lesetid\" \/>\n\t<meta name=\"twitter:data1\" content=\"2 minutter\" \/>\n<script type=\"application\/ld+json\" class=\"yoast-schema-graph\">{\"@context\":\"https:\/\/schema.org\",\"@graph\":[{\"@type\":\"WebPage\",\"@id\":\"https:\/\/mekulo.com\/no\/produkt\/flatt-hode-filete-mutterskruer-med-innstikk\/\",\"url\":\"https:\/\/mekulo.com\/no\/produkt\/flatt-hode-filete-mutterskruer-med-innstikk\/\",\"name\":\"Flatt hode, filete mutterskruer med innstikk - Mekulo NO\",\"isPartOf\":{\"@id\":\"https:\/\/mekulo.com\/no\/#website\"},\"primaryImageOfPage\":{\"@id\":\"https:\/\/mekulo.com\/no\/produkt\/flatt-hode-filete-mutterskruer-med-innstikk\/#primaryimage\"},\"image\":{\"@id\":\"https:\/\/mekulo.com\/no\/produkt\/flatt-hode-filete-mutterskruer-med-innstikk\/#primaryimage\"},\"thumbnailUrl\":\"https:\/\/mekulo.com\/no\/wp-content\/uploads\/sites\/10\/2026\/04\/26ws2wj-1.jpg\",\"datePublished\":\"2026-04-09T18:37:08+00:00\",\"dateModified\":\"2026-04-10T15:16:47+00:00\",\"breadcrumb\":{\"@id\":\"https:\/\/mekulo.com\/no\/produkt\/flatt-hode-filete-mutterskruer-med-innstikk\/#breadcrumb\"},\"inLanguage\":\"nb-NO\",\"potentialAction\":[{\"@type\":\"ReadAction\",\"target\":[\"https:\/\/mekulo.com\/no\/produkt\/flatt-hode-filete-mutterskruer-med-innstikk\/\"]}]},{\"@type\":\"ImageObject\",\"inLanguage\":\"nb-NO\",\"@id\":\"https:\/\/mekulo.com\/no\/produkt\/flatt-hode-filete-mutterskruer-med-innstikk\/#primaryimage\",\"url\":\"https:\/\/mekulo.com\/no\/wp-content\/uploads\/sites\/10\/2026\/04\/26ws2wj-1.jpg\",\"contentUrl\":\"https:\/\/mekulo.com\/no\/wp-content\/uploads\/sites\/10\/2026\/04\/26ws2wj-1.jpg\",\"width\":960,\"height\":960},{\"@type\":\"BreadcrumbList\",\"@id\":\"https:\/\/mekulo.com\/no\/produkt\/flatt-hode-filete-mutterskruer-med-innstikk\/#breadcrumb\",\"itemListElement\":[{\"@type\":\"ListItem\",\"position\":1,\"name\":\"Home\",\"item\":\"https:\/\/mekulo.com\/no\/\"},{\"@type\":\"ListItem\",\"position\":2,\"name\":\"Butikk\",\"item\":\"https:\/\/mekulo.com\/no\/butikk\/\"},{\"@type\":\"ListItem\",\"position\":3,\"name\":\"Flatt hode, filete mutterskruer med innstikk\"}]},{\"@type\":\"WebSite\",\"@id\":\"https:\/\/mekulo.com\/no\/#website\",\"url\":\"https:\/\/mekulo.com\/no\/\",\"name\":\"Mekulo NO\",\"description\":\"\",\"publisher\":{\"@id\":\"https:\/\/mekulo.com\/no\/#organization\"},\"potentialAction\":[{\"@type\":\"SearchAction\",\"target\":{\"@type\":\"EntryPoint\",\"urlTemplate\":\"https:\/\/mekulo.com\/no\/?s={search_term_string}\"},\"query-input\":{\"@type\":\"PropertyValueSpecification\",\"valueRequired\":true,\"valueName\":\"search_term_string\"}}],\"inLanguage\":\"nb-NO\"},{\"@type\":\"Organization\",\"@id\":\"https:\/\/mekulo.com\/no\/#organization\",\"name\":\"Mekulo\",\"url\":\"https:\/\/mekulo.com\/no\/\",\"logo\":{\"@type\":\"ImageObject\",\"inLanguage\":\"nb-NO\",\"@id\":\"https:\/\/mekulo.com\/no\/#\/schema\/logo\/image\/\",\"url\":\"https:\/\/mekulo.com\/no\/wp-content\/uploads\/sites\/10\/2025\/12\/favicon_mekulo.png\",\"contentUrl\":\"https:\/\/mekulo.com\/no\/wp-content\/uploads\/sites\/10\/2025\/12\/favicon_mekulo.png\",\"width\":50,\"height\":50,\"caption\":\"Mekulo\"},\"image\":{\"@id\":\"https:\/\/mekulo.com\/no\/#\/schema\/logo\/image\/\"}}]}<\/script>\n<!-- \/ Yoast SEO plugin. -->","yoast_head_json":{"title":"Flatt hode, filete mutterskruer med innstikk - Mekulo NO","robots":{"index":"index","follow":"follow","max-snippet":"max-snippet:-1","max-image-preview":"max-image-preview:large","max-video-preview":"max-video-preview:-1"},"canonical":"https:\/\/mekulo.com\/no\/produkt\/flatt-hode-filete-mutterskruer-med-innstikk\/","og_locale":"nb_NO","og_type":"article","og_title":"Flatt hode, filete mutterskruer med innstikk - Mekulo NO","og_description":"\ud83d\udc68\u200d\ud83d\udd27Sterke tr\u00e5der. P\u00e5litelig grep. \ud83e\udeb5Profesjonell festing for tre, metall og mer. \ud83d\udd29Designet for \u00e5 skape sikre innvendige gjenger i myke materialer, gir dette settet med mutterskruer med flatt hode og fileterte innstikksmuttere prosjektene dine langvarig styrke og stabilitet.","og_url":"https:\/\/mekulo.com\/no\/produkt\/flatt-hode-filete-mutterskruer-med-innstikk\/","og_site_name":"Mekulo NO","article_modified_time":"2026-04-10T15:16:47+00:00","og_image":[{"width":960,"height":960,"url":"https:\/\/mekulo.com\/no\/wp-content\/uploads\/sites\/10\/2026\/04\/26ws2wj-1.jpg","type":"image\/jpeg"}],"twitter_card":"summary_large_image","twitter_misc":{"Ansl. lesetid":"2 minutter"},"schema":{"@context":"https:\/\/schema.org","@graph":[{"@type":"WebPage","@id":"https:\/\/mekulo.com\/no\/produkt\/flatt-hode-filete-mutterskruer-med-innstikk\/","url":"https:\/\/mekulo.com\/no\/produkt\/flatt-hode-filete-mutterskruer-med-innstikk\/","name":"Flatt hode, filete mutterskruer med innstikk - Mekulo NO","isPartOf":{"@id":"https:\/\/mekulo.com\/no\/#website"},"primaryImageOfPage":{"@id":"https:\/\/mekulo.com\/no\/produkt\/flatt-hode-filete-mutterskruer-med-innstikk\/#primaryimage"},"image":{"@id":"https:\/\/mekulo.com\/no\/produkt\/flatt-hode-filete-mutterskruer-med-innstikk\/#primaryimage"},"thumbnailUrl":"https:\/\/mekulo.com\/no\/wp-content\/uploads\/sites\/10\/2026\/04\/26ws2wj-1.jpg","datePublished":"2026-04-09T18:37:08+00:00","dateModified":"2026-04-10T15:16:47+00:00","breadcrumb":{"@id":"https:\/\/mekulo.com\/no\/produkt\/flatt-hode-filete-mutterskruer-med-innstikk\/#breadcrumb"},"inLanguage":"nb-NO","potentialAction":[{"@type":"ReadAction","target":["https:\/\/mekulo.com\/no\/produkt\/flatt-hode-filete-mutterskruer-med-innstikk\/"]}]},{"@type":"ImageObject","inLanguage":"nb-NO","@id":"https:\/\/mekulo.com\/no\/produkt\/flatt-hode-filete-mutterskruer-med-innstikk\/#primaryimage","url":"https:\/\/mekulo.com\/no\/wp-content\/uploads\/sites\/10\/2026\/04\/26ws2wj-1.jpg","contentUrl":"https:\/\/mekulo.com\/no\/wp-content\/uploads\/sites\/10\/2026\/04\/26ws2wj-1.jpg","width":960,"height":960},{"@type":"BreadcrumbList","@id":"https:\/\/mekulo.com\/no\/produkt\/flatt-hode-filete-mutterskruer-med-innstikk\/#breadcrumb","itemListElement":[{"@type":"ListItem","position":1,"name":"Home","item":"https:\/\/mekulo.com\/no\/"},{"@type":"ListItem","position":2,"name":"Butikk","item":"https:\/\/mekulo.com\/no\/butikk\/"},{"@type":"ListItem","position":3,"name":"Flatt hode, filete mutterskruer med innstikk"}]},{"@type":"WebSite","@id":"https:\/\/mekulo.com\/no\/#website","url":"https:\/\/mekulo.com\/no\/","name":"Mekulo NO","description":"","publisher":{"@id":"https:\/\/mekulo.com\/no\/#organization"},"potentialAction":[{"@type":"SearchAction","target":{"@type":"EntryPoint","urlTemplate":"https:\/\/mekulo.com\/no\/?s={search_term_string}"},"query-input":{"@type":"PropertyValueSpecification","valueRequired":true,"valueName":"search_term_string"}}],"inLanguage":"nb-NO"},{"@type":"Organization","@id":"https:\/\/mekulo.com\/no\/#organization","name":"Mekulo","url":"https:\/\/mekulo.com\/no\/","logo":{"@type":"ImageObject","inLanguage":"nb-NO","@id":"https:\/\/mekulo.com\/no\/#\/schema\/logo\/image\/","url":"https:\/\/mekulo.com\/no\/wp-content\/uploads\/sites\/10\/2025\/12\/favicon_mekulo.png","contentUrl":"https:\/\/mekulo.com\/no\/wp-content\/uploads\/sites\/10\/2025\/12\/favicon_mekulo.png","width":50,"height":50,"caption":"Mekulo"},"image":{"@id":"https:\/\/mekulo.com\/no\/#\/schema\/logo\/image\/"}}]}},"_links":{"self":[{"href":"https:\/\/mekulo.com\/no\/wp-json\/wp\/v2\/product\/27155","targetHints":{"allow":["GET"]}}],"collection":[{"href":"https:\/\/mekulo.com\/no\/wp-json\/wp\/v2\/product"}],"about":[{"href":"https:\/\/mekulo.com\/no\/wp-json\/wp\/v2\/types\/product"}],"replies":[{"embeddable":true,"href":"https:\/\/mekulo.com\/no\/wp-json\/wp\/v2\/comments?post=27155"}],"wp:featuredmedia":[{"embeddable":true,"href":"https:\/\/mekulo.com\/no\/wp-json\/wp\/v2\/media\/27151"}],"wp:attachment":[{"href":"https:\/\/mekulo.com\/no\/wp-json\/wp\/v2\/media?parent=27155"}],"wp:term":[{"taxonomy":"product_brand","embeddable":true,"href":"https:\/\/mekulo.com\/no\/wp-json\/wp\/v2\/product_brand?post=27155"},{"taxonomy":"product_cat","embeddable":true,"href":"https:\/\/mekulo.com\/no\/wp-json\/wp\/v2\/product_cat?post=27155"},{"taxonomy":"product_tag","embeddable":true,"href":"https:\/\/mekulo.com\/no\/wp-json\/wp\/v2\/product_tag?post=27155"}],"curies":[{"name":"wp","href":"https:\/\/api.w.org\/{rel}","templated":true}]}}