{"id":27117,"date":"2026-04-09T21:28:19","date_gmt":"2026-04-09T18:28:19","guid":{"rendered":"https:\/\/mekulo.com\/no\/produkt\/8-i-1-avisoleringstang-med-spenningstester\/"},"modified":"2026-04-10T18:12:03","modified_gmt":"2026-04-10T15:12:03","slug":"8-i-1-avisoleringstang-med-spenningstester","status":"publish","type":"product","link":"https:\/\/mekulo.com\/no\/produkt\/8-i-1-avisoleringstang-med-spenningstester\/","title":{"rendered":"8-i-1 avisoleringstang med spenningstester"},"content":{"rendered":"<h2 style=\"text-align: center\" data-start=\"293\" data-end=\"309\">\u2728 L\u00f8ftet<\/h2>\n<p style=\"text-align: center\" data-start=\"311\" data-end=\"350\">Arbeid raskere.<br data-start=\"323\" data-end=\"326\" \/>B\u00e6r mindre.<br data-start=\"337\" data-end=\"340\" \/>V\u00e6r trygg.<\/p>\n<p data-start=\"311\" data-end=\"350\"><img fetchpriority=\"high\" decoding=\"async\" class=\" wp-image-26917 aligncenter\" src=\"https:\/\/mekulo.com\/template\/wp-content\/uploads\/sites\/6\/2026\/03\/12216-ezgif.com-video-to-webp-converter-1.webp\" alt=\"\" width=\"551\" height=\"551\" \/><\/p>\n<h2 style=\"text-align: center\" data-start=\"357\" data-end=\"375\">\u2705 Hovedfordeler<\/h2>\n<p data-start=\"379\" data-end=\"479\">\u26a1 Innebygd spenningstester &#8211; oppdag raskt spenningsf\u00f8rende ledninger f\u00f8r du begynner &#8211; jobb trygt.<\/p>\n<p data-start=\"483\" data-end=\"573\">\u2702\ufe0f Presisjonsstripping av ledninger &#8211; ren fjerning av isolasjon uten \u00e5 skade kjernen.<\/p>\n<p data-start=\"577\" data-end=\"663\">\ud83d\udd2a Kraftig kabelkutting &#8211; skarpe, herdede blader gir jevne, rene kutt.<\/p>\n<p data-start=\"667\" data-end=\"743\">\ud83d\udd17 Sikker krympefunksjon &#8211; P\u00e5litelige terminaltilkoblinger som varer.<\/p>\n<p data-start=\"747\" data-end=\"822\">\ud83d\udd04 Vridning &amp; b\u00f8ying &#8211; Form og sammenf\u00f8y ledninger uten problemer.<\/p>\n<p data-start=\"826\" data-end=\"920\">\ud83d\udee0 Flerbruksgripekjever &#8211; Fast grep for \u00e5 b\u00f8ye, trekke og holde komponenter.<\/p>\n<p data-start=\"924\" data-end=\"1015\">\ud83c\udf92 Alt-i-ett kompakt design &#8211; Erstatt flere verkt\u00f8y med \u00e9n profesjonell l\u00f8sning.<\/p>\n<h2 style=\"text-align: center\" data-start=\"1022\" data-end=\"1045\">\u2757 Problem \u2192 L\u00f8sning<\/h2>\n<p data-start=\"1047\" data-end=\"1197\"><strong data-start=\"1047\" data-end=\"1059\">Problem:<\/strong><br data-start=\"1059\" data-end=\"1062\" \/>\u00c5 b\u00e6re flere verkt\u00f8y sinker deg. Du kaster bort tid og gj\u00f8r flere feil n\u00e5r du bytter mellom avisoleringstang, avbitertang, tester og krympetang.<\/p>\n<p data-start=\"1199\" data-end=\"1358\"><strong data-start=\"1199\" data-end=\"1212\">L\u00f8sning:<\/strong><br data-start=\"1212\" data-end=\"1215\" \/>Denne 8-i-1 avisoleringstangen med spenningstester samler alt i \u00e9n ergonomisk, profesjonell tang &#8211; noe som gir deg effektivitet uten kompromisser. Mindre rot. Mer produktivitet.<\/p>\n<p data-start=\"1199\" data-end=\"1358\"><img decoding=\"async\" class=\" wp-image-26918 aligncenter\" src=\"https:\/\/mekulo.com\/template\/wp-content\/uploads\/sites\/6\/2026\/03\/12215-ezgif.com-video-to-webp-converter-1.webp\" alt=\"\" width=\"550\" height=\"550\" \/><\/p>\n<h2 style=\"text-align: center\" data-start=\"1399\" data-end=\"1425\">\ud83c\udfd7 Perfekt for<\/h2>\n<ul data-start=\"1441\" data-end=\"1585\">\n<li data-start=\"1441\" data-end=\"1469\">\n<p data-start=\"1443\" data-end=\"1469\">Elektriske installasjoner<\/p>\n<\/li>\n<li data-start=\"1470\" data-end=\"1493\">\n<p data-start=\"1472\" data-end=\"1493\">Reparasjoner av ledninger i hjemmet<\/p>\n<\/li>\n<li data-start=\"1494\" data-end=\"1524\">\n<p data-start=\"1496\" data-end=\"1524\">Elektrisk arbeid i bilindustrien<\/p>\n<\/li>\n<li data-start=\"1525\" data-end=\"1551\">\n<p data-start=\"1527\" data-end=\"1551\">Industrielt vedlikehold<\/p>\n<\/li>\n<li data-start=\"1552\" data-end=\"1585\">\n<p data-start=\"1554\" data-end=\"1585\">DIY-oppussingsprosjekter<\/p>\n<\/li>\n<\/ul>\n<p data-start=\"1587\" data-end=\"1657\">Uansett om du er p\u00e5 byggeplassen eller i garasjen, er du alltid forberedt med dette verkt\u00f8yet.<\/p>\n<h2 style=\"text-align: center\" data-start=\"1664\" data-end=\"1680\">\u2699\ufe0f Slik bruker du<\/h2>\n<ol data-start=\"1682\" data-end=\"1876\">\n<li data-start=\"1682\" data-end=\"1727\">\n<p data-start=\"1685\" data-end=\"1727\">Bruk avisoleringstangen til \u00e5 fjerne isolasjon.<\/p>\n<\/li>\n<li data-start=\"1728\" data-end=\"1772\">\n<p data-start=\"1731\" data-end=\"1772\">Test spenningen f\u00f8r du h\u00e5ndterer str\u00f8mf\u00f8rende ledninger.<\/p>\n<\/li>\n<li data-start=\"1773\" data-end=\"1810\">\n<p data-start=\"1776\" data-end=\"1810\">Kutt kabler med forsterket blad.<\/p>\n<\/li>\n<li data-start=\"1811\" data-end=\"1840\">\n<p data-start=\"1814\" data-end=\"1840\">Krymp klemmer sikkert.<\/p>\n<\/li>\n<li data-start=\"1841\" data-end=\"1876\">\n<p data-start=\"1844\" data-end=\"1876\">Grip, b\u00f8y eller vri etter behov.<\/p>\n<\/li>\n<\/ol>\n<h2 style=\"text-align: center\" data-start=\"1942\" data-end=\"1963\">\ud83d\udcd0 Produktdetaljer<\/h2>\n<ul data-start=\"1965\" data-end=\"2276\">\n<li data-start=\"1965\" data-end=\"2001\">\n<p data-start=\"1967\" data-end=\"2001\">Funksjoner: 8-i-1 multiverkt\u00f8y<\/p>\n<\/li>\n<li data-start=\"2002\" data-end=\"2126\">\n<p data-start=\"2004\" data-end=\"2126\">Inkluderer: Avisoleringstang, spenningstester, kabelkutter, crimper, saks, vridningsverkt\u00f8y, gjengehjelp, gripekjeve<\/p>\n<\/li>\n<li data-start=\"2127\" data-end=\"2172\">\n<p data-start=\"2129\" data-end=\"2172\">Materiale: Varmebehandlet, herdet st\u00e5l<\/p>\n<\/li>\n<li data-start=\"2173\" data-end=\"2223\">\n<p data-start=\"2175\" data-end=\"2223\">H\u00e5ndtak: Ergonomisk, sklisikkert, isolert grep<\/p>\n<\/li>\n<li data-start=\"2224\" data-end=\"2276\">\n<p data-start=\"2226\" data-end=\"2276\">Design: Kompakt, slitesterk, profesjonell kvalitet<\/p>\n<\/li>\n<li data-start=\"2224\" data-end=\"2276\">Lengde: 210 mm<\/li>\n<\/ul>\n<h2 style=\"text-align: center\" data-start=\"2314\" data-end=\"2336\">\ud83d\udce6 Pakken inneholder<\/h2>\n<ul data-start=\"2338\" data-end=\"2386\">\n<li data-start=\"2338\" data-end=\"2386\">\n<p data-start=\"2340\" data-end=\"2386\">1x 8-i-1 avisoleringstang med spenningstester.<\/p>\n<\/li>\n<\/ul>\n","protected":false},"excerpt":{"rendered":"<p>\u2699\ufe0f Ett verkt\u00f8y. Total kontroll.<br \/>\n\ud83e\uddf0Stripe, kutt, krymp, test &#8211; uten \u00e5 bytte verkt\u00f8y.<br \/>\n<span style=\"font-size: 16px;font-style: normal;font-weight: 400\">\ud83d\udc68\u200d\ud83d\udd27<\/span>Designed for elektrikere, teknikere og seri\u00f8se gj\u00f8r-det-selv-folk som setter pris p\u00e5 effektivitet, sikkerhet og presisjon i hver eneste jobb.<\/p>\n","protected":false},"featured_media":27113,"comment_status":"open","ping_status":"closed","template":"","meta":{"site-sidebar-layout":"default","site-content-layout":"","ast-site-content-layout":"default","site-content-style":"default","site-sidebar-style":"default","ast-global-header-display":"","ast-banner-title-visibility":"","ast-main-header-display":"","ast-hfb-above-header-display":"","ast-hfb-below-header-display":"","ast-hfb-mobile-header-display":"","site-post-title":"","ast-breadcrumbs-content":"","ast-featured-img":"","footer-sml-layout":"","theme-transparent-header-meta":"default","adv-header-id-meta":"","stick-header-meta":"","header-above-stick-meta":"","header-main-stick-meta":"","header-below-stick-meta":"","astra-migrate-meta-layouts":"set","ast-page-background-enabled":"default","ast-page-background-meta":{"desktop":{"background-color":"var(--ast-global-color-5)","background-image":"","background-repeat":"repeat","background-position":"center center","background-size":"auto","background-attachment":"scroll","background-type":"","background-media":"","overlay-type":"","overlay-color":"","overlay-opacity":"","overlay-gradient":""},"tablet":{"background-color":"","background-image":"","background-repeat":"repeat","background-position":"center center","background-size":"auto","background-attachment":"scroll","background-type":"","background-media":"","overlay-type":"","overlay-color":"","overlay-opacity":"","overlay-gradient":""},"mobile":{"background-color":"","background-image":"","background-repeat":"repeat","background-position":"center center","background-size":"auto","background-attachment":"scroll","background-type":"","background-media":"","overlay-type":"","overlay-color":"","overlay-opacity":"","overlay-gradient":""}},"ast-content-background-meta":{"desktop":{"background-color":"var(--ast-global-color-4)","background-image":"","background-repeat":"repeat","background-position":"center center","background-size":"auto","background-attachment":"scroll","background-type":"","background-media":"","overlay-type":"","overlay-color":"","overlay-opacity":"","overlay-gradient":""},"tablet":{"background-color":"var(--ast-global-color-4)","background-image":"","background-repeat":"repeat","background-position":"center center","background-size":"auto","background-attachment":"scroll","background-type":"","background-media":"","overlay-type":"","overlay-color":"","overlay-opacity":"","overlay-gradient":""},"mobile":{"background-color":"var(--ast-global-color-4)","background-image":"","background-repeat":"repeat","background-position":"center center","background-size":"auto","background-attachment":"scroll","background-type":"","background-media":"","overlay-type":"","overlay-color":"","overlay-opacity":"","overlay-gradient":""}}},"product_brand":[],"product_cat":[171],"product_tag":[],"class_list":{"0":"post-27117","1":"product","2":"type-product","3":"status-publish","4":"has-post-thumbnail","6":"product_cat-verktoy","7":"desktop-align-left","8":"tablet-align-left","9":"mobile-align-left","11":"first","12":"instock","13":"shipping-taxable","14":"purchasable","15":"product-type-simple"},"yoast_head":"<!-- This site is optimized with the Yoast SEO plugin v26.6 - https:\/\/yoast.com\/wordpress\/plugins\/seo\/ -->\n<title>8-i-1 avisoleringstang med spenningstester - Mekulo NO<\/title>\n<meta name=\"robots\" content=\"index, follow, max-snippet:-1, max-image-preview:large, max-video-preview:-1\" \/>\n<link rel=\"canonical\" href=\"https:\/\/mekulo.com\/no\/produkt\/8-i-1-avisoleringstang-med-spenningstester\/\" \/>\n<meta property=\"og:locale\" content=\"nb_NO\" \/>\n<meta property=\"og:type\" content=\"article\" \/>\n<meta property=\"og:title\" content=\"8-i-1 avisoleringstang med spenningstester - Mekulo NO\" \/>\n<meta property=\"og:description\" content=\"\u2699\ufe0f Ett verkt\u00f8y. Total kontroll. \ud83e\uddf0Stripe, kutt, krymp, test - uten \u00e5 bytte verkt\u00f8y. \ud83d\udc68\u200d\ud83d\udd27Designed for elektrikere, teknikere og seri\u00f8se gj\u00f8r-det-selv-folk som setter pris p\u00e5 effektivitet, sikkerhet og presisjon i hver eneste jobb.\" \/>\n<meta property=\"og:url\" content=\"https:\/\/mekulo.com\/no\/produkt\/8-i-1-avisoleringstang-med-spenningstester\/\" \/>\n<meta property=\"og:site_name\" content=\"Mekulo NO\" \/>\n<meta property=\"article:modified_time\" content=\"2026-04-10T15:12:03+00:00\" \/>\n<meta property=\"og:image\" content=\"https:\/\/mekulo.com\/no\/wp-content\/uploads\/sites\/10\/2026\/04\/6ic2vpj-1.webp\" \/>\n\t<meta property=\"og:image:width\" content=\"600\" \/>\n\t<meta property=\"og:image:height\" content=\"600\" \/>\n\t<meta property=\"og:image:type\" content=\"image\/webp\" \/>\n<meta name=\"twitter:card\" content=\"summary_large_image\" \/>\n<meta name=\"twitter:label1\" content=\"Ansl. lesetid\" \/>\n\t<meta name=\"twitter:data1\" content=\"2 minutter\" \/>\n<script type=\"application\/ld+json\" class=\"yoast-schema-graph\">{\"@context\":\"https:\/\/schema.org\",\"@graph\":[{\"@type\":\"WebPage\",\"@id\":\"https:\/\/mekulo.com\/no\/produkt\/8-i-1-avisoleringstang-med-spenningstester\/\",\"url\":\"https:\/\/mekulo.com\/no\/produkt\/8-i-1-avisoleringstang-med-spenningstester\/\",\"name\":\"8-i-1 avisoleringstang med spenningstester - Mekulo NO\",\"isPartOf\":{\"@id\":\"https:\/\/mekulo.com\/no\/#website\"},\"primaryImageOfPage\":{\"@id\":\"https:\/\/mekulo.com\/no\/produkt\/8-i-1-avisoleringstang-med-spenningstester\/#primaryimage\"},\"image\":{\"@id\":\"https:\/\/mekulo.com\/no\/produkt\/8-i-1-avisoleringstang-med-spenningstester\/#primaryimage\"},\"thumbnailUrl\":\"https:\/\/mekulo.com\/no\/wp-content\/uploads\/sites\/10\/2026\/04\/6ic2vpj-1.webp\",\"datePublished\":\"2026-04-09T18:28:19+00:00\",\"dateModified\":\"2026-04-10T15:12:03+00:00\",\"breadcrumb\":{\"@id\":\"https:\/\/mekulo.com\/no\/produkt\/8-i-1-avisoleringstang-med-spenningstester\/#breadcrumb\"},\"inLanguage\":\"nb-NO\",\"potentialAction\":[{\"@type\":\"ReadAction\",\"target\":[\"https:\/\/mekulo.com\/no\/produkt\/8-i-1-avisoleringstang-med-spenningstester\/\"]}]},{\"@type\":\"ImageObject\",\"inLanguage\":\"nb-NO\",\"@id\":\"https:\/\/mekulo.com\/no\/produkt\/8-i-1-avisoleringstang-med-spenningstester\/#primaryimage\",\"url\":\"https:\/\/mekulo.com\/no\/wp-content\/uploads\/sites\/10\/2026\/04\/6ic2vpj-1.webp\",\"contentUrl\":\"https:\/\/mekulo.com\/no\/wp-content\/uploads\/sites\/10\/2026\/04\/6ic2vpj-1.webp\",\"width\":600,\"height\":600},{\"@type\":\"BreadcrumbList\",\"@id\":\"https:\/\/mekulo.com\/no\/produkt\/8-i-1-avisoleringstang-med-spenningstester\/#breadcrumb\",\"itemListElement\":[{\"@type\":\"ListItem\",\"position\":1,\"name\":\"Home\",\"item\":\"https:\/\/mekulo.com\/no\/\"},{\"@type\":\"ListItem\",\"position\":2,\"name\":\"Butikk\",\"item\":\"https:\/\/mekulo.com\/no\/butikk\/\"},{\"@type\":\"ListItem\",\"position\":3,\"name\":\"8-i-1 avisoleringstang med spenningstester\"}]},{\"@type\":\"WebSite\",\"@id\":\"https:\/\/mekulo.com\/no\/#website\",\"url\":\"https:\/\/mekulo.com\/no\/\",\"name\":\"Mekulo NO\",\"description\":\"\",\"publisher\":{\"@id\":\"https:\/\/mekulo.com\/no\/#organization\"},\"potentialAction\":[{\"@type\":\"SearchAction\",\"target\":{\"@type\":\"EntryPoint\",\"urlTemplate\":\"https:\/\/mekulo.com\/no\/?s={search_term_string}\"},\"query-input\":{\"@type\":\"PropertyValueSpecification\",\"valueRequired\":true,\"valueName\":\"search_term_string\"}}],\"inLanguage\":\"nb-NO\"},{\"@type\":\"Organization\",\"@id\":\"https:\/\/mekulo.com\/no\/#organization\",\"name\":\"Mekulo\",\"url\":\"https:\/\/mekulo.com\/no\/\",\"logo\":{\"@type\":\"ImageObject\",\"inLanguage\":\"nb-NO\",\"@id\":\"https:\/\/mekulo.com\/no\/#\/schema\/logo\/image\/\",\"url\":\"https:\/\/mekulo.com\/no\/wp-content\/uploads\/sites\/10\/2025\/12\/favicon_mekulo.png\",\"contentUrl\":\"https:\/\/mekulo.com\/no\/wp-content\/uploads\/sites\/10\/2025\/12\/favicon_mekulo.png\",\"width\":50,\"height\":50,\"caption\":\"Mekulo\"},\"image\":{\"@id\":\"https:\/\/mekulo.com\/no\/#\/schema\/logo\/image\/\"}}]}<\/script>\n<!-- \/ Yoast SEO plugin. -->","yoast_head_json":{"title":"8-i-1 avisoleringstang med spenningstester - Mekulo NO","robots":{"index":"index","follow":"follow","max-snippet":"max-snippet:-1","max-image-preview":"max-image-preview:large","max-video-preview":"max-video-preview:-1"},"canonical":"https:\/\/mekulo.com\/no\/produkt\/8-i-1-avisoleringstang-med-spenningstester\/","og_locale":"nb_NO","og_type":"article","og_title":"8-i-1 avisoleringstang med spenningstester - Mekulo NO","og_description":"\u2699\ufe0f Ett verkt\u00f8y. Total kontroll. \ud83e\uddf0Stripe, kutt, krymp, test - uten \u00e5 bytte verkt\u00f8y. \ud83d\udc68\u200d\ud83d\udd27Designed for elektrikere, teknikere og seri\u00f8se gj\u00f8r-det-selv-folk som setter pris p\u00e5 effektivitet, sikkerhet og presisjon i hver eneste jobb.","og_url":"https:\/\/mekulo.com\/no\/produkt\/8-i-1-avisoleringstang-med-spenningstester\/","og_site_name":"Mekulo NO","article_modified_time":"2026-04-10T15:12:03+00:00","og_image":[{"width":600,"height":600,"url":"https:\/\/mekulo.com\/no\/wp-content\/uploads\/sites\/10\/2026\/04\/6ic2vpj-1.webp","type":"image\/webp"}],"twitter_card":"summary_large_image","twitter_misc":{"Ansl. lesetid":"2 minutter"},"schema":{"@context":"https:\/\/schema.org","@graph":[{"@type":"WebPage","@id":"https:\/\/mekulo.com\/no\/produkt\/8-i-1-avisoleringstang-med-spenningstester\/","url":"https:\/\/mekulo.com\/no\/produkt\/8-i-1-avisoleringstang-med-spenningstester\/","name":"8-i-1 avisoleringstang med spenningstester - Mekulo NO","isPartOf":{"@id":"https:\/\/mekulo.com\/no\/#website"},"primaryImageOfPage":{"@id":"https:\/\/mekulo.com\/no\/produkt\/8-i-1-avisoleringstang-med-spenningstester\/#primaryimage"},"image":{"@id":"https:\/\/mekulo.com\/no\/produkt\/8-i-1-avisoleringstang-med-spenningstester\/#primaryimage"},"thumbnailUrl":"https:\/\/mekulo.com\/no\/wp-content\/uploads\/sites\/10\/2026\/04\/6ic2vpj-1.webp","datePublished":"2026-04-09T18:28:19+00:00","dateModified":"2026-04-10T15:12:03+00:00","breadcrumb":{"@id":"https:\/\/mekulo.com\/no\/produkt\/8-i-1-avisoleringstang-med-spenningstester\/#breadcrumb"},"inLanguage":"nb-NO","potentialAction":[{"@type":"ReadAction","target":["https:\/\/mekulo.com\/no\/produkt\/8-i-1-avisoleringstang-med-spenningstester\/"]}]},{"@type":"ImageObject","inLanguage":"nb-NO","@id":"https:\/\/mekulo.com\/no\/produkt\/8-i-1-avisoleringstang-med-spenningstester\/#primaryimage","url":"https:\/\/mekulo.com\/no\/wp-content\/uploads\/sites\/10\/2026\/04\/6ic2vpj-1.webp","contentUrl":"https:\/\/mekulo.com\/no\/wp-content\/uploads\/sites\/10\/2026\/04\/6ic2vpj-1.webp","width":600,"height":600},{"@type":"BreadcrumbList","@id":"https:\/\/mekulo.com\/no\/produkt\/8-i-1-avisoleringstang-med-spenningstester\/#breadcrumb","itemListElement":[{"@type":"ListItem","position":1,"name":"Home","item":"https:\/\/mekulo.com\/no\/"},{"@type":"ListItem","position":2,"name":"Butikk","item":"https:\/\/mekulo.com\/no\/butikk\/"},{"@type":"ListItem","position":3,"name":"8-i-1 avisoleringstang med spenningstester"}]},{"@type":"WebSite","@id":"https:\/\/mekulo.com\/no\/#website","url":"https:\/\/mekulo.com\/no\/","name":"Mekulo NO","description":"","publisher":{"@id":"https:\/\/mekulo.com\/no\/#organization"},"potentialAction":[{"@type":"SearchAction","target":{"@type":"EntryPoint","urlTemplate":"https:\/\/mekulo.com\/no\/?s={search_term_string}"},"query-input":{"@type":"PropertyValueSpecification","valueRequired":true,"valueName":"search_term_string"}}],"inLanguage":"nb-NO"},{"@type":"Organization","@id":"https:\/\/mekulo.com\/no\/#organization","name":"Mekulo","url":"https:\/\/mekulo.com\/no\/","logo":{"@type":"ImageObject","inLanguage":"nb-NO","@id":"https:\/\/mekulo.com\/no\/#\/schema\/logo\/image\/","url":"https:\/\/mekulo.com\/no\/wp-content\/uploads\/sites\/10\/2025\/12\/favicon_mekulo.png","contentUrl":"https:\/\/mekulo.com\/no\/wp-content\/uploads\/sites\/10\/2025\/12\/favicon_mekulo.png","width":50,"height":50,"caption":"Mekulo"},"image":{"@id":"https:\/\/mekulo.com\/no\/#\/schema\/logo\/image\/"}}]}},"_links":{"self":[{"href":"https:\/\/mekulo.com\/no\/wp-json\/wp\/v2\/product\/27117","targetHints":{"allow":["GET"]}}],"collection":[{"href":"https:\/\/mekulo.com\/no\/wp-json\/wp\/v2\/product"}],"about":[{"href":"https:\/\/mekulo.com\/no\/wp-json\/wp\/v2\/types\/product"}],"replies":[{"embeddable":true,"href":"https:\/\/mekulo.com\/no\/wp-json\/wp\/v2\/comments?post=27117"}],"wp:featuredmedia":[{"embeddable":true,"href":"https:\/\/mekulo.com\/no\/wp-json\/wp\/v2\/media\/27113"}],"wp:attachment":[{"href":"https:\/\/mekulo.com\/no\/wp-json\/wp\/v2\/media?parent=27117"}],"wp:term":[{"taxonomy":"product_brand","embeddable":true,"href":"https:\/\/mekulo.com\/no\/wp-json\/wp\/v2\/product_brand?post=27117"},{"taxonomy":"product_cat","embeddable":true,"href":"https:\/\/mekulo.com\/no\/wp-json\/wp\/v2\/product_cat?post=27117"},{"taxonomy":"product_tag","embeddable":true,"href":"https:\/\/mekulo.com\/no\/wp-json\/wp\/v2\/product_tag?post=27117"}],"curies":[{"name":"wp","href":"https:\/\/api.w.org\/{rel}","templated":true}]}}