{"id":27104,"date":"2026-04-09T21:25:53","date_gmt":"2026-04-09T18:25:53","guid":{"rendered":"https:\/\/mekulo.com\/no\/produkt\/universal-fiskehjulsholder\/"},"modified":"2026-04-09T21:26:00","modified_gmt":"2026-04-09T18:26:00","slug":"universal-fiskehjulsholder","status":"publish","type":"product","link":"https:\/\/mekulo.com\/no\/produkt\/universal-fiskehjulsholder\/","title":{"rendered":"Universal fiskehjulsholder"},"content":{"rendered":"<h2 style=\"text-align: center\" data-start=\"318\" data-end=\"334\">\u2728 L\u00f8ftet<\/h2>\n<p style=\"text-align: center\" data-start=\"336\" data-end=\"402\">Kompakt oppbevaring.<br data-start=\"352\" data-end=\"355\" \/>P\u00e5litelig beskyttelse.<br data-start=\"375\" data-end=\"378\" \/>Universell kompatibilitet.<\/p>\n<p data-start=\"336\" data-end=\"402\"><img fetchpriority=\"high\" decoding=\"async\" class=\" wp-image-26906 aligncenter\" src=\"https:\/\/mekulo.com\/template\/wp-content\/uploads\/sites\/6\/2026\/03\/12214-ezgif.com-video-to-webp-converter-1.webp\" alt=\"\" width=\"551\" height=\"551\" \/><\/p>\n<h2 style=\"text-align: center\" data-start=\"409\" data-end=\"427\">\u2705 Hovedfordeler<\/h2>\n<p data-start=\"431\" data-end=\"522\">\ud83c\udfa3 Plassbesparende struktur &#8211; komprimeres n\u00e5r den oppbevares for \u00e5 redusere mengden i fiskevesken.<\/p>\n<p data-start=\"526\" data-end=\"616\">\ud83d\udd17 Allsidig montering med flere kroker &#8211; festes enkelt p\u00e5 stenger, vester eller fiskekasser.<\/p>\n<p data-start=\"620\" data-end=\"712\">\ud83d\udee1 Forbedret linebeskyttelse &#8211; tykk, skjult l\u00e6rstropp forhindrer slitasje og haker.<\/p>\n<p data-start=\"716\" data-end=\"808\">\ud83c\udf0a Universell stangkompatibilitet &#8211; tilpasser seg sikkert til b\u00e5de tynne og tykke stangdiametere.<\/p>\n<p data-start=\"812\" data-end=\"908\">\u2728 Ripefri buet design &#8211; Glatte kanter beskytter stangoverflatene og forhindrer at sn\u00f8ret flosser.<\/p>\n<p data-start=\"912\" data-end=\"997\">\ud83d\udd27 Rask montering og fjerning &#8211; Ideell for b\u00e5de nybegynnere og erfarne sportsfiskere.<\/p>\n<h2 style=\"text-align: center\" data-start=\"1004\" data-end=\"1027\">\u2757 Problem \u2192 L\u00f8sning<\/h2>\n<p data-start=\"1029\" data-end=\"1154\"><strong data-start=\"1029\" data-end=\"1041\">Problem:<\/strong><br data-start=\"1041\" data-end=\"1044\" \/>L\u00f8se hjul, sammenfiltrede sn\u00f8rer og riper p\u00e5 stenger under transport kan skade utstyret ditt og forkorte levetiden.<\/p>\n<p data-start=\"1156\" data-end=\"1342\"><strong data-start=\"1156\" data-end=\"1169\">L\u00f8sning:<\/strong><br data-start=\"1169\" data-end=\"1172\" \/>Denne universelle fiskehjulsholderen holder alt sikkert og p\u00e5 linje. Den beskytter sn\u00f8ret mot slitasje, forhindrer skader p\u00e5 stengene og holder orden p\u00e5 utstyret mellom \u00f8ktene.<\/p>\n<p data-start=\"1156\" data-end=\"1342\"><img decoding=\"async\" class=\"size-full wp-image-26907 aligncenter\" src=\"https:\/\/mekulo.com\/template\/wp-content\/uploads\/sites\/6\/2026\/03\/5.jpg\" alt=\"\" width=\"800\" height=\"800\" \/><\/p>\n<h2 style=\"text-align: center\" data-start=\"1387\" data-end=\"1413\">\ud83c\udf05 Perfekt for<\/h2>\n<ul data-start=\"1429\" data-end=\"1559\">\n<li data-start=\"1429\" data-end=\"1446\">\n<p data-start=\"1431\" data-end=\"1446\">Fiske fra land<\/p>\n<\/li>\n<li data-start=\"1447\" data-end=\"1461\">\n<p data-start=\"1449\" data-end=\"1461\">B\u00e5tturer<\/p>\n<\/li>\n<li data-start=\"1462\" data-end=\"1496\">\n<p data-start=\"1464\" data-end=\"1496\">Reiser til avsidesliggende fiskeplasser<\/p>\n<\/li>\n<li data-start=\"1497\" data-end=\"1524\">\n<p data-start=\"1499\" data-end=\"1524\">Organisering av fiskevesker<\/p>\n<\/li>\n<li data-start=\"1525\" data-end=\"1559\">\n<p data-start=\"1527\" data-end=\"1559\">Beskytter stenger under oppbevaring<\/p>\n<\/li>\n<\/ul>\n<p data-start=\"1561\" data-end=\"1664\">Uavhengig av om du er en helgefisker eller en dedikert fisker, er utstyret ditt alltid klart for neste kast.<\/p>\n<h2 style=\"text-align: center\" data-start=\"1671\" data-end=\"1687\">\u2699\ufe0f Slik bruker du den<\/h2>\n<ol data-start=\"1689\" data-end=\"1867\">\n<li data-start=\"1689\" data-end=\"1723\">\n<p data-start=\"1692\" data-end=\"1723\">Posisjoner holderen p\u00e5 stangen din.<\/p>\n<\/li>\n<li data-start=\"1724\" data-end=\"1762\">\n<p data-start=\"1727\" data-end=\"1762\">Fest den med den integrerte stroppen.<\/p>\n<\/li>\n<li data-start=\"1763\" data-end=\"1829\">\n<p data-start=\"1766\" data-end=\"1829\">Fest den til \u00f8nsket festepunkt (stang, vest eller fiskekasse).<\/p>\n<\/li>\n<li data-start=\"1830\" data-end=\"1867\">\n<p data-start=\"1833\" data-end=\"1867\">Ta den enkelt av n\u00e5r du er klar til \u00e5 fiske.<\/p>\n<\/li>\n<\/ol>\n<h2 style=\"text-align: center\" data-start=\"1904\" data-end=\"1925\">\ud83d\udcd0 Produktdetaljer<\/h2>\n<ul data-start=\"1927\" data-end=\"2160\">\n<li data-start=\"1946\" data-end=\"1985\">\n<p data-start=\"1948\" data-end=\"1985\">M\u00e5l: 15,5 x 2 cm<\/p>\n<\/li>\n<li data-start=\"1986\" data-end=\"2040\">\n<p data-start=\"1988\" data-end=\"2040\">Materiale: Forsterket ABS + tykk l\u00e6rrem<\/p>\n<\/li>\n<li data-start=\"2041\" data-end=\"2105\">\n<p data-start=\"2043\" data-end=\"2105\">Design: Buede, polerte kanter for stang og linebeskyttelse<\/p>\n<\/li>\n<li data-start=\"2106\" data-end=\"2160\">\n<p data-start=\"2108\" data-end=\"2160\">Kompatibilitet: Passer til de fleste stangdiametre<\/p>\n<\/li>\n<\/ul>\n<h2 style=\"text-align: center\" data-start=\"2219\" data-end=\"2241\">\ud83d\udce6 Pakken inneholder<\/h2>\n<ul data-start=\"2243\" data-end=\"2280\">\n<li data-start=\"2243\" data-end=\"2280\">\n<p data-start=\"2245\" data-end=\"2280\">5, 10x universelle fiskehjulholdere.<\/p>\n<\/li>\n<\/ul>\n","protected":false},"excerpt":{"rendered":"<p>\ud83c\udf0aBeskytt utstyret ditt. Fisk med selvtillit.<br \/>\n\ud83d\udc1fSmartere oppbevaring for seri\u00f8se sportsfiskere.<br \/>\n\ud83c\udfa3Hold hjulet sikkert, sn\u00f8ret beskyttet og oppsettet organisert \u2014 enten du er p\u00e5 vei til sj\u00f8en eller pakker sammen etter en lang dag p\u00e5 vannet.<\/p>\n","protected":false},"featured_media":27100,"comment_status":"open","ping_status":"closed","template":"","meta":{"site-sidebar-layout":"default","site-content-layout":"","ast-site-content-layout":"default","site-content-style":"default","site-sidebar-style":"default","ast-global-header-display":"","ast-banner-title-visibility":"","ast-main-header-display":"","ast-hfb-above-header-display":"","ast-hfb-below-header-display":"","ast-hfb-mobile-header-display":"","site-post-title":"","ast-breadcrumbs-content":"","ast-featured-img":"","footer-sml-layout":"","theme-transparent-header-meta":"default","adv-header-id-meta":"","stick-header-meta":"","header-above-stick-meta":"","header-main-stick-meta":"","header-below-stick-meta":"","astra-migrate-meta-layouts":"set","ast-page-background-enabled":"default","ast-page-background-meta":{"desktop":{"background-color":"var(--ast-global-color-5)","background-image":"","background-repeat":"repeat","background-position":"center center","background-size":"auto","background-attachment":"scroll","background-type":"","background-media":"","overlay-type":"","overlay-color":"","overlay-opacity":"","overlay-gradient":""},"tablet":{"background-color":"","background-image":"","background-repeat":"repeat","background-position":"center center","background-size":"auto","background-attachment":"scroll","background-type":"","background-media":"","overlay-type":"","overlay-color":"","overlay-opacity":"","overlay-gradient":""},"mobile":{"background-color":"","background-image":"","background-repeat":"repeat","background-position":"center center","background-size":"auto","background-attachment":"scroll","background-type":"","background-media":"","overlay-type":"","overlay-color":"","overlay-opacity":"","overlay-gradient":""}},"ast-content-background-meta":{"desktop":{"background-color":"var(--ast-global-color-4)","background-image":"","background-repeat":"repeat","background-position":"center center","background-size":"auto","background-attachment":"scroll","background-type":"","background-media":"","overlay-type":"","overlay-color":"","overlay-opacity":"","overlay-gradient":""},"tablet":{"background-color":"var(--ast-global-color-4)","background-image":"","background-repeat":"repeat","background-position":"center center","background-size":"auto","background-attachment":"scroll","background-type":"","background-media":"","overlay-type":"","overlay-color":"","overlay-opacity":"","overlay-gradient":""},"mobile":{"background-color":"var(--ast-global-color-4)","background-image":"","background-repeat":"repeat","background-position":"center center","background-size":"auto","background-attachment":"scroll","background-type":"","background-media":"","overlay-type":"","overlay-color":"","overlay-opacity":"","overlay-gradient":""}}},"product_brand":[],"product_cat":[167],"product_tag":[],"class_list":{"0":"post-27104","1":"product","2":"type-product","3":"status-publish","4":"has-post-thumbnail","6":"product_cat-fotturer-camping-og-fritidsartikler","7":"pa_64926_0nlpv3ch-10-stk","8":"pa_64926_0nlpv3ch-5-stk","9":"desktop-align-left","10":"tablet-align-left","11":"mobile-align-left","13":"first","14":"instock","15":"shipping-taxable","16":"purchasable","17":"product-type-variable"},"yoast_head":"<!-- This site is optimized with the Yoast SEO plugin v26.6 - https:\/\/yoast.com\/wordpress\/plugins\/seo\/ -->\n<title>Universal fiskehjulsholder - Mekulo NO<\/title>\n<meta name=\"robots\" content=\"index, follow, max-snippet:-1, max-image-preview:large, max-video-preview:-1\" \/>\n<link rel=\"canonical\" href=\"https:\/\/mekulo.com\/no\/produkt\/universal-fiskehjulsholder\/\" \/>\n<meta property=\"og:locale\" content=\"nb_NO\" \/>\n<meta property=\"og:type\" content=\"article\" \/>\n<meta property=\"og:title\" content=\"Universal fiskehjulsholder - Mekulo NO\" \/>\n<meta property=\"og:description\" content=\"\ud83c\udf0aBeskytt utstyret ditt. Fisk med selvtillit. \ud83d\udc1fSmartere oppbevaring for seri\u00f8se sportsfiskere. \ud83c\udfa3Hold hjulet sikkert, sn\u00f8ret beskyttet og oppsettet organisert \u2014 enten du er p\u00e5 vei til sj\u00f8en eller pakker sammen etter en lang dag p\u00e5 vannet.\" \/>\n<meta property=\"og:url\" content=\"https:\/\/mekulo.com\/no\/produkt\/universal-fiskehjulsholder\/\" \/>\n<meta property=\"og:site_name\" content=\"Mekulo NO\" \/>\n<meta property=\"article:modified_time\" content=\"2026-04-09T18:26:00+00:00\" \/>\n<meta property=\"og:image\" content=\"https:\/\/mekulo.com\/no\/wp-content\/uploads\/sites\/10\/2026\/04\/5y41zj1-1.jpg\" \/>\n\t<meta property=\"og:image:width\" content=\"800\" \/>\n\t<meta property=\"og:image:height\" content=\"800\" \/>\n\t<meta property=\"og:image:type\" content=\"image\/jpeg\" \/>\n<meta name=\"twitter:card\" content=\"summary_large_image\" \/>\n<meta name=\"twitter:label1\" content=\"Ansl. lesetid\" \/>\n\t<meta name=\"twitter:data1\" content=\"2 minutter\" \/>\n<script type=\"application\/ld+json\" class=\"yoast-schema-graph\">{\"@context\":\"https:\/\/schema.org\",\"@graph\":[{\"@type\":\"WebPage\",\"@id\":\"https:\/\/mekulo.com\/no\/produkt\/universal-fiskehjulsholder\/\",\"url\":\"https:\/\/mekulo.com\/no\/produkt\/universal-fiskehjulsholder\/\",\"name\":\"Universal fiskehjulsholder - Mekulo NO\",\"isPartOf\":{\"@id\":\"https:\/\/mekulo.com\/no\/#website\"},\"primaryImageOfPage\":{\"@id\":\"https:\/\/mekulo.com\/no\/produkt\/universal-fiskehjulsholder\/#primaryimage\"},\"image\":{\"@id\":\"https:\/\/mekulo.com\/no\/produkt\/universal-fiskehjulsholder\/#primaryimage\"},\"thumbnailUrl\":\"https:\/\/mekulo.com\/no\/wp-content\/uploads\/sites\/10\/2026\/04\/5y41zj1-1.jpg\",\"datePublished\":\"2026-04-09T18:25:53+00:00\",\"dateModified\":\"2026-04-09T18:26:00+00:00\",\"breadcrumb\":{\"@id\":\"https:\/\/mekulo.com\/no\/produkt\/universal-fiskehjulsholder\/#breadcrumb\"},\"inLanguage\":\"nb-NO\",\"potentialAction\":[{\"@type\":\"ReadAction\",\"target\":[\"https:\/\/mekulo.com\/no\/produkt\/universal-fiskehjulsholder\/\"]}]},{\"@type\":\"ImageObject\",\"inLanguage\":\"nb-NO\",\"@id\":\"https:\/\/mekulo.com\/no\/produkt\/universal-fiskehjulsholder\/#primaryimage\",\"url\":\"https:\/\/mekulo.com\/no\/wp-content\/uploads\/sites\/10\/2026\/04\/5y41zj1-1.jpg\",\"contentUrl\":\"https:\/\/mekulo.com\/no\/wp-content\/uploads\/sites\/10\/2026\/04\/5y41zj1-1.jpg\",\"width\":800,\"height\":800},{\"@type\":\"BreadcrumbList\",\"@id\":\"https:\/\/mekulo.com\/no\/produkt\/universal-fiskehjulsholder\/#breadcrumb\",\"itemListElement\":[{\"@type\":\"ListItem\",\"position\":1,\"name\":\"Home\",\"item\":\"https:\/\/mekulo.com\/no\/\"},{\"@type\":\"ListItem\",\"position\":2,\"name\":\"Butikk\",\"item\":\"https:\/\/mekulo.com\/no\/butikk\/\"},{\"@type\":\"ListItem\",\"position\":3,\"name\":\"Universal fiskehjulsholder\"}]},{\"@type\":\"WebSite\",\"@id\":\"https:\/\/mekulo.com\/no\/#website\",\"url\":\"https:\/\/mekulo.com\/no\/\",\"name\":\"Mekulo NO\",\"description\":\"\",\"publisher\":{\"@id\":\"https:\/\/mekulo.com\/no\/#organization\"},\"potentialAction\":[{\"@type\":\"SearchAction\",\"target\":{\"@type\":\"EntryPoint\",\"urlTemplate\":\"https:\/\/mekulo.com\/no\/?s={search_term_string}\"},\"query-input\":{\"@type\":\"PropertyValueSpecification\",\"valueRequired\":true,\"valueName\":\"search_term_string\"}}],\"inLanguage\":\"nb-NO\"},{\"@type\":\"Organization\",\"@id\":\"https:\/\/mekulo.com\/no\/#organization\",\"name\":\"Mekulo\",\"url\":\"https:\/\/mekulo.com\/no\/\",\"logo\":{\"@type\":\"ImageObject\",\"inLanguage\":\"nb-NO\",\"@id\":\"https:\/\/mekulo.com\/no\/#\/schema\/logo\/image\/\",\"url\":\"https:\/\/mekulo.com\/no\/wp-content\/uploads\/sites\/10\/2025\/12\/favicon_mekulo.png\",\"contentUrl\":\"https:\/\/mekulo.com\/no\/wp-content\/uploads\/sites\/10\/2025\/12\/favicon_mekulo.png\",\"width\":50,\"height\":50,\"caption\":\"Mekulo\"},\"image\":{\"@id\":\"https:\/\/mekulo.com\/no\/#\/schema\/logo\/image\/\"}}]}<\/script>\n<!-- \/ Yoast SEO plugin. -->","yoast_head_json":{"title":"Universal fiskehjulsholder - Mekulo NO","robots":{"index":"index","follow":"follow","max-snippet":"max-snippet:-1","max-image-preview":"max-image-preview:large","max-video-preview":"max-video-preview:-1"},"canonical":"https:\/\/mekulo.com\/no\/produkt\/universal-fiskehjulsholder\/","og_locale":"nb_NO","og_type":"article","og_title":"Universal fiskehjulsholder - Mekulo NO","og_description":"\ud83c\udf0aBeskytt utstyret ditt. Fisk med selvtillit. \ud83d\udc1fSmartere oppbevaring for seri\u00f8se sportsfiskere. \ud83c\udfa3Hold hjulet sikkert, sn\u00f8ret beskyttet og oppsettet organisert \u2014 enten du er p\u00e5 vei til sj\u00f8en eller pakker sammen etter en lang dag p\u00e5 vannet.","og_url":"https:\/\/mekulo.com\/no\/produkt\/universal-fiskehjulsholder\/","og_site_name":"Mekulo NO","article_modified_time":"2026-04-09T18:26:00+00:00","og_image":[{"width":800,"height":800,"url":"https:\/\/mekulo.com\/no\/wp-content\/uploads\/sites\/10\/2026\/04\/5y41zj1-1.jpg","type":"image\/jpeg"}],"twitter_card":"summary_large_image","twitter_misc":{"Ansl. lesetid":"2 minutter"},"schema":{"@context":"https:\/\/schema.org","@graph":[{"@type":"WebPage","@id":"https:\/\/mekulo.com\/no\/produkt\/universal-fiskehjulsholder\/","url":"https:\/\/mekulo.com\/no\/produkt\/universal-fiskehjulsholder\/","name":"Universal fiskehjulsholder - Mekulo NO","isPartOf":{"@id":"https:\/\/mekulo.com\/no\/#website"},"primaryImageOfPage":{"@id":"https:\/\/mekulo.com\/no\/produkt\/universal-fiskehjulsholder\/#primaryimage"},"image":{"@id":"https:\/\/mekulo.com\/no\/produkt\/universal-fiskehjulsholder\/#primaryimage"},"thumbnailUrl":"https:\/\/mekulo.com\/no\/wp-content\/uploads\/sites\/10\/2026\/04\/5y41zj1-1.jpg","datePublished":"2026-04-09T18:25:53+00:00","dateModified":"2026-04-09T18:26:00+00:00","breadcrumb":{"@id":"https:\/\/mekulo.com\/no\/produkt\/universal-fiskehjulsholder\/#breadcrumb"},"inLanguage":"nb-NO","potentialAction":[{"@type":"ReadAction","target":["https:\/\/mekulo.com\/no\/produkt\/universal-fiskehjulsholder\/"]}]},{"@type":"ImageObject","inLanguage":"nb-NO","@id":"https:\/\/mekulo.com\/no\/produkt\/universal-fiskehjulsholder\/#primaryimage","url":"https:\/\/mekulo.com\/no\/wp-content\/uploads\/sites\/10\/2026\/04\/5y41zj1-1.jpg","contentUrl":"https:\/\/mekulo.com\/no\/wp-content\/uploads\/sites\/10\/2026\/04\/5y41zj1-1.jpg","width":800,"height":800},{"@type":"BreadcrumbList","@id":"https:\/\/mekulo.com\/no\/produkt\/universal-fiskehjulsholder\/#breadcrumb","itemListElement":[{"@type":"ListItem","position":1,"name":"Home","item":"https:\/\/mekulo.com\/no\/"},{"@type":"ListItem","position":2,"name":"Butikk","item":"https:\/\/mekulo.com\/no\/butikk\/"},{"@type":"ListItem","position":3,"name":"Universal fiskehjulsholder"}]},{"@type":"WebSite","@id":"https:\/\/mekulo.com\/no\/#website","url":"https:\/\/mekulo.com\/no\/","name":"Mekulo NO","description":"","publisher":{"@id":"https:\/\/mekulo.com\/no\/#organization"},"potentialAction":[{"@type":"SearchAction","target":{"@type":"EntryPoint","urlTemplate":"https:\/\/mekulo.com\/no\/?s={search_term_string}"},"query-input":{"@type":"PropertyValueSpecification","valueRequired":true,"valueName":"search_term_string"}}],"inLanguage":"nb-NO"},{"@type":"Organization","@id":"https:\/\/mekulo.com\/no\/#organization","name":"Mekulo","url":"https:\/\/mekulo.com\/no\/","logo":{"@type":"ImageObject","inLanguage":"nb-NO","@id":"https:\/\/mekulo.com\/no\/#\/schema\/logo\/image\/","url":"https:\/\/mekulo.com\/no\/wp-content\/uploads\/sites\/10\/2025\/12\/favicon_mekulo.png","contentUrl":"https:\/\/mekulo.com\/no\/wp-content\/uploads\/sites\/10\/2025\/12\/favicon_mekulo.png","width":50,"height":50,"caption":"Mekulo"},"image":{"@id":"https:\/\/mekulo.com\/no\/#\/schema\/logo\/image\/"}}]}},"_links":{"self":[{"href":"https:\/\/mekulo.com\/no\/wp-json\/wp\/v2\/product\/27104","targetHints":{"allow":["GET"]}}],"collection":[{"href":"https:\/\/mekulo.com\/no\/wp-json\/wp\/v2\/product"}],"about":[{"href":"https:\/\/mekulo.com\/no\/wp-json\/wp\/v2\/types\/product"}],"replies":[{"embeddable":true,"href":"https:\/\/mekulo.com\/no\/wp-json\/wp\/v2\/comments?post=27104"}],"wp:featuredmedia":[{"embeddable":true,"href":"https:\/\/mekulo.com\/no\/wp-json\/wp\/v2\/media\/27100"}],"wp:attachment":[{"href":"https:\/\/mekulo.com\/no\/wp-json\/wp\/v2\/media?parent=27104"}],"wp:term":[{"taxonomy":"product_brand","embeddable":true,"href":"https:\/\/mekulo.com\/no\/wp-json\/wp\/v2\/product_brand?post=27104"},{"taxonomy":"product_cat","embeddable":true,"href":"https:\/\/mekulo.com\/no\/wp-json\/wp\/v2\/product_cat?post=27104"},{"taxonomy":"product_tag","embeddable":true,"href":"https:\/\/mekulo.com\/no\/wp-json\/wp\/v2\/product_tag?post=27104"}],"curies":[{"name":"wp","href":"https:\/\/api.w.org\/{rel}","templated":true}]}}