{"id":26463,"date":"2026-04-07T15:17:39","date_gmt":"2026-04-07T12:17:39","guid":{"rendered":"https:\/\/mekulo.com\/no\/produkt\/solcelledrevet-elefantlys\/"},"modified":"2026-04-13T11:29:03","modified_gmt":"2026-04-13T08:29:03","slug":"solcelledrevet-elefantlys","status":"publish","type":"product","link":"https:\/\/mekulo.com\/no\/produkt\/solcelledrevet-elefantlys\/","title":{"rendered":"Solcelledrevet elefantlys"},"content":{"rendered":"<h2 style=\"text-align: center;\" data-start=\"0\" data-end=\"62\">\ud83d\udc18 En magisk gl\u00f8d!<\/h2>\n<p class=\"\" style=\"text-align: center;\" data-start=\"64\" data-end=\"288\">Det er mer enn bare en s\u00f8t dekorasjon &#8211; det er et symbol p\u00e5 kj\u00e6rlighet, styrke og visdom som lyser opp hagen, hagen eller terrassen din hver kveld.<\/p>\n<p style=\"text-align: center;\" data-start=\"64\" data-end=\"288\">\u2714 Ingen montering n\u00f8dvendig &#8211; klar til bruk!<\/p>\n<p data-start=\"64\" data-end=\"288\"><img decoding=\"async\" class=\"size-full wp-image-14630 aligncenter\" src=\"https:\/\/keluvo.com\/template\/wp-content\/uploads\/sites\/5\/2025\/04\/GxLwsrye1cJjy9e3maHh.jpeg\" alt=\"\" \/><\/p>\n<h2 style=\"text-align: center;\" data-start=\"295\" data-end=\"320\">\u2705 Hvorfor du vil elske det:<\/h2>\n<ul data-start=\"322\" data-end=\"1101\">\n<li class=\"\" data-start=\"322\" data-end=\"466\">\n<p class=\"\" data-start=\"324\" data-end=\"466\"><strong data-start=\"324\" data-end=\"350\">Vakker Og Meningsfull: <\/strong>Elefanter er symboler p\u00e5 kj\u00e6rlighet, fred og lykke. Dette gj\u00f8r den til en perfekt gave til m\u00f8dre, familie eller venner.<\/p>\n<\/li>\n<li class=\"\" data-start=\"468\" data-end=\"624\">\n<p class=\"\" data-start=\"470\" data-end=\"624\"><strong data-start=\"470\" data-end=\"498\">Lyser Som Rennende Vann: <\/strong>Solcelledrevne LED-lys lyser om natten og skaper en gl\u00f8dende str\u00f8meffekt som ser ut som om elefanten spruter vann.<\/p>\n<\/li>\n<li class=\"\" data-start=\"626\" data-end=\"754\">\n<p class=\"\" data-start=\"628\" data-end=\"754\"><strong data-start=\"628\" data-end=\"661\">Perfekt For Ethvert Uterom: <\/strong>Passer utmerket i hager, p\u00e5 uteplasser, gangveier eller verandaer. Tilf\u00f8rer et varmt og magisk preg hvor som helst.<\/p>\n<\/li>\n<li class=\"\" data-start=\"756\" data-end=\"905\">\n<p class=\"\" data-start=\"758\" data-end=\"905\"><strong data-start=\"758\" data-end=\"790\">Milj\u00f8vennlig Og Energi Besparende: <\/strong>Drives av solenergi. Bare plasser den der den f\u00e5r sollys om dagen &#8211; s\u00e5 tennes den automatisk om natten.<\/p>\n<\/li>\n<li class=\"\" data-start=\"907\" data-end=\"1019\">\n<p class=\"\" data-start=\"909\" data-end=\"1019\"><strong data-start=\"909\" data-end=\"925\">Laget For \u00c5 Vare: <\/strong>Laget av harpiks av h\u00f8y kvalitet. Vanntett og konstruert for \u00e5 t\u00e5le regn og utend\u00f8rs v\u00e6r.<\/p>\n<\/li>\n<li class=\"\" data-start=\"1021\" data-end=\"1101\">\n<p class=\"\" data-start=\"1023\" data-end=\"1101\"><strong data-start=\"1023\" data-end=\"1038\">Enkel \u00c5 Bruke: <\/strong>Bare trykk bryteren til &laquo;ON&raquo; og la solen gj\u00f8re resten.<\/p>\n<\/li>\n<\/ul>\n<h2 style=\"text-align: center;\">\ud83d\udce6 Pakken inkluderer:<\/h2>\n<ul data-start=\"1143\" data-end=\"1283\">\n<li class=\"\" data-start=\"1143\" data-end=\"1179\">\n<p class=\"\" data-start=\"1145\" data-end=\"1179\">1 x solcelledrevet elefantlys<\/p>\n<\/li>\n<li class=\"\" data-start=\"1180\" data-end=\"1213\">\n<p class=\"\" data-start=\"1182\" data-end=\"1213\">Innebygd oppladbart batteri<\/p>\n<\/li>\n<li class=\"\" data-start=\"1214\" data-end=\"1249\">\n<p class=\"\" data-start=\"1216\" data-end=\"1249\">Forinstallerte LED-lamper<\/p>\n<\/li>\n<li class=\"\" data-start=\"1250\" data-end=\"1283\">\n<p class=\"\" data-start=\"1252\" data-end=\"1283\">Klar til bruk &#8211; ingen montering n\u00f8dvendig<\/p>\n<\/li>\n<\/ul>\n","protected":false},"excerpt":{"rendered":"<p>Skap glede, sjarm og mykt lys i rommet ditt med den s\u00f8te <strong data-start=\"129\" data-end=\"147\">elefantlampen<\/strong>.<\/p>\n","protected":false},"featured_media":26459,"comment_status":"open","ping_status":"closed","template":"","meta":{"site-sidebar-layout":"default","site-content-layout":"","ast-site-content-layout":"default","site-content-style":"default","site-sidebar-style":"default","ast-global-header-display":"","ast-banner-title-visibility":"","ast-main-header-display":"","ast-hfb-above-header-display":"","ast-hfb-below-header-display":"","ast-hfb-mobile-header-display":"","site-post-title":"","ast-breadcrumbs-content":"","ast-featured-img":"","footer-sml-layout":"","theme-transparent-header-meta":"default","adv-header-id-meta":"","stick-header-meta":"","header-above-stick-meta":"","header-main-stick-meta":"","header-below-stick-meta":"","astra-migrate-meta-layouts":"set","ast-page-background-enabled":"default","ast-page-background-meta":{"desktop":{"background-color":"var(--ast-global-color-5)","background-image":"","background-repeat":"repeat","background-position":"center center","background-size":"auto","background-attachment":"scroll","background-type":"","background-media":"","overlay-type":"","overlay-color":"","overlay-opacity":"","overlay-gradient":""},"tablet":{"background-color":"","background-image":"","background-repeat":"repeat","background-position":"center center","background-size":"auto","background-attachment":"scroll","background-type":"","background-media":"","overlay-type":"","overlay-color":"","overlay-opacity":"","overlay-gradient":""},"mobile":{"background-color":"","background-image":"","background-repeat":"repeat","background-position":"center center","background-size":"auto","background-attachment":"scroll","background-type":"","background-media":"","overlay-type":"","overlay-color":"","overlay-opacity":"","overlay-gradient":""}},"ast-content-background-meta":{"desktop":{"background-color":"var(--ast-global-color-4)","background-image":"","background-repeat":"repeat","background-position":"center center","background-size":"auto","background-attachment":"scroll","background-type":"","background-media":"","overlay-type":"","overlay-color":"","overlay-opacity":"","overlay-gradient":""},"tablet":{"background-color":"var(--ast-global-color-4)","background-image":"","background-repeat":"repeat","background-position":"center center","background-size":"auto","background-attachment":"scroll","background-type":"","background-media":"","overlay-type":"","overlay-color":"","overlay-opacity":"","overlay-gradient":""},"mobile":{"background-color":"var(--ast-global-color-4)","background-image":"","background-repeat":"repeat","background-position":"center center","background-size":"auto","background-attachment":"scroll","background-type":"","background-media":"","overlay-type":"","overlay-color":"","overlay-opacity":"","overlay-gradient":""}}},"product_brand":[],"product_cat":[168],"product_tag":[],"class_list":{"0":"post-26463","1":"product","2":"type-product","3":"status-publish","4":"has-post-thumbnail","6":"product_cat-husholdningsartikler","7":"desktop-align-left","8":"tablet-align-left","9":"mobile-align-left","11":"first","12":"instock","13":"shipping-taxable","14":"purchasable","15":"product-type-simple"},"yoast_head":"<!-- This site is optimized with the Yoast SEO plugin v26.6 - https:\/\/yoast.com\/wordpress\/plugins\/seo\/ -->\n<title>Solcelledrevet elefantlys - Mekulo NO<\/title>\n<meta name=\"robots\" content=\"index, follow, max-snippet:-1, max-image-preview:large, max-video-preview:-1\" \/>\n<link rel=\"canonical\" href=\"https:\/\/mekulo.com\/no\/produkt\/solcelledrevet-elefantlys\/\" \/>\n<meta property=\"og:locale\" content=\"nb_NO\" \/>\n<meta property=\"og:type\" content=\"article\" \/>\n<meta property=\"og:title\" content=\"Solcelledrevet elefantlys - Mekulo NO\" \/>\n<meta property=\"og:description\" content=\"Skap glede, sjarm og mykt lys i rommet ditt med den s\u00f8te elefantlampen.\" \/>\n<meta property=\"og:url\" content=\"https:\/\/mekulo.com\/no\/produkt\/solcelledrevet-elefantlys\/\" \/>\n<meta property=\"og:site_name\" content=\"Mekulo NO\" \/>\n<meta property=\"article:modified_time\" content=\"2026-04-13T08:29:03+00:00\" \/>\n<meta property=\"og:image\" content=\"https:\/\/mekulo.com\/no\/wp-content\/uploads\/sites\/10\/2026\/04\/7wfx6bb-1.jpeg\" \/>\n\t<meta property=\"og:image:width\" content=\"800\" \/>\n\t<meta property=\"og:image:height\" content=\"800\" \/>\n\t<meta property=\"og:image:type\" content=\"image\/jpeg\" \/>\n<meta name=\"twitter:card\" content=\"summary_large_image\" \/>\n<meta name=\"twitter:label1\" content=\"Ansl. lesetid\" \/>\n\t<meta name=\"twitter:data1\" content=\"2 minutter\" \/>\n<script type=\"application\/ld+json\" class=\"yoast-schema-graph\">{\"@context\":\"https:\/\/schema.org\",\"@graph\":[{\"@type\":\"WebPage\",\"@id\":\"https:\/\/mekulo.com\/no\/produkt\/solcelledrevet-elefantlys\/\",\"url\":\"https:\/\/mekulo.com\/no\/produkt\/solcelledrevet-elefantlys\/\",\"name\":\"Solcelledrevet elefantlys - Mekulo NO\",\"isPartOf\":{\"@id\":\"https:\/\/mekulo.com\/no\/#website\"},\"primaryImageOfPage\":{\"@id\":\"https:\/\/mekulo.com\/no\/produkt\/solcelledrevet-elefantlys\/#primaryimage\"},\"image\":{\"@id\":\"https:\/\/mekulo.com\/no\/produkt\/solcelledrevet-elefantlys\/#primaryimage\"},\"thumbnailUrl\":\"https:\/\/mekulo.com\/no\/wp-content\/uploads\/sites\/10\/2026\/04\/7wfx6bb-1.jpeg\",\"datePublished\":\"2026-04-07T12:17:39+00:00\",\"dateModified\":\"2026-04-13T08:29:03+00:00\",\"breadcrumb\":{\"@id\":\"https:\/\/mekulo.com\/no\/produkt\/solcelledrevet-elefantlys\/#breadcrumb\"},\"inLanguage\":\"nb-NO\",\"potentialAction\":[{\"@type\":\"ReadAction\",\"target\":[\"https:\/\/mekulo.com\/no\/produkt\/solcelledrevet-elefantlys\/\"]}]},{\"@type\":\"ImageObject\",\"inLanguage\":\"nb-NO\",\"@id\":\"https:\/\/mekulo.com\/no\/produkt\/solcelledrevet-elefantlys\/#primaryimage\",\"url\":\"https:\/\/mekulo.com\/no\/wp-content\/uploads\/sites\/10\/2026\/04\/7wfx6bb-1.jpeg\",\"contentUrl\":\"https:\/\/mekulo.com\/no\/wp-content\/uploads\/sites\/10\/2026\/04\/7wfx6bb-1.jpeg\",\"width\":800,\"height\":800},{\"@type\":\"BreadcrumbList\",\"@id\":\"https:\/\/mekulo.com\/no\/produkt\/solcelledrevet-elefantlys\/#breadcrumb\",\"itemListElement\":[{\"@type\":\"ListItem\",\"position\":1,\"name\":\"Home\",\"item\":\"https:\/\/mekulo.com\/no\/\"},{\"@type\":\"ListItem\",\"position\":2,\"name\":\"Butikk\",\"item\":\"https:\/\/mekulo.com\/no\/butikk\/\"},{\"@type\":\"ListItem\",\"position\":3,\"name\":\"Solcelledrevet elefantlys\"}]},{\"@type\":\"WebSite\",\"@id\":\"https:\/\/mekulo.com\/no\/#website\",\"url\":\"https:\/\/mekulo.com\/no\/\",\"name\":\"Mekulo NO\",\"description\":\"\",\"publisher\":{\"@id\":\"https:\/\/mekulo.com\/no\/#organization\"},\"potentialAction\":[{\"@type\":\"SearchAction\",\"target\":{\"@type\":\"EntryPoint\",\"urlTemplate\":\"https:\/\/mekulo.com\/no\/?s={search_term_string}\"},\"query-input\":{\"@type\":\"PropertyValueSpecification\",\"valueRequired\":true,\"valueName\":\"search_term_string\"}}],\"inLanguage\":\"nb-NO\"},{\"@type\":\"Organization\",\"@id\":\"https:\/\/mekulo.com\/no\/#organization\",\"name\":\"Mekulo\",\"url\":\"https:\/\/mekulo.com\/no\/\",\"logo\":{\"@type\":\"ImageObject\",\"inLanguage\":\"nb-NO\",\"@id\":\"https:\/\/mekulo.com\/no\/#\/schema\/logo\/image\/\",\"url\":\"https:\/\/mekulo.com\/no\/wp-content\/uploads\/sites\/10\/2025\/12\/favicon_mekulo.png\",\"contentUrl\":\"https:\/\/mekulo.com\/no\/wp-content\/uploads\/sites\/10\/2025\/12\/favicon_mekulo.png\",\"width\":50,\"height\":50,\"caption\":\"Mekulo\"},\"image\":{\"@id\":\"https:\/\/mekulo.com\/no\/#\/schema\/logo\/image\/\"}}]}<\/script>\n<!-- \/ Yoast SEO plugin. -->","yoast_head_json":{"title":"Solcelledrevet elefantlys - Mekulo NO","robots":{"index":"index","follow":"follow","max-snippet":"max-snippet:-1","max-image-preview":"max-image-preview:large","max-video-preview":"max-video-preview:-1"},"canonical":"https:\/\/mekulo.com\/no\/produkt\/solcelledrevet-elefantlys\/","og_locale":"nb_NO","og_type":"article","og_title":"Solcelledrevet elefantlys - Mekulo NO","og_description":"Skap glede, sjarm og mykt lys i rommet ditt med den s\u00f8te elefantlampen.","og_url":"https:\/\/mekulo.com\/no\/produkt\/solcelledrevet-elefantlys\/","og_site_name":"Mekulo NO","article_modified_time":"2026-04-13T08:29:03+00:00","og_image":[{"width":800,"height":800,"url":"https:\/\/mekulo.com\/no\/wp-content\/uploads\/sites\/10\/2026\/04\/7wfx6bb-1.jpeg","type":"image\/jpeg"}],"twitter_card":"summary_large_image","twitter_misc":{"Ansl. lesetid":"2 minutter"},"schema":{"@context":"https:\/\/schema.org","@graph":[{"@type":"WebPage","@id":"https:\/\/mekulo.com\/no\/produkt\/solcelledrevet-elefantlys\/","url":"https:\/\/mekulo.com\/no\/produkt\/solcelledrevet-elefantlys\/","name":"Solcelledrevet elefantlys - Mekulo NO","isPartOf":{"@id":"https:\/\/mekulo.com\/no\/#website"},"primaryImageOfPage":{"@id":"https:\/\/mekulo.com\/no\/produkt\/solcelledrevet-elefantlys\/#primaryimage"},"image":{"@id":"https:\/\/mekulo.com\/no\/produkt\/solcelledrevet-elefantlys\/#primaryimage"},"thumbnailUrl":"https:\/\/mekulo.com\/no\/wp-content\/uploads\/sites\/10\/2026\/04\/7wfx6bb-1.jpeg","datePublished":"2026-04-07T12:17:39+00:00","dateModified":"2026-04-13T08:29:03+00:00","breadcrumb":{"@id":"https:\/\/mekulo.com\/no\/produkt\/solcelledrevet-elefantlys\/#breadcrumb"},"inLanguage":"nb-NO","potentialAction":[{"@type":"ReadAction","target":["https:\/\/mekulo.com\/no\/produkt\/solcelledrevet-elefantlys\/"]}]},{"@type":"ImageObject","inLanguage":"nb-NO","@id":"https:\/\/mekulo.com\/no\/produkt\/solcelledrevet-elefantlys\/#primaryimage","url":"https:\/\/mekulo.com\/no\/wp-content\/uploads\/sites\/10\/2026\/04\/7wfx6bb-1.jpeg","contentUrl":"https:\/\/mekulo.com\/no\/wp-content\/uploads\/sites\/10\/2026\/04\/7wfx6bb-1.jpeg","width":800,"height":800},{"@type":"BreadcrumbList","@id":"https:\/\/mekulo.com\/no\/produkt\/solcelledrevet-elefantlys\/#breadcrumb","itemListElement":[{"@type":"ListItem","position":1,"name":"Home","item":"https:\/\/mekulo.com\/no\/"},{"@type":"ListItem","position":2,"name":"Butikk","item":"https:\/\/mekulo.com\/no\/butikk\/"},{"@type":"ListItem","position":3,"name":"Solcelledrevet elefantlys"}]},{"@type":"WebSite","@id":"https:\/\/mekulo.com\/no\/#website","url":"https:\/\/mekulo.com\/no\/","name":"Mekulo NO","description":"","publisher":{"@id":"https:\/\/mekulo.com\/no\/#organization"},"potentialAction":[{"@type":"SearchAction","target":{"@type":"EntryPoint","urlTemplate":"https:\/\/mekulo.com\/no\/?s={search_term_string}"},"query-input":{"@type":"PropertyValueSpecification","valueRequired":true,"valueName":"search_term_string"}}],"inLanguage":"nb-NO"},{"@type":"Organization","@id":"https:\/\/mekulo.com\/no\/#organization","name":"Mekulo","url":"https:\/\/mekulo.com\/no\/","logo":{"@type":"ImageObject","inLanguage":"nb-NO","@id":"https:\/\/mekulo.com\/no\/#\/schema\/logo\/image\/","url":"https:\/\/mekulo.com\/no\/wp-content\/uploads\/sites\/10\/2025\/12\/favicon_mekulo.png","contentUrl":"https:\/\/mekulo.com\/no\/wp-content\/uploads\/sites\/10\/2025\/12\/favicon_mekulo.png","width":50,"height":50,"caption":"Mekulo"},"image":{"@id":"https:\/\/mekulo.com\/no\/#\/schema\/logo\/image\/"}}]}},"_links":{"self":[{"href":"https:\/\/mekulo.com\/no\/wp-json\/wp\/v2\/product\/26463","targetHints":{"allow":["GET"]}}],"collection":[{"href":"https:\/\/mekulo.com\/no\/wp-json\/wp\/v2\/product"}],"about":[{"href":"https:\/\/mekulo.com\/no\/wp-json\/wp\/v2\/types\/product"}],"replies":[{"embeddable":true,"href":"https:\/\/mekulo.com\/no\/wp-json\/wp\/v2\/comments?post=26463"}],"wp:featuredmedia":[{"embeddable":true,"href":"https:\/\/mekulo.com\/no\/wp-json\/wp\/v2\/media\/26459"}],"wp:attachment":[{"href":"https:\/\/mekulo.com\/no\/wp-json\/wp\/v2\/media?parent=26463"}],"wp:term":[{"taxonomy":"product_brand","embeddable":true,"href":"https:\/\/mekulo.com\/no\/wp-json\/wp\/v2\/product_brand?post=26463"},{"taxonomy":"product_cat","embeddable":true,"href":"https:\/\/mekulo.com\/no\/wp-json\/wp\/v2\/product_cat?post=26463"},{"taxonomy":"product_tag","embeddable":true,"href":"https:\/\/mekulo.com\/no\/wp-json\/wp\/v2\/product_tag?post=26463"}],"curies":[{"name":"wp","href":"https:\/\/api.w.org\/{rel}","templated":true}]}}