{"id":26372,"date":"2026-04-05T17:20:42","date_gmt":"2026-04-05T14:20:42","guid":{"rendered":"https:\/\/mekulo.com\/no\/produkt\/kattedor\/"},"modified":"2026-04-05T17:21:02","modified_gmt":"2026-04-05T14:21:02","slug":"kattedor","status":"publish","type":"product","link":"https:\/\/mekulo.com\/no\/produkt\/kattedor\/","title":{"rendered":"Katted\u00f8r"},"content":{"rendered":"<h2 style=\"text-align: center\" data-section-id=\"5d61m3\" data-start=\"1991\" data-end=\"2009\">\u2728 L\u00f8ftet<\/h2>\n<p style=\"text-align: center\" data-start=\"2011\" data-end=\"2101\">Mer uavhengighet for katten din.<br data-start=\"2042\" data-end=\"2045\" \/>Mer bekvemmelighet for deg.<br data-start=\"2070\" data-end=\"2073\" \/>En bedre balanse i hverdagen.<\/p>\n<p data-start=\"2011\" data-end=\"2101\"><img fetchpriority=\"high\" decoding=\"async\" class=\" wp-image-29961 aligncenter\" src=\"https:\/\/mekulo.com\/template\/wp-content\/uploads\/sites\/6\/2026\/04\/1221-ezgif.com-video-to-webp-converter-1.webp\" alt=\"\" width=\"601\" height=\"338\" \/><\/p>\n<h2 style=\"text-align: center\" data-section-id=\"u4ub2a\" data-start=\"436\" data-end=\"456\">\ud83d\udc08 Hovedfordeler<\/h2>\n<p>\ud83d\udc3e Frihet for katten din &#8211; Katten din kan komme og g\u00e5 uten \u00e5 v\u00e6re avhengig av deg.<\/p>\n<p>\ud83d\udd04 4 smarte l\u00e5semodi &#8211; Full kontroll n\u00e5r som helst: \u00e5pen, lukket, bare inn eller bare ut.<\/p>\n<p>\ud83c\udfe0 Passer de fleste katter (selv st\u00f8rre) &#8211; Romslig design sikrer komfort for alle st\u00f8rrelser.<\/p>\n<p>\ud83d\udcaa Slitesterkt og p\u00e5litelig materiale &#8211; Laget av sterk ABS-plast som t\u00e5ler daglig bruk.<\/p>\n<p>\ud83d\udd07 Stille og smidig betjening &#8211; Ingen h\u00f8ylytte klaffer \u2014 bare enkle, naturlige bevegelser.<\/p>\n<h2 style=\"text-align: center\" data-section-id=\"5yj8z6\" data-start=\"921\" data-end=\"947\">\ud83e\udde9 Problem \u2192 L\u00f8sning<\/h2>\n<p data-start=\"949\" data-end=\"1054\"><strong data-start=\"949\" data-end=\"961\">Problem:<\/strong><br data-start=\"961\" data-end=\"964\" \/>\u00c5 stadig \u00e5pne d\u00f8rer for katten din forstyrrer dagen din &#8211; og begrenser kattens uavhengighet.<\/p>\n<p data-start=\"1056\" data-end=\"1172\"><strong data-start=\"1056\" data-end=\"1069\">L\u00f8sning:<\/strong><br data-start=\"1069\" data-end=\"1072\" \/>Denne katted\u00f8ren gir kj\u00e6ledyret ditt full frihet mens du beholder kontrollen med justerbare tilgangsmoduser.<\/p>\n<h2 style=\"text-align: center\" data-section-id=\"baj5e8\" data-start=\"1179\" data-end=\"1207\">\ud83c\udf0d Bruksomr\u00e5de\/livsstil<\/h2>\n<p data-start=\"1209\" data-end=\"1223\">Perfekt for:<\/p>\n<ul data-start=\"1224\" data-end=\"1367\">\n<li data-section-id=\"dgph3k\" data-start=\"1224\" data-end=\"1246\">Travle husholdninger<\/li>\n<li data-section-id=\"niwzd3\" data-start=\"1247\" data-end=\"1273\">Innend\u00f8rs\/utend\u00f8rs katter<\/li>\n<li data-section-id=\"w79hps\" data-start=\"1274\" data-end=\"1321\">Kj\u00e6ledyrseiere som \u00f8nsker bekvemmelighet og kontroll<\/li>\n<li data-section-id=\"1qrhg4o\" data-start=\"1322\" data-end=\"1367\">D\u00f8rer, vegger eller til og med glassinstallasjoner<\/li>\n<\/ul>\n<p data-start=\"1369\" data-end=\"1425\">Gj\u00f8r hverdagen enklere &#8211; b\u00e5de for deg og kj\u00e6ledyret ditt.<\/p>\n<h2 style=\"text-align: center\" data-section-id=\"1r8t0f\" data-start=\"1432\" data-end=\"1451\">\ud83d\udee0\ufe0f Slik bruker du den<\/h2>\n<ol data-start=\"1453\" data-end=\"1626\">\n<li data-section-id=\"z1vnou\" data-start=\"1453\" data-end=\"1496\">M\u00e5l opp og merk av installasjonsomr\u00e5det.<\/li>\n<li data-section-id=\"1yffttt\" data-start=\"1497\" data-end=\"1535\">Skj\u00e6r ut \u00e5pningen ved hjelp av enkle verkt\u00f8y.<\/li>\n<li data-section-id=\"7dizqu\" data-start=\"1536\" data-end=\"1586\">Sett inn katted\u00f8ren og fest den med skruer.<\/li>\n<li data-section-id=\"aqhm9q\" data-start=\"1587\" data-end=\"1626\">Velg \u00f8nsket l\u00e5semodus.<\/li>\n<\/ol>\n<p data-start=\"1628\" data-end=\"1659\">Rask montering, langvarig komfort.<\/p>\n<h2 style=\"text-align: center\" data-section-id=\"1fuqdo7\" data-start=\"1666\" data-end=\"1689\">\ud83d\udce6 Produktdetaljer<\/h2>\n<ul data-start=\"1691\" data-end=\"1911\">\n<li data-section-id=\"1plel87\" data-start=\"1691\" data-end=\"1729\">Materiale: ABS-plast av h\u00f8y kvalitet<\/li>\n<li data-section-id=\"myww2c\" data-start=\"1730\" data-end=\"1770\">St\u00f8rrelse: S (19,7 x 19 cm), L (25 x 23,5 cm), XL (27,7 x 25 cm)<\/li>\n<li data-section-id=\"1okqz0j\" data-start=\"1771\" data-end=\"1855\">L\u00e5semodus:\n<ul data-start=\"1789\" data-end=\"1855\">\n<li data-section-id=\"o8ir6w\" data-start=\"1789\" data-end=\"1805\">Helt l\u00e5st<\/li>\n<li data-section-id=\"g87api\" data-start=\"1808\" data-end=\"1822\">Helt \u00e5pen<\/li>\n<li data-section-id=\"ta1bvs\" data-start=\"1825\" data-end=\"1839\">Bare inngang<\/li>\n<li data-section-id=\"1pkw8nw\" data-start=\"1842\" data-end=\"1855\">Bare utgang<\/li>\n<\/ul>\n<\/li>\n<li data-section-id=\"yjktju\" data-start=\"1856\" data-end=\"1911\">Installasjon: D\u00f8r, vegg eller glass (verkt\u00f8y kreves)<\/li>\n<\/ul>\n<h2 style=\"text-align: center\" data-section-id=\"13s7cfc\" data-start=\"1918\" data-end=\"1942\">\ud83d\udce5 Pakken inkluderer<\/h2>\n<ul data-start=\"1944\" data-end=\"1984\">\n<li data-section-id=\"1x3yetq\" data-start=\"1944\" data-end=\"1960\">1x d\u00f8rramme foran<\/li>\n<li data-section-id=\"1x3yetq\" data-start=\"1944\" data-end=\"1960\">1x bakramme<\/li>\n<li data-section-id=\"1x3yetq\" data-start=\"1944\" data-end=\"1960\">8x skruer<\/li>\n<li data-section-id=\"1x3yetq\" data-start=\"1944\" data-end=\"1960\">8x skruer lokk<\/li>\n<li data-section-id=\"1x3yetq\" data-start=\"1944\" data-end=\"1960\">4x dobbeltsidig klebeb\u00e5nd.<\/li>\n<\/ul>\n","protected":false},"excerpt":{"rendered":"<p>\ud83d\udeaaGi katten din frihet &#8211; uten \u00e5 \u00e5pne d\u00f8ren hver gang.<br \/>\n\ud83c\udfe0En enkel, sikker katted\u00f8r som lar kj\u00e6ledyret ditt bevege seg fritt, samtidig som du holder hjemmet ditt komfortabelt og under kontroll.<br \/>\n\ud83d\udc08Mindre forstyrrelser. Mer frihet. Et lykkeligere kj\u00e6ledyr &#8211; og et roligere hjem.<\/p>\n","protected":false},"featured_media":26368,"comment_status":"open","ping_status":"closed","template":"","meta":{"site-sidebar-layout":"default","site-content-layout":"","ast-site-content-layout":"default","site-content-style":"default","site-sidebar-style":"default","ast-global-header-display":"","ast-banner-title-visibility":"","ast-main-header-display":"","ast-hfb-above-header-display":"","ast-hfb-below-header-display":"","ast-hfb-mobile-header-display":"","site-post-title":"","ast-breadcrumbs-content":"","ast-featured-img":"","footer-sml-layout":"","theme-transparent-header-meta":"default","adv-header-id-meta":"","stick-header-meta":"","header-above-stick-meta":"","header-main-stick-meta":"","header-below-stick-meta":"","astra-migrate-meta-layouts":"set","ast-page-background-enabled":"default","ast-page-background-meta":{"desktop":{"background-color":"var(--ast-global-color-5)","background-image":"","background-repeat":"repeat","background-position":"center center","background-size":"auto","background-attachment":"scroll","background-type":"","background-media":"","overlay-type":"","overlay-color":"","overlay-opacity":"","overlay-gradient":""},"tablet":{"background-color":"","background-image":"","background-repeat":"repeat","background-position":"center center","background-size":"auto","background-attachment":"scroll","background-type":"","background-media":"","overlay-type":"","overlay-color":"","overlay-opacity":"","overlay-gradient":""},"mobile":{"background-color":"","background-image":"","background-repeat":"repeat","background-position":"center center","background-size":"auto","background-attachment":"scroll","background-type":"","background-media":"","overlay-type":"","overlay-color":"","overlay-opacity":"","overlay-gradient":""}},"ast-content-background-meta":{"desktop":{"background-color":"var(--ast-global-color-4)","background-image":"","background-repeat":"repeat","background-position":"center center","background-size":"auto","background-attachment":"scroll","background-type":"","background-media":"","overlay-type":"","overlay-color":"","overlay-opacity":"","overlay-gradient":""},"tablet":{"background-color":"var(--ast-global-color-4)","background-image":"","background-repeat":"repeat","background-position":"center center","background-size":"auto","background-attachment":"scroll","background-type":"","background-media":"","overlay-type":"","overlay-color":"","overlay-opacity":"","overlay-gradient":""},"mobile":{"background-color":"var(--ast-global-color-4)","background-image":"","background-repeat":"repeat","background-position":"center center","background-size":"auto","background-attachment":"scroll","background-type":"","background-media":"","overlay-type":"","overlay-color":"","overlay-opacity":"","overlay-gradient":""}}},"product_brand":[],"product_cat":[169],"product_tag":[],"class_list":{"0":"post-26372","1":"product","2":"type-product","3":"status-publish","4":"has-post-thumbnail","6":"product_cat-kjaeledyrprodukter","7":"pa_68768_bv2io9rz-l","8":"pa_68768_bv2io9rz-s","9":"pa_68768_bv2io9rz-xl","10":"pa_68768_suafuqm5-hvit","11":"pa_68768_suafuqm5-svart","12":"desktop-align-left","13":"tablet-align-left","14":"mobile-align-left","16":"first","17":"instock","18":"shipping-taxable","19":"purchasable","20":"product-type-variable","21":"has-default-attributes"},"yoast_head":"<!-- This site is optimized with the Yoast SEO plugin v26.6 - https:\/\/yoast.com\/wordpress\/plugins\/seo\/ -->\n<title>Katted\u00f8r - Mekulo NO<\/title>\n<meta name=\"robots\" content=\"index, follow, max-snippet:-1, max-image-preview:large, max-video-preview:-1\" \/>\n<link rel=\"canonical\" href=\"https:\/\/mekulo.com\/no\/produkt\/kattedor\/\" \/>\n<meta property=\"og:locale\" content=\"nb_NO\" \/>\n<meta property=\"og:type\" content=\"article\" \/>\n<meta property=\"og:title\" content=\"Katted\u00f8r - Mekulo NO\" \/>\n<meta property=\"og:description\" content=\"\ud83d\udeaaGi katten din frihet - uten \u00e5 \u00e5pne d\u00f8ren hver gang. \ud83c\udfe0En enkel, sikker katted\u00f8r som lar kj\u00e6ledyret ditt bevege seg fritt, samtidig som du holder hjemmet ditt komfortabelt og under kontroll. \ud83d\udc08Mindre forstyrrelser. Mer frihet. Et lykkeligere kj\u00e6ledyr - og et roligere hjem.\" \/>\n<meta property=\"og:url\" content=\"https:\/\/mekulo.com\/no\/produkt\/kattedor\/\" \/>\n<meta property=\"og:site_name\" content=\"Mekulo NO\" \/>\n<meta property=\"article:modified_time\" content=\"2026-04-05T14:21:02+00:00\" \/>\n<meta property=\"og:image\" content=\"https:\/\/mekulo.com\/no\/wp-content\/uploads\/sites\/10\/2026\/04\/inzhj1t-1.jpeg\" \/>\n\t<meta property=\"og:image:width\" content=\"800\" \/>\n\t<meta property=\"og:image:height\" content=\"800\" \/>\n\t<meta property=\"og:image:type\" content=\"image\/jpeg\" \/>\n<meta name=\"twitter:card\" content=\"summary_large_image\" \/>\n<meta name=\"twitter:label1\" content=\"Ansl. lesetid\" \/>\n\t<meta name=\"twitter:data1\" content=\"2 minutter\" \/>\n<script type=\"application\/ld+json\" class=\"yoast-schema-graph\">{\"@context\":\"https:\/\/schema.org\",\"@graph\":[{\"@type\":\"WebPage\",\"@id\":\"https:\/\/mekulo.com\/no\/produkt\/kattedor\/\",\"url\":\"https:\/\/mekulo.com\/no\/produkt\/kattedor\/\",\"name\":\"Katted\u00f8r - Mekulo NO\",\"isPartOf\":{\"@id\":\"https:\/\/mekulo.com\/no\/#website\"},\"primaryImageOfPage\":{\"@id\":\"https:\/\/mekulo.com\/no\/produkt\/kattedor\/#primaryimage\"},\"image\":{\"@id\":\"https:\/\/mekulo.com\/no\/produkt\/kattedor\/#primaryimage\"},\"thumbnailUrl\":\"https:\/\/mekulo.com\/no\/wp-content\/uploads\/sites\/10\/2026\/04\/inzhj1t-1.jpeg\",\"datePublished\":\"2026-04-05T14:20:42+00:00\",\"dateModified\":\"2026-04-05T14:21:02+00:00\",\"breadcrumb\":{\"@id\":\"https:\/\/mekulo.com\/no\/produkt\/kattedor\/#breadcrumb\"},\"inLanguage\":\"nb-NO\",\"potentialAction\":[{\"@type\":\"ReadAction\",\"target\":[\"https:\/\/mekulo.com\/no\/produkt\/kattedor\/\"]}]},{\"@type\":\"ImageObject\",\"inLanguage\":\"nb-NO\",\"@id\":\"https:\/\/mekulo.com\/no\/produkt\/kattedor\/#primaryimage\",\"url\":\"https:\/\/mekulo.com\/no\/wp-content\/uploads\/sites\/10\/2026\/04\/inzhj1t-1.jpeg\",\"contentUrl\":\"https:\/\/mekulo.com\/no\/wp-content\/uploads\/sites\/10\/2026\/04\/inzhj1t-1.jpeg\",\"width\":800,\"height\":800},{\"@type\":\"BreadcrumbList\",\"@id\":\"https:\/\/mekulo.com\/no\/produkt\/kattedor\/#breadcrumb\",\"itemListElement\":[{\"@type\":\"ListItem\",\"position\":1,\"name\":\"Home\",\"item\":\"https:\/\/mekulo.com\/no\/\"},{\"@type\":\"ListItem\",\"position\":2,\"name\":\"Butikk\",\"item\":\"https:\/\/mekulo.com\/no\/butikk\/\"},{\"@type\":\"ListItem\",\"position\":3,\"name\":\"Katted\u00f8r\"}]},{\"@type\":\"WebSite\",\"@id\":\"https:\/\/mekulo.com\/no\/#website\",\"url\":\"https:\/\/mekulo.com\/no\/\",\"name\":\"Mekulo NO\",\"description\":\"\",\"publisher\":{\"@id\":\"https:\/\/mekulo.com\/no\/#organization\"},\"potentialAction\":[{\"@type\":\"SearchAction\",\"target\":{\"@type\":\"EntryPoint\",\"urlTemplate\":\"https:\/\/mekulo.com\/no\/?s={search_term_string}\"},\"query-input\":{\"@type\":\"PropertyValueSpecification\",\"valueRequired\":true,\"valueName\":\"search_term_string\"}}],\"inLanguage\":\"nb-NO\"},{\"@type\":\"Organization\",\"@id\":\"https:\/\/mekulo.com\/no\/#organization\",\"name\":\"Mekulo\",\"url\":\"https:\/\/mekulo.com\/no\/\",\"logo\":{\"@type\":\"ImageObject\",\"inLanguage\":\"nb-NO\",\"@id\":\"https:\/\/mekulo.com\/no\/#\/schema\/logo\/image\/\",\"url\":\"https:\/\/mekulo.com\/no\/wp-content\/uploads\/sites\/10\/2025\/12\/favicon_mekulo.png\",\"contentUrl\":\"https:\/\/mekulo.com\/no\/wp-content\/uploads\/sites\/10\/2025\/12\/favicon_mekulo.png\",\"width\":50,\"height\":50,\"caption\":\"Mekulo\"},\"image\":{\"@id\":\"https:\/\/mekulo.com\/no\/#\/schema\/logo\/image\/\"}}]}<\/script>\n<!-- \/ Yoast SEO plugin. -->","yoast_head_json":{"title":"Katted\u00f8r - Mekulo NO","robots":{"index":"index","follow":"follow","max-snippet":"max-snippet:-1","max-image-preview":"max-image-preview:large","max-video-preview":"max-video-preview:-1"},"canonical":"https:\/\/mekulo.com\/no\/produkt\/kattedor\/","og_locale":"nb_NO","og_type":"article","og_title":"Katted\u00f8r - Mekulo NO","og_description":"\ud83d\udeaaGi katten din frihet - uten \u00e5 \u00e5pne d\u00f8ren hver gang. \ud83c\udfe0En enkel, sikker katted\u00f8r som lar kj\u00e6ledyret ditt bevege seg fritt, samtidig som du holder hjemmet ditt komfortabelt og under kontroll. \ud83d\udc08Mindre forstyrrelser. Mer frihet. Et lykkeligere kj\u00e6ledyr - og et roligere hjem.","og_url":"https:\/\/mekulo.com\/no\/produkt\/kattedor\/","og_site_name":"Mekulo NO","article_modified_time":"2026-04-05T14:21:02+00:00","og_image":[{"width":800,"height":800,"url":"https:\/\/mekulo.com\/no\/wp-content\/uploads\/sites\/10\/2026\/04\/inzhj1t-1.jpeg","type":"image\/jpeg"}],"twitter_card":"summary_large_image","twitter_misc":{"Ansl. lesetid":"2 minutter"},"schema":{"@context":"https:\/\/schema.org","@graph":[{"@type":"WebPage","@id":"https:\/\/mekulo.com\/no\/produkt\/kattedor\/","url":"https:\/\/mekulo.com\/no\/produkt\/kattedor\/","name":"Katted\u00f8r - Mekulo NO","isPartOf":{"@id":"https:\/\/mekulo.com\/no\/#website"},"primaryImageOfPage":{"@id":"https:\/\/mekulo.com\/no\/produkt\/kattedor\/#primaryimage"},"image":{"@id":"https:\/\/mekulo.com\/no\/produkt\/kattedor\/#primaryimage"},"thumbnailUrl":"https:\/\/mekulo.com\/no\/wp-content\/uploads\/sites\/10\/2026\/04\/inzhj1t-1.jpeg","datePublished":"2026-04-05T14:20:42+00:00","dateModified":"2026-04-05T14:21:02+00:00","breadcrumb":{"@id":"https:\/\/mekulo.com\/no\/produkt\/kattedor\/#breadcrumb"},"inLanguage":"nb-NO","potentialAction":[{"@type":"ReadAction","target":["https:\/\/mekulo.com\/no\/produkt\/kattedor\/"]}]},{"@type":"ImageObject","inLanguage":"nb-NO","@id":"https:\/\/mekulo.com\/no\/produkt\/kattedor\/#primaryimage","url":"https:\/\/mekulo.com\/no\/wp-content\/uploads\/sites\/10\/2026\/04\/inzhj1t-1.jpeg","contentUrl":"https:\/\/mekulo.com\/no\/wp-content\/uploads\/sites\/10\/2026\/04\/inzhj1t-1.jpeg","width":800,"height":800},{"@type":"BreadcrumbList","@id":"https:\/\/mekulo.com\/no\/produkt\/kattedor\/#breadcrumb","itemListElement":[{"@type":"ListItem","position":1,"name":"Home","item":"https:\/\/mekulo.com\/no\/"},{"@type":"ListItem","position":2,"name":"Butikk","item":"https:\/\/mekulo.com\/no\/butikk\/"},{"@type":"ListItem","position":3,"name":"Katted\u00f8r"}]},{"@type":"WebSite","@id":"https:\/\/mekulo.com\/no\/#website","url":"https:\/\/mekulo.com\/no\/","name":"Mekulo NO","description":"","publisher":{"@id":"https:\/\/mekulo.com\/no\/#organization"},"potentialAction":[{"@type":"SearchAction","target":{"@type":"EntryPoint","urlTemplate":"https:\/\/mekulo.com\/no\/?s={search_term_string}"},"query-input":{"@type":"PropertyValueSpecification","valueRequired":true,"valueName":"search_term_string"}}],"inLanguage":"nb-NO"},{"@type":"Organization","@id":"https:\/\/mekulo.com\/no\/#organization","name":"Mekulo","url":"https:\/\/mekulo.com\/no\/","logo":{"@type":"ImageObject","inLanguage":"nb-NO","@id":"https:\/\/mekulo.com\/no\/#\/schema\/logo\/image\/","url":"https:\/\/mekulo.com\/no\/wp-content\/uploads\/sites\/10\/2025\/12\/favicon_mekulo.png","contentUrl":"https:\/\/mekulo.com\/no\/wp-content\/uploads\/sites\/10\/2025\/12\/favicon_mekulo.png","width":50,"height":50,"caption":"Mekulo"},"image":{"@id":"https:\/\/mekulo.com\/no\/#\/schema\/logo\/image\/"}}]}},"_links":{"self":[{"href":"https:\/\/mekulo.com\/no\/wp-json\/wp\/v2\/product\/26372","targetHints":{"allow":["GET"]}}],"collection":[{"href":"https:\/\/mekulo.com\/no\/wp-json\/wp\/v2\/product"}],"about":[{"href":"https:\/\/mekulo.com\/no\/wp-json\/wp\/v2\/types\/product"}],"replies":[{"embeddable":true,"href":"https:\/\/mekulo.com\/no\/wp-json\/wp\/v2\/comments?post=26372"}],"wp:featuredmedia":[{"embeddable":true,"href":"https:\/\/mekulo.com\/no\/wp-json\/wp\/v2\/media\/26368"}],"wp:attachment":[{"href":"https:\/\/mekulo.com\/no\/wp-json\/wp\/v2\/media?parent=26372"}],"wp:term":[{"taxonomy":"product_brand","embeddable":true,"href":"https:\/\/mekulo.com\/no\/wp-json\/wp\/v2\/product_brand?post=26372"},{"taxonomy":"product_cat","embeddable":true,"href":"https:\/\/mekulo.com\/no\/wp-json\/wp\/v2\/product_cat?post=26372"},{"taxonomy":"product_tag","embeddable":true,"href":"https:\/\/mekulo.com\/no\/wp-json\/wp\/v2\/product_tag?post=26372"}],"curies":[{"name":"wp","href":"https:\/\/api.w.org\/{rel}","templated":true}]}}