{"id":26248,"date":"2026-04-03T14:48:49","date_gmt":"2026-04-03T11:48:49","guid":{"rendered":"https:\/\/mekulo.com\/no\/produkt\/dusjborste-i-silikon\/"},"modified":"2026-04-06T16:18:23","modified_gmt":"2026-04-06T13:18:23","slug":"dusjborste-i-silikon","status":"publish","type":"product","link":"https:\/\/mekulo.com\/no\/produkt\/dusjborste-i-silikon\/","title":{"rendered":"Dusjb\u00f8rste i silikon"},"content":{"rendered":"<h2 style=\"text-align: center\" data-start=\"0\" data-end=\"30\">\ud83d\udec1 Skrubb, masser og slapp av<\/h2>\n<p data-start=\"31\" data-end=\"263\"><img decoding=\"async\" class=\"size-full wp-image-14698 aligncenter\" src=\"https:\/\/keluvo.com\/template\/wp-content\/uploads\/sites\/5\/2025\/02\/siliconeshowerbrushvideo-ezgif.com-video-to-webp-converter.webp\" alt=\"\" \/><\/p>\n<h2 style=\"text-align: center\">\ud83e\uddfd Mer enn bare en b\u00f8rste<\/h2>\n<p style=\"text-align: center\" data-start=\"31\" data-end=\"263\"><span style=\"font-weight: 400\">Den ene siden har silikonbust som skummer raskt opp og rengj\u00f8r dypt.<\/span><span style=\"font-weight: 400\"><br \/>\n<\/span><span style=\"font-weight: 400\">Mens den andre siden har milde massasjest\u00f8tter som hjelper deg med \u00e5 eksfoliere og slappe av i musklene.<\/span><\/p>\n<p><img decoding=\"async\" class=\"alignnone size-medium wp-image-11781 aligncenter\" src=\"https:\/\/keluvo.com\/template\/wp-content\/uploads\/sites\/5\/2025\/02\/S2f034842e3344a868048b34d5aea4340E.jpeg\" alt=\"\" \/><\/p>\n<h2 style=\"text-align: center\">\u2705 Hvorfor du vil elske den:<\/h2>\n<ul>\n<li><span style=\"font-weight: 400\">Myk silikon er sk\u00e5nsom mot huden din<\/span><\/li>\n<li style=\"font-weight: 400\"><span style=\"font-weight: 400\">Langt design p\u00e5 60 cm gj\u00f8r at du n\u00e5r hele ryggen<\/span><\/li>\n<li style=\"font-weight: 400\"><span style=\"font-weight: 400\">Doble sider for skrubbing og massasje<\/span><\/li>\n<li style=\"font-weight: 400\"><span style=\"font-weight: 400\">Perfekt for voksne, barn og eldre<\/span><\/li>\n<li style=\"font-weight: 400\"><span style=\"font-weight: 400\">\u00d8ker blodgjennomstr\u00f8mningen og f\u00e5r huden til \u00e5 f\u00f8les frisk<\/span><\/li>\n<li style=\"font-weight: 400\"><span style=\"font-weight: 400\">Sklisikre h\u00e5ndtak gj\u00f8r den enkel \u00e5 holde og bruke<\/span><\/li>\n<li style=\"text-align: left\"><span style=\"font-weight: 400\">Inkluderer en krok slik at du kan henge den opp etter bruk<\/span><span style=\"font-weight: 400\"><br \/>\n<\/span><\/li>\n<\/ul>\n<h2 style=\"text-align: center\" data-start=\"265\" data-end=\"292\"><img decoding=\"async\" class=\"alignnone size-medium wp-image-11783 aligncenter\" style=\"font-size: 16px;font-style: inherit;font-weight: inherit\" src=\"https:\/\/keluvo.com\/template\/wp-content\/uploads\/sites\/5\/2025\/02\/S65bf769a4690459caae00baf6b0a5aa6L.jpg_960x960q75.jpg_.jpeg\" alt=\"\" \/><\/h2>\n<h2 style=\"text-align: center\">\ud83d\udce6 Hva er inni pakken:<\/h2>\n<ul>\n<li style=\"font-weight: 400\"><span style=\"font-weight: 400\">1 x dusjb\u00f8rste i silikon (70 cm)<\/span><\/li>\n<\/ul>\n","protected":false},"excerpt":{"rendered":"<p>Dusjb\u00f8rsten i silikon har en myk, men effektiv tekstur som bidrar til \u00e5 fjerne smuss og d\u00f8d hud. Den fleksible busten skaper et fyldig skum som gir en forfriskende dusjopplevelse. Perfekt for daglig rengj\u00f8ring uten \u00e5 irritere huden.<\/p>\n","protected":false},"featured_media":26244,"comment_status":"open","ping_status":"closed","template":"","meta":{"site-sidebar-layout":"default","site-content-layout":"","ast-site-content-layout":"default","site-content-style":"default","site-sidebar-style":"default","ast-global-header-display":"","ast-banner-title-visibility":"","ast-main-header-display":"","ast-hfb-above-header-display":"","ast-hfb-below-header-display":"","ast-hfb-mobile-header-display":"","site-post-title":"","ast-breadcrumbs-content":"","ast-featured-img":"","footer-sml-layout":"","theme-transparent-header-meta":"default","adv-header-id-meta":"","stick-header-meta":"","header-above-stick-meta":"","header-main-stick-meta":"","header-below-stick-meta":"","astra-migrate-meta-layouts":"set","ast-page-background-enabled":"default","ast-page-background-meta":{"desktop":{"background-color":"var(--ast-global-color-5)","background-image":"","background-repeat":"repeat","background-position":"center center","background-size":"auto","background-attachment":"scroll","background-type":"","background-media":"","overlay-type":"","overlay-color":"","overlay-opacity":"","overlay-gradient":""},"tablet":{"background-color":"","background-image":"","background-repeat":"repeat","background-position":"center center","background-size":"auto","background-attachment":"scroll","background-type":"","background-media":"","overlay-type":"","overlay-color":"","overlay-opacity":"","overlay-gradient":""},"mobile":{"background-color":"","background-image":"","background-repeat":"repeat","background-position":"center center","background-size":"auto","background-attachment":"scroll","background-type":"","background-media":"","overlay-type":"","overlay-color":"","overlay-opacity":"","overlay-gradient":""}},"ast-content-background-meta":{"desktop":{"background-color":"var(--ast-global-color-4)","background-image":"","background-repeat":"repeat","background-position":"center center","background-size":"auto","background-attachment":"scroll","background-type":"","background-media":"","overlay-type":"","overlay-color":"","overlay-opacity":"","overlay-gradient":""},"tablet":{"background-color":"var(--ast-global-color-4)","background-image":"","background-repeat":"repeat","background-position":"center center","background-size":"auto","background-attachment":"scroll","background-type":"","background-media":"","overlay-type":"","overlay-color":"","overlay-opacity":"","overlay-gradient":""},"mobile":{"background-color":"var(--ast-global-color-4)","background-image":"","background-repeat":"repeat","background-position":"center center","background-size":"auto","background-attachment":"scroll","background-type":"","background-media":"","overlay-type":"","overlay-color":"","overlay-opacity":"","overlay-gradient":""}}},"product_brand":[],"product_cat":[165],"product_tag":[],"class_list":{"0":"post-26248","1":"product","2":"type-product","3":"status-publish","4":"has-post-thumbnail","6":"product_cat-fottoy-tilbehor","7":"pa_19172_a4jcez5t-bla","8":"pa_19172_a4jcez5t-gronn","9":"pa_19172_a4jcez5t-lilla","10":"pa_19172_a4jcez5t-rosa","11":"desktop-align-left","12":"tablet-align-left","13":"mobile-align-left","15":"first","16":"instock","17":"shipping-taxable","18":"purchasable","19":"product-type-variable"},"yoast_head":"<!-- This site is optimized with the Yoast SEO plugin v26.6 - https:\/\/yoast.com\/wordpress\/plugins\/seo\/ -->\n<title>Dusjb\u00f8rste i silikon - Mekulo NO<\/title>\n<meta name=\"robots\" content=\"index, follow, max-snippet:-1, max-image-preview:large, max-video-preview:-1\" \/>\n<link rel=\"canonical\" href=\"https:\/\/mekulo.com\/no\/produkt\/dusjborste-i-silikon\/\" \/>\n<meta property=\"og:locale\" content=\"nb_NO\" \/>\n<meta property=\"og:type\" content=\"article\" \/>\n<meta property=\"og:title\" content=\"Dusjb\u00f8rste i silikon - Mekulo NO\" \/>\n<meta property=\"og:description\" content=\"Dusjb\u00f8rsten i silikon har en myk, men effektiv tekstur som bidrar til \u00e5 fjerne smuss og d\u00f8d hud. Den fleksible busten skaper et fyldig skum som gir en forfriskende dusjopplevelse. Perfekt for daglig rengj\u00f8ring uten \u00e5 irritere huden.\" \/>\n<meta property=\"og:url\" content=\"https:\/\/mekulo.com\/no\/produkt\/dusjborste-i-silikon\/\" \/>\n<meta property=\"og:site_name\" content=\"Mekulo NO\" \/>\n<meta property=\"article:modified_time\" content=\"2026-04-06T13:18:23+00:00\" \/>\n<meta property=\"og:image\" content=\"https:\/\/mekulo.com\/no\/wp-content\/uploads\/sites\/10\/2026\/04\/fu3rm3b-1.jpeg\" \/>\n\t<meta property=\"og:image:width\" content=\"800\" \/>\n\t<meta property=\"og:image:height\" content=\"800\" \/>\n\t<meta property=\"og:image:type\" content=\"image\/jpeg\" \/>\n<meta name=\"twitter:card\" content=\"summary_large_image\" \/>\n<meta name=\"twitter:label1\" content=\"Ansl. lesetid\" \/>\n\t<meta name=\"twitter:data1\" content=\"2 minutter\" \/>\n<script type=\"application\/ld+json\" class=\"yoast-schema-graph\">{\"@context\":\"https:\/\/schema.org\",\"@graph\":[{\"@type\":\"WebPage\",\"@id\":\"https:\/\/mekulo.com\/no\/produkt\/dusjborste-i-silikon\/\",\"url\":\"https:\/\/mekulo.com\/no\/produkt\/dusjborste-i-silikon\/\",\"name\":\"Dusjb\u00f8rste i silikon - Mekulo NO\",\"isPartOf\":{\"@id\":\"https:\/\/mekulo.com\/no\/#website\"},\"primaryImageOfPage\":{\"@id\":\"https:\/\/mekulo.com\/no\/produkt\/dusjborste-i-silikon\/#primaryimage\"},\"image\":{\"@id\":\"https:\/\/mekulo.com\/no\/produkt\/dusjborste-i-silikon\/#primaryimage\"},\"thumbnailUrl\":\"https:\/\/mekulo.com\/no\/wp-content\/uploads\/sites\/10\/2026\/04\/fu3rm3b-1.jpeg\",\"datePublished\":\"2026-04-03T11:48:49+00:00\",\"dateModified\":\"2026-04-06T13:18:23+00:00\",\"breadcrumb\":{\"@id\":\"https:\/\/mekulo.com\/no\/produkt\/dusjborste-i-silikon\/#breadcrumb\"},\"inLanguage\":\"nb-NO\",\"potentialAction\":[{\"@type\":\"ReadAction\",\"target\":[\"https:\/\/mekulo.com\/no\/produkt\/dusjborste-i-silikon\/\"]}]},{\"@type\":\"ImageObject\",\"inLanguage\":\"nb-NO\",\"@id\":\"https:\/\/mekulo.com\/no\/produkt\/dusjborste-i-silikon\/#primaryimage\",\"url\":\"https:\/\/mekulo.com\/no\/wp-content\/uploads\/sites\/10\/2026\/04\/fu3rm3b-1.jpeg\",\"contentUrl\":\"https:\/\/mekulo.com\/no\/wp-content\/uploads\/sites\/10\/2026\/04\/fu3rm3b-1.jpeg\",\"width\":800,\"height\":800},{\"@type\":\"BreadcrumbList\",\"@id\":\"https:\/\/mekulo.com\/no\/produkt\/dusjborste-i-silikon\/#breadcrumb\",\"itemListElement\":[{\"@type\":\"ListItem\",\"position\":1,\"name\":\"Home\",\"item\":\"https:\/\/mekulo.com\/no\/\"},{\"@type\":\"ListItem\",\"position\":2,\"name\":\"Butikk\",\"item\":\"https:\/\/mekulo.com\/no\/butikk\/\"},{\"@type\":\"ListItem\",\"position\":3,\"name\":\"Dusjb\u00f8rste i silikon\"}]},{\"@type\":\"WebSite\",\"@id\":\"https:\/\/mekulo.com\/no\/#website\",\"url\":\"https:\/\/mekulo.com\/no\/\",\"name\":\"Mekulo NO\",\"description\":\"\",\"publisher\":{\"@id\":\"https:\/\/mekulo.com\/no\/#organization\"},\"potentialAction\":[{\"@type\":\"SearchAction\",\"target\":{\"@type\":\"EntryPoint\",\"urlTemplate\":\"https:\/\/mekulo.com\/no\/?s={search_term_string}\"},\"query-input\":{\"@type\":\"PropertyValueSpecification\",\"valueRequired\":true,\"valueName\":\"search_term_string\"}}],\"inLanguage\":\"nb-NO\"},{\"@type\":\"Organization\",\"@id\":\"https:\/\/mekulo.com\/no\/#organization\",\"name\":\"Mekulo\",\"url\":\"https:\/\/mekulo.com\/no\/\",\"logo\":{\"@type\":\"ImageObject\",\"inLanguage\":\"nb-NO\",\"@id\":\"https:\/\/mekulo.com\/no\/#\/schema\/logo\/image\/\",\"url\":\"https:\/\/mekulo.com\/no\/wp-content\/uploads\/sites\/10\/2025\/12\/favicon_mekulo.png\",\"contentUrl\":\"https:\/\/mekulo.com\/no\/wp-content\/uploads\/sites\/10\/2025\/12\/favicon_mekulo.png\",\"width\":50,\"height\":50,\"caption\":\"Mekulo\"},\"image\":{\"@id\":\"https:\/\/mekulo.com\/no\/#\/schema\/logo\/image\/\"}}]}<\/script>\n<!-- \/ Yoast SEO plugin. -->","yoast_head_json":{"title":"Dusjb\u00f8rste i silikon - Mekulo NO","robots":{"index":"index","follow":"follow","max-snippet":"max-snippet:-1","max-image-preview":"max-image-preview:large","max-video-preview":"max-video-preview:-1"},"canonical":"https:\/\/mekulo.com\/no\/produkt\/dusjborste-i-silikon\/","og_locale":"nb_NO","og_type":"article","og_title":"Dusjb\u00f8rste i silikon - Mekulo NO","og_description":"Dusjb\u00f8rsten i silikon har en myk, men effektiv tekstur som bidrar til \u00e5 fjerne smuss og d\u00f8d hud. Den fleksible busten skaper et fyldig skum som gir en forfriskende dusjopplevelse. Perfekt for daglig rengj\u00f8ring uten \u00e5 irritere huden.","og_url":"https:\/\/mekulo.com\/no\/produkt\/dusjborste-i-silikon\/","og_site_name":"Mekulo NO","article_modified_time":"2026-04-06T13:18:23+00:00","og_image":[{"width":800,"height":800,"url":"https:\/\/mekulo.com\/no\/wp-content\/uploads\/sites\/10\/2026\/04\/fu3rm3b-1.jpeg","type":"image\/jpeg"}],"twitter_card":"summary_large_image","twitter_misc":{"Ansl. lesetid":"2 minutter"},"schema":{"@context":"https:\/\/schema.org","@graph":[{"@type":"WebPage","@id":"https:\/\/mekulo.com\/no\/produkt\/dusjborste-i-silikon\/","url":"https:\/\/mekulo.com\/no\/produkt\/dusjborste-i-silikon\/","name":"Dusjb\u00f8rste i silikon - Mekulo NO","isPartOf":{"@id":"https:\/\/mekulo.com\/no\/#website"},"primaryImageOfPage":{"@id":"https:\/\/mekulo.com\/no\/produkt\/dusjborste-i-silikon\/#primaryimage"},"image":{"@id":"https:\/\/mekulo.com\/no\/produkt\/dusjborste-i-silikon\/#primaryimage"},"thumbnailUrl":"https:\/\/mekulo.com\/no\/wp-content\/uploads\/sites\/10\/2026\/04\/fu3rm3b-1.jpeg","datePublished":"2026-04-03T11:48:49+00:00","dateModified":"2026-04-06T13:18:23+00:00","breadcrumb":{"@id":"https:\/\/mekulo.com\/no\/produkt\/dusjborste-i-silikon\/#breadcrumb"},"inLanguage":"nb-NO","potentialAction":[{"@type":"ReadAction","target":["https:\/\/mekulo.com\/no\/produkt\/dusjborste-i-silikon\/"]}]},{"@type":"ImageObject","inLanguage":"nb-NO","@id":"https:\/\/mekulo.com\/no\/produkt\/dusjborste-i-silikon\/#primaryimage","url":"https:\/\/mekulo.com\/no\/wp-content\/uploads\/sites\/10\/2026\/04\/fu3rm3b-1.jpeg","contentUrl":"https:\/\/mekulo.com\/no\/wp-content\/uploads\/sites\/10\/2026\/04\/fu3rm3b-1.jpeg","width":800,"height":800},{"@type":"BreadcrumbList","@id":"https:\/\/mekulo.com\/no\/produkt\/dusjborste-i-silikon\/#breadcrumb","itemListElement":[{"@type":"ListItem","position":1,"name":"Home","item":"https:\/\/mekulo.com\/no\/"},{"@type":"ListItem","position":2,"name":"Butikk","item":"https:\/\/mekulo.com\/no\/butikk\/"},{"@type":"ListItem","position":3,"name":"Dusjb\u00f8rste i silikon"}]},{"@type":"WebSite","@id":"https:\/\/mekulo.com\/no\/#website","url":"https:\/\/mekulo.com\/no\/","name":"Mekulo NO","description":"","publisher":{"@id":"https:\/\/mekulo.com\/no\/#organization"},"potentialAction":[{"@type":"SearchAction","target":{"@type":"EntryPoint","urlTemplate":"https:\/\/mekulo.com\/no\/?s={search_term_string}"},"query-input":{"@type":"PropertyValueSpecification","valueRequired":true,"valueName":"search_term_string"}}],"inLanguage":"nb-NO"},{"@type":"Organization","@id":"https:\/\/mekulo.com\/no\/#organization","name":"Mekulo","url":"https:\/\/mekulo.com\/no\/","logo":{"@type":"ImageObject","inLanguage":"nb-NO","@id":"https:\/\/mekulo.com\/no\/#\/schema\/logo\/image\/","url":"https:\/\/mekulo.com\/no\/wp-content\/uploads\/sites\/10\/2025\/12\/favicon_mekulo.png","contentUrl":"https:\/\/mekulo.com\/no\/wp-content\/uploads\/sites\/10\/2025\/12\/favicon_mekulo.png","width":50,"height":50,"caption":"Mekulo"},"image":{"@id":"https:\/\/mekulo.com\/no\/#\/schema\/logo\/image\/"}}]}},"_links":{"self":[{"href":"https:\/\/mekulo.com\/no\/wp-json\/wp\/v2\/product\/26248","targetHints":{"allow":["GET"]}}],"collection":[{"href":"https:\/\/mekulo.com\/no\/wp-json\/wp\/v2\/product"}],"about":[{"href":"https:\/\/mekulo.com\/no\/wp-json\/wp\/v2\/types\/product"}],"replies":[{"embeddable":true,"href":"https:\/\/mekulo.com\/no\/wp-json\/wp\/v2\/comments?post=26248"}],"wp:featuredmedia":[{"embeddable":true,"href":"https:\/\/mekulo.com\/no\/wp-json\/wp\/v2\/media\/26244"}],"wp:attachment":[{"href":"https:\/\/mekulo.com\/no\/wp-json\/wp\/v2\/media?parent=26248"}],"wp:term":[{"taxonomy":"product_brand","embeddable":true,"href":"https:\/\/mekulo.com\/no\/wp-json\/wp\/v2\/product_brand?post=26248"},{"taxonomy":"product_cat","embeddable":true,"href":"https:\/\/mekulo.com\/no\/wp-json\/wp\/v2\/product_cat?post=26248"},{"taxonomy":"product_tag","embeddable":true,"href":"https:\/\/mekulo.com\/no\/wp-json\/wp\/v2\/product_tag?post=26248"}],"curies":[{"name":"wp","href":"https:\/\/api.w.org\/{rel}","templated":true}]}}