{"id":26109,"date":"2026-03-31T17:50:27","date_gmt":"2026-03-31T14:50:27","guid":{"rendered":"https:\/\/mekulo.com\/no\/produkt\/solcelledrevet-campinglykt\/"},"modified":"2026-04-10T17:44:36","modified_gmt":"2026-04-10T14:44:36","slug":"solcelledrevet-campinglykt","status":"publish","type":"product","link":"https:\/\/mekulo.com\/no\/produkt\/solcelledrevet-campinglykt\/","title":{"rendered":"Solcelledrevet campinglykt"},"content":{"rendered":"<h2 style=\"text-align: center\" data-start=\"336\" data-end=\"352\">\u2728 L\u00f8ftet<\/h2>\n<p style=\"text-align: center\" data-start=\"354\" data-end=\"414\">Sterkt lys.<br data-start=\"367\" data-end=\"370\" \/>Fleksibel lading.<br \/>\nKlar n\u00e5r du trenger den.<\/p>\n<p data-start=\"354\" data-end=\"414\"><img fetchpriority=\"high\" decoding=\"async\" class=\" wp-image-27034 aligncenter\" src=\"https:\/\/mekulo.com\/template\/wp-content\/uploads\/sites\/6\/2026\/03\/12212-ezgif.com-video-to-webp-converter-1.webp\" alt=\"\" width=\"550\" height=\"550\" \/><\/p>\n<h2 style=\"text-align: center\" data-start=\"421\" data-end=\"439\">\u2705 Hovedfordelene<\/h2>\n<p data-start=\"443\" data-end=\"528\">\u2600\ufe0f Lading via solcellepanel og USB &#8211; lades ved hjelp av sollys utend\u00f8rs eller USB innend\u00f8rs.<\/p>\n<p data-start=\"532\" data-end=\"629\">\ud83d\udca1 LED-belysning med h\u00f8y lysstyrke &#8211; Kraftig belysning for campingplasser, telt og stier.<\/p>\n<p data-start=\"633\" data-end=\"722\">\ud83d\udd04 Flere lysmoduser \u2013 sterkt lys, svakt lys, blinkende lys og n\u00f8dsignal.<\/p>\n<p data-start=\"726\" data-end=\"818\">\ud83c\udf92 Sammenleggbar og b\u00e6rbar design &#8211; kompakt og enkel \u00e5 pakke i ryggsekken eller n\u00f8dutstyret.<\/p>\n<p data-start=\"822\" data-end=\"900\">\ud83e\ude9d Praktisk opphengskrok &#8211; festes til telt, tr\u00e6r, kj\u00f8ret\u00f8y eller tau.<\/p>\n<p data-start=\"904\" data-end=\"990\">\ud83c\udf27 V\u00e6rbestandig konstruksjon &#8211; p\u00e5litelig ytelse i regn, varme eller sn\u00f8.<\/p>\n<p data-start=\"994\" data-end=\"1070\">\ud83d\udd06 360\u00b0 bred belysning &#8211; gir sterkt lys over et stort omr\u00e5de.<\/p>\n<h2 style=\"text-align: center\" data-start=\"1077\" data-end=\"1100\">\u2757 Problem \u2192 L\u00f8sning<\/h2>\n<p data-start=\"1102\" data-end=\"1225\"><strong data-start=\"1102\" data-end=\"1114\">Problem:<\/strong><br data-start=\"1114\" data-end=\"1117\" \/>P\u00e5 utflukter og i n\u00f8dsituasjoner st\u00e5r du ofte uten p\u00e5litelig belysning &#8211; spesielt n\u00e5r batteriene tar slutt.<\/p>\n<p data-start=\"1227\" data-end=\"1359\"><strong data-start=\"1227\" data-end=\"1240\">L\u00f8sning:<\/strong><br data-start=\"1240\" data-end=\"1243\" \/>Denne solcelledrevne campinglykten kombinerer solcellelading og USB-str\u00f8m, noe som sikrer p\u00e5litelig lys selv n\u00e5r du er langt unna str\u00f8m.<\/p>\n<p data-start=\"1227\" data-end=\"1359\"><img decoding=\"async\" class=\" wp-image-27033 aligncenter\" src=\"https:\/\/mekulo.com\/template\/wp-content\/uploads\/sites\/6\/2026\/03\/12213-ezgif.com-video-to-webp-converter-1.webp\" alt=\"\" width=\"550\" height=\"550\" \/><\/p>\n<h2 style=\"text-align: center\" data-start=\"1399\" data-end=\"1425\">\ud83c\udfd5 Perfekt for<\/h2>\n<ul data-start=\"1441\" data-end=\"1576\">\n<li data-start=\"1441\" data-end=\"1463\">\n<p data-start=\"1443\" data-end=\"1463\">Camping og fotturer<\/p>\n<\/li>\n<li data-start=\"1464\" data-end=\"1490\">\n<p data-start=\"1466\" data-end=\"1490\">N\u00f8dberedskap<\/p>\n<\/li>\n<li data-start=\"1491\" data-end=\"1514\">\n<p data-start=\"1493\" data-end=\"1514\">Bakg\u00e5rdssamlinger<\/p>\n<\/li>\n<li data-start=\"1515\" data-end=\"1532\">\n<p data-start=\"1517\" data-end=\"1532\">Nattfiske<\/p>\n<\/li>\n<li data-start=\"1533\" data-end=\"1550\">\n<p data-start=\"1535\" data-end=\"1550\">Str\u00f8mavbrudd<\/p>\n<\/li>\n<li data-start=\"1551\" data-end=\"1576\">\n<p data-start=\"1553\" data-end=\"1576\">Reiser og bilturer<\/p>\n<\/li>\n<\/ul>\n<p data-start=\"1578\" data-end=\"1620\">En p\u00e5litelig f\u00f8lgesvenn for utend\u00f8rslivet.<\/p>\n<h2 style=\"text-align: center\" data-start=\"1627\" data-end=\"1643\">\u2699\ufe0f Slik bruker du den<\/h2>\n<ol data-start=\"1645\" data-end=\"1821\">\n<li data-start=\"1645\" data-end=\"1687\">\n<p data-start=\"1648\" data-end=\"1687\">Lad opp ved hjelp av solcellepanel eller USB-kabel.<\/p>\n<\/li>\n<li data-start=\"1688\" data-end=\"1729\">\n<p data-start=\"1691\" data-end=\"1729\">Trykk p\u00e5 knappen for \u00e5 velge lysmodus.<\/p>\n<\/li>\n<li data-start=\"1730\" data-end=\"1779\">\n<p data-start=\"1733\" data-end=\"1779\">Heng opp med innebygd krok eller plasser p\u00e5 overflaten.<\/p>\n<\/li>\n<li data-start=\"1780\" data-end=\"1821\">\n<p data-start=\"1783\" data-end=\"1821\">Brett ned for enkel oppbevaring etter bruk.<\/p>\n<\/li>\n<\/ol>\n<h2 style=\"text-align: center\" data-start=\"1864\" data-end=\"1885\">\ud83d\udcd0 Produktdetaljer<\/h2>\n<ul data-start=\"1887\" data-end=\"2145\">\n<li data-start=\"1887\" data-end=\"1924\">\n<p data-start=\"1889\" data-end=\"1924\">Lys: LED med h\u00f8y lysstyrke<\/p>\n<\/li>\n<li data-start=\"1925\" data-end=\"1970\">\n<p data-start=\"1927\" data-end=\"1970\">Lading: Solcellepanel + USB-grensesnitt<\/p>\n<\/li>\n<li data-start=\"1971\" data-end=\"2008\">\n<p data-start=\"1973\" data-end=\"2008\">Design: Sammenleggbar 360\u00b0 lykt<\/p>\n<\/li>\n<li data-start=\"2009\" data-end=\"2051\">\n<p data-start=\"2011\" data-end=\"2051\">Vannbestandighet: Daglig vanntett<\/p>\n<\/li>\n<li data-start=\"2052\" data-end=\"2106\">\n<p data-start=\"2054\" data-end=\"2106\">Lysemodus: H\u00f8yt\/lavt\/blits\/n\u00f8dlys<\/p>\n<\/li>\n<li data-start=\"2107\" data-end=\"2145\">\n<p data-start=\"2109\" data-end=\"2145\">Rotasjon: Justerbar opp til 90\u00b0<\/p>\n<\/li>\n<li data-start=\"2107\" data-end=\"2145\">St\u00f8rrelse: Liten (115 x 103 mm), stor (140 x 125 mm)<\/li>\n<\/ul>\n<h2 style=\"text-align: center\" data-start=\"2199\" data-end=\"2221\">\ud83d\udce6 Pakken inneholder<\/h2>\n<ul data-start=\"2223\" data-end=\"2252\">\n<li data-start=\"2223\" data-end=\"2252\">\n<p data-start=\"2225\" data-end=\"2252\">1, 2x solcelledrevne campinglykter.<\/p>\n<\/li>\n<\/ul>\n","protected":false},"excerpt":{"rendered":"<p>\ud83c\udfe1Lys hvor som helst. Str\u00f8m fra solen.<br \/>\n\ud83c\udfd5\ufe0fReliable belysning for alle eventyr.<br \/>\n\ud83d\udca1Uansett om du camper i villmarken, forbereder deg p\u00e5 n\u00f8dsituasjoner eller bare nyter naturen, gir denne solcelledrevne campinglykten sterkt og p\u00e5litelig lys uansett hvor du g\u00e5r.<\/p>\n","protected":false},"featured_media":26105,"comment_status":"open","ping_status":"closed","template":"","meta":{"site-sidebar-layout":"default","site-content-layout":"","ast-site-content-layout":"default","site-content-style":"default","site-sidebar-style":"default","ast-global-header-display":"","ast-banner-title-visibility":"","ast-main-header-display":"","ast-hfb-above-header-display":"","ast-hfb-below-header-display":"","ast-hfb-mobile-header-display":"","site-post-title":"","ast-breadcrumbs-content":"","ast-featured-img":"","footer-sml-layout":"","theme-transparent-header-meta":"default","adv-header-id-meta":"","stick-header-meta":"","header-above-stick-meta":"","header-main-stick-meta":"","header-below-stick-meta":"","astra-migrate-meta-layouts":"set","ast-page-background-enabled":"default","ast-page-background-meta":{"desktop":{"background-color":"var(--ast-global-color-5)","background-image":"","background-repeat":"repeat","background-position":"center center","background-size":"auto","background-attachment":"scroll","background-type":"","background-media":"","overlay-type":"","overlay-color":"","overlay-opacity":"","overlay-gradient":""},"tablet":{"background-color":"","background-image":"","background-repeat":"repeat","background-position":"center center","background-size":"auto","background-attachment":"scroll","background-type":"","background-media":"","overlay-type":"","overlay-color":"","overlay-opacity":"","overlay-gradient":""},"mobile":{"background-color":"","background-image":"","background-repeat":"repeat","background-position":"center center","background-size":"auto","background-attachment":"scroll","background-type":"","background-media":"","overlay-type":"","overlay-color":"","overlay-opacity":"","overlay-gradient":""}},"ast-content-background-meta":{"desktop":{"background-color":"var(--ast-global-color-4)","background-image":"","background-repeat":"repeat","background-position":"center center","background-size":"auto","background-attachment":"scroll","background-type":"","background-media":"","overlay-type":"","overlay-color":"","overlay-opacity":"","overlay-gradient":""},"tablet":{"background-color":"var(--ast-global-color-4)","background-image":"","background-repeat":"repeat","background-position":"center center","background-size":"auto","background-attachment":"scroll","background-type":"","background-media":"","overlay-type":"","overlay-color":"","overlay-opacity":"","overlay-gradient":""},"mobile":{"background-color":"var(--ast-global-color-4)","background-image":"","background-repeat":"repeat","background-position":"center center","background-size":"auto","background-attachment":"scroll","background-type":"","background-media":"","overlay-type":"","overlay-color":"","overlay-opacity":"","overlay-gradient":""}}},"product_brand":[],"product_cat":[167,168],"product_tag":[],"class_list":{"0":"post-26109","1":"product","2":"type-product","3":"status-publish","4":"has-post-thumbnail","6":"product_cat-fotturer-camping-og-fritidsartikler","7":"product_cat-husholdningsartikler","8":"pa_65645_mum5utaw-liten","9":"pa_65645_mum5utaw-stor","10":"pa_65645_vnd6la4w-1-stk","11":"pa_65645_vnd6la4w-2-stk","12":"desktop-align-left","13":"tablet-align-left","14":"mobile-align-left","16":"first","17":"instock","18":"shipping-taxable","19":"purchasable","20":"product-type-variable","21":"has-default-attributes"},"yoast_head":"<!-- This site is optimized with the Yoast SEO plugin v26.6 - https:\/\/yoast.com\/wordpress\/plugins\/seo\/ -->\n<title>Solcelledrevet campinglykt - Mekulo NO<\/title>\n<meta name=\"robots\" content=\"index, follow, max-snippet:-1, max-image-preview:large, max-video-preview:-1\" \/>\n<link rel=\"canonical\" href=\"https:\/\/mekulo.com\/no\/produkt\/solcelledrevet-campinglykt\/\" \/>\n<meta property=\"og:locale\" content=\"nb_NO\" \/>\n<meta property=\"og:type\" content=\"article\" \/>\n<meta property=\"og:title\" content=\"Solcelledrevet campinglykt - Mekulo NO\" \/>\n<meta property=\"og:description\" content=\"\ud83c\udfe1Lys hvor som helst. Str\u00f8m fra solen. \ud83c\udfd5\ufe0fReliable belysning for alle eventyr. \ud83d\udca1Uansett om du camper i villmarken, forbereder deg p\u00e5 n\u00f8dsituasjoner eller bare nyter naturen, gir denne solcelledrevne campinglykten sterkt og p\u00e5litelig lys uansett hvor du g\u00e5r.\" \/>\n<meta property=\"og:url\" content=\"https:\/\/mekulo.com\/no\/produkt\/solcelledrevet-campinglykt\/\" \/>\n<meta property=\"og:site_name\" content=\"Mekulo NO\" \/>\n<meta property=\"article:modified_time\" content=\"2026-04-10T14:44:36+00:00\" \/>\n<meta property=\"og:image\" content=\"https:\/\/mekulo.com\/no\/wp-content\/uploads\/sites\/10\/2026\/03\/8qz6roe-1.jpg\" \/>\n\t<meta property=\"og:image:width\" content=\"900\" \/>\n\t<meta property=\"og:image:height\" content=\"900\" \/>\n\t<meta property=\"og:image:type\" content=\"image\/jpeg\" \/>\n<meta name=\"twitter:card\" content=\"summary_large_image\" \/>\n<meta name=\"twitter:label1\" content=\"Ansl. lesetid\" \/>\n\t<meta name=\"twitter:data1\" content=\"2 minutter\" \/>\n<script type=\"application\/ld+json\" class=\"yoast-schema-graph\">{\"@context\":\"https:\/\/schema.org\",\"@graph\":[{\"@type\":\"WebPage\",\"@id\":\"https:\/\/mekulo.com\/no\/produkt\/solcelledrevet-campinglykt\/\",\"url\":\"https:\/\/mekulo.com\/no\/produkt\/solcelledrevet-campinglykt\/\",\"name\":\"Solcelledrevet campinglykt - Mekulo NO\",\"isPartOf\":{\"@id\":\"https:\/\/mekulo.com\/no\/#website\"},\"primaryImageOfPage\":{\"@id\":\"https:\/\/mekulo.com\/no\/produkt\/solcelledrevet-campinglykt\/#primaryimage\"},\"image\":{\"@id\":\"https:\/\/mekulo.com\/no\/produkt\/solcelledrevet-campinglykt\/#primaryimage\"},\"thumbnailUrl\":\"https:\/\/mekulo.com\/no\/wp-content\/uploads\/sites\/10\/2026\/03\/8qz6roe-1.jpg\",\"datePublished\":\"2026-03-31T14:50:27+00:00\",\"dateModified\":\"2026-04-10T14:44:36+00:00\",\"breadcrumb\":{\"@id\":\"https:\/\/mekulo.com\/no\/produkt\/solcelledrevet-campinglykt\/#breadcrumb\"},\"inLanguage\":\"nb-NO\",\"potentialAction\":[{\"@type\":\"ReadAction\",\"target\":[\"https:\/\/mekulo.com\/no\/produkt\/solcelledrevet-campinglykt\/\"]}]},{\"@type\":\"ImageObject\",\"inLanguage\":\"nb-NO\",\"@id\":\"https:\/\/mekulo.com\/no\/produkt\/solcelledrevet-campinglykt\/#primaryimage\",\"url\":\"https:\/\/mekulo.com\/no\/wp-content\/uploads\/sites\/10\/2026\/03\/8qz6roe-1.jpg\",\"contentUrl\":\"https:\/\/mekulo.com\/no\/wp-content\/uploads\/sites\/10\/2026\/03\/8qz6roe-1.jpg\",\"width\":900,\"height\":900},{\"@type\":\"BreadcrumbList\",\"@id\":\"https:\/\/mekulo.com\/no\/produkt\/solcelledrevet-campinglykt\/#breadcrumb\",\"itemListElement\":[{\"@type\":\"ListItem\",\"position\":1,\"name\":\"Home\",\"item\":\"https:\/\/mekulo.com\/no\/\"},{\"@type\":\"ListItem\",\"position\":2,\"name\":\"Butikk\",\"item\":\"https:\/\/mekulo.com\/no\/butikk\/\"},{\"@type\":\"ListItem\",\"position\":3,\"name\":\"Solcelledrevet campinglykt\"}]},{\"@type\":\"WebSite\",\"@id\":\"https:\/\/mekulo.com\/no\/#website\",\"url\":\"https:\/\/mekulo.com\/no\/\",\"name\":\"Mekulo NO\",\"description\":\"\",\"publisher\":{\"@id\":\"https:\/\/mekulo.com\/no\/#organization\"},\"potentialAction\":[{\"@type\":\"SearchAction\",\"target\":{\"@type\":\"EntryPoint\",\"urlTemplate\":\"https:\/\/mekulo.com\/no\/?s={search_term_string}\"},\"query-input\":{\"@type\":\"PropertyValueSpecification\",\"valueRequired\":true,\"valueName\":\"search_term_string\"}}],\"inLanguage\":\"nb-NO\"},{\"@type\":\"Organization\",\"@id\":\"https:\/\/mekulo.com\/no\/#organization\",\"name\":\"Mekulo\",\"url\":\"https:\/\/mekulo.com\/no\/\",\"logo\":{\"@type\":\"ImageObject\",\"inLanguage\":\"nb-NO\",\"@id\":\"https:\/\/mekulo.com\/no\/#\/schema\/logo\/image\/\",\"url\":\"https:\/\/mekulo.com\/no\/wp-content\/uploads\/sites\/10\/2025\/12\/favicon_mekulo.png\",\"contentUrl\":\"https:\/\/mekulo.com\/no\/wp-content\/uploads\/sites\/10\/2025\/12\/favicon_mekulo.png\",\"width\":50,\"height\":50,\"caption\":\"Mekulo\"},\"image\":{\"@id\":\"https:\/\/mekulo.com\/no\/#\/schema\/logo\/image\/\"}}]}<\/script>\n<!-- \/ Yoast SEO plugin. -->","yoast_head_json":{"title":"Solcelledrevet campinglykt - Mekulo NO","robots":{"index":"index","follow":"follow","max-snippet":"max-snippet:-1","max-image-preview":"max-image-preview:large","max-video-preview":"max-video-preview:-1"},"canonical":"https:\/\/mekulo.com\/no\/produkt\/solcelledrevet-campinglykt\/","og_locale":"nb_NO","og_type":"article","og_title":"Solcelledrevet campinglykt - Mekulo NO","og_description":"\ud83c\udfe1Lys hvor som helst. Str\u00f8m fra solen. \ud83c\udfd5\ufe0fReliable belysning for alle eventyr. \ud83d\udca1Uansett om du camper i villmarken, forbereder deg p\u00e5 n\u00f8dsituasjoner eller bare nyter naturen, gir denne solcelledrevne campinglykten sterkt og p\u00e5litelig lys uansett hvor du g\u00e5r.","og_url":"https:\/\/mekulo.com\/no\/produkt\/solcelledrevet-campinglykt\/","og_site_name":"Mekulo NO","article_modified_time":"2026-04-10T14:44:36+00:00","og_image":[{"width":900,"height":900,"url":"https:\/\/mekulo.com\/no\/wp-content\/uploads\/sites\/10\/2026\/03\/8qz6roe-1.jpg","type":"image\/jpeg"}],"twitter_card":"summary_large_image","twitter_misc":{"Ansl. lesetid":"2 minutter"},"schema":{"@context":"https:\/\/schema.org","@graph":[{"@type":"WebPage","@id":"https:\/\/mekulo.com\/no\/produkt\/solcelledrevet-campinglykt\/","url":"https:\/\/mekulo.com\/no\/produkt\/solcelledrevet-campinglykt\/","name":"Solcelledrevet campinglykt - Mekulo NO","isPartOf":{"@id":"https:\/\/mekulo.com\/no\/#website"},"primaryImageOfPage":{"@id":"https:\/\/mekulo.com\/no\/produkt\/solcelledrevet-campinglykt\/#primaryimage"},"image":{"@id":"https:\/\/mekulo.com\/no\/produkt\/solcelledrevet-campinglykt\/#primaryimage"},"thumbnailUrl":"https:\/\/mekulo.com\/no\/wp-content\/uploads\/sites\/10\/2026\/03\/8qz6roe-1.jpg","datePublished":"2026-03-31T14:50:27+00:00","dateModified":"2026-04-10T14:44:36+00:00","breadcrumb":{"@id":"https:\/\/mekulo.com\/no\/produkt\/solcelledrevet-campinglykt\/#breadcrumb"},"inLanguage":"nb-NO","potentialAction":[{"@type":"ReadAction","target":["https:\/\/mekulo.com\/no\/produkt\/solcelledrevet-campinglykt\/"]}]},{"@type":"ImageObject","inLanguage":"nb-NO","@id":"https:\/\/mekulo.com\/no\/produkt\/solcelledrevet-campinglykt\/#primaryimage","url":"https:\/\/mekulo.com\/no\/wp-content\/uploads\/sites\/10\/2026\/03\/8qz6roe-1.jpg","contentUrl":"https:\/\/mekulo.com\/no\/wp-content\/uploads\/sites\/10\/2026\/03\/8qz6roe-1.jpg","width":900,"height":900},{"@type":"BreadcrumbList","@id":"https:\/\/mekulo.com\/no\/produkt\/solcelledrevet-campinglykt\/#breadcrumb","itemListElement":[{"@type":"ListItem","position":1,"name":"Home","item":"https:\/\/mekulo.com\/no\/"},{"@type":"ListItem","position":2,"name":"Butikk","item":"https:\/\/mekulo.com\/no\/butikk\/"},{"@type":"ListItem","position":3,"name":"Solcelledrevet campinglykt"}]},{"@type":"WebSite","@id":"https:\/\/mekulo.com\/no\/#website","url":"https:\/\/mekulo.com\/no\/","name":"Mekulo NO","description":"","publisher":{"@id":"https:\/\/mekulo.com\/no\/#organization"},"potentialAction":[{"@type":"SearchAction","target":{"@type":"EntryPoint","urlTemplate":"https:\/\/mekulo.com\/no\/?s={search_term_string}"},"query-input":{"@type":"PropertyValueSpecification","valueRequired":true,"valueName":"search_term_string"}}],"inLanguage":"nb-NO"},{"@type":"Organization","@id":"https:\/\/mekulo.com\/no\/#organization","name":"Mekulo","url":"https:\/\/mekulo.com\/no\/","logo":{"@type":"ImageObject","inLanguage":"nb-NO","@id":"https:\/\/mekulo.com\/no\/#\/schema\/logo\/image\/","url":"https:\/\/mekulo.com\/no\/wp-content\/uploads\/sites\/10\/2025\/12\/favicon_mekulo.png","contentUrl":"https:\/\/mekulo.com\/no\/wp-content\/uploads\/sites\/10\/2025\/12\/favicon_mekulo.png","width":50,"height":50,"caption":"Mekulo"},"image":{"@id":"https:\/\/mekulo.com\/no\/#\/schema\/logo\/image\/"}}]}},"_links":{"self":[{"href":"https:\/\/mekulo.com\/no\/wp-json\/wp\/v2\/product\/26109","targetHints":{"allow":["GET"]}}],"collection":[{"href":"https:\/\/mekulo.com\/no\/wp-json\/wp\/v2\/product"}],"about":[{"href":"https:\/\/mekulo.com\/no\/wp-json\/wp\/v2\/types\/product"}],"replies":[{"embeddable":true,"href":"https:\/\/mekulo.com\/no\/wp-json\/wp\/v2\/comments?post=26109"}],"wp:featuredmedia":[{"embeddable":true,"href":"https:\/\/mekulo.com\/no\/wp-json\/wp\/v2\/media\/26105"}],"wp:attachment":[{"href":"https:\/\/mekulo.com\/no\/wp-json\/wp\/v2\/media?parent=26109"}],"wp:term":[{"taxonomy":"product_brand","embeddable":true,"href":"https:\/\/mekulo.com\/no\/wp-json\/wp\/v2\/product_brand?post=26109"},{"taxonomy":"product_cat","embeddable":true,"href":"https:\/\/mekulo.com\/no\/wp-json\/wp\/v2\/product_cat?post=26109"},{"taxonomy":"product_tag","embeddable":true,"href":"https:\/\/mekulo.com\/no\/wp-json\/wp\/v2\/product_tag?post=26109"}],"curies":[{"name":"wp","href":"https:\/\/api.w.org\/{rel}","templated":true}]}}