{"id":25851,"date":"2026-03-24T12:36:42","date_gmt":"2026-03-24T10:36:42","guid":{"rendered":"https:\/\/mekulo.com\/no\/produkt\/baerbar-sikkerhetsdorsperre\/"},"modified":"2026-03-24T16:09:06","modified_gmt":"2026-03-24T14:09:06","slug":"baerbar-sikkerhetsdorsperre","status":"publish","type":"product","link":"https:\/\/mekulo.com\/no\/produkt\/baerbar-sikkerhetsdorsperre\/","title":{"rendered":"B\u00e6rbar sikkerhetsd\u00f8rsperre"},"content":{"rendered":"<h2 style=\"text-align: center;\" data-start=\"309\" data-end=\"325\">\u2728 L\u00f8ftet<\/h2>\n<p style=\"text-align: center;\" data-start=\"327\" data-end=\"415\">Ingen boring.<br data-start=\"339\" data-end=\"342\" \/>Ingen permanent installasjon.<br data-start=\"368\" data-end=\"371\" \/>Bare sterkere personlig sikkerhet &#8211; umiddelbart.<\/p>\n<p data-start=\"327\" data-end=\"415\"><img fetchpriority=\"high\" decoding=\"async\" class=\" wp-image-26540 aligncenter\" src=\"https:\/\/mekulo.com\/template\/wp-content\/uploads\/sites\/6\/2026\/02\/02_ab806a81-73bf-4492-bdaa-a6e7cb64bc1d_480x480.webp\" alt=\"\" width=\"551\" height=\"551\" \/><\/p>\n<h2 style=\"text-align: center;\" data-start=\"422\" data-end=\"440\">\u2705 Hovedfordeler<\/h2>\n<p data-start=\"444\" data-end=\"538\">\ud83d\udd12 Blokkerer adgang fra utsiden &#8211; Selv om noen har en n\u00f8kkel, kan ikke d\u00f8ren \u00e5pnes.<\/p>\n<p data-start=\"542\" data-end=\"626\">\ud83c\udfe8 Perfekt for reiser &#8211; Ideell for hotell, sovesaler, leiligheter og Airbnb-opphold.<\/p>\n<p data-start=\"630\" data-end=\"703\">\ud83d\udc5c Kompakt og i lommeformat &#8211; Lett og enkel \u00e5 ta med seg hvor som helst.<\/p>\n<p data-start=\"707\" data-end=\"773\">\ud83d\udee0 Verkt\u00f8yfri installasjon &#8211; Installeres og fjernes p\u00e5 f\u00e5 sekunder.<\/p>\n<p data-start=\"777\" data-end=\"874\">\ud83e\uddf1 Solid konstruksjon i rustfritt st\u00e5l &#8211; 304 presisjonsst\u00f8pt metall motst\u00e5r b\u00f8ying og kraft.<\/p>\n<p data-start=\"878\" data-end=\"986\">\ud83d\udc3e Ekstra beskyttelse i husholdningen &#8211; Bidrar til \u00e5 hindre barn i \u00e5 \u00e5pne d\u00f8rer eller kj\u00e6ledyr i \u00e5 komme inn i rommene.<\/p>\n<h2 style=\"text-align: center;\" data-start=\"993\" data-end=\"1016\">\u2757 Problem \u2192 L\u00f8sning<\/h2>\n<p data-start=\"1018\" data-end=\"1134\"><strong data-start=\"1018\" data-end=\"1030\">Problem:<\/strong><br data-start=\"1030\" data-end=\"1033\" \/>Standard d\u00f8rl\u00e5ser kan \u00e5pnes utenfra med en n\u00f8kkel &#8211; og ikke alle overnattingssteder f\u00f8les sikre.<\/p>\n<p data-start=\"1136\" data-end=\"1271\"><strong data-start=\"1136\" data-end=\"1149\">L\u00f8sning:<\/strong><br data-start=\"1149\" data-end=\"1152\" \/>Denne b\u00e6rbare sikkerhetsd\u00f8rsperren forsterker d\u00f8ren fra innsiden, og legger til en fysisk barriere som forhindrer inntrengning.<\/p>\n<p data-start=\"1136\" data-end=\"1271\"><img decoding=\"async\" class=\"size-full wp-image-26544 aligncenter\" src=\"https:\/\/mekulo.com\/template\/wp-content\/uploads\/sites\/6\/2026\/02\/spp_20250822184929_550d9bf9c42a4a5bde12fd4ad3a18ef9_3868f7ac-9a95-4f2c-b9b9-fadf1af4e74b.jpg\" alt=\"\" width=\"600\" height=\"600\" \/><\/p>\n<h2 style=\"text-align: center;\" data-start=\"1324\" data-end=\"1350\">\ud83c\udf0d Perfekt for<\/h2>\n<ul data-start=\"1367\" data-end=\"1489\">\n<li data-start=\"1367\" data-end=\"1385\">\n<p data-start=\"1369\" data-end=\"1385\">Soloreisende<\/p>\n<\/li>\n<li data-start=\"1386\" data-end=\"1407\">\n<p data-start=\"1388\" data-end=\"1407\">Studenter p\u00e5 studenthjem<\/p>\n<\/li>\n<li data-start=\"1408\" data-end=\"1428\">\n<p data-start=\"1410\" data-end=\"1428\">Hotellopphold<\/p>\n<\/li>\n<li data-start=\"1429\" data-end=\"1444\">\n<p data-start=\"1431\" data-end=\"1444\">Privatliv p\u00e5 soverommet<\/p>\n<\/li>\n<li data-start=\"1445\" data-end=\"1464\">\n<p data-start=\"1447\" data-end=\"1464\">Sikkerhetsoppgraderinger i hjemmet<\/p>\n<\/li>\n<li data-start=\"1465\" data-end=\"1489\">\n<p data-start=\"1467\" data-end=\"1489\">Sikkerhetstiltak i hjemmet<\/p>\n<\/li>\n<\/ul>\n<p data-start=\"1491\" data-end=\"1546\">Et enkelt verkt\u00f8y som gj\u00f8r at ukjente rom f\u00f8les trygge.<\/p>\n<h2 style=\"text-align: center;\" data-start=\"1553\" data-end=\"1569\">\u2699\ufe0f Slik bruker du den<\/h2>\n<ol data-start=\"1571\" data-end=\"1725\">\n<li data-start=\"1571\" data-end=\"1630\">\n<p data-start=\"1574\" data-end=\"1630\">Sett metallkroken inn i d\u00f8rl\u00e5sens sluttstykke.<\/p>\n<\/li>\n<li data-start=\"1631\" data-end=\"1650\">\n<p data-start=\"1634\" data-end=\"1650\">Lukk d\u00f8ren.<\/p>\n<\/li>\n<li data-start=\"1651\" data-end=\"1693\">\n<p data-start=\"1654\" data-end=\"1693\">Fest blokkeringsstykket og stram.<\/p>\n<\/li>\n<li data-start=\"1694\" data-end=\"1725\">\n<p data-start=\"1697\" data-end=\"1725\">Fjern det enkelt n\u00e5r du drar.<\/p>\n<\/li>\n<\/ol>\n<p data-start=\"1727\" data-end=\"1811\"><em data-start=\"1727\" data-end=\"1734\">Merk:<\/em> Passer for innadsl\u00e5ende d\u00f8rer med en d\u00f8rfals som er st\u00f8rre enn 0,3 cm.<\/p>\n<h2 style=\"text-align: center;\" data-start=\"1818\" data-end=\"1839\">\ud83d\udcd0 Produktdetaljer<\/h2>\n<ul data-start=\"1841\" data-end=\"2072\">\n<li data-start=\"1889\" data-end=\"1926\">\n<p data-start=\"1891\" data-end=\"1926\">Materiale: 304 rustfritt st\u00e5l<\/p>\n<\/li>\n<li data-start=\"1963\" data-end=\"1990\">\n<p data-start=\"1965\" data-end=\"1990\">Vekt: Ca. 70 g<\/p>\n<\/li>\n<li data-start=\"1991\" data-end=\"2025\">\n<p data-start=\"1993\" data-end=\"2025\">St\u00f8rrelse: 8 x 5 cm<\/p>\n<\/li>\n<li data-start=\"2026\" data-end=\"2072\">\n<p data-start=\"2028\" data-end=\"2072\">Anvendelse: Kun innadsl\u00e5ende d\u00f8rer<\/p>\n<\/li>\n<\/ul>\n<h2 style=\"text-align: center;\" data-start=\"2141\" data-end=\"2163\">\ud83d\udce6 Pakken inkluderer<\/h2>\n<ul data-start=\"2165\" data-end=\"2223\">\n<li data-start=\"2165\" data-end=\"2203\">\n<p data-start=\"2167\" data-end=\"2203\">1, 2, 3x b\u00e6rbar sikkerhetsd\u00f8rsperre \/ s<\/p>\n<\/li>\n<li data-start=\"2204\" data-end=\"2223\">\n<p data-start=\"2206\" data-end=\"2223\">1, 2, 3x oppbevaringspose \/ s.<\/p>\n<\/li>\n<\/ul>\n","protected":false},"excerpt":{"rendered":"<p>\ud83d\udd12Ekstra beskyttelse. Total trygghet.<br \/>\n\ud83d\ude34Sove trygt \u2014 uansett hvor du bor.<br \/>\n<span style=\"font-size: 16px; font-style: normal; font-weight: 400;\">\ud83d\udeaa<\/span>Uansett om du er p\u00e5 reise, bor alene eller bare \u00f8nsker ekstra privatliv, gir denne b\u00e6rbare sikkerhetsd\u00f8rsperren deg et ekstra lag med sikkerhet p\u00e5 f\u00e5 sekunder.<\/p>\n","protected":false},"featured_media":25847,"comment_status":"open","ping_status":"closed","template":"","meta":{"site-sidebar-layout":"default","site-content-layout":"","ast-site-content-layout":"default","site-content-style":"default","site-sidebar-style":"default","ast-global-header-display":"","ast-banner-title-visibility":"","ast-main-header-display":"","ast-hfb-above-header-display":"","ast-hfb-below-header-display":"","ast-hfb-mobile-header-display":"","site-post-title":"","ast-breadcrumbs-content":"","ast-featured-img":"","footer-sml-layout":"","theme-transparent-header-meta":"default","adv-header-id-meta":"","stick-header-meta":"","header-above-stick-meta":"","header-main-stick-meta":"","header-below-stick-meta":"","astra-migrate-meta-layouts":"set","ast-page-background-enabled":"default","ast-page-background-meta":{"desktop":{"background-color":"var(--ast-global-color-5)","background-image":"","background-repeat":"repeat","background-position":"center center","background-size":"auto","background-attachment":"scroll","background-type":"","background-media":"","overlay-type":"","overlay-color":"","overlay-opacity":"","overlay-gradient":""},"tablet":{"background-color":"","background-image":"","background-repeat":"repeat","background-position":"center center","background-size":"auto","background-attachment":"scroll","background-type":"","background-media":"","overlay-type":"","overlay-color":"","overlay-opacity":"","overlay-gradient":""},"mobile":{"background-color":"","background-image":"","background-repeat":"repeat","background-position":"center center","background-size":"auto","background-attachment":"scroll","background-type":"","background-media":"","overlay-type":"","overlay-color":"","overlay-opacity":"","overlay-gradient":""}},"ast-content-background-meta":{"desktop":{"background-color":"var(--ast-global-color-4)","background-image":"","background-repeat":"repeat","background-position":"center center","background-size":"auto","background-attachment":"scroll","background-type":"","background-media":"","overlay-type":"","overlay-color":"","overlay-opacity":"","overlay-gradient":""},"tablet":{"background-color":"var(--ast-global-color-4)","background-image":"","background-repeat":"repeat","background-position":"center center","background-size":"auto","background-attachment":"scroll","background-type":"","background-media":"","overlay-type":"","overlay-color":"","overlay-opacity":"","overlay-gradient":""},"mobile":{"background-color":"var(--ast-global-color-4)","background-image":"","background-repeat":"repeat","background-position":"center center","background-size":"auto","background-attachment":"scroll","background-type":"","background-media":"","overlay-type":"","overlay-color":"","overlay-opacity":"","overlay-gradient":""}}},"product_brand":[],"product_cat":[168],"product_tag":[],"class_list":{"0":"post-25851","1":"product","2":"type-product","3":"status-publish","4":"has-post-thumbnail","6":"product_cat-husholdningsartikler","7":"pa_66699_hqf2335h-gull","8":"pa_66699_hqf2335h-svart","9":"pa_66699_ovsbxmzi-1-stk","10":"pa_66699_ovsbxmzi-2-stk","11":"pa_66699_ovsbxmzi-3-stk","12":"desktop-align-left","13":"tablet-align-left","14":"mobile-align-left","16":"first","17":"instock","18":"shipping-taxable","19":"purchasable","20":"product-type-variable","21":"has-default-attributes"},"yoast_head":"<!-- This site is optimized with the Yoast SEO plugin v26.6 - https:\/\/yoast.com\/wordpress\/plugins\/seo\/ -->\n<title>B\u00e6rbar sikkerhetsd\u00f8rsperre - Mekulo NO<\/title>\n<meta name=\"robots\" content=\"index, follow, max-snippet:-1, max-image-preview:large, max-video-preview:-1\" \/>\n<link rel=\"canonical\" href=\"https:\/\/mekulo.com\/no\/produkt\/baerbar-sikkerhetsdorsperre\/\" \/>\n<meta property=\"og:locale\" content=\"nb_NO\" \/>\n<meta property=\"og:type\" content=\"article\" \/>\n<meta property=\"og:title\" content=\"B\u00e6rbar sikkerhetsd\u00f8rsperre - Mekulo NO\" \/>\n<meta property=\"og:description\" content=\"\ud83d\udd12Ekstra beskyttelse. Total trygghet. \ud83d\ude34Sove trygt \u2014 uansett hvor du bor. \ud83d\udeaaUansett om du er p\u00e5 reise, bor alene eller bare \u00f8nsker ekstra privatliv, gir denne b\u00e6rbare sikkerhetsd\u00f8rsperren deg et ekstra lag med sikkerhet p\u00e5 f\u00e5 sekunder.\" \/>\n<meta property=\"og:url\" content=\"https:\/\/mekulo.com\/no\/produkt\/baerbar-sikkerhetsdorsperre\/\" \/>\n<meta property=\"og:site_name\" content=\"Mekulo NO\" \/>\n<meta property=\"article:modified_time\" content=\"2026-03-24T14:09:06+00:00\" \/>\n<meta property=\"og:image\" content=\"https:\/\/mekulo.com\/no\/wp-content\/uploads\/sites\/10\/2026\/03\/x8lziez-1.jpg\" \/>\n\t<meta property=\"og:image:width\" content=\"600\" \/>\n\t<meta property=\"og:image:height\" content=\"600\" \/>\n\t<meta property=\"og:image:type\" content=\"image\/jpeg\" \/>\n<meta name=\"twitter:card\" content=\"summary_large_image\" \/>\n<meta name=\"twitter:label1\" content=\"Ansl. lesetid\" \/>\n\t<meta name=\"twitter:data1\" content=\"2 minutter\" \/>\n<script type=\"application\/ld+json\" class=\"yoast-schema-graph\">{\"@context\":\"https:\/\/schema.org\",\"@graph\":[{\"@type\":\"WebPage\",\"@id\":\"https:\/\/mekulo.com\/no\/produkt\/baerbar-sikkerhetsdorsperre\/\",\"url\":\"https:\/\/mekulo.com\/no\/produkt\/baerbar-sikkerhetsdorsperre\/\",\"name\":\"B\u00e6rbar sikkerhetsd\u00f8rsperre - Mekulo NO\",\"isPartOf\":{\"@id\":\"https:\/\/mekulo.com\/no\/#website\"},\"primaryImageOfPage\":{\"@id\":\"https:\/\/mekulo.com\/no\/produkt\/baerbar-sikkerhetsdorsperre\/#primaryimage\"},\"image\":{\"@id\":\"https:\/\/mekulo.com\/no\/produkt\/baerbar-sikkerhetsdorsperre\/#primaryimage\"},\"thumbnailUrl\":\"https:\/\/mekulo.com\/no\/wp-content\/uploads\/sites\/10\/2026\/03\/x8lziez-1.jpg\",\"datePublished\":\"2026-03-24T10:36:42+00:00\",\"dateModified\":\"2026-03-24T14:09:06+00:00\",\"breadcrumb\":{\"@id\":\"https:\/\/mekulo.com\/no\/produkt\/baerbar-sikkerhetsdorsperre\/#breadcrumb\"},\"inLanguage\":\"nb-NO\",\"potentialAction\":[{\"@type\":\"ReadAction\",\"target\":[\"https:\/\/mekulo.com\/no\/produkt\/baerbar-sikkerhetsdorsperre\/\"]}]},{\"@type\":\"ImageObject\",\"inLanguage\":\"nb-NO\",\"@id\":\"https:\/\/mekulo.com\/no\/produkt\/baerbar-sikkerhetsdorsperre\/#primaryimage\",\"url\":\"https:\/\/mekulo.com\/no\/wp-content\/uploads\/sites\/10\/2026\/03\/x8lziez-1.jpg\",\"contentUrl\":\"https:\/\/mekulo.com\/no\/wp-content\/uploads\/sites\/10\/2026\/03\/x8lziez-1.jpg\",\"width\":600,\"height\":600},{\"@type\":\"BreadcrumbList\",\"@id\":\"https:\/\/mekulo.com\/no\/produkt\/baerbar-sikkerhetsdorsperre\/#breadcrumb\",\"itemListElement\":[{\"@type\":\"ListItem\",\"position\":1,\"name\":\"Home\",\"item\":\"https:\/\/mekulo.com\/no\/\"},{\"@type\":\"ListItem\",\"position\":2,\"name\":\"Butikk\",\"item\":\"https:\/\/mekulo.com\/no\/butikk\/\"},{\"@type\":\"ListItem\",\"position\":3,\"name\":\"B\u00e6rbar sikkerhetsd\u00f8rsperre\"}]},{\"@type\":\"WebSite\",\"@id\":\"https:\/\/mekulo.com\/no\/#website\",\"url\":\"https:\/\/mekulo.com\/no\/\",\"name\":\"Mekulo NO\",\"description\":\"\",\"publisher\":{\"@id\":\"https:\/\/mekulo.com\/no\/#organization\"},\"potentialAction\":[{\"@type\":\"SearchAction\",\"target\":{\"@type\":\"EntryPoint\",\"urlTemplate\":\"https:\/\/mekulo.com\/no\/?s={search_term_string}\"},\"query-input\":{\"@type\":\"PropertyValueSpecification\",\"valueRequired\":true,\"valueName\":\"search_term_string\"}}],\"inLanguage\":\"nb-NO\"},{\"@type\":\"Organization\",\"@id\":\"https:\/\/mekulo.com\/no\/#organization\",\"name\":\"Mekulo\",\"url\":\"https:\/\/mekulo.com\/no\/\",\"logo\":{\"@type\":\"ImageObject\",\"inLanguage\":\"nb-NO\",\"@id\":\"https:\/\/mekulo.com\/no\/#\/schema\/logo\/image\/\",\"url\":\"https:\/\/mekulo.com\/no\/wp-content\/uploads\/sites\/10\/2025\/12\/favicon_mekulo.png\",\"contentUrl\":\"https:\/\/mekulo.com\/no\/wp-content\/uploads\/sites\/10\/2025\/12\/favicon_mekulo.png\",\"width\":50,\"height\":50,\"caption\":\"Mekulo\"},\"image\":{\"@id\":\"https:\/\/mekulo.com\/no\/#\/schema\/logo\/image\/\"}}]}<\/script>\n<!-- \/ Yoast SEO plugin. -->","yoast_head_json":{"title":"B\u00e6rbar sikkerhetsd\u00f8rsperre - Mekulo NO","robots":{"index":"index","follow":"follow","max-snippet":"max-snippet:-1","max-image-preview":"max-image-preview:large","max-video-preview":"max-video-preview:-1"},"canonical":"https:\/\/mekulo.com\/no\/produkt\/baerbar-sikkerhetsdorsperre\/","og_locale":"nb_NO","og_type":"article","og_title":"B\u00e6rbar sikkerhetsd\u00f8rsperre - Mekulo NO","og_description":"\ud83d\udd12Ekstra beskyttelse. Total trygghet. \ud83d\ude34Sove trygt \u2014 uansett hvor du bor. \ud83d\udeaaUansett om du er p\u00e5 reise, bor alene eller bare \u00f8nsker ekstra privatliv, gir denne b\u00e6rbare sikkerhetsd\u00f8rsperren deg et ekstra lag med sikkerhet p\u00e5 f\u00e5 sekunder.","og_url":"https:\/\/mekulo.com\/no\/produkt\/baerbar-sikkerhetsdorsperre\/","og_site_name":"Mekulo NO","article_modified_time":"2026-03-24T14:09:06+00:00","og_image":[{"width":600,"height":600,"url":"https:\/\/mekulo.com\/no\/wp-content\/uploads\/sites\/10\/2026\/03\/x8lziez-1.jpg","type":"image\/jpeg"}],"twitter_card":"summary_large_image","twitter_misc":{"Ansl. lesetid":"2 minutter"},"schema":{"@context":"https:\/\/schema.org","@graph":[{"@type":"WebPage","@id":"https:\/\/mekulo.com\/no\/produkt\/baerbar-sikkerhetsdorsperre\/","url":"https:\/\/mekulo.com\/no\/produkt\/baerbar-sikkerhetsdorsperre\/","name":"B\u00e6rbar sikkerhetsd\u00f8rsperre - Mekulo NO","isPartOf":{"@id":"https:\/\/mekulo.com\/no\/#website"},"primaryImageOfPage":{"@id":"https:\/\/mekulo.com\/no\/produkt\/baerbar-sikkerhetsdorsperre\/#primaryimage"},"image":{"@id":"https:\/\/mekulo.com\/no\/produkt\/baerbar-sikkerhetsdorsperre\/#primaryimage"},"thumbnailUrl":"https:\/\/mekulo.com\/no\/wp-content\/uploads\/sites\/10\/2026\/03\/x8lziez-1.jpg","datePublished":"2026-03-24T10:36:42+00:00","dateModified":"2026-03-24T14:09:06+00:00","breadcrumb":{"@id":"https:\/\/mekulo.com\/no\/produkt\/baerbar-sikkerhetsdorsperre\/#breadcrumb"},"inLanguage":"nb-NO","potentialAction":[{"@type":"ReadAction","target":["https:\/\/mekulo.com\/no\/produkt\/baerbar-sikkerhetsdorsperre\/"]}]},{"@type":"ImageObject","inLanguage":"nb-NO","@id":"https:\/\/mekulo.com\/no\/produkt\/baerbar-sikkerhetsdorsperre\/#primaryimage","url":"https:\/\/mekulo.com\/no\/wp-content\/uploads\/sites\/10\/2026\/03\/x8lziez-1.jpg","contentUrl":"https:\/\/mekulo.com\/no\/wp-content\/uploads\/sites\/10\/2026\/03\/x8lziez-1.jpg","width":600,"height":600},{"@type":"BreadcrumbList","@id":"https:\/\/mekulo.com\/no\/produkt\/baerbar-sikkerhetsdorsperre\/#breadcrumb","itemListElement":[{"@type":"ListItem","position":1,"name":"Home","item":"https:\/\/mekulo.com\/no\/"},{"@type":"ListItem","position":2,"name":"Butikk","item":"https:\/\/mekulo.com\/no\/butikk\/"},{"@type":"ListItem","position":3,"name":"B\u00e6rbar sikkerhetsd\u00f8rsperre"}]},{"@type":"WebSite","@id":"https:\/\/mekulo.com\/no\/#website","url":"https:\/\/mekulo.com\/no\/","name":"Mekulo NO","description":"","publisher":{"@id":"https:\/\/mekulo.com\/no\/#organization"},"potentialAction":[{"@type":"SearchAction","target":{"@type":"EntryPoint","urlTemplate":"https:\/\/mekulo.com\/no\/?s={search_term_string}"},"query-input":{"@type":"PropertyValueSpecification","valueRequired":true,"valueName":"search_term_string"}}],"inLanguage":"nb-NO"},{"@type":"Organization","@id":"https:\/\/mekulo.com\/no\/#organization","name":"Mekulo","url":"https:\/\/mekulo.com\/no\/","logo":{"@type":"ImageObject","inLanguage":"nb-NO","@id":"https:\/\/mekulo.com\/no\/#\/schema\/logo\/image\/","url":"https:\/\/mekulo.com\/no\/wp-content\/uploads\/sites\/10\/2025\/12\/favicon_mekulo.png","contentUrl":"https:\/\/mekulo.com\/no\/wp-content\/uploads\/sites\/10\/2025\/12\/favicon_mekulo.png","width":50,"height":50,"caption":"Mekulo"},"image":{"@id":"https:\/\/mekulo.com\/no\/#\/schema\/logo\/image\/"}}]}},"_links":{"self":[{"href":"https:\/\/mekulo.com\/no\/wp-json\/wp\/v2\/product\/25851","targetHints":{"allow":["GET"]}}],"collection":[{"href":"https:\/\/mekulo.com\/no\/wp-json\/wp\/v2\/product"}],"about":[{"href":"https:\/\/mekulo.com\/no\/wp-json\/wp\/v2\/types\/product"}],"replies":[{"embeddable":true,"href":"https:\/\/mekulo.com\/no\/wp-json\/wp\/v2\/comments?post=25851"}],"wp:featuredmedia":[{"embeddable":true,"href":"https:\/\/mekulo.com\/no\/wp-json\/wp\/v2\/media\/25847"}],"wp:attachment":[{"href":"https:\/\/mekulo.com\/no\/wp-json\/wp\/v2\/media?parent=25851"}],"wp:term":[{"taxonomy":"product_brand","embeddable":true,"href":"https:\/\/mekulo.com\/no\/wp-json\/wp\/v2\/product_brand?post=25851"},{"taxonomy":"product_cat","embeddable":true,"href":"https:\/\/mekulo.com\/no\/wp-json\/wp\/v2\/product_cat?post=25851"},{"taxonomy":"product_tag","embeddable":true,"href":"https:\/\/mekulo.com\/no\/wp-json\/wp\/v2\/product_tag?post=25851"}],"curies":[{"name":"wp","href":"https:\/\/api.w.org\/{rel}","templated":true}]}}