{"id":25750,"date":"2026-03-24T12:23:48","date_gmt":"2026-03-24T10:23:48","guid":{"rendered":"https:\/\/mekulo.com\/no\/produkt\/baerbar-miniparaply\/"},"modified":"2026-03-24T15:42:46","modified_gmt":"2026-03-24T13:42:46","slug":"baerbar-miniparaply","status":"publish","type":"product","link":"https:\/\/mekulo.com\/no\/produkt\/baerbar-miniparaply\/","title":{"rendered":"B\u00e6rbar miniparaply"},"content":{"rendered":"<h2 style=\"text-align: center;\" data-start=\"339\" data-end=\"358\">\u2728 L\u00f8ftet<\/h2>\n<p style=\"text-align: center;\" data-start=\"360\" data-end=\"425\">Reis lett.<br data-start=\"373\" data-end=\"376\" \/>V\u00e6r beskyttet.<br data-start=\"391\" data-end=\"394\" \/>Se uanstrengt sammensatt ut.<\/p>\n<p data-start=\"360\" data-end=\"425\"><img fetchpriority=\"high\" decoding=\"async\" class=\"size-full wp-image-26459 aligncenter\" src=\"https:\/\/mekulo.com\/template\/wp-content\/uploads\/sites\/6\/2026\/02\/2-9.jpg\" alt=\"\" width=\"1001\" height=\"1001\" \/><\/p>\n<h2 style=\"text-align: center;\" data-start=\"432\" data-end=\"450\">\u2705 Hoved benefits<\/h2>\n<p data-start=\"454\" data-end=\"537\">\u2600\ufe0f Effektiv UV-beskyttelse &#8211; Hjelper med \u00e5 beskytte huden din mot sterk soleksponering.<\/p>\n<p data-start=\"541\" data-end=\"612\">\ud83c\udf27\ufe0f Klar for plutselig regn &#8211; Hold deg t\u00f8rr uten \u00e5 b\u00e6re klumpete utstyr.<\/p>\n<p data-start=\"616\" data-end=\"696\">\ud83c\udf92 Virkelig b\u00e6rbar st\u00f8rrelse &#8211; Passer lett i h\u00e5ndvesker, ryggsekker eller bagasje.<\/p>\n<p data-start=\"700\" data-end=\"779\">\ud83d\udca8 Lett, men robust &#8211; Motst\u00e5r b\u00f8ying og hverdagslige vindforhold.<\/p>\n<p data-start=\"783\" data-end=\"853\">\u2728 Minimalistisk, moderne design &#8211; Rent, stilig utseende for ethvert antrekk.<\/p>\n<p data-start=\"857\" data-end=\"915\">\ud83d\udc69\ud83d\udc68 Unisex-appell &#8211; Perfekt for b\u00e5de kvinner og menn.<\/p>\n<p data-start=\"919\" data-end=\"978\">\ud83c\udf08 Flere fargealternativer &#8211; matcher stilen eller hum\u00f8ret ditt.<\/p>\n<h2 style=\"text-align: center;\" data-start=\"985\" data-end=\"1008\">\u2757 Problem \u2192 L\u00f8sning<\/h2>\n<p data-start=\"1010\" data-end=\"1095\"><strong data-start=\"1010\" data-end=\"1022\">Problem:<\/strong><br data-start=\"1022\" data-end=\"1025\" \/>V\u00e6ret skifter raskt &#8211; solen blir skarp, regnet kommer uventet.<\/p>\n<p data-start=\"1097\" data-end=\"1187\"><strong data-start=\"1097\" data-end=\"1110\">L\u00f8sning:<\/strong><br data-start=\"1110\" data-end=\"1113\" \/>Denne b\u00e6rbare miniparaplyen holder deg forberedt uten \u00e5 legge til vekt eller rot.<\/p>\n<p data-start=\"1097\" data-end=\"1187\"><img decoding=\"async\" class=\"size-full wp-image-26455 aligncenter\" src=\"https:\/\/mekulo.com\/template\/wp-content\/uploads\/sites\/6\/2026\/02\/6-18.jpeg\" alt=\"\" width=\"1001\" height=\"1001\" \/><\/p>\n<h2 style=\"text-align: center;\" data-start=\"1194\" data-end=\"1220\">\ud83c\udf0d Perfekt for<\/h2>\n<ul data-start=\"1236\" data-end=\"1340\">\n<li data-start=\"1236\" data-end=\"1255\">\n<p data-start=\"1238\" data-end=\"1255\">Daglig pendling<\/p>\n<\/li>\n<li data-start=\"1256\" data-end=\"1278\">\n<p data-start=\"1258\" data-end=\"1278\">Reiser og ferier<\/p>\n<\/li>\n<li data-start=\"1279\" data-end=\"1304\">\n<p data-start=\"1281\" data-end=\"1304\">Strand- og utend\u00f8rsturer<\/p>\n<\/li>\n<li data-start=\"1305\" data-end=\"1321\">\n<p data-start=\"1307\" data-end=\"1321\">By\u00e6returer<\/p>\n<\/li>\n<li data-start=\"1322\" data-end=\"1340\">\n<p data-start=\"1324\" data-end=\"1340\">Bruk \u00e5ret rundt<\/p>\n<\/li>\n<\/ul>\n<p data-start=\"1342\" data-end=\"1407\">Oppbevar den i vesken, bilen eller kontorskuffen &#8211; alltid innen rekkevidde.<\/p>\n<h2 style=\"text-align: center;\" data-start=\"1414\" data-end=\"1430\">\u2699\ufe0f Slik bruker du den<\/h2>\n<ol data-start=\"1432\" data-end=\"1546\">\n<li data-start=\"1432\" data-end=\"1461\">\n<p data-start=\"1435\" data-end=\"1461\">Ta den ut av vesken eller posen.<\/p>\n<\/li>\n<li data-start=\"1462\" data-end=\"1480\">\n<p data-start=\"1465\" data-end=\"1480\">\u00c5pne den enkelt.<\/p>\n<\/li>\n<li data-start=\"1481\" data-end=\"1516\">\n<p data-start=\"1484\" data-end=\"1516\">Bruk den som beskyttelse mot sol eller regn.<\/p>\n<\/li>\n<li data-start=\"1517\" data-end=\"1546\">\n<p data-start=\"1520\" data-end=\"1546\">Brett den sammen igjen etter bruk.<\/p>\n<\/li>\n<\/ol>\n<h2 style=\"text-align: center;\" data-start=\"1580\" data-end=\"1601\">\ud83d\udcd0 Produktdetaljer<\/h2>\n<ul data-start=\"1603\" data-end=\"1860\">\n<li data-start=\"1603\" data-end=\"1634\">\n<p data-start=\"1605\" data-end=\"1634\">Materiale: Klut + Vinyl<\/p>\n<\/li>\n<li data-start=\"1635\" data-end=\"1672\">\n<p data-start=\"1637\" data-end=\"1672\">St\u00f8rrelse (brettet): 20 x 10 x 5 cm<\/p>\n<\/li>\n<li data-start=\"1635\" data-end=\"1672\">\n<p data-start=\"1637\" data-end=\"1672\">St\u00f8rrelse (utfoldet): 90 x 52 cm<\/p>\n<\/li>\n<li data-start=\"1673\" data-end=\"1715\">\n<p data-start=\"1675\" data-end=\"1715\">Ramme: Premium lettvektsplast<\/p>\n<\/li>\n<li data-start=\"1716\" data-end=\"1761\">\n<p data-start=\"1718\" data-end=\"1761\">Funksjon: Sol og lett regnbeskyttelse<\/p>\n<\/li>\n<\/ul>\n<h2 style=\"text-align: center;\" data-start=\"1901\" data-end=\"1923\">\ud83d\udce6 Pakken inkluderer<\/h2>\n<ul data-start=\"1925\" data-end=\"1948\">\n<li data-start=\"1925\" data-end=\"1948\">\n<p data-start=\"1927\" data-end=\"1948\">1x b\u00e6rbar mini paraply<\/p>\n<\/li>\n<li data-start=\"1925\" data-end=\"1948\">1x oppbevaringsveske.<\/li>\n<\/ul>\n","protected":false},"excerpt":{"rendered":"<p>\ud83c\udf27\ufe0fShade n\u00e5r du trenger det. Beskyttelse n\u00e5r det gjelder.<br \/>\n\ud83c\udf1eEn paraply for sol, regn og hverdag.<br \/>\n\u2602\ufe0fDesigned for folk som beveger seg. Denne b\u00e6rbare miniparaplyen f\u00e5r lett plass i vesken, samtidig som den gir p\u00e5litelig beskyttelse mot sterkt sollys og uventet regn.<\/p>\n","protected":false},"featured_media":25746,"comment_status":"open","ping_status":"closed","template":"","meta":{"site-sidebar-layout":"default","site-content-layout":"","ast-site-content-layout":"default","site-content-style":"default","site-sidebar-style":"default","ast-global-header-display":"","ast-banner-title-visibility":"","ast-main-header-display":"","ast-hfb-above-header-display":"","ast-hfb-below-header-display":"","ast-hfb-mobile-header-display":"","site-post-title":"","ast-breadcrumbs-content":"","ast-featured-img":"","footer-sml-layout":"","theme-transparent-header-meta":"default","adv-header-id-meta":"","stick-header-meta":"","header-above-stick-meta":"","header-main-stick-meta":"","header-below-stick-meta":"","astra-migrate-meta-layouts":"set","ast-page-background-enabled":"default","ast-page-background-meta":{"desktop":{"background-color":"var(--ast-global-color-5)","background-image":"","background-repeat":"repeat","background-position":"center center","background-size":"auto","background-attachment":"scroll","background-type":"","background-media":"","overlay-type":"","overlay-color":"","overlay-opacity":"","overlay-gradient":""},"tablet":{"background-color":"","background-image":"","background-repeat":"repeat","background-position":"center center","background-size":"auto","background-attachment":"scroll","background-type":"","background-media":"","overlay-type":"","overlay-color":"","overlay-opacity":"","overlay-gradient":""},"mobile":{"background-color":"","background-image":"","background-repeat":"repeat","background-position":"center center","background-size":"auto","background-attachment":"scroll","background-type":"","background-media":"","overlay-type":"","overlay-color":"","overlay-opacity":"","overlay-gradient":""}},"ast-content-background-meta":{"desktop":{"background-color":"var(--ast-global-color-4)","background-image":"","background-repeat":"repeat","background-position":"center center","background-size":"auto","background-attachment":"scroll","background-type":"","background-media":"","overlay-type":"","overlay-color":"","overlay-opacity":"","overlay-gradient":""},"tablet":{"background-color":"var(--ast-global-color-4)","background-image":"","background-repeat":"repeat","background-position":"center center","background-size":"auto","background-attachment":"scroll","background-type":"","background-media":"","overlay-type":"","overlay-color":"","overlay-opacity":"","overlay-gradient":""},"mobile":{"background-color":"var(--ast-global-color-4)","background-image":"","background-repeat":"repeat","background-position":"center center","background-size":"auto","background-attachment":"scroll","background-type":"","background-media":"","overlay-type":"","overlay-color":"","overlay-opacity":"","overlay-gradient":""}}},"product_brand":[],"product_cat":[165],"product_tag":[],"class_list":{"0":"post-25750","1":"product","2":"type-product","3":"status-publish","4":"has-post-thumbnail","6":"product_cat-fottoy-tilbehor","7":"pa_65140_2hen99oc-beige","8":"pa_65140_2hen99oc-bla","9":"pa_65140_2hen99oc-gronn","10":"pa_65140_2hen99oc-gul","11":"pa_65140_2hen99oc-hvit","12":"pa_65140_2hen99oc-lilla","13":"pa_65140_2hen99oc-rosa","14":"pa_65140_2hen99oc-svart","15":"desktop-align-left","16":"tablet-align-left","17":"mobile-align-left","19":"first","20":"instock","21":"shipping-taxable","22":"purchasable","23":"product-type-variable"},"yoast_head":"<!-- This site is optimized with the Yoast SEO plugin v26.6 - https:\/\/yoast.com\/wordpress\/plugins\/seo\/ -->\n<title>B\u00e6rbar miniparaply - Mekulo NO<\/title>\n<meta name=\"robots\" content=\"index, follow, max-snippet:-1, max-image-preview:large, max-video-preview:-1\" \/>\n<link rel=\"canonical\" href=\"https:\/\/mekulo.com\/no\/produkt\/baerbar-miniparaply\/\" \/>\n<meta property=\"og:locale\" content=\"nb_NO\" \/>\n<meta property=\"og:type\" content=\"article\" \/>\n<meta property=\"og:title\" content=\"B\u00e6rbar miniparaply - Mekulo NO\" \/>\n<meta property=\"og:description\" content=\"\ud83c\udf27\ufe0fShade n\u00e5r du trenger det. Beskyttelse n\u00e5r det gjelder. \ud83c\udf1eEn paraply for sol, regn og hverdag. \u2602\ufe0fDesigned for folk som beveger seg. Denne b\u00e6rbare miniparaplyen f\u00e5r lett plass i vesken, samtidig som den gir p\u00e5litelig beskyttelse mot sterkt sollys og uventet regn.\" \/>\n<meta property=\"og:url\" content=\"https:\/\/mekulo.com\/no\/produkt\/baerbar-miniparaply\/\" \/>\n<meta property=\"og:site_name\" content=\"Mekulo NO\" \/>\n<meta property=\"article:modified_time\" content=\"2026-03-24T13:42:46+00:00\" \/>\n<meta property=\"og:image\" content=\"https:\/\/mekulo.com\/no\/wp-content\/uploads\/sites\/10\/2026\/03\/327sv7i-1.jpeg\" \/>\n\t<meta property=\"og:image:width\" content=\"1001\" \/>\n\t<meta property=\"og:image:height\" content=\"1001\" \/>\n\t<meta property=\"og:image:type\" content=\"image\/jpeg\" \/>\n<meta name=\"twitter:card\" content=\"summary_large_image\" \/>\n<meta name=\"twitter:label1\" content=\"Ansl. lesetid\" \/>\n\t<meta name=\"twitter:data1\" content=\"2 minutter\" \/>\n<script type=\"application\/ld+json\" class=\"yoast-schema-graph\">{\"@context\":\"https:\/\/schema.org\",\"@graph\":[{\"@type\":\"WebPage\",\"@id\":\"https:\/\/mekulo.com\/no\/produkt\/baerbar-miniparaply\/\",\"url\":\"https:\/\/mekulo.com\/no\/produkt\/baerbar-miniparaply\/\",\"name\":\"B\u00e6rbar miniparaply - Mekulo NO\",\"isPartOf\":{\"@id\":\"https:\/\/mekulo.com\/no\/#website\"},\"primaryImageOfPage\":{\"@id\":\"https:\/\/mekulo.com\/no\/produkt\/baerbar-miniparaply\/#primaryimage\"},\"image\":{\"@id\":\"https:\/\/mekulo.com\/no\/produkt\/baerbar-miniparaply\/#primaryimage\"},\"thumbnailUrl\":\"https:\/\/mekulo.com\/no\/wp-content\/uploads\/sites\/10\/2026\/03\/327sv7i-1.jpeg\",\"datePublished\":\"2026-03-24T10:23:48+00:00\",\"dateModified\":\"2026-03-24T13:42:46+00:00\",\"breadcrumb\":{\"@id\":\"https:\/\/mekulo.com\/no\/produkt\/baerbar-miniparaply\/#breadcrumb\"},\"inLanguage\":\"nb-NO\",\"potentialAction\":[{\"@type\":\"ReadAction\",\"target\":[\"https:\/\/mekulo.com\/no\/produkt\/baerbar-miniparaply\/\"]}]},{\"@type\":\"ImageObject\",\"inLanguage\":\"nb-NO\",\"@id\":\"https:\/\/mekulo.com\/no\/produkt\/baerbar-miniparaply\/#primaryimage\",\"url\":\"https:\/\/mekulo.com\/no\/wp-content\/uploads\/sites\/10\/2026\/03\/327sv7i-1.jpeg\",\"contentUrl\":\"https:\/\/mekulo.com\/no\/wp-content\/uploads\/sites\/10\/2026\/03\/327sv7i-1.jpeg\",\"width\":1001,\"height\":1001},{\"@type\":\"BreadcrumbList\",\"@id\":\"https:\/\/mekulo.com\/no\/produkt\/baerbar-miniparaply\/#breadcrumb\",\"itemListElement\":[{\"@type\":\"ListItem\",\"position\":1,\"name\":\"Home\",\"item\":\"https:\/\/mekulo.com\/no\/\"},{\"@type\":\"ListItem\",\"position\":2,\"name\":\"Butikk\",\"item\":\"https:\/\/mekulo.com\/no\/butikk\/\"},{\"@type\":\"ListItem\",\"position\":3,\"name\":\"B\u00e6rbar miniparaply\"}]},{\"@type\":\"WebSite\",\"@id\":\"https:\/\/mekulo.com\/no\/#website\",\"url\":\"https:\/\/mekulo.com\/no\/\",\"name\":\"Mekulo NO\",\"description\":\"\",\"publisher\":{\"@id\":\"https:\/\/mekulo.com\/no\/#organization\"},\"potentialAction\":[{\"@type\":\"SearchAction\",\"target\":{\"@type\":\"EntryPoint\",\"urlTemplate\":\"https:\/\/mekulo.com\/no\/?s={search_term_string}\"},\"query-input\":{\"@type\":\"PropertyValueSpecification\",\"valueRequired\":true,\"valueName\":\"search_term_string\"}}],\"inLanguage\":\"nb-NO\"},{\"@type\":\"Organization\",\"@id\":\"https:\/\/mekulo.com\/no\/#organization\",\"name\":\"Mekulo\",\"url\":\"https:\/\/mekulo.com\/no\/\",\"logo\":{\"@type\":\"ImageObject\",\"inLanguage\":\"nb-NO\",\"@id\":\"https:\/\/mekulo.com\/no\/#\/schema\/logo\/image\/\",\"url\":\"https:\/\/mekulo.com\/no\/wp-content\/uploads\/sites\/10\/2025\/12\/favicon_mekulo.png\",\"contentUrl\":\"https:\/\/mekulo.com\/no\/wp-content\/uploads\/sites\/10\/2025\/12\/favicon_mekulo.png\",\"width\":50,\"height\":50,\"caption\":\"Mekulo\"},\"image\":{\"@id\":\"https:\/\/mekulo.com\/no\/#\/schema\/logo\/image\/\"}}]}<\/script>\n<!-- \/ Yoast SEO plugin. -->","yoast_head_json":{"title":"B\u00e6rbar miniparaply - Mekulo NO","robots":{"index":"index","follow":"follow","max-snippet":"max-snippet:-1","max-image-preview":"max-image-preview:large","max-video-preview":"max-video-preview:-1"},"canonical":"https:\/\/mekulo.com\/no\/produkt\/baerbar-miniparaply\/","og_locale":"nb_NO","og_type":"article","og_title":"B\u00e6rbar miniparaply - Mekulo NO","og_description":"\ud83c\udf27\ufe0fShade n\u00e5r du trenger det. Beskyttelse n\u00e5r det gjelder. \ud83c\udf1eEn paraply for sol, regn og hverdag. \u2602\ufe0fDesigned for folk som beveger seg. Denne b\u00e6rbare miniparaplyen f\u00e5r lett plass i vesken, samtidig som den gir p\u00e5litelig beskyttelse mot sterkt sollys og uventet regn.","og_url":"https:\/\/mekulo.com\/no\/produkt\/baerbar-miniparaply\/","og_site_name":"Mekulo NO","article_modified_time":"2026-03-24T13:42:46+00:00","og_image":[{"width":1001,"height":1001,"url":"https:\/\/mekulo.com\/no\/wp-content\/uploads\/sites\/10\/2026\/03\/327sv7i-1.jpeg","type":"image\/jpeg"}],"twitter_card":"summary_large_image","twitter_misc":{"Ansl. lesetid":"2 minutter"},"schema":{"@context":"https:\/\/schema.org","@graph":[{"@type":"WebPage","@id":"https:\/\/mekulo.com\/no\/produkt\/baerbar-miniparaply\/","url":"https:\/\/mekulo.com\/no\/produkt\/baerbar-miniparaply\/","name":"B\u00e6rbar miniparaply - Mekulo NO","isPartOf":{"@id":"https:\/\/mekulo.com\/no\/#website"},"primaryImageOfPage":{"@id":"https:\/\/mekulo.com\/no\/produkt\/baerbar-miniparaply\/#primaryimage"},"image":{"@id":"https:\/\/mekulo.com\/no\/produkt\/baerbar-miniparaply\/#primaryimage"},"thumbnailUrl":"https:\/\/mekulo.com\/no\/wp-content\/uploads\/sites\/10\/2026\/03\/327sv7i-1.jpeg","datePublished":"2026-03-24T10:23:48+00:00","dateModified":"2026-03-24T13:42:46+00:00","breadcrumb":{"@id":"https:\/\/mekulo.com\/no\/produkt\/baerbar-miniparaply\/#breadcrumb"},"inLanguage":"nb-NO","potentialAction":[{"@type":"ReadAction","target":["https:\/\/mekulo.com\/no\/produkt\/baerbar-miniparaply\/"]}]},{"@type":"ImageObject","inLanguage":"nb-NO","@id":"https:\/\/mekulo.com\/no\/produkt\/baerbar-miniparaply\/#primaryimage","url":"https:\/\/mekulo.com\/no\/wp-content\/uploads\/sites\/10\/2026\/03\/327sv7i-1.jpeg","contentUrl":"https:\/\/mekulo.com\/no\/wp-content\/uploads\/sites\/10\/2026\/03\/327sv7i-1.jpeg","width":1001,"height":1001},{"@type":"BreadcrumbList","@id":"https:\/\/mekulo.com\/no\/produkt\/baerbar-miniparaply\/#breadcrumb","itemListElement":[{"@type":"ListItem","position":1,"name":"Home","item":"https:\/\/mekulo.com\/no\/"},{"@type":"ListItem","position":2,"name":"Butikk","item":"https:\/\/mekulo.com\/no\/butikk\/"},{"@type":"ListItem","position":3,"name":"B\u00e6rbar miniparaply"}]},{"@type":"WebSite","@id":"https:\/\/mekulo.com\/no\/#website","url":"https:\/\/mekulo.com\/no\/","name":"Mekulo NO","description":"","publisher":{"@id":"https:\/\/mekulo.com\/no\/#organization"},"potentialAction":[{"@type":"SearchAction","target":{"@type":"EntryPoint","urlTemplate":"https:\/\/mekulo.com\/no\/?s={search_term_string}"},"query-input":{"@type":"PropertyValueSpecification","valueRequired":true,"valueName":"search_term_string"}}],"inLanguage":"nb-NO"},{"@type":"Organization","@id":"https:\/\/mekulo.com\/no\/#organization","name":"Mekulo","url":"https:\/\/mekulo.com\/no\/","logo":{"@type":"ImageObject","inLanguage":"nb-NO","@id":"https:\/\/mekulo.com\/no\/#\/schema\/logo\/image\/","url":"https:\/\/mekulo.com\/no\/wp-content\/uploads\/sites\/10\/2025\/12\/favicon_mekulo.png","contentUrl":"https:\/\/mekulo.com\/no\/wp-content\/uploads\/sites\/10\/2025\/12\/favicon_mekulo.png","width":50,"height":50,"caption":"Mekulo"},"image":{"@id":"https:\/\/mekulo.com\/no\/#\/schema\/logo\/image\/"}}]}},"_links":{"self":[{"href":"https:\/\/mekulo.com\/no\/wp-json\/wp\/v2\/product\/25750","targetHints":{"allow":["GET"]}}],"collection":[{"href":"https:\/\/mekulo.com\/no\/wp-json\/wp\/v2\/product"}],"about":[{"href":"https:\/\/mekulo.com\/no\/wp-json\/wp\/v2\/types\/product"}],"replies":[{"embeddable":true,"href":"https:\/\/mekulo.com\/no\/wp-json\/wp\/v2\/comments?post=25750"}],"wp:featuredmedia":[{"embeddable":true,"href":"https:\/\/mekulo.com\/no\/wp-json\/wp\/v2\/media\/25746"}],"wp:attachment":[{"href":"https:\/\/mekulo.com\/no\/wp-json\/wp\/v2\/media?parent=25750"}],"wp:term":[{"taxonomy":"product_brand","embeddable":true,"href":"https:\/\/mekulo.com\/no\/wp-json\/wp\/v2\/product_brand?post=25750"},{"taxonomy":"product_cat","embeddable":true,"href":"https:\/\/mekulo.com\/no\/wp-json\/wp\/v2\/product_cat?post=25750"},{"taxonomy":"product_tag","embeddable":true,"href":"https:\/\/mekulo.com\/no\/wp-json\/wp\/v2\/product_tag?post=25750"}],"curies":[{"name":"wp","href":"https:\/\/api.w.org\/{rel}","templated":true}]}}