{"id":25622,"date":"2026-03-24T12:09:32","date_gmt":"2026-03-24T10:09:32","guid":{"rendered":"https:\/\/mekulo.com\/no\/produkt\/aurora-tulipanhalskjede\/"},"modified":"2026-04-06T16:17:42","modified_gmt":"2026-04-06T13:17:42","slug":"aurora-tulipanhalskjede","status":"publish","type":"product","link":"https:\/\/mekulo.com\/no\/produkt\/aurora-tulipanhalskjede\/","title":{"rendered":"Aurora tulipanhalskjede"},"content":{"rendered":"<h2 style=\"text-align: center;\" data-start=\"320\" data-end=\"336\">\u2728 L\u00f8ftet<\/h2>\n<p style=\"text-align: center;\" data-start=\"338\" data-end=\"409\">Lettvektskomfort.<br data-start=\"358\" data-end=\"361\" \/>Tidl\u00f8s symbolikk.<br data-start=\"380\" data-end=\"383\" \/>Uanstrengt raffinement.<\/p>\n<p data-start=\"338\" data-end=\"409\"><img fetchpriority=\"high\" decoding=\"async\" class=\"size-full wp-image-26347 aligncenter\" src=\"https:\/\/mekulo.com\/template\/wp-content\/uploads\/sites\/6\/2026\/02\/Sd50fa176fa3a486b8b8844716c002657D.jpg_960x960q75.jpg_.avif\" alt=\"\" width=\"960\" height=\"960\" \/><\/p>\n<h2 style=\"text-align: center;\" data-start=\"416\" data-end=\"434\">\u2705 Hovedfordeler<\/h2>\n<p data-start=\"438\" data-end=\"516\">\ud83c\udf37 Elegant tulipananhengdesign &#8211; Et symbol p\u00e5 kj\u00e6rlighet, fornyelse og skj\u00f8nnhet.<\/p>\n<p data-start=\"520\" data-end=\"593\">\u2728 Raffinert ros\u00e9gullbelegg &#8211; Tilf\u00f8rer varme og mykhet til ethvert utseende.<\/p>\n<p data-start=\"597\" data-end=\"667\">\ud83d\udd4a\ufe0f Lett og behagelig &#8211; Designet for enkel bruk hele dagen.<\/p>\n<p data-start=\"671\" data-end=\"740\">\ud83d\udccf Justerbar kjedelengde &#8211; Tilpasser seg naturlig til halsen din.<\/p>\n<p data-start=\"744\" data-end=\"816\">\ud83d\udc96 Grasi\u00f8s kragebeinspassform &#8211; Perfekt for lagdeling eller solo styling.<\/p>\n<p data-start=\"820\" data-end=\"899\">\ud83c\udf80 Allsidig hverdagstilbeh\u00f8r &#8211; Kompletterer uformelle og elegante antrekk.<\/p>\n<p data-start=\"903\" data-end=\"977\">\ud83c\udf81 Meningsfylt gave &#8211; Ideell til en spesiell person &#8211; eller deg selv.<\/p>\n<p data-start=\"903\" data-end=\"977\"><img decoding=\"async\" class=\"size-full wp-image-26345 aligncenter\" src=\"https:\/\/mekulo.com\/template\/wp-content\/uploads\/sites\/6\/2026\/02\/Sf1bfad74ee4b4d3eaaac4cf63bf47e24s.webp\" alt=\"\" width=\"800\" height=\"800\" \/><\/p>\n<h2 style=\"text-align: center;\" data-start=\"984\" data-end=\"1007\">\u2757 Problem \u2192 L\u00f8sning<\/h2>\n<p data-start=\"1009\" data-end=\"1102\"><strong data-start=\"1009\" data-end=\"1021\">Problem:<\/strong><br data-start=\"1021\" data-end=\"1024\" \/>Mange halskjeder f\u00f8les tunge, vanskelige \u00e5 style eller begrenset til bestemte antrekk.<\/p>\n<p data-start=\"1104\" data-end=\"1203\"><strong data-start=\"1104\" data-end=\"1117\">L\u00f8sning:<\/strong><br data-start=\"1117\" data-end=\"1120\" \/>Dette aurora tulipanhalskjedet har et lett, tilpasningsdyktig og universelt flatterende design.<\/p>\n<h2 style=\"text-align: center;\" data-start=\"1210\" data-end=\"1227\">\ud83c\udf3f Perfekt for<\/h2>\n<ul data-start=\"1229\" data-end=\"1345\">\n<li data-start=\"1229\" data-end=\"1250\">\n<p data-start=\"1231\" data-end=\"1250\">Eleganse i hverdagen<\/p>\n<\/li>\n<li data-start=\"1251\" data-end=\"1273\">\n<p data-start=\"1253\" data-end=\"1273\">Romantiske anledninger<\/p>\n<\/li>\n<li data-start=\"1274\" data-end=\"1296\">\n<p data-start=\"1276\" data-end=\"1296\">Gaver med omtanke<\/p>\n<\/li>\n<li data-start=\"1297\" data-end=\"1319\">\n<p data-start=\"1299\" data-end=\"1319\">Minimalistisk styling<\/p>\n<\/li>\n<li data-start=\"1320\" data-end=\"1345\">\n<p data-start=\"1322\" data-end=\"1345\">Smykker i flere lag<\/p>\n<\/li>\n<\/ul>\n<p data-start=\"1347\" data-end=\"1400\">Et smykke som g\u00e5r uanstrengt p\u00e5 tvers av \u00f8yeblikk.<\/p>\n<h2 style=\"text-align: center;\" data-start=\"1407\" data-end=\"1424\">\u2699\ufe0f Slik bruker du den<\/h2>\n<ol data-start=\"1426\" data-end=\"1516\">\n<li data-start=\"1426\" data-end=\"1461\">\n<p data-start=\"1429\" data-end=\"1461\">Juster kjedet til \u00f8nsket lengde.<\/p>\n<\/li>\n<li data-start=\"1462\" data-end=\"1489\">\n<p data-start=\"1465\" data-end=\"1489\">Plasser ved kragebeinet.<\/p>\n<\/li>\n<li data-start=\"1490\" data-end=\"1516\">\n<p data-start=\"1493\" data-end=\"1516\">Bruk alene eller i flere lag.<\/p>\n<\/li>\n<\/ol>\n<h2 style=\"text-align: center;\" data-start=\"1550\" data-end=\"1571\">\ud83d\udcd0 Produktdetaljer<\/h2>\n<ul data-start=\"1573\" data-end=\"1757\">\n<li data-start=\"1610\" data-end=\"1633\">\n<p data-start=\"1612\" data-end=\"1633\">Materiale: Legering<\/p>\n<\/li>\n<li data-start=\"1634\" data-end=\"1666\">\n<p data-start=\"1636\" data-end=\"1666\">Finish: Ros\u00e9gullbelagt<\/p>\n<\/li>\n<li data-start=\"1667\" data-end=\"1699\">\n<p data-start=\"1669\" data-end=\"1699\">Kjede st\u00f8rrelse: 44 + 5 cm<\/p>\n<\/li>\n<li data-start=\"1700\" data-end=\"1729\">\n<p data-start=\"1702\" data-end=\"1729\">Passform: Kragebeinstil<\/p>\n<\/li>\n<li data-start=\"1730\" data-end=\"1757\">\n<p data-start=\"1732\" data-end=\"1757\">Vekt: Lettvekt<\/p>\n<\/li>\n<li data-start=\"1730\" data-end=\"1757\">Anheng tulipan st\u00f8rrelse: 2,5 x 0,8 cm<\/li>\n<\/ul>\n<h2 style=\"text-align: center;\" data-start=\"1802\" data-end=\"1824\">\ud83d\udce6 Pakken inkluderer<\/h2>\n<ul data-start=\"1826\" data-end=\"1853\">\n<li data-start=\"1826\" data-end=\"1853\">\n<p data-start=\"1828\" data-end=\"1853\">1x aurora tulipan halskjede.<\/p>\n<\/li>\n<\/ul>\n","protected":false},"excerpt":{"rendered":"<p>\ud83c\udf80En delikat blomst som aldri falmer.<br \/>\n\ud83c\udf31Eleganse inspirert av naturen.<br \/>\n\ud83c\udf37Dette aurora tulipanhalskjedet fanger den grasi\u00f8se skj\u00f8nnheten til en tulipan i en raffinert rosagullfinish &#8211; et subtilt, men uttrykksfullt smykke designet for \u00e5 utfylle hverdagsstilen din.<\/p>\n","protected":false},"featured_media":25618,"comment_status":"open","ping_status":"closed","template":"","meta":{"site-sidebar-layout":"default","site-content-layout":"","ast-site-content-layout":"default","site-content-style":"default","site-sidebar-style":"default","ast-global-header-display":"","ast-banner-title-visibility":"","ast-main-header-display":"","ast-hfb-above-header-display":"","ast-hfb-below-header-display":"","ast-hfb-mobile-header-display":"","site-post-title":"","ast-breadcrumbs-content":"","ast-featured-img":"","footer-sml-layout":"","theme-transparent-header-meta":"default","adv-header-id-meta":"","stick-header-meta":"","header-above-stick-meta":"","header-main-stick-meta":"","header-below-stick-meta":"","astra-migrate-meta-layouts":"set","ast-page-background-enabled":"default","ast-page-background-meta":{"desktop":{"background-color":"var(--ast-global-color-5)","background-image":"","background-repeat":"repeat","background-position":"center center","background-size":"auto","background-attachment":"scroll","background-type":"","background-media":"","overlay-type":"","overlay-color":"","overlay-opacity":"","overlay-gradient":""},"tablet":{"background-color":"","background-image":"","background-repeat":"repeat","background-position":"center center","background-size":"auto","background-attachment":"scroll","background-type":"","background-media":"","overlay-type":"","overlay-color":"","overlay-opacity":"","overlay-gradient":""},"mobile":{"background-color":"","background-image":"","background-repeat":"repeat","background-position":"center center","background-size":"auto","background-attachment":"scroll","background-type":"","background-media":"","overlay-type":"","overlay-color":"","overlay-opacity":"","overlay-gradient":""}},"ast-content-background-meta":{"desktop":{"background-color":"var(--ast-global-color-4)","background-image":"","background-repeat":"repeat","background-position":"center center","background-size":"auto","background-attachment":"scroll","background-type":"","background-media":"","overlay-type":"","overlay-color":"","overlay-opacity":"","overlay-gradient":""},"tablet":{"background-color":"var(--ast-global-color-4)","background-image":"","background-repeat":"repeat","background-position":"center center","background-size":"auto","background-attachment":"scroll","background-type":"","background-media":"","overlay-type":"","overlay-color":"","overlay-opacity":"","overlay-gradient":""},"mobile":{"background-color":"var(--ast-global-color-4)","background-image":"","background-repeat":"repeat","background-position":"center center","background-size":"auto","background-attachment":"scroll","background-type":"","background-media":"","overlay-type":"","overlay-color":"","overlay-opacity":"","overlay-gradient":""}}},"product_brand":[],"product_cat":[165],"product_tag":[],"class_list":{"0":"post-25622","1":"product","2":"type-product","3":"status-publish","4":"has-post-thumbnail","6":"product_cat-fottoy-tilbehor","7":"pa_63439_sds0i1qb-bla","8":"pa_63439_sds0i1qb-hvit-bla","9":"pa_63439_sds0i1qb-hvit-lilla","10":"pa_63439_sds0i1qb-hvit-rosa","11":"pa_63439_sds0i1qb-lilla","12":"pa_63439_sds0i1qb-rod","13":"pa_63439_sds0i1qb-rosa","14":"desktop-align-left","15":"tablet-align-left","16":"mobile-align-left","18":"first","19":"instock","20":"shipping-taxable","21":"purchasable","22":"product-type-variable"},"yoast_head":"<!-- This site is optimized with the Yoast SEO plugin v26.6 - https:\/\/yoast.com\/wordpress\/plugins\/seo\/ -->\n<title>Aurora tulipanhalskjede - Mekulo NO<\/title>\n<meta name=\"robots\" content=\"index, follow, max-snippet:-1, max-image-preview:large, max-video-preview:-1\" \/>\n<link rel=\"canonical\" href=\"https:\/\/mekulo.com\/no\/produkt\/aurora-tulipanhalskjede\/\" \/>\n<meta property=\"og:locale\" content=\"nb_NO\" \/>\n<meta property=\"og:type\" content=\"article\" \/>\n<meta property=\"og:title\" content=\"Aurora tulipanhalskjede - Mekulo NO\" \/>\n<meta property=\"og:description\" content=\"\ud83c\udf80En delikat blomst som aldri falmer. \ud83c\udf31Eleganse inspirert av naturen. \ud83c\udf37Dette aurora tulipanhalskjedet fanger den grasi\u00f8se skj\u00f8nnheten til en tulipan i en raffinert rosagullfinish - et subtilt, men uttrykksfullt smykke designet for \u00e5 utfylle hverdagsstilen din.\" \/>\n<meta property=\"og:url\" content=\"https:\/\/mekulo.com\/no\/produkt\/aurora-tulipanhalskjede\/\" \/>\n<meta property=\"og:site_name\" content=\"Mekulo NO\" \/>\n<meta property=\"article:modified_time\" content=\"2026-04-06T13:17:42+00:00\" \/>\n<meta property=\"og:image\" content=\"https:\/\/mekulo.com\/no\/wp-content\/uploads\/sites\/10\/2026\/03\/whly8fh-1.webp\" \/>\n\t<meta property=\"og:image:width\" content=\"800\" \/>\n\t<meta property=\"og:image:height\" content=\"800\" \/>\n\t<meta property=\"og:image:type\" content=\"image\/webp\" \/>\n<meta name=\"twitter:card\" content=\"summary_large_image\" \/>\n<meta name=\"twitter:label1\" content=\"Ansl. lesetid\" \/>\n\t<meta name=\"twitter:data1\" content=\"2 minutter\" \/>\n<script type=\"application\/ld+json\" class=\"yoast-schema-graph\">{\"@context\":\"https:\/\/schema.org\",\"@graph\":[{\"@type\":\"WebPage\",\"@id\":\"https:\/\/mekulo.com\/no\/produkt\/aurora-tulipanhalskjede\/\",\"url\":\"https:\/\/mekulo.com\/no\/produkt\/aurora-tulipanhalskjede\/\",\"name\":\"Aurora tulipanhalskjede - Mekulo NO\",\"isPartOf\":{\"@id\":\"https:\/\/mekulo.com\/no\/#website\"},\"primaryImageOfPage\":{\"@id\":\"https:\/\/mekulo.com\/no\/produkt\/aurora-tulipanhalskjede\/#primaryimage\"},\"image\":{\"@id\":\"https:\/\/mekulo.com\/no\/produkt\/aurora-tulipanhalskjede\/#primaryimage\"},\"thumbnailUrl\":\"https:\/\/mekulo.com\/no\/wp-content\/uploads\/sites\/10\/2026\/03\/whly8fh-1.webp\",\"datePublished\":\"2026-03-24T10:09:32+00:00\",\"dateModified\":\"2026-04-06T13:17:42+00:00\",\"breadcrumb\":{\"@id\":\"https:\/\/mekulo.com\/no\/produkt\/aurora-tulipanhalskjede\/#breadcrumb\"},\"inLanguage\":\"nb-NO\",\"potentialAction\":[{\"@type\":\"ReadAction\",\"target\":[\"https:\/\/mekulo.com\/no\/produkt\/aurora-tulipanhalskjede\/\"]}]},{\"@type\":\"ImageObject\",\"inLanguage\":\"nb-NO\",\"@id\":\"https:\/\/mekulo.com\/no\/produkt\/aurora-tulipanhalskjede\/#primaryimage\",\"url\":\"https:\/\/mekulo.com\/no\/wp-content\/uploads\/sites\/10\/2026\/03\/whly8fh-1.webp\",\"contentUrl\":\"https:\/\/mekulo.com\/no\/wp-content\/uploads\/sites\/10\/2026\/03\/whly8fh-1.webp\",\"width\":800,\"height\":800},{\"@type\":\"BreadcrumbList\",\"@id\":\"https:\/\/mekulo.com\/no\/produkt\/aurora-tulipanhalskjede\/#breadcrumb\",\"itemListElement\":[{\"@type\":\"ListItem\",\"position\":1,\"name\":\"Home\",\"item\":\"https:\/\/mekulo.com\/no\/\"},{\"@type\":\"ListItem\",\"position\":2,\"name\":\"Butikk\",\"item\":\"https:\/\/mekulo.com\/no\/butikk\/\"},{\"@type\":\"ListItem\",\"position\":3,\"name\":\"Aurora tulipanhalskjede\"}]},{\"@type\":\"WebSite\",\"@id\":\"https:\/\/mekulo.com\/no\/#website\",\"url\":\"https:\/\/mekulo.com\/no\/\",\"name\":\"Mekulo NO\",\"description\":\"\",\"publisher\":{\"@id\":\"https:\/\/mekulo.com\/no\/#organization\"},\"potentialAction\":[{\"@type\":\"SearchAction\",\"target\":{\"@type\":\"EntryPoint\",\"urlTemplate\":\"https:\/\/mekulo.com\/no\/?s={search_term_string}\"},\"query-input\":{\"@type\":\"PropertyValueSpecification\",\"valueRequired\":true,\"valueName\":\"search_term_string\"}}],\"inLanguage\":\"nb-NO\"},{\"@type\":\"Organization\",\"@id\":\"https:\/\/mekulo.com\/no\/#organization\",\"name\":\"Mekulo\",\"url\":\"https:\/\/mekulo.com\/no\/\",\"logo\":{\"@type\":\"ImageObject\",\"inLanguage\":\"nb-NO\",\"@id\":\"https:\/\/mekulo.com\/no\/#\/schema\/logo\/image\/\",\"url\":\"https:\/\/mekulo.com\/no\/wp-content\/uploads\/sites\/10\/2025\/12\/favicon_mekulo.png\",\"contentUrl\":\"https:\/\/mekulo.com\/no\/wp-content\/uploads\/sites\/10\/2025\/12\/favicon_mekulo.png\",\"width\":50,\"height\":50,\"caption\":\"Mekulo\"},\"image\":{\"@id\":\"https:\/\/mekulo.com\/no\/#\/schema\/logo\/image\/\"}}]}<\/script>\n<!-- \/ Yoast SEO plugin. -->","yoast_head_json":{"title":"Aurora tulipanhalskjede - Mekulo NO","robots":{"index":"index","follow":"follow","max-snippet":"max-snippet:-1","max-image-preview":"max-image-preview:large","max-video-preview":"max-video-preview:-1"},"canonical":"https:\/\/mekulo.com\/no\/produkt\/aurora-tulipanhalskjede\/","og_locale":"nb_NO","og_type":"article","og_title":"Aurora tulipanhalskjede - Mekulo NO","og_description":"\ud83c\udf80En delikat blomst som aldri falmer. \ud83c\udf31Eleganse inspirert av naturen. \ud83c\udf37Dette aurora tulipanhalskjedet fanger den grasi\u00f8se skj\u00f8nnheten til en tulipan i en raffinert rosagullfinish - et subtilt, men uttrykksfullt smykke designet for \u00e5 utfylle hverdagsstilen din.","og_url":"https:\/\/mekulo.com\/no\/produkt\/aurora-tulipanhalskjede\/","og_site_name":"Mekulo NO","article_modified_time":"2026-04-06T13:17:42+00:00","og_image":[{"width":800,"height":800,"url":"https:\/\/mekulo.com\/no\/wp-content\/uploads\/sites\/10\/2026\/03\/whly8fh-1.webp","type":"image\/webp"}],"twitter_card":"summary_large_image","twitter_misc":{"Ansl. lesetid":"2 minutter"},"schema":{"@context":"https:\/\/schema.org","@graph":[{"@type":"WebPage","@id":"https:\/\/mekulo.com\/no\/produkt\/aurora-tulipanhalskjede\/","url":"https:\/\/mekulo.com\/no\/produkt\/aurora-tulipanhalskjede\/","name":"Aurora tulipanhalskjede - Mekulo NO","isPartOf":{"@id":"https:\/\/mekulo.com\/no\/#website"},"primaryImageOfPage":{"@id":"https:\/\/mekulo.com\/no\/produkt\/aurora-tulipanhalskjede\/#primaryimage"},"image":{"@id":"https:\/\/mekulo.com\/no\/produkt\/aurora-tulipanhalskjede\/#primaryimage"},"thumbnailUrl":"https:\/\/mekulo.com\/no\/wp-content\/uploads\/sites\/10\/2026\/03\/whly8fh-1.webp","datePublished":"2026-03-24T10:09:32+00:00","dateModified":"2026-04-06T13:17:42+00:00","breadcrumb":{"@id":"https:\/\/mekulo.com\/no\/produkt\/aurora-tulipanhalskjede\/#breadcrumb"},"inLanguage":"nb-NO","potentialAction":[{"@type":"ReadAction","target":["https:\/\/mekulo.com\/no\/produkt\/aurora-tulipanhalskjede\/"]}]},{"@type":"ImageObject","inLanguage":"nb-NO","@id":"https:\/\/mekulo.com\/no\/produkt\/aurora-tulipanhalskjede\/#primaryimage","url":"https:\/\/mekulo.com\/no\/wp-content\/uploads\/sites\/10\/2026\/03\/whly8fh-1.webp","contentUrl":"https:\/\/mekulo.com\/no\/wp-content\/uploads\/sites\/10\/2026\/03\/whly8fh-1.webp","width":800,"height":800},{"@type":"BreadcrumbList","@id":"https:\/\/mekulo.com\/no\/produkt\/aurora-tulipanhalskjede\/#breadcrumb","itemListElement":[{"@type":"ListItem","position":1,"name":"Home","item":"https:\/\/mekulo.com\/no\/"},{"@type":"ListItem","position":2,"name":"Butikk","item":"https:\/\/mekulo.com\/no\/butikk\/"},{"@type":"ListItem","position":3,"name":"Aurora tulipanhalskjede"}]},{"@type":"WebSite","@id":"https:\/\/mekulo.com\/no\/#website","url":"https:\/\/mekulo.com\/no\/","name":"Mekulo NO","description":"","publisher":{"@id":"https:\/\/mekulo.com\/no\/#organization"},"potentialAction":[{"@type":"SearchAction","target":{"@type":"EntryPoint","urlTemplate":"https:\/\/mekulo.com\/no\/?s={search_term_string}"},"query-input":{"@type":"PropertyValueSpecification","valueRequired":true,"valueName":"search_term_string"}}],"inLanguage":"nb-NO"},{"@type":"Organization","@id":"https:\/\/mekulo.com\/no\/#organization","name":"Mekulo","url":"https:\/\/mekulo.com\/no\/","logo":{"@type":"ImageObject","inLanguage":"nb-NO","@id":"https:\/\/mekulo.com\/no\/#\/schema\/logo\/image\/","url":"https:\/\/mekulo.com\/no\/wp-content\/uploads\/sites\/10\/2025\/12\/favicon_mekulo.png","contentUrl":"https:\/\/mekulo.com\/no\/wp-content\/uploads\/sites\/10\/2025\/12\/favicon_mekulo.png","width":50,"height":50,"caption":"Mekulo"},"image":{"@id":"https:\/\/mekulo.com\/no\/#\/schema\/logo\/image\/"}}]}},"_links":{"self":[{"href":"https:\/\/mekulo.com\/no\/wp-json\/wp\/v2\/product\/25622","targetHints":{"allow":["GET"]}}],"collection":[{"href":"https:\/\/mekulo.com\/no\/wp-json\/wp\/v2\/product"}],"about":[{"href":"https:\/\/mekulo.com\/no\/wp-json\/wp\/v2\/types\/product"}],"replies":[{"embeddable":true,"href":"https:\/\/mekulo.com\/no\/wp-json\/wp\/v2\/comments?post=25622"}],"wp:featuredmedia":[{"embeddable":true,"href":"https:\/\/mekulo.com\/no\/wp-json\/wp\/v2\/media\/25618"}],"wp:attachment":[{"href":"https:\/\/mekulo.com\/no\/wp-json\/wp\/v2\/media?parent=25622"}],"wp:term":[{"taxonomy":"product_brand","embeddable":true,"href":"https:\/\/mekulo.com\/no\/wp-json\/wp\/v2\/product_brand?post=25622"},{"taxonomy":"product_cat","embeddable":true,"href":"https:\/\/mekulo.com\/no\/wp-json\/wp\/v2\/product_cat?post=25622"},{"taxonomy":"product_tag","embeddable":true,"href":"https:\/\/mekulo.com\/no\/wp-json\/wp\/v2\/product_tag?post=25622"}],"curies":[{"name":"wp","href":"https:\/\/api.w.org\/{rel}","templated":true}]}}