{"id":25603,"date":"2026-03-24T12:07:22","date_gmt":"2026-03-24T10:07:22","guid":{"rendered":"https:\/\/mekulo.com\/no\/produkt\/luksuriose-oreringer-med-hjertedraper-i-krystall\/"},"modified":"2026-03-30T11:04:26","modified_gmt":"2026-03-30T08:04:26","slug":"luksuriose-oreringer-med-hjertedraper-i-krystall","status":"publish","type":"product","link":"https:\/\/mekulo.com\/no\/produkt\/luksuriose-oreringer-med-hjertedraper-i-krystall\/","title":{"rendered":"Luksuri\u00f8se \u00f8reringer med hjertedr\u00e5per i krystall"},"content":{"rendered":"<h2 style=\"text-align: center\" data-start=\"333\" data-end=\"349\">\u2728 L\u00f8ftet<\/h2>\n<p style=\"text-align: center\" data-start=\"351\" data-end=\"410\">Lysfangende glans.<br data-start=\"372\" data-end=\"375\" \/>Komfortabel slitasje.<br data-start=\"392\" data-end=\"395\" \/>Tidl\u00f8s sjarm.<\/p>\n<p data-start=\"351\" data-end=\"410\"><img fetchpriority=\"high\" decoding=\"async\" class=\"size-full wp-image-26336 aligncenter\" src=\"https:\/\/mekulo.com\/template\/wp-content\/uploads\/sites\/6\/2026\/02\/pink.jpg\" alt=\"\" width=\"800\" height=\"800\" \/><\/p>\n<h2 style=\"text-align: center\" data-start=\"417\" data-end=\"435\">\u2705 Hovedfordeler<\/h2>\n<p data-start=\"439\" data-end=\"525\">\ud83d\udc8e Str\u00e5lende krystallglans &#8211; Forbedrer utseendet ditt med en myk, elegant gnist.<\/p>\n<p data-start=\"529\" data-end=\"607\">\ud83d\udc96 Romantisk hjertesilhuett &#8211; Et symbol p\u00e5 kj\u00e6rlighet, varme og femininitet.<\/p>\n<p data-start=\"611\" data-end=\"685\">\u2728 Polert s\u00f8lvfarget finish &#8211; Kompletterer ethvert antrekk uten problemer.<\/p>\n<p data-start=\"689\" data-end=\"770\">\ud83c\udf38 Lett og behagelig &#8211; Designet for langvarig, irritasjonsfri bruk.<\/p>\n<p data-start=\"774\" data-end=\"844\">\ud83d\udee1\ufe0f Sikker steininnfatning &#8211; Laget for \u00e5 opprettholde skj\u00f8nnheten over tid.<\/p>\n<p data-start=\"848\" data-end=\"929\">\ud83c\udf80 Allsidig styling &#8211; Perfekt for b\u00e5de daglig eleganse og anledninger.<\/p>\n<p data-start=\"933\" data-end=\"998\">\ud83c\udf81 Presentasjon klar til \u00e5 gi bort &#8211; leveres i vakker innpakning.<\/p>\n<h2 style=\"text-align: center\" data-start=\"1005\" data-end=\"1028\">\u2757 Problem \u2192 L\u00f8sning<\/h2>\n<p data-start=\"1030\" data-end=\"1126\"><strong data-start=\"1030\" data-end=\"1042\">Problem:<\/strong><br data-start=\"1042\" data-end=\"1045\" \/>Mange statement-\u00f8reringer f\u00f8les tunge, irriterer f\u00f8lsomme \u00f8rer eller mister glansen.<\/p>\n<p data-start=\"1128\" data-end=\"1257\"><strong data-start=\"1128\" data-end=\"1141\">L\u00f8sning:<\/strong><br data-start=\"1141\" data-end=\"1144\" \/>Disse \u00f8redobbene kombinerer lett komfort, hudvennlige materialer og slitesterk finish for p\u00e5litelig eleganse.<\/p>\n<p data-start=\"1128\" data-end=\"1257\"><img decoding=\"async\" class=\"size-full wp-image-26337 aligncenter\" src=\"https:\/\/mekulo.com\/template\/wp-content\/uploads\/sites\/6\/2026\/02\/blue.jpg\" alt=\"\" width=\"800\" height=\"800\" \/><\/p>\n<h2 style=\"text-align: center\" data-start=\"1264\" data-end=\"1281\">\ud83c\udf3f Perfekt for<\/h2>\n<ul data-start=\"1283\" data-end=\"1402\">\n<li data-start=\"1283\" data-end=\"1302\">\n<p data-start=\"1285\" data-end=\"1302\">Kveldsutflukter<\/p>\n<\/li>\n<li data-start=\"1303\" data-end=\"1328\">\n<p data-start=\"1305\" data-end=\"1328\">Fester og arrangementer<\/p>\n<\/li>\n<li data-start=\"1329\" data-end=\"1351\">\n<p data-start=\"1331\" data-end=\"1351\">Romantiske anledninger<\/p>\n<\/li>\n<li data-start=\"1352\" data-end=\"1379\">\n<p data-start=\"1354\" data-end=\"1379\">Sofistikerte anledninger<\/p>\n<\/li>\n<li data-start=\"1380\" data-end=\"1402\">\n<p data-start=\"1382\" data-end=\"1402\">Hverdagssofistikerte gaver<\/p>\n<\/li>\n<\/ul>\n<p data-start=\"1404\" data-end=\"1450\">Et tidl\u00f8st tillegg til enhver smykkesamling.<\/p>\n<h2 style=\"text-align: center\" data-start=\"1457\" data-end=\"1474\">\u2699\ufe0f Hvordan bruke dem<\/h2>\n<ol data-start=\"1476\" data-end=\"1579\">\n<li data-start=\"1476\" data-end=\"1515\">\n<p data-start=\"1479\" data-end=\"1515\">Sett dem forsiktig inn gjennom hull i \u00f8rene.<\/p>\n<\/li>\n<li data-start=\"1516\" data-end=\"1540\">\n<p data-start=\"1519\" data-end=\"1540\">Fest med st\u00f8tte.<\/p>\n<\/li>\n<li data-start=\"1541\" data-end=\"1579\">\n<p data-start=\"1544\" data-end=\"1579\">Passer til uformelle eller formelle antrekk.<\/p>\n<\/li>\n<\/ol>\n<h2 style=\"text-align: center\" data-start=\"1610\" data-end=\"1631\">\ud83d\udcd0 Produktdetaljer<\/h2>\n<ul data-start=\"1633\" data-end=\"1826\">\n<li data-start=\"1633\" data-end=\"1674\">\n<p data-start=\"1635\" data-end=\"1674\">Materiale: S925 + zirkon \/ krystall<\/p>\n<\/li>\n<li data-start=\"1675\" data-end=\"1711\">\n<p data-start=\"1677\" data-end=\"1711\">Finish: Polert s\u00f8lvfarget<\/p>\n<\/li>\n<li data-start=\"1712\" data-end=\"1752\">\n<p data-start=\"1714\" data-end=\"1752\">Design: Hjerte krystalldr\u00e5pestil<\/p>\n<\/li>\n<li data-start=\"1753\" data-end=\"1792\">\n<p data-start=\"1755\" data-end=\"1792\">F\u00f8lelse: Lett &amp; behagelig<\/p>\n<\/li>\n<li data-start=\"1793\" data-end=\"1826\">\n<p data-start=\"1795\" data-end=\"1826\">Stil: Elegant \/ Romantisk<\/p>\n<\/li>\n<li data-start=\"1793\" data-end=\"1826\">St\u00f8rrelse: 4 x 1,2 cm<\/li>\n<\/ul>\n<h2 style=\"text-align: center\" data-start=\"1877\" data-end=\"1899\">\ud83d\udce6 Pakken inneholder<\/h2>\n<ul data-start=\"1901\" data-end=\"1964\">\n<li data-start=\"1901\" data-end=\"1949\">\n<p data-start=\"1903\" data-end=\"1949\">1x par luksuri\u00f8se \u00f8reringer med hjertekrystalldr\u00e5per.<\/p>\n<\/li>\n<\/ul>\n","protected":false},"excerpt":{"rendered":"<p>\ud83d\udc57En grasi\u00f8s gnistring som taler fra hjertet.<br \/>\n\ud83d\udcff Raffinert eleganse med et romantisk preg.<br \/>\n\ud83d\udc96Disse dr\u00e5pe\u00f8reringene i hjertekrystall blander delikat bevegelse med briljante zirkoner &#8211; designet for \u00e5 l\u00f8fte b\u00e5de hverdagslige looks og spesielle \u00f8yeblikk.<\/p>\n","protected":false},"featured_media":25599,"comment_status":"open","ping_status":"closed","template":"","meta":{"site-sidebar-layout":"default","site-content-layout":"","ast-site-content-layout":"default","site-content-style":"default","site-sidebar-style":"default","ast-global-header-display":"","ast-banner-title-visibility":"","ast-main-header-display":"","ast-hfb-above-header-display":"","ast-hfb-below-header-display":"","ast-hfb-mobile-header-display":"","site-post-title":"","ast-breadcrumbs-content":"","ast-featured-img":"","footer-sml-layout":"","theme-transparent-header-meta":"default","adv-header-id-meta":"","stick-header-meta":"","header-above-stick-meta":"","header-main-stick-meta":"","header-below-stick-meta":"","astra-migrate-meta-layouts":"set","ast-page-background-enabled":"default","ast-page-background-meta":{"desktop":{"background-color":"var(--ast-global-color-5)","background-image":"","background-repeat":"repeat","background-position":"center center","background-size":"auto","background-attachment":"scroll","background-type":"","background-media":"","overlay-type":"","overlay-color":"","overlay-opacity":"","overlay-gradient":""},"tablet":{"background-color":"","background-image":"","background-repeat":"repeat","background-position":"center center","background-size":"auto","background-attachment":"scroll","background-type":"","background-media":"","overlay-type":"","overlay-color":"","overlay-opacity":"","overlay-gradient":""},"mobile":{"background-color":"","background-image":"","background-repeat":"repeat","background-position":"center center","background-size":"auto","background-attachment":"scroll","background-type":"","background-media":"","overlay-type":"","overlay-color":"","overlay-opacity":"","overlay-gradient":""}},"ast-content-background-meta":{"desktop":{"background-color":"var(--ast-global-color-4)","background-image":"","background-repeat":"repeat","background-position":"center center","background-size":"auto","background-attachment":"scroll","background-type":"","background-media":"","overlay-type":"","overlay-color":"","overlay-opacity":"","overlay-gradient":""},"tablet":{"background-color":"var(--ast-global-color-4)","background-image":"","background-repeat":"repeat","background-position":"center center","background-size":"auto","background-attachment":"scroll","background-type":"","background-media":"","overlay-type":"","overlay-color":"","overlay-opacity":"","overlay-gradient":""},"mobile":{"background-color":"var(--ast-global-color-4)","background-image":"","background-repeat":"repeat","background-position":"center center","background-size":"auto","background-attachment":"scroll","background-type":"","background-media":"","overlay-type":"","overlay-color":"","overlay-opacity":"","overlay-gradient":""}}},"product_brand":[],"product_cat":[165],"product_tag":[],"class_list":{"0":"post-25603","1":"product","2":"type-product","3":"status-publish","4":"has-post-thumbnail","6":"product_cat-fottoy-tilbehor","7":"pa_63369_5moncvd4-bla","8":"pa_63369_5moncvd4-hvit","9":"pa_63369_5moncvd4-lilla","10":"pa_63369_5moncvd4-rosa","11":"desktop-align-left","12":"tablet-align-left","13":"mobile-align-left","15":"first","16":"instock","17":"shipping-taxable","18":"purchasable","19":"product-type-variable"},"yoast_head":"<!-- This site is optimized with the Yoast SEO plugin v26.6 - https:\/\/yoast.com\/wordpress\/plugins\/seo\/ -->\n<title>Luksuri\u00f8se \u00f8reringer med hjertedr\u00e5per i krystall - Mekulo NO<\/title>\n<meta name=\"robots\" content=\"index, follow, max-snippet:-1, max-image-preview:large, max-video-preview:-1\" \/>\n<link rel=\"canonical\" href=\"https:\/\/mekulo.com\/no\/produkt\/luksuriose-oreringer-med-hjertedraper-i-krystall\/\" \/>\n<meta property=\"og:locale\" content=\"nb_NO\" \/>\n<meta property=\"og:type\" content=\"article\" \/>\n<meta property=\"og:title\" content=\"Luksuri\u00f8se \u00f8reringer med hjertedr\u00e5per i krystall - Mekulo NO\" \/>\n<meta property=\"og:description\" content=\"\ud83d\udc57En grasi\u00f8s gnistring som taler fra hjertet. \ud83d\udcff Raffinert eleganse med et romantisk preg. \ud83d\udc96Disse dr\u00e5pe\u00f8reringene i hjertekrystall blander delikat bevegelse med briljante zirkoner - designet for \u00e5 l\u00f8fte b\u00e5de hverdagslige looks og spesielle \u00f8yeblikk.\" \/>\n<meta property=\"og:url\" content=\"https:\/\/mekulo.com\/no\/produkt\/luksuriose-oreringer-med-hjertedraper-i-krystall\/\" \/>\n<meta property=\"og:site_name\" content=\"Mekulo NO\" \/>\n<meta property=\"article:modified_time\" content=\"2026-03-30T08:04:26+00:00\" \/>\n<meta property=\"og:image\" content=\"https:\/\/mekulo.com\/no\/wp-content\/uploads\/sites\/10\/2026\/03\/9h57kkm-1.webp\" \/>\n\t<meta property=\"og:image:width\" content=\"785\" \/>\n\t<meta property=\"og:image:height\" content=\"785\" \/>\n\t<meta property=\"og:image:type\" content=\"image\/webp\" \/>\n<meta name=\"twitter:card\" content=\"summary_large_image\" \/>\n<meta name=\"twitter:label1\" content=\"Ansl. lesetid\" \/>\n\t<meta name=\"twitter:data1\" content=\"2 minutter\" \/>\n<script type=\"application\/ld+json\" class=\"yoast-schema-graph\">{\"@context\":\"https:\/\/schema.org\",\"@graph\":[{\"@type\":\"WebPage\",\"@id\":\"https:\/\/mekulo.com\/no\/produkt\/luksuriose-oreringer-med-hjertedraper-i-krystall\/\",\"url\":\"https:\/\/mekulo.com\/no\/produkt\/luksuriose-oreringer-med-hjertedraper-i-krystall\/\",\"name\":\"Luksuri\u00f8se \u00f8reringer med hjertedr\u00e5per i krystall - Mekulo NO\",\"isPartOf\":{\"@id\":\"https:\/\/mekulo.com\/no\/#website\"},\"primaryImageOfPage\":{\"@id\":\"https:\/\/mekulo.com\/no\/produkt\/luksuriose-oreringer-med-hjertedraper-i-krystall\/#primaryimage\"},\"image\":{\"@id\":\"https:\/\/mekulo.com\/no\/produkt\/luksuriose-oreringer-med-hjertedraper-i-krystall\/#primaryimage\"},\"thumbnailUrl\":\"https:\/\/mekulo.com\/no\/wp-content\/uploads\/sites\/10\/2026\/03\/9h57kkm-1.webp\",\"datePublished\":\"2026-03-24T10:07:22+00:00\",\"dateModified\":\"2026-03-30T08:04:26+00:00\",\"breadcrumb\":{\"@id\":\"https:\/\/mekulo.com\/no\/produkt\/luksuriose-oreringer-med-hjertedraper-i-krystall\/#breadcrumb\"},\"inLanguage\":\"nb-NO\",\"potentialAction\":[{\"@type\":\"ReadAction\",\"target\":[\"https:\/\/mekulo.com\/no\/produkt\/luksuriose-oreringer-med-hjertedraper-i-krystall\/\"]}]},{\"@type\":\"ImageObject\",\"inLanguage\":\"nb-NO\",\"@id\":\"https:\/\/mekulo.com\/no\/produkt\/luksuriose-oreringer-med-hjertedraper-i-krystall\/#primaryimage\",\"url\":\"https:\/\/mekulo.com\/no\/wp-content\/uploads\/sites\/10\/2026\/03\/9h57kkm-1.webp\",\"contentUrl\":\"https:\/\/mekulo.com\/no\/wp-content\/uploads\/sites\/10\/2026\/03\/9h57kkm-1.webp\",\"width\":785,\"height\":785},{\"@type\":\"BreadcrumbList\",\"@id\":\"https:\/\/mekulo.com\/no\/produkt\/luksuriose-oreringer-med-hjertedraper-i-krystall\/#breadcrumb\",\"itemListElement\":[{\"@type\":\"ListItem\",\"position\":1,\"name\":\"Home\",\"item\":\"https:\/\/mekulo.com\/no\/\"},{\"@type\":\"ListItem\",\"position\":2,\"name\":\"Butikk\",\"item\":\"https:\/\/mekulo.com\/no\/butikk\/\"},{\"@type\":\"ListItem\",\"position\":3,\"name\":\"Luksuri\u00f8se \u00f8reringer med hjertedr\u00e5per i krystall\"}]},{\"@type\":\"WebSite\",\"@id\":\"https:\/\/mekulo.com\/no\/#website\",\"url\":\"https:\/\/mekulo.com\/no\/\",\"name\":\"Mekulo NO\",\"description\":\"\",\"publisher\":{\"@id\":\"https:\/\/mekulo.com\/no\/#organization\"},\"potentialAction\":[{\"@type\":\"SearchAction\",\"target\":{\"@type\":\"EntryPoint\",\"urlTemplate\":\"https:\/\/mekulo.com\/no\/?s={search_term_string}\"},\"query-input\":{\"@type\":\"PropertyValueSpecification\",\"valueRequired\":true,\"valueName\":\"search_term_string\"}}],\"inLanguage\":\"nb-NO\"},{\"@type\":\"Organization\",\"@id\":\"https:\/\/mekulo.com\/no\/#organization\",\"name\":\"Mekulo\",\"url\":\"https:\/\/mekulo.com\/no\/\",\"logo\":{\"@type\":\"ImageObject\",\"inLanguage\":\"nb-NO\",\"@id\":\"https:\/\/mekulo.com\/no\/#\/schema\/logo\/image\/\",\"url\":\"https:\/\/mekulo.com\/no\/wp-content\/uploads\/sites\/10\/2025\/12\/favicon_mekulo.png\",\"contentUrl\":\"https:\/\/mekulo.com\/no\/wp-content\/uploads\/sites\/10\/2025\/12\/favicon_mekulo.png\",\"width\":50,\"height\":50,\"caption\":\"Mekulo\"},\"image\":{\"@id\":\"https:\/\/mekulo.com\/no\/#\/schema\/logo\/image\/\"}}]}<\/script>\n<!-- \/ Yoast SEO plugin. -->","yoast_head_json":{"title":"Luksuri\u00f8se \u00f8reringer med hjertedr\u00e5per i krystall - Mekulo NO","robots":{"index":"index","follow":"follow","max-snippet":"max-snippet:-1","max-image-preview":"max-image-preview:large","max-video-preview":"max-video-preview:-1"},"canonical":"https:\/\/mekulo.com\/no\/produkt\/luksuriose-oreringer-med-hjertedraper-i-krystall\/","og_locale":"nb_NO","og_type":"article","og_title":"Luksuri\u00f8se \u00f8reringer med hjertedr\u00e5per i krystall - Mekulo NO","og_description":"\ud83d\udc57En grasi\u00f8s gnistring som taler fra hjertet. \ud83d\udcff Raffinert eleganse med et romantisk preg. \ud83d\udc96Disse dr\u00e5pe\u00f8reringene i hjertekrystall blander delikat bevegelse med briljante zirkoner - designet for \u00e5 l\u00f8fte b\u00e5de hverdagslige looks og spesielle \u00f8yeblikk.","og_url":"https:\/\/mekulo.com\/no\/produkt\/luksuriose-oreringer-med-hjertedraper-i-krystall\/","og_site_name":"Mekulo NO","article_modified_time":"2026-03-30T08:04:26+00:00","og_image":[{"width":785,"height":785,"url":"https:\/\/mekulo.com\/no\/wp-content\/uploads\/sites\/10\/2026\/03\/9h57kkm-1.webp","type":"image\/webp"}],"twitter_card":"summary_large_image","twitter_misc":{"Ansl. lesetid":"2 minutter"},"schema":{"@context":"https:\/\/schema.org","@graph":[{"@type":"WebPage","@id":"https:\/\/mekulo.com\/no\/produkt\/luksuriose-oreringer-med-hjertedraper-i-krystall\/","url":"https:\/\/mekulo.com\/no\/produkt\/luksuriose-oreringer-med-hjertedraper-i-krystall\/","name":"Luksuri\u00f8se \u00f8reringer med hjertedr\u00e5per i krystall - Mekulo NO","isPartOf":{"@id":"https:\/\/mekulo.com\/no\/#website"},"primaryImageOfPage":{"@id":"https:\/\/mekulo.com\/no\/produkt\/luksuriose-oreringer-med-hjertedraper-i-krystall\/#primaryimage"},"image":{"@id":"https:\/\/mekulo.com\/no\/produkt\/luksuriose-oreringer-med-hjertedraper-i-krystall\/#primaryimage"},"thumbnailUrl":"https:\/\/mekulo.com\/no\/wp-content\/uploads\/sites\/10\/2026\/03\/9h57kkm-1.webp","datePublished":"2026-03-24T10:07:22+00:00","dateModified":"2026-03-30T08:04:26+00:00","breadcrumb":{"@id":"https:\/\/mekulo.com\/no\/produkt\/luksuriose-oreringer-med-hjertedraper-i-krystall\/#breadcrumb"},"inLanguage":"nb-NO","potentialAction":[{"@type":"ReadAction","target":["https:\/\/mekulo.com\/no\/produkt\/luksuriose-oreringer-med-hjertedraper-i-krystall\/"]}]},{"@type":"ImageObject","inLanguage":"nb-NO","@id":"https:\/\/mekulo.com\/no\/produkt\/luksuriose-oreringer-med-hjertedraper-i-krystall\/#primaryimage","url":"https:\/\/mekulo.com\/no\/wp-content\/uploads\/sites\/10\/2026\/03\/9h57kkm-1.webp","contentUrl":"https:\/\/mekulo.com\/no\/wp-content\/uploads\/sites\/10\/2026\/03\/9h57kkm-1.webp","width":785,"height":785},{"@type":"BreadcrumbList","@id":"https:\/\/mekulo.com\/no\/produkt\/luksuriose-oreringer-med-hjertedraper-i-krystall\/#breadcrumb","itemListElement":[{"@type":"ListItem","position":1,"name":"Home","item":"https:\/\/mekulo.com\/no\/"},{"@type":"ListItem","position":2,"name":"Butikk","item":"https:\/\/mekulo.com\/no\/butikk\/"},{"@type":"ListItem","position":3,"name":"Luksuri\u00f8se \u00f8reringer med hjertedr\u00e5per i krystall"}]},{"@type":"WebSite","@id":"https:\/\/mekulo.com\/no\/#website","url":"https:\/\/mekulo.com\/no\/","name":"Mekulo NO","description":"","publisher":{"@id":"https:\/\/mekulo.com\/no\/#organization"},"potentialAction":[{"@type":"SearchAction","target":{"@type":"EntryPoint","urlTemplate":"https:\/\/mekulo.com\/no\/?s={search_term_string}"},"query-input":{"@type":"PropertyValueSpecification","valueRequired":true,"valueName":"search_term_string"}}],"inLanguage":"nb-NO"},{"@type":"Organization","@id":"https:\/\/mekulo.com\/no\/#organization","name":"Mekulo","url":"https:\/\/mekulo.com\/no\/","logo":{"@type":"ImageObject","inLanguage":"nb-NO","@id":"https:\/\/mekulo.com\/no\/#\/schema\/logo\/image\/","url":"https:\/\/mekulo.com\/no\/wp-content\/uploads\/sites\/10\/2025\/12\/favicon_mekulo.png","contentUrl":"https:\/\/mekulo.com\/no\/wp-content\/uploads\/sites\/10\/2025\/12\/favicon_mekulo.png","width":50,"height":50,"caption":"Mekulo"},"image":{"@id":"https:\/\/mekulo.com\/no\/#\/schema\/logo\/image\/"}}]}},"_links":{"self":[{"href":"https:\/\/mekulo.com\/no\/wp-json\/wp\/v2\/product\/25603","targetHints":{"allow":["GET"]}}],"collection":[{"href":"https:\/\/mekulo.com\/no\/wp-json\/wp\/v2\/product"}],"about":[{"href":"https:\/\/mekulo.com\/no\/wp-json\/wp\/v2\/types\/product"}],"replies":[{"embeddable":true,"href":"https:\/\/mekulo.com\/no\/wp-json\/wp\/v2\/comments?post=25603"}],"wp:featuredmedia":[{"embeddable":true,"href":"https:\/\/mekulo.com\/no\/wp-json\/wp\/v2\/media\/25599"}],"wp:attachment":[{"href":"https:\/\/mekulo.com\/no\/wp-json\/wp\/v2\/media?parent=25603"}],"wp:term":[{"taxonomy":"product_brand","embeddable":true,"href":"https:\/\/mekulo.com\/no\/wp-json\/wp\/v2\/product_brand?post=25603"},{"taxonomy":"product_cat","embeddable":true,"href":"https:\/\/mekulo.com\/no\/wp-json\/wp\/v2\/product_cat?post=25603"},{"taxonomy":"product_tag","embeddable":true,"href":"https:\/\/mekulo.com\/no\/wp-json\/wp\/v2\/product_tag?post=25603"}],"curies":[{"name":"wp","href":"https:\/\/api.w.org\/{rel}","templated":true}]}}