{"id":25400,"date":"2026-03-17T18:35:50","date_gmt":"2026-03-17T16:35:50","guid":{"rendered":"https:\/\/mekulo.com\/no\/produkt\/sammenleggbar-multifunksjonell-veske\/"},"modified":"2026-03-17T18:36:06","modified_gmt":"2026-03-17T16:36:06","slug":"sammenleggbar-multifunksjonell-veske","status":"publish","type":"product","link":"https:\/\/mekulo.com\/no\/produkt\/sammenleggbar-multifunksjonell-veske\/","title":{"rendered":"Sammenleggbar multifunksjonell veske"},"content":{"rendered":"<p style=\"text-align: center\">Den sammenleggbare reisevesken har en romslig design og praktisk oppbevaring for alle reisebehovene dine med sin kompakte, sammenleggbare funksjon. Denne vesken er perfekt for det viktigste du trenger p\u00e5 reisen, samtidig som den gj\u00f8r det enkelt \u00e5 holde orden p\u00e5 alt. Den romslige kapasiteten og sammenleggbare egenskapen gj\u00f8r reisen mye enklere.<\/p>\n<p><img fetchpriority=\"high\" decoding=\"async\" class=\"alignnone size-full wp-image-21619 aligncenter\" src=\"https:\/\/keluvo.com\/template\/wp-content\/uploads\/sites\/5\/2025\/05\/BAGPLUS22908__845026e1.webp\" alt=\"\" width=\"600\" height=\"600\" \/><\/p>\n<h2 style=\"text-align: center\">Stilig Og Multifunksjonell<\/h2>\n<p style=\"text-align: center\">Med en utvidbar funksjon i bunnen kan du justere st\u00f8rrelsen p\u00e5 vesken etter behov &#8211; bare brett den sammen eller brett den ut etter behov.<\/p>\n<p><img decoding=\"async\" class=\"alignnone size-full wp-image-21620 aligncenter\" src=\"https:\/\/keluvo.com\/template\/wp-content\/uploads\/sites\/5\/2025\/05\/BAGPLUS23897__1cdc308e-1-ezgif.com-gif-to-webp-converter.webp\" alt=\"\" width=\"600\" height=\"600\" \/><\/p>\n<h2 style=\"text-align: center\">4 Rom: 2 Med Glidel\u00e5s Og 2 Innvendige\/Utvendige<\/h2>\n<p style=\"text-align: center\">Flerlommedesignet gir rikelig med oppbevaringsplass, slik at du kan holde eiendelene dine organisert og tilgjengelige.<\/p>\n<p><img decoding=\"async\" class=\"alignnone size-full wp-image-21624 aligncenter\" src=\"https:\/\/keluvo.com\/template\/wp-content\/uploads\/sites\/5\/2025\/05\/BAGPLUS24897__9ca1b846-1.webp\" alt=\"\" width=\"600\" height=\"600\" \/><\/p>\n<h2 style=\"text-align: center\">Kompakt, Men Likevel Romslig<\/h2>\n<p style=\"text-align: center\">Denne allsidige vesken kan utvides til en st\u00f8rre h\u00e5ndbagasje eller komprimeres til en mindre st\u00f8rrelse, slik at den passer perfekt til dine behov.<\/p>\n<p><img loading=\"lazy\" decoding=\"async\" class=\"size-full wp-image-21621 aligncenter\" src=\"https:\/\/keluvo.com\/template\/wp-content\/uploads\/sites\/5\/2025\/05\/BAGPLUS29897__f7c58907.webp\" alt=\"\" width=\"600\" height=\"600\" \/><\/p>\n<h2 style=\"text-align: center\">Passer Til Alle Anledninger<\/h2>\n<p style=\"text-align: center\">Den sammenleggbare reisevesken er allsidig og sv\u00e6rt nyttig, enten det er til sport, reise, shopping eller hverdagsbruk.<\/p>\n<p><img loading=\"lazy\" decoding=\"async\" class=\"alignnone size-full wp-image-21623 aligncenter\" src=\"https:\/\/keluvo.com\/template\/wp-content\/uploads\/sites\/5\/2025\/05\/BAGPLUS26897__826178a9-1.webp\" alt=\"\" width=\"600\" height=\"600\" \/><\/p>\n<h2 style=\"text-align: center\">Skillevegg For V\u00e5tt Og T\u00f8rt<\/h2>\n<p style=\"text-align: center\">Den har en skillevegg for \u00e5 skille v\u00e5te kl\u00e6r eller h\u00e5ndkl\u00e6r fra de t\u00f8rre gjenstandene<\/p>\n<h2 style=\"text-align: center\">Kvalitetsmaterialer<\/h2>\n<p style=\"text-align: center\">Den er laget av slitesterkt og lett vanntett Oxford-stoff.<\/p>\n<p><img loading=\"lazy\" decoding=\"async\" class=\"size-full wp-image-21622 aligncenter\" src=\"https:\/\/keluvo.com\/template\/wp-content\/uploads\/sites\/5\/2025\/05\/BAGPLUS28897__5f0bb044.webp\" alt=\"\" width=\"600\" height=\"600\" \/><\/p>\n<p style=\"text-align: center\">Den sammenleggbare designen sparer plass eller kan utvides etter behov. Oppsettet med flere lommer holder orden p\u00e5 tingene dine. Passer til hverdagsbruk eller p\u00e5 reise. Den faste stroppen p\u00e5 baksiden fester den til kofferten.<\/p>\n<h2 style=\"text-align: center\">Detaljer<\/h2>\n<p>Produktvekt: 437 g, lastekapasitet: 8 kg<\/p>\n<p>Materiale: Oxford-stoff<\/p>\n<p>M\u00e5l i sammenbrettet tilstand: 28 x 18 x 4 cm<\/p>\n<p>M\u00e5l n\u00e5r den er brettet ut: 42 x 28 x 10 cm<\/p>\n<p>Totale m\u00e5l: 42 x 28 x 22 cm<\/p>\n","protected":false},"excerpt":{"rendered":"<p>\ud83d\udc5d Kan utvides for mer plass, lett \u00e5 brette sammen for oppbevaring<\/p>\n<p>\ud83d\udc5c Perfekt for reiser, trening, shopping eller daglig bruk<\/p>\n<p>\ud83c\udf27\ufe0f Laget av vanntett og rivefast stoff<\/p>\n<p>\ud83d\udcc2 Flere lommer for enkel organisering<\/p>\n<p>\u2708\ufe0f Lett og kan festes til kofferten h\u00e5ndtak<\/p>\n<p>\ud83c\udfcb\ufe0f\u200d\u2640\ufe0f Rommer opptil 8 kg for alt det viktigste du trenger<\/p>\n","protected":false},"featured_media":25396,"comment_status":"open","ping_status":"closed","template":"","meta":{"site-sidebar-layout":"default","site-content-layout":"","ast-site-content-layout":"default","site-content-style":"default","site-sidebar-style":"default","ast-global-header-display":"","ast-banner-title-visibility":"","ast-main-header-display":"","ast-hfb-above-header-display":"","ast-hfb-below-header-display":"","ast-hfb-mobile-header-display":"","site-post-title":"","ast-breadcrumbs-content":"","ast-featured-img":"","footer-sml-layout":"","theme-transparent-header-meta":"default","adv-header-id-meta":"","stick-header-meta":"","header-above-stick-meta":"","header-main-stick-meta":"","header-below-stick-meta":"","astra-migrate-meta-layouts":"set","ast-page-background-enabled":"default","ast-page-background-meta":{"desktop":{"background-color":"var(--ast-global-color-5)","background-image":"","background-repeat":"repeat","background-position":"center center","background-size":"auto","background-attachment":"scroll","background-type":"","background-media":"","overlay-type":"","overlay-color":"","overlay-opacity":"","overlay-gradient":""},"tablet":{"background-color":"","background-image":"","background-repeat":"repeat","background-position":"center center","background-size":"auto","background-attachment":"scroll","background-type":"","background-media":"","overlay-type":"","overlay-color":"","overlay-opacity":"","overlay-gradient":""},"mobile":{"background-color":"","background-image":"","background-repeat":"repeat","background-position":"center center","background-size":"auto","background-attachment":"scroll","background-type":"","background-media":"","overlay-type":"","overlay-color":"","overlay-opacity":"","overlay-gradient":""}},"ast-content-background-meta":{"desktop":{"background-color":"var(--ast-global-color-4)","background-image":"","background-repeat":"repeat","background-position":"center center","background-size":"auto","background-attachment":"scroll","background-type":"","background-media":"","overlay-type":"","overlay-color":"","overlay-opacity":"","overlay-gradient":""},"tablet":{"background-color":"var(--ast-global-color-4)","background-image":"","background-repeat":"repeat","background-position":"center center","background-size":"auto","background-attachment":"scroll","background-type":"","background-media":"","overlay-type":"","overlay-color":"","overlay-opacity":"","overlay-gradient":""},"mobile":{"background-color":"var(--ast-global-color-4)","background-image":"","background-repeat":"repeat","background-position":"center center","background-size":"auto","background-attachment":"scroll","background-type":"","background-media":"","overlay-type":"","overlay-color":"","overlay-opacity":"","overlay-gradient":""}}},"product_brand":[],"product_cat":[165],"product_tag":[],"class_list":{"0":"post-25400","1":"product","2":"type-product","3":"status-publish","4":"has-post-thumbnail","6":"product_cat-fottoy-tilbehor","7":"pa_48142_u4drq38v-gronn","8":"pa_48142_u4drq38v-lilla","9":"pa_48142_u4drq38v-rosa","10":"pa_48142_u4drq38v-svart","11":"desktop-align-left","12":"tablet-align-left","13":"mobile-align-left","15":"first","16":"instock","17":"shipping-taxable","18":"purchasable","19":"product-type-variable"},"yoast_head":"<!-- This site is optimized with the Yoast SEO plugin v26.6 - https:\/\/yoast.com\/wordpress\/plugins\/seo\/ -->\n<title>Sammenleggbar multifunksjonell veske - Mekulo NO<\/title>\n<meta name=\"robots\" content=\"index, follow, max-snippet:-1, max-image-preview:large, max-video-preview:-1\" \/>\n<link rel=\"canonical\" href=\"https:\/\/mekulo.com\/no\/produkt\/sammenleggbar-multifunksjonell-veske\/\" \/>\n<meta property=\"og:locale\" content=\"nb_NO\" \/>\n<meta property=\"og:type\" content=\"article\" \/>\n<meta property=\"og:title\" content=\"Sammenleggbar multifunksjonell veske - Mekulo NO\" \/>\n<meta property=\"og:description\" content=\"\ud83d\udc5d Kan utvides for mer plass, lett \u00e5 brette sammen for oppbevaring \ud83d\udc5c Perfekt for reiser, trening, shopping eller daglig bruk \ud83c\udf27\ufe0f Laget av vanntett og rivefast stoff \ud83d\udcc2 Flere lommer for enkel organisering \u2708\ufe0f Lett og kan festes til kofferten h\u00e5ndtak \ud83c\udfcb\ufe0f\u200d\u2640\ufe0f Rommer opptil 8 kg for alt det viktigste du trenger\" \/>\n<meta property=\"og:url\" content=\"https:\/\/mekulo.com\/no\/produkt\/sammenleggbar-multifunksjonell-veske\/\" \/>\n<meta property=\"og:site_name\" content=\"Mekulo NO\" \/>\n<meta property=\"article:modified_time\" content=\"2026-03-17T16:36:06+00:00\" \/>\n<meta property=\"og:image\" content=\"https:\/\/mekulo.com\/no\/wp-content\/uploads\/sites\/10\/2026\/03\/01a653g-1.jpg\" \/>\n\t<meta property=\"og:image:width\" content=\"600\" \/>\n\t<meta property=\"og:image:height\" content=\"600\" \/>\n\t<meta property=\"og:image:type\" content=\"image\/jpeg\" \/>\n<meta name=\"twitter:card\" content=\"summary_large_image\" \/>\n<meta name=\"twitter:label1\" content=\"Ansl. lesetid\" \/>\n\t<meta name=\"twitter:data1\" content=\"3 minutter\" \/>\n<script type=\"application\/ld+json\" class=\"yoast-schema-graph\">{\"@context\":\"https:\/\/schema.org\",\"@graph\":[{\"@type\":\"WebPage\",\"@id\":\"https:\/\/mekulo.com\/no\/produkt\/sammenleggbar-multifunksjonell-veske\/\",\"url\":\"https:\/\/mekulo.com\/no\/produkt\/sammenleggbar-multifunksjonell-veske\/\",\"name\":\"Sammenleggbar multifunksjonell veske - Mekulo NO\",\"isPartOf\":{\"@id\":\"https:\/\/mekulo.com\/no\/#website\"},\"primaryImageOfPage\":{\"@id\":\"https:\/\/mekulo.com\/no\/produkt\/sammenleggbar-multifunksjonell-veske\/#primaryimage\"},\"image\":{\"@id\":\"https:\/\/mekulo.com\/no\/produkt\/sammenleggbar-multifunksjonell-veske\/#primaryimage\"},\"thumbnailUrl\":\"https:\/\/mekulo.com\/no\/wp-content\/uploads\/sites\/10\/2026\/03\/01a653g-1.jpg\",\"datePublished\":\"2026-03-17T16:35:50+00:00\",\"dateModified\":\"2026-03-17T16:36:06+00:00\",\"breadcrumb\":{\"@id\":\"https:\/\/mekulo.com\/no\/produkt\/sammenleggbar-multifunksjonell-veske\/#breadcrumb\"},\"inLanguage\":\"nb-NO\",\"potentialAction\":[{\"@type\":\"ReadAction\",\"target\":[\"https:\/\/mekulo.com\/no\/produkt\/sammenleggbar-multifunksjonell-veske\/\"]}]},{\"@type\":\"ImageObject\",\"inLanguage\":\"nb-NO\",\"@id\":\"https:\/\/mekulo.com\/no\/produkt\/sammenleggbar-multifunksjonell-veske\/#primaryimage\",\"url\":\"https:\/\/mekulo.com\/no\/wp-content\/uploads\/sites\/10\/2026\/03\/01a653g-1.jpg\",\"contentUrl\":\"https:\/\/mekulo.com\/no\/wp-content\/uploads\/sites\/10\/2026\/03\/01a653g-1.jpg\",\"width\":600,\"height\":600},{\"@type\":\"BreadcrumbList\",\"@id\":\"https:\/\/mekulo.com\/no\/produkt\/sammenleggbar-multifunksjonell-veske\/#breadcrumb\",\"itemListElement\":[{\"@type\":\"ListItem\",\"position\":1,\"name\":\"Home\",\"item\":\"https:\/\/mekulo.com\/no\/\"},{\"@type\":\"ListItem\",\"position\":2,\"name\":\"Butikk\",\"item\":\"https:\/\/mekulo.com\/no\/butikk\/\"},{\"@type\":\"ListItem\",\"position\":3,\"name\":\"Sammenleggbar multifunksjonell veske\"}]},{\"@type\":\"WebSite\",\"@id\":\"https:\/\/mekulo.com\/no\/#website\",\"url\":\"https:\/\/mekulo.com\/no\/\",\"name\":\"Mekulo NO\",\"description\":\"\",\"publisher\":{\"@id\":\"https:\/\/mekulo.com\/no\/#organization\"},\"potentialAction\":[{\"@type\":\"SearchAction\",\"target\":{\"@type\":\"EntryPoint\",\"urlTemplate\":\"https:\/\/mekulo.com\/no\/?s={search_term_string}\"},\"query-input\":{\"@type\":\"PropertyValueSpecification\",\"valueRequired\":true,\"valueName\":\"search_term_string\"}}],\"inLanguage\":\"nb-NO\"},{\"@type\":\"Organization\",\"@id\":\"https:\/\/mekulo.com\/no\/#organization\",\"name\":\"Mekulo\",\"url\":\"https:\/\/mekulo.com\/no\/\",\"logo\":{\"@type\":\"ImageObject\",\"inLanguage\":\"nb-NO\",\"@id\":\"https:\/\/mekulo.com\/no\/#\/schema\/logo\/image\/\",\"url\":\"https:\/\/mekulo.com\/no\/wp-content\/uploads\/sites\/10\/2025\/12\/favicon_mekulo.png\",\"contentUrl\":\"https:\/\/mekulo.com\/no\/wp-content\/uploads\/sites\/10\/2025\/12\/favicon_mekulo.png\",\"width\":50,\"height\":50,\"caption\":\"Mekulo\"},\"image\":{\"@id\":\"https:\/\/mekulo.com\/no\/#\/schema\/logo\/image\/\"}}]}<\/script>\n<!-- \/ Yoast SEO plugin. -->","yoast_head_json":{"title":"Sammenleggbar multifunksjonell veske - Mekulo NO","robots":{"index":"index","follow":"follow","max-snippet":"max-snippet:-1","max-image-preview":"max-image-preview:large","max-video-preview":"max-video-preview:-1"},"canonical":"https:\/\/mekulo.com\/no\/produkt\/sammenleggbar-multifunksjonell-veske\/","og_locale":"nb_NO","og_type":"article","og_title":"Sammenleggbar multifunksjonell veske - Mekulo NO","og_description":"\ud83d\udc5d Kan utvides for mer plass, lett \u00e5 brette sammen for oppbevaring \ud83d\udc5c Perfekt for reiser, trening, shopping eller daglig bruk \ud83c\udf27\ufe0f Laget av vanntett og rivefast stoff \ud83d\udcc2 Flere lommer for enkel organisering \u2708\ufe0f Lett og kan festes til kofferten h\u00e5ndtak \ud83c\udfcb\ufe0f\u200d\u2640\ufe0f Rommer opptil 8 kg for alt det viktigste du trenger","og_url":"https:\/\/mekulo.com\/no\/produkt\/sammenleggbar-multifunksjonell-veske\/","og_site_name":"Mekulo NO","article_modified_time":"2026-03-17T16:36:06+00:00","og_image":[{"width":600,"height":600,"url":"https:\/\/mekulo.com\/no\/wp-content\/uploads\/sites\/10\/2026\/03\/01a653g-1.jpg","type":"image\/jpeg"}],"twitter_card":"summary_large_image","twitter_misc":{"Ansl. lesetid":"3 minutter"},"schema":{"@context":"https:\/\/schema.org","@graph":[{"@type":"WebPage","@id":"https:\/\/mekulo.com\/no\/produkt\/sammenleggbar-multifunksjonell-veske\/","url":"https:\/\/mekulo.com\/no\/produkt\/sammenleggbar-multifunksjonell-veske\/","name":"Sammenleggbar multifunksjonell veske - Mekulo NO","isPartOf":{"@id":"https:\/\/mekulo.com\/no\/#website"},"primaryImageOfPage":{"@id":"https:\/\/mekulo.com\/no\/produkt\/sammenleggbar-multifunksjonell-veske\/#primaryimage"},"image":{"@id":"https:\/\/mekulo.com\/no\/produkt\/sammenleggbar-multifunksjonell-veske\/#primaryimage"},"thumbnailUrl":"https:\/\/mekulo.com\/no\/wp-content\/uploads\/sites\/10\/2026\/03\/01a653g-1.jpg","datePublished":"2026-03-17T16:35:50+00:00","dateModified":"2026-03-17T16:36:06+00:00","breadcrumb":{"@id":"https:\/\/mekulo.com\/no\/produkt\/sammenleggbar-multifunksjonell-veske\/#breadcrumb"},"inLanguage":"nb-NO","potentialAction":[{"@type":"ReadAction","target":["https:\/\/mekulo.com\/no\/produkt\/sammenleggbar-multifunksjonell-veske\/"]}]},{"@type":"ImageObject","inLanguage":"nb-NO","@id":"https:\/\/mekulo.com\/no\/produkt\/sammenleggbar-multifunksjonell-veske\/#primaryimage","url":"https:\/\/mekulo.com\/no\/wp-content\/uploads\/sites\/10\/2026\/03\/01a653g-1.jpg","contentUrl":"https:\/\/mekulo.com\/no\/wp-content\/uploads\/sites\/10\/2026\/03\/01a653g-1.jpg","width":600,"height":600},{"@type":"BreadcrumbList","@id":"https:\/\/mekulo.com\/no\/produkt\/sammenleggbar-multifunksjonell-veske\/#breadcrumb","itemListElement":[{"@type":"ListItem","position":1,"name":"Home","item":"https:\/\/mekulo.com\/no\/"},{"@type":"ListItem","position":2,"name":"Butikk","item":"https:\/\/mekulo.com\/no\/butikk\/"},{"@type":"ListItem","position":3,"name":"Sammenleggbar multifunksjonell veske"}]},{"@type":"WebSite","@id":"https:\/\/mekulo.com\/no\/#website","url":"https:\/\/mekulo.com\/no\/","name":"Mekulo NO","description":"","publisher":{"@id":"https:\/\/mekulo.com\/no\/#organization"},"potentialAction":[{"@type":"SearchAction","target":{"@type":"EntryPoint","urlTemplate":"https:\/\/mekulo.com\/no\/?s={search_term_string}"},"query-input":{"@type":"PropertyValueSpecification","valueRequired":true,"valueName":"search_term_string"}}],"inLanguage":"nb-NO"},{"@type":"Organization","@id":"https:\/\/mekulo.com\/no\/#organization","name":"Mekulo","url":"https:\/\/mekulo.com\/no\/","logo":{"@type":"ImageObject","inLanguage":"nb-NO","@id":"https:\/\/mekulo.com\/no\/#\/schema\/logo\/image\/","url":"https:\/\/mekulo.com\/no\/wp-content\/uploads\/sites\/10\/2025\/12\/favicon_mekulo.png","contentUrl":"https:\/\/mekulo.com\/no\/wp-content\/uploads\/sites\/10\/2025\/12\/favicon_mekulo.png","width":50,"height":50,"caption":"Mekulo"},"image":{"@id":"https:\/\/mekulo.com\/no\/#\/schema\/logo\/image\/"}}]}},"_links":{"self":[{"href":"https:\/\/mekulo.com\/no\/wp-json\/wp\/v2\/product\/25400","targetHints":{"allow":["GET"]}}],"collection":[{"href":"https:\/\/mekulo.com\/no\/wp-json\/wp\/v2\/product"}],"about":[{"href":"https:\/\/mekulo.com\/no\/wp-json\/wp\/v2\/types\/product"}],"replies":[{"embeddable":true,"href":"https:\/\/mekulo.com\/no\/wp-json\/wp\/v2\/comments?post=25400"}],"wp:featuredmedia":[{"embeddable":true,"href":"https:\/\/mekulo.com\/no\/wp-json\/wp\/v2\/media\/25396"}],"wp:attachment":[{"href":"https:\/\/mekulo.com\/no\/wp-json\/wp\/v2\/media?parent=25400"}],"wp:term":[{"taxonomy":"product_brand","embeddable":true,"href":"https:\/\/mekulo.com\/no\/wp-json\/wp\/v2\/product_brand?post=25400"},{"taxonomy":"product_cat","embeddable":true,"href":"https:\/\/mekulo.com\/no\/wp-json\/wp\/v2\/product_cat?post=25400"},{"taxonomy":"product_tag","embeddable":true,"href":"https:\/\/mekulo.com\/no\/wp-json\/wp\/v2\/product_tag?post=25400"}],"curies":[{"name":"wp","href":"https:\/\/api.w.org\/{rel}","templated":true}]}}