{"id":25350,"date":"2026-03-16T19:39:06","date_gmt":"2026-03-16T17:39:06","guid":{"rendered":"https:\/\/mekulo.com\/no\/produkt\/elektrisk-vinapner\/"},"modified":"2026-03-26T11:50:13","modified_gmt":"2026-03-26T09:50:13","slug":"elektrisk-vinapner","status":"publish","type":"product","link":"https:\/\/mekulo.com\/no\/produkt\/elektrisk-vinapner\/","title":{"rendered":"Elektrisk vin\u00e5pner"},"content":{"rendered":"<p><img decoding=\"async\" class=\"size-full wp-image-24335 aligncenter\" src=\"https:\/\/keluvo.com\/template\/wp-content\/uploads\/sites\/5\/2024\/11\/06183-ezgif.com-video-to-webp-converter.webp\" alt=\"\" \/><\/p>\n<h2 style=\"text-align: center;\">\u2728Hovedfordeler<\/h2>\n<p>\u2705 <strong>Enkel Fjerning Av Korken Med Ett Trykk<\/strong><\/p>\n<p>Bare trykk p\u00e5 en knapp for \u00e5 \u00e5pne flasken p\u00e5 f\u00e5 sekunder, slik at du kan nyte vinen uten problemer.<\/p>\n<p>\ud83c\udf77 <strong>Behold Vinens Smak<\/strong><\/p>\n<p>Vakuumkorken fjerner luft for \u00e5 bevare vinens aroma og smak i flere dager.<\/p>\n<p>\ud83d\udca6 <strong>Skjenk Uten S\u00f8l<\/strong><\/p>\n<p>Luft\u00e5pneren gj\u00f8r at du kan servere vinen jevnt og uten s\u00f8l, noe som gj\u00f8r hvert glass til en forn\u00f8yelse.<\/p>\n<p>\u2728 <strong>Moderne Og Elegant Design<\/strong><\/p>\n<p>Denne elektriske vin\u00e5pneren er b\u00e5de nyttig og et pent innslag p\u00e5 kj\u00f8kkenet eller i baren.<\/p>\n<p>\ud83e\udd42<strong> Veldig Enkel \u00c5 Bruke<\/strong><\/p>\n<p>Bare plasser, trykk og skjenk! Den \u00e5pnes p\u00e5 sekunder, skjenker enkelt, og vakuumforseglingen holder vinen frisk &#8211; uten problemer!<\/p>\n<p><img decoding=\"async\" class=\"size-full wp-image-24334 aligncenter\" src=\"https:\/\/keluvo.com\/template\/wp-content\/uploads\/sites\/5\/2024\/11\/VINOCORK24716__74e74905__ff3682bd.webp\" alt=\"\" \/><\/p>\n<h2 style=\"text-align: center;\">\ud83d\udccfProduktspesifikasjoner<\/h2>\n<ul>\n<li>Materiale: Rustfritt st\u00e5l<\/li>\n<li>Vekt: 360 g<\/li>\n<li>Batterier som trengs: 4 x AA-batterier (medf\u00f8lger ikke)<\/li>\n<\/ul>\n<h2 style=\"text-align: center;\">\ud83d\udce6Pakken inneholder<\/h2>\n<ul>\n<li>1x flaske\u00e5pner<\/li>\n<li>1x foliesk\u00e6rer<\/li>\n<li>1x luftet skjenker<\/li>\n<li>1x vakuumstopper<\/li>\n<li>1x oppbevaringsstativ.<\/li>\n<\/ul>\n","protected":false},"excerpt":{"rendered":"<p>\u2705 Vin\u00e5pner med ett trykk<br \/>\n\ud83c\udf77 Vakuumpropp holder vinen din frisk i flere dager<br \/>\n\ud83d\udca6 Enkel skjenking uten s\u00f8l<br \/>\n\u2728 Stilig tillegg til enhver bar<br \/>\n\ud83c\udf81 Ideell gave til vinentusiaster<\/p>\n","protected":false},"featured_media":25346,"comment_status":"open","ping_status":"closed","template":"","meta":{"site-sidebar-layout":"default","site-content-layout":"","ast-site-content-layout":"default","site-content-style":"default","site-sidebar-style":"default","ast-global-header-display":"","ast-banner-title-visibility":"","ast-main-header-display":"","ast-hfb-above-header-display":"","ast-hfb-below-header-display":"","ast-hfb-mobile-header-display":"","site-post-title":"","ast-breadcrumbs-content":"","ast-featured-img":"","footer-sml-layout":"","ast-disable-related-posts":"","theme-transparent-header-meta":"default","adv-header-id-meta":"","stick-header-meta":"","header-above-stick-meta":"","header-main-stick-meta":"","header-below-stick-meta":"","astra-migrate-meta-layouts":"set","ast-page-background-enabled":"default","ast-page-background-meta":{"desktop":{"background-color":"var(--ast-global-color-5)","background-image":"","background-repeat":"repeat","background-position":"center center","background-size":"auto","background-attachment":"scroll","background-type":"","background-media":"","overlay-type":"","overlay-color":"","overlay-opacity":"","overlay-gradient":""},"tablet":{"background-color":"","background-image":"","background-repeat":"repeat","background-position":"center center","background-size":"auto","background-attachment":"scroll","background-type":"","background-media":"","overlay-type":"","overlay-color":"","overlay-opacity":"","overlay-gradient":""},"mobile":{"background-color":"","background-image":"","background-repeat":"repeat","background-position":"center center","background-size":"auto","background-attachment":"scroll","background-type":"","background-media":"","overlay-type":"","overlay-color":"","overlay-opacity":"","overlay-gradient":""}},"ast-content-background-meta":{"desktop":{"background-color":"var(--ast-global-color-4)","background-image":"","background-repeat":"repeat","background-position":"center center","background-size":"auto","background-attachment":"scroll","background-type":"","background-media":"","overlay-type":"","overlay-color":"","overlay-opacity":"","overlay-gradient":""},"tablet":{"background-color":"var(--ast-global-color-4)","background-image":"","background-repeat":"repeat","background-position":"center center","background-size":"auto","background-attachment":"scroll","background-type":"","background-media":"","overlay-type":"","overlay-color":"","overlay-opacity":"","overlay-gradient":""},"mobile":{"background-color":"var(--ast-global-color-4)","background-image":"","background-repeat":"repeat","background-position":"center center","background-size":"auto","background-attachment":"scroll","background-type":"","background-media":"","overlay-type":"","overlay-color":"","overlay-opacity":"","overlay-gradient":""}}},"product_brand":[],"product_cat":[171],"product_tag":[],"class_list":{"0":"post-25350","1":"product","2":"type-product","3":"status-publish","4":"has-post-thumbnail","6":"product_cat-verktoy","7":"desktop-align-left","8":"tablet-align-left","9":"mobile-align-left","11":"first","12":"instock","13":"shipping-taxable","14":"purchasable","15":"product-type-simple"},"yoast_head":"<!-- This site is optimized with the Yoast SEO plugin v27.4 - https:\/\/yoast.com\/product\/yoast-seo-wordpress\/ -->\n<title>Elektrisk vin\u00e5pner - Mekulo NO<\/title>\n<meta name=\"robots\" content=\"index, follow, max-snippet:-1, max-image-preview:large, max-video-preview:-1\" \/>\n<link rel=\"canonical\" href=\"https:\/\/mekulo.com\/no\/produkt\/elektrisk-vinapner\/\" \/>\n<meta property=\"og:locale\" content=\"de_DE\" \/>\n<meta property=\"og:type\" content=\"article\" \/>\n<meta property=\"og:title\" content=\"Elektrisk vin\u00e5pner - Mekulo NO\" \/>\n<meta property=\"og:description\" content=\"\u2705 Vin\u00e5pner med ett trykk \ud83c\udf77 Vakuumpropp holder vinen din frisk i flere dager \ud83d\udca6 Enkel skjenking uten s\u00f8l \u2728 Stilig tillegg til enhver bar \ud83c\udf81 Ideell gave til vinentusiaster\" \/>\n<meta property=\"og:url\" content=\"https:\/\/mekulo.com\/no\/produkt\/elektrisk-vinapner\/\" \/>\n<meta property=\"og:site_name\" content=\"Mekulo NO\" \/>\n<meta property=\"article:modified_time\" content=\"2026-03-26T09:50:13+00:00\" \/>\n<meta property=\"og:image\" content=\"https:\/\/mekulo.com\/no\/wp-content\/uploads\/sites\/10\/2026\/03\/rt4qzl6-1.webp\" \/>\n\t<meta property=\"og:image:width\" content=\"500\" \/>\n\t<meta property=\"og:image:height\" content=\"500\" \/>\n\t<meta property=\"og:image:type\" content=\"image\/webp\" \/>\n<meta name=\"twitter:card\" content=\"summary_large_image\" \/>\n<meta name=\"twitter:label1\" content=\"Gesch\u00e4tzte Lesezeit\" \/>\n\t<meta name=\"twitter:data1\" content=\"2\u00a0Minuten\" \/>\n<script type=\"application\/ld+json\" class=\"yoast-schema-graph\">{\"@context\":\"https:\\\/\\\/schema.org\",\"@graph\":[{\"@type\":\"WebPage\",\"@id\":\"https:\\\/\\\/mekulo.com\\\/no\\\/produkt\\\/elektrisk-vinapner\\\/\",\"url\":\"https:\\\/\\\/mekulo.com\\\/no\\\/produkt\\\/elektrisk-vinapner\\\/\",\"name\":\"Elektrisk vin\u00e5pner - Mekulo NO\",\"isPartOf\":{\"@id\":\"https:\\\/\\\/mekulo.com\\\/no\\\/#website\"},\"primaryImageOfPage\":{\"@id\":\"https:\\\/\\\/mekulo.com\\\/no\\\/produkt\\\/elektrisk-vinapner\\\/#primaryimage\"},\"image\":{\"@id\":\"https:\\\/\\\/mekulo.com\\\/no\\\/produkt\\\/elektrisk-vinapner\\\/#primaryimage\"},\"thumbnailUrl\":\"https:\\\/\\\/mekulo.com\\\/no\\\/wp-content\\\/uploads\\\/sites\\\/10\\\/2026\\\/03\\\/rt4qzl6-1.webp\",\"datePublished\":\"2026-03-16T17:39:06+00:00\",\"dateModified\":\"2026-03-26T09:50:13+00:00\",\"breadcrumb\":{\"@id\":\"https:\\\/\\\/mekulo.com\\\/no\\\/produkt\\\/elektrisk-vinapner\\\/#breadcrumb\"},\"inLanguage\":\"de\",\"potentialAction\":[{\"@type\":\"ReadAction\",\"target\":[\"https:\\\/\\\/mekulo.com\\\/no\\\/produkt\\\/elektrisk-vinapner\\\/\"]}]},{\"@type\":\"ImageObject\",\"inLanguage\":\"de\",\"@id\":\"https:\\\/\\\/mekulo.com\\\/no\\\/produkt\\\/elektrisk-vinapner\\\/#primaryimage\",\"url\":\"https:\\\/\\\/mekulo.com\\\/no\\\/wp-content\\\/uploads\\\/sites\\\/10\\\/2026\\\/03\\\/rt4qzl6-1.webp\",\"contentUrl\":\"https:\\\/\\\/mekulo.com\\\/no\\\/wp-content\\\/uploads\\\/sites\\\/10\\\/2026\\\/03\\\/rt4qzl6-1.webp\",\"width\":500,\"height\":500},{\"@type\":\"BreadcrumbList\",\"@id\":\"https:\\\/\\\/mekulo.com\\\/no\\\/produkt\\\/elektrisk-vinapner\\\/#breadcrumb\",\"itemListElement\":[{\"@type\":\"ListItem\",\"position\":1,\"name\":\"Home\",\"item\":\"https:\\\/\\\/mekulo.com\\\/no\\\/\"},{\"@type\":\"ListItem\",\"position\":2,\"name\":\"Butikk\",\"item\":\"https:\\\/\\\/mekulo.com\\\/no\\\/butikk\\\/\"},{\"@type\":\"ListItem\",\"position\":3,\"name\":\"Elektrisk vin\u00e5pner\"}]},{\"@type\":\"WebSite\",\"@id\":\"https:\\\/\\\/mekulo.com\\\/no\\\/#website\",\"url\":\"https:\\\/\\\/mekulo.com\\\/no\\\/\",\"name\":\"Mekulo NO\",\"description\":\"\",\"publisher\":{\"@id\":\"https:\\\/\\\/mekulo.com\\\/no\\\/#organization\"},\"potentialAction\":[{\"@type\":\"SearchAction\",\"target\":{\"@type\":\"EntryPoint\",\"urlTemplate\":\"https:\\\/\\\/mekulo.com\\\/no\\\/?s={search_term_string}\"},\"query-input\":{\"@type\":\"PropertyValueSpecification\",\"valueRequired\":true,\"valueName\":\"search_term_string\"}}],\"inLanguage\":\"de\"},{\"@type\":\"Organization\",\"@id\":\"https:\\\/\\\/mekulo.com\\\/no\\\/#organization\",\"name\":\"Mekulo\",\"url\":\"https:\\\/\\\/mekulo.com\\\/no\\\/\",\"logo\":{\"@type\":\"ImageObject\",\"inLanguage\":\"de\",\"@id\":\"https:\\\/\\\/mekulo.com\\\/no\\\/#\\\/schema\\\/logo\\\/image\\\/\",\"url\":\"https:\\\/\\\/mekulo.com\\\/no\\\/wp-content\\\/uploads\\\/sites\\\/10\\\/2025\\\/12\\\/favicon_mekulo.png\",\"contentUrl\":\"https:\\\/\\\/mekulo.com\\\/no\\\/wp-content\\\/uploads\\\/sites\\\/10\\\/2025\\\/12\\\/favicon_mekulo.png\",\"width\":50,\"height\":50,\"caption\":\"Mekulo\"},\"image\":{\"@id\":\"https:\\\/\\\/mekulo.com\\\/no\\\/#\\\/schema\\\/logo\\\/image\\\/\"}}]}<\/script>\n<!-- \/ Yoast SEO plugin. -->","yoast_head_json":{"title":"Elektrisk vin\u00e5pner - Mekulo NO","robots":{"index":"index","follow":"follow","max-snippet":"max-snippet:-1","max-image-preview":"max-image-preview:large","max-video-preview":"max-video-preview:-1"},"canonical":"https:\/\/mekulo.com\/no\/produkt\/elektrisk-vinapner\/","og_locale":"de_DE","og_type":"article","og_title":"Elektrisk vin\u00e5pner - Mekulo NO","og_description":"\u2705 Vin\u00e5pner med ett trykk \ud83c\udf77 Vakuumpropp holder vinen din frisk i flere dager \ud83d\udca6 Enkel skjenking uten s\u00f8l \u2728 Stilig tillegg til enhver bar \ud83c\udf81 Ideell gave til vinentusiaster","og_url":"https:\/\/mekulo.com\/no\/produkt\/elektrisk-vinapner\/","og_site_name":"Mekulo NO","article_modified_time":"2026-03-26T09:50:13+00:00","og_image":[{"width":500,"height":500,"url":"https:\/\/mekulo.com\/no\/wp-content\/uploads\/sites\/10\/2026\/03\/rt4qzl6-1.webp","type":"image\/webp"}],"twitter_card":"summary_large_image","twitter_misc":{"Gesch\u00e4tzte Lesezeit":"2\u00a0Minuten"},"schema":{"@context":"https:\/\/schema.org","@graph":[{"@type":"WebPage","@id":"https:\/\/mekulo.com\/no\/produkt\/elektrisk-vinapner\/","url":"https:\/\/mekulo.com\/no\/produkt\/elektrisk-vinapner\/","name":"Elektrisk vin\u00e5pner - Mekulo NO","isPartOf":{"@id":"https:\/\/mekulo.com\/no\/#website"},"primaryImageOfPage":{"@id":"https:\/\/mekulo.com\/no\/produkt\/elektrisk-vinapner\/#primaryimage"},"image":{"@id":"https:\/\/mekulo.com\/no\/produkt\/elektrisk-vinapner\/#primaryimage"},"thumbnailUrl":"https:\/\/mekulo.com\/no\/wp-content\/uploads\/sites\/10\/2026\/03\/rt4qzl6-1.webp","datePublished":"2026-03-16T17:39:06+00:00","dateModified":"2026-03-26T09:50:13+00:00","breadcrumb":{"@id":"https:\/\/mekulo.com\/no\/produkt\/elektrisk-vinapner\/#breadcrumb"},"inLanguage":"de","potentialAction":[{"@type":"ReadAction","target":["https:\/\/mekulo.com\/no\/produkt\/elektrisk-vinapner\/"]}]},{"@type":"ImageObject","inLanguage":"de","@id":"https:\/\/mekulo.com\/no\/produkt\/elektrisk-vinapner\/#primaryimage","url":"https:\/\/mekulo.com\/no\/wp-content\/uploads\/sites\/10\/2026\/03\/rt4qzl6-1.webp","contentUrl":"https:\/\/mekulo.com\/no\/wp-content\/uploads\/sites\/10\/2026\/03\/rt4qzl6-1.webp","width":500,"height":500},{"@type":"BreadcrumbList","@id":"https:\/\/mekulo.com\/no\/produkt\/elektrisk-vinapner\/#breadcrumb","itemListElement":[{"@type":"ListItem","position":1,"name":"Home","item":"https:\/\/mekulo.com\/no\/"},{"@type":"ListItem","position":2,"name":"Butikk","item":"https:\/\/mekulo.com\/no\/butikk\/"},{"@type":"ListItem","position":3,"name":"Elektrisk vin\u00e5pner"}]},{"@type":"WebSite","@id":"https:\/\/mekulo.com\/no\/#website","url":"https:\/\/mekulo.com\/no\/","name":"Mekulo NO","description":"","publisher":{"@id":"https:\/\/mekulo.com\/no\/#organization"},"potentialAction":[{"@type":"SearchAction","target":{"@type":"EntryPoint","urlTemplate":"https:\/\/mekulo.com\/no\/?s={search_term_string}"},"query-input":{"@type":"PropertyValueSpecification","valueRequired":true,"valueName":"search_term_string"}}],"inLanguage":"de"},{"@type":"Organization","@id":"https:\/\/mekulo.com\/no\/#organization","name":"Mekulo","url":"https:\/\/mekulo.com\/no\/","logo":{"@type":"ImageObject","inLanguage":"de","@id":"https:\/\/mekulo.com\/no\/#\/schema\/logo\/image\/","url":"https:\/\/mekulo.com\/no\/wp-content\/uploads\/sites\/10\/2025\/12\/favicon_mekulo.png","contentUrl":"https:\/\/mekulo.com\/no\/wp-content\/uploads\/sites\/10\/2025\/12\/favicon_mekulo.png","width":50,"height":50,"caption":"Mekulo"},"image":{"@id":"https:\/\/mekulo.com\/no\/#\/schema\/logo\/image\/"}}]}},"_links":{"self":[{"href":"https:\/\/mekulo.com\/no\/wp-json\/wp\/v2\/product\/25350","targetHints":{"allow":["GET"]}}],"collection":[{"href":"https:\/\/mekulo.com\/no\/wp-json\/wp\/v2\/product"}],"about":[{"href":"https:\/\/mekulo.com\/no\/wp-json\/wp\/v2\/types\/product"}],"replies":[{"embeddable":true,"href":"https:\/\/mekulo.com\/no\/wp-json\/wp\/v2\/comments?post=25350"}],"wp:featuredmedia":[{"embeddable":true,"href":"https:\/\/mekulo.com\/no\/wp-json\/wp\/v2\/media\/25346"}],"wp:attachment":[{"href":"https:\/\/mekulo.com\/no\/wp-json\/wp\/v2\/media?parent=25350"}],"wp:term":[{"taxonomy":"product_brand","embeddable":true,"href":"https:\/\/mekulo.com\/no\/wp-json\/wp\/v2\/product_brand?post=25350"},{"taxonomy":"product_cat","embeddable":true,"href":"https:\/\/mekulo.com\/no\/wp-json\/wp\/v2\/product_cat?post=25350"},{"taxonomy":"product_tag","embeddable":true,"href":"https:\/\/mekulo.com\/no\/wp-json\/wp\/v2\/product_tag?post=25350"}],"curies":[{"name":"wp","href":"https:\/\/api.w.org\/{rel}","templated":true}]}}