{"id":24845,"date":"2026-02-26T07:54:44","date_gmt":"2026-02-26T05:54:44","guid":{"rendered":"https:\/\/mekulo.com\/no\/produkt\/beroligende-baby-sovn-hand\/"},"modified":"2026-03-24T15:19:23","modified_gmt":"2026-03-24T13:19:23","slug":"beroligende-baby-sovn-hand","status":"publish","type":"product","link":"https:\/\/mekulo.com\/no\/produkt\/beroligende-baby-sovn-hand\/","title":{"rendered":"Beroligende baby s\u00f8vn h\u00e5nd"},"content":{"rendered":"<h2 style=\"text-align: center;\" data-start=\"303\" data-end=\"319\">\u2728 L\u00f8ftet<\/h2>\n<p style=\"text-align: center;\" data-start=\"321\" data-end=\"386\">Sett rytmen.<br data-start=\"336\" data-end=\"339\" \/>Lindre uro.<br data-start=\"358\" data-end=\"361\" \/>St\u00f8tte fredelige \u00f8yeblikk.<\/p>\n<p data-start=\"321\" data-end=\"386\"><img fetchpriority=\"high\" decoding=\"async\" class=\" wp-image-26241 aligncenter\" src=\"https:\/\/mekulo.com\/template\/wp-content\/uploads\/sites\/6\/2026\/02\/122130-ezgif.com-video-to-webp-converter.webp\" alt=\"\" width=\"550\" height=\"550\" \/><\/p>\n<h2 style=\"text-align: center;\" data-start=\"393\" data-end=\"411\">\u2705 Hovedfordeler<\/h2>\n<p data-start=\"415\" data-end=\"496\">\ud83d\udc76 Beroligende bankebevegelse &#8211; Sk\u00e5nsom rytmisk bevegelse bidrar til \u00e5 berolige og slappe av.<\/p>\n<p data-start=\"500\" data-end=\"582\">\ud83c\udf19 St\u00f8tter fredeligere s\u00f8vn &#8211; Bidrar til \u00e5 redusere skvetterelaterte forstyrrelser.<\/p>\n<p data-start=\"586\" data-end=\"652\">\ud83c\udfb5 Innebygde beroligende lyder &#8211; Myk musikk forbedrer avslapningen.<\/p>\n<p data-start=\"656\" data-end=\"743\">\ud83c\udf9b\ufe0f Fjernstyrt bekvemmelighet &#8211; Juster innstillingene uten \u00e5 forstyrre babyen din.<\/p>\n<p data-start=\"747\" data-end=\"843\">\ud83c\udf21\ufe0f Valgfri varmekomfort &#8211; Innsats med r\u00f8de b\u00f8nner som kan brukes i mikrob\u00f8lgeovn, lindrer ubehag i magen.<\/p>\n<p data-start=\"847\" data-end=\"915\">\ud83e\uddfc Avtakbart og vaskbart trekk &#8211; Enkelt \u00e5 holde rent og friskt.<\/p>\n<p data-start=\"919\" data-end=\"989\">\ud83e\uddf8 Myke, babyvennlige materialer &#8211; Sk\u00e5nsomt mot sart hud.<\/p>\n<p data-start=\"993\" data-end=\"1080\">\ud83d\udc86 H\u00e5ndfri st\u00f8tte for foreldre &#8211; Gir komfort mens du hviler eller gj\u00f8r flere ting samtidig.<\/p>\n<h2 style=\"text-align: center;\" data-start=\"1087\" data-end=\"1110\">\u2757 Problem \u2192 L\u00f8sning<\/h2>\n<p data-start=\"1112\" data-end=\"1216\"><strong data-start=\"1112\" data-end=\"1124\">Problem:<\/strong><br data-start=\"1124\" data-end=\"1127\" \/>Babyer v\u00e5kner ofte av plutselige forskrekninger eller sliter med \u00e5 falle til ro uten kontinuerlig beroligelse.<\/p>\n<p data-start=\"1218\" data-end=\"1339\"><strong data-start=\"1218\" data-end=\"1231\">L\u00f8sning:<\/strong><br data-start=\"1231\" data-end=\"1234\" \/>Denne beroligende babyh\u00e5nda gjenskaper tr\u00f8stende rytmiske f\u00f8lelser for \u00e5 hjelpe babyen din med \u00e5 roe seg lettere.<\/p>\n<p data-start=\"1218\" data-end=\"1339\"><img decoding=\"async\" class=\"size-full wp-image-26246 aligncenter\" src=\"https:\/\/mekulo.com\/template\/wp-content\/uploads\/sites\/6\/2026\/02\/spp_20250711160715_a2f217b0093f68c4af253fe001450395_d79e5d40-4fe2-4bb0-b6cc-403d05ddef7b.webp\" alt=\"\" width=\"600\" height=\"600\" \/><\/p>\n<h2 style=\"text-align: center;\" data-start=\"1346\" data-end=\"1363\">\ud83c\udf3f Perfekt for<\/h2>\n<ul data-start=\"1365\" data-end=\"1485\">\n<li data-start=\"1365\" data-end=\"1385\">\n<p data-start=\"1367\" data-end=\"1385\">Sengerutiner<\/p>\n<\/li>\n<li data-start=\"1386\" data-end=\"1407\">\n<p data-start=\"1388\" data-end=\"1407\">Lur-beroligelse<\/p>\n<\/li>\n<li data-start=\"1408\" data-end=\"1439\">\n<p data-start=\"1410\" data-end=\"1439\">Baby med kolikk eller luft i magen<\/p>\n<\/li>\n<li data-start=\"1440\" data-end=\"1459\">\n<p data-start=\"1442\" data-end=\"1459\">Nyf\u00f8dt beroligelse<\/p>\n<\/li>\n<li data-start=\"1460\" data-end=\"1485\">\n<p data-start=\"1462\" data-end=\"1485\">H\u00e5ndfri tr\u00f8st<\/p>\n<\/li>\n<\/ul>\n<p data-start=\"1487\" data-end=\"1526\">Anbefales for spedbarn i alderen 0\u20133 \u00e5r.<\/p>\n<h2 style=\"text-align: center;\" data-start=\"1533\" data-end=\"1549\">\u2699\ufe0f Slik bruker du den<\/h2>\n<ol data-start=\"1551\" data-end=\"1765\">\n<li data-start=\"1551\" data-end=\"1592\">\n<p data-start=\"1554\" data-end=\"1592\">Sett tappemodulen inn i dekselet.<\/p>\n<\/li>\n<li data-start=\"1593\" data-end=\"1633\">\n<p data-start=\"1596\" data-end=\"1633\">Legg den forsiktig p\u00e5 babyens mage eller arm.<\/p>\n<\/li>\n<li data-start=\"1634\" data-end=\"1671\">\n<p data-start=\"1637\" data-end=\"1671\">Velg modus og hastighet via fjernkontrollen.<\/p>\n<\/li>\n<li data-start=\"1672\" data-end=\"1723\">\n<p data-start=\"1675\" data-end=\"1723\">Valgfritt: Varm opp den r\u00f8de b\u00f8nneinnsatsen (mikrob\u00f8lgeovn).<\/p>\n<\/li>\n<li data-start=\"1724\" data-end=\"1765\">\n<p data-start=\"1727\" data-end=\"1765\">Ta av dekselet for vask ved behov.<\/p>\n<\/li>\n<\/ol>\n<h2 style=\"text-align: center;\" data-start=\"1805\" data-end=\"1826\">\ud83d\udcd0 Produktdetaljer<\/h2>\n<ul data-start=\"1828\" data-end=\"2188\">\n<li data-start=\"1869\" data-end=\"1901\">\n<p data-start=\"1871\" data-end=\"1901\">St\u00f8rrelse: Ca. 24 x 25 cm<\/p>\n<\/li>\n<li data-start=\"1902\" data-end=\"1944\">\n<p data-start=\"1904\" data-end=\"1944\">Stoff: Bomullsfl\u00f8yel \/ kort haug<\/p>\n<\/li>\n<li data-start=\"1945\" data-end=\"1989\">\n<p data-start=\"1947\" data-end=\"1989\">Fylling: R\u00f8de b\u00f8nner + polyesterfiber<\/p>\n<\/li>\n<li data-start=\"1990\" data-end=\"2023\">\n<p data-start=\"1992\" data-end=\"2023\">Batterikapasitet: 450 mAh<\/p>\n<\/li>\n<li data-start=\"2024\" data-end=\"2047\">\n<p data-start=\"2026\" data-end=\"2047\">Hastighetsniv\u00e5er: 3<\/p>\n<\/li>\n<li data-start=\"2048\" data-end=\"2079\">\n<p data-start=\"2050\" data-end=\"2079\">Moder: 3 beroligende moduser<\/p>\n<\/li>\n<li data-start=\"2080\" data-end=\"2112\">\n<p data-start=\"2082\" data-end=\"2112\">Kontroll: Tr\u00e5dl\u00f8s fjernkontroll<\/p>\n<\/li>\n<li data-start=\"2113\" data-end=\"2188\">\n<p data-start=\"2115\" data-end=\"2188\">Driftstid: Rask \u2013 110 min, Middels \u2013 140 min, Langsom \u2013 250 min<\/p>\n<\/li>\n<\/ul>\n<h2 style=\"text-align: center;\" data-start=\"2229\" data-end=\"2251\">\ud83d\udce6 Pakken inkluderer<\/h2>\n<ul data-start=\"2253\" data-end=\"2306\">\n<li data-start=\"2253\" data-end=\"2285\">\n<p data-start=\"2255\" data-end=\"2285\">1x beroligende baby soveh\u00e5nd<\/p>\n<\/li>\n<li data-start=\"2286\" data-end=\"2306\">\n<p data-start=\"2288\" data-end=\"2306\">1x fjernkontroll.<\/p>\n<\/li>\n<\/ul>\n","protected":false},"excerpt":{"rendered":"<p>\ud83d\ude34Sentimental komfort, fredelig s\u00f8vn.<br \/>\n\ud83e\udd31Designet for \u00e5 berolige, slappe av og berolige babyen din.<br \/>\n\ud83d\udc76Denne beroligende babyh\u00e5nda etterligner den myke, rytmiske bankingen som babyer naturlig forbinder med komfort &#8211; noe som bidrar til \u00e5 skape et mer avslappende milj\u00f8 for b\u00e5de baby og foreldre.<\/p>\n","protected":false},"featured_media":24841,"comment_status":"open","ping_status":"closed","template":"","meta":{"site-sidebar-layout":"default","site-content-layout":"","ast-site-content-layout":"default","site-content-style":"default","site-sidebar-style":"default","ast-global-header-display":"","ast-banner-title-visibility":"","ast-main-header-display":"","ast-hfb-above-header-display":"","ast-hfb-below-header-display":"","ast-hfb-mobile-header-display":"","site-post-title":"","ast-breadcrumbs-content":"","ast-featured-img":"","footer-sml-layout":"","theme-transparent-header-meta":"default","adv-header-id-meta":"","stick-header-meta":"","header-above-stick-meta":"","header-main-stick-meta":"","header-below-stick-meta":"","astra-migrate-meta-layouts":"set","ast-page-background-enabled":"default","ast-page-background-meta":{"desktop":{"background-color":"var(--ast-global-color-5)","background-image":"","background-repeat":"repeat","background-position":"center center","background-size":"auto","background-attachment":"scroll","background-type":"","background-media":"","overlay-type":"","overlay-color":"","overlay-opacity":"","overlay-gradient":""},"tablet":{"background-color":"","background-image":"","background-repeat":"repeat","background-position":"center center","background-size":"auto","background-attachment":"scroll","background-type":"","background-media":"","overlay-type":"","overlay-color":"","overlay-opacity":"","overlay-gradient":""},"mobile":{"background-color":"","background-image":"","background-repeat":"repeat","background-position":"center center","background-size":"auto","background-attachment":"scroll","background-type":"","background-media":"","overlay-type":"","overlay-color":"","overlay-opacity":"","overlay-gradient":""}},"ast-content-background-meta":{"desktop":{"background-color":"var(--ast-global-color-4)","background-image":"","background-repeat":"repeat","background-position":"center center","background-size":"auto","background-attachment":"scroll","background-type":"","background-media":"","overlay-type":"","overlay-color":"","overlay-opacity":"","overlay-gradient":""},"tablet":{"background-color":"var(--ast-global-color-4)","background-image":"","background-repeat":"repeat","background-position":"center center","background-size":"auto","background-attachment":"scroll","background-type":"","background-media":"","overlay-type":"","overlay-color":"","overlay-opacity":"","overlay-gradient":""},"mobile":{"background-color":"var(--ast-global-color-4)","background-image":"","background-repeat":"repeat","background-position":"center center","background-size":"auto","background-attachment":"scroll","background-type":"","background-media":"","overlay-type":"","overlay-color":"","overlay-opacity":"","overlay-gradient":""}}},"product_brand":[],"product_cat":[172],"product_tag":[],"class_list":{"0":"post-24845","1":"product","2":"type-product","3":"status-publish","4":"has-post-thumbnail","6":"product_cat-leker-barne-og-babyprodukter","7":"pa_62448_d0pv90tt-a","8":"pa_62448_d0pv90tt-b","9":"pa_62448_d0pv90tt-c","10":"pa_62448_d0pv90tt-d","11":"pa_62448_d0pv90tt-e","12":"pa_62448_d0pv90tt-f","13":"pa_62448_d0pv90tt-g","14":"pa_62448_d0pv90tt-h","15":"pa_62448_d0pv90tt-i","16":"pa_62448_d0pv90tt-j","17":"pa_62448_d0pv90tt-k","18":"pa_62448_d0pv90tt-l","19":"pa_62448_d0pv90tt-m","20":"desktop-align-left","21":"tablet-align-left","22":"mobile-align-left","24":"first","25":"instock","26":"shipping-taxable","27":"purchasable","28":"product-type-variable"},"yoast_head":"<!-- This site is optimized with the Yoast SEO plugin v26.6 - https:\/\/yoast.com\/wordpress\/plugins\/seo\/ -->\n<title>Beroligende baby s\u00f8vn h\u00e5nd - Mekulo NO<\/title>\n<meta name=\"robots\" content=\"index, follow, max-snippet:-1, max-image-preview:large, max-video-preview:-1\" \/>\n<link rel=\"canonical\" href=\"https:\/\/mekulo.com\/no\/produkt\/beroligende-baby-sovn-hand\/\" \/>\n<meta property=\"og:locale\" content=\"nb_NO\" \/>\n<meta property=\"og:type\" content=\"article\" \/>\n<meta property=\"og:title\" content=\"Beroligende baby s\u00f8vn h\u00e5nd - Mekulo NO\" \/>\n<meta property=\"og:description\" content=\"\ud83d\ude34Sentimental komfort, fredelig s\u00f8vn. \ud83e\udd31Designet for \u00e5 berolige, slappe av og berolige babyen din. \ud83d\udc76Denne beroligende babyh\u00e5nda etterligner den myke, rytmiske bankingen som babyer naturlig forbinder med komfort - noe som bidrar til \u00e5 skape et mer avslappende milj\u00f8 for b\u00e5de baby og foreldre.\" \/>\n<meta property=\"og:url\" content=\"https:\/\/mekulo.com\/no\/produkt\/beroligende-baby-sovn-hand\/\" \/>\n<meta property=\"og:site_name\" content=\"Mekulo NO\" \/>\n<meta property=\"article:modified_time\" content=\"2026-03-24T13:19:23+00:00\" \/>\n<meta property=\"og:image\" content=\"https:\/\/mekulo.com\/no\/wp-content\/uploads\/sites\/10\/2026\/02\/mvavoxy-1.webp\" \/>\n\t<meta property=\"og:image:width\" content=\"1020\" \/>\n\t<meta property=\"og:image:height\" content=\"1020\" \/>\n\t<meta property=\"og:image:type\" content=\"image\/webp\" \/>\n<meta name=\"twitter:card\" content=\"summary_large_image\" \/>\n<meta name=\"twitter:label1\" content=\"Ansl. lesetid\" \/>\n\t<meta name=\"twitter:data1\" content=\"2 minutter\" \/>\n<script type=\"application\/ld+json\" class=\"yoast-schema-graph\">{\"@context\":\"https:\/\/schema.org\",\"@graph\":[{\"@type\":\"WebPage\",\"@id\":\"https:\/\/mekulo.com\/no\/produkt\/beroligende-baby-sovn-hand\/\",\"url\":\"https:\/\/mekulo.com\/no\/produkt\/beroligende-baby-sovn-hand\/\",\"name\":\"Beroligende baby s\u00f8vn h\u00e5nd - Mekulo NO\",\"isPartOf\":{\"@id\":\"https:\/\/mekulo.com\/no\/#website\"},\"primaryImageOfPage\":{\"@id\":\"https:\/\/mekulo.com\/no\/produkt\/beroligende-baby-sovn-hand\/#primaryimage\"},\"image\":{\"@id\":\"https:\/\/mekulo.com\/no\/produkt\/beroligende-baby-sovn-hand\/#primaryimage\"},\"thumbnailUrl\":\"https:\/\/mekulo.com\/no\/wp-content\/uploads\/sites\/10\/2026\/02\/mvavoxy-1.webp\",\"datePublished\":\"2026-02-26T05:54:44+00:00\",\"dateModified\":\"2026-03-24T13:19:23+00:00\",\"breadcrumb\":{\"@id\":\"https:\/\/mekulo.com\/no\/produkt\/beroligende-baby-sovn-hand\/#breadcrumb\"},\"inLanguage\":\"nb-NO\",\"potentialAction\":[{\"@type\":\"ReadAction\",\"target\":[\"https:\/\/mekulo.com\/no\/produkt\/beroligende-baby-sovn-hand\/\"]}]},{\"@type\":\"ImageObject\",\"inLanguage\":\"nb-NO\",\"@id\":\"https:\/\/mekulo.com\/no\/produkt\/beroligende-baby-sovn-hand\/#primaryimage\",\"url\":\"https:\/\/mekulo.com\/no\/wp-content\/uploads\/sites\/10\/2026\/02\/mvavoxy-1.webp\",\"contentUrl\":\"https:\/\/mekulo.com\/no\/wp-content\/uploads\/sites\/10\/2026\/02\/mvavoxy-1.webp\",\"width\":1020,\"height\":1020},{\"@type\":\"BreadcrumbList\",\"@id\":\"https:\/\/mekulo.com\/no\/produkt\/beroligende-baby-sovn-hand\/#breadcrumb\",\"itemListElement\":[{\"@type\":\"ListItem\",\"position\":1,\"name\":\"Home\",\"item\":\"https:\/\/mekulo.com\/no\/\"},{\"@type\":\"ListItem\",\"position\":2,\"name\":\"Butikk\",\"item\":\"https:\/\/mekulo.com\/no\/butikk\/\"},{\"@type\":\"ListItem\",\"position\":3,\"name\":\"Beroligende baby s\u00f8vn h\u00e5nd\"}]},{\"@type\":\"WebSite\",\"@id\":\"https:\/\/mekulo.com\/no\/#website\",\"url\":\"https:\/\/mekulo.com\/no\/\",\"name\":\"Mekulo NO\",\"description\":\"\",\"publisher\":{\"@id\":\"https:\/\/mekulo.com\/no\/#organization\"},\"potentialAction\":[{\"@type\":\"SearchAction\",\"target\":{\"@type\":\"EntryPoint\",\"urlTemplate\":\"https:\/\/mekulo.com\/no\/?s={search_term_string}\"},\"query-input\":{\"@type\":\"PropertyValueSpecification\",\"valueRequired\":true,\"valueName\":\"search_term_string\"}}],\"inLanguage\":\"nb-NO\"},{\"@type\":\"Organization\",\"@id\":\"https:\/\/mekulo.com\/no\/#organization\",\"name\":\"Mekulo\",\"url\":\"https:\/\/mekulo.com\/no\/\",\"logo\":{\"@type\":\"ImageObject\",\"inLanguage\":\"nb-NO\",\"@id\":\"https:\/\/mekulo.com\/no\/#\/schema\/logo\/image\/\",\"url\":\"https:\/\/mekulo.com\/no\/wp-content\/uploads\/sites\/10\/2025\/12\/favicon_mekulo.png\",\"contentUrl\":\"https:\/\/mekulo.com\/no\/wp-content\/uploads\/sites\/10\/2025\/12\/favicon_mekulo.png\",\"width\":50,\"height\":50,\"caption\":\"Mekulo\"},\"image\":{\"@id\":\"https:\/\/mekulo.com\/no\/#\/schema\/logo\/image\/\"}}]}<\/script>\n<!-- \/ Yoast SEO plugin. -->","yoast_head_json":{"title":"Beroligende baby s\u00f8vn h\u00e5nd - Mekulo NO","robots":{"index":"index","follow":"follow","max-snippet":"max-snippet:-1","max-image-preview":"max-image-preview:large","max-video-preview":"max-video-preview:-1"},"canonical":"https:\/\/mekulo.com\/no\/produkt\/beroligende-baby-sovn-hand\/","og_locale":"nb_NO","og_type":"article","og_title":"Beroligende baby s\u00f8vn h\u00e5nd - Mekulo NO","og_description":"\ud83d\ude34Sentimental komfort, fredelig s\u00f8vn. \ud83e\udd31Designet for \u00e5 berolige, slappe av og berolige babyen din. \ud83d\udc76Denne beroligende babyh\u00e5nda etterligner den myke, rytmiske bankingen som babyer naturlig forbinder med komfort - noe som bidrar til \u00e5 skape et mer avslappende milj\u00f8 for b\u00e5de baby og foreldre.","og_url":"https:\/\/mekulo.com\/no\/produkt\/beroligende-baby-sovn-hand\/","og_site_name":"Mekulo NO","article_modified_time":"2026-03-24T13:19:23+00:00","og_image":[{"width":1020,"height":1020,"url":"https:\/\/mekulo.com\/no\/wp-content\/uploads\/sites\/10\/2026\/02\/mvavoxy-1.webp","type":"image\/webp"}],"twitter_card":"summary_large_image","twitter_misc":{"Ansl. lesetid":"2 minutter"},"schema":{"@context":"https:\/\/schema.org","@graph":[{"@type":"WebPage","@id":"https:\/\/mekulo.com\/no\/produkt\/beroligende-baby-sovn-hand\/","url":"https:\/\/mekulo.com\/no\/produkt\/beroligende-baby-sovn-hand\/","name":"Beroligende baby s\u00f8vn h\u00e5nd - Mekulo NO","isPartOf":{"@id":"https:\/\/mekulo.com\/no\/#website"},"primaryImageOfPage":{"@id":"https:\/\/mekulo.com\/no\/produkt\/beroligende-baby-sovn-hand\/#primaryimage"},"image":{"@id":"https:\/\/mekulo.com\/no\/produkt\/beroligende-baby-sovn-hand\/#primaryimage"},"thumbnailUrl":"https:\/\/mekulo.com\/no\/wp-content\/uploads\/sites\/10\/2026\/02\/mvavoxy-1.webp","datePublished":"2026-02-26T05:54:44+00:00","dateModified":"2026-03-24T13:19:23+00:00","breadcrumb":{"@id":"https:\/\/mekulo.com\/no\/produkt\/beroligende-baby-sovn-hand\/#breadcrumb"},"inLanguage":"nb-NO","potentialAction":[{"@type":"ReadAction","target":["https:\/\/mekulo.com\/no\/produkt\/beroligende-baby-sovn-hand\/"]}]},{"@type":"ImageObject","inLanguage":"nb-NO","@id":"https:\/\/mekulo.com\/no\/produkt\/beroligende-baby-sovn-hand\/#primaryimage","url":"https:\/\/mekulo.com\/no\/wp-content\/uploads\/sites\/10\/2026\/02\/mvavoxy-1.webp","contentUrl":"https:\/\/mekulo.com\/no\/wp-content\/uploads\/sites\/10\/2026\/02\/mvavoxy-1.webp","width":1020,"height":1020},{"@type":"BreadcrumbList","@id":"https:\/\/mekulo.com\/no\/produkt\/beroligende-baby-sovn-hand\/#breadcrumb","itemListElement":[{"@type":"ListItem","position":1,"name":"Home","item":"https:\/\/mekulo.com\/no\/"},{"@type":"ListItem","position":2,"name":"Butikk","item":"https:\/\/mekulo.com\/no\/butikk\/"},{"@type":"ListItem","position":3,"name":"Beroligende baby s\u00f8vn h\u00e5nd"}]},{"@type":"WebSite","@id":"https:\/\/mekulo.com\/no\/#website","url":"https:\/\/mekulo.com\/no\/","name":"Mekulo NO","description":"","publisher":{"@id":"https:\/\/mekulo.com\/no\/#organization"},"potentialAction":[{"@type":"SearchAction","target":{"@type":"EntryPoint","urlTemplate":"https:\/\/mekulo.com\/no\/?s={search_term_string}"},"query-input":{"@type":"PropertyValueSpecification","valueRequired":true,"valueName":"search_term_string"}}],"inLanguage":"nb-NO"},{"@type":"Organization","@id":"https:\/\/mekulo.com\/no\/#organization","name":"Mekulo","url":"https:\/\/mekulo.com\/no\/","logo":{"@type":"ImageObject","inLanguage":"nb-NO","@id":"https:\/\/mekulo.com\/no\/#\/schema\/logo\/image\/","url":"https:\/\/mekulo.com\/no\/wp-content\/uploads\/sites\/10\/2025\/12\/favicon_mekulo.png","contentUrl":"https:\/\/mekulo.com\/no\/wp-content\/uploads\/sites\/10\/2025\/12\/favicon_mekulo.png","width":50,"height":50,"caption":"Mekulo"},"image":{"@id":"https:\/\/mekulo.com\/no\/#\/schema\/logo\/image\/"}}]}},"_links":{"self":[{"href":"https:\/\/mekulo.com\/no\/wp-json\/wp\/v2\/product\/24845","targetHints":{"allow":["GET"]}}],"collection":[{"href":"https:\/\/mekulo.com\/no\/wp-json\/wp\/v2\/product"}],"about":[{"href":"https:\/\/mekulo.com\/no\/wp-json\/wp\/v2\/types\/product"}],"replies":[{"embeddable":true,"href":"https:\/\/mekulo.com\/no\/wp-json\/wp\/v2\/comments?post=24845"}],"wp:featuredmedia":[{"embeddable":true,"href":"https:\/\/mekulo.com\/no\/wp-json\/wp\/v2\/media\/24841"}],"wp:attachment":[{"href":"https:\/\/mekulo.com\/no\/wp-json\/wp\/v2\/media?parent=24845"}],"wp:term":[{"taxonomy":"product_brand","embeddable":true,"href":"https:\/\/mekulo.com\/no\/wp-json\/wp\/v2\/product_brand?post=24845"},{"taxonomy":"product_cat","embeddable":true,"href":"https:\/\/mekulo.com\/no\/wp-json\/wp\/v2\/product_cat?post=24845"},{"taxonomy":"product_tag","embeddable":true,"href":"https:\/\/mekulo.com\/no\/wp-json\/wp\/v2\/product_tag?post=24845"}],"curies":[{"name":"wp","href":"https:\/\/api.w.org\/{rel}","templated":true}]}}